{"id":8322,"date":"2025-11-11T11:03:46","date_gmt":"2025-11-11T10:03:46","guid":{"rendered":"https:\/\/www.mivam.com\/?post_type=product&#038;p=8322"},"modified":"2025-11-11T11:03:46","modified_gmt":"2025-11-11T10:03:46","slug":"dinamometer-jamar-smart","status":"publish","type":"product","link":"https:\/\/www.mivam.com\/en\/izdelek\/dinamometer-jamar-smart\/","title":{"rendered":"Dinamometer JAMAR &#8211; SMART"},"content":{"rendered":"<div class=\"wpb-content-wrapper\"><p>[vc_row][vc_column][vc_column_text]<strong>Digitalni ro\u010dni dinamometri za merjenje mo\u010di oprijema<\/strong><\/p>\n<p>Jamar Smart ro\u010dni dinamometri zagotavljajo natan\u010dnej\u0161e meritve kot konkuren\u010dni ro\u010dni dinamometri, izdelani s hidravli\u010dnimi sistemi. Zasnovani so z vezjem in elektronskimi senzorji obremenitve, ki odpravljajo potrebo po notranjih gibljivih delih. Z Jamar Smart imajo uporabniki mo\u017enost pridobiti bolj\u0161e\/natan\u010dne analize z brezpla\u010dno aplikacijo, na pametnem telefonu.<\/p>\n<p>POVPRE\u010cNO, STANDARDNO ODSTOPANJE IN KOEFICIJENT VARIACIJE se izra\u010dunajo samodejno. Preizkusi hitre izmenjave iz roke v roko se izra\u010dunajo lo\u010deno za vsako roko. Posamezne testne meritve in vse izra\u010dune je mogo\u010de ve\u010dkrat pregledati. Zaslon prikazuje, katera meritev je prikazana, da se zmanj\u0161a mo\u017enost napak.<\/p>\n<p><strong>Dodatne funkcije pametnega ro\u010dnega dinamometra Jamar<\/strong><\/p>\n<p>Digitalni ro\u010dni dinamometer Jamar poganja AAA baterije s sistemom samodejnega izklopa za optimalno var\u010devanje z energijo. Ima zvo\u010dne signale za la\u017ejo uporabo med testi in jasen LCD zaslon, ki prikazuje rezultate v pounds ali kilogramih. Naprava ima mo\u010dno ohi\u0161je za ve\u010dkratno uporabo, primerno za potovanje in zagotavlja optimalno za\u0161\u010dito med uporabo.<\/p>\n<p><strong>Aplikacija Jamar Smart Tablet<\/strong><\/p>\n<p>Jamar Smart je mogo\u010de uporabiti z aplikacijo Jamar Smart za podrobnej\u0161i prikaz preskusov in rezultatov. Brezpla\u010dna aplikacija omogo\u010da uporabnikom, da prilagodijo \u0161tevilo ponovitev, ozna\u010dijo pozicioniranje, se odlo\u010dijo, katero roko in polo\u017eaj bodo preizkusili ter rezultate primerjajo s povpre\u010dji. Aplikacija omogo\u010da dodatne funkcije, vklju\u010dno z mo\u017enostjo shranjevanja in ponovitve testov z enakimi parametri, shranjevanja profilov pacientov, grafi\u010dnih rezultatov, shranjevanja rezultatov kot PDF-jev in izvedbe 5-polo\u017eajnega oprijema, trajnega oprijema in hitrih izmenjalnih testov.<\/p>\n<p>Jamar\u00ae Smart, digitalni ro\u010dni dinamometer je prvi elektronski dinamometer, ki deluje brez\u017ei\u010dno z mobilno aplikacijo. Jamar Smart aplikacija, ki si jo nalo\u017eite brezpla\u010dno, omogo\u010da uporabo dinamometra z iPad tablico (iPad Air, iPad Mini ali iPad verzija 3 ali kasnej\u0161a). Parametri aplikacije omogo\u010dajo hiter in nadgrajen vpogled v evaluacijo meritvenih rezultatov, ki jih je mogo\u010de hitro ponoviti, spreminjati in shranjevati.<\/p>\n<p>Brezpla\u010dna aplikacija s standardnim testom stiska vklju\u010duje:<\/p>\n<ul>\n<li>nastavitev ponovitev od 1 do 5<\/li>\n<li>dolo\u010ditev rok\/-e za testiranje (leva, desna)<\/li>\n<li>bele\u017eenje pozicije stiska na dinamometru<\/li>\n<li>omogo\u010da preprosto ponovitev stiska<\/li>\n<li>takoj\u0161en prikaz rezultata<\/li>\n<li>izra\u010dun povpre\u010dja, standardnih odstopanj ter koeficienta odstopanja<\/li>\n<li>primerjava rezultatov glede na normativ za spol in starost pacienta<\/li>\n<li>Jamar Smart, digitalni ro\u010dni dinamometer ima namesto hidravli\u010dnega sistema elektronske senzorje, zanesljivost in obstojnost pa je dodano pove\u010dana zaradi manj\u0161ega \u0161tevila premi\u010dnih komponent znotraj in\u0161trumenta. Ogrodje je izdelano iz aluminija, odpornega na praske ter UV \u017earke. Prikazovalnik bele\u017ei stisk od 0 do 90 kg.<\/li>\n<\/ul>\n<p>Pri uporabi JAMAR Smart, digitalnega ro\u010dnega dinamometra je dodatno mogo\u010de nalo\u017eiti tudi naslednje aplikacije:<\/p>\n<ul>\n<li>shranitev pacientovega imena in EM\u0160O, spola ter starosti<\/li>\n<li>shranitev zgodovine ter hitro ponovitev testiranja z enakimi parametri<\/li>\n<li>dodatni test: hitra menjava, stisk v 5 pozicijah, zadr\u017ean stisk<\/li>\n<li>bele\u017eenje slednjih dveh testov v obliki grafa za la\u017ejo interpretacijo<\/li>\n<li>izvoz rezultatov v PDF obliki<\/li>\n<\/ul>\n<p>[\/vc_column_text][\/vc_column][\/vc_row]<\/p>\n<\/div>","protected":false},"excerpt":{"rendered":"<p>Tehni\u010dne specifikacije:<\/p>\n<ul>\n<li>Digitalni ro\u010dni dinamometer, ki zagotavlja natan\u010dne preglede mo\u010di roke in oprijema z rezultati na LCD zaslonu<\/li>\n<li>Mo\u017enost brezpla\u010dne mobilne aplikacije &#8211; povezava<\/li>\n<li>Jamar Smart ima samodejni prikaz povpre\u010dja, standardnega odklona in izra\u010duna koeficienta variacije na LCD zaslonu<\/li>\n<li>Izdelano iz mo\u010dnega aluminijastega ohi\u0161ja in prevleke, odporne proti praskam, za dalj\u0161o obstojnost<\/li>\n<li>Enota omogo\u010da merjenje od 0 do 90 kg. (200 lbs).<\/li>\n<li>V komplet sta vklju\u010deni dve AAA bateriji in kov\u010dek za shranjevanje.<\/li>\n<li>Te\u017eek 2kg<\/li>\n<\/ul>\n<p>Aplikacija:<\/p>\n<p><a href=\"https:\/\/play.google.com\/store\/apps\/details?id=com.cognatus.jamarpro\">https:\/\/play.google.com\/store\/apps\/details?id=com.cognatus.jamarpro<\/a> &#8211; android<\/p>\n<p><a href=\"https:\/\/apps.apple.com\/au\/app\/jamar-v2\/id1447248773\">https:\/\/apps.apple.com\/au\/app\/jamar-v2\/id1447248773<\/a> &#8211; ios<\/p>\n","protected":false},"featured_media":8323,"comment_status":"closed","ping_status":"closed","template":"","meta":[],"product_brand":[],"product_cat":[225,61],"product_tag":[912,742,917,747,570,916,746],"class_list":{"0":"post-8322","1":"product","2":"type-product","3":"status-publish","4":"has-post-thumbnail","6":"product_cat-rehabilitacija","7":"product_cat-pripomocki-za-testiranje","8":"product_tag-digitalni-dinamometer","9":"product_tag-dinamometer","10":"product_tag-jamar-digitalni-jamar","11":"product_tag-performance","12":"product_tag-performance-health","13":"product_tag-pripomocek-za-testiranje","14":"product_tag-rocni-dinamometer","16":"first","17":"instock","18":"taxable","19":"shipping-taxable","20":"product-type-simple"},"yoast_head":"<!-- This site is optimized with the Yoast SEO plugin v24.0 - https:\/\/yoast.com\/wordpress\/plugins\/seo\/ -->\n<title>Dinamometer JAMAR - SMART - Mi Vam<\/title>\n<meta name=\"description\" content=\"Tehni\u010dne specifikacije:   Digitalni ro\u010dni dinamometer, ki zagotavlja natan\u010dne preglede mo\u010di roke in oprijema z rezultati na LCD zaslonu  Mo\u017enost brezpla\u010dne mobilne aplikacije - povezava  Jamar Smart ima samodejni prikaz povpre\u010dja, standardnega odklona in izra\u010duna koeficienta variacije na LCD zaslonu  Izdelano iz mo\u010dnega aluminijastega ohi\u0161ja in prevleke, odporne proti praskam, za dalj\u0161o obstojnost  Enota omogo\u010da merjenje od 0 do 90 kg. (200 lbs).  V komplet sta vklju\u010deni dve AAA bateriji in kov\u010dek za shranjevanje.  Te\u017eek 2kg  Aplikacija:  https:\/\/play.google.com\/store\/apps\/details?id=com.cognatus.jamarpro - android  https:\/\/apps.apple.com\/au\/app\/jamar-v2\/id1447248773 - ios\" \/>\n<meta name=\"robots\" content=\"index, follow, max-snippet:-1, max-image-preview:large, max-video-preview:-1\" \/>\n<link rel=\"canonical\" href=\"https:\/\/www.mivam.com\/izdelek\/dinamometer-jamar-smart\/\" \/>\n<meta property=\"og:locale\" content=\"en_US\" \/>\n<meta property=\"og:type\" content=\"article\" \/>\n<meta property=\"og:title\" content=\"Dinamometer JAMAR - SMART - Mi Vam\" \/>\n<meta property=\"og:description\" content=\"Tehni\u010dne specifikacije:   Digitalni ro\u010dni dinamometer, ki zagotavlja natan\u010dne preglede mo\u010di roke in oprijema z rezultati na LCD zaslonu  Mo\u017enost brezpla\u010dne mobilne aplikacije - povezava  Jamar Smart ima samodejni prikaz povpre\u010dja, standardnega odklona in izra\u010duna koeficienta variacije na LCD zaslonu  Izdelano iz mo\u010dnega aluminijastega ohi\u0161ja in prevleke, odporne proti praskam, za dalj\u0161o obstojnost  Enota omogo\u010da merjenje od 0 do 90 kg. (200 lbs).  V komplet sta vklju\u010deni dve AAA bateriji in kov\u010dek za shranjevanje.  Te\u017eek 2kg  Aplikacija:  https:\/\/play.google.com\/store\/apps\/details?id=com.cognatus.jamarpro - android  https:\/\/apps.apple.com\/au\/app\/jamar-v2\/id1447248773 - ios\" \/>\n<meta property=\"og:url\" content=\"https:\/\/www.mivam.com\/izdelek\/dinamometer-jamar-smart\/\" \/>\n<meta property=\"og:site_name\" content=\"Mi Vam\" \/>\n<meta property=\"og:image\" content=\"https:\/\/www.mivam.com\/wp-content\/uploads\/2025\/11\/jamar_smart_image.webp\" \/>\n\t<meta property=\"og:image:width\" content=\"700\" \/>\n\t<meta property=\"og:image:height\" content=\"700\" \/>\n\t<meta property=\"og:image:type\" content=\"image\/webp\" \/>\n<meta name=\"twitter:card\" content=\"summary_large_image\" \/>\n<meta name=\"twitter:label1\" content=\"Est. reading time\" \/>\n\t<meta name=\"twitter:data1\" content=\"3 minutes\" \/>\n<script type=\"application\/ld+json\" class=\"yoast-schema-graph\">{\"@context\":\"https:\/\/schema.org\",\"@graph\":[{\"@type\":\"WebPage\",\"@id\":\"https:\/\/www.mivam.com\/izdelek\/dinamometer-jamar-smart\/\",\"url\":\"https:\/\/www.mivam.com\/izdelek\/dinamometer-jamar-smart\/\",\"name\":\"Dinamometer JAMAR - SMART - Mi Vam\",\"isPartOf\":{\"@id\":\"https:\/\/www.mivam.com\/#website\"},\"primaryImageOfPage\":{\"@id\":\"https:\/\/www.mivam.com\/izdelek\/dinamometer-jamar-smart\/#primaryimage\"},\"image\":{\"@id\":\"https:\/\/www.mivam.com\/izdelek\/dinamometer-jamar-smart\/#primaryimage\"},\"thumbnailUrl\":\"https:\/\/www.mivam.com\/wp-content\/uploads\/2025\/11\/jamar_smart_image.webp\",\"datePublished\":\"2025-11-11T10:03:46+00:00\",\"dateModified\":\"2025-11-11T10:03:46+00:00\",\"description\":\"Tehni\u010dne specifikacije: Digitalni ro\u010dni dinamometer, ki zagotavlja natan\u010dne preglede mo\u010di roke in oprijema z rezultati na LCD zaslonu Mo\u017enost brezpla\u010dne mobilne aplikacije - povezava Jamar Smart ima samodejni prikaz povpre\u010dja, standardnega odklona in izra\u010duna koeficienta variacije na LCD zaslonu Izdelano iz mo\u010dnega aluminijastega ohi\u0161ja in prevleke, odporne proti praskam, za dalj\u0161o obstojnost Enota omogo\u010da merjenje od 0 do 90 kg. (200 lbs). V komplet sta vklju\u010deni dve AAA bateriji in kov\u010dek za shranjevanje. Te\u017eek 2kg Aplikacija: https:\/\/play.google.com\/store\/apps\/details?id=com.cognatus.jamarpro - android https:\/\/apps.apple.com\/au\/app\/jamar-v2\/id1447248773 - ios\",\"breadcrumb\":{\"@id\":\"https:\/\/www.mivam.com\/izdelek\/dinamometer-jamar-smart\/#breadcrumb\"},\"inLanguage\":\"en-US\",\"potentialAction\":[{\"@type\":\"ReadAction\",\"target\":[\"https:\/\/www.mivam.com\/izdelek\/dinamometer-jamar-smart\/\"]}]},{\"@type\":\"ImageObject\",\"inLanguage\":\"en-US\",\"@id\":\"https:\/\/www.mivam.com\/izdelek\/dinamometer-jamar-smart\/#primaryimage\",\"url\":\"https:\/\/www.mivam.com\/wp-content\/uploads\/2025\/11\/jamar_smart_image.webp\",\"contentUrl\":\"https:\/\/www.mivam.com\/wp-content\/uploads\/2025\/11\/jamar_smart_image.webp\",\"width\":700,\"height\":700},{\"@type\":\"BreadcrumbList\",\"@id\":\"https:\/\/www.mivam.com\/izdelek\/dinamometer-jamar-smart\/#breadcrumb\",\"itemListElement\":[{\"@type\":\"ListItem\",\"position\":1,\"name\":\"Domov\",\"item\":\"https:\/\/www.mivam.com\/\"},{\"@type\":\"ListItem\",\"position\":2,\"name\":\"Shop\",\"item\":\"https:\/\/www.mivam.com\/en\/shop\/\"},{\"@type\":\"ListItem\",\"position\":3,\"name\":\"Rehabilitacija\",\"item\":\"https:\/\/www.mivam.com\/kategorija-izdelka\/rehabilitacija\/\"},{\"@type\":\"ListItem\",\"position\":4,\"name\":\"Dinamometer JAMAR &#8211; SMART\"}]},{\"@type\":\"WebSite\",\"@id\":\"https:\/\/www.mivam.com\/#website\",\"url\":\"https:\/\/www.mivam.com\/\",\"name\":\"Mi Vam\",\"description\":\"Medicinski pripomo\u010dki in re\u0161itve za manj odvisno \u017eivljenje.\",\"potentialAction\":[{\"@type\":\"SearchAction\",\"target\":{\"@type\":\"EntryPoint\",\"urlTemplate\":\"https:\/\/www.mivam.com\/?s={search_term_string}\"},\"query-input\":{\"@type\":\"PropertyValueSpecification\",\"valueRequired\":true,\"valueName\":\"search_term_string\"}}],\"inLanguage\":\"en-US\"}]}<\/script>\n<!-- \/ Yoast SEO plugin. -->","yoast_head_json":{"title":"Dinamometer JAMAR - SMART - Mi Vam","description":"Tehni\u010dne specifikacije:   Digitalni ro\u010dni dinamometer, ki zagotavlja natan\u010dne preglede mo\u010di roke in oprijema z rezultati na LCD zaslonu  Mo\u017enost brezpla\u010dne mobilne aplikacije - povezava  Jamar Smart ima samodejni prikaz povpre\u010dja, standardnega odklona in izra\u010duna koeficienta variacije na LCD zaslonu  Izdelano iz mo\u010dnega aluminijastega ohi\u0161ja in prevleke, odporne proti praskam, za dalj\u0161o obstojnost  Enota omogo\u010da merjenje od 0 do 90 kg. (200 lbs).  V komplet sta vklju\u010deni dve AAA bateriji in kov\u010dek za shranjevanje.  Te\u017eek 2kg  Aplikacija:  https:\/\/play.google.com\/store\/apps\/details?id=com.cognatus.jamarpro - android  https:\/\/apps.apple.com\/au\/app\/jamar-v2\/id1447248773 - ios","robots":{"index":"index","follow":"follow","max-snippet":"max-snippet:-1","max-image-preview":"max-image-preview:large","max-video-preview":"max-video-preview:-1"},"canonical":"https:\/\/www.mivam.com\/izdelek\/dinamometer-jamar-smart\/","og_locale":"en_US","og_type":"article","og_title":"Dinamometer JAMAR - SMART - Mi Vam","og_description":"Tehni\u010dne specifikacije:   Digitalni ro\u010dni dinamometer, ki zagotavlja natan\u010dne preglede mo\u010di roke in oprijema z rezultati na LCD zaslonu  Mo\u017enost brezpla\u010dne mobilne aplikacije - povezava  Jamar Smart ima samodejni prikaz povpre\u010dja, standardnega odklona in izra\u010duna koeficienta variacije na LCD zaslonu  Izdelano iz mo\u010dnega aluminijastega ohi\u0161ja in prevleke, odporne proti praskam, za dalj\u0161o obstojnost  Enota omogo\u010da merjenje od 0 do 90 kg. (200 lbs).  V komplet sta vklju\u010deni dve AAA bateriji in kov\u010dek za shranjevanje.  Te\u017eek 2kg  Aplikacija:  https:\/\/play.google.com\/store\/apps\/details?id=com.cognatus.jamarpro - android  https:\/\/apps.apple.com\/au\/app\/jamar-v2\/id1447248773 - ios","og_url":"https:\/\/www.mivam.com\/izdelek\/dinamometer-jamar-smart\/","og_site_name":"Mi Vam","og_image":[{"width":700,"height":700,"url":"https:\/\/www.mivam.com\/wp-content\/uploads\/2025\/11\/jamar_smart_image.webp","type":"image\/webp"}],"twitter_card":"summary_large_image","twitter_misc":{"Est. reading time":"3 minutes"},"schema":{"@context":"https:\/\/schema.org","@graph":[{"@type":"WebPage","@id":"https:\/\/www.mivam.com\/izdelek\/dinamometer-jamar-smart\/","url":"https:\/\/www.mivam.com\/izdelek\/dinamometer-jamar-smart\/","name":"Dinamometer JAMAR - SMART - Mi Vam","isPartOf":{"@id":"https:\/\/www.mivam.com\/#website"},"primaryImageOfPage":{"@id":"https:\/\/www.mivam.com\/izdelek\/dinamometer-jamar-smart\/#primaryimage"},"image":{"@id":"https:\/\/www.mivam.com\/izdelek\/dinamometer-jamar-smart\/#primaryimage"},"thumbnailUrl":"https:\/\/www.mivam.com\/wp-content\/uploads\/2025\/11\/jamar_smart_image.webp","datePublished":"2025-11-11T10:03:46+00:00","dateModified":"2025-11-11T10:03:46+00:00","description":"Tehni\u010dne specifikacije: Digitalni ro\u010dni dinamometer, ki zagotavlja natan\u010dne preglede mo\u010di roke in oprijema z rezultati na LCD zaslonu Mo\u017enost brezpla\u010dne mobilne aplikacije - povezava Jamar Smart ima samodejni prikaz povpre\u010dja, standardnega odklona in izra\u010duna koeficienta variacije na LCD zaslonu Izdelano iz mo\u010dnega aluminijastega ohi\u0161ja in prevleke, odporne proti praskam, za dalj\u0161o obstojnost Enota omogo\u010da merjenje od 0 do 90 kg. (200 lbs). V komplet sta vklju\u010deni dve AAA bateriji in kov\u010dek za shranjevanje. Te\u017eek 2kg Aplikacija: https:\/\/play.google.com\/store\/apps\/details?id=com.cognatus.jamarpro - android https:\/\/apps.apple.com\/au\/app\/jamar-v2\/id1447248773 - ios","breadcrumb":{"@id":"https:\/\/www.mivam.com\/izdelek\/dinamometer-jamar-smart\/#breadcrumb"},"inLanguage":"en-US","potentialAction":[{"@type":"ReadAction","target":["https:\/\/www.mivam.com\/izdelek\/dinamometer-jamar-smart\/"]}]},{"@type":"ImageObject","inLanguage":"en-US","@id":"https:\/\/www.mivam.com\/izdelek\/dinamometer-jamar-smart\/#primaryimage","url":"https:\/\/www.mivam.com\/wp-content\/uploads\/2025\/11\/jamar_smart_image.webp","contentUrl":"https:\/\/www.mivam.com\/wp-content\/uploads\/2025\/11\/jamar_smart_image.webp","width":700,"height":700},{"@type":"BreadcrumbList","@id":"https:\/\/www.mivam.com\/izdelek\/dinamometer-jamar-smart\/#breadcrumb","itemListElement":[{"@type":"ListItem","position":1,"name":"Domov","item":"https:\/\/www.mivam.com\/"},{"@type":"ListItem","position":2,"name":"Shop","item":"https:\/\/www.mivam.com\/en\/shop\/"},{"@type":"ListItem","position":3,"name":"Rehabilitacija","item":"https:\/\/www.mivam.com\/kategorija-izdelka\/rehabilitacija\/"},{"@type":"ListItem","position":4,"name":"Dinamometer JAMAR &#8211; SMART"}]},{"@type":"WebSite","@id":"https:\/\/www.mivam.com\/#website","url":"https:\/\/www.mivam.com\/","name":"Mi Vam","description":"Medicinski pripomo\u010dki in re\u0161itve za manj odvisno \u017eivljenje.","potentialAction":[{"@type":"SearchAction","target":{"@type":"EntryPoint","urlTemplate":"https:\/\/www.mivam.com\/?s={search_term_string}"},"query-input":{"@type":"PropertyValueSpecification","valueRequired":true,"valueName":"search_term_string"}}],"inLanguage":"en-US"}]}},"_links":{"self":[{"href":"https:\/\/www.mivam.com\/en\/wp-json\/wp\/v2\/product\/8322","targetHints":{"allow":["GET"]}}],"collection":[{"href":"https:\/\/www.mivam.com\/en\/wp-json\/wp\/v2\/product"}],"about":[{"href":"https:\/\/www.mivam.com\/en\/wp-json\/wp\/v2\/types\/product"}],"replies":[{"embeddable":true,"href":"https:\/\/www.mivam.com\/en\/wp-json\/wp\/v2\/comments?post=8322"}],"wp:featuredmedia":[{"embeddable":true,"href":"https:\/\/www.mivam.com\/en\/wp-json\/wp\/v2\/media\/8323"}],"wp:attachment":[{"href":"https:\/\/www.mivam.com\/en\/wp-json\/wp\/v2\/media?parent=8322"}],"wp:term":[{"taxonomy":"product_brand","embeddable":true,"href":"https:\/\/www.mivam.com\/en\/wp-json\/wp\/v2\/product_brand?post=8322"},{"taxonomy":"product_cat","embeddable":true,"href":"https:\/\/www.mivam.com\/en\/wp-json\/wp\/v2\/product_cat?post=8322"},{"taxonomy":"product_tag","embeddable":true,"href":"https:\/\/www.mivam.com\/en\/wp-json\/wp\/v2\/product_tag?post=8322"}],"curies":[{"name":"wp","href":"https:\/\/api.w.org\/{rel}","templated":true}]}}