{"id":8313,"date":"2025-11-11T10:50:49","date_gmt":"2025-11-11T09:50:49","guid":{"rendered":"https:\/\/www.mivam.com\/?post_type=product&#038;p=8313"},"modified":"2025-11-11T10:50:49","modified_gmt":"2025-11-11T09:50:49","slug":"dinamometer-jamar-plus","status":"publish","type":"product","link":"https:\/\/www.mivam.com\/en\/izdelek\/dinamometer-jamar-plus\/","title":{"rendered":"Dinamometer JAMAR &#8211; PLUS+"},"content":{"rendered":"<div class=\"wpb-content-wrapper\"><p>[vc_row][vc_column][vc_column_text]<u>Zakaj potrebujete digitalni ro\u010dni dinamometer<\/u><\/p>\n<p>Ro\u010dni dinamometri vam omogo\u010dajo enostavno merjenje mo\u010di pacientovega prijema. Digitalni ro\u010dni dinamometer Jamar Plus+ zagotavlja izbolj\u0161ano natan\u010dnost pri merjenju izbolj\u0161av mo\u010di in ima lahko berljiv zaslon za la\u017ejo nego pacientov. PT, OT in CHT omogo\u010da enostaven na\u010din spremljanja in dokumentiranja bolnikovega napredka.<\/p>\n<p><u>Prednosti uporabe digitalnega ro\u010dnega dinamometra<\/u><\/p>\n<p>\u010ce \u017ee imate hidravli\u010dni ro\u010dni dinamometer, se verjetno spra\u0161ujete o prednostih nadgradnje na digitalni dinamometer. Obstaja ve\u010d prednosti, vklju\u010dno z natan\u010dnej\u0161imi meritvami mo\u010di oprijema. Digitalni ro\u010dni dinamometer Jamar ima elektronske tehtalne celice, ki pove\u010dajo natan\u010dnost pri merjenju mo\u010di prijema. Digitalni ro\u010dni dinamometer odpravlja tudi napake pri matemati\u010dnih izra\u010dunih, tako da namesto vas samodejno izra\u010duna statistiko, kot so povpre\u010dje, standardna deviacija in koeficient variacije. Poleg tega brez hidravlike ni potrebe po skrbi zaradi pu\u0161\u010danja olja. Nadgradite svoja orodja za ocenjevanje z digitalnim ro\u010dnim dinamometrom Jamar Plus+.<\/p>\n<p><u>La\u017eja uporaba za zdravnike\/terapevte in bolnike<\/u><\/p>\n<p>Ta digitalni ro\u010dni dinamometer ima jasen in lahko berljiv zaslon LCD. Samodejni izra\u010duni prihranijo \u010das, tako da se lahko osredoto\u010dite na svoje bolnike. Hitro izmerite spremembe kot rezultat va\u0161e terapije in pacientovega terapevtskega dela doma. Prilagodite ro\u010daj v enega od petih razli\u010dnih polo\u017eajev, da se prilega roki vsakega uporabnika. Digitalni ro\u010dni dinamometer Jamar omogo\u010da preprosto testiranje mo\u010di.[\/vc_column_text][\/vc_column][\/vc_row]<\/p>\n<\/div>","protected":false},"excerpt":{"rendered":"<p>Tehni\u010dne specifikacije:<\/p>\n<ul>\n<li>Idealno za PT, OT in CHT, ki spremljajo napredovanje pacientovega prijema<\/li>\n<li>Meri in prikazuje izometri\u010dno mo\u010d prijema od 0 do 90 kg (200 lbs)<\/li>\n<li>Tehnologija digitalne merilne celice odpravlja ra\u010dunske napake<\/li>\n<\/ul>\n","protected":false},"featured_media":8314,"comment_status":"closed","ping_status":"closed","template":"","meta":[],"product_brand":[],"product_cat":[225,61],"product_tag":[911,912,913,742,103,914,747,570,916,637,915],"class_list":{"0":"post-8313","1":"product","2":"type-product","3":"status-publish","4":"has-post-thumbnail","6":"product_cat-rehabilitacija","7":"product_cat-pripomocki-za-testiranje","8":"product_tag-digitalni","9":"product_tag-digitalni-dinamometer","10":"product_tag-digitalni-jamar","11":"product_tag-dinamometer","12":"product_tag-jamar","13":"product_tag-moc-roke","14":"product_tag-performance","15":"product_tag-performance-health","16":"product_tag-pripomocek-za-testiranje","17":"product_tag-roke","18":"product_tag-testiranje","20":"first","21":"instock","22":"taxable","23":"shipping-taxable","24":"product-type-simple"},"yoast_head":"<!-- This site is optimized with the Yoast SEO plugin v24.0 - https:\/\/yoast.com\/wordpress\/plugins\/seo\/ -->\n<title>Dinamometer JAMAR - PLUS+ - Mi Vam<\/title>\n<meta name=\"description\" content=\"Tehni\u010dne specifikacije:   Idealno za PT, OT in CHT, ki spremljajo napredovanje pacientovega prijema  Meri in prikazuje izometri\u010dno mo\u010d prijema od 0 do 90 kg (200 lbs)  Tehnologija digitalne merilne celice odpravlja ra\u010dunske napake\" \/>\n<meta name=\"robots\" content=\"index, follow, max-snippet:-1, max-image-preview:large, max-video-preview:-1\" \/>\n<link rel=\"canonical\" href=\"https:\/\/www.mivam.com\/izdelek\/dinamometer-jamar-plus\/\" \/>\n<meta property=\"og:locale\" content=\"en_US\" \/>\n<meta property=\"og:type\" content=\"article\" \/>\n<meta property=\"og:title\" content=\"Dinamometer JAMAR - PLUS+ - Mi Vam\" \/>\n<meta property=\"og:description\" content=\"Tehni\u010dne specifikacije:   Idealno za PT, OT in CHT, ki spremljajo napredovanje pacientovega prijema  Meri in prikazuje izometri\u010dno mo\u010d prijema od 0 do 90 kg (200 lbs)  Tehnologija digitalne merilne celice odpravlja ra\u010dunske napake\" \/>\n<meta property=\"og:url\" content=\"https:\/\/www.mivam.com\/izdelek\/dinamometer-jamar-plus\/\" \/>\n<meta property=\"og:site_name\" content=\"Mi Vam\" \/>\n<meta property=\"og:image\" content=\"https:\/\/www.mivam.com\/wp-content\/uploads\/2025\/11\/1000_x_1000_jpg-081406453_jamar_plus_digital_hand_dynamometer.webp\" \/>\n\t<meta property=\"og:image:width\" content=\"700\" \/>\n\t<meta property=\"og:image:height\" content=\"700\" \/>\n\t<meta property=\"og:image:type\" content=\"image\/webp\" \/>\n<meta name=\"twitter:card\" content=\"summary_large_image\" \/>\n<meta name=\"twitter:label1\" content=\"Est. reading time\" \/>\n\t<meta name=\"twitter:data1\" content=\"2 minutes\" \/>\n<script type=\"application\/ld+json\" class=\"yoast-schema-graph\">{\"@context\":\"https:\/\/schema.org\",\"@graph\":[{\"@type\":\"WebPage\",\"@id\":\"https:\/\/www.mivam.com\/izdelek\/dinamometer-jamar-plus\/\",\"url\":\"https:\/\/www.mivam.com\/izdelek\/dinamometer-jamar-plus\/\",\"name\":\"Dinamometer JAMAR - PLUS+ - Mi Vam\",\"isPartOf\":{\"@id\":\"https:\/\/www.mivam.com\/#website\"},\"primaryImageOfPage\":{\"@id\":\"https:\/\/www.mivam.com\/izdelek\/dinamometer-jamar-plus\/#primaryimage\"},\"image\":{\"@id\":\"https:\/\/www.mivam.com\/izdelek\/dinamometer-jamar-plus\/#primaryimage\"},\"thumbnailUrl\":\"https:\/\/www.mivam.com\/wp-content\/uploads\/2025\/11\/1000_x_1000_jpg-081406453_jamar_plus_digital_hand_dynamometer.webp\",\"datePublished\":\"2025-11-11T09:50:49+00:00\",\"dateModified\":\"2025-11-11T09:50:49+00:00\",\"description\":\"Tehni\u010dne specifikacije: Idealno za PT, OT in CHT, ki spremljajo napredovanje pacientovega prijema Meri in prikazuje izometri\u010dno mo\u010d prijema od 0 do 90 kg (200 lbs) Tehnologija digitalne merilne celice odpravlja ra\u010dunske napake\",\"breadcrumb\":{\"@id\":\"https:\/\/www.mivam.com\/izdelek\/dinamometer-jamar-plus\/#breadcrumb\"},\"inLanguage\":\"en-US\",\"potentialAction\":[{\"@type\":\"ReadAction\",\"target\":[\"https:\/\/www.mivam.com\/izdelek\/dinamometer-jamar-plus\/\"]}]},{\"@type\":\"ImageObject\",\"inLanguage\":\"en-US\",\"@id\":\"https:\/\/www.mivam.com\/izdelek\/dinamometer-jamar-plus\/#primaryimage\",\"url\":\"https:\/\/www.mivam.com\/wp-content\/uploads\/2025\/11\/1000_x_1000_jpg-081406453_jamar_plus_digital_hand_dynamometer.webp\",\"contentUrl\":\"https:\/\/www.mivam.com\/wp-content\/uploads\/2025\/11\/1000_x_1000_jpg-081406453_jamar_plus_digital_hand_dynamometer.webp\",\"width\":700,\"height\":700},{\"@type\":\"BreadcrumbList\",\"@id\":\"https:\/\/www.mivam.com\/izdelek\/dinamometer-jamar-plus\/#breadcrumb\",\"itemListElement\":[{\"@type\":\"ListItem\",\"position\":1,\"name\":\"Domov\",\"item\":\"https:\/\/www.mivam.com\/\"},{\"@type\":\"ListItem\",\"position\":2,\"name\":\"Shop\",\"item\":\"https:\/\/www.mivam.com\/en\/shop\/\"},{\"@type\":\"ListItem\",\"position\":3,\"name\":\"Rehabilitacija\",\"item\":\"https:\/\/www.mivam.com\/kategorija-izdelka\/rehabilitacija\/\"},{\"@type\":\"ListItem\",\"position\":4,\"name\":\"Dinamometer JAMAR &#8211; PLUS+\"}]},{\"@type\":\"WebSite\",\"@id\":\"https:\/\/www.mivam.com\/#website\",\"url\":\"https:\/\/www.mivam.com\/\",\"name\":\"Mi Vam\",\"description\":\"Medicinski pripomo\u010dki in re\u0161itve za manj odvisno \u017eivljenje.\",\"potentialAction\":[{\"@type\":\"SearchAction\",\"target\":{\"@type\":\"EntryPoint\",\"urlTemplate\":\"https:\/\/www.mivam.com\/?s={search_term_string}\"},\"query-input\":{\"@type\":\"PropertyValueSpecification\",\"valueRequired\":true,\"valueName\":\"search_term_string\"}}],\"inLanguage\":\"en-US\"}]}<\/script>\n<!-- \/ Yoast SEO plugin. -->","yoast_head_json":{"title":"Dinamometer JAMAR - PLUS+ - Mi Vam","description":"Tehni\u010dne specifikacije:   Idealno za PT, OT in CHT, ki spremljajo napredovanje pacientovega prijema  Meri in prikazuje izometri\u010dno mo\u010d prijema od 0 do 90 kg (200 lbs)  Tehnologija digitalne merilne celice odpravlja ra\u010dunske napake","robots":{"index":"index","follow":"follow","max-snippet":"max-snippet:-1","max-image-preview":"max-image-preview:large","max-video-preview":"max-video-preview:-1"},"canonical":"https:\/\/www.mivam.com\/izdelek\/dinamometer-jamar-plus\/","og_locale":"en_US","og_type":"article","og_title":"Dinamometer JAMAR - PLUS+ - Mi Vam","og_description":"Tehni\u010dne specifikacije:   Idealno za PT, OT in CHT, ki spremljajo napredovanje pacientovega prijema  Meri in prikazuje izometri\u010dno mo\u010d prijema od 0 do 90 kg (200 lbs)  Tehnologija digitalne merilne celice odpravlja ra\u010dunske napake","og_url":"https:\/\/www.mivam.com\/izdelek\/dinamometer-jamar-plus\/","og_site_name":"Mi Vam","og_image":[{"width":700,"height":700,"url":"https:\/\/www.mivam.com\/wp-content\/uploads\/2025\/11\/1000_x_1000_jpg-081406453_jamar_plus_digital_hand_dynamometer.webp","type":"image\/webp"}],"twitter_card":"summary_large_image","twitter_misc":{"Est. reading time":"2 minutes"},"schema":{"@context":"https:\/\/schema.org","@graph":[{"@type":"WebPage","@id":"https:\/\/www.mivam.com\/izdelek\/dinamometer-jamar-plus\/","url":"https:\/\/www.mivam.com\/izdelek\/dinamometer-jamar-plus\/","name":"Dinamometer JAMAR - PLUS+ - Mi Vam","isPartOf":{"@id":"https:\/\/www.mivam.com\/#website"},"primaryImageOfPage":{"@id":"https:\/\/www.mivam.com\/izdelek\/dinamometer-jamar-plus\/#primaryimage"},"image":{"@id":"https:\/\/www.mivam.com\/izdelek\/dinamometer-jamar-plus\/#primaryimage"},"thumbnailUrl":"https:\/\/www.mivam.com\/wp-content\/uploads\/2025\/11\/1000_x_1000_jpg-081406453_jamar_plus_digital_hand_dynamometer.webp","datePublished":"2025-11-11T09:50:49+00:00","dateModified":"2025-11-11T09:50:49+00:00","description":"Tehni\u010dne specifikacije: Idealno za PT, OT in CHT, ki spremljajo napredovanje pacientovega prijema Meri in prikazuje izometri\u010dno mo\u010d prijema od 0 do 90 kg (200 lbs) Tehnologija digitalne merilne celice odpravlja ra\u010dunske napake","breadcrumb":{"@id":"https:\/\/www.mivam.com\/izdelek\/dinamometer-jamar-plus\/#breadcrumb"},"inLanguage":"en-US","potentialAction":[{"@type":"ReadAction","target":["https:\/\/www.mivam.com\/izdelek\/dinamometer-jamar-plus\/"]}]},{"@type":"ImageObject","inLanguage":"en-US","@id":"https:\/\/www.mivam.com\/izdelek\/dinamometer-jamar-plus\/#primaryimage","url":"https:\/\/www.mivam.com\/wp-content\/uploads\/2025\/11\/1000_x_1000_jpg-081406453_jamar_plus_digital_hand_dynamometer.webp","contentUrl":"https:\/\/www.mivam.com\/wp-content\/uploads\/2025\/11\/1000_x_1000_jpg-081406453_jamar_plus_digital_hand_dynamometer.webp","width":700,"height":700},{"@type":"BreadcrumbList","@id":"https:\/\/www.mivam.com\/izdelek\/dinamometer-jamar-plus\/#breadcrumb","itemListElement":[{"@type":"ListItem","position":1,"name":"Domov","item":"https:\/\/www.mivam.com\/"},{"@type":"ListItem","position":2,"name":"Shop","item":"https:\/\/www.mivam.com\/en\/shop\/"},{"@type":"ListItem","position":3,"name":"Rehabilitacija","item":"https:\/\/www.mivam.com\/kategorija-izdelka\/rehabilitacija\/"},{"@type":"ListItem","position":4,"name":"Dinamometer JAMAR &#8211; PLUS+"}]},{"@type":"WebSite","@id":"https:\/\/www.mivam.com\/#website","url":"https:\/\/www.mivam.com\/","name":"Mi Vam","description":"Medicinski pripomo\u010dki in re\u0161itve za manj odvisno \u017eivljenje.","potentialAction":[{"@type":"SearchAction","target":{"@type":"EntryPoint","urlTemplate":"https:\/\/www.mivam.com\/?s={search_term_string}"},"query-input":{"@type":"PropertyValueSpecification","valueRequired":true,"valueName":"search_term_string"}}],"inLanguage":"en-US"}]}},"_links":{"self":[{"href":"https:\/\/www.mivam.com\/en\/wp-json\/wp\/v2\/product\/8313","targetHints":{"allow":["GET"]}}],"collection":[{"href":"https:\/\/www.mivam.com\/en\/wp-json\/wp\/v2\/product"}],"about":[{"href":"https:\/\/www.mivam.com\/en\/wp-json\/wp\/v2\/types\/product"}],"replies":[{"embeddable":true,"href":"https:\/\/www.mivam.com\/en\/wp-json\/wp\/v2\/comments?post=8313"}],"wp:featuredmedia":[{"embeddable":true,"href":"https:\/\/www.mivam.com\/en\/wp-json\/wp\/v2\/media\/8314"}],"wp:attachment":[{"href":"https:\/\/www.mivam.com\/en\/wp-json\/wp\/v2\/media?parent=8313"}],"wp:term":[{"taxonomy":"product_brand","embeddable":true,"href":"https:\/\/www.mivam.com\/en\/wp-json\/wp\/v2\/product_brand?post=8313"},{"taxonomy":"product_cat","embeddable":true,"href":"https:\/\/www.mivam.com\/en\/wp-json\/wp\/v2\/product_cat?post=8313"},{"taxonomy":"product_tag","embeddable":true,"href":"https:\/\/www.mivam.com\/en\/wp-json\/wp\/v2\/product_tag?post=8313"}],"curies":[{"name":"wp","href":"https:\/\/api.w.org\/{rel}","templated":true}]}}