{"id":7682,"date":"2025-06-17T11:22:04","date_gmt":"2025-06-17T09:22:04","guid":{"rendered":"https:\/\/pisarna.novisplet.com\/dev2\/mivam_old\/?post_type=product&#038;p=7682"},"modified":"2025-06-19T08:32:53","modified_gmt":"2025-06-19T06:32:53","slug":"gel-zogice-za-vadbo-rok","status":"publish","type":"product","link":"https:\/\/www.mivam.com\/en\/izdelek\/gel-zogice-za-vadbo-rok\/","title":{"rendered":"Gel \u017eogice za vadbo rok"},"content":{"rendered":"<div class=\"wpb-content-wrapper\"><p>[vc_row full_width=&#8221;stretch_row&#8221;][vc_column][vc_column_text]<\/p>\n<ul>\n<li>Odli\u010dno za trening rok, prstov, zapestij in podlakti<\/li>\n<li>Idealna vadba za tiste z omejeno spretnostjo<\/li>\n<li>Barvno kodirane \u017eogice omogo\u010dajo prilagojen upor<\/li>\n<li>Uporabljajo se lahko tudi kot \u017eogica proti stresu<\/li>\n<li>Za ve\u010dkratno uporabo<\/li>\n<li>Na voljo v petih razli\u010dnih trdotah<\/li>\n<li>Gel \u017eogice so odli\u010den na\u010din za vadbo rok in rok ter se lahko uporabljajo kjer koli.<\/li>\n<\/ul>\n<p>Gel \u017eogice so barvno kodirane, kar omogo\u010da vadbo s spremenljivim uporom za roke, prste in podlakti.<\/p>\n<p>Ker so barvno kodirane, \u017eogice uporabnikom omogo\u010dajo postopno pove\u010devanje upora, ko krepijo mo\u010d v rokah. Prav tako nudijo udobje in odvra\u010danje pozornosti, zlasti za bolnike z demenco, njihova svetla barva pa je \u0161e posebej primerna.<\/p>\n<p>Gel \u017eogice delujejo podobno kot \u017eogice proti stresu, saj uporabniku omogo\u010dajo, da jih stisne, da se umiri. \u017dogice so prijetne na dotik in trpe\u017ene.[\/vc_column_text][\/vc_column][\/vc_row]<\/p>\n<\/div>","protected":false},"excerpt":{"rendered":"<p><strong>Ob naro\u010dilu v opombo obvezno zapisati katero trdoto \u017eelite.<\/strong><br \/>\nNa voljo za nakup posamezno v 5 razli\u010dnih uporih:<\/p>\n<ul>\n<li>Zelo mehka \u2013 roza<\/li>\n<li>Mehka \u2013 modra<\/li>\n<li>Srednje \u2013 zelena<\/li>\n<li>Trda \u2013 oran\u017ena<\/li>\n<li>Zelo trda &#8211; \u010drna<\/li>\n<\/ul>\n","protected":false},"featured_media":7688,"comment_status":"closed","ping_status":"closed","template":"","meta":[],"product_brand":[],"product_cat":[225,69,62,63,228],"product_tag":[268,640,636,635,633,570,639,637,335,638,634],"class_list":{"0":"post-7682","1":"product","2":"type-product","3":"status-publish","4":"has-post-thumbnail","6":"product_cat-rehabilitacija","7":"product_cat-terapevtski-pripomocki","8":"product_cat-rehabilitacijski-pripomocki","9":"product_cat-drugi-pripomocki-in-dodatna-oprema","10":"product_cat-za-vsakdanjo-uporabo","11":"product_tag-gel","12":"product_tag-gel-ball-hand-exerciser","13":"product_tag-gel-zogica","14":"product_tag-gel-zogice","15":"product_tag-gel-zogice-za-vadbo-rok","16":"product_tag-performance-health","17":"product_tag-rehabilitacija-rok","18":"product_tag-roke","19":"product_tag-rolyan","20":"product_tag-vadba-rok","21":"product_tag-zogice","23":"first","24":"instock","25":"taxable","26":"shipping-taxable","27":"purchasable","28":"product-type-variable","29":"has-default-attributes"},"yoast_head":"<!-- This site is optimized with the Yoast SEO plugin v24.0 - https:\/\/yoast.com\/wordpress\/plugins\/seo\/ -->\n<title>Gel \u017eogice za vadbo rok - Mi Vam<\/title>\n<meta name=\"description\" content=\"Ob naro\u010dilu v opombo obvezno zapisati katero trdoto \u017eelite. Na voljo za nakup posamezno v 5 razli\u010dnih uporih:   Zelo mehka \u2013 roza  Mehka \u2013 modra  Srednje \u2013 zelena  Trda \u2013 oran\u017ena  Zelo trda - \u010drna\" \/>\n<meta name=\"robots\" content=\"index, follow, max-snippet:-1, max-image-preview:large, max-video-preview:-1\" \/>\n<link rel=\"canonical\" href=\"https:\/\/www.mivam.com\/izdelek\/gel-zogice-za-vadbo-rok\/\" \/>\n<meta property=\"og:locale\" content=\"en_US\" \/>\n<meta property=\"og:type\" content=\"article\" \/>\n<meta property=\"og:title\" content=\"Gel \u017eogice za vadbo rok - Mi Vam\" \/>\n<meta property=\"og:description\" content=\"Ob naro\u010dilu v opombo obvezno zapisati katero trdoto \u017eelite. Na voljo za nakup posamezno v 5 razli\u010dnih uporih:   Zelo mehka \u2013 roza  Mehka \u2013 modra  Srednje \u2013 zelena  Trda \u2013 oran\u017ena  Zelo trda - \u010drna\" \/>\n<meta property=\"og:url\" content=\"https:\/\/www.mivam.com\/izdelek\/gel-zogice-za-vadbo-rok\/\" \/>\n<meta property=\"og:site_name\" content=\"Mi Vam\" \/>\n<meta property=\"article:modified_time\" content=\"2025-06-19T06:32:53+00:00\" \/>\n<meta property=\"og:image\" content=\"https:\/\/www.mivam.com\/wp-content\/uploads\/2025\/06\/557255_1_4.webp\" \/>\n\t<meta property=\"og:image:width\" content=\"700\" \/>\n\t<meta property=\"og:image:height\" content=\"700\" \/>\n\t<meta property=\"og:image:type\" content=\"image\/webp\" \/>\n<meta name=\"twitter:card\" content=\"summary_large_image\" \/>\n<meta name=\"twitter:label1\" content=\"Est. reading time\" \/>\n\t<meta name=\"twitter:data1\" content=\"1 minute\" \/>\n<script type=\"application\/ld+json\" class=\"yoast-schema-graph\">{\"@context\":\"https:\/\/schema.org\",\"@graph\":[{\"@type\":\"WebPage\",\"@id\":\"https:\/\/www.mivam.com\/izdelek\/gel-zogice-za-vadbo-rok\/\",\"url\":\"https:\/\/www.mivam.com\/izdelek\/gel-zogice-za-vadbo-rok\/\",\"name\":\"Gel \u017eogice za vadbo rok - Mi Vam\",\"isPartOf\":{\"@id\":\"https:\/\/www.mivam.com\/#website\"},\"primaryImageOfPage\":{\"@id\":\"https:\/\/www.mivam.com\/izdelek\/gel-zogice-za-vadbo-rok\/#primaryimage\"},\"image\":{\"@id\":\"https:\/\/www.mivam.com\/izdelek\/gel-zogice-za-vadbo-rok\/#primaryimage\"},\"thumbnailUrl\":\"https:\/\/www.mivam.com\/wp-content\/uploads\/2025\/06\/557255_1_4.webp\",\"datePublished\":\"2025-06-17T09:22:04+00:00\",\"dateModified\":\"2025-06-19T06:32:53+00:00\",\"description\":\"Ob naro\u010dilu v opombo obvezno zapisati katero trdoto \u017eelite. Na voljo za nakup posamezno v 5 razli\u010dnih uporih: Zelo mehka \u2013 roza Mehka \u2013 modra Srednje \u2013 zelena Trda \u2013 oran\u017ena Zelo trda - \u010drna\",\"breadcrumb\":{\"@id\":\"https:\/\/www.mivam.com\/izdelek\/gel-zogice-za-vadbo-rok\/#breadcrumb\"},\"inLanguage\":\"en-US\",\"potentialAction\":[{\"@type\":\"ReadAction\",\"target\":[\"https:\/\/www.mivam.com\/izdelek\/gel-zogice-za-vadbo-rok\/\"]}]},{\"@type\":\"ImageObject\",\"inLanguage\":\"en-US\",\"@id\":\"https:\/\/www.mivam.com\/izdelek\/gel-zogice-za-vadbo-rok\/#primaryimage\",\"url\":\"https:\/\/www.mivam.com\/wp-content\/uploads\/2025\/06\/557255_1_4.webp\",\"contentUrl\":\"https:\/\/www.mivam.com\/wp-content\/uploads\/2025\/06\/557255_1_4.webp\",\"width\":700,\"height\":700,\"caption\":\"Gel \u017eogice za vadbo rok\"},{\"@type\":\"BreadcrumbList\",\"@id\":\"https:\/\/www.mivam.com\/izdelek\/gel-zogice-za-vadbo-rok\/#breadcrumb\",\"itemListElement\":[{\"@type\":\"ListItem\",\"position\":1,\"name\":\"Domov\",\"item\":\"https:\/\/www.mivam.com\/\"},{\"@type\":\"ListItem\",\"position\":2,\"name\":\"Shop\",\"item\":\"https:\/\/www.mivam.com\/en\/shop\/\"},{\"@type\":\"ListItem\",\"position\":3,\"name\":\"Za vsakdanjo uporabo\",\"item\":\"https:\/\/www.mivam.com\/kategorija-izdelka\/za-vsakdanjo-uporabo\/\"},{\"@type\":\"ListItem\",\"position\":4,\"name\":\"Gel \u017eogice za vadbo rok\"}]},{\"@type\":\"WebSite\",\"@id\":\"https:\/\/www.mivam.com\/#website\",\"url\":\"https:\/\/www.mivam.com\/\",\"name\":\"Mi Vam\",\"description\":\"Medicinski pripomo\u010dki in re\u0161itve za manj odvisno \u017eivljenje.\",\"potentialAction\":[{\"@type\":\"SearchAction\",\"target\":{\"@type\":\"EntryPoint\",\"urlTemplate\":\"https:\/\/www.mivam.com\/?s={search_term_string}\"},\"query-input\":{\"@type\":\"PropertyValueSpecification\",\"valueRequired\":true,\"valueName\":\"search_term_string\"}}],\"inLanguage\":\"en-US\"}]}<\/script>\n<!-- \/ Yoast SEO plugin. -->","yoast_head_json":{"title":"Gel \u017eogice za vadbo rok - Mi Vam","description":"Ob naro\u010dilu v opombo obvezno zapisati katero trdoto \u017eelite. Na voljo za nakup posamezno v 5 razli\u010dnih uporih:   Zelo mehka \u2013 roza  Mehka \u2013 modra  Srednje \u2013 zelena  Trda \u2013 oran\u017ena  Zelo trda - \u010drna","robots":{"index":"index","follow":"follow","max-snippet":"max-snippet:-1","max-image-preview":"max-image-preview:large","max-video-preview":"max-video-preview:-1"},"canonical":"https:\/\/www.mivam.com\/izdelek\/gel-zogice-za-vadbo-rok\/","og_locale":"en_US","og_type":"article","og_title":"Gel \u017eogice za vadbo rok - Mi Vam","og_description":"Ob naro\u010dilu v opombo obvezno zapisati katero trdoto \u017eelite. Na voljo za nakup posamezno v 5 razli\u010dnih uporih:   Zelo mehka \u2013 roza  Mehka \u2013 modra  Srednje \u2013 zelena  Trda \u2013 oran\u017ena  Zelo trda - \u010drna","og_url":"https:\/\/www.mivam.com\/izdelek\/gel-zogice-za-vadbo-rok\/","og_site_name":"Mi Vam","article_modified_time":"2025-06-19T06:32:53+00:00","og_image":[{"width":700,"height":700,"url":"https:\/\/www.mivam.com\/wp-content\/uploads\/2025\/06\/557255_1_4.webp","type":"image\/webp"}],"twitter_card":"summary_large_image","twitter_misc":{"Est. reading time":"1 minute"},"schema":{"@context":"https:\/\/schema.org","@graph":[{"@type":"WebPage","@id":"https:\/\/www.mivam.com\/izdelek\/gel-zogice-za-vadbo-rok\/","url":"https:\/\/www.mivam.com\/izdelek\/gel-zogice-za-vadbo-rok\/","name":"Gel \u017eogice za vadbo rok - Mi Vam","isPartOf":{"@id":"https:\/\/www.mivam.com\/#website"},"primaryImageOfPage":{"@id":"https:\/\/www.mivam.com\/izdelek\/gel-zogice-za-vadbo-rok\/#primaryimage"},"image":{"@id":"https:\/\/www.mivam.com\/izdelek\/gel-zogice-za-vadbo-rok\/#primaryimage"},"thumbnailUrl":"https:\/\/www.mivam.com\/wp-content\/uploads\/2025\/06\/557255_1_4.webp","datePublished":"2025-06-17T09:22:04+00:00","dateModified":"2025-06-19T06:32:53+00:00","description":"Ob naro\u010dilu v opombo obvezno zapisati katero trdoto \u017eelite. Na voljo za nakup posamezno v 5 razli\u010dnih uporih: Zelo mehka \u2013 roza Mehka \u2013 modra Srednje \u2013 zelena Trda \u2013 oran\u017ena Zelo trda - \u010drna","breadcrumb":{"@id":"https:\/\/www.mivam.com\/izdelek\/gel-zogice-za-vadbo-rok\/#breadcrumb"},"inLanguage":"en-US","potentialAction":[{"@type":"ReadAction","target":["https:\/\/www.mivam.com\/izdelek\/gel-zogice-za-vadbo-rok\/"]}]},{"@type":"ImageObject","inLanguage":"en-US","@id":"https:\/\/www.mivam.com\/izdelek\/gel-zogice-za-vadbo-rok\/#primaryimage","url":"https:\/\/www.mivam.com\/wp-content\/uploads\/2025\/06\/557255_1_4.webp","contentUrl":"https:\/\/www.mivam.com\/wp-content\/uploads\/2025\/06\/557255_1_4.webp","width":700,"height":700,"caption":"Gel \u017eogice za vadbo rok"},{"@type":"BreadcrumbList","@id":"https:\/\/www.mivam.com\/izdelek\/gel-zogice-za-vadbo-rok\/#breadcrumb","itemListElement":[{"@type":"ListItem","position":1,"name":"Domov","item":"https:\/\/www.mivam.com\/"},{"@type":"ListItem","position":2,"name":"Shop","item":"https:\/\/www.mivam.com\/en\/shop\/"},{"@type":"ListItem","position":3,"name":"Za vsakdanjo uporabo","item":"https:\/\/www.mivam.com\/kategorija-izdelka\/za-vsakdanjo-uporabo\/"},{"@type":"ListItem","position":4,"name":"Gel \u017eogice za vadbo rok"}]},{"@type":"WebSite","@id":"https:\/\/www.mivam.com\/#website","url":"https:\/\/www.mivam.com\/","name":"Mi Vam","description":"Medicinski pripomo\u010dki in re\u0161itve za manj odvisno \u017eivljenje.","potentialAction":[{"@type":"SearchAction","target":{"@type":"EntryPoint","urlTemplate":"https:\/\/www.mivam.com\/?s={search_term_string}"},"query-input":{"@type":"PropertyValueSpecification","valueRequired":true,"valueName":"search_term_string"}}],"inLanguage":"en-US"}]}},"_links":{"self":[{"href":"https:\/\/www.mivam.com\/en\/wp-json\/wp\/v2\/product\/7682","targetHints":{"allow":["GET"]}}],"collection":[{"href":"https:\/\/www.mivam.com\/en\/wp-json\/wp\/v2\/product"}],"about":[{"href":"https:\/\/www.mivam.com\/en\/wp-json\/wp\/v2\/types\/product"}],"replies":[{"embeddable":true,"href":"https:\/\/www.mivam.com\/en\/wp-json\/wp\/v2\/comments?post=7682"}],"wp:featuredmedia":[{"embeddable":true,"href":"https:\/\/www.mivam.com\/en\/wp-json\/wp\/v2\/media\/7688"}],"wp:attachment":[{"href":"https:\/\/www.mivam.com\/en\/wp-json\/wp\/v2\/media?parent=7682"}],"wp:term":[{"taxonomy":"product_brand","embeddable":true,"href":"https:\/\/www.mivam.com\/en\/wp-json\/wp\/v2\/product_brand?post=7682"},{"taxonomy":"product_cat","embeddable":true,"href":"https:\/\/www.mivam.com\/en\/wp-json\/wp\/v2\/product_cat?post=7682"},{"taxonomy":"product_tag","embeddable":true,"href":"https:\/\/www.mivam.com\/en\/wp-json\/wp\/v2\/product_tag?post=7682"}],"curies":[{"name":"wp","href":"https:\/\/api.w.org\/{rel}","templated":true}]}}