{"id":7681,"date":"2025-06-17T11:21:02","date_gmt":"2025-06-17T09:21:02","guid":{"rendered":"https:\/\/pisarna.novisplet.com\/dev2\/mivam_old\/?post_type=product&#038;p=7681"},"modified":"2025-06-23T11:59:37","modified_gmt":"2025-06-23T09:59:37","slug":"drzalo-za-karte","status":"publish","type":"product","link":"https:\/\/www.mivam.com\/en\/izdelek\/drzalo-za-karte\/","title":{"rendered":"Dr\u017ealo za karte"},"content":{"rendered":"<p>Dr\u017ealo za igralne karte Maddak je idealni pripomo\u010dek za posameznike z omejeno mo\u010djo in spretnostjo prstov ali za tiste, katerih oprijem je oslabljen zaradi artritisa. Ta udobna alternativa dr\u017eanju igralnih kart je odli\u010den na\u010din za zabavo in igranje kart za tiste, ki imajo te\u017eave z dr\u017eanjem ve\u010d kart hkrati v roki. Dr\u017ealo lahko stoji samostojno z dvema nedrse\u010dima nogama. Dr\u017ealo je odli\u010dno tudi za telefonska sporo\u010dila, recepte, nakupovalne sezname, kupone, ra\u010dune, opomnike itd.<\/p>\n","protected":false},"excerpt":{"rendered":"<p>Ta dr\u017ealo za igralne karte Maddak ima pahlja\u010dasto obliko, ki je idealna za posameznike z omejeno mo\u010djo in spretnostjo prstov ali za tiste, katerih oprijem je oslabljen zaradi artritisa. Ta udobna alternativa dr\u017eanju igralnih kart je odli\u010den na\u010din, da se \u0161e vedno zabavate in igrate brez ovir.<\/p>\n<ul>\n<li>Dimenzije 10 x 20 cm (4\u201d x 8\u201d)<\/li>\n<li>Trpe\u017ena, trpe\u017ena plastika<\/li>\n<li>Dr\u017ealo za kartice v obliki pahlja\u010de<\/li>\n<li>Paket po 4 kosov<\/li>\n<\/ul>\n","protected":false},"featured_media":7958,"comment_status":"closed","ping_status":"closed","template":"","meta":[],"product_brand":[],"product_cat":[63,228],"product_tag":[629,625,626,627,632,570,628,631,630],"class_list":{"0":"post-7681","1":"product","2":"type-product","3":"status-publish","4":"has-post-thumbnail","6":"product_cat-drugi-pripomocki-in-dodatna-oprema","7":"product_cat-za-vsakdanjo-uporabo","8":"product_tag-cards-holder","9":"product_tag-drzalo-za-karte","10":"product_tag-invalidsko-drzalo-za-karte","11":"product_tag-karte","12":"product_tag-maddak","13":"product_tag-performance-health","14":"product_tag-poker","15":"product_tag-stojalo","16":"product_tag-stojalo-za-karte","18":"first","19":"instock","20":"taxable","21":"shipping-taxable","22":"purchasable","23":"product-type-simple"},"yoast_head":"<!-- This site is optimized with the Yoast SEO plugin v24.0 - https:\/\/yoast.com\/wordpress\/plugins\/seo\/ -->\n<title>Dr\u017ealo za karte - Mi Vam<\/title>\n<meta name=\"description\" content=\"Ta dr\u017ealo za igralne karte Maddak ima pahlja\u010dasto obliko, ki je idealna za posameznike z omejeno mo\u010djo in spretnostjo prstov ali za tiste, katerih oprijem je oslabljen zaradi artritisa. Ta udobna alternativa dr\u017eanju igralnih kart je odli\u010den na\u010din, da se \u0161e vedno zabavate in igrate brez ovir.   Dimenzije 10 x 20 cm (4\u201d x 8\u201d)  Trpe\u017ena, trpe\u017ena plastika  Dr\u017ealo za kartice v obliki pahlja\u010de  Paket po 4 kosov\" \/>\n<meta name=\"robots\" content=\"index, follow, max-snippet:-1, max-image-preview:large, max-video-preview:-1\" \/>\n<link rel=\"canonical\" href=\"https:\/\/www.mivam.com\/izdelek\/drzalo-za-karte\/\" \/>\n<meta property=\"og:locale\" content=\"en_US\" \/>\n<meta property=\"og:type\" content=\"article\" \/>\n<meta property=\"og:title\" content=\"Dr\u017ealo za karte - Mi Vam\" \/>\n<meta property=\"og:description\" content=\"Ta dr\u017ealo za igralne karte Maddak ima pahlja\u010dasto obliko, ki je idealna za posameznike z omejeno mo\u010djo in spretnostjo prstov ali za tiste, katerih oprijem je oslabljen zaradi artritisa. Ta udobna alternativa dr\u017eanju igralnih kart je odli\u010den na\u010din, da se \u0161e vedno zabavate in igrate brez ovir.   Dimenzije 10 x 20 cm (4\u201d x 8\u201d)  Trpe\u017ena, trpe\u017ena plastika  Dr\u017ealo za kartice v obliki pahlja\u010de  Paket po 4 kosov\" \/>\n<meta property=\"og:url\" content=\"https:\/\/www.mivam.com\/izdelek\/drzalo-za-karte\/\" \/>\n<meta property=\"og:site_name\" content=\"Mi Vam\" \/>\n<meta property=\"article:modified_time\" content=\"2025-06-23T09:59:37+00:00\" \/>\n<meta property=\"og:image\" content=\"https:\/\/www.mivam.com\/wp-content\/uploads\/2025\/06\/20620184420maddak-card-player-card-holder-p.jpg\" \/>\n\t<meta property=\"og:image:width\" content=\"700\" \/>\n\t<meta property=\"og:image:height\" content=\"700\" \/>\n\t<meta property=\"og:image:type\" content=\"image\/jpeg\" \/>\n<meta name=\"twitter:card\" content=\"summary_large_image\" \/>\n<meta name=\"twitter:label1\" content=\"Est. reading time\" \/>\n\t<meta name=\"twitter:data1\" content=\"1 minute\" \/>\n<script type=\"application\/ld+json\" class=\"yoast-schema-graph\">{\"@context\":\"https:\/\/schema.org\",\"@graph\":[{\"@type\":\"WebPage\",\"@id\":\"https:\/\/www.mivam.com\/izdelek\/drzalo-za-karte\/\",\"url\":\"https:\/\/www.mivam.com\/izdelek\/drzalo-za-karte\/\",\"name\":\"Dr\u017ealo za karte - Mi Vam\",\"isPartOf\":{\"@id\":\"https:\/\/www.mivam.com\/#website\"},\"primaryImageOfPage\":{\"@id\":\"https:\/\/www.mivam.com\/izdelek\/drzalo-za-karte\/#primaryimage\"},\"image\":{\"@id\":\"https:\/\/www.mivam.com\/izdelek\/drzalo-za-karte\/#primaryimage\"},\"thumbnailUrl\":\"https:\/\/www.mivam.com\/wp-content\/uploads\/2025\/06\/20620184420maddak-card-player-card-holder-p.jpg\",\"datePublished\":\"2025-06-17T09:21:02+00:00\",\"dateModified\":\"2025-06-23T09:59:37+00:00\",\"description\":\"Ta dr\u017ealo za igralne karte Maddak ima pahlja\u010dasto obliko, ki je idealna za posameznike z omejeno mo\u010djo in spretnostjo prstov ali za tiste, katerih oprijem je oslabljen zaradi artritisa. Ta udobna alternativa dr\u017eanju igralnih kart je odli\u010den na\u010din, da se \u0161e vedno zabavate in igrate brez ovir. Dimenzije 10 x 20 cm (4\u201d x 8\u201d) Trpe\u017ena, trpe\u017ena plastika Dr\u017ealo za kartice v obliki pahlja\u010de Paket po 4 kosov\",\"breadcrumb\":{\"@id\":\"https:\/\/www.mivam.com\/izdelek\/drzalo-za-karte\/#breadcrumb\"},\"inLanguage\":\"en-US\",\"potentialAction\":[{\"@type\":\"ReadAction\",\"target\":[\"https:\/\/www.mivam.com\/izdelek\/drzalo-za-karte\/\"]}]},{\"@type\":\"ImageObject\",\"inLanguage\":\"en-US\",\"@id\":\"https:\/\/www.mivam.com\/izdelek\/drzalo-za-karte\/#primaryimage\",\"url\":\"https:\/\/www.mivam.com\/wp-content\/uploads\/2025\/06\/20620184420maddak-card-player-card-holder-p.jpg\",\"contentUrl\":\"https:\/\/www.mivam.com\/wp-content\/uploads\/2025\/06\/20620184420maddak-card-player-card-holder-p.jpg\",\"width\":700,\"height\":700},{\"@type\":\"BreadcrumbList\",\"@id\":\"https:\/\/www.mivam.com\/izdelek\/drzalo-za-karte\/#breadcrumb\",\"itemListElement\":[{\"@type\":\"ListItem\",\"position\":1,\"name\":\"Domov\",\"item\":\"https:\/\/www.mivam.com\/\"},{\"@type\":\"ListItem\",\"position\":2,\"name\":\"Shop\",\"item\":\"https:\/\/www.mivam.com\/en\/shop\/\"},{\"@type\":\"ListItem\",\"position\":3,\"name\":\"Rehabilitacija\",\"item\":\"https:\/\/www.mivam.com\/kategorija-izdelka\/rehabilitacija\/\"},{\"@type\":\"ListItem\",\"position\":4,\"name\":\"Drugi pripomo\u010dki in dodatna oprema\",\"item\":\"https:\/\/www.mivam.com\/kategorija-izdelka\/rehabilitacija\/drugi-pripomocki-in-dodatna-oprema\/\"},{\"@type\":\"ListItem\",\"position\":5,\"name\":\"Dr\u017ealo za karte\"}]},{\"@type\":\"WebSite\",\"@id\":\"https:\/\/www.mivam.com\/#website\",\"url\":\"https:\/\/www.mivam.com\/\",\"name\":\"Mi Vam\",\"description\":\"Medicinski pripomo\u010dki in re\u0161itve za manj odvisno \u017eivljenje.\",\"potentialAction\":[{\"@type\":\"SearchAction\",\"target\":{\"@type\":\"EntryPoint\",\"urlTemplate\":\"https:\/\/www.mivam.com\/?s={search_term_string}\"},\"query-input\":{\"@type\":\"PropertyValueSpecification\",\"valueRequired\":true,\"valueName\":\"search_term_string\"}}],\"inLanguage\":\"en-US\"}]}<\/script>\n<!-- \/ Yoast SEO plugin. -->","yoast_head_json":{"title":"Dr\u017ealo za karte - Mi Vam","description":"Ta dr\u017ealo za igralne karte Maddak ima pahlja\u010dasto obliko, ki je idealna za posameznike z omejeno mo\u010djo in spretnostjo prstov ali za tiste, katerih oprijem je oslabljen zaradi artritisa. Ta udobna alternativa dr\u017eanju igralnih kart je odli\u010den na\u010din, da se \u0161e vedno zabavate in igrate brez ovir.   Dimenzije 10 x 20 cm (4\u201d x 8\u201d)  Trpe\u017ena, trpe\u017ena plastika  Dr\u017ealo za kartice v obliki pahlja\u010de  Paket po 4 kosov","robots":{"index":"index","follow":"follow","max-snippet":"max-snippet:-1","max-image-preview":"max-image-preview:large","max-video-preview":"max-video-preview:-1"},"canonical":"https:\/\/www.mivam.com\/izdelek\/drzalo-za-karte\/","og_locale":"en_US","og_type":"article","og_title":"Dr\u017ealo za karte - Mi Vam","og_description":"Ta dr\u017ealo za igralne karte Maddak ima pahlja\u010dasto obliko, ki je idealna za posameznike z omejeno mo\u010djo in spretnostjo prstov ali za tiste, katerih oprijem je oslabljen zaradi artritisa. Ta udobna alternativa dr\u017eanju igralnih kart je odli\u010den na\u010din, da se \u0161e vedno zabavate in igrate brez ovir.   Dimenzije 10 x 20 cm (4\u201d x 8\u201d)  Trpe\u017ena, trpe\u017ena plastika  Dr\u017ealo za kartice v obliki pahlja\u010de  Paket po 4 kosov","og_url":"https:\/\/www.mivam.com\/izdelek\/drzalo-za-karte\/","og_site_name":"Mi Vam","article_modified_time":"2025-06-23T09:59:37+00:00","og_image":[{"width":700,"height":700,"url":"https:\/\/www.mivam.com\/wp-content\/uploads\/2025\/06\/20620184420maddak-card-player-card-holder-p.jpg","type":"image\/jpeg"}],"twitter_card":"summary_large_image","twitter_misc":{"Est. reading time":"1 minute"},"schema":{"@context":"https:\/\/schema.org","@graph":[{"@type":"WebPage","@id":"https:\/\/www.mivam.com\/izdelek\/drzalo-za-karte\/","url":"https:\/\/www.mivam.com\/izdelek\/drzalo-za-karte\/","name":"Dr\u017ealo za karte - Mi Vam","isPartOf":{"@id":"https:\/\/www.mivam.com\/#website"},"primaryImageOfPage":{"@id":"https:\/\/www.mivam.com\/izdelek\/drzalo-za-karte\/#primaryimage"},"image":{"@id":"https:\/\/www.mivam.com\/izdelek\/drzalo-za-karte\/#primaryimage"},"thumbnailUrl":"https:\/\/www.mivam.com\/wp-content\/uploads\/2025\/06\/20620184420maddak-card-player-card-holder-p.jpg","datePublished":"2025-06-17T09:21:02+00:00","dateModified":"2025-06-23T09:59:37+00:00","description":"Ta dr\u017ealo za igralne karte Maddak ima pahlja\u010dasto obliko, ki je idealna za posameznike z omejeno mo\u010djo in spretnostjo prstov ali za tiste, katerih oprijem je oslabljen zaradi artritisa. Ta udobna alternativa dr\u017eanju igralnih kart je odli\u010den na\u010din, da se \u0161e vedno zabavate in igrate brez ovir. Dimenzije 10 x 20 cm (4\u201d x 8\u201d) Trpe\u017ena, trpe\u017ena plastika Dr\u017ealo za kartice v obliki pahlja\u010de Paket po 4 kosov","breadcrumb":{"@id":"https:\/\/www.mivam.com\/izdelek\/drzalo-za-karte\/#breadcrumb"},"inLanguage":"en-US","potentialAction":[{"@type":"ReadAction","target":["https:\/\/www.mivam.com\/izdelek\/drzalo-za-karte\/"]}]},{"@type":"ImageObject","inLanguage":"en-US","@id":"https:\/\/www.mivam.com\/izdelek\/drzalo-za-karte\/#primaryimage","url":"https:\/\/www.mivam.com\/wp-content\/uploads\/2025\/06\/20620184420maddak-card-player-card-holder-p.jpg","contentUrl":"https:\/\/www.mivam.com\/wp-content\/uploads\/2025\/06\/20620184420maddak-card-player-card-holder-p.jpg","width":700,"height":700},{"@type":"BreadcrumbList","@id":"https:\/\/www.mivam.com\/izdelek\/drzalo-za-karte\/#breadcrumb","itemListElement":[{"@type":"ListItem","position":1,"name":"Domov","item":"https:\/\/www.mivam.com\/"},{"@type":"ListItem","position":2,"name":"Shop","item":"https:\/\/www.mivam.com\/en\/shop\/"},{"@type":"ListItem","position":3,"name":"Rehabilitacija","item":"https:\/\/www.mivam.com\/kategorija-izdelka\/rehabilitacija\/"},{"@type":"ListItem","position":4,"name":"Drugi pripomo\u010dki in dodatna oprema","item":"https:\/\/www.mivam.com\/kategorija-izdelka\/rehabilitacija\/drugi-pripomocki-in-dodatna-oprema\/"},{"@type":"ListItem","position":5,"name":"Dr\u017ealo za karte"}]},{"@type":"WebSite","@id":"https:\/\/www.mivam.com\/#website","url":"https:\/\/www.mivam.com\/","name":"Mi Vam","description":"Medicinski pripomo\u010dki in re\u0161itve za manj odvisno \u017eivljenje.","potentialAction":[{"@type":"SearchAction","target":{"@type":"EntryPoint","urlTemplate":"https:\/\/www.mivam.com\/?s={search_term_string}"},"query-input":{"@type":"PropertyValueSpecification","valueRequired":true,"valueName":"search_term_string"}}],"inLanguage":"en-US"}]}},"_links":{"self":[{"href":"https:\/\/www.mivam.com\/en\/wp-json\/wp\/v2\/product\/7681","targetHints":{"allow":["GET"]}}],"collection":[{"href":"https:\/\/www.mivam.com\/en\/wp-json\/wp\/v2\/product"}],"about":[{"href":"https:\/\/www.mivam.com\/en\/wp-json\/wp\/v2\/types\/product"}],"replies":[{"embeddable":true,"href":"https:\/\/www.mivam.com\/en\/wp-json\/wp\/v2\/comments?post=7681"}],"wp:featuredmedia":[{"embeddable":true,"href":"https:\/\/www.mivam.com\/en\/wp-json\/wp\/v2\/media\/7958"}],"wp:attachment":[{"href":"https:\/\/www.mivam.com\/en\/wp-json\/wp\/v2\/media?parent=7681"}],"wp:term":[{"taxonomy":"product_brand","embeddable":true,"href":"https:\/\/www.mivam.com\/en\/wp-json\/wp\/v2\/product_brand?post=7681"},{"taxonomy":"product_cat","embeddable":true,"href":"https:\/\/www.mivam.com\/en\/wp-json\/wp\/v2\/product_cat?post=7681"},{"taxonomy":"product_tag","embeddable":true,"href":"https:\/\/www.mivam.com\/en\/wp-json\/wp\/v2\/product_tag?post=7681"}],"curies":[{"name":"wp","href":"https:\/\/api.w.org\/{rel}","templated":true}]}}