{"id":7679,"date":"2025-06-17T11:18:07","date_gmt":"2025-06-17T09:18:07","guid":{"rendered":"https:\/\/pisarna.novisplet.com\/dev2\/mivam_old\/?post_type=product&#038;p=7679"},"modified":"2025-06-19T13:48:42","modified_gmt":"2025-06-19T11:48:42","slug":"rokavice-za-poganjanje-vozicka-mi-vam-atelje-judit","status":"publish","type":"product","link":"https:\/\/www.mivam.com\/en\/izdelek\/rokavice-za-poganjanje-vozicka-mi-vam-atelje-judit\/","title":{"rendered":"Rokavice za poganjanje vozi\u010dka Mi Vam &#8211; Atelje Judit"},"content":{"rendered":"<p><strong>1 prst &#8211; par<\/strong><\/p>\n<p>Rokavice so zasnovane in izdelane posebej za uporabnike invalidskih vozi\u010dkov z omejenim gibanjem rok, ki te\u017eko nosijo ali nadenejo rokavice. Namesto vstavljanja prstov v rokavico, oblika rokavic omogo\u010da enostavno uporabo. Te objamejo va\u0161o roko in jih pritrdite z enim \u0161irokim jezi\u010dkoma Velcro. Naravna elasti\u010dnost usnja pomaga dr\u017eati rokavice na mestu, medtem ko edinstveni \u0161\u010ditniki na strani dlani z mehkim oprijemom pomagajo prijeti in poganjati pogonske ro\u010daje invalidskega vozi\u010dka.<\/p>\n<p>Za udobje, za\u0161\u010dito in vzdr\u017eljivost smo jih oblikovali v podjetju z ve\u010d kot 30 let izku\u0161enj na podro\u010dju. Ti ro\u010daji za invalidske vozi\u010dke so elegantni in enostavni.<\/p>\n<p>Na voljo jih je v ve\u010d barvah in velikosti \u00a0&#8211; Mali, Srednji, Veliki<\/p>\n","protected":false},"excerpt":{"rendered":"<p><strong>1 prst &#8211; par<\/strong><\/p>\n<p>Rokavice so zasnovane in izdelane posebej za uporabnike invalidskih vozi\u010dkov z omejenim gibanjem rok, ki te\u017eko nosijo ali nadenejo rokavice. Namesto vstavljanja prstov v rokavico, oblika rokavic omogo\u010da enostavno uporabo. Te objamejo va\u0161o roko in jih pritrdite z enim \u0161irokim jezi\u010dkoma Velcro. Naravna elasti\u010dnost usnja pomaga dr\u017eati rokavice na mestu, medtem ko edinstveni \u0161\u010ditniki na strani dlani z mehkim oprijemom pomagajo prijeti in poganjati pogonske ro\u010daje invalidskega vozi\u010dka.<\/p>\n<p>Za udobje, za\u0161\u010dito in vzdr\u017eljivost smo jih oblikovali v podjetju z ve\u010d kot 30 let izku\u0161enj na podro\u010dju. Ti ro\u010daji za invalidske vozi\u010dke so elegantni in enostavni.<\/p>\n<p>Na voljo jih je v ve\u010d barvah in velikosti \u00a0&#8211; Mali, Srednji, Veliki<\/p>\n","protected":false},"featured_media":7680,"comment_status":"closed","ping_status":"closed","template":"","meta":[],"product_brand":[],"product_cat":[77],"product_tag":[609,624,619,623,157,606,608,607,605,620],"class_list":{"0":"post-7679","1":"product","2":"type-product","3":"status-publish","4":"has-post-thumbnail","6":"product_cat-dodatki-za-invalidski-vozicek","7":"product_tag-609","8":"product_tag-atelje-judit","9":"product_tag-kvadriplegik","10":"product_tag-mi-vam","11":"product_tag-rokavice","12":"product_tag-rokavice-invalidi","13":"product_tag-rokavice-invalidski-vozicek","14":"product_tag-rokavice-vozicek","15":"product_tag-rokavice-za-poganjanje-vozicka","16":"product_tag-tetraplegik","18":"first","19":"instock","20":"taxable","21":"shipping-taxable","22":"purchasable","23":"product-type-variable","24":"has-default-attributes"},"yoast_head":"<!-- This site is optimized with the Yoast SEO plugin v24.0 - https:\/\/yoast.com\/wordpress\/plugins\/seo\/ -->\n<title>Rokavice za poganjanje vozi\u010dka Mi Vam - Atelje Judit - Mi Vam<\/title>\n<meta name=\"description\" content=\"1 prst - par  Rokavice so zasnovane in izdelane posebej za uporabnike invalidskih vozi\u010dkov z omejenim gibanjem rok, ki te\u017eko nosijo ali nadenejo rokavice. Namesto vstavljanja prstov v rokavico, oblika rokavic omogo\u010da enostavno uporabo. Te objamejo va\u0161o roko in jih pritrdite z enim \u0161irokim jezi\u010dkoma Velcro. Naravna elasti\u010dnost usnja pomaga dr\u017eati rokavice na mestu, medtem ko edinstveni \u0161\u010ditniki na strani dlani z mehkim oprijemom pomagajo prijeti in poganjati pogonske ro\u010daje invalidskega vozi\u010dka.  Za udobje, za\u0161\u010dito in vzdr\u017eljivost smo jih oblikovali v podjetju z ve\u010d kot 30 let izku\u0161enj na podro\u010dju. Ti ro\u010daji za invalidske vozi\u010dke so elegantni in enostavni.  Na voljo jih je v ve\u010d barvah in velikosti \u00a0- Mali, Srednji, Veliki\" \/>\n<meta name=\"robots\" content=\"index, follow, max-snippet:-1, max-image-preview:large, max-video-preview:-1\" \/>\n<link rel=\"canonical\" href=\"https:\/\/www.mivam.com\/izdelek\/rokavice-za-poganjanje-vozicka-mi-vam-atelje-judit\/\" \/>\n<meta property=\"og:locale\" content=\"en_US\" \/>\n<meta property=\"og:type\" content=\"article\" \/>\n<meta property=\"og:title\" content=\"Rokavice za poganjanje vozi\u010dka Mi Vam - Atelje Judit - Mi Vam\" \/>\n<meta property=\"og:description\" content=\"1 prst - par  Rokavice so zasnovane in izdelane posebej za uporabnike invalidskih vozi\u010dkov z omejenim gibanjem rok, ki te\u017eko nosijo ali nadenejo rokavice. Namesto vstavljanja prstov v rokavico, oblika rokavic omogo\u010da enostavno uporabo. Te objamejo va\u0161o roko in jih pritrdite z enim \u0161irokim jezi\u010dkoma Velcro. Naravna elasti\u010dnost usnja pomaga dr\u017eati rokavice na mestu, medtem ko edinstveni \u0161\u010ditniki na strani dlani z mehkim oprijemom pomagajo prijeti in poganjati pogonske ro\u010daje invalidskega vozi\u010dka.  Za udobje, za\u0161\u010dito in vzdr\u017eljivost smo jih oblikovali v podjetju z ve\u010d kot 30 let izku\u0161enj na podro\u010dju. Ti ro\u010daji za invalidske vozi\u010dke so elegantni in enostavni.  Na voljo jih je v ve\u010d barvah in velikosti \u00a0- Mali, Srednji, Veliki\" \/>\n<meta property=\"og:url\" content=\"https:\/\/www.mivam.com\/izdelek\/rokavice-za-poganjanje-vozicka-mi-vam-atelje-judit\/\" \/>\n<meta property=\"og:site_name\" content=\"Mi Vam\" \/>\n<meta property=\"article:modified_time\" content=\"2025-06-19T11:48:42+00:00\" \/>\n<meta property=\"og:image\" content=\"https:\/\/www.mivam.com\/wp-content\/uploads\/2025\/06\/picture5.png\" \/>\n\t<meta property=\"og:image:width\" content=\"535\" \/>\n\t<meta property=\"og:image:height\" content=\"578\" \/>\n\t<meta property=\"og:image:type\" content=\"image\/png\" \/>\n<meta name=\"twitter:card\" content=\"summary_large_image\" \/>\n<meta name=\"twitter:label1\" content=\"Est. reading time\" \/>\n\t<meta name=\"twitter:data1\" content=\"1 minute\" \/>\n<script type=\"application\/ld+json\" class=\"yoast-schema-graph\">{\"@context\":\"https:\/\/schema.org\",\"@graph\":[{\"@type\":\"WebPage\",\"@id\":\"https:\/\/www.mivam.com\/izdelek\/rokavice-za-poganjanje-vozicka-mi-vam-atelje-judit\/\",\"url\":\"https:\/\/www.mivam.com\/izdelek\/rokavice-za-poganjanje-vozicka-mi-vam-atelje-judit\/\",\"name\":\"Rokavice za poganjanje vozi\u010dka Mi Vam - Atelje Judit - Mi Vam\",\"isPartOf\":{\"@id\":\"https:\/\/www.mivam.com\/#website\"},\"primaryImageOfPage\":{\"@id\":\"https:\/\/www.mivam.com\/izdelek\/rokavice-za-poganjanje-vozicka-mi-vam-atelje-judit\/#primaryimage\"},\"image\":{\"@id\":\"https:\/\/www.mivam.com\/izdelek\/rokavice-za-poganjanje-vozicka-mi-vam-atelje-judit\/#primaryimage\"},\"thumbnailUrl\":\"https:\/\/www.mivam.com\/wp-content\/uploads\/2025\/06\/picture5.png\",\"datePublished\":\"2025-06-17T09:18:07+00:00\",\"dateModified\":\"2025-06-19T11:48:42+00:00\",\"description\":\"1 prst - par Rokavice so zasnovane in izdelane posebej za uporabnike invalidskih vozi\u010dkov z omejenim gibanjem rok, ki te\u017eko nosijo ali nadenejo rokavice. Namesto vstavljanja prstov v rokavico, oblika rokavic omogo\u010da enostavno uporabo. Te objamejo va\u0161o roko in jih pritrdite z enim \u0161irokim jezi\u010dkoma Velcro. Naravna elasti\u010dnost usnja pomaga dr\u017eati rokavice na mestu, medtem ko edinstveni \u0161\u010ditniki na strani dlani z mehkim oprijemom pomagajo prijeti in poganjati pogonske ro\u010daje invalidskega vozi\u010dka. Za udobje, za\u0161\u010dito in vzdr\u017eljivost smo jih oblikovali v podjetju z ve\u010d kot 30 let izku\u0161enj na podro\u010dju. Ti ro\u010daji za invalidske vozi\u010dke so elegantni in enostavni. Na voljo jih je v ve\u010d barvah in velikosti \u00a0- Mali, Srednji, Veliki\",\"breadcrumb\":{\"@id\":\"https:\/\/www.mivam.com\/izdelek\/rokavice-za-poganjanje-vozicka-mi-vam-atelje-judit\/#breadcrumb\"},\"inLanguage\":\"en-US\",\"potentialAction\":[{\"@type\":\"ReadAction\",\"target\":[\"https:\/\/www.mivam.com\/izdelek\/rokavice-za-poganjanje-vozicka-mi-vam-atelje-judit\/\"]}]},{\"@type\":\"ImageObject\",\"inLanguage\":\"en-US\",\"@id\":\"https:\/\/www.mivam.com\/izdelek\/rokavice-za-poganjanje-vozicka-mi-vam-atelje-judit\/#primaryimage\",\"url\":\"https:\/\/www.mivam.com\/wp-content\/uploads\/2025\/06\/picture5.png\",\"contentUrl\":\"https:\/\/www.mivam.com\/wp-content\/uploads\/2025\/06\/picture5.png\",\"width\":535,\"height\":578,\"caption\":\"Rokavice za poganjanje vozi\u010dka - MiVam - Atelje Judit\"},{\"@type\":\"BreadcrumbList\",\"@id\":\"https:\/\/www.mivam.com\/izdelek\/rokavice-za-poganjanje-vozicka-mi-vam-atelje-judit\/#breadcrumb\",\"itemListElement\":[{\"@type\":\"ListItem\",\"position\":1,\"name\":\"Domov\",\"item\":\"https:\/\/www.mivam.com\/\"},{\"@type\":\"ListItem\",\"position\":2,\"name\":\"Shop\",\"item\":\"https:\/\/www.mivam.com\/en\/shop\/\"},{\"@type\":\"ListItem\",\"position\":3,\"name\":\"Invalidski vozi\u010dki in skuterji\",\"item\":\"https:\/\/www.mivam.com\/kategorija-izdelka\/invalidski-vozicki-in-skuterji\/\"},{\"@type\":\"ListItem\",\"position\":4,\"name\":\"Dodatki za invalidski vozi\u010dek\",\"item\":\"https:\/\/www.mivam.com\/kategorija-izdelka\/invalidski-vozicki-in-skuterji\/dodatki-za-invalidski-vozicek\/\"},{\"@type\":\"ListItem\",\"position\":5,\"name\":\"Rokavice za poganjanje vozi\u010dka Mi Vam &#8211; Atelje Judit\"}]},{\"@type\":\"WebSite\",\"@id\":\"https:\/\/www.mivam.com\/#website\",\"url\":\"https:\/\/www.mivam.com\/\",\"name\":\"Mi Vam\",\"description\":\"Medicinski pripomo\u010dki in re\u0161itve za manj odvisno \u017eivljenje.\",\"potentialAction\":[{\"@type\":\"SearchAction\",\"target\":{\"@type\":\"EntryPoint\",\"urlTemplate\":\"https:\/\/www.mivam.com\/?s={search_term_string}\"},\"query-input\":{\"@type\":\"PropertyValueSpecification\",\"valueRequired\":true,\"valueName\":\"search_term_string\"}}],\"inLanguage\":\"en-US\"}]}<\/script>\n<!-- \/ Yoast SEO plugin. -->","yoast_head_json":{"title":"Rokavice za poganjanje vozi\u010dka Mi Vam - Atelje Judit - Mi Vam","description":"1 prst - par  Rokavice so zasnovane in izdelane posebej za uporabnike invalidskih vozi\u010dkov z omejenim gibanjem rok, ki te\u017eko nosijo ali nadenejo rokavice. Namesto vstavljanja prstov v rokavico, oblika rokavic omogo\u010da enostavno uporabo. Te objamejo va\u0161o roko in jih pritrdite z enim \u0161irokim jezi\u010dkoma Velcro. Naravna elasti\u010dnost usnja pomaga dr\u017eati rokavice na mestu, medtem ko edinstveni \u0161\u010ditniki na strani dlani z mehkim oprijemom pomagajo prijeti in poganjati pogonske ro\u010daje invalidskega vozi\u010dka.  Za udobje, za\u0161\u010dito in vzdr\u017eljivost smo jih oblikovali v podjetju z ve\u010d kot 30 let izku\u0161enj na podro\u010dju. Ti ro\u010daji za invalidske vozi\u010dke so elegantni in enostavni.  Na voljo jih je v ve\u010d barvah in velikosti \u00a0- Mali, Srednji, Veliki","robots":{"index":"index","follow":"follow","max-snippet":"max-snippet:-1","max-image-preview":"max-image-preview:large","max-video-preview":"max-video-preview:-1"},"canonical":"https:\/\/www.mivam.com\/izdelek\/rokavice-za-poganjanje-vozicka-mi-vam-atelje-judit\/","og_locale":"en_US","og_type":"article","og_title":"Rokavice za poganjanje vozi\u010dka Mi Vam - Atelje Judit - Mi Vam","og_description":"1 prst - par  Rokavice so zasnovane in izdelane posebej za uporabnike invalidskih vozi\u010dkov z omejenim gibanjem rok, ki te\u017eko nosijo ali nadenejo rokavice. Namesto vstavljanja prstov v rokavico, oblika rokavic omogo\u010da enostavno uporabo. Te objamejo va\u0161o roko in jih pritrdite z enim \u0161irokim jezi\u010dkoma Velcro. Naravna elasti\u010dnost usnja pomaga dr\u017eati rokavice na mestu, medtem ko edinstveni \u0161\u010ditniki na strani dlani z mehkim oprijemom pomagajo prijeti in poganjati pogonske ro\u010daje invalidskega vozi\u010dka.  Za udobje, za\u0161\u010dito in vzdr\u017eljivost smo jih oblikovali v podjetju z ve\u010d kot 30 let izku\u0161enj na podro\u010dju. Ti ro\u010daji za invalidske vozi\u010dke so elegantni in enostavni.  Na voljo jih je v ve\u010d barvah in velikosti \u00a0- Mali, Srednji, Veliki","og_url":"https:\/\/www.mivam.com\/izdelek\/rokavice-za-poganjanje-vozicka-mi-vam-atelje-judit\/","og_site_name":"Mi Vam","article_modified_time":"2025-06-19T11:48:42+00:00","og_image":[{"width":535,"height":578,"url":"https:\/\/www.mivam.com\/wp-content\/uploads\/2025\/06\/picture5.png","type":"image\/png"}],"twitter_card":"summary_large_image","twitter_misc":{"Est. reading time":"1 minute"},"schema":{"@context":"https:\/\/schema.org","@graph":[{"@type":"WebPage","@id":"https:\/\/www.mivam.com\/izdelek\/rokavice-za-poganjanje-vozicka-mi-vam-atelje-judit\/","url":"https:\/\/www.mivam.com\/izdelek\/rokavice-za-poganjanje-vozicka-mi-vam-atelje-judit\/","name":"Rokavice za poganjanje vozi\u010dka Mi Vam - Atelje Judit - Mi Vam","isPartOf":{"@id":"https:\/\/www.mivam.com\/#website"},"primaryImageOfPage":{"@id":"https:\/\/www.mivam.com\/izdelek\/rokavice-za-poganjanje-vozicka-mi-vam-atelje-judit\/#primaryimage"},"image":{"@id":"https:\/\/www.mivam.com\/izdelek\/rokavice-za-poganjanje-vozicka-mi-vam-atelje-judit\/#primaryimage"},"thumbnailUrl":"https:\/\/www.mivam.com\/wp-content\/uploads\/2025\/06\/picture5.png","datePublished":"2025-06-17T09:18:07+00:00","dateModified":"2025-06-19T11:48:42+00:00","description":"1 prst - par Rokavice so zasnovane in izdelane posebej za uporabnike invalidskih vozi\u010dkov z omejenim gibanjem rok, ki te\u017eko nosijo ali nadenejo rokavice. Namesto vstavljanja prstov v rokavico, oblika rokavic omogo\u010da enostavno uporabo. Te objamejo va\u0161o roko in jih pritrdite z enim \u0161irokim jezi\u010dkoma Velcro. Naravna elasti\u010dnost usnja pomaga dr\u017eati rokavice na mestu, medtem ko edinstveni \u0161\u010ditniki na strani dlani z mehkim oprijemom pomagajo prijeti in poganjati pogonske ro\u010daje invalidskega vozi\u010dka. Za udobje, za\u0161\u010dito in vzdr\u017eljivost smo jih oblikovali v podjetju z ve\u010d kot 30 let izku\u0161enj na podro\u010dju. Ti ro\u010daji za invalidske vozi\u010dke so elegantni in enostavni. Na voljo jih je v ve\u010d barvah in velikosti \u00a0- Mali, Srednji, Veliki","breadcrumb":{"@id":"https:\/\/www.mivam.com\/izdelek\/rokavice-za-poganjanje-vozicka-mi-vam-atelje-judit\/#breadcrumb"},"inLanguage":"en-US","potentialAction":[{"@type":"ReadAction","target":["https:\/\/www.mivam.com\/izdelek\/rokavice-za-poganjanje-vozicka-mi-vam-atelje-judit\/"]}]},{"@type":"ImageObject","inLanguage":"en-US","@id":"https:\/\/www.mivam.com\/izdelek\/rokavice-za-poganjanje-vozicka-mi-vam-atelje-judit\/#primaryimage","url":"https:\/\/www.mivam.com\/wp-content\/uploads\/2025\/06\/picture5.png","contentUrl":"https:\/\/www.mivam.com\/wp-content\/uploads\/2025\/06\/picture5.png","width":535,"height":578,"caption":"Rokavice za poganjanje vozi\u010dka - MiVam - Atelje Judit"},{"@type":"BreadcrumbList","@id":"https:\/\/www.mivam.com\/izdelek\/rokavice-za-poganjanje-vozicka-mi-vam-atelje-judit\/#breadcrumb","itemListElement":[{"@type":"ListItem","position":1,"name":"Domov","item":"https:\/\/www.mivam.com\/"},{"@type":"ListItem","position":2,"name":"Shop","item":"https:\/\/www.mivam.com\/en\/shop\/"},{"@type":"ListItem","position":3,"name":"Invalidski vozi\u010dki in skuterji","item":"https:\/\/www.mivam.com\/kategorija-izdelka\/invalidski-vozicki-in-skuterji\/"},{"@type":"ListItem","position":4,"name":"Dodatki za invalidski vozi\u010dek","item":"https:\/\/www.mivam.com\/kategorija-izdelka\/invalidski-vozicki-in-skuterji\/dodatki-za-invalidski-vozicek\/"},{"@type":"ListItem","position":5,"name":"Rokavice za poganjanje vozi\u010dka Mi Vam &#8211; Atelje Judit"}]},{"@type":"WebSite","@id":"https:\/\/www.mivam.com\/#website","url":"https:\/\/www.mivam.com\/","name":"Mi Vam","description":"Medicinski pripomo\u010dki in re\u0161itve za manj odvisno \u017eivljenje.","potentialAction":[{"@type":"SearchAction","target":{"@type":"EntryPoint","urlTemplate":"https:\/\/www.mivam.com\/?s={search_term_string}"},"query-input":{"@type":"PropertyValueSpecification","valueRequired":true,"valueName":"search_term_string"}}],"inLanguage":"en-US"}]}},"_links":{"self":[{"href":"https:\/\/www.mivam.com\/en\/wp-json\/wp\/v2\/product\/7679","targetHints":{"allow":["GET"]}}],"collection":[{"href":"https:\/\/www.mivam.com\/en\/wp-json\/wp\/v2\/product"}],"about":[{"href":"https:\/\/www.mivam.com\/en\/wp-json\/wp\/v2\/types\/product"}],"replies":[{"embeddable":true,"href":"https:\/\/www.mivam.com\/en\/wp-json\/wp\/v2\/comments?post=7679"}],"wp:featuredmedia":[{"embeddable":true,"href":"https:\/\/www.mivam.com\/en\/wp-json\/wp\/v2\/media\/7680"}],"wp:attachment":[{"href":"https:\/\/www.mivam.com\/en\/wp-json\/wp\/v2\/media?parent=7679"}],"wp:term":[{"taxonomy":"product_brand","embeddable":true,"href":"https:\/\/www.mivam.com\/en\/wp-json\/wp\/v2\/product_brand?post=7679"},{"taxonomy":"product_cat","embeddable":true,"href":"https:\/\/www.mivam.com\/en\/wp-json\/wp\/v2\/product_cat?post=7679"},{"taxonomy":"product_tag","embeddable":true,"href":"https:\/\/www.mivam.com\/en\/wp-json\/wp\/v2\/product_tag?post=7679"}],"curies":[{"name":"wp","href":"https:\/\/api.w.org\/{rel}","templated":true}]}}