{"id":7665,"date":"2025-06-17T11:05:58","date_gmt":"2025-06-17T09:05:58","guid":{"rendered":"https:\/\/pisarna.novisplet.com\/dev2\/mivam_old\/?post_type=product&#038;p=7665"},"modified":"2025-06-19T04:50:48","modified_gmt":"2025-06-19T02:50:48","slug":"otroske-rokavice-za-poganjanje-vozicka","status":"publish","type":"product","link":"https:\/\/www.mivam.com\/en\/izdelek\/otroske-rokavice-za-poganjanje-vozicka\/","title":{"rendered":"Otro\u0161ke rokavice za poganjanje vozi\u010dka"},"content":{"rendered":"<div class=\"wpb-content-wrapper\"><p>[vc_row full_width=&#8221;stretch_row&#8221; css=&#8221;.vc_custom_1689764110870{background-color: #f8f9fa !important;}&#8221;][vc_column][vc_empty_space height=&#8221;60px&#8221;][vc_column_text]<\/p>\n<h3 style=\"text-align: left\">Izdelki<\/h3>\n<p>[\/vc_column_text][vc_column_text]Otro\u0161ke rokavice so na voljo v treh razli\u010dnih vrstah:[\/vc_column_text][vc_row_inner][vc_column_inner width=&#8221;1\/3&#8243;][vc_single_image image=&#8221;7678&#8243; img_size=&#8221;large&#8221; alignment=&#8221;right&#8221;][vc_column_text]<\/p>\n<div class=\"product-card-content\">\n<h4 class=\"woocommerce-loop-product__title\"><strong>Strap-N-Roll<\/strong><\/h4>\n<p class=\"woocommerce-loop-product__title\">Usnjena rokavica z zapiralom za trak, ima oprijemljivo dlan, ki olaj\u0161a potiskanje invalidskega vozi\u010dka.<\/p>\n<\/div>\n<p>[\/vc_column_text][\/vc_column_inner][vc_column_inner width=&#8221;1\/3&#8243;][vc_single_image image=&#8221;7675&#8243; img_size=&#8221;large&#8221; alignment=&#8221;right&#8221;][vc_column_text]<\/p>\n<div class=\"product-card-content\">\n<h4>Rokavice Gator<\/h4>\n<p>Usnjene rokavice z zapiralom na je\u017eka, ima oprijemljivo dlan, ki olaj\u0161a potiskanje invalidskega vozi\u010dka:<\/p>\n<\/div>\n<p>[\/vc_column_text][\/vc_column_inner][vc_column_inner width=&#8221;1\/3&#8243;][vc_single_image image=&#8221;7677&#8243; img_size=&#8221;large&#8221; alignment=&#8221;right&#8221;][vc_column_text]<\/p>\n<div class=\"product-card-content\">\n<h4>Gel-palm<\/h4>\n<p>Usnjena rokavica z gelno podlogo v dlani za dodatno udobje, vsebuje tudi elemente iz frotirja in gela. Ima odsevne cevi za no\u010dno vidljivost in zanke za prste za la\u017eje odstranjevanje. Oprijemljiva dlan pomaga tudi pri la\u017ejem potiskanju invalidskega vozi\u010dka.<\/p>\n<\/div>\n<p>[\/vc_column_text][\/vc_column_inner][\/vc_row_inner][vc_empty_space height=&#8221;60px&#8221;][\/vc_column][\/vc_row]<\/p>\n<\/div>","protected":false},"excerpt":{"rendered":"<p>Te usnjene rokavice za invalidske vozi\u010dke so narejene posebej za otroke. Rokavice v slogu &#8220;Strap N Roll&#8221; so nastavljive velikosti in lahko rastejo z otrokovimi rokami. Dlan je oja\u010dana z na\u0161o posebno tkanino za oprijem, ki olaj\u0161a potiskanje. Notranjost je podlo\u017eena s posebno tekstilno podlogo, kar pomeni, da otro\u0161ka roka ni v stiku z usnjem.<\/p>\n","protected":false},"featured_media":7670,"comment_status":"closed","ping_status":"closed","template":"","meta":[],"product_brand":[],"product_cat":[77],"product_tag":[609,621,268,614,619,610,157,606,608,607,605,618,617,616,620],"class_list":{"0":"post-7665","1":"product","2":"type-product","3":"status-publish","4":"has-post-thumbnail","6":"product_cat-dodatki-za-invalidski-vozicek","7":"product_tag-609","8":"product_tag-gator","9":"product_tag-gel","10":"product_tag-gel-palm","11":"product_tag-kvadriplegik","12":"product_tag-rehadesign","13":"product_tag-rokavice","14":"product_tag-rokavice-invalidi","15":"product_tag-rokavice-invalidski-vozicek","16":"product_tag-rokavice-vozicek","17":"product_tag-rokavice-za-poganjanje-vozicka","18":"product_tag-roll","19":"product_tag-strap","20":"product_tag-strap-n-roll","21":"product_tag-tetraplegik","23":"first","24":"instock","25":"taxable","26":"shipping-taxable","27":"purchasable","28":"product-type-simple"},"yoast_head":"<!-- This site is optimized with the Yoast SEO plugin v24.0 - https:\/\/yoast.com\/wordpress\/plugins\/seo\/ -->\n<title>Otro\u0161ke rokavice za poganjanje vozi\u010dka - Mi Vam<\/title>\n<meta name=\"description\" content=\"Te usnjene rokavice za invalidske vozi\u010dke so narejene posebej za otroke. Rokavice v slogu &quot;Strap N Roll&quot; so nastavljive velikosti in lahko rastejo z otrokovimi rokami. Dlan je oja\u010dana z na\u0161o posebno tkanino za oprijem, ki olaj\u0161a potiskanje. Notranjost je podlo\u017eena s posebno tekstilno podlogo, kar pomeni, da otro\u0161ka roka ni v stiku z usnjem.\" \/>\n<meta name=\"robots\" content=\"index, follow, max-snippet:-1, max-image-preview:large, max-video-preview:-1\" \/>\n<link rel=\"canonical\" href=\"https:\/\/www.mivam.com\/izdelek\/otroske-rokavice-za-poganjanje-vozicka\/\" \/>\n<meta property=\"og:locale\" content=\"en_US\" \/>\n<meta property=\"og:type\" content=\"article\" \/>\n<meta property=\"og:title\" content=\"Otro\u0161ke rokavice za poganjanje vozi\u010dka - Mi Vam\" \/>\n<meta property=\"og:description\" content=\"Te usnjene rokavice za invalidske vozi\u010dke so narejene posebej za otroke. Rokavice v slogu &quot;Strap N Roll&quot; so nastavljive velikosti in lahko rastejo z otrokovimi rokami. Dlan je oja\u010dana z na\u0161o posebno tkanino za oprijem, ki olaj\u0161a potiskanje. Notranjost je podlo\u017eena s posebno tekstilno podlogo, kar pomeni, da otro\u0161ka roka ni v stiku z usnjem.\" \/>\n<meta property=\"og:url\" content=\"https:\/\/www.mivam.com\/izdelek\/otroske-rokavice-za-poganjanje-vozicka\/\" \/>\n<meta property=\"og:site_name\" content=\"Mi Vam\" \/>\n<meta property=\"article:modified_time\" content=\"2025-06-19T02:50:48+00:00\" \/>\n<meta property=\"og:image\" content=\"https:\/\/www.mivam.com\/wp-content\/uploads\/2025\/06\/kids-wheelchair-glove.jpg\" \/>\n\t<meta property=\"og:image:width\" content=\"600\" \/>\n\t<meta property=\"og:image:height\" content=\"619\" \/>\n\t<meta property=\"og:image:type\" content=\"image\/jpeg\" \/>\n<meta name=\"twitter:card\" content=\"summary_large_image\" \/>\n<meta name=\"twitter:label1\" content=\"Est. reading time\" \/>\n\t<meta name=\"twitter:data1\" content=\"1 minute\" \/>\n<script type=\"application\/ld+json\" class=\"yoast-schema-graph\">{\"@context\":\"https:\/\/schema.org\",\"@graph\":[{\"@type\":\"WebPage\",\"@id\":\"https:\/\/www.mivam.com\/izdelek\/otroske-rokavice-za-poganjanje-vozicka\/\",\"url\":\"https:\/\/www.mivam.com\/izdelek\/otroske-rokavice-za-poganjanje-vozicka\/\",\"name\":\"Otro\u0161ke rokavice za poganjanje vozi\u010dka - Mi Vam\",\"isPartOf\":{\"@id\":\"https:\/\/www.mivam.com\/#website\"},\"primaryImageOfPage\":{\"@id\":\"https:\/\/www.mivam.com\/izdelek\/otroske-rokavice-za-poganjanje-vozicka\/#primaryimage\"},\"image\":{\"@id\":\"https:\/\/www.mivam.com\/izdelek\/otroske-rokavice-za-poganjanje-vozicka\/#primaryimage\"},\"thumbnailUrl\":\"https:\/\/www.mivam.com\/wp-content\/uploads\/2025\/06\/kids-wheelchair-glove.jpg\",\"datePublished\":\"2025-06-17T09:05:58+00:00\",\"dateModified\":\"2025-06-19T02:50:48+00:00\",\"description\":\"Te usnjene rokavice za invalidske vozi\u010dke so narejene posebej za otroke. Rokavice v slogu \\\"Strap N Roll\\\" so nastavljive velikosti in lahko rastejo z otrokovimi rokami. Dlan je oja\u010dana z na\u0161o posebno tkanino za oprijem, ki olaj\u0161a potiskanje. Notranjost je podlo\u017eena s posebno tekstilno podlogo, kar pomeni, da otro\u0161ka roka ni v stiku z usnjem.\",\"breadcrumb\":{\"@id\":\"https:\/\/www.mivam.com\/izdelek\/otroske-rokavice-za-poganjanje-vozicka\/#breadcrumb\"},\"inLanguage\":\"en-US\",\"potentialAction\":[{\"@type\":\"ReadAction\",\"target\":[\"https:\/\/www.mivam.com\/izdelek\/otroske-rokavice-za-poganjanje-vozicka\/\"]}]},{\"@type\":\"ImageObject\",\"inLanguage\":\"en-US\",\"@id\":\"https:\/\/www.mivam.com\/izdelek\/otroske-rokavice-za-poganjanje-vozicka\/#primaryimage\",\"url\":\"https:\/\/www.mivam.com\/wp-content\/uploads\/2025\/06\/kids-wheelchair-glove.jpg\",\"contentUrl\":\"https:\/\/www.mivam.com\/wp-content\/uploads\/2025\/06\/kids-wheelchair-glove.jpg\",\"width\":600,\"height\":619,\"caption\":\"Otro\u0161ke rokavice za poganjanje vozi\u010dka\"},{\"@type\":\"BreadcrumbList\",\"@id\":\"https:\/\/www.mivam.com\/izdelek\/otroske-rokavice-za-poganjanje-vozicka\/#breadcrumb\",\"itemListElement\":[{\"@type\":\"ListItem\",\"position\":1,\"name\":\"Domov\",\"item\":\"https:\/\/www.mivam.com\/\"},{\"@type\":\"ListItem\",\"position\":2,\"name\":\"Shop\",\"item\":\"https:\/\/www.mivam.com\/en\/shop\/\"},{\"@type\":\"ListItem\",\"position\":3,\"name\":\"Invalidski vozi\u010dki in skuterji\",\"item\":\"https:\/\/www.mivam.com\/kategorija-izdelka\/invalidski-vozicki-in-skuterji\/\"},{\"@type\":\"ListItem\",\"position\":4,\"name\":\"Dodatki za invalidski vozi\u010dek\",\"item\":\"https:\/\/www.mivam.com\/kategorija-izdelka\/invalidski-vozicki-in-skuterji\/dodatki-za-invalidski-vozicek\/\"},{\"@type\":\"ListItem\",\"position\":5,\"name\":\"Otro\u0161ke rokavice za poganjanje vozi\u010dka\"}]},{\"@type\":\"WebSite\",\"@id\":\"https:\/\/www.mivam.com\/#website\",\"url\":\"https:\/\/www.mivam.com\/\",\"name\":\"Mi Vam\",\"description\":\"Medicinski pripomo\u010dki in re\u0161itve za manj odvisno \u017eivljenje.\",\"potentialAction\":[{\"@type\":\"SearchAction\",\"target\":{\"@type\":\"EntryPoint\",\"urlTemplate\":\"https:\/\/www.mivam.com\/?s={search_term_string}\"},\"query-input\":{\"@type\":\"PropertyValueSpecification\",\"valueRequired\":true,\"valueName\":\"search_term_string\"}}],\"inLanguage\":\"en-US\"}]}<\/script>\n<!-- \/ Yoast SEO plugin. -->","yoast_head_json":{"title":"Otro\u0161ke rokavice za poganjanje vozi\u010dka - Mi Vam","description":"Te usnjene rokavice za invalidske vozi\u010dke so narejene posebej za otroke. Rokavice v slogu \"Strap N Roll\" so nastavljive velikosti in lahko rastejo z otrokovimi rokami. Dlan je oja\u010dana z na\u0161o posebno tkanino za oprijem, ki olaj\u0161a potiskanje. Notranjost je podlo\u017eena s posebno tekstilno podlogo, kar pomeni, da otro\u0161ka roka ni v stiku z usnjem.","robots":{"index":"index","follow":"follow","max-snippet":"max-snippet:-1","max-image-preview":"max-image-preview:large","max-video-preview":"max-video-preview:-1"},"canonical":"https:\/\/www.mivam.com\/izdelek\/otroske-rokavice-za-poganjanje-vozicka\/","og_locale":"en_US","og_type":"article","og_title":"Otro\u0161ke rokavice za poganjanje vozi\u010dka - Mi Vam","og_description":"Te usnjene rokavice za invalidske vozi\u010dke so narejene posebej za otroke. Rokavice v slogu \"Strap N Roll\" so nastavljive velikosti in lahko rastejo z otrokovimi rokami. Dlan je oja\u010dana z na\u0161o posebno tkanino za oprijem, ki olaj\u0161a potiskanje. Notranjost je podlo\u017eena s posebno tekstilno podlogo, kar pomeni, da otro\u0161ka roka ni v stiku z usnjem.","og_url":"https:\/\/www.mivam.com\/izdelek\/otroske-rokavice-za-poganjanje-vozicka\/","og_site_name":"Mi Vam","article_modified_time":"2025-06-19T02:50:48+00:00","og_image":[{"width":600,"height":619,"url":"https:\/\/www.mivam.com\/wp-content\/uploads\/2025\/06\/kids-wheelchair-glove.jpg","type":"image\/jpeg"}],"twitter_card":"summary_large_image","twitter_misc":{"Est. reading time":"1 minute"},"schema":{"@context":"https:\/\/schema.org","@graph":[{"@type":"WebPage","@id":"https:\/\/www.mivam.com\/izdelek\/otroske-rokavice-za-poganjanje-vozicka\/","url":"https:\/\/www.mivam.com\/izdelek\/otroske-rokavice-za-poganjanje-vozicka\/","name":"Otro\u0161ke rokavice za poganjanje vozi\u010dka - Mi Vam","isPartOf":{"@id":"https:\/\/www.mivam.com\/#website"},"primaryImageOfPage":{"@id":"https:\/\/www.mivam.com\/izdelek\/otroske-rokavice-za-poganjanje-vozicka\/#primaryimage"},"image":{"@id":"https:\/\/www.mivam.com\/izdelek\/otroske-rokavice-za-poganjanje-vozicka\/#primaryimage"},"thumbnailUrl":"https:\/\/www.mivam.com\/wp-content\/uploads\/2025\/06\/kids-wheelchair-glove.jpg","datePublished":"2025-06-17T09:05:58+00:00","dateModified":"2025-06-19T02:50:48+00:00","description":"Te usnjene rokavice za invalidske vozi\u010dke so narejene posebej za otroke. Rokavice v slogu \"Strap N Roll\" so nastavljive velikosti in lahko rastejo z otrokovimi rokami. Dlan je oja\u010dana z na\u0161o posebno tkanino za oprijem, ki olaj\u0161a potiskanje. Notranjost je podlo\u017eena s posebno tekstilno podlogo, kar pomeni, da otro\u0161ka roka ni v stiku z usnjem.","breadcrumb":{"@id":"https:\/\/www.mivam.com\/izdelek\/otroske-rokavice-za-poganjanje-vozicka\/#breadcrumb"},"inLanguage":"en-US","potentialAction":[{"@type":"ReadAction","target":["https:\/\/www.mivam.com\/izdelek\/otroske-rokavice-za-poganjanje-vozicka\/"]}]},{"@type":"ImageObject","inLanguage":"en-US","@id":"https:\/\/www.mivam.com\/izdelek\/otroske-rokavice-za-poganjanje-vozicka\/#primaryimage","url":"https:\/\/www.mivam.com\/wp-content\/uploads\/2025\/06\/kids-wheelchair-glove.jpg","contentUrl":"https:\/\/www.mivam.com\/wp-content\/uploads\/2025\/06\/kids-wheelchair-glove.jpg","width":600,"height":619,"caption":"Otro\u0161ke rokavice za poganjanje vozi\u010dka"},{"@type":"BreadcrumbList","@id":"https:\/\/www.mivam.com\/izdelek\/otroske-rokavice-za-poganjanje-vozicka\/#breadcrumb","itemListElement":[{"@type":"ListItem","position":1,"name":"Domov","item":"https:\/\/www.mivam.com\/"},{"@type":"ListItem","position":2,"name":"Shop","item":"https:\/\/www.mivam.com\/en\/shop\/"},{"@type":"ListItem","position":3,"name":"Invalidski vozi\u010dki in skuterji","item":"https:\/\/www.mivam.com\/kategorija-izdelka\/invalidski-vozicki-in-skuterji\/"},{"@type":"ListItem","position":4,"name":"Dodatki za invalidski vozi\u010dek","item":"https:\/\/www.mivam.com\/kategorija-izdelka\/invalidski-vozicki-in-skuterji\/dodatki-za-invalidski-vozicek\/"},{"@type":"ListItem","position":5,"name":"Otro\u0161ke rokavice za poganjanje vozi\u010dka"}]},{"@type":"WebSite","@id":"https:\/\/www.mivam.com\/#website","url":"https:\/\/www.mivam.com\/","name":"Mi Vam","description":"Medicinski pripomo\u010dki in re\u0161itve za manj odvisno \u017eivljenje.","potentialAction":[{"@type":"SearchAction","target":{"@type":"EntryPoint","urlTemplate":"https:\/\/www.mivam.com\/?s={search_term_string}"},"query-input":{"@type":"PropertyValueSpecification","valueRequired":true,"valueName":"search_term_string"}}],"inLanguage":"en-US"}]}},"_links":{"self":[{"href":"https:\/\/www.mivam.com\/en\/wp-json\/wp\/v2\/product\/7665","targetHints":{"allow":["GET"]}}],"collection":[{"href":"https:\/\/www.mivam.com\/en\/wp-json\/wp\/v2\/product"}],"about":[{"href":"https:\/\/www.mivam.com\/en\/wp-json\/wp\/v2\/types\/product"}],"replies":[{"embeddable":true,"href":"https:\/\/www.mivam.com\/en\/wp-json\/wp\/v2\/comments?post=7665"}],"wp:featuredmedia":[{"embeddable":true,"href":"https:\/\/www.mivam.com\/en\/wp-json\/wp\/v2\/media\/7670"}],"wp:attachment":[{"href":"https:\/\/www.mivam.com\/en\/wp-json\/wp\/v2\/media?parent=7665"}],"wp:term":[{"taxonomy":"product_brand","embeddable":true,"href":"https:\/\/www.mivam.com\/en\/wp-json\/wp\/v2\/product_brand?post=7665"},{"taxonomy":"product_cat","embeddable":true,"href":"https:\/\/www.mivam.com\/en\/wp-json\/wp\/v2\/product_cat?post=7665"},{"taxonomy":"product_tag","embeddable":true,"href":"https:\/\/www.mivam.com\/en\/wp-json\/wp\/v2\/product_tag?post=7665"}],"curies":[{"name":"wp","href":"https:\/\/api.w.org\/{rel}","templated":true}]}}