{"id":7650,"date":"2025-06-17T10:47:36","date_gmt":"2025-06-17T08:47:36","guid":{"rendered":"https:\/\/pisarna.novisplet.com\/dev2\/mivam_old\/?post_type=product&#038;p=7650"},"modified":"2025-06-19T14:45:44","modified_gmt":"2025-06-19T12:45:44","slug":"rokavice-za-poganjanje-vozicka-gel-palm","status":"publish","type":"product","link":"https:\/\/www.mivam.com\/en\/izdelek\/rokavice-za-poganjanje-vozicka-gel-palm\/","title":{"rendered":"Rokavice za poganjanje vozi\u010dka &#8211; Gel Palm"},"content":{"rendered":"<p>Gel-Palm so usnjene rokavice z gelno blazinico v predelu za dlani za maksimalno udobje. Gel pomaga za\u0161\u010dititi va\u0161e roke, ko udarite po potisnih obro\u010dih, poleg tega pa je bolj udoben za ljudi z bole\u010dinami v rokah. Na zadnji strani je odsevna obroba, ki izbolj\u0161a vidljivost pono\u010di. Zanke za prste olaj\u0161ajo odstranjevanje rokavic. Gel-Palm ima na\u0161o posebno nedrse\u010do tkanino na dlani rokavice za la\u017eje potiskanje invalidskega vozi\u010dka. Gel rokavice za invalidske vozi\u010dke so zasnovane za udobje in vsakodnevno uporabo. Za bolj aktivno uporabo priporo\u010damo rokavice Ultra-Grrrip ali Ultra-Grrrip 4-Sezone.<\/p>\n","protected":false},"excerpt":{"rendered":"<p>Gel-Palm so usnjene rokavice z gelno blazinico v predelu za dlani za maksimalno udobje. Gel pomaga za\u0161\u010dititi va\u0161e roke, ko udarite po potisnih obro\u010dih, poleg tega pa je bolj udoben za ljudi z bole\u010dinami v rokah. Na zadnji strani je odsevna obroba, ki izbolj\u0161a vidljivost pono\u010di. Zanke za prste olaj\u0161ajo odstranjevanje rokavic. Gel-Palm ima na\u0161o posebno nedrse\u010do tkanino na dlani rokavice za la\u017eje potiskanje invalidskega vozi\u010dka. Gel rokavice za invalidske vozi\u010dke so zasnovane za udobje in vsakodnevno uporabo. Za bolj aktivno uporabo priporo\u010damo rokavice Ultra-Grrrip ali Ultra-Grrrip 4-Sezone.<\/p>\n","protected":false},"featured_media":7652,"comment_status":"closed","ping_status":"closed","template":"","meta":[],"product_brand":[],"product_cat":[77],"product_tag":[609,268,614,615,610,157,606,608,607,605],"class_list":{"0":"post-7650","1":"product","2":"type-product","3":"status-publish","4":"has-post-thumbnail","6":"product_cat-dodatki-za-invalidski-vozicek","7":"product_tag-609","8":"product_tag-gel","9":"product_tag-gel-palm","10":"product_tag-palm","11":"product_tag-rehadesign","12":"product_tag-rokavice","13":"product_tag-rokavice-invalidi","14":"product_tag-rokavice-invalidski-vozicek","15":"product_tag-rokavice-vozicek","16":"product_tag-rokavice-za-poganjanje-vozicka","18":"first","19":"onbackorder","20":"taxable","21":"shipping-taxable","22":"purchasable","23":"product-type-variable","24":"has-default-attributes"},"yoast_head":"<!-- This site is optimized with the Yoast SEO plugin v24.0 - https:\/\/yoast.com\/wordpress\/plugins\/seo\/ -->\n<title>Rokavice za poganjanje vozi\u010dka - Gel Palm - Mi Vam<\/title>\n<meta name=\"description\" content=\"Gel-Palm so usnjene rokavice z gelno blazinico v predelu za dlani za maksimalno udobje. Gel pomaga za\u0161\u010dititi va\u0161e roke, ko udarite po potisnih obro\u010dih,\" \/>\n<meta name=\"robots\" content=\"index, follow, max-snippet:-1, max-image-preview:large, max-video-preview:-1\" \/>\n<link rel=\"canonical\" href=\"https:\/\/www.mivam.com\/izdelek\/rokavice-za-poganjanje-vozicka-gel-palm\/\" \/>\n<meta property=\"og:locale\" content=\"en_US\" \/>\n<meta property=\"og:type\" content=\"article\" \/>\n<meta property=\"og:title\" content=\"Rokavice za poganjanje vozi\u010dka - Gel Palm - Mi Vam\" \/>\n<meta property=\"og:description\" content=\"Gel-Palm so usnjene rokavice z gelno blazinico v predelu za dlani za maksimalno udobje. Gel pomaga za\u0161\u010dititi va\u0161e roke, ko udarite po potisnih obro\u010dih,\" \/>\n<meta property=\"og:url\" content=\"https:\/\/www.mivam.com\/izdelek\/rokavice-za-poganjanje-vozicka-gel-palm\/\" \/>\n<meta property=\"og:site_name\" content=\"Mi Vam\" \/>\n<meta property=\"article:modified_time\" content=\"2025-06-19T12:45:44+00:00\" \/>\n<meta property=\"og:image\" content=\"https:\/\/www.mivam.com\/wp-content\/uploads\/2025\/06\/rehadesign-gloves-web-1.jpg\" \/>\n\t<meta property=\"og:image:width\" content=\"2048\" \/>\n\t<meta property=\"og:image:height\" content=\"1365\" \/>\n\t<meta property=\"og:image:type\" content=\"image\/jpeg\" \/>\n<meta name=\"twitter:card\" content=\"summary_large_image\" \/>\n<meta name=\"twitter:label1\" content=\"Est. reading time\" \/>\n\t<meta name=\"twitter:data1\" content=\"1 minute\" \/>\n<script type=\"application\/ld+json\" class=\"yoast-schema-graph\">{\"@context\":\"https:\/\/schema.org\",\"@graph\":[{\"@type\":\"WebPage\",\"@id\":\"https:\/\/www.mivam.com\/izdelek\/rokavice-za-poganjanje-vozicka-gel-palm\/\",\"url\":\"https:\/\/www.mivam.com\/izdelek\/rokavice-za-poganjanje-vozicka-gel-palm\/\",\"name\":\"Rokavice za poganjanje vozi\u010dka - Gel Palm - Mi Vam\",\"isPartOf\":{\"@id\":\"https:\/\/www.mivam.com\/#website\"},\"primaryImageOfPage\":{\"@id\":\"https:\/\/www.mivam.com\/izdelek\/rokavice-za-poganjanje-vozicka-gel-palm\/#primaryimage\"},\"image\":{\"@id\":\"https:\/\/www.mivam.com\/izdelek\/rokavice-za-poganjanje-vozicka-gel-palm\/#primaryimage\"},\"thumbnailUrl\":\"https:\/\/www.mivam.com\/wp-content\/uploads\/2025\/06\/rehadesign-gloves-web-1.jpg\",\"datePublished\":\"2025-06-17T08:47:36+00:00\",\"dateModified\":\"2025-06-19T12:45:44+00:00\",\"description\":\"Gel-Palm so usnjene rokavice z gelno blazinico v predelu za dlani za maksimalno udobje. Gel pomaga za\u0161\u010dititi va\u0161e roke, ko udarite po potisnih obro\u010dih,\",\"breadcrumb\":{\"@id\":\"https:\/\/www.mivam.com\/izdelek\/rokavice-za-poganjanje-vozicka-gel-palm\/#breadcrumb\"},\"inLanguage\":\"en-US\",\"potentialAction\":[{\"@type\":\"ReadAction\",\"target\":[\"https:\/\/www.mivam.com\/izdelek\/rokavice-za-poganjanje-vozicka-gel-palm\/\"]}]},{\"@type\":\"ImageObject\",\"inLanguage\":\"en-US\",\"@id\":\"https:\/\/www.mivam.com\/izdelek\/rokavice-za-poganjanje-vozicka-gel-palm\/#primaryimage\",\"url\":\"https:\/\/www.mivam.com\/wp-content\/uploads\/2025\/06\/rehadesign-gloves-web-1.jpg\",\"contentUrl\":\"https:\/\/www.mivam.com\/wp-content\/uploads\/2025\/06\/rehadesign-gloves-web-1.jpg\",\"width\":2048,\"height\":1365,\"caption\":\"Rokavice za poganjanje vozi\u010dka - Gel Palm\"},{\"@type\":\"BreadcrumbList\",\"@id\":\"https:\/\/www.mivam.com\/izdelek\/rokavice-za-poganjanje-vozicka-gel-palm\/#breadcrumb\",\"itemListElement\":[{\"@type\":\"ListItem\",\"position\":1,\"name\":\"Domov\",\"item\":\"https:\/\/www.mivam.com\/\"},{\"@type\":\"ListItem\",\"position\":2,\"name\":\"Shop\",\"item\":\"https:\/\/www.mivam.com\/en\/shop\/\"},{\"@type\":\"ListItem\",\"position\":3,\"name\":\"Invalidski vozi\u010dki in skuterji\",\"item\":\"https:\/\/www.mivam.com\/kategorija-izdelka\/invalidski-vozicki-in-skuterji\/\"},{\"@type\":\"ListItem\",\"position\":4,\"name\":\"Dodatki za invalidski vozi\u010dek\",\"item\":\"https:\/\/www.mivam.com\/kategorija-izdelka\/invalidski-vozicki-in-skuterji\/dodatki-za-invalidski-vozicek\/\"},{\"@type\":\"ListItem\",\"position\":5,\"name\":\"Rokavice za poganjanje vozi\u010dka &#8211; Gel Palm\"}]},{\"@type\":\"WebSite\",\"@id\":\"https:\/\/www.mivam.com\/#website\",\"url\":\"https:\/\/www.mivam.com\/\",\"name\":\"Mi Vam\",\"description\":\"Medicinski pripomo\u010dki in re\u0161itve za manj odvisno \u017eivljenje.\",\"potentialAction\":[{\"@type\":\"SearchAction\",\"target\":{\"@type\":\"EntryPoint\",\"urlTemplate\":\"https:\/\/www.mivam.com\/?s={search_term_string}\"},\"query-input\":{\"@type\":\"PropertyValueSpecification\",\"valueRequired\":true,\"valueName\":\"search_term_string\"}}],\"inLanguage\":\"en-US\"}]}<\/script>\n<!-- \/ Yoast SEO plugin. -->","yoast_head_json":{"title":"Rokavice za poganjanje vozi\u010dka - Gel Palm - Mi Vam","description":"Gel-Palm so usnjene rokavice z gelno blazinico v predelu za dlani za maksimalno udobje. Gel pomaga za\u0161\u010dititi va\u0161e roke, ko udarite po potisnih obro\u010dih,","robots":{"index":"index","follow":"follow","max-snippet":"max-snippet:-1","max-image-preview":"max-image-preview:large","max-video-preview":"max-video-preview:-1"},"canonical":"https:\/\/www.mivam.com\/izdelek\/rokavice-za-poganjanje-vozicka-gel-palm\/","og_locale":"en_US","og_type":"article","og_title":"Rokavice za poganjanje vozi\u010dka - Gel Palm - Mi Vam","og_description":"Gel-Palm so usnjene rokavice z gelno blazinico v predelu za dlani za maksimalno udobje. Gel pomaga za\u0161\u010dititi va\u0161e roke, ko udarite po potisnih obro\u010dih,","og_url":"https:\/\/www.mivam.com\/izdelek\/rokavice-za-poganjanje-vozicka-gel-palm\/","og_site_name":"Mi Vam","article_modified_time":"2025-06-19T12:45:44+00:00","og_image":[{"width":2048,"height":1365,"url":"https:\/\/www.mivam.com\/wp-content\/uploads\/2025\/06\/rehadesign-gloves-web-1.jpg","type":"image\/jpeg"}],"twitter_card":"summary_large_image","twitter_misc":{"Est. reading time":"1 minute"},"schema":{"@context":"https:\/\/schema.org","@graph":[{"@type":"WebPage","@id":"https:\/\/www.mivam.com\/izdelek\/rokavice-za-poganjanje-vozicka-gel-palm\/","url":"https:\/\/www.mivam.com\/izdelek\/rokavice-za-poganjanje-vozicka-gel-palm\/","name":"Rokavice za poganjanje vozi\u010dka - Gel Palm - Mi Vam","isPartOf":{"@id":"https:\/\/www.mivam.com\/#website"},"primaryImageOfPage":{"@id":"https:\/\/www.mivam.com\/izdelek\/rokavice-za-poganjanje-vozicka-gel-palm\/#primaryimage"},"image":{"@id":"https:\/\/www.mivam.com\/izdelek\/rokavice-za-poganjanje-vozicka-gel-palm\/#primaryimage"},"thumbnailUrl":"https:\/\/www.mivam.com\/wp-content\/uploads\/2025\/06\/rehadesign-gloves-web-1.jpg","datePublished":"2025-06-17T08:47:36+00:00","dateModified":"2025-06-19T12:45:44+00:00","description":"Gel-Palm so usnjene rokavice z gelno blazinico v predelu za dlani za maksimalno udobje. Gel pomaga za\u0161\u010dititi va\u0161e roke, ko udarite po potisnih obro\u010dih,","breadcrumb":{"@id":"https:\/\/www.mivam.com\/izdelek\/rokavice-za-poganjanje-vozicka-gel-palm\/#breadcrumb"},"inLanguage":"en-US","potentialAction":[{"@type":"ReadAction","target":["https:\/\/www.mivam.com\/izdelek\/rokavice-za-poganjanje-vozicka-gel-palm\/"]}]},{"@type":"ImageObject","inLanguage":"en-US","@id":"https:\/\/www.mivam.com\/izdelek\/rokavice-za-poganjanje-vozicka-gel-palm\/#primaryimage","url":"https:\/\/www.mivam.com\/wp-content\/uploads\/2025\/06\/rehadesign-gloves-web-1.jpg","contentUrl":"https:\/\/www.mivam.com\/wp-content\/uploads\/2025\/06\/rehadesign-gloves-web-1.jpg","width":2048,"height":1365,"caption":"Rokavice za poganjanje vozi\u010dka - Gel Palm"},{"@type":"BreadcrumbList","@id":"https:\/\/www.mivam.com\/izdelek\/rokavice-za-poganjanje-vozicka-gel-palm\/#breadcrumb","itemListElement":[{"@type":"ListItem","position":1,"name":"Domov","item":"https:\/\/www.mivam.com\/"},{"@type":"ListItem","position":2,"name":"Shop","item":"https:\/\/www.mivam.com\/en\/shop\/"},{"@type":"ListItem","position":3,"name":"Invalidski vozi\u010dki in skuterji","item":"https:\/\/www.mivam.com\/kategorija-izdelka\/invalidski-vozicki-in-skuterji\/"},{"@type":"ListItem","position":4,"name":"Dodatki za invalidski vozi\u010dek","item":"https:\/\/www.mivam.com\/kategorija-izdelka\/invalidski-vozicki-in-skuterji\/dodatki-za-invalidski-vozicek\/"},{"@type":"ListItem","position":5,"name":"Rokavice za poganjanje vozi\u010dka &#8211; Gel Palm"}]},{"@type":"WebSite","@id":"https:\/\/www.mivam.com\/#website","url":"https:\/\/www.mivam.com\/","name":"Mi Vam","description":"Medicinski pripomo\u010dki in re\u0161itve za manj odvisno \u017eivljenje.","potentialAction":[{"@type":"SearchAction","target":{"@type":"EntryPoint","urlTemplate":"https:\/\/www.mivam.com\/?s={search_term_string}"},"query-input":{"@type":"PropertyValueSpecification","valueRequired":true,"valueName":"search_term_string"}}],"inLanguage":"en-US"}]}},"_links":{"self":[{"href":"https:\/\/www.mivam.com\/en\/wp-json\/wp\/v2\/product\/7650","targetHints":{"allow":["GET"]}}],"collection":[{"href":"https:\/\/www.mivam.com\/en\/wp-json\/wp\/v2\/product"}],"about":[{"href":"https:\/\/www.mivam.com\/en\/wp-json\/wp\/v2\/types\/product"}],"replies":[{"embeddable":true,"href":"https:\/\/www.mivam.com\/en\/wp-json\/wp\/v2\/comments?post=7650"}],"wp:featuredmedia":[{"embeddable":true,"href":"https:\/\/www.mivam.com\/en\/wp-json\/wp\/v2\/media\/7652"}],"wp:attachment":[{"href":"https:\/\/www.mivam.com\/en\/wp-json\/wp\/v2\/media?parent=7650"}],"wp:term":[{"taxonomy":"product_brand","embeddable":true,"href":"https:\/\/www.mivam.com\/en\/wp-json\/wp\/v2\/product_brand?post=7650"},{"taxonomy":"product_cat","embeddable":true,"href":"https:\/\/www.mivam.com\/en\/wp-json\/wp\/v2\/product_cat?post=7650"},{"taxonomy":"product_tag","embeddable":true,"href":"https:\/\/www.mivam.com\/en\/wp-json\/wp\/v2\/product_tag?post=7650"}],"curies":[{"name":"wp","href":"https:\/\/api.w.org\/{rel}","templated":true}]}}