{"id":7647,"date":"2025-06-17T10:46:55","date_gmt":"2025-06-17T08:46:55","guid":{"rendered":"https:\/\/pisarna.novisplet.com\/dev2\/mivam_old\/?post_type=product&#038;p=7647"},"modified":"2025-06-19T14:48:39","modified_gmt":"2025-06-19T12:48:39","slug":"rokavice-za-poganjanje-vozicka-ultra-grip","status":"publish","type":"product","link":"https:\/\/www.mivam.com\/en\/izdelek\/rokavice-za-poganjanje-vozicka-ultra-grip\/","title":{"rendered":"Rokavice za poganjanje vozi\u010dka &#8211; Ultra Grip"},"content":{"rendered":"<p>Rokavice Ultra-Grrrip so visokokakovostne usnjene rokavice s posebnim materialom za oprijem, ki je vgrajen v dlan za izbolj\u0161ano delovanje in oprijem tudi v mokrem vremenu. Na notranji strani rokavice je tekstilna tkanina, tako da va\u0161a roka nikoli ne pride v neposreden stik z usnjem, kar prepre\u010duje prenos barve. Te rokavice za invalidske vozi\u010dke so zasnovane za aktivne uporabnike invalidskih vozi\u010dkov. Za hladno vreme razmislite o rokavicah za invalidske vozi\u010dke Ultra-Grrrip 4-Sezone.<\/p>\n","protected":false},"excerpt":{"rendered":"<p>Rokavice Ultra-Grrrip so visokokakovostne usnjene rokavice s posebnim materialom za oprijem, ki je vgrajen v dlan za izbolj\u0161ano delovanje in oprijem tudi v mokrem vremenu. Na notranji strani rokavice je tekstilna tkanina, tako da va\u0161a roka nikoli ne pride v neposreden stik z usnjem, kar prepre\u010duje prenos barve. Te rokavice za invalidske vozi\u010dke so zasnovane za aktivne uporabnike invalidskih vozi\u010dkov. Za hladno vreme razmislite o rokavicah za invalidske vozi\u010dke Ultra-Grrrip 4-Sezone.<\/p>\n","protected":false},"featured_media":7649,"comment_status":"closed","ping_status":"closed","template":"","meta":[],"product_brand":[],"product_cat":[77],"product_tag":[609,610,157,606,608,607,605,613],"class_list":{"0":"post-7647","1":"product","2":"type-product","3":"status-publish","4":"has-post-thumbnail","6":"product_cat-dodatki-za-invalidski-vozicek","7":"product_tag-609","8":"product_tag-rehadesign","9":"product_tag-rokavice","10":"product_tag-rokavice-invalidi","11":"product_tag-rokavice-invalidski-vozicek","12":"product_tag-rokavice-vozicek","13":"product_tag-rokavice-za-poganjanje-vozicka","14":"product_tag-utra-grrrip","16":"first","17":"instock","18":"taxable","19":"shipping-taxable","20":"purchasable","21":"product-type-variable","22":"has-default-attributes"},"yoast_head":"<!-- This site is optimized with the Yoast SEO plugin v24.0 - https:\/\/yoast.com\/wordpress\/plugins\/seo\/ -->\n<title>Rokavice za poganjanje vozi\u010dka - Ultra Grip - Mi Vam<\/title>\n<meta name=\"description\" content=\"Rokavice Ultra-Grrrip so visokokakovostne usnjene rokavice s posebnim materialom za oprijem, ki je vgrajen v dlan za izbolj\u0161ano delovanje in oprijem tudi v mokrem vremenu. Na notranji strani rokavice je tekstilna tkanina, tako da va\u0161a roka nikoli ne pride v neposreden stik z usnjem, kar prepre\u010duje prenos barve. Te rokavice za invalidske vozi\u010dke so zasnovane za aktivne uporabnike invalidskih vozi\u010dkov. Za hladno vreme razmislite o rokavicah za invalidske vozi\u010dke Ultra-Grrrip 4-Sezone.\" \/>\n<meta name=\"robots\" content=\"index, follow, max-snippet:-1, max-image-preview:large, max-video-preview:-1\" \/>\n<link rel=\"canonical\" href=\"https:\/\/www.mivam.com\/izdelek\/rokavice-za-poganjanje-vozicka-ultra-grip\/\" \/>\n<meta property=\"og:locale\" content=\"en_US\" \/>\n<meta property=\"og:type\" content=\"article\" \/>\n<meta property=\"og:title\" content=\"Rokavice za poganjanje vozi\u010dka - Ultra Grip - Mi Vam\" \/>\n<meta property=\"og:description\" content=\"Rokavice Ultra-Grrrip so visokokakovostne usnjene rokavice s posebnim materialom za oprijem, ki je vgrajen v dlan za izbolj\u0161ano delovanje in oprijem tudi v mokrem vremenu. Na notranji strani rokavice je tekstilna tkanina, tako da va\u0161a roka nikoli ne pride v neposreden stik z usnjem, kar prepre\u010duje prenos barve. Te rokavice za invalidske vozi\u010dke so zasnovane za aktivne uporabnike invalidskih vozi\u010dkov. Za hladno vreme razmislite o rokavicah za invalidske vozi\u010dke Ultra-Grrrip 4-Sezone.\" \/>\n<meta property=\"og:url\" content=\"https:\/\/www.mivam.com\/izdelek\/rokavice-za-poganjanje-vozicka-ultra-grip\/\" \/>\n<meta property=\"og:site_name\" content=\"Mi Vam\" \/>\n<meta property=\"article:modified_time\" content=\"2025-06-19T12:48:39+00:00\" \/>\n<meta property=\"og:image\" content=\"https:\/\/www.mivam.com\/wp-content\/uploads\/2025\/06\/ultra-grip-gloves-1.jpg\" \/>\n\t<meta property=\"og:image:width\" content=\"1797\" \/>\n\t<meta property=\"og:image:height\" content=\"1430\" \/>\n\t<meta property=\"og:image:type\" content=\"image\/jpeg\" \/>\n<meta name=\"twitter:card\" content=\"summary_large_image\" \/>\n<meta name=\"twitter:label1\" content=\"Est. reading time\" \/>\n\t<meta name=\"twitter:data1\" content=\"1 minute\" \/>\n<script type=\"application\/ld+json\" class=\"yoast-schema-graph\">{\"@context\":\"https:\/\/schema.org\",\"@graph\":[{\"@type\":\"WebPage\",\"@id\":\"https:\/\/www.mivam.com\/izdelek\/rokavice-za-poganjanje-vozicka-ultra-grip\/\",\"url\":\"https:\/\/www.mivam.com\/izdelek\/rokavice-za-poganjanje-vozicka-ultra-grip\/\",\"name\":\"Rokavice za poganjanje vozi\u010dka - Ultra Grip - Mi Vam\",\"isPartOf\":{\"@id\":\"https:\/\/www.mivam.com\/#website\"},\"primaryImageOfPage\":{\"@id\":\"https:\/\/www.mivam.com\/izdelek\/rokavice-za-poganjanje-vozicka-ultra-grip\/#primaryimage\"},\"image\":{\"@id\":\"https:\/\/www.mivam.com\/izdelek\/rokavice-za-poganjanje-vozicka-ultra-grip\/#primaryimage\"},\"thumbnailUrl\":\"https:\/\/www.mivam.com\/wp-content\/uploads\/2025\/06\/ultra-grip-gloves-1.jpg\",\"datePublished\":\"2025-06-17T08:46:55+00:00\",\"dateModified\":\"2025-06-19T12:48:39+00:00\",\"description\":\"Rokavice Ultra-Grrrip so visokokakovostne usnjene rokavice s posebnim materialom za oprijem, ki je vgrajen v dlan za izbolj\u0161ano delovanje in oprijem tudi v mokrem vremenu. Na notranji strani rokavice je tekstilna tkanina, tako da va\u0161a roka nikoli ne pride v neposreden stik z usnjem, kar prepre\u010duje prenos barve. Te rokavice za invalidske vozi\u010dke so zasnovane za aktivne uporabnike invalidskih vozi\u010dkov. Za hladno vreme razmislite o rokavicah za invalidske vozi\u010dke Ultra-Grrrip 4-Sezone.\",\"breadcrumb\":{\"@id\":\"https:\/\/www.mivam.com\/izdelek\/rokavice-za-poganjanje-vozicka-ultra-grip\/#breadcrumb\"},\"inLanguage\":\"en-US\",\"potentialAction\":[{\"@type\":\"ReadAction\",\"target\":[\"https:\/\/www.mivam.com\/izdelek\/rokavice-za-poganjanje-vozicka-ultra-grip\/\"]}]},{\"@type\":\"ImageObject\",\"inLanguage\":\"en-US\",\"@id\":\"https:\/\/www.mivam.com\/izdelek\/rokavice-za-poganjanje-vozicka-ultra-grip\/#primaryimage\",\"url\":\"https:\/\/www.mivam.com\/wp-content\/uploads\/2025\/06\/ultra-grip-gloves-1.jpg\",\"contentUrl\":\"https:\/\/www.mivam.com\/wp-content\/uploads\/2025\/06\/ultra-grip-gloves-1.jpg\",\"width\":1797,\"height\":1430,\"caption\":\"Rokavice za poganjanje vozi\u010dka - Ultra Grip\"},{\"@type\":\"BreadcrumbList\",\"@id\":\"https:\/\/www.mivam.com\/izdelek\/rokavice-za-poganjanje-vozicka-ultra-grip\/#breadcrumb\",\"itemListElement\":[{\"@type\":\"ListItem\",\"position\":1,\"name\":\"Domov\",\"item\":\"https:\/\/www.mivam.com\/\"},{\"@type\":\"ListItem\",\"position\":2,\"name\":\"Shop\",\"item\":\"https:\/\/www.mivam.com\/en\/shop\/\"},{\"@type\":\"ListItem\",\"position\":3,\"name\":\"Invalidski vozi\u010dki in skuterji\",\"item\":\"https:\/\/www.mivam.com\/kategorija-izdelka\/invalidski-vozicki-in-skuterji\/\"},{\"@type\":\"ListItem\",\"position\":4,\"name\":\"Dodatki za invalidski vozi\u010dek\",\"item\":\"https:\/\/www.mivam.com\/kategorija-izdelka\/invalidski-vozicki-in-skuterji\/dodatki-za-invalidski-vozicek\/\"},{\"@type\":\"ListItem\",\"position\":5,\"name\":\"Rokavice za poganjanje vozi\u010dka &#8211; Ultra Grip\"}]},{\"@type\":\"WebSite\",\"@id\":\"https:\/\/www.mivam.com\/#website\",\"url\":\"https:\/\/www.mivam.com\/\",\"name\":\"Mi Vam\",\"description\":\"Medicinski pripomo\u010dki in re\u0161itve za manj odvisno \u017eivljenje.\",\"potentialAction\":[{\"@type\":\"SearchAction\",\"target\":{\"@type\":\"EntryPoint\",\"urlTemplate\":\"https:\/\/www.mivam.com\/?s={search_term_string}\"},\"query-input\":{\"@type\":\"PropertyValueSpecification\",\"valueRequired\":true,\"valueName\":\"search_term_string\"}}],\"inLanguage\":\"en-US\"}]}<\/script>\n<!-- \/ Yoast SEO plugin. -->","yoast_head_json":{"title":"Rokavice za poganjanje vozi\u010dka - Ultra Grip - Mi Vam","description":"Rokavice Ultra-Grrrip so visokokakovostne usnjene rokavice s posebnim materialom za oprijem, ki je vgrajen v dlan za izbolj\u0161ano delovanje in oprijem tudi v mokrem vremenu. Na notranji strani rokavice je tekstilna tkanina, tako da va\u0161a roka nikoli ne pride v neposreden stik z usnjem, kar prepre\u010duje prenos barve. Te rokavice za invalidske vozi\u010dke so zasnovane za aktivne uporabnike invalidskih vozi\u010dkov. Za hladno vreme razmislite o rokavicah za invalidske vozi\u010dke Ultra-Grrrip 4-Sezone.","robots":{"index":"index","follow":"follow","max-snippet":"max-snippet:-1","max-image-preview":"max-image-preview:large","max-video-preview":"max-video-preview:-1"},"canonical":"https:\/\/www.mivam.com\/izdelek\/rokavice-za-poganjanje-vozicka-ultra-grip\/","og_locale":"en_US","og_type":"article","og_title":"Rokavice za poganjanje vozi\u010dka - Ultra Grip - Mi Vam","og_description":"Rokavice Ultra-Grrrip so visokokakovostne usnjene rokavice s posebnim materialom za oprijem, ki je vgrajen v dlan za izbolj\u0161ano delovanje in oprijem tudi v mokrem vremenu. Na notranji strani rokavice je tekstilna tkanina, tako da va\u0161a roka nikoli ne pride v neposreden stik z usnjem, kar prepre\u010duje prenos barve. Te rokavice za invalidske vozi\u010dke so zasnovane za aktivne uporabnike invalidskih vozi\u010dkov. Za hladno vreme razmislite o rokavicah za invalidske vozi\u010dke Ultra-Grrrip 4-Sezone.","og_url":"https:\/\/www.mivam.com\/izdelek\/rokavice-za-poganjanje-vozicka-ultra-grip\/","og_site_name":"Mi Vam","article_modified_time":"2025-06-19T12:48:39+00:00","og_image":[{"width":1797,"height":1430,"url":"https:\/\/www.mivam.com\/wp-content\/uploads\/2025\/06\/ultra-grip-gloves-1.jpg","type":"image\/jpeg"}],"twitter_card":"summary_large_image","twitter_misc":{"Est. reading time":"1 minute"},"schema":{"@context":"https:\/\/schema.org","@graph":[{"@type":"WebPage","@id":"https:\/\/www.mivam.com\/izdelek\/rokavice-za-poganjanje-vozicka-ultra-grip\/","url":"https:\/\/www.mivam.com\/izdelek\/rokavice-za-poganjanje-vozicka-ultra-grip\/","name":"Rokavice za poganjanje vozi\u010dka - Ultra Grip - Mi Vam","isPartOf":{"@id":"https:\/\/www.mivam.com\/#website"},"primaryImageOfPage":{"@id":"https:\/\/www.mivam.com\/izdelek\/rokavice-za-poganjanje-vozicka-ultra-grip\/#primaryimage"},"image":{"@id":"https:\/\/www.mivam.com\/izdelek\/rokavice-za-poganjanje-vozicka-ultra-grip\/#primaryimage"},"thumbnailUrl":"https:\/\/www.mivam.com\/wp-content\/uploads\/2025\/06\/ultra-grip-gloves-1.jpg","datePublished":"2025-06-17T08:46:55+00:00","dateModified":"2025-06-19T12:48:39+00:00","description":"Rokavice Ultra-Grrrip so visokokakovostne usnjene rokavice s posebnim materialom za oprijem, ki je vgrajen v dlan za izbolj\u0161ano delovanje in oprijem tudi v mokrem vremenu. Na notranji strani rokavice je tekstilna tkanina, tako da va\u0161a roka nikoli ne pride v neposreden stik z usnjem, kar prepre\u010duje prenos barve. Te rokavice za invalidske vozi\u010dke so zasnovane za aktivne uporabnike invalidskih vozi\u010dkov. Za hladno vreme razmislite o rokavicah za invalidske vozi\u010dke Ultra-Grrrip 4-Sezone.","breadcrumb":{"@id":"https:\/\/www.mivam.com\/izdelek\/rokavice-za-poganjanje-vozicka-ultra-grip\/#breadcrumb"},"inLanguage":"en-US","potentialAction":[{"@type":"ReadAction","target":["https:\/\/www.mivam.com\/izdelek\/rokavice-za-poganjanje-vozicka-ultra-grip\/"]}]},{"@type":"ImageObject","inLanguage":"en-US","@id":"https:\/\/www.mivam.com\/izdelek\/rokavice-za-poganjanje-vozicka-ultra-grip\/#primaryimage","url":"https:\/\/www.mivam.com\/wp-content\/uploads\/2025\/06\/ultra-grip-gloves-1.jpg","contentUrl":"https:\/\/www.mivam.com\/wp-content\/uploads\/2025\/06\/ultra-grip-gloves-1.jpg","width":1797,"height":1430,"caption":"Rokavice za poganjanje vozi\u010dka - Ultra Grip"},{"@type":"BreadcrumbList","@id":"https:\/\/www.mivam.com\/izdelek\/rokavice-za-poganjanje-vozicka-ultra-grip\/#breadcrumb","itemListElement":[{"@type":"ListItem","position":1,"name":"Domov","item":"https:\/\/www.mivam.com\/"},{"@type":"ListItem","position":2,"name":"Shop","item":"https:\/\/www.mivam.com\/en\/shop\/"},{"@type":"ListItem","position":3,"name":"Invalidski vozi\u010dki in skuterji","item":"https:\/\/www.mivam.com\/kategorija-izdelka\/invalidski-vozicki-in-skuterji\/"},{"@type":"ListItem","position":4,"name":"Dodatki za invalidski vozi\u010dek","item":"https:\/\/www.mivam.com\/kategorija-izdelka\/invalidski-vozicki-in-skuterji\/dodatki-za-invalidski-vozicek\/"},{"@type":"ListItem","position":5,"name":"Rokavice za poganjanje vozi\u010dka &#8211; Ultra Grip"}]},{"@type":"WebSite","@id":"https:\/\/www.mivam.com\/#website","url":"https:\/\/www.mivam.com\/","name":"Mi Vam","description":"Medicinski pripomo\u010dki in re\u0161itve za manj odvisno \u017eivljenje.","potentialAction":[{"@type":"SearchAction","target":{"@type":"EntryPoint","urlTemplate":"https:\/\/www.mivam.com\/?s={search_term_string}"},"query-input":{"@type":"PropertyValueSpecification","valueRequired":true,"valueName":"search_term_string"}}],"inLanguage":"en-US"}]}},"_links":{"self":[{"href":"https:\/\/www.mivam.com\/en\/wp-json\/wp\/v2\/product\/7647","targetHints":{"allow":["GET"]}}],"collection":[{"href":"https:\/\/www.mivam.com\/en\/wp-json\/wp\/v2\/product"}],"about":[{"href":"https:\/\/www.mivam.com\/en\/wp-json\/wp\/v2\/types\/product"}],"replies":[{"embeddable":true,"href":"https:\/\/www.mivam.com\/en\/wp-json\/wp\/v2\/comments?post=7647"}],"wp:featuredmedia":[{"embeddable":true,"href":"https:\/\/www.mivam.com\/en\/wp-json\/wp\/v2\/media\/7649"}],"wp:attachment":[{"href":"https:\/\/www.mivam.com\/en\/wp-json\/wp\/v2\/media?parent=7647"}],"wp:term":[{"taxonomy":"product_brand","embeddable":true,"href":"https:\/\/www.mivam.com\/en\/wp-json\/wp\/v2\/product_brand?post=7647"},{"taxonomy":"product_cat","embeddable":true,"href":"https:\/\/www.mivam.com\/en\/wp-json\/wp\/v2\/product_cat?post=7647"},{"taxonomy":"product_tag","embeddable":true,"href":"https:\/\/www.mivam.com\/en\/wp-json\/wp\/v2\/product_tag?post=7647"}],"curies":[{"name":"wp","href":"https:\/\/api.w.org\/{rel}","templated":true}]}}