{"id":7644,"date":"2025-06-17T10:42:25","date_gmt":"2025-06-17T08:42:25","guid":{"rendered":"https:\/\/pisarna.novisplet.com\/dev2\/mivam_old\/?post_type=product&#038;p=7644"},"modified":"2025-06-19T14:51:28","modified_gmt":"2025-06-19T12:51:28","slug":"rokavice-z-apoganjanje-vozicka-ultra-grrrip-4-sezone","status":"publish","type":"product","link":"https:\/\/www.mivam.com\/en\/izdelek\/rokavice-z-apoganjanje-vozicka-ultra-grrrip-4-sezone\/","title":{"rendered":"Rokavice z apoganjanje vozi\u010dka &#8211; Ultra-Grrrip 4 Sezone"},"content":{"rendered":"<p>Ultra Grrrip 4-Sezone rokavice za invalidske vozi\u010dke so podobne polprstnim rokavicam za invalidske vozi\u010dke, le da rokavica pokriva celotno roko in jih je mogo\u010de uporabljati skozi celo leto. Izdelane so iz visokokakovostnega usnja s posebno protizdrsno tkanino na dlani za bolj\u0161i oprijem in u\u010dinkovitost. Posebna podloga iz blaga poskrbi, da va\u0161e roke nikoli ne pridejo v neposreden stik z usnjem in prepre\u010duje prenos barve.<\/p>\n","protected":false},"excerpt":{"rendered":"<p>Ultra Grrrip 4-Sezone rokavice za invalidske vozi\u010dke so podobne polprstnim rokavicam za invalidske vozi\u010dke, le da rokavica pokriva celotno roko in jih je mogo\u010de uporabljati skozi celo leto. Izdelane so iz visokokakovostnega usnja s posebno protizdrsno tkanino na dlani za bolj\u0161i oprijem in u\u010dinkovitost. Posebna podloga iz blaga poskrbi, da va\u0161e roke nikoli ne pridejo v neposreden stik z usnjem in prepre\u010duje prenos barve.<\/p>\n","protected":false},"featured_media":7646,"comment_status":"closed","ping_status":"closed","template":"","meta":[],"product_brand":[],"product_cat":[77],"product_tag":[609,610,157,606,608,607,605,612,611],"class_list":{"0":"post-7644","1":"product","2":"type-product","3":"status-publish","4":"has-post-thumbnail","6":"product_cat-dodatki-za-invalidski-vozicek","7":"product_tag-609","8":"product_tag-rehadesign","9":"product_tag-rokavice","10":"product_tag-rokavice-invalidi","11":"product_tag-rokavice-invalidski-vozicek","12":"product_tag-rokavice-vozicek","13":"product_tag-rokavice-za-poganjanje-vozicka","14":"product_tag-ultra-grrrip-4","15":"product_tag-utra-grrrip-4-season","17":"first","18":"instock","19":"taxable","20":"shipping-taxable","21":"purchasable","22":"product-type-variable","23":"has-default-attributes"},"yoast_head":"<!-- This site is optimized with the Yoast SEO plugin v24.0 - https:\/\/yoast.com\/wordpress\/plugins\/seo\/ -->\n<title>Rokavice z apoganjanje vozi\u010dka - Ultra-Grrrip 4 Sezone - Mi Vam<\/title>\n<meta name=\"description\" content=\"Ultra Grrrip 4-Sezone rokavice za invalidske vozi\u010dke so podobne polprstnim rokavicam za invalidske vozi\u010dke, le da rokavica pokriva celotno roko in jih je mogo\u010de uporabljati skozi celo leto. Izdelane so iz visokokakovostnega usnja s posebno protizdrsno tkanino na dlani za bolj\u0161i oprijem in u\u010dinkovitost. Posebna podloga iz blaga poskrbi, da va\u0161e roke nikoli ne pridejo v neposreden stik z usnjem in prepre\u010duje prenos barve.\" \/>\n<meta name=\"robots\" content=\"index, follow, max-snippet:-1, max-image-preview:large, max-video-preview:-1\" \/>\n<link rel=\"canonical\" href=\"https:\/\/www.mivam.com\/izdelek\/rokavice-z-apoganjanje-vozicka-ultra-grrrip-4-sezone\/\" \/>\n<meta property=\"og:locale\" content=\"en_US\" \/>\n<meta property=\"og:type\" content=\"article\" \/>\n<meta property=\"og:title\" content=\"Rokavice z apoganjanje vozi\u010dka - Ultra-Grrrip 4 Sezone - Mi Vam\" \/>\n<meta property=\"og:description\" content=\"Ultra Grrrip 4-Sezone rokavice za invalidske vozi\u010dke so podobne polprstnim rokavicam za invalidske vozi\u010dke, le da rokavica pokriva celotno roko in jih je mogo\u010de uporabljati skozi celo leto. Izdelane so iz visokokakovostnega usnja s posebno protizdrsno tkanino na dlani za bolj\u0161i oprijem in u\u010dinkovitost. Posebna podloga iz blaga poskrbi, da va\u0161e roke nikoli ne pridejo v neposreden stik z usnjem in prepre\u010duje prenos barve.\" \/>\n<meta property=\"og:url\" content=\"https:\/\/www.mivam.com\/izdelek\/rokavice-z-apoganjanje-vozicka-ultra-grrrip-4-sezone\/\" \/>\n<meta property=\"og:site_name\" content=\"Mi Vam\" \/>\n<meta property=\"article:modified_time\" content=\"2025-06-19T12:51:28+00:00\" \/>\n<meta property=\"og:image\" content=\"https:\/\/www.mivam.com\/wp-content\/uploads\/2025\/06\/ultra-grrrip-4-seasons_large.jpg\" \/>\n\t<meta property=\"og:image:width\" content=\"600\" \/>\n\t<meta property=\"og:image:height\" content=\"548\" \/>\n\t<meta property=\"og:image:type\" content=\"image\/jpeg\" \/>\n<meta name=\"twitter:card\" content=\"summary_large_image\" \/>\n<meta name=\"twitter:label1\" content=\"Est. reading time\" \/>\n\t<meta name=\"twitter:data1\" content=\"1 minute\" \/>\n<script type=\"application\/ld+json\" class=\"yoast-schema-graph\">{\"@context\":\"https:\/\/schema.org\",\"@graph\":[{\"@type\":\"WebPage\",\"@id\":\"https:\/\/www.mivam.com\/izdelek\/rokavice-z-apoganjanje-vozicka-ultra-grrrip-4-sezone\/\",\"url\":\"https:\/\/www.mivam.com\/izdelek\/rokavice-z-apoganjanje-vozicka-ultra-grrrip-4-sezone\/\",\"name\":\"Rokavice z apoganjanje vozi\u010dka - Ultra-Grrrip 4 Sezone - Mi Vam\",\"isPartOf\":{\"@id\":\"https:\/\/www.mivam.com\/#website\"},\"primaryImageOfPage\":{\"@id\":\"https:\/\/www.mivam.com\/izdelek\/rokavice-z-apoganjanje-vozicka-ultra-grrrip-4-sezone\/#primaryimage\"},\"image\":{\"@id\":\"https:\/\/www.mivam.com\/izdelek\/rokavice-z-apoganjanje-vozicka-ultra-grrrip-4-sezone\/#primaryimage\"},\"thumbnailUrl\":\"https:\/\/www.mivam.com\/wp-content\/uploads\/2025\/06\/ultra-grrrip-4-seasons_large.jpg\",\"datePublished\":\"2025-06-17T08:42:25+00:00\",\"dateModified\":\"2025-06-19T12:51:28+00:00\",\"description\":\"Ultra Grrrip 4-Sezone rokavice za invalidske vozi\u010dke so podobne polprstnim rokavicam za invalidske vozi\u010dke, le da rokavica pokriva celotno roko in jih je mogo\u010de uporabljati skozi celo leto. Izdelane so iz visokokakovostnega usnja s posebno protizdrsno tkanino na dlani za bolj\u0161i oprijem in u\u010dinkovitost. Posebna podloga iz blaga poskrbi, da va\u0161e roke nikoli ne pridejo v neposreden stik z usnjem in prepre\u010duje prenos barve.\",\"breadcrumb\":{\"@id\":\"https:\/\/www.mivam.com\/izdelek\/rokavice-z-apoganjanje-vozicka-ultra-grrrip-4-sezone\/#breadcrumb\"},\"inLanguage\":\"en-US\",\"potentialAction\":[{\"@type\":\"ReadAction\",\"target\":[\"https:\/\/www.mivam.com\/izdelek\/rokavice-z-apoganjanje-vozicka-ultra-grrrip-4-sezone\/\"]}]},{\"@type\":\"ImageObject\",\"inLanguage\":\"en-US\",\"@id\":\"https:\/\/www.mivam.com\/izdelek\/rokavice-z-apoganjanje-vozicka-ultra-grrrip-4-sezone\/#primaryimage\",\"url\":\"https:\/\/www.mivam.com\/wp-content\/uploads\/2025\/06\/ultra-grrrip-4-seasons_large.jpg\",\"contentUrl\":\"https:\/\/www.mivam.com\/wp-content\/uploads\/2025\/06\/ultra-grrrip-4-seasons_large.jpg\",\"width\":600,\"height\":548,\"caption\":\"Rokavice za invalidski vozi\u010dek s polnim prstom Ultra-Grrrip 4 Sezone\"},{\"@type\":\"BreadcrumbList\",\"@id\":\"https:\/\/www.mivam.com\/izdelek\/rokavice-z-apoganjanje-vozicka-ultra-grrrip-4-sezone\/#breadcrumb\",\"itemListElement\":[{\"@type\":\"ListItem\",\"position\":1,\"name\":\"Domov\",\"item\":\"https:\/\/www.mivam.com\/\"},{\"@type\":\"ListItem\",\"position\":2,\"name\":\"Shop\",\"item\":\"https:\/\/www.mivam.com\/en\/shop\/\"},{\"@type\":\"ListItem\",\"position\":3,\"name\":\"Invalidski vozi\u010dki in skuterji\",\"item\":\"https:\/\/www.mivam.com\/kategorija-izdelka\/invalidski-vozicki-in-skuterji\/\"},{\"@type\":\"ListItem\",\"position\":4,\"name\":\"Dodatki za invalidski vozi\u010dek\",\"item\":\"https:\/\/www.mivam.com\/kategorija-izdelka\/invalidski-vozicki-in-skuterji\/dodatki-za-invalidski-vozicek\/\"},{\"@type\":\"ListItem\",\"position\":5,\"name\":\"Rokavice z apoganjanje vozi\u010dka &#8211; Ultra-Grrrip 4 Sezone\"}]},{\"@type\":\"WebSite\",\"@id\":\"https:\/\/www.mivam.com\/#website\",\"url\":\"https:\/\/www.mivam.com\/\",\"name\":\"Mi Vam\",\"description\":\"Medicinski pripomo\u010dki in re\u0161itve za manj odvisno \u017eivljenje.\",\"potentialAction\":[{\"@type\":\"SearchAction\",\"target\":{\"@type\":\"EntryPoint\",\"urlTemplate\":\"https:\/\/www.mivam.com\/?s={search_term_string}\"},\"query-input\":{\"@type\":\"PropertyValueSpecification\",\"valueRequired\":true,\"valueName\":\"search_term_string\"}}],\"inLanguage\":\"en-US\"}]}<\/script>\n<!-- \/ Yoast SEO plugin. -->","yoast_head_json":{"title":"Rokavice z apoganjanje vozi\u010dka - Ultra-Grrrip 4 Sezone - Mi Vam","description":"Ultra Grrrip 4-Sezone rokavice za invalidske vozi\u010dke so podobne polprstnim rokavicam za invalidske vozi\u010dke, le da rokavica pokriva celotno roko in jih je mogo\u010de uporabljati skozi celo leto. Izdelane so iz visokokakovostnega usnja s posebno protizdrsno tkanino na dlani za bolj\u0161i oprijem in u\u010dinkovitost. Posebna podloga iz blaga poskrbi, da va\u0161e roke nikoli ne pridejo v neposreden stik z usnjem in prepre\u010duje prenos barve.","robots":{"index":"index","follow":"follow","max-snippet":"max-snippet:-1","max-image-preview":"max-image-preview:large","max-video-preview":"max-video-preview:-1"},"canonical":"https:\/\/www.mivam.com\/izdelek\/rokavice-z-apoganjanje-vozicka-ultra-grrrip-4-sezone\/","og_locale":"en_US","og_type":"article","og_title":"Rokavice z apoganjanje vozi\u010dka - Ultra-Grrrip 4 Sezone - Mi Vam","og_description":"Ultra Grrrip 4-Sezone rokavice za invalidske vozi\u010dke so podobne polprstnim rokavicam za invalidske vozi\u010dke, le da rokavica pokriva celotno roko in jih je mogo\u010de uporabljati skozi celo leto. Izdelane so iz visokokakovostnega usnja s posebno protizdrsno tkanino na dlani za bolj\u0161i oprijem in u\u010dinkovitost. Posebna podloga iz blaga poskrbi, da va\u0161e roke nikoli ne pridejo v neposreden stik z usnjem in prepre\u010duje prenos barve.","og_url":"https:\/\/www.mivam.com\/izdelek\/rokavice-z-apoganjanje-vozicka-ultra-grrrip-4-sezone\/","og_site_name":"Mi Vam","article_modified_time":"2025-06-19T12:51:28+00:00","og_image":[{"width":600,"height":548,"url":"https:\/\/www.mivam.com\/wp-content\/uploads\/2025\/06\/ultra-grrrip-4-seasons_large.jpg","type":"image\/jpeg"}],"twitter_card":"summary_large_image","twitter_misc":{"Est. reading time":"1 minute"},"schema":{"@context":"https:\/\/schema.org","@graph":[{"@type":"WebPage","@id":"https:\/\/www.mivam.com\/izdelek\/rokavice-z-apoganjanje-vozicka-ultra-grrrip-4-sezone\/","url":"https:\/\/www.mivam.com\/izdelek\/rokavice-z-apoganjanje-vozicka-ultra-grrrip-4-sezone\/","name":"Rokavice z apoganjanje vozi\u010dka - Ultra-Grrrip 4 Sezone - Mi Vam","isPartOf":{"@id":"https:\/\/www.mivam.com\/#website"},"primaryImageOfPage":{"@id":"https:\/\/www.mivam.com\/izdelek\/rokavice-z-apoganjanje-vozicka-ultra-grrrip-4-sezone\/#primaryimage"},"image":{"@id":"https:\/\/www.mivam.com\/izdelek\/rokavice-z-apoganjanje-vozicka-ultra-grrrip-4-sezone\/#primaryimage"},"thumbnailUrl":"https:\/\/www.mivam.com\/wp-content\/uploads\/2025\/06\/ultra-grrrip-4-seasons_large.jpg","datePublished":"2025-06-17T08:42:25+00:00","dateModified":"2025-06-19T12:51:28+00:00","description":"Ultra Grrrip 4-Sezone rokavice za invalidske vozi\u010dke so podobne polprstnim rokavicam za invalidske vozi\u010dke, le da rokavica pokriva celotno roko in jih je mogo\u010de uporabljati skozi celo leto. Izdelane so iz visokokakovostnega usnja s posebno protizdrsno tkanino na dlani za bolj\u0161i oprijem in u\u010dinkovitost. Posebna podloga iz blaga poskrbi, da va\u0161e roke nikoli ne pridejo v neposreden stik z usnjem in prepre\u010duje prenos barve.","breadcrumb":{"@id":"https:\/\/www.mivam.com\/izdelek\/rokavice-z-apoganjanje-vozicka-ultra-grrrip-4-sezone\/#breadcrumb"},"inLanguage":"en-US","potentialAction":[{"@type":"ReadAction","target":["https:\/\/www.mivam.com\/izdelek\/rokavice-z-apoganjanje-vozicka-ultra-grrrip-4-sezone\/"]}]},{"@type":"ImageObject","inLanguage":"en-US","@id":"https:\/\/www.mivam.com\/izdelek\/rokavice-z-apoganjanje-vozicka-ultra-grrrip-4-sezone\/#primaryimage","url":"https:\/\/www.mivam.com\/wp-content\/uploads\/2025\/06\/ultra-grrrip-4-seasons_large.jpg","contentUrl":"https:\/\/www.mivam.com\/wp-content\/uploads\/2025\/06\/ultra-grrrip-4-seasons_large.jpg","width":600,"height":548,"caption":"Rokavice za invalidski vozi\u010dek s polnim prstom Ultra-Grrrip 4 Sezone"},{"@type":"BreadcrumbList","@id":"https:\/\/www.mivam.com\/izdelek\/rokavice-z-apoganjanje-vozicka-ultra-grrrip-4-sezone\/#breadcrumb","itemListElement":[{"@type":"ListItem","position":1,"name":"Domov","item":"https:\/\/www.mivam.com\/"},{"@type":"ListItem","position":2,"name":"Shop","item":"https:\/\/www.mivam.com\/en\/shop\/"},{"@type":"ListItem","position":3,"name":"Invalidski vozi\u010dki in skuterji","item":"https:\/\/www.mivam.com\/kategorija-izdelka\/invalidski-vozicki-in-skuterji\/"},{"@type":"ListItem","position":4,"name":"Dodatki za invalidski vozi\u010dek","item":"https:\/\/www.mivam.com\/kategorija-izdelka\/invalidski-vozicki-in-skuterji\/dodatki-za-invalidski-vozicek\/"},{"@type":"ListItem","position":5,"name":"Rokavice z apoganjanje vozi\u010dka &#8211; Ultra-Grrrip 4 Sezone"}]},{"@type":"WebSite","@id":"https:\/\/www.mivam.com\/#website","url":"https:\/\/www.mivam.com\/","name":"Mi Vam","description":"Medicinski pripomo\u010dki in re\u0161itve za manj odvisno \u017eivljenje.","potentialAction":[{"@type":"SearchAction","target":{"@type":"EntryPoint","urlTemplate":"https:\/\/www.mivam.com\/?s={search_term_string}"},"query-input":{"@type":"PropertyValueSpecification","valueRequired":true,"valueName":"search_term_string"}}],"inLanguage":"en-US"}]}},"_links":{"self":[{"href":"https:\/\/www.mivam.com\/en\/wp-json\/wp\/v2\/product\/7644","targetHints":{"allow":["GET"]}}],"collection":[{"href":"https:\/\/www.mivam.com\/en\/wp-json\/wp\/v2\/product"}],"about":[{"href":"https:\/\/www.mivam.com\/en\/wp-json\/wp\/v2\/types\/product"}],"replies":[{"embeddable":true,"href":"https:\/\/www.mivam.com\/en\/wp-json\/wp\/v2\/comments?post=7644"}],"wp:featuredmedia":[{"embeddable":true,"href":"https:\/\/www.mivam.com\/en\/wp-json\/wp\/v2\/media\/7646"}],"wp:attachment":[{"href":"https:\/\/www.mivam.com\/en\/wp-json\/wp\/v2\/media?parent=7644"}],"wp:term":[{"taxonomy":"product_brand","embeddable":true,"href":"https:\/\/www.mivam.com\/en\/wp-json\/wp\/v2\/product_brand?post=7644"},{"taxonomy":"product_cat","embeddable":true,"href":"https:\/\/www.mivam.com\/en\/wp-json\/wp\/v2\/product_cat?post=7644"},{"taxonomy":"product_tag","embeddable":true,"href":"https:\/\/www.mivam.com\/en\/wp-json\/wp\/v2\/product_tag?post=7644"}],"curies":[{"name":"wp","href":"https:\/\/api.w.org\/{rel}","templated":true}]}}