{"id":7637,"date":"2025-06-17T10:12:48","date_gmt":"2025-06-17T08:12:48","guid":{"rendered":"https:\/\/pisarna.novisplet.com\/dev2\/mivam_old\/?post_type=product&#038;p=7637"},"modified":"2025-06-19T04:53:18","modified_gmt":"2025-06-19T02:53:18","slug":"tempur-nadvlozek-topper","status":"publish","type":"product","link":"https:\/\/www.mivam.com\/en\/izdelek\/tempur-nadvlozek-topper\/","title":{"rendered":"Tempur nadvlo\u017eek &#8211; Topper"},"content":{"rendered":"<div class=\"wpb-content-wrapper\"><p>[vc_row full_width=&#8221;stretch_row&#8221;][vc_column][vc_column_text]Izvle\u010dna ovratnica je enodelna zasnova, ki imobilizira hrbtenico in jo \u0161\u010diti pred premikanjem. Najpogosteje se uporablja po po\u0161kodbi vratu ali prometni nesre\u010di za imobilizacijo vratne hrbtenice. Ovratnico je enostavno namestiti, odstraniti in prilagoditi zaradi nastavljivih zapiralnih jezi\u010dkov[\/vc_column_text][\/vc_column][\/vc_row][vc_row full_width=&#8221;stretch_row&#8221; css=&#8221;.vc_custom_1689764110870{background-color: #f8f9fa !important;}&#8221;][vc_column][vc_empty_space height=&#8221;60px&#8221;][vc_column_text]<\/p>\n<h3 style=\"text-align: left\">Izdelki<\/h3>\n<p>[\/vc_column_text][vc_row_inner][vc_column_inner width=&#8221;1\/4&#8243;][vc_single_image image=&#8221;7639&#8243; img_size=&#8221;large&#8221; alignment=&#8221;right&#8221;][\/vc_column_inner][vc_column_inner width=&#8221;3\/4&#8243;][vc_column_text]<\/p>\n<div class=\"product-card-content\">\n<h3 class=\"heading mb-3\">TEMPUR Pro\u00ae Luxe Nadvlo\u017eek<\/h3>\n<\/div>\n<p>[\/vc_column_text][vc_column_text]To je na\u0161 vrhunski model z 10 cm globoko plastjo TEMPUR\u00ae materiala za razko\u0161no udobje in podporo. Izdelan je iz povsem novega TEMPUR\u00ae naprednega materiala, ki zmanj\u0161a pritisk za dodatnih 20%,* se \u0161e bolje prilagaja in absorbira ve\u010d gibanja. Milijarde ultra ob\u010dutljivih celic znotraj se prilagajajo va\u0161i edinstveni te\u017ei, obliki in toplini. Za pravi, miren spanec.<\/p>\n<h4>Varnostna opozorila:<\/h4>\n<ul>\n<li>Ne pu\u0161\u010dajte dojen\u010dkov, majhnih otrok, invalidov ali starej\u0161ih oseb brez nadzora na vzmetnici ali blazini, \u010de se ne morejo sami zlahka obrniti. Redno premikajte nepokretne uporabnike.<\/li>\n<li>Nevarnost po\u017eara: Hranite izdelke stran od odprtega ognja. Ne kadite v postelji ali med uporabo izdelkov.<\/li>\n<li>Najve\u010dja telesna te\u017ea do 150 kg.<\/li>\n<\/ul>\n<h4>Informacije o proizvajalcu:<\/h4>\n<p>Dan-Foam ApS* Holmelund 43, DK-5560 Aarup\u00a0<a href=\"ma&#x69;&#x6c;&#x74;o:&#109;&#x61;&#x6e;uf&#97;&#x63;&#x74;ur&#101;&#x72;&#x40;&#x74;em&#x70;&#x75;&#x72;se&#97;&#x6c;&#x79;.c&#111;&#x6d;\">&#x6d;a&#x6e;&#x75;f&#x61;&#x63;t&#x75;&#x72;e&#x72;&#x40;t&#x65;&#x6d;p&#x75;&#114;s&#x65;&#97;l&#x79;&#46;c&#x6f;&#109;<\/a>\u00a0*Podru\u017enica Tempur Sealy International, Inc[\/vc_column_text][\/vc_column_inner][\/vc_row_inner][vc_empty_space height=&#8221;40px&#8221;][vc_row_inner][vc_column_inner width=&#8221;1\/4&#8243;][vc_single_image image=&#8221;7640&#8243; img_size=&#8221;large&#8221; alignment=&#8221;right&#8221;][\/vc_column_inner][vc_column_inner width=&#8221;3\/4&#8243;][vc_column_text]<\/p>\n<div class=\"product-card-content\">\n<h3 class=\"heading mb-3\">TEMPUR Pro\u00ae Plus Nadvlo\u017eek<\/h3>\n<\/div>\n<p>[\/vc_column_text][vc_column_text]To je na\u0161 najbolj prilagodljiv, pritisk razbremenjujo\u010d topper z 8 cm globoko plastjo TEMPUR\u00ae materiala za vrhunsko udobje in podporo. Izdelan je iz povsem novega TEMPUR\u00ae naprednega materiala, ki zmanj\u0161a pritisk za dodatnih 20%,* se \u0161e bolje prilagaja in absorbira ve\u010d gibanja. Milijarde ultra ob\u010dutljivih celic znotraj se prilagajajo va\u0161i edinstveni te\u017ei, obliki in toplini. Za pravi, miren spanec.<\/p>\n<h4>Varnostna opozorila:<\/h4>\n<ul>\n<li>Ne pu\u0161\u010dajte dojen\u010dkov, majhnih otrok, invalidov ali starej\u0161ih oseb brez nadzora na vzmetnici ali blazini, \u010de se ne morejo sami zlahka obrniti. Redno premikajte nepokretne uporabnike.<\/li>\n<li>Nevarnost po\u017eara: Hranite izdelke stran od odprtega ognja. Ne kadite v postelji ali med uporabo izdelkov.<\/li>\n<li>Najve\u010dja telesna te\u017ea do 150 kg.<\/li>\n<\/ul>\n<h4>Informacije o proizvajalcu:<\/h4>\n<p>Dan-Foam ApS* Holmelund 43, DK-5560 Aarup\u00a0<a href=\"mailto:manufa&#99;&#116;&#117;&#114;&#101;&#x72;&#x40;&#x74;&#x65;&#x6d;&#x70;&#x75;&#x72;&#x73;&#x65;&#x61;&#x6c;&#x79;&#x2e;&#x63;om\">&#109;&#x61;n&#x75;f&#x61;c&#116;&#x75;&#114;&#x65;r&#x40;t&#x65;m&#112;&#x75;r&#x73;e&#x61;l&#x79;&#x2e;&#99;&#x6f;m<\/a>\u00a0*Podru\u017enica Tempur Sealy International, Inc[\/vc_column_text][\/vc_column_inner][\/vc_row_inner][vc_empty_space height=&#8221;40px&#8221;][vc_row_inner][vc_column_inner width=&#8221;1\/4&#8243;][vc_single_image image=&#8221;7641&#8243; img_size=&#8221;large&#8221; alignment=&#8221;right&#8221;][\/vc_column_inner][vc_column_inner width=&#8221;3\/4&#8243;][vc_column_text]<\/p>\n<div class=\"product-card-content\">\n<h3 class=\"heading mb-3\">TEMPUR Pro\u00ae Plus SmartCool\u2122 Nadvlo\u017eek<\/h3>\n<\/div>\n<p>[\/vc_column_text][vc_column_text]To je na\u0161 najbolj prilagodljiv, pritisk razbremenjujo\u010d topper z 8 cm globoko plastjo TEMPUR\u00ae materiala za vrhunsko udobje in podporo. Izdelan je iz povsem novega TEMPUR\u00ae naprednega materiala, ki zmanj\u0161a pritisk za dodatnih 20%,* se \u0161e bolje prilagaja in absorbira ve\u010d gibanja. Poleg tega inovativna SmartCool\u2122\ufe0ftehnologija v enostavno pralnem pokrovu je hladna na dotik in absorbira odve\u010dno toploto, da vas ohranja sve\u017ee.<\/p>\n<h4>Varnostna opozorila:<\/h4>\n<ul>\n<li>Ne pu\u0161\u010dajte dojen\u010dkov, majhnih otrok, invalidov ali starej\u0161ih oseb brez nadzora na vzmetnici ali blazini, \u010de se ne morejo sami zlahka obrniti. Redno premikajte nepokretne uporabnike.<\/li>\n<li>Nevarnost po\u017eara: Hranite izdelke stran od odprtega ognja. Ne kadite v postelji ali med uporabo izdelkov.<\/li>\n<li>Najve\u010dja telesna te\u017ea do 150 kg.<\/li>\n<\/ul>\n<h4>Informacije o proizvajalcu:<\/h4>\n<p>Dan-Foam ApS* Holmelund 43, DK-5560 Aarup\u00a0<a href=\"&#x6d;&#x61;&#x69;&#x6c;&#x74;&#111;&#58;manuf&#x61;&#x63;&#x74;&#x75;&#x72;&#x65;&#114;&#64;temp&#x75;&#x72;&#x73;&#x65;&#x61;&#x6c;&#121;&#46;com\">&#109;&#x61;&#110;&#x75;&#102;&#x61;&#99;&#x74;&#117;&#x72;&#101;&#x72;&#64;&#x74;&#101;&#x6d;&#112;&#x75;&#114;&#x73;&#101;&#x61;&#108;&#x79;&#46;&#x63;&#111;&#x6d;<\/a>\u00a0*Podru\u017enica Tempur Sealy International, Inc[\/vc_column_text][\/vc_column_inner][\/vc_row_inner][vc_empty_space height=&#8221;40px&#8221;][vc_row_inner][vc_column_inner width=&#8221;1\/4&#8243;][vc_single_image image=&#8221;7642&#8243; img_size=&#8221;large&#8221; alignment=&#8221;right&#8221;][\/vc_column_inner][vc_column_inner width=&#8221;3\/4&#8243;][vc_column_text]<\/p>\n<div class=\"product-card-content\">\n<h3 class=\"heading mb-3\">TEMPUR Pro\u00ae Luxe SmartCool\u2122 Nadvlo\u017eek<\/h3>\n<\/div>\n<p>[\/vc_column_text][vc_column_text]To je na\u0161 vrhunski model z 10 cm globoko plastjo TEMPUR\u00ae materiala za razko\u0161no udobje in podporo. Izdelan je iz povsem novega TEMPUR\u00ae naprednega materiala, ki zmanj\u0161a pritisk za dodatnih 20%,* se \u0161e bolje prilagaja in absorbira ve\u010d gibanja. Poleg tega inovativna SmartCool\u2122\ufe0ftehnologija v enostavno pralnem pokrovu je hladna na dotik in absorbira odve\u010dno toploto, da vas ohranja sve\u017ee. Za pravi, miren spanec.<\/p>\n<h4>Varnostna opozorila:<\/h4>\n<ul>\n<li>Ne pu\u0161\u010dajte dojen\u010dkov, majhnih otrok, invalidov ali starej\u0161ih oseb brez nadzora na vzmetnici ali blazini, \u010de se ne morejo sami zlahka obrniti. Redno premikajte nepokretne uporabnike.<\/li>\n<li>Nevarnost po\u017eara: Hranite izdelke stran od odprtega ognja. Ne kadite v postelji ali med uporabo izdelkov.<\/li>\n<li>Najve\u010dja telesna te\u017ea do 150 kg.<\/li>\n<\/ul>\n<h4>Informacije o proizvajalcu:<\/h4>\n<p>Dan-Foam ApS* Holmelund 43, DK-5560 Aarup\u00a0<a href=\"&#109;a&#x69;l&#x74;o&#x3a;&#109;&#x61;&#110;u&#x66;a&#x63;t&#x75;r&#x65;&#114;&#x40;&#116;e&#x6d;p&#x75;r&#x73;&#101;&#x61;&#108;y&#x2e;c&#x6f;m\">&#x6d;an&#x75;&#102;a&#x63;&#116;u&#x72;&#x65;r&#x40;&#x74;em&#x70;&#117;r&#x73;&#101;a&#x6c;&#x79;.&#x63;&#x6f;m<\/a>\u00a0*Podru\u017enica Tempur Sealy International, Inc[\/vc_column_text][\/vc_column_inner][\/vc_row_inner][vc_empty_space height=&#8221;60px&#8221;][\/vc_column][\/vc_row][vc_row full_width=&#8221;stretch_row&#8221;][vc_column][vc_empty_space height=&#8221;40px&#8221;][vc_column_text]<\/p>\n<h3 style=\"text-align: left\">Prenosi<\/h3>\n<p>[\/vc_column_text]        \n\t\t\t\t<div class=\"file-wrap \" id=\"\">\n\t\t\t\t\t<a href=\"https:\/\/www.mivam.com\/wp-content\/uploads\/2025\/06\/brosura-tempur-slovenscina.pdf\" target=\"_blank\" class=\"file-dl-btn\">\t\n\t\t\t\t\t\tBro\u0161ura - Tempur nadvlo\u017eki.pdf 2,44 MB\t\t\t\t\t<div class=\"file-icon-wrapper\">\n\t\t\t\t\t\t<svg width=\"19\" height=\"20\" viewBox=\"0 0 19 20\" fill=\"none\" xmlns=\"http:\/\/www.w3.org\/2000\/svg\">\n<path d=\"M9.55818 14.9683L4.93488 9.96001L5.85875 8.94249L8.9048 12.2413V0H10.2116V12.2413L13.2563 8.94391L14.1815 9.96001L9.55818 14.9683ZM2.5213 19.8125C1.92019 19.8125 1.4184 19.5945 1.01592 19.1586C0.612564 18.7218 0.410889 18.1779 0.410889 17.5269V14.098H1.71764V17.5269C1.71764 17.7439 1.80128 17.9435 1.96854 18.1256C2.13668 18.3067 2.32093 18.3973 2.5213 18.3973H16.5951C16.7954 18.3973 16.9797 18.3067 17.1478 18.1256C17.3151 17.9435 17.3987 17.7439 17.3987 17.5269V14.098H18.7055V17.5269C18.7055 18.1779 18.5042 18.7214 18.1017 19.1572C17.6984 19.594 17.1962 19.8125 16.5951 19.8125H2.5213Z\" fill=\"white\"\/>\n<\/svg>\t\t\t\t\t<\/div>\n\t\t\t\t\t<\/a>\n\t\t\t\t<\/div>\n        \n        [vc_empty_space height=&#8221;40px&#8221;][\/vc_column][\/vc_row]<\/p>\n<\/div>","protected":false},"excerpt":{"rendered":"<p>Ob povpra\u0161evanju nujno zapisati \u017eeleno dimenzijo. Mo\u017eni tudi drugi modeli. Na podlagi \u017eelene dimenzije je potrebno dopla\u010dilo za nadstandard pripomo\u010dka.<\/p>\n","protected":false},"featured_media":7639,"comment_status":"closed","ping_status":"closed","template":"","meta":[],"product_brand":[],"product_cat":[41,69,74],"product_tag":[604,602,601,599,82,598,600,603],"class_list":{"0":"post-7637","1":"product","2":"type-product","3":"status-publish","4":"has-post-thumbnail","6":"product_cat-antidekubitusne-blazine","7":"product_cat-terapevtski-pripomocki","8":"product_cat-vzglavniki-in-vzmetnice","9":"product_tag-604","10":"product_tag-dan-foam","11":"product_tag-medic","12":"product_tag-nadvlozek","13":"product_tag-tempur","14":"product_tag-tempur-nadvlozek","15":"product_tag-tempur-medic","16":"product_tag-topper","18":"first","19":"onbackorder","20":"taxable","21":"shipping-taxable","22":"product-type-simple"},"yoast_head":"<!-- This site is optimized with the Yoast SEO plugin v24.0 - https:\/\/yoast.com\/wordpress\/plugins\/seo\/ -->\n<title>Tempur nadvlo\u017eek - Topper - Mi Vam<\/title>\n<meta name=\"description\" content=\"Ob povpra\u0161evanju nujno zapisati \u017eeleno dimenzijo. Mo\u017eni tudi drugi modeli. Na podlagi \u017eelene dimenzije je potrebno dopla\u010dilo za nadstandard pripomo\u010dka.\" \/>\n<meta name=\"robots\" content=\"index, follow, max-snippet:-1, max-image-preview:large, max-video-preview:-1\" \/>\n<link rel=\"canonical\" href=\"https:\/\/www.mivam.com\/izdelek\/tempur-nadvlozek-topper\/\" \/>\n<meta property=\"og:locale\" content=\"en_US\" \/>\n<meta property=\"og:type\" content=\"article\" \/>\n<meta property=\"og:title\" content=\"Tempur nadvlo\u017eek - Topper - Mi Vam\" \/>\n<meta property=\"og:description\" content=\"Ob povpra\u0161evanju nujno zapisati \u017eeleno dimenzijo. Mo\u017eni tudi drugi modeli. Na podlagi \u017eelene dimenzije je potrebno dopla\u010dilo za nadstandard pripomo\u010dka.\" \/>\n<meta property=\"og:url\" content=\"https:\/\/www.mivam.com\/izdelek\/tempur-nadvlozek-topper\/\" \/>\n<meta property=\"og:site_name\" content=\"Mi Vam\" \/>\n<meta property=\"article:modified_time\" content=\"2025-06-19T02:53:18+00:00\" \/>\n<meta property=\"og:image\" content=\"https:\/\/www.mivam.com\/wp-content\/uploads\/2025\/06\/1-tempur-pro-luxe-topper-epxu1p.webp\" \/>\n\t<meta property=\"og:image:width\" content=\"1280\" \/>\n\t<meta property=\"og:image:height\" content=\"947\" \/>\n\t<meta property=\"og:image:type\" content=\"image\/webp\" \/>\n<meta name=\"twitter:card\" content=\"summary_large_image\" \/>\n<meta name=\"twitter:label1\" content=\"Est. reading time\" \/>\n\t<meta name=\"twitter:data1\" content=\"4 minutes\" \/>\n<script type=\"application\/ld+json\" class=\"yoast-schema-graph\">{\"@context\":\"https:\/\/schema.org\",\"@graph\":[{\"@type\":\"WebPage\",\"@id\":\"https:\/\/www.mivam.com\/izdelek\/tempur-nadvlozek-topper\/\",\"url\":\"https:\/\/www.mivam.com\/izdelek\/tempur-nadvlozek-topper\/\",\"name\":\"Tempur nadvlo\u017eek - Topper - Mi Vam\",\"isPartOf\":{\"@id\":\"https:\/\/www.mivam.com\/#website\"},\"primaryImageOfPage\":{\"@id\":\"https:\/\/www.mivam.com\/izdelek\/tempur-nadvlozek-topper\/#primaryimage\"},\"image\":{\"@id\":\"https:\/\/www.mivam.com\/izdelek\/tempur-nadvlozek-topper\/#primaryimage\"},\"thumbnailUrl\":\"https:\/\/www.mivam.com\/wp-content\/uploads\/2025\/06\/1-tempur-pro-luxe-topper-epxu1p.webp\",\"datePublished\":\"2025-06-17T08:12:48+00:00\",\"dateModified\":\"2025-06-19T02:53:18+00:00\",\"description\":\"Ob povpra\u0161evanju nujno zapisati \u017eeleno dimenzijo. Mo\u017eni tudi drugi modeli. Na podlagi \u017eelene dimenzije je potrebno dopla\u010dilo za nadstandard pripomo\u010dka.\",\"breadcrumb\":{\"@id\":\"https:\/\/www.mivam.com\/izdelek\/tempur-nadvlozek-topper\/#breadcrumb\"},\"inLanguage\":\"en-US\",\"potentialAction\":[{\"@type\":\"ReadAction\",\"target\":[\"https:\/\/www.mivam.com\/izdelek\/tempur-nadvlozek-topper\/\"]}]},{\"@type\":\"ImageObject\",\"inLanguage\":\"en-US\",\"@id\":\"https:\/\/www.mivam.com\/izdelek\/tempur-nadvlozek-topper\/#primaryimage\",\"url\":\"https:\/\/www.mivam.com\/wp-content\/uploads\/2025\/06\/1-tempur-pro-luxe-topper-epxu1p.webp\",\"contentUrl\":\"https:\/\/www.mivam.com\/wp-content\/uploads\/2025\/06\/1-tempur-pro-luxe-topper-epxu1p.webp\",\"width\":1280,\"height\":947,\"caption\":\"TEMPUR Pro\u00ae Luxe Nadvlo\u017eek\"},{\"@type\":\"BreadcrumbList\",\"@id\":\"https:\/\/www.mivam.com\/izdelek\/tempur-nadvlozek-topper\/#breadcrumb\",\"itemListElement\":[{\"@type\":\"ListItem\",\"position\":1,\"name\":\"Domov\",\"item\":\"https:\/\/www.mivam.com\/\"},{\"@type\":\"ListItem\",\"position\":2,\"name\":\"Shop\",\"item\":\"https:\/\/www.mivam.com\/en\/shop\/\"},{\"@type\":\"ListItem\",\"position\":3,\"name\":\"Invalidski vozi\u010dki in skuterji\",\"item\":\"https:\/\/www.mivam.com\/kategorija-izdelka\/invalidski-vozicki-in-skuterji\/\"},{\"@type\":\"ListItem\",\"position\":4,\"name\":\"Antidekubitusne blazine\",\"item\":\"https:\/\/www.mivam.com\/kategorija-izdelka\/invalidski-vozicki-in-skuterji\/antidekubitusne-blazine\/\"},{\"@type\":\"ListItem\",\"position\":5,\"name\":\"Tempur nadvlo\u017eek &#8211; Topper\"}]},{\"@type\":\"WebSite\",\"@id\":\"https:\/\/www.mivam.com\/#website\",\"url\":\"https:\/\/www.mivam.com\/\",\"name\":\"Mi Vam\",\"description\":\"Medicinski pripomo\u010dki in re\u0161itve za manj odvisno \u017eivljenje.\",\"potentialAction\":[{\"@type\":\"SearchAction\",\"target\":{\"@type\":\"EntryPoint\",\"urlTemplate\":\"https:\/\/www.mivam.com\/?s={search_term_string}\"},\"query-input\":{\"@type\":\"PropertyValueSpecification\",\"valueRequired\":true,\"valueName\":\"search_term_string\"}}],\"inLanguage\":\"en-US\"}]}<\/script>\n<!-- \/ Yoast SEO plugin. -->","yoast_head_json":{"title":"Tempur nadvlo\u017eek - Topper - Mi Vam","description":"Ob povpra\u0161evanju nujno zapisati \u017eeleno dimenzijo. Mo\u017eni tudi drugi modeli. Na podlagi \u017eelene dimenzije je potrebno dopla\u010dilo za nadstandard pripomo\u010dka.","robots":{"index":"index","follow":"follow","max-snippet":"max-snippet:-1","max-image-preview":"max-image-preview:large","max-video-preview":"max-video-preview:-1"},"canonical":"https:\/\/www.mivam.com\/izdelek\/tempur-nadvlozek-topper\/","og_locale":"en_US","og_type":"article","og_title":"Tempur nadvlo\u017eek - Topper - Mi Vam","og_description":"Ob povpra\u0161evanju nujno zapisati \u017eeleno dimenzijo. Mo\u017eni tudi drugi modeli. Na podlagi \u017eelene dimenzije je potrebno dopla\u010dilo za nadstandard pripomo\u010dka.","og_url":"https:\/\/www.mivam.com\/izdelek\/tempur-nadvlozek-topper\/","og_site_name":"Mi Vam","article_modified_time":"2025-06-19T02:53:18+00:00","og_image":[{"width":1280,"height":947,"url":"https:\/\/www.mivam.com\/wp-content\/uploads\/2025\/06\/1-tempur-pro-luxe-topper-epxu1p.webp","type":"image\/webp"}],"twitter_card":"summary_large_image","twitter_misc":{"Est. reading time":"4 minutes"},"schema":{"@context":"https:\/\/schema.org","@graph":[{"@type":"WebPage","@id":"https:\/\/www.mivam.com\/izdelek\/tempur-nadvlozek-topper\/","url":"https:\/\/www.mivam.com\/izdelek\/tempur-nadvlozek-topper\/","name":"Tempur nadvlo\u017eek - Topper - Mi Vam","isPartOf":{"@id":"https:\/\/www.mivam.com\/#website"},"primaryImageOfPage":{"@id":"https:\/\/www.mivam.com\/izdelek\/tempur-nadvlozek-topper\/#primaryimage"},"image":{"@id":"https:\/\/www.mivam.com\/izdelek\/tempur-nadvlozek-topper\/#primaryimage"},"thumbnailUrl":"https:\/\/www.mivam.com\/wp-content\/uploads\/2025\/06\/1-tempur-pro-luxe-topper-epxu1p.webp","datePublished":"2025-06-17T08:12:48+00:00","dateModified":"2025-06-19T02:53:18+00:00","description":"Ob povpra\u0161evanju nujno zapisati \u017eeleno dimenzijo. Mo\u017eni tudi drugi modeli. Na podlagi \u017eelene dimenzije je potrebno dopla\u010dilo za nadstandard pripomo\u010dka.","breadcrumb":{"@id":"https:\/\/www.mivam.com\/izdelek\/tempur-nadvlozek-topper\/#breadcrumb"},"inLanguage":"en-US","potentialAction":[{"@type":"ReadAction","target":["https:\/\/www.mivam.com\/izdelek\/tempur-nadvlozek-topper\/"]}]},{"@type":"ImageObject","inLanguage":"en-US","@id":"https:\/\/www.mivam.com\/izdelek\/tempur-nadvlozek-topper\/#primaryimage","url":"https:\/\/www.mivam.com\/wp-content\/uploads\/2025\/06\/1-tempur-pro-luxe-topper-epxu1p.webp","contentUrl":"https:\/\/www.mivam.com\/wp-content\/uploads\/2025\/06\/1-tempur-pro-luxe-topper-epxu1p.webp","width":1280,"height":947,"caption":"TEMPUR Pro\u00ae Luxe Nadvlo\u017eek"},{"@type":"BreadcrumbList","@id":"https:\/\/www.mivam.com\/izdelek\/tempur-nadvlozek-topper\/#breadcrumb","itemListElement":[{"@type":"ListItem","position":1,"name":"Domov","item":"https:\/\/www.mivam.com\/"},{"@type":"ListItem","position":2,"name":"Shop","item":"https:\/\/www.mivam.com\/en\/shop\/"},{"@type":"ListItem","position":3,"name":"Invalidski vozi\u010dki in skuterji","item":"https:\/\/www.mivam.com\/kategorija-izdelka\/invalidski-vozicki-in-skuterji\/"},{"@type":"ListItem","position":4,"name":"Antidekubitusne blazine","item":"https:\/\/www.mivam.com\/kategorija-izdelka\/invalidski-vozicki-in-skuterji\/antidekubitusne-blazine\/"},{"@type":"ListItem","position":5,"name":"Tempur nadvlo\u017eek &#8211; Topper"}]},{"@type":"WebSite","@id":"https:\/\/www.mivam.com\/#website","url":"https:\/\/www.mivam.com\/","name":"Mi Vam","description":"Medicinski pripomo\u010dki in re\u0161itve za manj odvisno \u017eivljenje.","potentialAction":[{"@type":"SearchAction","target":{"@type":"EntryPoint","urlTemplate":"https:\/\/www.mivam.com\/?s={search_term_string}"},"query-input":{"@type":"PropertyValueSpecification","valueRequired":true,"valueName":"search_term_string"}}],"inLanguage":"en-US"}]}},"_links":{"self":[{"href":"https:\/\/www.mivam.com\/en\/wp-json\/wp\/v2\/product\/7637","targetHints":{"allow":["GET"]}}],"collection":[{"href":"https:\/\/www.mivam.com\/en\/wp-json\/wp\/v2\/product"}],"about":[{"href":"https:\/\/www.mivam.com\/en\/wp-json\/wp\/v2\/types\/product"}],"replies":[{"embeddable":true,"href":"https:\/\/www.mivam.com\/en\/wp-json\/wp\/v2\/comments?post=7637"}],"wp:featuredmedia":[{"embeddable":true,"href":"https:\/\/www.mivam.com\/en\/wp-json\/wp\/v2\/media\/7639"}],"wp:attachment":[{"href":"https:\/\/www.mivam.com\/en\/wp-json\/wp\/v2\/media?parent=7637"}],"wp:term":[{"taxonomy":"product_brand","embeddable":true,"href":"https:\/\/www.mivam.com\/en\/wp-json\/wp\/v2\/product_brand?post=7637"},{"taxonomy":"product_cat","embeddable":true,"href":"https:\/\/www.mivam.com\/en\/wp-json\/wp\/v2\/product_cat?post=7637"},{"taxonomy":"product_tag","embeddable":true,"href":"https:\/\/www.mivam.com\/en\/wp-json\/wp\/v2\/product_tag?post=7637"}],"curies":[{"name":"wp","href":"https:\/\/api.w.org\/{rel}","templated":true}]}}