{"id":7632,"date":"2025-06-17T10:09:39","date_gmt":"2025-06-17T08:09:39","guid":{"rendered":"https:\/\/pisarna.novisplet.com\/dev2\/mivam_old\/?post_type=product&#038;p=7632"},"modified":"2025-06-20T08:31:51","modified_gmt":"2025-06-20T06:31:51","slug":"aeromat-terpevtska-blazina","status":"publish","type":"product","link":"https:\/\/www.mivam.com\/en\/izdelek\/aeromat-terpevtska-blazina\/","title":{"rendered":"AEROMAT terpevtska blazina"},"content":{"rendered":"<div class=\"wpb-content-wrapper\"><p>[vc_row full_width=&#8221;stretch_row&#8221;][vc_column][vc_column_text]Idealna oblazinjena udobna vadbena podloga, ki jo lahko vzamete s seboj na naslednjo vadbo ali vadbeno sejo. Popolna za uporabo doma, v telovadnici, pri rehabilitaciji in jogi. Mehak penasti material bo ustrezal vsem va\u0161im fitnes potrebam.[\/vc_column_text][\/vc_column][\/vc_row]<\/p>\n<\/div>","protected":false},"excerpt":{"rendered":"<div class=\"truncated-description\" data-optly-fb1e45b6-2251-40ac-b3f6-a28023a8f253=\"\" data-optly-fb1e45b6-2251-40ac-b3f6-a28023a8f253-rearrange=\"\">\n<ul>\n<li>Udobna podloga za vadbo in vadbo<\/li>\n<li>Izdelano iz mehkega, oblazinjenega vlaknastega materiala<\/li>\n<li>Podloga ima rebrasto\/gladko zaprtoceli\u010dno zasnovo<\/li>\n<li>172 cm D x 23 cm \u0160 x 1,6 cm<\/li>\n<\/ul>\n<\/div>\n<div class=\"product-add-form\">\n<div class=\"loading-mask\" data-role=\"loader\"><\/div>\n<\/div>\n","protected":false},"featured_media":7633,"comment_status":"closed","ping_status":"closed","template":"","meta":[],"product_brand":[],"product_cat":[225,62],"product_tag":[597,593,596,526,570,595,594],"class_list":{"0":"post-7632","1":"product","2":"type-product","3":"status-publish","4":"has-post-thumbnail","6":"product_cat-rehabilitacija","7":"product_cat-rehabilitacijski-pripomocki","8":"product_tag-597","9":"product_tag-aeromat","10":"product_tag-motoricna-prizadetost","11":"product_tag-otroci","12":"product_tag-performance-health","13":"product_tag-terapevtska-blazina","14":"product_tag-terapevtska-blazina-za-otroka-z-motoricno-prizadetostjo","16":"first","17":"onbackorder","18":"taxable","19":"shipping-taxable","20":"purchasable","21":"product-type-simple"},"yoast_head":"<!-- This site is optimized with the Yoast SEO plugin v24.0 - https:\/\/yoast.com\/wordpress\/plugins\/seo\/ -->\n<title>AEROMAT terpevtska blazina - Mi Vam<\/title>\n<meta name=\"description\" content=\"Udobna podloga za vadbo in vadbo  Izdelano iz mehkega, oblazinjenega vlaknastega materiala  Podloga ima rebrasto\/gladko zaprtoceli\u010dno zasnovo  172 cm D x 23 cm \u0160 x 1,6 cm\" \/>\n<meta name=\"robots\" content=\"index, follow, max-snippet:-1, max-image-preview:large, max-video-preview:-1\" \/>\n<link rel=\"canonical\" href=\"https:\/\/www.mivam.com\/izdelek\/aeromat-terpevtska-blazina\/\" \/>\n<meta property=\"og:locale\" content=\"en_US\" \/>\n<meta property=\"og:type\" content=\"article\" \/>\n<meta property=\"og:title\" content=\"AEROMAT terpevtska blazina - Mi Vam\" \/>\n<meta property=\"og:description\" content=\"Udobna podloga za vadbo in vadbo  Izdelano iz mehkega, oblazinjenega vlaknastega materiala  Podloga ima rebrasto\/gladko zaprtoceli\u010dno zasnovo  172 cm D x 23 cm \u0160 x 1,6 cm\" \/>\n<meta property=\"og:url\" content=\"https:\/\/www.mivam.com\/izdelek\/aeromat-terpevtska-blazina\/\" \/>\n<meta property=\"og:site_name\" content=\"Mi Vam\" \/>\n<meta property=\"article:modified_time\" content=\"2025-06-20T06:31:51+00:00\" \/>\n<meta property=\"og:image\" content=\"https:\/\/www.mivam.com\/wp-content\/uploads\/2025\/06\/aeromat-rs34-2372.webp\" \/>\n\t<meta property=\"og:image:width\" content=\"700\" \/>\n\t<meta property=\"og:image:height\" content=\"700\" \/>\n\t<meta property=\"og:image:type\" content=\"image\/webp\" \/>\n<meta name=\"twitter:card\" content=\"summary_large_image\" \/>\n<meta name=\"twitter:label1\" content=\"Est. reading time\" \/>\n\t<meta name=\"twitter:data1\" content=\"1 minute\" \/>\n<script type=\"application\/ld+json\" class=\"yoast-schema-graph\">{\"@context\":\"https:\/\/schema.org\",\"@graph\":[{\"@type\":\"WebPage\",\"@id\":\"https:\/\/www.mivam.com\/izdelek\/aeromat-terpevtska-blazina\/\",\"url\":\"https:\/\/www.mivam.com\/izdelek\/aeromat-terpevtska-blazina\/\",\"name\":\"AEROMAT terpevtska blazina - Mi Vam\",\"isPartOf\":{\"@id\":\"https:\/\/www.mivam.com\/#website\"},\"primaryImageOfPage\":{\"@id\":\"https:\/\/www.mivam.com\/izdelek\/aeromat-terpevtska-blazina\/#primaryimage\"},\"image\":{\"@id\":\"https:\/\/www.mivam.com\/izdelek\/aeromat-terpevtska-blazina\/#primaryimage\"},\"thumbnailUrl\":\"https:\/\/www.mivam.com\/wp-content\/uploads\/2025\/06\/aeromat-rs34-2372.webp\",\"datePublished\":\"2025-06-17T08:09:39+00:00\",\"dateModified\":\"2025-06-20T06:31:51+00:00\",\"description\":\"Udobna podloga za vadbo in vadbo Izdelano iz mehkega, oblazinjenega vlaknastega materiala Podloga ima rebrasto\/gladko zaprtoceli\u010dno zasnovo 172 cm D x 23 cm \u0160 x 1,6 cm\",\"breadcrumb\":{\"@id\":\"https:\/\/www.mivam.com\/izdelek\/aeromat-terpevtska-blazina\/#breadcrumb\"},\"inLanguage\":\"en-US\",\"potentialAction\":[{\"@type\":\"ReadAction\",\"target\":[\"https:\/\/www.mivam.com\/izdelek\/aeromat-terpevtska-blazina\/\"]}]},{\"@type\":\"ImageObject\",\"inLanguage\":\"en-US\",\"@id\":\"https:\/\/www.mivam.com\/izdelek\/aeromat-terpevtska-blazina\/#primaryimage\",\"url\":\"https:\/\/www.mivam.com\/wp-content\/uploads\/2025\/06\/aeromat-rs34-2372.webp\",\"contentUrl\":\"https:\/\/www.mivam.com\/wp-content\/uploads\/2025\/06\/aeromat-rs34-2372.webp\",\"width\":700,\"height\":700,\"caption\":\"AEROMAT terpevtska blazina za otroka z motori\u010dno prizadetostjo\"},{\"@type\":\"BreadcrumbList\",\"@id\":\"https:\/\/www.mivam.com\/izdelek\/aeromat-terpevtska-blazina\/#breadcrumb\",\"itemListElement\":[{\"@type\":\"ListItem\",\"position\":1,\"name\":\"Domov\",\"item\":\"https:\/\/www.mivam.com\/\"},{\"@type\":\"ListItem\",\"position\":2,\"name\":\"Shop\",\"item\":\"https:\/\/www.mivam.com\/en\/shop\/\"},{\"@type\":\"ListItem\",\"position\":3,\"name\":\"Rehabilitacija\",\"item\":\"https:\/\/www.mivam.com\/kategorija-izdelka\/rehabilitacija\/\"},{\"@type\":\"ListItem\",\"position\":4,\"name\":\"AEROMAT terpevtska blazina\"}]},{\"@type\":\"WebSite\",\"@id\":\"https:\/\/www.mivam.com\/#website\",\"url\":\"https:\/\/www.mivam.com\/\",\"name\":\"Mi Vam\",\"description\":\"Medicinski pripomo\u010dki in re\u0161itve za manj odvisno \u017eivljenje.\",\"potentialAction\":[{\"@type\":\"SearchAction\",\"target\":{\"@type\":\"EntryPoint\",\"urlTemplate\":\"https:\/\/www.mivam.com\/?s={search_term_string}\"},\"query-input\":{\"@type\":\"PropertyValueSpecification\",\"valueRequired\":true,\"valueName\":\"search_term_string\"}}],\"inLanguage\":\"en-US\"}]}<\/script>\n<!-- \/ Yoast SEO plugin. -->","yoast_head_json":{"title":"AEROMAT terpevtska blazina - Mi Vam","description":"Udobna podloga za vadbo in vadbo  Izdelano iz mehkega, oblazinjenega vlaknastega materiala  Podloga ima rebrasto\/gladko zaprtoceli\u010dno zasnovo  172 cm D x 23 cm \u0160 x 1,6 cm","robots":{"index":"index","follow":"follow","max-snippet":"max-snippet:-1","max-image-preview":"max-image-preview:large","max-video-preview":"max-video-preview:-1"},"canonical":"https:\/\/www.mivam.com\/izdelek\/aeromat-terpevtska-blazina\/","og_locale":"en_US","og_type":"article","og_title":"AEROMAT terpevtska blazina - Mi Vam","og_description":"Udobna podloga za vadbo in vadbo  Izdelano iz mehkega, oblazinjenega vlaknastega materiala  Podloga ima rebrasto\/gladko zaprtoceli\u010dno zasnovo  172 cm D x 23 cm \u0160 x 1,6 cm","og_url":"https:\/\/www.mivam.com\/izdelek\/aeromat-terpevtska-blazina\/","og_site_name":"Mi Vam","article_modified_time":"2025-06-20T06:31:51+00:00","og_image":[{"width":700,"height":700,"url":"https:\/\/www.mivam.com\/wp-content\/uploads\/2025\/06\/aeromat-rs34-2372.webp","type":"image\/webp"}],"twitter_card":"summary_large_image","twitter_misc":{"Est. reading time":"1 minute"},"schema":{"@context":"https:\/\/schema.org","@graph":[{"@type":"WebPage","@id":"https:\/\/www.mivam.com\/izdelek\/aeromat-terpevtska-blazina\/","url":"https:\/\/www.mivam.com\/izdelek\/aeromat-terpevtska-blazina\/","name":"AEROMAT terpevtska blazina - Mi Vam","isPartOf":{"@id":"https:\/\/www.mivam.com\/#website"},"primaryImageOfPage":{"@id":"https:\/\/www.mivam.com\/izdelek\/aeromat-terpevtska-blazina\/#primaryimage"},"image":{"@id":"https:\/\/www.mivam.com\/izdelek\/aeromat-terpevtska-blazina\/#primaryimage"},"thumbnailUrl":"https:\/\/www.mivam.com\/wp-content\/uploads\/2025\/06\/aeromat-rs34-2372.webp","datePublished":"2025-06-17T08:09:39+00:00","dateModified":"2025-06-20T06:31:51+00:00","description":"Udobna podloga za vadbo in vadbo Izdelano iz mehkega, oblazinjenega vlaknastega materiala Podloga ima rebrasto\/gladko zaprtoceli\u010dno zasnovo 172 cm D x 23 cm \u0160 x 1,6 cm","breadcrumb":{"@id":"https:\/\/www.mivam.com\/izdelek\/aeromat-terpevtska-blazina\/#breadcrumb"},"inLanguage":"en-US","potentialAction":[{"@type":"ReadAction","target":["https:\/\/www.mivam.com\/izdelek\/aeromat-terpevtska-blazina\/"]}]},{"@type":"ImageObject","inLanguage":"en-US","@id":"https:\/\/www.mivam.com\/izdelek\/aeromat-terpevtska-blazina\/#primaryimage","url":"https:\/\/www.mivam.com\/wp-content\/uploads\/2025\/06\/aeromat-rs34-2372.webp","contentUrl":"https:\/\/www.mivam.com\/wp-content\/uploads\/2025\/06\/aeromat-rs34-2372.webp","width":700,"height":700,"caption":"AEROMAT terpevtska blazina za otroka z motori\u010dno prizadetostjo"},{"@type":"BreadcrumbList","@id":"https:\/\/www.mivam.com\/izdelek\/aeromat-terpevtska-blazina\/#breadcrumb","itemListElement":[{"@type":"ListItem","position":1,"name":"Domov","item":"https:\/\/www.mivam.com\/"},{"@type":"ListItem","position":2,"name":"Shop","item":"https:\/\/www.mivam.com\/en\/shop\/"},{"@type":"ListItem","position":3,"name":"Rehabilitacija","item":"https:\/\/www.mivam.com\/kategorija-izdelka\/rehabilitacija\/"},{"@type":"ListItem","position":4,"name":"AEROMAT terpevtska blazina"}]},{"@type":"WebSite","@id":"https:\/\/www.mivam.com\/#website","url":"https:\/\/www.mivam.com\/","name":"Mi Vam","description":"Medicinski pripomo\u010dki in re\u0161itve za manj odvisno \u017eivljenje.","potentialAction":[{"@type":"SearchAction","target":{"@type":"EntryPoint","urlTemplate":"https:\/\/www.mivam.com\/?s={search_term_string}"},"query-input":{"@type":"PropertyValueSpecification","valueRequired":true,"valueName":"search_term_string"}}],"inLanguage":"en-US"}]}},"_links":{"self":[{"href":"https:\/\/www.mivam.com\/en\/wp-json\/wp\/v2\/product\/7632","targetHints":{"allow":["GET"]}}],"collection":[{"href":"https:\/\/www.mivam.com\/en\/wp-json\/wp\/v2\/product"}],"about":[{"href":"https:\/\/www.mivam.com\/en\/wp-json\/wp\/v2\/types\/product"}],"replies":[{"embeddable":true,"href":"https:\/\/www.mivam.com\/en\/wp-json\/wp\/v2\/comments?post=7632"}],"wp:featuredmedia":[{"embeddable":true,"href":"https:\/\/www.mivam.com\/en\/wp-json\/wp\/v2\/media\/7633"}],"wp:attachment":[{"href":"https:\/\/www.mivam.com\/en\/wp-json\/wp\/v2\/media?parent=7632"}],"wp:term":[{"taxonomy":"product_brand","embeddable":true,"href":"https:\/\/www.mivam.com\/en\/wp-json\/wp\/v2\/product_brand?post=7632"},{"taxonomy":"product_cat","embeddable":true,"href":"https:\/\/www.mivam.com\/en\/wp-json\/wp\/v2\/product_cat?post=7632"},{"taxonomy":"product_tag","embeddable":true,"href":"https:\/\/www.mivam.com\/en\/wp-json\/wp\/v2\/product_tag?post=7632"}],"curies":[{"name":"wp","href":"https:\/\/api.w.org\/{rel}","templated":true}]}}