{"id":7628,"date":"2025-06-17T10:05:58","date_gmt":"2025-06-17T08:05:58","guid":{"rendered":"https:\/\/pisarna.novisplet.com\/dev2\/mivam_old\/?post_type=product&#038;p=7628"},"modified":"2025-06-19T04:50:11","modified_gmt":"2025-06-19T02:50:11","slug":"spica-opornica-ortoza-za-zapestje-desna","status":"publish","type":"product","link":"https:\/\/www.mivam.com\/en\/izdelek\/spica-opornica-ortoza-za-zapestje-desna\/","title":{"rendered":"SPICA OPORNICA- ortoza za zapestje &#8211; desna"},"content":{"rendered":"<div class=\"wpb-content-wrapper\"><p>[vc_row full_width=&#8221;stretch_row&#8221;][vc_column][vc_column_text]Vodnik po velikostih:<\/p>\n<ul>\n<li>Zelo majhna: 11,5\u201313 cm<\/li>\n<li>Majhna: 14\u201315 cm<\/li>\n<li>Srednja: 16,5\u201319 cm<\/li>\n<li>Velika: 19\u201321 cm<\/li>\n<li>Zelo velika: 21,5\u201324 cm<\/li>\n<\/ul>\n<p>[\/vc_column_text][\/vc_column][\/vc_row]<\/p>\n<\/div>","protected":false},"excerpt":{"rendered":"<div class=\"truncated-description\" data-optly-fb1e45b6-2251-40ac-b3f6-a28023a8f253=\"\" data-optly-fb1e45b6-2251-40ac-b3f6-a28023a8f253-rearrange=\"\"><span class=\"\">Neoprenska opornica za zapestje z je\u017ekom in podalj\u0161kom za palec za omejitev gibanja prvih MCP in CMC sklepov. Nova izbolj\u0161ana aluminijasta opornica za dlan in palec.<\/span><\/div>\n","protected":false},"featured_media":7629,"comment_status":"closed","ping_status":"closed","template":"","meta":[],"product_brand":[],"product_cat":[225,62],"product_tag":[591,577,589,145,590,570,588,587],"class_list":{"0":"post-7628","1":"product","2":"type-product","3":"status-publish","4":"has-post-thumbnail","6":"product_cat-rehabilitacija","7":"product_cat-rehabilitacijski-pripomocki","8":"product_tag-591","9":"product_tag-desna","10":"product_tag-neoperen-opornica","11":"product_tag-opornica","12":"product_tag-ortoza-za-zapestje","13":"product_tag-performance-health","14":"product_tag-spica","15":"product_tag-spica-opornica","17":"first","18":"instock","19":"taxable","20":"shipping-taxable","21":"purchasable","22":"product-type-simple"},"yoast_head":"<!-- This site is optimized with the Yoast SEO plugin v24.0 - https:\/\/yoast.com\/wordpress\/plugins\/seo\/ -->\n<title>SPICA OPORNICA- ortoza za zapestje - desna - Mi Vam<\/title>\n<meta name=\"description\" content=\"Neoprenska opornica za zapestje z je\u017ekom in podalj\u0161kom za palec za omejitev gibanja prvih MCP in CMC sklepov. Nova izbolj\u0161ana aluminijasta opornica za dlan in palec.\" \/>\n<meta name=\"robots\" content=\"index, follow, max-snippet:-1, max-image-preview:large, max-video-preview:-1\" \/>\n<link rel=\"canonical\" href=\"https:\/\/www.mivam.com\/izdelek\/spica-opornica-ortoza-za-zapestje-desna\/\" \/>\n<meta property=\"og:locale\" content=\"en_US\" \/>\n<meta property=\"og:type\" content=\"article\" \/>\n<meta property=\"og:title\" content=\"SPICA OPORNICA- ortoza za zapestje - desna - Mi Vam\" \/>\n<meta property=\"og:description\" content=\"Neoprenska opornica za zapestje z je\u017ekom in podalj\u0161kom za palec za omejitev gibanja prvih MCP in CMC sklepov. Nova izbolj\u0161ana aluminijasta opornica za dlan in palec.\" \/>\n<meta property=\"og:url\" content=\"https:\/\/www.mivam.com\/izdelek\/spica-opornica-ortoza-za-zapestje-desna\/\" \/>\n<meta property=\"og:site_name\" content=\"Mi Vam\" \/>\n<meta property=\"article:modified_time\" content=\"2025-06-19T02:50:11+00:00\" \/>\n<meta property=\"og:image\" content=\"https:\/\/www.mivam.com\/wp-content\/uploads\/2025\/06\/neoprene-wrist-brace-with-thumb-extension-beige-091240803.webp\" \/>\n\t<meta property=\"og:image:width\" content=\"700\" \/>\n\t<meta property=\"og:image:height\" content=\"700\" \/>\n\t<meta property=\"og:image:type\" content=\"image\/webp\" \/>\n<meta name=\"twitter:card\" content=\"summary_large_image\" \/>\n<meta name=\"twitter:label1\" content=\"Est. reading time\" \/>\n\t<meta name=\"twitter:data1\" content=\"1 minute\" \/>\n<script type=\"application\/ld+json\" class=\"yoast-schema-graph\">{\"@context\":\"https:\/\/schema.org\",\"@graph\":[{\"@type\":\"WebPage\",\"@id\":\"https:\/\/www.mivam.com\/izdelek\/spica-opornica-ortoza-za-zapestje-desna\/\",\"url\":\"https:\/\/www.mivam.com\/izdelek\/spica-opornica-ortoza-za-zapestje-desna\/\",\"name\":\"SPICA OPORNICA- ortoza za zapestje - desna - Mi Vam\",\"isPartOf\":{\"@id\":\"https:\/\/www.mivam.com\/#website\"},\"primaryImageOfPage\":{\"@id\":\"https:\/\/www.mivam.com\/izdelek\/spica-opornica-ortoza-za-zapestje-desna\/#primaryimage\"},\"image\":{\"@id\":\"https:\/\/www.mivam.com\/izdelek\/spica-opornica-ortoza-za-zapestje-desna\/#primaryimage\"},\"thumbnailUrl\":\"https:\/\/www.mivam.com\/wp-content\/uploads\/2025\/06\/neoprene-wrist-brace-with-thumb-extension-beige-091240803.webp\",\"datePublished\":\"2025-06-17T08:05:58+00:00\",\"dateModified\":\"2025-06-19T02:50:11+00:00\",\"description\":\"Neoprenska opornica za zapestje z je\u017ekom in podalj\u0161kom za palec za omejitev gibanja prvih MCP in CMC sklepov. Nova izbolj\u0161ana aluminijasta opornica za dlan in palec.\",\"breadcrumb\":{\"@id\":\"https:\/\/www.mivam.com\/izdelek\/spica-opornica-ortoza-za-zapestje-desna\/#breadcrumb\"},\"inLanguage\":\"en-US\",\"potentialAction\":[{\"@type\":\"ReadAction\",\"target\":[\"https:\/\/www.mivam.com\/izdelek\/spica-opornica-ortoza-za-zapestje-desna\/\"]}]},{\"@type\":\"ImageObject\",\"inLanguage\":\"en-US\",\"@id\":\"https:\/\/www.mivam.com\/izdelek\/spica-opornica-ortoza-za-zapestje-desna\/#primaryimage\",\"url\":\"https:\/\/www.mivam.com\/wp-content\/uploads\/2025\/06\/neoprene-wrist-brace-with-thumb-extension-beige-091240803.webp\",\"contentUrl\":\"https:\/\/www.mivam.com\/wp-content\/uploads\/2025\/06\/neoprene-wrist-brace-with-thumb-extension-beige-091240803.webp\",\"width\":700,\"height\":700,\"caption\":\"ortoza za zapestje - desna\"},{\"@type\":\"BreadcrumbList\",\"@id\":\"https:\/\/www.mivam.com\/izdelek\/spica-opornica-ortoza-za-zapestje-desna\/#breadcrumb\",\"itemListElement\":[{\"@type\":\"ListItem\",\"position\":1,\"name\":\"Domov\",\"item\":\"https:\/\/www.mivam.com\/\"},{\"@type\":\"ListItem\",\"position\":2,\"name\":\"Shop\",\"item\":\"https:\/\/www.mivam.com\/en\/shop\/\"},{\"@type\":\"ListItem\",\"position\":3,\"name\":\"Rehabilitacija\",\"item\":\"https:\/\/www.mivam.com\/kategorija-izdelka\/rehabilitacija\/\"},{\"@type\":\"ListItem\",\"position\":4,\"name\":\"SPICA OPORNICA- ortoza za zapestje &#8211; desna\"}]},{\"@type\":\"WebSite\",\"@id\":\"https:\/\/www.mivam.com\/#website\",\"url\":\"https:\/\/www.mivam.com\/\",\"name\":\"Mi Vam\",\"description\":\"Medicinski pripomo\u010dki in re\u0161itve za manj odvisno \u017eivljenje.\",\"potentialAction\":[{\"@type\":\"SearchAction\",\"target\":{\"@type\":\"EntryPoint\",\"urlTemplate\":\"https:\/\/www.mivam.com\/?s={search_term_string}\"},\"query-input\":{\"@type\":\"PropertyValueSpecification\",\"valueRequired\":true,\"valueName\":\"search_term_string\"}}],\"inLanguage\":\"en-US\"}]}<\/script>\n<!-- \/ Yoast SEO plugin. -->","yoast_head_json":{"title":"SPICA OPORNICA- ortoza za zapestje - desna - Mi Vam","description":"Neoprenska opornica za zapestje z je\u017ekom in podalj\u0161kom za palec za omejitev gibanja prvih MCP in CMC sklepov. Nova izbolj\u0161ana aluminijasta opornica za dlan in palec.","robots":{"index":"index","follow":"follow","max-snippet":"max-snippet:-1","max-image-preview":"max-image-preview:large","max-video-preview":"max-video-preview:-1"},"canonical":"https:\/\/www.mivam.com\/izdelek\/spica-opornica-ortoza-za-zapestje-desna\/","og_locale":"en_US","og_type":"article","og_title":"SPICA OPORNICA- ortoza za zapestje - desna - Mi Vam","og_description":"Neoprenska opornica za zapestje z je\u017ekom in podalj\u0161kom za palec za omejitev gibanja prvih MCP in CMC sklepov. Nova izbolj\u0161ana aluminijasta opornica za dlan in palec.","og_url":"https:\/\/www.mivam.com\/izdelek\/spica-opornica-ortoza-za-zapestje-desna\/","og_site_name":"Mi Vam","article_modified_time":"2025-06-19T02:50:11+00:00","og_image":[{"width":700,"height":700,"url":"https:\/\/www.mivam.com\/wp-content\/uploads\/2025\/06\/neoprene-wrist-brace-with-thumb-extension-beige-091240803.webp","type":"image\/webp"}],"twitter_card":"summary_large_image","twitter_misc":{"Est. reading time":"1 minute"},"schema":{"@context":"https:\/\/schema.org","@graph":[{"@type":"WebPage","@id":"https:\/\/www.mivam.com\/izdelek\/spica-opornica-ortoza-za-zapestje-desna\/","url":"https:\/\/www.mivam.com\/izdelek\/spica-opornica-ortoza-za-zapestje-desna\/","name":"SPICA OPORNICA- ortoza za zapestje - desna - Mi Vam","isPartOf":{"@id":"https:\/\/www.mivam.com\/#website"},"primaryImageOfPage":{"@id":"https:\/\/www.mivam.com\/izdelek\/spica-opornica-ortoza-za-zapestje-desna\/#primaryimage"},"image":{"@id":"https:\/\/www.mivam.com\/izdelek\/spica-opornica-ortoza-za-zapestje-desna\/#primaryimage"},"thumbnailUrl":"https:\/\/www.mivam.com\/wp-content\/uploads\/2025\/06\/neoprene-wrist-brace-with-thumb-extension-beige-091240803.webp","datePublished":"2025-06-17T08:05:58+00:00","dateModified":"2025-06-19T02:50:11+00:00","description":"Neoprenska opornica za zapestje z je\u017ekom in podalj\u0161kom za palec za omejitev gibanja prvih MCP in CMC sklepov. Nova izbolj\u0161ana aluminijasta opornica za dlan in palec.","breadcrumb":{"@id":"https:\/\/www.mivam.com\/izdelek\/spica-opornica-ortoza-za-zapestje-desna\/#breadcrumb"},"inLanguage":"en-US","potentialAction":[{"@type":"ReadAction","target":["https:\/\/www.mivam.com\/izdelek\/spica-opornica-ortoza-za-zapestje-desna\/"]}]},{"@type":"ImageObject","inLanguage":"en-US","@id":"https:\/\/www.mivam.com\/izdelek\/spica-opornica-ortoza-za-zapestje-desna\/#primaryimage","url":"https:\/\/www.mivam.com\/wp-content\/uploads\/2025\/06\/neoprene-wrist-brace-with-thumb-extension-beige-091240803.webp","contentUrl":"https:\/\/www.mivam.com\/wp-content\/uploads\/2025\/06\/neoprene-wrist-brace-with-thumb-extension-beige-091240803.webp","width":700,"height":700,"caption":"ortoza za zapestje - desna"},{"@type":"BreadcrumbList","@id":"https:\/\/www.mivam.com\/izdelek\/spica-opornica-ortoza-za-zapestje-desna\/#breadcrumb","itemListElement":[{"@type":"ListItem","position":1,"name":"Domov","item":"https:\/\/www.mivam.com\/"},{"@type":"ListItem","position":2,"name":"Shop","item":"https:\/\/www.mivam.com\/en\/shop\/"},{"@type":"ListItem","position":3,"name":"Rehabilitacija","item":"https:\/\/www.mivam.com\/kategorija-izdelka\/rehabilitacija\/"},{"@type":"ListItem","position":4,"name":"SPICA OPORNICA- ortoza za zapestje &#8211; desna"}]},{"@type":"WebSite","@id":"https:\/\/www.mivam.com\/#website","url":"https:\/\/www.mivam.com\/","name":"Mi Vam","description":"Medicinski pripomo\u010dki in re\u0161itve za manj odvisno \u017eivljenje.","potentialAction":[{"@type":"SearchAction","target":{"@type":"EntryPoint","urlTemplate":"https:\/\/www.mivam.com\/?s={search_term_string}"},"query-input":{"@type":"PropertyValueSpecification","valueRequired":true,"valueName":"search_term_string"}}],"inLanguage":"en-US"}]}},"_links":{"self":[{"href":"https:\/\/www.mivam.com\/en\/wp-json\/wp\/v2\/product\/7628","targetHints":{"allow":["GET"]}}],"collection":[{"href":"https:\/\/www.mivam.com\/en\/wp-json\/wp\/v2\/product"}],"about":[{"href":"https:\/\/www.mivam.com\/en\/wp-json\/wp\/v2\/types\/product"}],"replies":[{"embeddable":true,"href":"https:\/\/www.mivam.com\/en\/wp-json\/wp\/v2\/comments?post=7628"}],"wp:featuredmedia":[{"embeddable":true,"href":"https:\/\/www.mivam.com\/en\/wp-json\/wp\/v2\/media\/7629"}],"wp:attachment":[{"href":"https:\/\/www.mivam.com\/en\/wp-json\/wp\/v2\/media?parent=7628"}],"wp:term":[{"taxonomy":"product_brand","embeddable":true,"href":"https:\/\/www.mivam.com\/en\/wp-json\/wp\/v2\/product_brand?post=7628"},{"taxonomy":"product_cat","embeddable":true,"href":"https:\/\/www.mivam.com\/en\/wp-json\/wp\/v2\/product_cat?post=7628"},{"taxonomy":"product_tag","embeddable":true,"href":"https:\/\/www.mivam.com\/en\/wp-json\/wp\/v2\/product_tag?post=7628"}],"curies":[{"name":"wp","href":"https:\/\/api.w.org\/{rel}","templated":true}]}}