{"id":7616,"date":"2025-06-17T09:52:07","date_gmt":"2025-06-17T07:52:07","guid":{"rendered":"https:\/\/pisarna.novisplet.com\/dev2\/mivam_old\/?post_type=product&#038;p=7616"},"modified":"2025-06-19T04:55:03","modified_gmt":"2025-06-19T02:55:03","slug":"c-v-a-opornica-za-ramo-ortoza-za-ramo-desna","status":"publish","type":"product","link":"https:\/\/www.mivam.com\/en\/izdelek\/c-v-a-opornica-za-ramo-ortoza-za-ramo-desna\/","title":{"rendered":"C.V.A. OPORNICA ZA RAMO \u2013 ORTOZA ZA RAMO \u2013 desna"},"content":{"rendered":"<div class=\"wpb-content-wrapper\"><p>[vc_row full_width=&#8221;stretch_row&#8221;][vc_column][vc_column_text]Zagotavlja mehko bla\u017eenje za maksimalno udobje rame, roke in roke. Pralno. Primerno za desno ali levo roko.[\/vc_column_text][\/vc_column][\/vc_row]<\/p>\n<\/div>","protected":false},"excerpt":{"rendered":"<p>Rolyan\u00ae CVA Sling je udoben ramenski opornik, ki dr\u017ei ramo, roko in zapestje v fiksnem polo\u017eaju za okrevanje po operaciji ali po\u0161kodbi.<\/p>\n","protected":false},"featured_media":7617,"comment_status":"closed","ping_status":"closed","template":"","meta":[],"product_brand":[],"product_cat":[225,62],"product_tag":[578,572,573,574,577,145,575,576,570],"class_list":{"0":"post-7616","1":"product","2":"type-product","3":"status-publish","4":"has-post-thumbnail","6":"product_cat-rehabilitacija","7":"product_cat-rehabilitacijski-pripomocki","8":"product_tag-578","9":"product_tag-c-v-a","10":"product_tag-c-v-a-opornica","11":"product_tag-cva-opornica","12":"product_tag-desna","13":"product_tag-opornica","14":"product_tag-opornica-za-ramo","15":"product_tag-ortoza-za-ramo","16":"product_tag-performance-health","18":"first","19":"instock","20":"taxable","21":"shipping-taxable","22":"purchasable","23":"product-type-simple"},"yoast_head":"<!-- This site is optimized with the Yoast SEO plugin v24.0 - https:\/\/yoast.com\/wordpress\/plugins\/seo\/ -->\n<title>C.V.A. OPORNICA ZA RAMO \u2013 ORTOZA ZA RAMO \u2013 desna - Mi Vam<\/title>\n<meta name=\"description\" content=\"Rolyan\u00ae CVA Sling je udoben ramenski opornik, ki dr\u017ei ramo, roko in zapestje v fiksnem polo\u017eaju za okrevanje po operaciji ali po\u0161kodbi.\" \/>\n<meta name=\"robots\" content=\"index, follow, max-snippet:-1, max-image-preview:large, max-video-preview:-1\" \/>\n<link rel=\"canonical\" href=\"https:\/\/www.mivam.com\/izdelek\/c-v-a-opornica-za-ramo-ortoza-za-ramo-desna\/\" \/>\n<meta property=\"og:locale\" content=\"en_US\" \/>\n<meta property=\"og:type\" content=\"article\" \/>\n<meta property=\"og:title\" content=\"C.V.A. OPORNICA ZA RAMO \u2013 ORTOZA ZA RAMO \u2013 desna - Mi Vam\" \/>\n<meta property=\"og:description\" content=\"Rolyan\u00ae CVA Sling je udoben ramenski opornik, ki dr\u017ei ramo, roko in zapestje v fiksnem polo\u017eaju za okrevanje po operaciji ali po\u0161kodbi.\" \/>\n<meta property=\"og:url\" content=\"https:\/\/www.mivam.com\/izdelek\/c-v-a-opornica-za-ramo-ortoza-za-ramo-desna\/\" \/>\n<meta property=\"og:site_name\" content=\"Mi Vam\" \/>\n<meta property=\"article:modified_time\" content=\"2025-06-19T02:55:03+00:00\" \/>\n<meta property=\"og:image\" content=\"https:\/\/www.mivam.com\/wp-content\/uploads\/2025\/06\/a5492.webp\" \/>\n\t<meta property=\"og:image:width\" content=\"700\" \/>\n\t<meta property=\"og:image:height\" content=\"700\" \/>\n\t<meta property=\"og:image:type\" content=\"image\/webp\" \/>\n<meta name=\"twitter:card\" content=\"summary_large_image\" \/>\n<meta name=\"twitter:label1\" content=\"Est. reading time\" \/>\n\t<meta name=\"twitter:data1\" content=\"1 minute\" \/>\n<script type=\"application\/ld+json\" class=\"yoast-schema-graph\">{\"@context\":\"https:\/\/schema.org\",\"@graph\":[{\"@type\":\"WebPage\",\"@id\":\"https:\/\/www.mivam.com\/izdelek\/c-v-a-opornica-za-ramo-ortoza-za-ramo-desna\/\",\"url\":\"https:\/\/www.mivam.com\/izdelek\/c-v-a-opornica-za-ramo-ortoza-za-ramo-desna\/\",\"name\":\"C.V.A. OPORNICA ZA RAMO \u2013 ORTOZA ZA RAMO \u2013 desna - Mi Vam\",\"isPartOf\":{\"@id\":\"https:\/\/www.mivam.com\/#website\"},\"primaryImageOfPage\":{\"@id\":\"https:\/\/www.mivam.com\/izdelek\/c-v-a-opornica-za-ramo-ortoza-za-ramo-desna\/#primaryimage\"},\"image\":{\"@id\":\"https:\/\/www.mivam.com\/izdelek\/c-v-a-opornica-za-ramo-ortoza-za-ramo-desna\/#primaryimage\"},\"thumbnailUrl\":\"https:\/\/www.mivam.com\/wp-content\/uploads\/2025\/06\/a5492.webp\",\"datePublished\":\"2025-06-17T07:52:07+00:00\",\"dateModified\":\"2025-06-19T02:55:03+00:00\",\"description\":\"Rolyan\u00ae CVA Sling je udoben ramenski opornik, ki dr\u017ei ramo, roko in zapestje v fiksnem polo\u017eaju za okrevanje po operaciji ali po\u0161kodbi.\",\"breadcrumb\":{\"@id\":\"https:\/\/www.mivam.com\/izdelek\/c-v-a-opornica-za-ramo-ortoza-za-ramo-desna\/#breadcrumb\"},\"inLanguage\":\"en-US\",\"potentialAction\":[{\"@type\":\"ReadAction\",\"target\":[\"https:\/\/www.mivam.com\/izdelek\/c-v-a-opornica-za-ramo-ortoza-za-ramo-desna\/\"]}]},{\"@type\":\"ImageObject\",\"inLanguage\":\"en-US\",\"@id\":\"https:\/\/www.mivam.com\/izdelek\/c-v-a-opornica-za-ramo-ortoza-za-ramo-desna\/#primaryimage\",\"url\":\"https:\/\/www.mivam.com\/wp-content\/uploads\/2025\/06\/a5492.webp\",\"contentUrl\":\"https:\/\/www.mivam.com\/wp-content\/uploads\/2025\/06\/a5492.webp\",\"width\":700,\"height\":700,\"caption\":\"Ortoza za ramo\"},{\"@type\":\"BreadcrumbList\",\"@id\":\"https:\/\/www.mivam.com\/izdelek\/c-v-a-opornica-za-ramo-ortoza-za-ramo-desna\/#breadcrumb\",\"itemListElement\":[{\"@type\":\"ListItem\",\"position\":1,\"name\":\"Domov\",\"item\":\"https:\/\/www.mivam.com\/\"},{\"@type\":\"ListItem\",\"position\":2,\"name\":\"Shop\",\"item\":\"https:\/\/www.mivam.com\/en\/shop\/\"},{\"@type\":\"ListItem\",\"position\":3,\"name\":\"Rehabilitacija\",\"item\":\"https:\/\/www.mivam.com\/kategorija-izdelka\/rehabilitacija\/\"},{\"@type\":\"ListItem\",\"position\":4,\"name\":\"C.V.A. OPORNICA ZA RAMO \u2013 ORTOZA ZA RAMO \u2013 desna\"}]},{\"@type\":\"WebSite\",\"@id\":\"https:\/\/www.mivam.com\/#website\",\"url\":\"https:\/\/www.mivam.com\/\",\"name\":\"Mi Vam\",\"description\":\"Medicinski pripomo\u010dki in re\u0161itve za manj odvisno \u017eivljenje.\",\"potentialAction\":[{\"@type\":\"SearchAction\",\"target\":{\"@type\":\"EntryPoint\",\"urlTemplate\":\"https:\/\/www.mivam.com\/?s={search_term_string}\"},\"query-input\":{\"@type\":\"PropertyValueSpecification\",\"valueRequired\":true,\"valueName\":\"search_term_string\"}}],\"inLanguage\":\"en-US\"}]}<\/script>\n<!-- \/ Yoast SEO plugin. -->","yoast_head_json":{"title":"C.V.A. OPORNICA ZA RAMO \u2013 ORTOZA ZA RAMO \u2013 desna - Mi Vam","description":"Rolyan\u00ae CVA Sling je udoben ramenski opornik, ki dr\u017ei ramo, roko in zapestje v fiksnem polo\u017eaju za okrevanje po operaciji ali po\u0161kodbi.","robots":{"index":"index","follow":"follow","max-snippet":"max-snippet:-1","max-image-preview":"max-image-preview:large","max-video-preview":"max-video-preview:-1"},"canonical":"https:\/\/www.mivam.com\/izdelek\/c-v-a-opornica-za-ramo-ortoza-za-ramo-desna\/","og_locale":"en_US","og_type":"article","og_title":"C.V.A. OPORNICA ZA RAMO \u2013 ORTOZA ZA RAMO \u2013 desna - Mi Vam","og_description":"Rolyan\u00ae CVA Sling je udoben ramenski opornik, ki dr\u017ei ramo, roko in zapestje v fiksnem polo\u017eaju za okrevanje po operaciji ali po\u0161kodbi.","og_url":"https:\/\/www.mivam.com\/izdelek\/c-v-a-opornica-za-ramo-ortoza-za-ramo-desna\/","og_site_name":"Mi Vam","article_modified_time":"2025-06-19T02:55:03+00:00","og_image":[{"width":700,"height":700,"url":"https:\/\/www.mivam.com\/wp-content\/uploads\/2025\/06\/a5492.webp","type":"image\/webp"}],"twitter_card":"summary_large_image","twitter_misc":{"Est. reading time":"1 minute"},"schema":{"@context":"https:\/\/schema.org","@graph":[{"@type":"WebPage","@id":"https:\/\/www.mivam.com\/izdelek\/c-v-a-opornica-za-ramo-ortoza-za-ramo-desna\/","url":"https:\/\/www.mivam.com\/izdelek\/c-v-a-opornica-za-ramo-ortoza-za-ramo-desna\/","name":"C.V.A. OPORNICA ZA RAMO \u2013 ORTOZA ZA RAMO \u2013 desna - Mi Vam","isPartOf":{"@id":"https:\/\/www.mivam.com\/#website"},"primaryImageOfPage":{"@id":"https:\/\/www.mivam.com\/izdelek\/c-v-a-opornica-za-ramo-ortoza-za-ramo-desna\/#primaryimage"},"image":{"@id":"https:\/\/www.mivam.com\/izdelek\/c-v-a-opornica-za-ramo-ortoza-za-ramo-desna\/#primaryimage"},"thumbnailUrl":"https:\/\/www.mivam.com\/wp-content\/uploads\/2025\/06\/a5492.webp","datePublished":"2025-06-17T07:52:07+00:00","dateModified":"2025-06-19T02:55:03+00:00","description":"Rolyan\u00ae CVA Sling je udoben ramenski opornik, ki dr\u017ei ramo, roko in zapestje v fiksnem polo\u017eaju za okrevanje po operaciji ali po\u0161kodbi.","breadcrumb":{"@id":"https:\/\/www.mivam.com\/izdelek\/c-v-a-opornica-za-ramo-ortoza-za-ramo-desna\/#breadcrumb"},"inLanguage":"en-US","potentialAction":[{"@type":"ReadAction","target":["https:\/\/www.mivam.com\/izdelek\/c-v-a-opornica-za-ramo-ortoza-za-ramo-desna\/"]}]},{"@type":"ImageObject","inLanguage":"en-US","@id":"https:\/\/www.mivam.com\/izdelek\/c-v-a-opornica-za-ramo-ortoza-za-ramo-desna\/#primaryimage","url":"https:\/\/www.mivam.com\/wp-content\/uploads\/2025\/06\/a5492.webp","contentUrl":"https:\/\/www.mivam.com\/wp-content\/uploads\/2025\/06\/a5492.webp","width":700,"height":700,"caption":"Ortoza za ramo"},{"@type":"BreadcrumbList","@id":"https:\/\/www.mivam.com\/izdelek\/c-v-a-opornica-za-ramo-ortoza-za-ramo-desna\/#breadcrumb","itemListElement":[{"@type":"ListItem","position":1,"name":"Domov","item":"https:\/\/www.mivam.com\/"},{"@type":"ListItem","position":2,"name":"Shop","item":"https:\/\/www.mivam.com\/en\/shop\/"},{"@type":"ListItem","position":3,"name":"Rehabilitacija","item":"https:\/\/www.mivam.com\/kategorija-izdelka\/rehabilitacija\/"},{"@type":"ListItem","position":4,"name":"C.V.A. OPORNICA ZA RAMO \u2013 ORTOZA ZA RAMO \u2013 desna"}]},{"@type":"WebSite","@id":"https:\/\/www.mivam.com\/#website","url":"https:\/\/www.mivam.com\/","name":"Mi Vam","description":"Medicinski pripomo\u010dki in re\u0161itve za manj odvisno \u017eivljenje.","potentialAction":[{"@type":"SearchAction","target":{"@type":"EntryPoint","urlTemplate":"https:\/\/www.mivam.com\/?s={search_term_string}"},"query-input":{"@type":"PropertyValueSpecification","valueRequired":true,"valueName":"search_term_string"}}],"inLanguage":"en-US"}]}},"_links":{"self":[{"href":"https:\/\/www.mivam.com\/en\/wp-json\/wp\/v2\/product\/7616","targetHints":{"allow":["GET"]}}],"collection":[{"href":"https:\/\/www.mivam.com\/en\/wp-json\/wp\/v2\/product"}],"about":[{"href":"https:\/\/www.mivam.com\/en\/wp-json\/wp\/v2\/types\/product"}],"replies":[{"embeddable":true,"href":"https:\/\/www.mivam.com\/en\/wp-json\/wp\/v2\/comments?post=7616"}],"wp:featuredmedia":[{"embeddable":true,"href":"https:\/\/www.mivam.com\/en\/wp-json\/wp\/v2\/media\/7617"}],"wp:attachment":[{"href":"https:\/\/www.mivam.com\/en\/wp-json\/wp\/v2\/media?parent=7616"}],"wp:term":[{"taxonomy":"product_brand","embeddable":true,"href":"https:\/\/www.mivam.com\/en\/wp-json\/wp\/v2\/product_brand?post=7616"},{"taxonomy":"product_cat","embeddable":true,"href":"https:\/\/www.mivam.com\/en\/wp-json\/wp\/v2\/product_cat?post=7616"},{"taxonomy":"product_tag","embeddable":true,"href":"https:\/\/www.mivam.com\/en\/wp-json\/wp\/v2\/product_tag?post=7616"}],"curies":[{"name":"wp","href":"https:\/\/api.w.org\/{rel}","templated":true}]}}