{"id":7614,"date":"2025-06-17T09:50:51","date_gmt":"2025-06-17T07:50:51","guid":{"rendered":"https:\/\/pisarna.novisplet.com\/dev2\/mivam_old\/?post_type=product&#038;p=7614"},"modified":"2025-06-19T04:55:28","modified_gmt":"2025-06-19T02:55:28","slug":"patriot-ortoza-za-vratno-hrbtenico-trda","status":"publish","type":"product","link":"https:\/\/www.mivam.com\/en\/izdelek\/patriot-ortoza-za-vratno-hrbtenico-trda\/","title":{"rendered":"PATRIOT &#8211; Ortoza za vratno hrbtenico &#8211; TRDA"},"content":{"rendered":"<div class=\"wpb-content-wrapper\"><p>[vc_row full_width=&#8221;stretch_row&#8221;][vc_column][vc_column_text]Izvle\u010dna ovratnica je enodelna zasnova, ki imobilizira hrbtenico in jo \u0161\u010diti pred premikanjem. Najpogosteje se uporablja po po\u0161kodbi vratu ali prometni nesre\u010di za imobilizacijo vratne hrbtenice. Ovratnico je enostavno namestiti, odstraniti in prilagoditi zaradi nastavljivih zapiralnih jezi\u010dkov[\/vc_column_text][\/vc_column][\/vc_row]<\/p>\n<\/div>","protected":false},"excerpt":{"rendered":"<ul>\n<li>Enodelna konstrukcija ovratnika<\/li>\n<li>Zapira se z nastavljivimi jezi\u010dki na zasko\u010dni mehanizem<\/li>\n<li>Brez lateksa<\/li>\n<\/ul>\n","protected":false},"featured_media":7615,"comment_status":"closed","ping_status":"closed","template":"","meta":[],"product_brand":[],"product_cat":[225,62],"product_tag":[571,569,145,566,567,565,570,568],"class_list":{"0":"post-7614","1":"product","2":"type-product","3":"status-publish","4":"has-post-thumbnail","6":"product_cat-rehabilitacija","7":"product_cat-rehabilitacijski-pripomocki","8":"product_tag-571","9":"product_tag-cto","10":"product_tag-opornica","11":"product_tag-opornica-za-vrat","12":"product_tag-ortoza-za-vratno-hrbtenico","13":"product_tag-patriot","14":"product_tag-performance-health","15":"product_tag-trda-opornica","17":"first","18":"instock","19":"taxable","20":"shipping-taxable","21":"purchasable","22":"product-type-simple"},"yoast_head":"<!-- This site is optimized with the Yoast SEO plugin v24.0 - https:\/\/yoast.com\/wordpress\/plugins\/seo\/ -->\n<title>PATRIOT - Ortoza za vratno hrbtenico - TRDA - Mi Vam<\/title>\n<meta name=\"description\" content=\"Enodelna konstrukcija ovratnika  Zapira se z nastavljivimi jezi\u010dki na zasko\u010dni mehanizem  Brez lateksa\" \/>\n<meta name=\"robots\" content=\"index, follow, max-snippet:-1, max-image-preview:large, max-video-preview:-1\" \/>\n<link rel=\"canonical\" href=\"https:\/\/www.mivam.com\/izdelek\/patriot-ortoza-za-vratno-hrbtenico-trda\/\" \/>\n<meta property=\"og:locale\" content=\"en_US\" \/>\n<meta property=\"og:type\" content=\"article\" \/>\n<meta property=\"og:title\" content=\"PATRIOT - Ortoza za vratno hrbtenico - TRDA - Mi Vam\" \/>\n<meta property=\"og:description\" content=\"Enodelna konstrukcija ovratnika  Zapira se z nastavljivimi jezi\u010dki na zasko\u010dni mehanizem  Brez lateksa\" \/>\n<meta property=\"og:url\" content=\"https:\/\/www.mivam.com\/izdelek\/patriot-ortoza-za-vratno-hrbtenico-trda\/\" \/>\n<meta property=\"og:site_name\" content=\"Mi Vam\" \/>\n<meta property=\"article:modified_time\" content=\"2025-06-19T02:55:28+00:00\" \/>\n<meta property=\"og:image\" content=\"https:\/\/www.mivam.com\/wp-content\/uploads\/2025\/06\/extrication_collar-edit.webp\" \/>\n\t<meta property=\"og:image:width\" content=\"700\" \/>\n\t<meta property=\"og:image:height\" content=\"700\" \/>\n\t<meta property=\"og:image:type\" content=\"image\/webp\" \/>\n<meta name=\"twitter:card\" content=\"summary_large_image\" \/>\n<meta name=\"twitter:label1\" content=\"Est. reading time\" \/>\n\t<meta name=\"twitter:data1\" content=\"1 minute\" \/>\n<script type=\"application\/ld+json\" class=\"yoast-schema-graph\">{\"@context\":\"https:\/\/schema.org\",\"@graph\":[{\"@type\":\"WebPage\",\"@id\":\"https:\/\/www.mivam.com\/izdelek\/patriot-ortoza-za-vratno-hrbtenico-trda\/\",\"url\":\"https:\/\/www.mivam.com\/izdelek\/patriot-ortoza-za-vratno-hrbtenico-trda\/\",\"name\":\"PATRIOT - Ortoza za vratno hrbtenico - TRDA - Mi Vam\",\"isPartOf\":{\"@id\":\"https:\/\/www.mivam.com\/#website\"},\"primaryImageOfPage\":{\"@id\":\"https:\/\/www.mivam.com\/izdelek\/patriot-ortoza-za-vratno-hrbtenico-trda\/#primaryimage\"},\"image\":{\"@id\":\"https:\/\/www.mivam.com\/izdelek\/patriot-ortoza-za-vratno-hrbtenico-trda\/#primaryimage\"},\"thumbnailUrl\":\"https:\/\/www.mivam.com\/wp-content\/uploads\/2025\/06\/extrication_collar-edit.webp\",\"datePublished\":\"2025-06-17T07:50:51+00:00\",\"dateModified\":\"2025-06-19T02:55:28+00:00\",\"description\":\"Enodelna konstrukcija ovratnika Zapira se z nastavljivimi jezi\u010dki na zasko\u010dni mehanizem Brez lateksa\",\"breadcrumb\":{\"@id\":\"https:\/\/www.mivam.com\/izdelek\/patriot-ortoza-za-vratno-hrbtenico-trda\/#breadcrumb\"},\"inLanguage\":\"en-US\",\"potentialAction\":[{\"@type\":\"ReadAction\",\"target\":[\"https:\/\/www.mivam.com\/izdelek\/patriot-ortoza-za-vratno-hrbtenico-trda\/\"]}]},{\"@type\":\"ImageObject\",\"inLanguage\":\"en-US\",\"@id\":\"https:\/\/www.mivam.com\/izdelek\/patriot-ortoza-za-vratno-hrbtenico-trda\/#primaryimage\",\"url\":\"https:\/\/www.mivam.com\/wp-content\/uploads\/2025\/06\/extrication_collar-edit.webp\",\"contentUrl\":\"https:\/\/www.mivam.com\/wp-content\/uploads\/2025\/06\/extrication_collar-edit.webp\",\"width\":700,\"height\":700,\"caption\":\"Ortoza za vrat\"},{\"@type\":\"BreadcrumbList\",\"@id\":\"https:\/\/www.mivam.com\/izdelek\/patriot-ortoza-za-vratno-hrbtenico-trda\/#breadcrumb\",\"itemListElement\":[{\"@type\":\"ListItem\",\"position\":1,\"name\":\"Domov\",\"item\":\"https:\/\/www.mivam.com\/\"},{\"@type\":\"ListItem\",\"position\":2,\"name\":\"Shop\",\"item\":\"https:\/\/www.mivam.com\/en\/shop\/\"},{\"@type\":\"ListItem\",\"position\":3,\"name\":\"Rehabilitacija\",\"item\":\"https:\/\/www.mivam.com\/kategorija-izdelka\/rehabilitacija\/\"},{\"@type\":\"ListItem\",\"position\":4,\"name\":\"PATRIOT &#8211; Ortoza za vratno hrbtenico &#8211; TRDA\"}]},{\"@type\":\"WebSite\",\"@id\":\"https:\/\/www.mivam.com\/#website\",\"url\":\"https:\/\/www.mivam.com\/\",\"name\":\"Mi Vam\",\"description\":\"Medicinski pripomo\u010dki in re\u0161itve za manj odvisno \u017eivljenje.\",\"potentialAction\":[{\"@type\":\"SearchAction\",\"target\":{\"@type\":\"EntryPoint\",\"urlTemplate\":\"https:\/\/www.mivam.com\/?s={search_term_string}\"},\"query-input\":{\"@type\":\"PropertyValueSpecification\",\"valueRequired\":true,\"valueName\":\"search_term_string\"}}],\"inLanguage\":\"en-US\"}]}<\/script>\n<!-- \/ Yoast SEO plugin. -->","yoast_head_json":{"title":"PATRIOT - Ortoza za vratno hrbtenico - TRDA - Mi Vam","description":"Enodelna konstrukcija ovratnika  Zapira se z nastavljivimi jezi\u010dki na zasko\u010dni mehanizem  Brez lateksa","robots":{"index":"index","follow":"follow","max-snippet":"max-snippet:-1","max-image-preview":"max-image-preview:large","max-video-preview":"max-video-preview:-1"},"canonical":"https:\/\/www.mivam.com\/izdelek\/patriot-ortoza-za-vratno-hrbtenico-trda\/","og_locale":"en_US","og_type":"article","og_title":"PATRIOT - Ortoza za vratno hrbtenico - TRDA - Mi Vam","og_description":"Enodelna konstrukcija ovratnika  Zapira se z nastavljivimi jezi\u010dki na zasko\u010dni mehanizem  Brez lateksa","og_url":"https:\/\/www.mivam.com\/izdelek\/patriot-ortoza-za-vratno-hrbtenico-trda\/","og_site_name":"Mi Vam","article_modified_time":"2025-06-19T02:55:28+00:00","og_image":[{"width":700,"height":700,"url":"https:\/\/www.mivam.com\/wp-content\/uploads\/2025\/06\/extrication_collar-edit.webp","type":"image\/webp"}],"twitter_card":"summary_large_image","twitter_misc":{"Est. reading time":"1 minute"},"schema":{"@context":"https:\/\/schema.org","@graph":[{"@type":"WebPage","@id":"https:\/\/www.mivam.com\/izdelek\/patriot-ortoza-za-vratno-hrbtenico-trda\/","url":"https:\/\/www.mivam.com\/izdelek\/patriot-ortoza-za-vratno-hrbtenico-trda\/","name":"PATRIOT - Ortoza za vratno hrbtenico - TRDA - Mi Vam","isPartOf":{"@id":"https:\/\/www.mivam.com\/#website"},"primaryImageOfPage":{"@id":"https:\/\/www.mivam.com\/izdelek\/patriot-ortoza-za-vratno-hrbtenico-trda\/#primaryimage"},"image":{"@id":"https:\/\/www.mivam.com\/izdelek\/patriot-ortoza-za-vratno-hrbtenico-trda\/#primaryimage"},"thumbnailUrl":"https:\/\/www.mivam.com\/wp-content\/uploads\/2025\/06\/extrication_collar-edit.webp","datePublished":"2025-06-17T07:50:51+00:00","dateModified":"2025-06-19T02:55:28+00:00","description":"Enodelna konstrukcija ovratnika Zapira se z nastavljivimi jezi\u010dki na zasko\u010dni mehanizem Brez lateksa","breadcrumb":{"@id":"https:\/\/www.mivam.com\/izdelek\/patriot-ortoza-za-vratno-hrbtenico-trda\/#breadcrumb"},"inLanguage":"en-US","potentialAction":[{"@type":"ReadAction","target":["https:\/\/www.mivam.com\/izdelek\/patriot-ortoza-za-vratno-hrbtenico-trda\/"]}]},{"@type":"ImageObject","inLanguage":"en-US","@id":"https:\/\/www.mivam.com\/izdelek\/patriot-ortoza-za-vratno-hrbtenico-trda\/#primaryimage","url":"https:\/\/www.mivam.com\/wp-content\/uploads\/2025\/06\/extrication_collar-edit.webp","contentUrl":"https:\/\/www.mivam.com\/wp-content\/uploads\/2025\/06\/extrication_collar-edit.webp","width":700,"height":700,"caption":"Ortoza za vrat"},{"@type":"BreadcrumbList","@id":"https:\/\/www.mivam.com\/izdelek\/patriot-ortoza-za-vratno-hrbtenico-trda\/#breadcrumb","itemListElement":[{"@type":"ListItem","position":1,"name":"Domov","item":"https:\/\/www.mivam.com\/"},{"@type":"ListItem","position":2,"name":"Shop","item":"https:\/\/www.mivam.com\/en\/shop\/"},{"@type":"ListItem","position":3,"name":"Rehabilitacija","item":"https:\/\/www.mivam.com\/kategorija-izdelka\/rehabilitacija\/"},{"@type":"ListItem","position":4,"name":"PATRIOT &#8211; Ortoza za vratno hrbtenico &#8211; TRDA"}]},{"@type":"WebSite","@id":"https:\/\/www.mivam.com\/#website","url":"https:\/\/www.mivam.com\/","name":"Mi Vam","description":"Medicinski pripomo\u010dki in re\u0161itve za manj odvisno \u017eivljenje.","potentialAction":[{"@type":"SearchAction","target":{"@type":"EntryPoint","urlTemplate":"https:\/\/www.mivam.com\/?s={search_term_string}"},"query-input":{"@type":"PropertyValueSpecification","valueRequired":true,"valueName":"search_term_string"}}],"inLanguage":"en-US"}]}},"_links":{"self":[{"href":"https:\/\/www.mivam.com\/en\/wp-json\/wp\/v2\/product\/7614","targetHints":{"allow":["GET"]}}],"collection":[{"href":"https:\/\/www.mivam.com\/en\/wp-json\/wp\/v2\/product"}],"about":[{"href":"https:\/\/www.mivam.com\/en\/wp-json\/wp\/v2\/types\/product"}],"replies":[{"embeddable":true,"href":"https:\/\/www.mivam.com\/en\/wp-json\/wp\/v2\/comments?post=7614"}],"wp:featuredmedia":[{"embeddable":true,"href":"https:\/\/www.mivam.com\/en\/wp-json\/wp\/v2\/media\/7615"}],"wp:attachment":[{"href":"https:\/\/www.mivam.com\/en\/wp-json\/wp\/v2\/media?parent=7614"}],"wp:term":[{"taxonomy":"product_brand","embeddable":true,"href":"https:\/\/www.mivam.com\/en\/wp-json\/wp\/v2\/product_brand?post=7614"},{"taxonomy":"product_cat","embeddable":true,"href":"https:\/\/www.mivam.com\/en\/wp-json\/wp\/v2\/product_cat?post=7614"},{"taxonomy":"product_tag","embeddable":true,"href":"https:\/\/www.mivam.com\/en\/wp-json\/wp\/v2\/product_tag?post=7614"}],"curies":[{"name":"wp","href":"https:\/\/api.w.org\/{rel}","templated":true}]}}