{"id":7527,"date":"2025-06-16T15:59:15","date_gmt":"2025-06-16T13:59:15","guid":{"rendered":"https:\/\/pisarna.novisplet.com\/dev2\/mivam_old\/?post_type=product&#038;p=7527"},"modified":"2025-06-19T04:56:17","modified_gmt":"2025-06-19T02:56:17","slug":"bariatricni-vozicki-in-stoli-cobi-rehab","status":"publish","type":"product","link":"https:\/\/www.mivam.com\/en\/izdelek\/bariatricni-vozicki-in-stoli-cobi-rehab\/","title":{"rendered":"Bariatri\u010dni vozi\u010dki in stoli COBI REHAB"},"content":{"rendered":"<div class=\"wpb-content-wrapper\"><p>[vc_row full_width=&#8221;stretch_row&#8221; css=&#8221;.vc_custom_1689764110870{background-color: #f8f9fa !important;}&#8221;][vc_column][vc_empty_space height=&#8221;60px&#8221;][vc_column_text]<\/p>\n<h3 style=\"text-align: left\">Izdelki<\/h3>\n<p>[\/vc_column_text][vc_row_inner][vc_column_inner width=&#8221;1\/3&#8243;][vc_single_image image=&#8221;7529&#8243; img_size=&#8221;large&#8221; alignment=&#8221;right&#8221;][vc_column_text]<\/p>\n<div class=\"product-card-content\">\n<h4 class=\"woocommerce-loop-product__title\">Podpora za hrbet Kamille<\/h4>\n<\/div>\n<p>[\/vc_column_text]\t\r\n\t\t<a href=\"https:\/\/www-cobirehab-com.translate.goog\/en\/product\/kamille-back-support\/?_x_tr_sl=en&_x_tr_tl=sl&_x_tr_hl=sl&_x_tr_pto=wapp\" target=\"_blank\" class=\"btn btn-primary btn-md \" id=\"\">\r\n    Preberite ve\u010d<\/a>\r\n\r\n\t\t[\/vc_column_inner][vc_column_inner width=&#8221;1\/3&#8243;][vc_single_image image=&#8221;7531&#8243; img_size=&#8221;large&#8221; alignment=&#8221;right&#8221;][vc_column_text]<\/p>\n<div class=\"Card-textContent text-left\">\n<div class=\"Card-textContent text-left\">\n<div class=\"Card-textContent text-left\">\n<div class=\"product-card-content\">\n<h4 class=\"woocommerce-loop-product__title\">Invalidski vozi\u010dek Kamille Power Comfort<\/h4>\n<\/div>\n<\/div>\n<\/div>\n<\/div>\n<p>[\/vc_column_text]\t\r\n\t\t<a href=\"https:\/\/www-cobirehab-com.translate.goog\/en\/product\/kamille-power-comfort-wheelchair\/?_x_tr_sl=en&_x_tr_tl=sl&_x_tr_hl=sl&_x_tr_pto=wapp\" target=\"_blank\" class=\"btn btn-primary btn-md \" id=\"\">\r\n    Preberite ve\u010d<\/a>\r\n\r\n\t\t[\/vc_column_inner][vc_column_inner width=&#8221;1\/3&#8243;][vc_single_image image=&#8221;7533&#8243; img_size=&#8221;large&#8221; alignment=&#8221;right&#8221;][vc_column_text]<\/p>\n<div class=\"Card-textContent text-left\">\n<div class=\"Card-textContent text-left\">\n<div class=\"product-card-content\">\n<h4 class=\"product_title entry-title\"><span class=\"VIpgJd-yAWNEb-VIpgJd-fmcmS-sn54Q\">Lasal Sit Sack<\/span><\/h4>\n<\/div>\n<\/div>\n<\/div>\n<p>[\/vc_column_text]\t\r\n\t\t<a href=\"https:\/\/www-cobirehab-com.translate.goog\/en\/product\/kamille-comfort-wheelchair\/?_x_tr_sl=en&_x_tr_tl=sl&_x_tr_hl=sl&_x_tr_pto=wapp\" target=\"_blank\" class=\"btn btn-primary btn-md \" id=\"\">\r\n    Preberite ve\u010d<\/a>\r\n\r\n\t\t[\/vc_column_inner][\/vc_row_inner][vc_empty_space height=&#8221;40px&#8221;][vc_row_inner][vc_column_inner width=&#8221;1\/3&#8243;][vc_single_image image=&#8221;7535&#8243; img_size=&#8221;large&#8221; alignment=&#8221;right&#8221;][vc_column_text]<\/p>\n<div class=\"product-card-content\">\n<div class=\"product-card-content\">\n<h4 class=\"woocommerce-loop-product__title\">Bariatri\u010dni stol za paciente<\/h4>\n<\/div>\n<\/div>\n<p>[\/vc_column_text]\t\r\n\t\t<a href=\"https:\/\/www-cobirehab-com.translate.goog\/en\/product\/bariatric-patient-chair\/?_x_tr_sl=en&_x_tr_tl=sl&_x_tr_hl=sl&_x_tr_pto=wapp\" target=\"_blank\" class=\"btn btn-primary btn-md \" id=\"\">\r\n    Preberite ve\u010d<\/a>\r\n\r\n\t\t[\/vc_column_inner][vc_column_inner width=&#8221;1\/3&#8243;][vc_single_image image=&#8221;7537&#8243; img_size=&#8221;large&#8221; alignment=&#8221;right&#8221;][vc_column_text]<\/p>\n<div class=\"product-card-content\">\n<div class=\"product-card-content\">\n<h4 class=\"woocommerce-loop-product__title\">Cobi Cruise 2.0 bariatri\u010dni udobni invalidski vozi\u010dek<\/h4>\n<\/div>\n<\/div>\n<p>[\/vc_column_text]\t\r\n\t\t<a href=\"https:\/\/www-cobirehab-com.translate.goog\/en\/product\/bariatric-comfort-wheelchair-with-electric-propulsion\/?_x_tr_sl=en&_x_tr_tl=sl&_x_tr_hl=sl&_x_tr_pto=wapp\" target=\"_blank\" class=\"btn btn-primary btn-md \" id=\"\">\r\n    Preberite ve\u010d<\/a>\r\n\r\n\t\t[\/vc_column_inner][vc_column_inner width=&#8221;1\/3&#8243;][vc_single_image image=&#8221;7505&#8243; img_size=&#8221;large&#8221; alignment=&#8221;right&#8221;][vc_column_text]<\/p>\n<div class=\"product-card-content\">\n<div class=\"product-card-content\">\n<h4 class=\"woocommerce-loop-product__title\">MobiBed<\/h4>\n<\/div>\n<\/div>\n<p>[\/vc_column_text]\t\r\n\t\t<a href=\"https:\/\/www-cobirehab-com.translate.goog\/en\/product\/personal-transporter\/?_x_tr_sl=en&_x_tr_tl=sl&_x_tr_hl=sl&_x_tr_pto=wapp\" target=\"_blank\" class=\"btn btn-primary btn-md \" id=\"\">\r\n    Preberite ve\u010d<\/a>\r\n\r\n\t\t[\/vc_column_inner][\/vc_row_inner][vc_empty_space height=&#8221;40px&#8221;][vc_row_inner][vc_column_inner width=&#8221;1\/3&#8243;][vc_single_image image=&#8221;7539&#8243; img_size=&#8221;large&#8221; alignment=&#8221;right&#8221;][vc_column_text]<\/p>\n<div class=\"product-card-content\">\n<div class=\"product-card-content\">\n<h4 class=\"woocommerce-loop-product__title\"><span class=\"VIpgJd-yAWNEb-VIpgJd-fmcmS-sn54Q\">Bariatri\u010dna blazina za udobje invalidskega vozi\u010dka<\/span><\/h4>\n<\/div>\n<\/div>\n<p>[\/vc_column_text]\t\r\n\t\t<a href=\"https:\/\/www-cobirehab-com.translate.goog\/en\/product\/bariatric-wheelchair-comfort-cushion\/?_x_tr_sl=en&_x_tr_tl=sl&_x_tr_hl=sl&_x_tr_pto=wapp\" target=\"_blank\" class=\"btn btn-primary btn-md \" id=\"\">\r\n    Preberite ve\u010d<\/a>\r\n\r\n\t\t[\/vc_column_inner][vc_column_inner width=&#8221;1\/3&#8243;][vc_single_image image=&#8221;7541&#8243; img_size=&#8221;large&#8221; alignment=&#8221;right&#8221;][vc_column_text]<\/p>\n<div class=\"product-card-content\">\n<div class=\"product-card-content\">\n<h4 class=\"woocommerce-loop-product__title\">Bariatric Visco Comfort blazina za invalidski vozi\u010dek<\/h4>\n<\/div>\n<\/div>\n<p>[\/vc_column_text]\t\r\n\t\t<a href=\"https:\/\/www-cobirehab-com.translate.goog\/en\/product\/bariatric-wheelchair-visco-comfort-cushion\/?_x_tr_sl=en&_x_tr_tl=sl&_x_tr_hl=sl&_x_tr_pto=wapp\" target=\"_blank\" class=\"btn btn-primary btn-md \" id=\"\">\r\n    Preberite ve\u010d<\/a>\r\n\r\n\t\t[\/vc_column_inner][vc_column_inner width=&#8221;1\/3&#8243;][vc_single_image image=&#8221;7543&#8243; img_size=&#8221;large&#8221; alignment=&#8221;right&#8221;][vc_column_text]<\/p>\n<div class=\"product-card-content\">\n<div class=\"product-card-content\">\n<h4 class=\"woocommerce-loop-product__title\">Bariatri\u010dni transporter za invalidske vozi\u010dke<\/h4>\n<\/div>\n<\/div>\n<p>[\/vc_column_text]\t\r\n\t\t<a href=\"https:\/\/www-cobirehab-com.translate.goog\/en\/product\/bariatric-wheelchair-transporter\/?_x_tr_sl=en&_x_tr_tl=sl&_x_tr_hl=sl&_x_tr_pto=wapp\" target=\"_blank\" class=\"btn btn-primary btn-md \" id=\"\">\r\n    Preberite ve\u010d<\/a>\r\n\r\n\t\t[\/vc_column_inner][\/vc_row_inner][vc_empty_space height=&#8221;40px&#8221;][vc_row_inner][vc_column_inner width=&#8221;1\/3&#8243;][vc_single_image image=&#8221;7545&#8243; img_size=&#8221;large&#8221; alignment=&#8221;right&#8221;][vc_column_text]<\/p>\n<div class=\"product-card-content\">\n<div class=\"product-card-content\">\n<h4 class=\"woocommerce-loop-product__title\"><span class=\"VIpgJd-yAWNEb-VIpgJd-fmcmS-sn54Q\">Bariatri\u010dni invalidski vozi\u010dek Eclipse<\/span><\/h4>\n<\/div>\n<\/div>\n<p>[\/vc_column_text]\t\r\n\t\t<a href=\"https:\/\/www-cobirehab-com.translate.goog\/en\/product\/bariatric-wheelchair\/?_x_tr_sl=en&_x_tr_tl=sl&_x_tr_hl=sl&_x_tr_pto=wapp\" target=\"_blank\" class=\"btn btn-primary btn-md \" id=\"\">\r\n    Preberite ve\u010d<\/a>\r\n\r\n\t\t[\/vc_column_inner][vc_column_inner width=&#8221;1\/3&#8243;][vc_single_image image=&#8221;7547&#8243; img_size=&#8221;large&#8221; alignment=&#8221;right&#8221;][vc_column_text]<\/p>\n<div class=\"product-card-content\">\n<div class=\"product-card-content\">\n<h4 class=\"product_title entry-title\">Bariatri\u010dni zlo\u017eljivi invalidski vozi\u010dek Minimaxx<\/h4>\n<\/div>\n<\/div>\n<p>[\/vc_column_text]\t\r\n\t\t<a href=\"https:\/\/www-cobirehab-com.translate.goog\/en\/product\/bariatric-folding-wheelchair\/?_x_tr_sl=en&_x_tr_tl=sl&_x_tr_hl=sl&_x_tr_pto=wapp\" target=\"_blank\" class=\"btn btn-primary btn-md \" id=\"\">\r\n    Preberite ve\u010d<\/a>\r\n\r\n\t\t[\/vc_column_inner][vc_column_inner width=&#8221;1\/3&#8243;][vc_single_image image=&#8221;7549&#8243; img_size=&#8221;large&#8221; alignment=&#8221;right&#8221;][vc_column_text]<\/p>\n<div class=\"product-card-content\">\n<div class=\"product-card-content\">\n<h4 class=\"product_title entry-title\">Bariatri\u010dni invalidski vozi\u010dek Minimaxx s potisni motorjem<\/h4>\n<\/div>\n<\/div>\n<p>[\/vc_column_text]\t\r\n\t\t<a href=\"https:\/\/www-cobirehab-com.translate.goog\/en\/product\/bariatric-wheelchair-minimaxx-with-push-motor\/?_x_tr_sl=en&_x_tr_tl=sl&_x_tr_hl=sl&_x_tr_pto=wapp\" target=\"_blank\" class=\"btn btn-primary btn-md \" id=\"\">\r\n    Preberite ve\u010d<\/a>\r\n\r\n\t\t[\/vc_column_inner][\/vc_row_inner][vc_empty_space height=&#8221;40px&#8221;][vc_row_inner][vc_column_inner width=&#8221;1\/3&#8243;][vc_single_image image=&#8221;7551&#8243; img_size=&#8221;large&#8221; alignment=&#8221;right&#8221;][vc_column_text]<\/p>\n<div class=\"product-card-content\">\n<div class=\"product-card-content\">\n<h4 class=\"product_title entry-title\">Bariatri\u010dna simulacijska obleka<\/h4>\n<\/div>\n<\/div>\n<p>[\/vc_column_text]\t\r\n\t\t<a href=\"https:\/\/www-cobirehab-com.translate.goog\/en\/product\/bariatric-simulation-suit\/?_x_tr_sl=en&_x_tr_tl=sl&_x_tr_hl=sl&_x_tr_pto=wapp\" target=\"_blank\" class=\"btn btn-primary btn-md \" id=\"\">\r\n    Preberite ve\u010d<\/a>\r\n\r\n\t\t[\/vc_column_inner][vc_column_inner width=&#8221;1\/3&#8243;][\/vc_column_inner][vc_column_inner width=&#8221;1\/3&#8243;][\/vc_column_inner][\/vc_row_inner][vc_empty_space height=&#8221;60px&#8221;][\/vc_column][\/vc_row][vc_row full_width=&#8221;stretch_row&#8221;][vc_column][vc_empty_space height=&#8221;40px&#8221;][vc_column_text]<\/p>\n<h3 style=\"text-align: left\">Prenosi<\/h3>\n<p>[\/vc_column_text]\t\r\n\t\t<a href=\"https:\/\/cobi-rehab.paperturn-view.com\/cobi-rehab-product-catalogue-2024-a4-en?pid=ODc8780931&v=17.2\" target=\"_blank\" class=\"btn btn-primary btn-lg \" id=\"\">\r\n    Katalog - Bariatri\u010dni vozi\u010dki in stoli COBI REHAB<\/a>\r\n\r\n\t\t[vc_empty_space height=&#8221;40px&#8221;][\/vc_column][\/vc_row]<\/p>\n<\/div>","protected":false},"excerpt":{"rendered":"<p>Za ve\u010d informacij, ponudbo ali drugo izdelkov COBI REHAB se obrnite na nas preko obrazca za povpra\u0161evanje ali telefonskega klica. V povpra\u0161evanju obvezno zapi\u0161ite\/omenite ime pripomo\u010dka za katerega se zanimate.<\/p>\n","protected":false},"featured_media":7529,"comment_status":"closed","ping_status":"closed","template":"","meta":[],"product_brand":[],"product_cat":[222,41,35,36,37,77,86],"product_tag":[561,293,559,558,533,560,294,298,563,564,137,45,562,292,251],"class_list":{"0":"post-7527","1":"product","2":"type-product","3":"status-publish","4":"has-post-thumbnail","6":"product_cat-invalidski-vozicki-in-skuterji","7":"product_cat-antidekubitusne-blazine","8":"product_cat-invalidski-vozicki-na-elektromotorni-pogon","9":"product_cat-invalidski-vozicki-na-rocni-pogon","10":"product_cat-pocivalniki-za-invalide","11":"product_cat-dodatki-za-invalidski-vozicek","12":"product_cat-bariatricni-pripomocki","13":"product_tag-bariatricna-blazina-za-invalidski-vozicek","14":"product_tag-bariatricni","15":"product_tag-bariatricni-elektromotorni-invalidski-vozicek","16":"product_tag-bariatricni-invalidski-vozicek","17":"product_tag-bariatricni-pripomocki","18":"product_tag-bariatricni-rocni-invalidski-vozicek","19":"product_tag-bariatricni-vozicek","20":"product_tag-cobi-rehab","21":"product_tag-cruise-2-0","22":"product_tag-eclipse","23":"product_tag-elektromotorni-vozicek","24":"product_tag-invalidski-vozicek","25":"product_tag-kamille","26":"product_tag-minimaxx","27":"product_tag-rocni-vozicek","29":"first","30":"onbackorder","31":"taxable","32":"shipping-taxable","33":"product-type-simple"},"yoast_head":"<!-- This site is optimized with the Yoast SEO plugin v24.0 - https:\/\/yoast.com\/wordpress\/plugins\/seo\/ -->\n<title>Bariatri\u010dni vozi\u010dki in stoli COBI REHAB - Mi Vam<\/title>\n<meta name=\"description\" content=\"Za ve\u010d informacij, ponudbo ali drugo izdelkov COBI REHAB se obrnite na nas preko obrazca za povpra\u0161evanje ali telefonskega klica. V povpra\u0161evanju obvezno zapi\u0161ite\/omenite ime pripomo\u010dka za katerega se zanimate.\" \/>\n<meta name=\"robots\" content=\"index, follow, max-snippet:-1, max-image-preview:large, max-video-preview:-1\" \/>\n<link rel=\"canonical\" href=\"https:\/\/www.mivam.com\/izdelek\/bariatricni-vozicki-in-stoli-cobi-rehab\/\" \/>\n<meta property=\"og:locale\" content=\"en_US\" \/>\n<meta property=\"og:type\" content=\"article\" \/>\n<meta property=\"og:title\" content=\"Bariatri\u010dni vozi\u010dki in stoli COBI REHAB - Mi Vam\" \/>\n<meta property=\"og:description\" content=\"Za ve\u010d informacij, ponudbo ali drugo izdelkov COBI REHAB se obrnite na nas preko obrazca za povpra\u0161evanje ali telefonskega klica. V povpra\u0161evanju obvezno zapi\u0161ite\/omenite ime pripomo\u010dka za katerega se zanimate.\" \/>\n<meta property=\"og:url\" content=\"https:\/\/www.mivam.com\/izdelek\/bariatricni-vozicki-in-stoli-cobi-rehab\/\" \/>\n<meta property=\"og:site_name\" content=\"Mi Vam\" \/>\n<meta property=\"article:modified_time\" content=\"2025-06-19T02:56:17+00:00\" \/>\n<meta property=\"og:image\" content=\"https:\/\/www.mivam.com\/wp-content\/uploads\/2025\/06\/kamille-ryg-uden-kropsstoetter-337x337-1.jpg\" \/>\n\t<meta property=\"og:image:width\" content=\"337\" \/>\n\t<meta property=\"og:image:height\" content=\"337\" \/>\n\t<meta property=\"og:image:type\" content=\"image\/jpeg\" \/>\n<meta name=\"twitter:card\" content=\"summary_large_image\" \/>\n<meta name=\"twitter:label1\" content=\"Est. reading time\" \/>\n\t<meta name=\"twitter:data1\" content=\"2 minutes\" \/>\n<script type=\"application\/ld+json\" class=\"yoast-schema-graph\">{\"@context\":\"https:\/\/schema.org\",\"@graph\":[{\"@type\":\"WebPage\",\"@id\":\"https:\/\/www.mivam.com\/izdelek\/bariatricni-vozicki-in-stoli-cobi-rehab\/\",\"url\":\"https:\/\/www.mivam.com\/izdelek\/bariatricni-vozicki-in-stoli-cobi-rehab\/\",\"name\":\"Bariatri\u010dni vozi\u010dki in stoli COBI REHAB - Mi Vam\",\"isPartOf\":{\"@id\":\"https:\/\/www.mivam.com\/#website\"},\"primaryImageOfPage\":{\"@id\":\"https:\/\/www.mivam.com\/izdelek\/bariatricni-vozicki-in-stoli-cobi-rehab\/#primaryimage\"},\"image\":{\"@id\":\"https:\/\/www.mivam.com\/izdelek\/bariatricni-vozicki-in-stoli-cobi-rehab\/#primaryimage\"},\"thumbnailUrl\":\"https:\/\/www.mivam.com\/wp-content\/uploads\/2025\/06\/kamille-ryg-uden-kropsstoetter-337x337-1.jpg\",\"datePublished\":\"2025-06-16T13:59:15+00:00\",\"dateModified\":\"2025-06-19T02:56:17+00:00\",\"description\":\"Za ve\u010d informacij, ponudbo ali drugo izdelkov COBI REHAB se obrnite na nas preko obrazca za povpra\u0161evanje ali telefonskega klica. V povpra\u0161evanju obvezno zapi\u0161ite\/omenite ime pripomo\u010dka za katerega se zanimate.\",\"breadcrumb\":{\"@id\":\"https:\/\/www.mivam.com\/izdelek\/bariatricni-vozicki-in-stoli-cobi-rehab\/#breadcrumb\"},\"inLanguage\":\"en-US\",\"potentialAction\":[{\"@type\":\"ReadAction\",\"target\":[\"https:\/\/www.mivam.com\/izdelek\/bariatricni-vozicki-in-stoli-cobi-rehab\/\"]}]},{\"@type\":\"ImageObject\",\"inLanguage\":\"en-US\",\"@id\":\"https:\/\/www.mivam.com\/izdelek\/bariatricni-vozicki-in-stoli-cobi-rehab\/#primaryimage\",\"url\":\"https:\/\/www.mivam.com\/wp-content\/uploads\/2025\/06\/kamille-ryg-uden-kropsstoetter-337x337-1.jpg\",\"contentUrl\":\"https:\/\/www.mivam.com\/wp-content\/uploads\/2025\/06\/kamille-ryg-uden-kropsstoetter-337x337-1.jpg\",\"width\":337,\"height\":337,\"caption\":\"Podpora za hrbet Kamille\"},{\"@type\":\"BreadcrumbList\",\"@id\":\"https:\/\/www.mivam.com\/izdelek\/bariatricni-vozicki-in-stoli-cobi-rehab\/#breadcrumb\",\"itemListElement\":[{\"@type\":\"ListItem\",\"position\":1,\"name\":\"Domov\",\"item\":\"https:\/\/www.mivam.com\/\"},{\"@type\":\"ListItem\",\"position\":2,\"name\":\"Shop\",\"item\":\"https:\/\/www.mivam.com\/en\/shop\/\"},{\"@type\":\"ListItem\",\"position\":3,\"name\":\"Invalidski vozi\u010dki in skuterji\",\"item\":\"https:\/\/www.mivam.com\/kategorija-izdelka\/invalidski-vozicki-in-skuterji\/\"},{\"@type\":\"ListItem\",\"position\":4,\"name\":\"Bariatri\u010dni vozi\u010dki in stoli COBI REHAB\"}]},{\"@type\":\"WebSite\",\"@id\":\"https:\/\/www.mivam.com\/#website\",\"url\":\"https:\/\/www.mivam.com\/\",\"name\":\"Mi Vam\",\"description\":\"Medicinski pripomo\u010dki in re\u0161itve za manj odvisno \u017eivljenje.\",\"potentialAction\":[{\"@type\":\"SearchAction\",\"target\":{\"@type\":\"EntryPoint\",\"urlTemplate\":\"https:\/\/www.mivam.com\/?s={search_term_string}\"},\"query-input\":{\"@type\":\"PropertyValueSpecification\",\"valueRequired\":true,\"valueName\":\"search_term_string\"}}],\"inLanguage\":\"en-US\"}]}<\/script>\n<!-- \/ Yoast SEO plugin. -->","yoast_head_json":{"title":"Bariatri\u010dni vozi\u010dki in stoli COBI REHAB - Mi Vam","description":"Za ve\u010d informacij, ponudbo ali drugo izdelkov COBI REHAB se obrnite na nas preko obrazca za povpra\u0161evanje ali telefonskega klica. V povpra\u0161evanju obvezno zapi\u0161ite\/omenite ime pripomo\u010dka za katerega se zanimate.","robots":{"index":"index","follow":"follow","max-snippet":"max-snippet:-1","max-image-preview":"max-image-preview:large","max-video-preview":"max-video-preview:-1"},"canonical":"https:\/\/www.mivam.com\/izdelek\/bariatricni-vozicki-in-stoli-cobi-rehab\/","og_locale":"en_US","og_type":"article","og_title":"Bariatri\u010dni vozi\u010dki in stoli COBI REHAB - Mi Vam","og_description":"Za ve\u010d informacij, ponudbo ali drugo izdelkov COBI REHAB se obrnite na nas preko obrazca za povpra\u0161evanje ali telefonskega klica. V povpra\u0161evanju obvezno zapi\u0161ite\/omenite ime pripomo\u010dka za katerega se zanimate.","og_url":"https:\/\/www.mivam.com\/izdelek\/bariatricni-vozicki-in-stoli-cobi-rehab\/","og_site_name":"Mi Vam","article_modified_time":"2025-06-19T02:56:17+00:00","og_image":[{"width":337,"height":337,"url":"https:\/\/www.mivam.com\/wp-content\/uploads\/2025\/06\/kamille-ryg-uden-kropsstoetter-337x337-1.jpg","type":"image\/jpeg"}],"twitter_card":"summary_large_image","twitter_misc":{"Est. reading time":"2 minutes"},"schema":{"@context":"https:\/\/schema.org","@graph":[{"@type":"WebPage","@id":"https:\/\/www.mivam.com\/izdelek\/bariatricni-vozicki-in-stoli-cobi-rehab\/","url":"https:\/\/www.mivam.com\/izdelek\/bariatricni-vozicki-in-stoli-cobi-rehab\/","name":"Bariatri\u010dni vozi\u010dki in stoli COBI REHAB - Mi Vam","isPartOf":{"@id":"https:\/\/www.mivam.com\/#website"},"primaryImageOfPage":{"@id":"https:\/\/www.mivam.com\/izdelek\/bariatricni-vozicki-in-stoli-cobi-rehab\/#primaryimage"},"image":{"@id":"https:\/\/www.mivam.com\/izdelek\/bariatricni-vozicki-in-stoli-cobi-rehab\/#primaryimage"},"thumbnailUrl":"https:\/\/www.mivam.com\/wp-content\/uploads\/2025\/06\/kamille-ryg-uden-kropsstoetter-337x337-1.jpg","datePublished":"2025-06-16T13:59:15+00:00","dateModified":"2025-06-19T02:56:17+00:00","description":"Za ve\u010d informacij, ponudbo ali drugo izdelkov COBI REHAB se obrnite na nas preko obrazca za povpra\u0161evanje ali telefonskega klica. V povpra\u0161evanju obvezno zapi\u0161ite\/omenite ime pripomo\u010dka za katerega se zanimate.","breadcrumb":{"@id":"https:\/\/www.mivam.com\/izdelek\/bariatricni-vozicki-in-stoli-cobi-rehab\/#breadcrumb"},"inLanguage":"en-US","potentialAction":[{"@type":"ReadAction","target":["https:\/\/www.mivam.com\/izdelek\/bariatricni-vozicki-in-stoli-cobi-rehab\/"]}]},{"@type":"ImageObject","inLanguage":"en-US","@id":"https:\/\/www.mivam.com\/izdelek\/bariatricni-vozicki-in-stoli-cobi-rehab\/#primaryimage","url":"https:\/\/www.mivam.com\/wp-content\/uploads\/2025\/06\/kamille-ryg-uden-kropsstoetter-337x337-1.jpg","contentUrl":"https:\/\/www.mivam.com\/wp-content\/uploads\/2025\/06\/kamille-ryg-uden-kropsstoetter-337x337-1.jpg","width":337,"height":337,"caption":"Podpora za hrbet Kamille"},{"@type":"BreadcrumbList","@id":"https:\/\/www.mivam.com\/izdelek\/bariatricni-vozicki-in-stoli-cobi-rehab\/#breadcrumb","itemListElement":[{"@type":"ListItem","position":1,"name":"Domov","item":"https:\/\/www.mivam.com\/"},{"@type":"ListItem","position":2,"name":"Shop","item":"https:\/\/www.mivam.com\/en\/shop\/"},{"@type":"ListItem","position":3,"name":"Invalidski vozi\u010dki in skuterji","item":"https:\/\/www.mivam.com\/kategorija-izdelka\/invalidski-vozicki-in-skuterji\/"},{"@type":"ListItem","position":4,"name":"Bariatri\u010dni vozi\u010dki in stoli COBI REHAB"}]},{"@type":"WebSite","@id":"https:\/\/www.mivam.com\/#website","url":"https:\/\/www.mivam.com\/","name":"Mi Vam","description":"Medicinski pripomo\u010dki in re\u0161itve za manj odvisno \u017eivljenje.","potentialAction":[{"@type":"SearchAction","target":{"@type":"EntryPoint","urlTemplate":"https:\/\/www.mivam.com\/?s={search_term_string}"},"query-input":{"@type":"PropertyValueSpecification","valueRequired":true,"valueName":"search_term_string"}}],"inLanguage":"en-US"}]}},"_links":{"self":[{"href":"https:\/\/www.mivam.com\/en\/wp-json\/wp\/v2\/product\/7527","targetHints":{"allow":["GET"]}}],"collection":[{"href":"https:\/\/www.mivam.com\/en\/wp-json\/wp\/v2\/product"}],"about":[{"href":"https:\/\/www.mivam.com\/en\/wp-json\/wp\/v2\/types\/product"}],"replies":[{"embeddable":true,"href":"https:\/\/www.mivam.com\/en\/wp-json\/wp\/v2\/comments?post=7527"}],"wp:featuredmedia":[{"embeddable":true,"href":"https:\/\/www.mivam.com\/en\/wp-json\/wp\/v2\/media\/7529"}],"wp:attachment":[{"href":"https:\/\/www.mivam.com\/en\/wp-json\/wp\/v2\/media?parent=7527"}],"wp:term":[{"taxonomy":"product_brand","embeddable":true,"href":"https:\/\/www.mivam.com\/en\/wp-json\/wp\/v2\/product_brand?post=7527"},{"taxonomy":"product_cat","embeddable":true,"href":"https:\/\/www.mivam.com\/en\/wp-json\/wp\/v2\/product_cat?post=7527"},{"taxonomy":"product_tag","embeddable":true,"href":"https:\/\/www.mivam.com\/en\/wp-json\/wp\/v2\/product_tag?post=7527"}],"curies":[{"name":"wp","href":"https:\/\/api.w.org\/{rel}","templated":true}]}}