{"id":7515,"date":"2025-06-16T15:46:47","date_gmt":"2025-06-16T13:46:47","guid":{"rendered":"https:\/\/pisarna.novisplet.com\/dev2\/mivam_old\/?post_type=product&#038;p=7515"},"modified":"2025-06-19T04:57:42","modified_gmt":"2025-06-19T02:57:42","slug":"bariatricni-toaletno-tusirni-stoli-cobi-rehab","status":"publish","type":"product","link":"https:\/\/www.mivam.com\/en\/izdelek\/bariatricni-toaletno-tusirni-stoli-cobi-rehab\/","title":{"rendered":"Bariatri\u010dni toaletno\/tu\u0161irni stoli COBI REHAB"},"content":{"rendered":"<div class=\"wpb-content-wrapper\"><p>[vc_row full_width=&#8221;stretch_row&#8221; css=&#8221;.vc_custom_1689764110870{background-color: #f8f9fa !important;}&#8221;][vc_column][vc_empty_space height=&#8221;60px&#8221;][vc_column_text]<\/p>\n<h3 style=\"text-align: left\">Izdelki<\/h3>\n<p>[\/vc_column_text][vc_row_inner][vc_column_inner width=&#8221;1\/3&#8243;][vc_single_image image=&#8221;7501&#8243; img_size=&#8221;large&#8221; alignment=&#8221;right&#8221;][vc_column_text]<\/p>\n<div class=\"product-card-content\">\n<h4 class=\"woocommerce-loop-product__title\">Cobi higienske blazine<\/h4>\n<\/div>\n<p>[\/vc_column_text]\t\r\n\t\t<a href=\"https:\/\/www-cobirehab-com.translate.goog\/en\/product\/cushions-for-bathing-and-hygiene-situations\/?_x_tr_sl=en&_x_tr_tl=sl&_x_tr_hl=sl&_x_tr_pto=wapp\" target=\"_blank\" class=\"btn btn-primary btn-md \" id=\"\">\r\n    Preberite ve\u010d<\/a>\r\n\r\n\t\t[\/vc_column_inner][vc_column_inner width=&#8221;1\/3&#8243;][vc_single_image image=&#8221;7499&#8243; img_size=&#8221;large&#8221; alignment=&#8221;right&#8221;][vc_column_text]<\/p>\n<div class=\"product-card-content\">\n<div class=\"product-card-content\">\n<h4 class=\"product_title entry-title\">Plovne blazine<\/h4>\n<\/div>\n<\/div>\n<p>[\/vc_column_text]\t\r\n\t\t<a href=\"https:\/\/www-cobirehab-com.translate.goog\/en\/product\/lasal-flotation-cushions\/?_x_tr_sl=en&_x_tr_tl=sl&_x_tr_hl=sl&_x_tr_pto=wapp\" target=\"_blank\" class=\"btn btn-primary btn-md \" id=\"\">\r\n    Preberite ve\u010d<\/a>\r\n\r\n\t\t[\/vc_column_inner][vc_column_inner width=&#8221;1\/3&#8243;][vc_single_image image=&#8221;7517&#8243; img_size=&#8221;large&#8221; alignment=&#8221;right&#8221;][vc_column_text]<\/p>\n<div class=\"Card-textContent text-left\">\n<div class=\"Card-textContent text-left\">\n<div class=\"product-card-content\">\n<h4 class=\"product_title entry-title\">Bariatri\u010dni tu\u0161 stol Vastus<\/h4>\n<\/div>\n<\/div>\n<\/div>\n<p>[\/vc_column_text]\t\r\n\t\t<a href=\"https:\/\/www-cobirehab-com.translate.goog\/en\/product\/bariatric-shower-chair\/?_x_tr_sl=en&_x_tr_tl=sl&_x_tr_hl=sl&_x_tr_pto=wapp\" target=\"_blank\" class=\"btn btn-primary btn-md \" id=\"\">\r\n    Preberite ve\u010d<\/a>\r\n\r\n\t\t[\/vc_column_inner][\/vc_row_inner][vc_empty_space height=&#8221;40px&#8221;][vc_row_inner][vc_column_inner width=&#8221;1\/3&#8243;][vc_single_image image=&#8221;7525&#8243; img_size=&#8221;large&#8221; alignment=&#8221;right&#8221;][vc_column_text]<\/p>\n<div class=\"product-card-content\">\n<div class=\"product-card-content\">\n<h4 class=\"woocommerce-loop-product__title\">Bariatri\u010dna tu\u0161 kabina Rise N Tilt<\/h4>\n<\/div>\n<\/div>\n<p>[\/vc_column_text]\t\r\n\t\t<a href=\"https:\/\/www-cobirehab-com.translate.goog\/en\/product\/bariatric-shower-commode-rise-n-tilt\/?_x_tr_sl=en&_x_tr_tl=sl&_x_tr_hl=sl&_x_tr_pto=wapp\" target=\"_blank\" class=\"btn btn-primary btn-md \" id=\"\">\r\n    Preberite ve\u010d<\/a>\r\n\r\n\t\t[\/vc_column_inner][vc_column_inner width=&#8221;1\/3&#8243;][vc_single_image image=&#8221;7521&#8243; img_size=&#8221;large&#8221; alignment=&#8221;right&#8221;][vc_column_text]<\/p>\n<div class=\"product-card-content\">\n<div class=\"product-card-content\">\n<h4 class=\"woocommerce-loop-product__title\"><span class=\"VIpgJd-yAWNEb-VIpgJd-fmcmS-sn54Q\">Nagib bariatri\u010dne tu\u0161 stola<\/span><\/h4>\n<\/div>\n<\/div>\n<p>[\/vc_column_text]\t\r\n\t\t<a href=\"https:\/\/www-cobirehab-com.translate.goog\/en\/product\/bariatric-shower-commode-tilt\/?_x_tr_sl=en&_x_tr_tl=sl&_x_tr_hl=sl&_x_tr_pto=wapp\" target=\"_blank\" class=\"btn btn-primary btn-md \" id=\"\">\r\n    Preberite ve\u010d<\/a>\r\n\r\n\t\t[\/vc_column_inner][vc_column_inner width=&#8221;1\/3&#8243;][vc_single_image image=&#8221;7523&#8243; img_size=&#8221;large&#8221; alignment=&#8221;right&#8221;][vc_column_text]<\/p>\n<div class=\"product-card-content\">\n<div class=\"product-card-content\">\n<h4 class=\"woocommerce-loop-product__title\">Bariatri\u010dna tu\u0161 stola Wheeler<\/h4>\n<\/div>\n<\/div>\n<p>[\/vc_column_text]\t\r\n\t\t<a href=\"https:\/\/www-cobirehab-com.translate.goog\/en\/product\/bariatric-shower-commode-wheeler\/?_x_tr_sl=en&_x_tr_tl=sl&_x_tr_hl=sl&_x_tr_pto=wapp\" target=\"_blank\" class=\"btn btn-primary btn-md \" id=\"\">\r\n    Preberite ve\u010d<\/a>\r\n\r\n\t\t[\/vc_column_inner][\/vc_row_inner][vc_empty_space height=&#8221;40px&#8221;][vc_row_inner][vc_column_inner width=&#8221;1\/3&#8243;][vc_single_image image=&#8221;7519&#8243; img_size=&#8221;large&#8221; alignment=&#8221;right&#8221;][vc_column_text]<\/p>\n<div class=\"product-card-content\">\n<div class=\"product-card-content\">\n<h4 class=\"woocommerce-loop-product__title\">Bariatri\u010dni tu\u0161irni stol<\/h4>\n<\/div>\n<\/div>\n<p>[\/vc_column_text]\t\r\n\t\t<a href=\"https:\/\/www-cobirehab-com.translate.goog\/en\/product\/bariatric-shower-commode\/?_x_tr_sl=en&_x_tr_tl=sl&_x_tr_hl=sl&_x_tr_pto=wapp\" target=\"_blank\" class=\"btn btn-primary btn-md \" id=\"\">\r\n    Preberite ve\u010d<\/a>\r\n\r\n\t\t[\/vc_column_inner][vc_column_inner width=&#8221;1\/3&#8243;][\/vc_column_inner][vc_column_inner width=&#8221;1\/3&#8243;][\/vc_column_inner][\/vc_row_inner][vc_empty_space height=&#8221;60px&#8221;][\/vc_column][\/vc_row][vc_row full_width=&#8221;stretch_row&#8221;][vc_column][vc_empty_space height=&#8221;40px&#8221;][vc_column_text]<\/p>\n<h3 style=\"text-align: left\">Prenosi<\/h3>\n<p>[\/vc_column_text]\t\r\n\t\t<a href=\"https:\/\/cobi-rehab.paperturn-view.com\/cobi-rehab-product-catalogue-2024-a4-en?pid=ODc8780931&v=17.2\" target=\"_blank\" class=\"btn btn-primary btn-lg \" id=\"\">\r\n    Katalog - Bariatri\u010dni toaletno\/tu\u0161irni stoli COBI REHAB<\/a>\r\n\r\n\t\t[vc_empty_space height=&#8221;40px&#8221;][\/vc_column][\/vc_row]<\/p>\n<\/div>","protected":false},"excerpt":{"rendered":"<p>Za ve\u010d informacij, ponudbo ali drugo izdelkov COBI REHAB se obrnite na nas preko obrazca za povpra\u0161evanje ali telefonskega klica. V povpra\u0161evanju obvezno zapi\u0161ite\/omenite ime pripomo\u010dka za katerega se zanimate.<\/p>\n","protected":false},"featured_media":7517,"comment_status":"closed","ping_status":"closed","template":"","meta":[],"product_brand":[],"product_cat":[224,71,43,86],"product_tag":[293,533,554,555,298,557,110,301,556],"class_list":{"0":"post-7515","1":"product","2":"type-product","3":"status-publish","4":"has-post-thumbnail","6":"product_cat-kopalniski-pripomocki","7":"product_cat-dodatki-za-kopalnico","8":"product_cat-toaletno-tusirni-pripomocki","9":"product_cat-bariatricni-pripomocki","10":"product_tag-bariatricni","11":"product_tag-bariatricni-pripomocki","12":"product_tag-bariatricni-toaletni-stol","13":"product_tag-bariatricni-tusirni-stol","14":"product_tag-cobi-rehab","15":"product_tag-rise-n-tilt","16":"product_tag-toaletni-stol","17":"product_tag-tusirni-stol","18":"product_tag-vastus","20":"first","21":"onbackorder","22":"taxable","23":"shipping-taxable","24":"product-type-simple"},"yoast_head":"<!-- This site is optimized with the Yoast SEO plugin v24.0 - https:\/\/yoast.com\/wordpress\/plugins\/seo\/ -->\n<title>Bariatri\u010dni toaletno\/tu\u0161irni stoli COBI REHAB - Mi Vam<\/title>\n<meta name=\"description\" content=\"Za ve\u010d informacij, ponudbo ali drugo izdelkov COBI REHAB se obrnite na nas preko obrazca za povpra\u0161evanje ali telefonskega klica. V povpra\u0161evanju obvezno zapi\u0161ite\/omenite ime pripomo\u010dka za katerega se zanimate.\" \/>\n<meta name=\"robots\" content=\"index, follow, max-snippet:-1, max-image-preview:large, max-video-preview:-1\" \/>\n<link rel=\"canonical\" href=\"https:\/\/www.mivam.com\/izdelek\/bariatricni-toaletno-tusirni-stoli-cobi-rehab\/\" \/>\n<meta property=\"og:locale\" content=\"en_US\" \/>\n<meta property=\"og:type\" content=\"article\" \/>\n<meta property=\"og:title\" content=\"Bariatri\u010dni toaletno\/tu\u0161irni stoli COBI REHAB - Mi Vam\" \/>\n<meta property=\"og:description\" content=\"Za ve\u010d informacij, ponudbo ali drugo izdelkov COBI REHAB se obrnite na nas preko obrazca za povpra\u0161evanje ali telefonskega klica. V povpra\u0161evanju obvezno zapi\u0161ite\/omenite ime pripomo\u010dka za katerega se zanimate.\" \/>\n<meta property=\"og:url\" content=\"https:\/\/www.mivam.com\/izdelek\/bariatricni-toaletno-tusirni-stoli-cobi-rehab\/\" \/>\n<meta property=\"og:site_name\" content=\"Mi Vam\" \/>\n<meta property=\"article:modified_time\" content=\"2025-06-19T02:57:42+00:00\" \/>\n<meta property=\"og:image\" content=\"https:\/\/www.mivam.com\/wp-content\/uploads\/2025\/06\/2019-badetoiletstol_shower-chair_front-2-337x337-1.webp\" \/>\n\t<meta property=\"og:image:width\" content=\"337\" \/>\n\t<meta property=\"og:image:height\" content=\"337\" \/>\n\t<meta property=\"og:image:type\" content=\"image\/webp\" \/>\n<meta name=\"twitter:card\" content=\"summary_large_image\" \/>\n<meta name=\"twitter:label1\" content=\"Est. reading time\" \/>\n\t<meta name=\"twitter:data1\" content=\"3 minutes\" \/>\n<script type=\"application\/ld+json\" class=\"yoast-schema-graph\">{\"@context\":\"https:\/\/schema.org\",\"@graph\":[{\"@type\":\"WebPage\",\"@id\":\"https:\/\/www.mivam.com\/izdelek\/bariatricni-toaletno-tusirni-stoli-cobi-rehab\/\",\"url\":\"https:\/\/www.mivam.com\/izdelek\/bariatricni-toaletno-tusirni-stoli-cobi-rehab\/\",\"name\":\"Bariatri\u010dni toaletno\/tu\u0161irni stoli COBI REHAB - Mi Vam\",\"isPartOf\":{\"@id\":\"https:\/\/www.mivam.com\/#website\"},\"primaryImageOfPage\":{\"@id\":\"https:\/\/www.mivam.com\/izdelek\/bariatricni-toaletno-tusirni-stoli-cobi-rehab\/#primaryimage\"},\"image\":{\"@id\":\"https:\/\/www.mivam.com\/izdelek\/bariatricni-toaletno-tusirni-stoli-cobi-rehab\/#primaryimage\"},\"thumbnailUrl\":\"https:\/\/www.mivam.com\/wp-content\/uploads\/2025\/06\/2019-badetoiletstol_shower-chair_front-2-337x337-1.webp\",\"datePublished\":\"2025-06-16T13:46:47+00:00\",\"dateModified\":\"2025-06-19T02:57:42+00:00\",\"description\":\"Za ve\u010d informacij, ponudbo ali drugo izdelkov COBI REHAB se obrnite na nas preko obrazca za povpra\u0161evanje ali telefonskega klica. V povpra\u0161evanju obvezno zapi\u0161ite\/omenite ime pripomo\u010dka za katerega se zanimate.\",\"breadcrumb\":{\"@id\":\"https:\/\/www.mivam.com\/izdelek\/bariatricni-toaletno-tusirni-stoli-cobi-rehab\/#breadcrumb\"},\"inLanguage\":\"en-US\",\"potentialAction\":[{\"@type\":\"ReadAction\",\"target\":[\"https:\/\/www.mivam.com\/izdelek\/bariatricni-toaletno-tusirni-stoli-cobi-rehab\/\"]}]},{\"@type\":\"ImageObject\",\"inLanguage\":\"en-US\",\"@id\":\"https:\/\/www.mivam.com\/izdelek\/bariatricni-toaletno-tusirni-stoli-cobi-rehab\/#primaryimage\",\"url\":\"https:\/\/www.mivam.com\/wp-content\/uploads\/2025\/06\/2019-badetoiletstol_shower-chair_front-2-337x337-1.webp\",\"contentUrl\":\"https:\/\/www.mivam.com\/wp-content\/uploads\/2025\/06\/2019-badetoiletstol_shower-chair_front-2-337x337-1.webp\",\"width\":337,\"height\":337,\"caption\":\"Bariatri\u010dni tu\u0161 stol Vastus\"},{\"@type\":\"BreadcrumbList\",\"@id\":\"https:\/\/www.mivam.com\/izdelek\/bariatricni-toaletno-tusirni-stoli-cobi-rehab\/#breadcrumb\",\"itemListElement\":[{\"@type\":\"ListItem\",\"position\":1,\"name\":\"Domov\",\"item\":\"https:\/\/www.mivam.com\/\"},{\"@type\":\"ListItem\",\"position\":2,\"name\":\"Shop\",\"item\":\"https:\/\/www.mivam.com\/en\/shop\/\"},{\"@type\":\"ListItem\",\"position\":3,\"name\":\"Kopalni\u0161ki pripomo\u010dki\",\"item\":\"https:\/\/www.mivam.com\/kategorija-izdelka\/kopalniski-pripomocki\/\"},{\"@type\":\"ListItem\",\"position\":4,\"name\":\"Bariatri\u010dni toaletno\/tu\u0161irni stoli COBI REHAB\"}]},{\"@type\":\"WebSite\",\"@id\":\"https:\/\/www.mivam.com\/#website\",\"url\":\"https:\/\/www.mivam.com\/\",\"name\":\"Mi Vam\",\"description\":\"Medicinski pripomo\u010dki in re\u0161itve za manj odvisno \u017eivljenje.\",\"potentialAction\":[{\"@type\":\"SearchAction\",\"target\":{\"@type\":\"EntryPoint\",\"urlTemplate\":\"https:\/\/www.mivam.com\/?s={search_term_string}\"},\"query-input\":{\"@type\":\"PropertyValueSpecification\",\"valueRequired\":true,\"valueName\":\"search_term_string\"}}],\"inLanguage\":\"en-US\"}]}<\/script>\n<!-- \/ Yoast SEO plugin. -->","yoast_head_json":{"title":"Bariatri\u010dni toaletno\/tu\u0161irni stoli COBI REHAB - Mi Vam","description":"Za ve\u010d informacij, ponudbo ali drugo izdelkov COBI REHAB se obrnite na nas preko obrazca za povpra\u0161evanje ali telefonskega klica. V povpra\u0161evanju obvezno zapi\u0161ite\/omenite ime pripomo\u010dka za katerega se zanimate.","robots":{"index":"index","follow":"follow","max-snippet":"max-snippet:-1","max-image-preview":"max-image-preview:large","max-video-preview":"max-video-preview:-1"},"canonical":"https:\/\/www.mivam.com\/izdelek\/bariatricni-toaletno-tusirni-stoli-cobi-rehab\/","og_locale":"en_US","og_type":"article","og_title":"Bariatri\u010dni toaletno\/tu\u0161irni stoli COBI REHAB - Mi Vam","og_description":"Za ve\u010d informacij, ponudbo ali drugo izdelkov COBI REHAB se obrnite na nas preko obrazca za povpra\u0161evanje ali telefonskega klica. V povpra\u0161evanju obvezno zapi\u0161ite\/omenite ime pripomo\u010dka za katerega se zanimate.","og_url":"https:\/\/www.mivam.com\/izdelek\/bariatricni-toaletno-tusirni-stoli-cobi-rehab\/","og_site_name":"Mi Vam","article_modified_time":"2025-06-19T02:57:42+00:00","og_image":[{"width":337,"height":337,"url":"https:\/\/www.mivam.com\/wp-content\/uploads\/2025\/06\/2019-badetoiletstol_shower-chair_front-2-337x337-1.webp","type":"image\/webp"}],"twitter_card":"summary_large_image","twitter_misc":{"Est. reading time":"3 minutes"},"schema":{"@context":"https:\/\/schema.org","@graph":[{"@type":"WebPage","@id":"https:\/\/www.mivam.com\/izdelek\/bariatricni-toaletno-tusirni-stoli-cobi-rehab\/","url":"https:\/\/www.mivam.com\/izdelek\/bariatricni-toaletno-tusirni-stoli-cobi-rehab\/","name":"Bariatri\u010dni toaletno\/tu\u0161irni stoli COBI REHAB - Mi Vam","isPartOf":{"@id":"https:\/\/www.mivam.com\/#website"},"primaryImageOfPage":{"@id":"https:\/\/www.mivam.com\/izdelek\/bariatricni-toaletno-tusirni-stoli-cobi-rehab\/#primaryimage"},"image":{"@id":"https:\/\/www.mivam.com\/izdelek\/bariatricni-toaletno-tusirni-stoli-cobi-rehab\/#primaryimage"},"thumbnailUrl":"https:\/\/www.mivam.com\/wp-content\/uploads\/2025\/06\/2019-badetoiletstol_shower-chair_front-2-337x337-1.webp","datePublished":"2025-06-16T13:46:47+00:00","dateModified":"2025-06-19T02:57:42+00:00","description":"Za ve\u010d informacij, ponudbo ali drugo izdelkov COBI REHAB se obrnite na nas preko obrazca za povpra\u0161evanje ali telefonskega klica. V povpra\u0161evanju obvezno zapi\u0161ite\/omenite ime pripomo\u010dka za katerega se zanimate.","breadcrumb":{"@id":"https:\/\/www.mivam.com\/izdelek\/bariatricni-toaletno-tusirni-stoli-cobi-rehab\/#breadcrumb"},"inLanguage":"en-US","potentialAction":[{"@type":"ReadAction","target":["https:\/\/www.mivam.com\/izdelek\/bariatricni-toaletno-tusirni-stoli-cobi-rehab\/"]}]},{"@type":"ImageObject","inLanguage":"en-US","@id":"https:\/\/www.mivam.com\/izdelek\/bariatricni-toaletno-tusirni-stoli-cobi-rehab\/#primaryimage","url":"https:\/\/www.mivam.com\/wp-content\/uploads\/2025\/06\/2019-badetoiletstol_shower-chair_front-2-337x337-1.webp","contentUrl":"https:\/\/www.mivam.com\/wp-content\/uploads\/2025\/06\/2019-badetoiletstol_shower-chair_front-2-337x337-1.webp","width":337,"height":337,"caption":"Bariatri\u010dni tu\u0161 stol Vastus"},{"@type":"BreadcrumbList","@id":"https:\/\/www.mivam.com\/izdelek\/bariatricni-toaletno-tusirni-stoli-cobi-rehab\/#breadcrumb","itemListElement":[{"@type":"ListItem","position":1,"name":"Domov","item":"https:\/\/www.mivam.com\/"},{"@type":"ListItem","position":2,"name":"Shop","item":"https:\/\/www.mivam.com\/en\/shop\/"},{"@type":"ListItem","position":3,"name":"Kopalni\u0161ki pripomo\u010dki","item":"https:\/\/www.mivam.com\/kategorija-izdelka\/kopalniski-pripomocki\/"},{"@type":"ListItem","position":4,"name":"Bariatri\u010dni toaletno\/tu\u0161irni stoli COBI REHAB"}]},{"@type":"WebSite","@id":"https:\/\/www.mivam.com\/#website","url":"https:\/\/www.mivam.com\/","name":"Mi Vam","description":"Medicinski pripomo\u010dki in re\u0161itve za manj odvisno \u017eivljenje.","potentialAction":[{"@type":"SearchAction","target":{"@type":"EntryPoint","urlTemplate":"https:\/\/www.mivam.com\/?s={search_term_string}"},"query-input":{"@type":"PropertyValueSpecification","valueRequired":true,"valueName":"search_term_string"}}],"inLanguage":"en-US"}]}},"_links":{"self":[{"href":"https:\/\/www.mivam.com\/en\/wp-json\/wp\/v2\/product\/7515","targetHints":{"allow":["GET"]}}],"collection":[{"href":"https:\/\/www.mivam.com\/en\/wp-json\/wp\/v2\/product"}],"about":[{"href":"https:\/\/www.mivam.com\/en\/wp-json\/wp\/v2\/types\/product"}],"replies":[{"embeddable":true,"href":"https:\/\/www.mivam.com\/en\/wp-json\/wp\/v2\/comments?post=7515"}],"wp:featuredmedia":[{"embeddable":true,"href":"https:\/\/www.mivam.com\/en\/wp-json\/wp\/v2\/media\/7517"}],"wp:attachment":[{"href":"https:\/\/www.mivam.com\/en\/wp-json\/wp\/v2\/media?parent=7515"}],"wp:term":[{"taxonomy":"product_brand","embeddable":true,"href":"https:\/\/www.mivam.com\/en\/wp-json\/wp\/v2\/product_brand?post=7515"},{"taxonomy":"product_cat","embeddable":true,"href":"https:\/\/www.mivam.com\/en\/wp-json\/wp\/v2\/product_cat?post=7515"},{"taxonomy":"product_tag","embeddable":true,"href":"https:\/\/www.mivam.com\/en\/wp-json\/wp\/v2\/product_tag?post=7515"}],"curies":[{"name":"wp","href":"https:\/\/api.w.org\/{rel}","templated":true}]}}