{"id":7481,"date":"2025-06-16T15:25:26","date_gmt":"2025-06-16T13:25:26","guid":{"rendered":"https:\/\/pisarna.novisplet.com\/dev2\/mivam_old\/?post_type=product&#038;p=7481"},"modified":"2025-06-19T04:58:56","modified_gmt":"2025-06-19T02:58:56","slug":"bariatricni-pripomocki-za-mobilnost-cobi-rehab","status":"publish","type":"product","link":"https:\/\/www.mivam.com\/en\/izdelek\/bariatricni-pripomocki-za-mobilnost-cobi-rehab\/","title":{"rendered":"Bariatri\u010dni pripomo\u010dki za mobilnost COBI REHAB"},"content":{"rendered":"<div class=\"wpb-content-wrapper\"><p>[vc_row full_width=&#8221;stretch_row&#8221; css=&#8221;.vc_custom_1689764110870{background-color: #f8f9fa !important;}&#8221;][vc_column][vc_empty_space height=&#8221;60px&#8221;][vc_column_text]<\/p>\n<h3 style=\"text-align: left\">Izdelki<\/h3>\n<p>[\/vc_column_text][vc_row_inner][vc_column_inner width=&#8221;1\/3&#8243;][vc_single_image image=&#8221;7486&#8243; img_size=&#8221;large&#8221; alignment=&#8221;right&#8221;][vc_column_text]<\/p>\n<div class=\"product-card-content\">\n<h4 class=\"woocommerce-loop-product__title\">Bariatri\u010dni stoje\u010di hoduljnik<\/h4>\n<\/div>\n<p>[\/vc_column_text]\t\r\n\t\t<a href=\"https:\/\/www-cobirehab-com.translate.goog\/en\/product\/bariatric-stand-tall-walker\/?_x_tr_sl=en&_x_tr_tl=sl&_x_tr_hl=sl&_x_tr_pto=wapp\" target=\"_blank\" class=\"btn btn-primary btn-md \" id=\"\">\r\n    Preberite ve\u010d<\/a>\r\n\r\n\t\t[\/vc_column_inner][vc_column_inner width=&#8221;1\/3&#8243;][vc_single_image image=&#8221;7494&#8243; img_size=&#8221;large&#8221; alignment=&#8221;right&#8221;][vc_column_text]<\/p>\n<div class=\"Card-textContent text-left\">\n<div class=\"Card-textContent text-left\">\n<div class=\"Card-textContent text-left\">\n<div class=\"product-card-content\">\n<h4 class=\"woocommerce-loop-product__title\">Podpora za bariatri\u010dni rolator<\/h4>\n<\/div>\n<\/div>\n<\/div>\n<\/div>\n<p>[\/vc_column_text]\t\r\n\t\t<a href=\"https:\/\/www-cobirehab-com.translate.goog\/en\/product\/bariatric-rollator-support\/?_x_tr_sl=en&_x_tr_tl=sl&_x_tr_hl=sl&_x_tr_pto=wapp\" target=\"_blank\" class=\"btn btn-primary btn-md \" id=\"\">\r\n    Preberite ve\u010d<\/a>\r\n\r\n\t\t[\/vc_column_inner][vc_column_inner width=&#8221;1\/3&#8243;][vc_single_image image=&#8221;7488&#8243; img_size=&#8221;large&#8221; alignment=&#8221;right&#8221;][vc_column_text]<\/p>\n<div class=\"Card-textContent text-left\">\n<div class=\"Card-textContent text-left\">\n<div class=\"product-card-content\">\n<h4 class=\"woocommerce-loop-product__title\">Bariatri\u010dna 4-kraka palica<\/h4>\n<\/div>\n<\/div>\n<\/div>\n<p>[\/vc_column_text]\t\r\n\t\t<a href=\"https:\/\/www-cobirehab-com.translate.goog\/en\/product\/bariatric-4-point-cane\/?_x_tr_sl=en&_x_tr_tl=sl&_x_tr_hl=sl&_x_tr_pto=wapp\" target=\"_blank\" class=\"btn btn-primary btn-md \" id=\"\">\r\n    Preberite ve\u010d<\/a>\r\n\r\n\t\t[\/vc_column_inner][\/vc_row_inner][vc_empty_space height=&#8221;40px&#8221;][vc_row_inner][vc_column_inner width=&#8221;1\/3&#8243;][vc_single_image image=&#8221;7484&#8243; img_size=&#8221;large&#8221; alignment=&#8221;right&#8221;][vc_column_text]<\/p>\n<div class=\"product-card-content\">\n<div class=\"product-card-content\">\n<h4 class=\"woocommerce-loop-product__title\">Bariatri\u010dni Rolator King<\/h4>\n<\/div>\n<\/div>\n<p>[\/vc_column_text]\t\r\n\t\t<a href=\"https:\/\/www-cobirehab-com.translate.goog\/en\/product\/bariatric-rollator\/?_x_tr_sl=en&_x_tr_tl=sl&_x_tr_hl=sl&_x_tr_pto=wapp\" target=\"_blank\" class=\"btn btn-primary btn-md \" id=\"\">\r\n    Preberite ve\u010d<\/a>\r\n\r\n\t\t[\/vc_column_inner][vc_column_inner width=&#8221;1\/3&#8243;][vc_single_image image=&#8221;7490&#8243; img_size=&#8221;large&#8221; alignment=&#8221;right&#8221;][vc_column_text]<\/p>\n<div class=\"product-card-content\">\n<div class=\"product-card-content\">\n<h4 class=\"woocommerce-loop-product__title\">Bariatri\u010dna palica za hojo<\/h4>\n<\/div>\n<\/div>\n<p>[\/vc_column_text]\t\r\n\t\t<a href=\"https:\/\/www-cobirehab-com.translate.goog\/en\/product\/bariatric-walking-cane\/?_x_tr_sl=en&_x_tr_tl=sl&_x_tr_hl=sl&_x_tr_pto=wapp\" target=\"_blank\" class=\"btn btn-primary btn-md \" id=\"\">\r\n    Preberite ve\u010d<\/a>\r\n\r\n\t\t[\/vc_column_inner][vc_column_inner width=&#8221;1\/3&#8243;][vc_single_image image=&#8221;7482&#8243; img_size=&#8221;large&#8221; alignment=&#8221;right&#8221;][vc_column_text]<\/p>\n<div class=\"product-card-content\">\n<div class=\"product-card-content\">\n<h4 class=\"woocommerce-loop-product__title\">Bariatri\u010dni hodulji<\/h4>\n<\/div>\n<\/div>\n<p>[\/vc_column_text]\t\r\n\t\t<a href=\"https:\/\/www-cobirehab-com.translate.goog\/en\/product\/bariatric-walking-frame\/?_x_tr_sl=en&_x_tr_tl=sl&_x_tr_hl=sl&_x_tr_pto=wapp\" target=\"_blank\" class=\"btn btn-primary btn-md \" id=\"\">\r\n    Preberite ve\u010d<\/a>\r\n\r\n\t\t[\/vc_column_inner][\/vc_row_inner][vc_empty_space height=&#8221;40px&#8221;][vc_row_inner][vc_column_inner width=&#8221;1\/3&#8243;][vc_single_image image=&#8221;7492&#8243; img_size=&#8221;large&#8221; alignment=&#8221;right&#8221;][vc_column_text]<\/p>\n<div class=\"product-card-content\">\n<div class=\"product-card-content\">\n<h4 class=\"woocommerce-loop-product__title\">Bariatri\u010dna bergla za komolec<\/h4>\n<\/div>\n<\/div>\n<p>[\/vc_column_text]\t\r\n\t\t<a href=\"https:\/\/www-cobirehab-com.translate.goog\/en\/product\/bariatric-crutch\/?_x_tr_sl=en&_x_tr_tl=sl&_x_tr_hl=sl&_x_tr_pto=wapp\" target=\"_blank\" class=\"btn btn-primary btn-md \" id=\"\">\r\n    Preberite ve\u010d<\/a>\r\n\r\n\t\t[\/vc_column_inner][vc_column_inner width=&#8221;1\/3&#8243;][\/vc_column_inner][vc_column_inner width=&#8221;1\/3&#8243;][\/vc_column_inner][\/vc_row_inner][vc_empty_space height=&#8221;60px&#8221;][\/vc_column][\/vc_row][vc_row full_width=&#8221;stretch_row&#8221;][vc_column][vc_empty_space height=&#8221;40px&#8221;][vc_column_text]<\/p>\n<h3 style=\"text-align: left\">Prenosi<\/h3>\n<p>[\/vc_column_text]\t\r\n\t\t<a href=\"https:\/\/cobi-rehab.paperturn-view.com\/cobi-rehab-product-catalogue-2024-a4-en?pid=ODc8780931&p=3&v=17.2\" target=\"_blank\" class=\"btn btn-primary btn-lg \" id=\"\">\r\n    Katalog - Bariatri\u010dni pripomo\u010dki za mobilnost COBI REHAB<\/a>\r\n\r\n\t\t[vc_empty_space height=&#8221;40px&#8221;][\/vc_column][\/vc_row]<\/p>\n<\/div>","protected":false},"excerpt":{"rendered":"<p>Za ve\u010d informacij, ponudbo ali drugo izdelkov COBI REHAB se obrnite na nas preko obrazca za povpra\u0161evanje ali telefonskega klica. V povpra\u0161evanju obvezno zapi\u0161ite\/omenite ime pripomo\u010dka za katerega se zanimate.<\/p>\n","protected":false},"featured_media":7482,"comment_status":"closed","ping_status":"closed","template":"","meta":[],"product_brand":[],"product_cat":[225,86,62,63,58],"product_tag":[542,540,543,293,533,541,536,298,141,544,545],"class_list":{"0":"post-7481","1":"product","2":"type-product","3":"status-publish","4":"has-post-thumbnail","6":"product_cat-rehabilitacija","7":"product_cat-bariatricni-pripomocki","8":"product_cat-rehabilitacijski-pripomocki","9":"product_cat-drugi-pripomocki-in-dodatna-oprema","10":"product_cat-pripomocki-za-oblacenje-in-bivanje","11":"product_tag-bariatricna-hodilna-palica","12":"product_tag-bariatricna-hodulja","13":"product_tag-bariatricna-hojca","14":"product_tag-bariatricni","15":"product_tag-bariatricni-pripomocki","16":"product_tag-bariatricni-rolator","17":"product_tag-bariatricni-sistemi","18":"product_tag-cobi-rehab","19":"product_tag-hodulja","20":"product_tag-palica","21":"product_tag-rolator","23":"first","24":"onbackorder","25":"taxable","26":"shipping-taxable","27":"product-type-simple"},"yoast_head":"<!-- This site is optimized with the Yoast SEO plugin v24.0 - https:\/\/yoast.com\/wordpress\/plugins\/seo\/ -->\n<title>Bariatri\u010dni pripomo\u010dki za mobilnost COBI REHAB - Mi Vam<\/title>\n<meta name=\"description\" content=\"Za ve\u010d informacij, ponudbo ali drugo izdelkov COBI REHAB se obrnite na nas preko obrazca za povpra\u0161evanje ali telefonskega klica. V povpra\u0161evanju obvezno zapi\u0161ite\/omenite ime pripomo\u010dka za katerega se zanimate.\" \/>\n<meta name=\"robots\" content=\"index, follow, max-snippet:-1, max-image-preview:large, max-video-preview:-1\" \/>\n<link rel=\"canonical\" href=\"https:\/\/www.mivam.com\/izdelek\/bariatricni-pripomocki-za-mobilnost-cobi-rehab\/\" \/>\n<meta property=\"og:locale\" content=\"en_US\" \/>\n<meta property=\"og:type\" content=\"article\" \/>\n<meta property=\"og:title\" content=\"Bariatri\u010dni pripomo\u010dki za mobilnost COBI REHAB - Mi Vam\" \/>\n<meta property=\"og:description\" content=\"Za ve\u010d informacij, ponudbo ali drugo izdelkov COBI REHAB se obrnite na nas preko obrazca za povpra\u0161evanje ali telefonskega klica. V povpra\u0161evanju obvezno zapi\u0161ite\/omenite ime pripomo\u010dka za katerega se zanimate.\" \/>\n<meta property=\"og:url\" content=\"https:\/\/www.mivam.com\/izdelek\/bariatricni-pripomocki-za-mobilnost-cobi-rehab\/\" \/>\n<meta property=\"og:site_name\" content=\"Mi Vam\" \/>\n<meta property=\"article:modified_time\" content=\"2025-06-19T02:58:56+00:00\" \/>\n<meta property=\"og:image\" content=\"https:\/\/www.mivam.com\/wp-content\/uploads\/2025\/06\/xxlrehab-gangbuk-a-w.jpg\" \/>\n\t<meta property=\"og:image:width\" content=\"544\" \/>\n\t<meta property=\"og:image:height\" content=\"544\" \/>\n\t<meta property=\"og:image:type\" content=\"image\/jpeg\" \/>\n<meta name=\"twitter:card\" content=\"summary_large_image\" \/>\n<meta name=\"twitter:label1\" content=\"Est. reading time\" \/>\n\t<meta name=\"twitter:data1\" content=\"3 minutes\" \/>\n<script type=\"application\/ld+json\" class=\"yoast-schema-graph\">{\"@context\":\"https:\/\/schema.org\",\"@graph\":[{\"@type\":\"WebPage\",\"@id\":\"https:\/\/www.mivam.com\/izdelek\/bariatricni-pripomocki-za-mobilnost-cobi-rehab\/\",\"url\":\"https:\/\/www.mivam.com\/izdelek\/bariatricni-pripomocki-za-mobilnost-cobi-rehab\/\",\"name\":\"Bariatri\u010dni pripomo\u010dki za mobilnost COBI REHAB - Mi Vam\",\"isPartOf\":{\"@id\":\"https:\/\/www.mivam.com\/#website\"},\"primaryImageOfPage\":{\"@id\":\"https:\/\/www.mivam.com\/izdelek\/bariatricni-pripomocki-za-mobilnost-cobi-rehab\/#primaryimage\"},\"image\":{\"@id\":\"https:\/\/www.mivam.com\/izdelek\/bariatricni-pripomocki-za-mobilnost-cobi-rehab\/#primaryimage\"},\"thumbnailUrl\":\"https:\/\/www.mivam.com\/wp-content\/uploads\/2025\/06\/xxlrehab-gangbuk-a-w.jpg\",\"datePublished\":\"2025-06-16T13:25:26+00:00\",\"dateModified\":\"2025-06-19T02:58:56+00:00\",\"description\":\"Za ve\u010d informacij, ponudbo ali drugo izdelkov COBI REHAB se obrnite na nas preko obrazca za povpra\u0161evanje ali telefonskega klica. V povpra\u0161evanju obvezno zapi\u0161ite\/omenite ime pripomo\u010dka za katerega se zanimate.\",\"breadcrumb\":{\"@id\":\"https:\/\/www.mivam.com\/izdelek\/bariatricni-pripomocki-za-mobilnost-cobi-rehab\/#breadcrumb\"},\"inLanguage\":\"en-US\",\"potentialAction\":[{\"@type\":\"ReadAction\",\"target\":[\"https:\/\/www.mivam.com\/izdelek\/bariatricni-pripomocki-za-mobilnost-cobi-rehab\/\"]}]},{\"@type\":\"ImageObject\",\"inLanguage\":\"en-US\",\"@id\":\"https:\/\/www.mivam.com\/izdelek\/bariatricni-pripomocki-za-mobilnost-cobi-rehab\/#primaryimage\",\"url\":\"https:\/\/www.mivam.com\/wp-content\/uploads\/2025\/06\/xxlrehab-gangbuk-a-w.jpg\",\"contentUrl\":\"https:\/\/www.mivam.com\/wp-content\/uploads\/2025\/06\/xxlrehab-gangbuk-a-w.jpg\",\"width\":544,\"height\":544,\"caption\":\"Bariatri\u010dni hodulji\"},{\"@type\":\"BreadcrumbList\",\"@id\":\"https:\/\/www.mivam.com\/izdelek\/bariatricni-pripomocki-za-mobilnost-cobi-rehab\/#breadcrumb\",\"itemListElement\":[{\"@type\":\"ListItem\",\"position\":1,\"name\":\"Domov\",\"item\":\"https:\/\/www.mivam.com\/\"},{\"@type\":\"ListItem\",\"position\":2,\"name\":\"Shop\",\"item\":\"https:\/\/www.mivam.com\/en\/shop\/\"},{\"@type\":\"ListItem\",\"position\":3,\"name\":\"Rehabilitacija\",\"item\":\"https:\/\/www.mivam.com\/kategorija-izdelka\/rehabilitacija\/\"},{\"@type\":\"ListItem\",\"position\":4,\"name\":\"Bariatri\u010dni pripomo\u010dki za mobilnost COBI REHAB\"}]},{\"@type\":\"WebSite\",\"@id\":\"https:\/\/www.mivam.com\/#website\",\"url\":\"https:\/\/www.mivam.com\/\",\"name\":\"Mi Vam\",\"description\":\"Medicinski pripomo\u010dki in re\u0161itve za manj odvisno \u017eivljenje.\",\"potentialAction\":[{\"@type\":\"SearchAction\",\"target\":{\"@type\":\"EntryPoint\",\"urlTemplate\":\"https:\/\/www.mivam.com\/?s={search_term_string}\"},\"query-input\":{\"@type\":\"PropertyValueSpecification\",\"valueRequired\":true,\"valueName\":\"search_term_string\"}}],\"inLanguage\":\"en-US\"}]}<\/script>\n<!-- \/ Yoast SEO plugin. -->","yoast_head_json":{"title":"Bariatri\u010dni pripomo\u010dki za mobilnost COBI REHAB - Mi Vam","description":"Za ve\u010d informacij, ponudbo ali drugo izdelkov COBI REHAB se obrnite na nas preko obrazca za povpra\u0161evanje ali telefonskega klica. V povpra\u0161evanju obvezno zapi\u0161ite\/omenite ime pripomo\u010dka za katerega se zanimate.","robots":{"index":"index","follow":"follow","max-snippet":"max-snippet:-1","max-image-preview":"max-image-preview:large","max-video-preview":"max-video-preview:-1"},"canonical":"https:\/\/www.mivam.com\/izdelek\/bariatricni-pripomocki-za-mobilnost-cobi-rehab\/","og_locale":"en_US","og_type":"article","og_title":"Bariatri\u010dni pripomo\u010dki za mobilnost COBI REHAB - Mi Vam","og_description":"Za ve\u010d informacij, ponudbo ali drugo izdelkov COBI REHAB se obrnite na nas preko obrazca za povpra\u0161evanje ali telefonskega klica. V povpra\u0161evanju obvezno zapi\u0161ite\/omenite ime pripomo\u010dka za katerega se zanimate.","og_url":"https:\/\/www.mivam.com\/izdelek\/bariatricni-pripomocki-za-mobilnost-cobi-rehab\/","og_site_name":"Mi Vam","article_modified_time":"2025-06-19T02:58:56+00:00","og_image":[{"width":544,"height":544,"url":"https:\/\/www.mivam.com\/wp-content\/uploads\/2025\/06\/xxlrehab-gangbuk-a-w.jpg","type":"image\/jpeg"}],"twitter_card":"summary_large_image","twitter_misc":{"Est. reading time":"3 minutes"},"schema":{"@context":"https:\/\/schema.org","@graph":[{"@type":"WebPage","@id":"https:\/\/www.mivam.com\/izdelek\/bariatricni-pripomocki-za-mobilnost-cobi-rehab\/","url":"https:\/\/www.mivam.com\/izdelek\/bariatricni-pripomocki-za-mobilnost-cobi-rehab\/","name":"Bariatri\u010dni pripomo\u010dki za mobilnost COBI REHAB - Mi Vam","isPartOf":{"@id":"https:\/\/www.mivam.com\/#website"},"primaryImageOfPage":{"@id":"https:\/\/www.mivam.com\/izdelek\/bariatricni-pripomocki-za-mobilnost-cobi-rehab\/#primaryimage"},"image":{"@id":"https:\/\/www.mivam.com\/izdelek\/bariatricni-pripomocki-za-mobilnost-cobi-rehab\/#primaryimage"},"thumbnailUrl":"https:\/\/www.mivam.com\/wp-content\/uploads\/2025\/06\/xxlrehab-gangbuk-a-w.jpg","datePublished":"2025-06-16T13:25:26+00:00","dateModified":"2025-06-19T02:58:56+00:00","description":"Za ve\u010d informacij, ponudbo ali drugo izdelkov COBI REHAB se obrnite na nas preko obrazca za povpra\u0161evanje ali telefonskega klica. V povpra\u0161evanju obvezno zapi\u0161ite\/omenite ime pripomo\u010dka za katerega se zanimate.","breadcrumb":{"@id":"https:\/\/www.mivam.com\/izdelek\/bariatricni-pripomocki-za-mobilnost-cobi-rehab\/#breadcrumb"},"inLanguage":"en-US","potentialAction":[{"@type":"ReadAction","target":["https:\/\/www.mivam.com\/izdelek\/bariatricni-pripomocki-za-mobilnost-cobi-rehab\/"]}]},{"@type":"ImageObject","inLanguage":"en-US","@id":"https:\/\/www.mivam.com\/izdelek\/bariatricni-pripomocki-za-mobilnost-cobi-rehab\/#primaryimage","url":"https:\/\/www.mivam.com\/wp-content\/uploads\/2025\/06\/xxlrehab-gangbuk-a-w.jpg","contentUrl":"https:\/\/www.mivam.com\/wp-content\/uploads\/2025\/06\/xxlrehab-gangbuk-a-w.jpg","width":544,"height":544,"caption":"Bariatri\u010dni hodulji"},{"@type":"BreadcrumbList","@id":"https:\/\/www.mivam.com\/izdelek\/bariatricni-pripomocki-za-mobilnost-cobi-rehab\/#breadcrumb","itemListElement":[{"@type":"ListItem","position":1,"name":"Domov","item":"https:\/\/www.mivam.com\/"},{"@type":"ListItem","position":2,"name":"Shop","item":"https:\/\/www.mivam.com\/en\/shop\/"},{"@type":"ListItem","position":3,"name":"Rehabilitacija","item":"https:\/\/www.mivam.com\/kategorija-izdelka\/rehabilitacija\/"},{"@type":"ListItem","position":4,"name":"Bariatri\u010dni pripomo\u010dki za mobilnost COBI REHAB"}]},{"@type":"WebSite","@id":"https:\/\/www.mivam.com\/#website","url":"https:\/\/www.mivam.com\/","name":"Mi Vam","description":"Medicinski pripomo\u010dki in re\u0161itve za manj odvisno \u017eivljenje.","potentialAction":[{"@type":"SearchAction","target":{"@type":"EntryPoint","urlTemplate":"https:\/\/www.mivam.com\/?s={search_term_string}"},"query-input":{"@type":"PropertyValueSpecification","valueRequired":true,"valueName":"search_term_string"}}],"inLanguage":"en-US"}]}},"_links":{"self":[{"href":"https:\/\/www.mivam.com\/en\/wp-json\/wp\/v2\/product\/7481","targetHints":{"allow":["GET"]}}],"collection":[{"href":"https:\/\/www.mivam.com\/en\/wp-json\/wp\/v2\/product"}],"about":[{"href":"https:\/\/www.mivam.com\/en\/wp-json\/wp\/v2\/types\/product"}],"replies":[{"embeddable":true,"href":"https:\/\/www.mivam.com\/en\/wp-json\/wp\/v2\/comments?post=7481"}],"wp:featuredmedia":[{"embeddable":true,"href":"https:\/\/www.mivam.com\/en\/wp-json\/wp\/v2\/media\/7482"}],"wp:attachment":[{"href":"https:\/\/www.mivam.com\/en\/wp-json\/wp\/v2\/media?parent=7481"}],"wp:term":[{"taxonomy":"product_brand","embeddable":true,"href":"https:\/\/www.mivam.com\/en\/wp-json\/wp\/v2\/product_brand?post=7481"},{"taxonomy":"product_cat","embeddable":true,"href":"https:\/\/www.mivam.com\/en\/wp-json\/wp\/v2\/product_cat?post=7481"},{"taxonomy":"product_tag","embeddable":true,"href":"https:\/\/www.mivam.com\/en\/wp-json\/wp\/v2\/product_tag?post=7481"}],"curies":[{"name":"wp","href":"https:\/\/api.w.org\/{rel}","templated":true}]}}