{"id":7452,"date":"2025-06-16T14:42:28","date_gmt":"2025-06-16T12:42:28","guid":{"rendered":"https:\/\/pisarna.novisplet.com\/dev2\/mivam_old\/?post_type=product&#038;p=7452"},"modified":"2025-06-19T05:04:49","modified_gmt":"2025-06-19T03:04:49","slug":"elektricna-hodulja-dvigalo-ropox","status":"publish","type":"product","link":"https:\/\/www.mivam.com\/en\/izdelek\/elektricna-hodulja-dvigalo-ropox\/","title":{"rendered":"Elektri\u010dna hodulja \/ dvigalo ROPOX"},"content":{"rendered":"<div class=\"wpb-content-wrapper\"><p>[vc_row full_width=&#8221;stretch_row&#8221;][vc_column][vc_column_text]<\/p>\n<h3>Vsestranska hodulja za hojo<\/h3>\n<p>[\/vc_column_text][vc_column_text]<span class=\"VIpgJd-yAWNEb-VIpgJd-fmcmS-sn54Q\">Hodulja za hojo je terapevtska naprava, zasnovana za podporo naravnemu vzorcu hoje z uravnavanjem nosilnosti, ravnote\u017eja in dr\u017ee med terapijo hoje. Lahko se prilagodi v dvigalo za paciente ali stoje\u010de dvigalo. Opremljena je z dvi\u017eno palico v obliki vilic in enoto s krmilom ter zagotavlja varno oporo, hkrati pa uporabniku omogo\u010da, da med hojo gleda preko enote. Ta vsestranski dvi\u017eni sistem se brezhibno integrira v katero koli okolje in ponuja zanesljivo podporo osebam z invalidnostjo pri razli\u010dnih potrebah dvigovanja in premikanja.<\/span>[\/vc_column_text][vc_empty_space height=&#8221;30px&#8221;][\/vc_column][\/vc_row][vc_row full_width=&#8221;stretch_row&#8221; css=&#8221;.vc_custom_1689764110870{background-color: #f8f9fa !important;}&#8221;][vc_column][vc_empty_space height=&#8221;60px&#8221;][vc_column_text]<\/p>\n<h3 style=\"text-align: left\">Izdelki<\/h3>\n<p>[\/vc_column_text][vc_row_inner][vc_column_inner width=&#8221;1\/3&#8243;][vc_single_image image=&#8221;7457&#8243; img_size=&#8221;large&#8221; alignment=&#8221;right&#8221;][vc_column_text]<\/p>\n<div class=\"product-card-content\">\n<h4>Vse-v-enem &#8211; trena\u017eer za hojo<\/h4>\n<\/div>\n<p>[\/vc_column_text][vc_column_text]<\/p>\n<div class=\"product-card-content\">\n<p>Mo\u010d: Elektri\u010dni<br \/>\nNajve\u010dja te\u017ea uporabnika: 150 kg \/ 200 kg<br \/>\nNastavitev vi\u0161ine: 150\u2013190 cm<\/p>\n<\/div>\n<p>[\/vc_column_text]\t\r\n\t\t<a href=\"https:\/\/ropox-com.translate.goog\/product\/all-in-one-walking-trainer?_x_tr_sl=en&_x_tr_tl=sl&_x_tr_hl=sl&_x_tr_pto=wapp\" target=\"_blank\" class=\"btn btn-primary btn-md \" id=\"\">\r\n    Preberite ve\u010d<\/a>\r\n\r\n\t\t[\/vc_column_inner][vc_column_inner width=&#8221;1\/3&#8243;][\/vc_column_inner][vc_column_inner width=&#8221;1\/3&#8243;][\/vc_column_inner][\/vc_row_inner][vc_empty_space height=&#8221;60px&#8221;][\/vc_column][\/vc_row][vc_row full_width=&#8221;stretch_row&#8221;][vc_column][vc_empty_space height=&#8221;60px&#8221;][vc_row_inner][vc_column_inner width=&#8221;1\/2&#8243;][vc_column_text]<\/p>\n<div class=\"question\">\n<div class=\"question-container\">\n<div class=\"question\">\n<h2><span class=\"\">Zakaj izbrati<\/span><span class=\"\"> \u00a0dvi\u017ene sisteme in hojo?<\/span><\/h2>\n<\/div>\n<div class=\"answer\">\n<p>Dvi\u017eni sistemi in hodujo\u010de dvigalo Ropox ponujajo znatne prednosti tako za uporabnike kot za negovalce. Na\u0161i sistemi so zasnovani tako, da so udobni in prilagodljivi, zaradi \u010desar jih lahko uporablja vsak. Sistem vse v enem pomaga pri spodbujanju naravnega vzorca hoje z uravnavanjem te\u017ee, ravnote\u017eja in dr\u017ee med terapijo. Kot kombinirano dvigalo za pacienta in stoje zagotavlja odli\u010dno oporo in varnost za uporabnika, hkrati pa izbolj\u0161uje delovne pogoje za negovalce med razli\u010dnimi dvi\u017enimi opravili.<\/p>\n<\/div>\n<\/div>\n<\/div>\n<p>[\/vc_column_text][\/vc_column_inner][vc_column_inner width=&#8221;1\/2&#8243;][vc_column_text]<\/p>\n<div class=\"question-container\">\n<div class=\"question\">\n<h2>Za koga so namenjeni dvi\u017eni sistemi in hodna dvigala ?<\/h2>\n<\/div>\n<div class=\"answer\">\n<p>Dvi\u017eni sistemi in hodulja Ropox so idealni za posameznike z omejeno mobilnostjo, vklju\u010dno s tistimi, ki potrebujejo pomo\u010d pri stanju in hoji. Ti sistemi so zasnovani za uporabo v razli\u010dnih okoljih oskrbe, kot so rehabilitacijski centri, domovi za ostarele in zasebni domovi. Zagotavljajo bistveno oporo uporabnikom, ki potrebujejo pomo\u010d pri prena\u0161anju te\u017ee, ravnote\u017eju in dr\u017ei, zato so primerni tako za paciente kot za negovalce, ki i\u0161\u010dejo varno in u\u010dinkovito re\u0161itev za dvigovanje.<\/p>\n<\/div>\n<\/div>\n<p>[\/vc_column_text][\/vc_column_inner][\/vc_row_inner][vc_empty_space height=&#8221;60px&#8221;][\/vc_column][\/vc_row][vc_row full_width=&#8221;stretch_row&#8221;][vc_column][vc_empty_space height=&#8221;40px&#8221;][vc_column_text]<\/p>\n<h3 style=\"text-align: left\">Prenosi<\/h3>\n<p>[\/vc_column_text]        \n\t\t\t\t<div class=\"file-wrap \" id=\"\">\n\t\t\t\t\t<a href=\"https:\/\/www.mivam.com\/wp-content\/uploads\/2025\/06\/all_in_one_walking_trainer_0811.pdf\" target=\"_blank\" class=\"file-dl-btn\">\t\n\t\t\t\t\t\tBro\u0161ura - Elektri\u010dna hodulja \/ dvigalo ROPOX.pdf 1,22 MB\t\t\t\t\t<div class=\"file-icon-wrapper\">\n\t\t\t\t\t\t<svg width=\"19\" height=\"20\" viewBox=\"0 0 19 20\" fill=\"none\" xmlns=\"http:\/\/www.w3.org\/2000\/svg\">\n<path d=\"M9.55818 14.9683L4.93488 9.96001L5.85875 8.94249L8.9048 12.2413V0H10.2116V12.2413L13.2563 8.94391L14.1815 9.96001L9.55818 14.9683ZM2.5213 19.8125C1.92019 19.8125 1.4184 19.5945 1.01592 19.1586C0.612564 18.7218 0.410889 18.1779 0.410889 17.5269V14.098H1.71764V17.5269C1.71764 17.7439 1.80128 17.9435 1.96854 18.1256C2.13668 18.3067 2.32093 18.3973 2.5213 18.3973H16.5951C16.7954 18.3973 16.9797 18.3067 17.1478 18.1256C17.3151 17.9435 17.3987 17.7439 17.3987 17.5269V14.098H18.7055V17.5269C18.7055 18.1779 18.5042 18.7214 18.1017 19.1572C17.6984 19.594 17.1962 19.8125 16.5951 19.8125H2.5213Z\" fill=\"white\"\/>\n<\/svg>\t\t\t\t\t<\/div>\n\t\t\t\t\t<\/a>\n\t\t\t\t<\/div>\n        \n        [vc_empty_space height=&#8221;40px&#8221;][\/vc_column][\/vc_row]<\/p>\n<\/div>","protected":false},"excerpt":{"rendered":"<div class=\"elementor-element elementor-element-5c6cee60 elementor-widget elementor-widget-theme-archive-title elementor-page-title elementor-widget-heading\" data-id=\"5c6cee60\" data-element_type=\"widget\" data-widget_type=\"theme-archive-title.default\">\n<div class=\"elementor-widget-container\">\n<p class=\"elementor-heading-title elementor-size-default\"><span class=\"\">Vsestranski trena\u017eer za hojo ROPOX.<\/span><\/p>\n<\/div>\n<\/div>\n","protected":false},"featured_media":7455,"comment_status":"closed","ping_status":"closed","template":"","meta":[],"product_brand":[],"product_cat":[225,62,228,60],"product_tag":[532,531,529,528,530,141,432],"class_list":{"0":"post-7452","1":"product","2":"type-product","3":"status-publish","4":"has-post-thumbnail","6":"product_cat-rehabilitacija","7":"product_cat-rehabilitacijski-pripomocki","8":"product_cat-za-vsakdanjo-uporabo","9":"product_cat-pripomocki-za-gibanje-in-bivanje","10":"product_tag-all-in-one","11":"product_tag-dvigalo","12":"product_tag-elektricna","13":"product_tag-elektricna-hodulja","14":"product_tag-elektricno-dvigalo","15":"product_tag-hodulja","16":"product_tag-ropox","18":"first","19":"onbackorder","20":"taxable","21":"shipping-taxable","22":"product-type-simple"},"yoast_head":"<!-- This site is optimized with the Yoast SEO plugin v24.0 - https:\/\/yoast.com\/wordpress\/plugins\/seo\/ -->\n<title>Elektri\u010dna hodulja \/ dvigalo ROPOX - Mi Vam<\/title>\n<meta name=\"description\" content=\"Vsestranski trena\u017eer za hojo ROPOX.\" \/>\n<meta name=\"robots\" content=\"index, follow, max-snippet:-1, max-image-preview:large, max-video-preview:-1\" \/>\n<link rel=\"canonical\" href=\"https:\/\/www.mivam.com\/izdelek\/elektricna-hodulja-dvigalo-ropox\/\" \/>\n<meta property=\"og:locale\" content=\"en_US\" \/>\n<meta property=\"og:type\" content=\"article\" \/>\n<meta property=\"og:title\" content=\"Elektri\u010dna hodulja \/ dvigalo ROPOX - Mi Vam\" \/>\n<meta property=\"og:description\" content=\"Vsestranski trena\u017eer za hojo ROPOX.\" \/>\n<meta property=\"og:url\" content=\"https:\/\/www.mivam.com\/izdelek\/elektricna-hodulja-dvigalo-ropox\/\" \/>\n<meta property=\"og:site_name\" content=\"Mi Vam\" \/>\n<meta property=\"article:modified_time\" content=\"2025-06-19T03:04:49+00:00\" \/>\n<meta property=\"og:image\" content=\"https:\/\/www.mivam.com\/wp-content\/uploads\/2025\/06\/walking-trainer-w-patient-in-wheel-chair-level-1-cropped-169-scaled-1.jpg\" \/>\n\t<meta property=\"og:image:width\" content=\"2560\" \/>\n\t<meta property=\"og:image:height\" content=\"1440\" \/>\n\t<meta property=\"og:image:type\" content=\"image\/jpeg\" \/>\n<meta name=\"twitter:card\" content=\"summary_large_image\" \/>\n<meta name=\"twitter:label1\" content=\"Est. reading time\" \/>\n\t<meta name=\"twitter:data1\" content=\"3 minutes\" \/>\n<script type=\"application\/ld+json\" class=\"yoast-schema-graph\">{\"@context\":\"https:\/\/schema.org\",\"@graph\":[{\"@type\":\"WebPage\",\"@id\":\"https:\/\/www.mivam.com\/izdelek\/elektricna-hodulja-dvigalo-ropox\/\",\"url\":\"https:\/\/www.mivam.com\/izdelek\/elektricna-hodulja-dvigalo-ropox\/\",\"name\":\"Elektri\u010dna hodulja \/ dvigalo ROPOX - Mi Vam\",\"isPartOf\":{\"@id\":\"https:\/\/www.mivam.com\/#website\"},\"primaryImageOfPage\":{\"@id\":\"https:\/\/www.mivam.com\/izdelek\/elektricna-hodulja-dvigalo-ropox\/#primaryimage\"},\"image\":{\"@id\":\"https:\/\/www.mivam.com\/izdelek\/elektricna-hodulja-dvigalo-ropox\/#primaryimage\"},\"thumbnailUrl\":\"https:\/\/www.mivam.com\/wp-content\/uploads\/2025\/06\/walking-trainer-w-patient-in-wheel-chair-level-1-cropped-169-scaled-1.jpg\",\"datePublished\":\"2025-06-16T12:42:28+00:00\",\"dateModified\":\"2025-06-19T03:04:49+00:00\",\"description\":\"Vsestranski trena\u017eer za hojo ROPOX.\",\"breadcrumb\":{\"@id\":\"https:\/\/www.mivam.com\/izdelek\/elektricna-hodulja-dvigalo-ropox\/#breadcrumb\"},\"inLanguage\":\"en-US\",\"potentialAction\":[{\"@type\":\"ReadAction\",\"target\":[\"https:\/\/www.mivam.com\/izdelek\/elektricna-hodulja-dvigalo-ropox\/\"]}]},{\"@type\":\"ImageObject\",\"inLanguage\":\"en-US\",\"@id\":\"https:\/\/www.mivam.com\/izdelek\/elektricna-hodulja-dvigalo-ropox\/#primaryimage\",\"url\":\"https:\/\/www.mivam.com\/wp-content\/uploads\/2025\/06\/walking-trainer-w-patient-in-wheel-chair-level-1-cropped-169-scaled-1.jpg\",\"contentUrl\":\"https:\/\/www.mivam.com\/wp-content\/uploads\/2025\/06\/walking-trainer-w-patient-in-wheel-chair-level-1-cropped-169-scaled-1.jpg\",\"width\":2560,\"height\":1440,\"caption\":\"Elektri\u010dna hodulja \/ dvigalo ROPOX\"},{\"@type\":\"BreadcrumbList\",\"@id\":\"https:\/\/www.mivam.com\/izdelek\/elektricna-hodulja-dvigalo-ropox\/#breadcrumb\",\"itemListElement\":[{\"@type\":\"ListItem\",\"position\":1,\"name\":\"Domov\",\"item\":\"https:\/\/www.mivam.com\/\"},{\"@type\":\"ListItem\",\"position\":2,\"name\":\"Shop\",\"item\":\"https:\/\/www.mivam.com\/en\/shop\/\"},{\"@type\":\"ListItem\",\"position\":3,\"name\":\"Rehabilitacija\",\"item\":\"https:\/\/www.mivam.com\/kategorija-izdelka\/rehabilitacija\/\"},{\"@type\":\"ListItem\",\"position\":4,\"name\":\"Elektri\u010dna hodulja \/ dvigalo ROPOX\"}]},{\"@type\":\"WebSite\",\"@id\":\"https:\/\/www.mivam.com\/#website\",\"url\":\"https:\/\/www.mivam.com\/\",\"name\":\"Mi Vam\",\"description\":\"Medicinski pripomo\u010dki in re\u0161itve za manj odvisno \u017eivljenje.\",\"potentialAction\":[{\"@type\":\"SearchAction\",\"target\":{\"@type\":\"EntryPoint\",\"urlTemplate\":\"https:\/\/www.mivam.com\/?s={search_term_string}\"},\"query-input\":{\"@type\":\"PropertyValueSpecification\",\"valueRequired\":true,\"valueName\":\"search_term_string\"}}],\"inLanguage\":\"en-US\"}]}<\/script>\n<!-- \/ Yoast SEO plugin. -->","yoast_head_json":{"title":"Elektri\u010dna hodulja \/ dvigalo ROPOX - Mi Vam","description":"Vsestranski trena\u017eer za hojo ROPOX.","robots":{"index":"index","follow":"follow","max-snippet":"max-snippet:-1","max-image-preview":"max-image-preview:large","max-video-preview":"max-video-preview:-1"},"canonical":"https:\/\/www.mivam.com\/izdelek\/elektricna-hodulja-dvigalo-ropox\/","og_locale":"en_US","og_type":"article","og_title":"Elektri\u010dna hodulja \/ dvigalo ROPOX - Mi Vam","og_description":"Vsestranski trena\u017eer za hojo ROPOX.","og_url":"https:\/\/www.mivam.com\/izdelek\/elektricna-hodulja-dvigalo-ropox\/","og_site_name":"Mi Vam","article_modified_time":"2025-06-19T03:04:49+00:00","og_image":[{"width":2560,"height":1440,"url":"https:\/\/www.mivam.com\/wp-content\/uploads\/2025\/06\/walking-trainer-w-patient-in-wheel-chair-level-1-cropped-169-scaled-1.jpg","type":"image\/jpeg"}],"twitter_card":"summary_large_image","twitter_misc":{"Est. reading time":"3 minutes"},"schema":{"@context":"https:\/\/schema.org","@graph":[{"@type":"WebPage","@id":"https:\/\/www.mivam.com\/izdelek\/elektricna-hodulja-dvigalo-ropox\/","url":"https:\/\/www.mivam.com\/izdelek\/elektricna-hodulja-dvigalo-ropox\/","name":"Elektri\u010dna hodulja \/ dvigalo ROPOX - Mi Vam","isPartOf":{"@id":"https:\/\/www.mivam.com\/#website"},"primaryImageOfPage":{"@id":"https:\/\/www.mivam.com\/izdelek\/elektricna-hodulja-dvigalo-ropox\/#primaryimage"},"image":{"@id":"https:\/\/www.mivam.com\/izdelek\/elektricna-hodulja-dvigalo-ropox\/#primaryimage"},"thumbnailUrl":"https:\/\/www.mivam.com\/wp-content\/uploads\/2025\/06\/walking-trainer-w-patient-in-wheel-chair-level-1-cropped-169-scaled-1.jpg","datePublished":"2025-06-16T12:42:28+00:00","dateModified":"2025-06-19T03:04:49+00:00","description":"Vsestranski trena\u017eer za hojo ROPOX.","breadcrumb":{"@id":"https:\/\/www.mivam.com\/izdelek\/elektricna-hodulja-dvigalo-ropox\/#breadcrumb"},"inLanguage":"en-US","potentialAction":[{"@type":"ReadAction","target":["https:\/\/www.mivam.com\/izdelek\/elektricna-hodulja-dvigalo-ropox\/"]}]},{"@type":"ImageObject","inLanguage":"en-US","@id":"https:\/\/www.mivam.com\/izdelek\/elektricna-hodulja-dvigalo-ropox\/#primaryimage","url":"https:\/\/www.mivam.com\/wp-content\/uploads\/2025\/06\/walking-trainer-w-patient-in-wheel-chair-level-1-cropped-169-scaled-1.jpg","contentUrl":"https:\/\/www.mivam.com\/wp-content\/uploads\/2025\/06\/walking-trainer-w-patient-in-wheel-chair-level-1-cropped-169-scaled-1.jpg","width":2560,"height":1440,"caption":"Elektri\u010dna hodulja \/ dvigalo ROPOX"},{"@type":"BreadcrumbList","@id":"https:\/\/www.mivam.com\/izdelek\/elektricna-hodulja-dvigalo-ropox\/#breadcrumb","itemListElement":[{"@type":"ListItem","position":1,"name":"Domov","item":"https:\/\/www.mivam.com\/"},{"@type":"ListItem","position":2,"name":"Shop","item":"https:\/\/www.mivam.com\/en\/shop\/"},{"@type":"ListItem","position":3,"name":"Rehabilitacija","item":"https:\/\/www.mivam.com\/kategorija-izdelka\/rehabilitacija\/"},{"@type":"ListItem","position":4,"name":"Elektri\u010dna hodulja \/ dvigalo ROPOX"}]},{"@type":"WebSite","@id":"https:\/\/www.mivam.com\/#website","url":"https:\/\/www.mivam.com\/","name":"Mi Vam","description":"Medicinski pripomo\u010dki in re\u0161itve za manj odvisno \u017eivljenje.","potentialAction":[{"@type":"SearchAction","target":{"@type":"EntryPoint","urlTemplate":"https:\/\/www.mivam.com\/?s={search_term_string}"},"query-input":{"@type":"PropertyValueSpecification","valueRequired":true,"valueName":"search_term_string"}}],"inLanguage":"en-US"}]}},"_links":{"self":[{"href":"https:\/\/www.mivam.com\/en\/wp-json\/wp\/v2\/product\/7452","targetHints":{"allow":["GET"]}}],"collection":[{"href":"https:\/\/www.mivam.com\/en\/wp-json\/wp\/v2\/product"}],"about":[{"href":"https:\/\/www.mivam.com\/en\/wp-json\/wp\/v2\/types\/product"}],"replies":[{"embeddable":true,"href":"https:\/\/www.mivam.com\/en\/wp-json\/wp\/v2\/comments?post=7452"}],"wp:featuredmedia":[{"embeddable":true,"href":"https:\/\/www.mivam.com\/en\/wp-json\/wp\/v2\/media\/7455"}],"wp:attachment":[{"href":"https:\/\/www.mivam.com\/en\/wp-json\/wp\/v2\/media?parent=7452"}],"wp:term":[{"taxonomy":"product_brand","embeddable":true,"href":"https:\/\/www.mivam.com\/en\/wp-json\/wp\/v2\/product_brand?post=7452"},{"taxonomy":"product_cat","embeddable":true,"href":"https:\/\/www.mivam.com\/en\/wp-json\/wp\/v2\/product_cat?post=7452"},{"taxonomy":"product_tag","embeddable":true,"href":"https:\/\/www.mivam.com\/en\/wp-json\/wp\/v2\/product_tag?post=7452"}],"curies":[{"name":"wp","href":"https:\/\/api.w.org\/{rel}","templated":true}]}}