{"id":7425,"date":"2025-06-16T14:34:19","date_gmt":"2025-06-16T12:34:19","guid":{"rendered":"https:\/\/pisarna.novisplet.com\/dev2\/mivam_old\/?post_type=product&#038;p=7425"},"modified":"2025-06-19T05:07:48","modified_gmt":"2025-06-19T03:07:48","slug":"previjalne-mize-ropox","status":"publish","type":"product","link":"https:\/\/www.mivam.com\/en\/izdelek\/previjalne-mize-ropox\/","title":{"rendered":"Previjalne mize ROPOX"},"content":{"rendered":"<div class=\"wpb-content-wrapper\"><p>[vc_row full_width=&#8221;stretch_row&#8221;][vc_column][vc_column_text]<\/p>\n<h3 style=\"text-align: left\">Previjalne mize za odrasle za optimalno nego<\/h3>\n<p>[\/vc_column_text][vc_column_text]Ropoxove previjalne mize za odrasle so opremljene z elektri\u010dno nastavitvijo vi\u0161ine, kar omogo\u010da enostavno prilagoditev vsaki situaciji. Na voljo sta dva modela: stenska ali mobilna enota. Stenski model je mogo\u010de nagniti, da ustvarite ve\u010d prostora v sobi, medtem ko je mobilni model mogo\u010de enostavno premikati. Postelje so na voljo v ve\u010d velikostih s \u0161tevilnimi mo\u017enostmi nastavitve vi\u0161ine, da ustrezajo razli\u010dnim potrebam.[\/vc_column_text][vc_column_text]<\/p>\n<h3 style=\"text-align: left\">Previjalne mize za otro\u0161ko sobo z elektri\u010dno nastavitvijo vi\u0161ine<\/h3>\n<p>[\/vc_column_text][vc_column_text]Opravila v vrtcu so zahtevna. Otroci potrebujejo stalno nego in previjanje, kar je za osebje fizi\u010dno naporno. Zato osebje potrebuje dobre delovne pogoje, da lahko skrbi za otroke brez nepotrebnega dvigovanja te\u017ekih bremen, hkrati pa se otroci po\u010dutijo varno in udobno.<\/p>\n<p>Previjalne mize znatno izbolj\u0161ajo delovne pogoje za negovalno osebje. Otroke lahko enostavno previjejo, ne da bi si pri tem obremenjevali hrbet, saj se miza lahko spusti vse do tal, kar otrokom omogo\u010da samostojno plezanje.[\/vc_column_text][vc_empty_space height=&#8221;30px&#8221;][\/vc_column][\/vc_row][vc_row full_width=&#8221;stretch_row&#8221; css=&#8221;.vc_custom_1689764110870{background-color: #f8f9fa !important;}&#8221;][vc_column][vc_empty_space height=&#8221;60px&#8221;][vc_column_text]<\/p>\n<h3 style=\"text-align: left\">Izdelki<\/h3>\n<p>[\/vc_column_text][vc_row_inner][vc_column_inner width=&#8221;1\/3&#8243;][vc_single_image image=&#8221;7426&#8243; img_size=&#8221;large&#8221; alignment=&#8221;right&#8221;][vc_column_text]<\/p>\n<div class=\"product-card-content\">\n<h4>Mobilio &#8211; Mobilna previjalna postelja<\/h4>\n<\/div>\n<p>[\/vc_column_text][vc_column_text]<\/p>\n<div class=\"product-card-content\">\n<p>Mo\u010d: Elektri\u010dni<br \/>\nNastavitev vi\u0161ine: 40 cm (52\u201392 cm)<br \/>\nOperacija: Ro\u010dno upravljanje<br \/>\nNajve\u010dja te\u017ea uporabnika: 200 kg<br \/>\nSamostoje\u010de in mobilno<\/p>\n<\/div>\n<p>[\/vc_column_text]\t\r\n\t\t<a href=\"https:\/\/ropox-com.translate.goog\/product\/mobilio-changing-bed?_x_tr_sl=en&_x_tr_tl=sl&_x_tr_hl=sl&_x_tr_pto=wapp\" target=\"_blank\" class=\"btn btn-primary btn-md \" id=\"\">\r\n    Preberite ve\u010d<\/a>\r\n\r\n\t\t[\/vc_column_inner][vc_column_inner width=&#8221;1\/3&#8243;][vc_single_image image=&#8221;7430&#8243; img_size=&#8221;large&#8221; alignment=&#8221;right&#8221;][vc_column_text]<\/p>\n<div class=\"Card-textContent text-left\">\n<div class=\"Card-textContent text-left\">\n<div class=\"Card-textContent text-left\">\n<div class=\"product-card-content\">\n<h4>Vario &#8211; Previjalna miza z nastavljivo vi\u0161ino<\/h4>\n<\/div>\n<\/div>\n<\/div>\n<\/div>\n<p>[\/vc_column_text][vc_column_text]<\/p>\n<div class=\"Card-textContent text-left\">\n<div class=\"Card-textContent text-left\">\n<div class=\"Card-textContent text-left\">\n<div class=\"product-card-content\">\n<p>Mo\u010d: Elektri\u010dni<br \/>\nNastavitev vi\u0161ine: 70 cm (30\u2013100 cm)<br \/>\nOperacija: Ro\u010dno upravljanje<br \/>\nNajve\u010dja te\u017ea uporabnika: 200 kg<br \/>\nStensko name\u0161\u010den in zlo\u017eljiv<\/p>\n<\/div>\n<\/div>\n<\/div>\n<\/div>\n<p>[\/vc_column_text]\t\r\n\t\t<a href=\"https:\/\/ropox-com.translate.goog\/product\/vario-changing-bench?_x_tr_sl=en&_x_tr_tl=sl&_x_tr_hl=sl&_x_tr_pto=wapp\" target=\"_blank\" class=\"btn btn-primary btn-md \" id=\"\">\r\n    Preberite ve\u010d<\/a>\r\n\r\n\t\t[\/vc_column_inner][vc_column_inner width=&#8221;1\/3&#8243;][vc_single_image image=&#8221;7432&#8243; img_size=&#8221;large&#8221; alignment=&#8221;right&#8221;][vc_column_text]<\/p>\n<div class=\"Card-textContent text-left\">\n<div class=\"Card-textContent text-left\">\n<div class=\"product-card-content\">\n<h4>Maxi2 &#8211; Elektri\u010dna negovalna miza<\/h4>\n<\/div>\n<\/div>\n<\/div>\n<p>[\/vc_column_text][vc_column_text]<\/p>\n<div class=\"Card-textContent text-left\">\n<div class=\"Card-textContent text-left\">\n<div class=\"product-card-content\">\n<p>Mo\u010d: Elektri\u010dni<br \/>\nNastavitev vi\u0161ine: 60 cm (40\u2013100 cm) in 70 cm (30\u2013100 cm)<br \/>\nOperacija: Fiksno krmilno stikalo<br \/>\nZ\/brez vgrajenega pomivalnega korita<br \/>\nVarnostni postanek<\/p>\n<\/div>\n<\/div>\n<\/div>\n<p>[\/vc_column_text]\t\r\n\t\t<a href=\"https:\/\/ropox-com.translate.goog\/product\/maxi2-nursing-table?_x_tr_sl=en&_x_tr_tl=sl&_x_tr_hl=sl&_x_tr_pto=wapp\" target=\"_blank\" class=\"btn btn-primary btn-md \" id=\"\">\r\n    Preberite ve\u010d<\/a>\r\n\r\n\t\t[\/vc_column_inner][\/vc_row_inner][vc_empty_space height=&#8221;40px&#8221;][vc_row_inner][vc_column_inner width=&#8221;1\/3&#8243;][vc_single_image image=&#8221;7434&#8243; img_size=&#8221;large&#8221; alignment=&#8221;right&#8221;][vc_column_text]<\/p>\n<div class=\"product-card-content\">\n<div class=\"product-card-content\">\n<h4>Medi2 &#8211; Elektri\u010dna negovalna miza<\/h4>\n<\/div>\n<\/div>\n<p>[\/vc_column_text][vc_column_text]<\/p>\n<div class=\"product-card-content\">\n<p>Mo\u010d: Elektri\u010dni<br \/>\nNastavitev vi\u0161ine: 40 cm (60\u2013100 cm)<br \/>\nOperacija: Fiksno krmilno stikalo<br \/>\nZ\/brez vgrajenega pomivalnega korita<br \/>\nVarnostni postanek<\/p>\n<\/div>\n<p>[\/vc_column_text]\t\r\n\t\t<a href=\"https:\/\/ropox-com.translate.goog\/product\/medi2-nursing-table?_x_tr_sl=en&_x_tr_tl=sl&_x_tr_hl=sl&_x_tr_pto=wapp\" target=\"_blank\" class=\"btn btn-primary btn-md \" id=\"\">\r\n    Preberite ve\u010d<\/a>\r\n\r\n\t\t[\/vc_column_inner][vc_column_inner width=&#8221;1\/3&#8243;][\/vc_column_inner][vc_column_inner width=&#8221;1\/3&#8243;][\/vc_column_inner][\/vc_row_inner][vc_empty_space height=&#8221;60px&#8221;][\/vc_column][\/vc_row][vc_row full_width=&#8221;stretch_row&#8221;][vc_column][vc_empty_space height=&#8221;60px&#8221;][vc_row_inner][vc_column_inner width=&#8221;1\/2&#8243;][vc_column_text]<\/p>\n<div class=\"question\">\n<h3>Za koga so namenjene\u00a0previjalne postelje z nastavljivo vi\u0161ino?<\/h3>\n<\/div>\n<div class=\"answer\">\n<p>Previjalna postelja je zasnovana za posameznike, ki potrebujejo pomo\u010d pri osebni negi. Namenjena je tako odraslim kot otrokom v razli\u010dnih okoljih, kot so domovi za ostarele, zasebni domovi in \u200b\u200bbolni\u0161nice, kjer osebe z invalidnostjo ali omejeno mobilnostjo potrebujejo podporo. Za zmanj\u0161anje fizi\u010dne obremenitve je postelja ergonomsko zasnovana in jo je mogo\u010de nastaviti na pravilno delovno vi\u0161ino, kar zmanj\u0161uje tveganje za po\u0161kodbe pri delu in pove\u010duje udobje negovalnega osebja med dalj\u0161imi obdobji oskrbe.<\/p>\n<\/div>\n<p>[\/vc_column_text][\/vc_column_inner][vc_column_inner width=&#8221;1\/2&#8243;][vc_column_text]<\/p>\n<div class=\"question\">\n<h3>Zakaj izbrati\u00a0previjalne postelje z nastavljivo vi\u0161ino?<\/h3>\n<\/div>\n<div class=\"answer\">\n<p>Ropoxove previjalne postelje so zasnovane s poudarkom na udobju in varnosti. Z ergonomskimi lastnostmi, kot so nastavljiva vi\u0161ina, zaobljeni robovi in \u200b\u200boblazinjene povr\u0161ine, koristijo uporabnikom in zmanj\u0161ujejo obremenitev negovalnega osebja. Poleg tega postelja izpolnjuje vse ustrezne varnostne standarde.<\/p>\n<\/div>\n<p>[\/vc_column_text][\/vc_column_inner][\/vc_row_inner][vc_empty_space height=&#8221;40px&#8221;][vc_row_inner][vc_column_inner width=&#8221;1\/2&#8243;][vc_column_text]<\/p>\n<div class=\"question\">\n<h3>Za koga so\u00a0namenjene nastavljive previjalne mize\u00a0?<\/h3>\n<\/div>\n<div class=\"answer\">\n<p>Previjalne mize so idealne za negovalno osebje v vrtcih in varstvenih ustanovah, ki si \u017eelijo zdravega delovnega okolja brez nepotrebnega dvigovanja te\u017ekih bremen. Ko je miza spu\u0161\u010dena na minimalno vi\u0161ino, se lahko otroci samostojno povzpnejo nanjo, nato pa jo je mogo\u010de nastaviti na udobno delovno vi\u0161ino. Pri delu, kjer je \u010dez dan veliko dvigovanja bremen, je velika prednost za dobro po\u010dutje osebja, \u010de se je mogo\u010de izogniti dvigovanju te\u017ekih bremen ali ga \u010dim bolj zmanj\u0161ati.<\/p>\n<\/div>\n<p>[\/vc_column_text][\/vc_column_inner][vc_column_inner width=&#8221;1\/2&#8243;][vc_column_text]<\/p>\n<div class=\"question\">\n<h3>Zakaj izbrati\u00a0nastavljive previjalne mize?<\/h3>\n<\/div>\n<div class=\"answer\">\n<p>Previjalna miza za dnevno varstvo otrok znamke Ropox je zasnovana tako, da zagotavlja maksimalno funkcionalnost in elegantno obliko. Najpomembneje pa je, da elektri\u010dna nastavitev vi\u0161ine zagotavlja bistveno bolj\u0161e delovne pogoje za negovalno osebje.<\/p>\n<\/div>\n<p>[\/vc_column_text][\/vc_column_inner][\/vc_row_inner][vc_empty_space height=&#8221;60px&#8221;][\/vc_column][\/vc_row][vc_row full_width=&#8221;stretch_row&#8221;][vc_column][vc_empty_space height=&#8221;40px&#8221;][vc_column_text]<\/p>\n<h3 style=\"text-align: left\">Prenosi<\/h3>\n<p>[\/vc_column_text]        \n\t\t\t\t<div class=\"file-wrap \" id=\"\">\n\t\t\t\t\t<a href=\"https:\/\/www.mivam.com\/wp-content\/uploads\/2025\/06\/ropox_nursingtables_brochure_gb_1962442_0425.pdf\" target=\"_blank\" class=\"file-dl-btn\">\t\n\t\t\t\t\t\tBro\u0161ura - Previjalne mize ROPOX.pdf 922,11 KB\t\t\t\t\t<div class=\"file-icon-wrapper\">\n\t\t\t\t\t\t<svg width=\"19\" height=\"20\" viewBox=\"0 0 19 20\" fill=\"none\" xmlns=\"http:\/\/www.w3.org\/2000\/svg\">\n<path d=\"M9.55818 14.9683L4.93488 9.96001L5.85875 8.94249L8.9048 12.2413V0H10.2116V12.2413L13.2563 8.94391L14.1815 9.96001L9.55818 14.9683ZM2.5213 19.8125C1.92019 19.8125 1.4184 19.5945 1.01592 19.1586C0.612564 18.7218 0.410889 18.1779 0.410889 17.5269V14.098H1.71764V17.5269C1.71764 17.7439 1.80128 17.9435 1.96854 18.1256C2.13668 18.3067 2.32093 18.3973 2.5213 18.3973H16.5951C16.7954 18.3973 16.9797 18.3067 17.1478 18.1256C17.3151 17.9435 17.3987 17.7439 17.3987 17.5269V14.098H18.7055V17.5269C18.7055 18.1779 18.5042 18.7214 18.1017 19.1572C17.6984 19.594 17.1962 19.8125 16.5951 19.8125H2.5213Z\" fill=\"white\"\/>\n<\/svg>\t\t\t\t\t<\/div>\n\t\t\t\t\t<\/a>\n\t\t\t\t<\/div>\n        \n        [vc_empty_space height=&#8221;40px&#8221;][\/vc_column][\/vc_row]<\/p>\n<\/div>","protected":false},"excerpt":{"rendered":"<p>Previjalne mize za odrasle. Naj bo osebna nega enostavna in varna.<\/p>\n<div class=\"elementor-element elementor-element-5c6cee60 elementor-widget elementor-widget-theme-archive-title elementor-page-title elementor-widget-heading\" data-id=\"5c6cee60\" data-element_type=\"widget\" data-widget_type=\"theme-archive-title.default\">\n<div class=\"elementor-widget-container\">\n<p class=\"elementor-heading-title elementor-size-default\">Previjalne mize za dnevno varstvo otrok z nastavljivo vi\u0161ino. Varnost in udobje za otroke in skrbnike.<\/p>\n<\/div>\n<\/div>\n","protected":false},"featured_media":7426,"comment_status":"closed","ping_status":"closed","template":"","meta":[],"product_brand":[],"product_cat":[224,71,43,226,76],"product_tag":[434,494,515,524,525,435,465,131,522,527,526,518,517,519,520,521,432,523],"class_list":{"0":"post-7425","1":"product","2":"type-product","3":"status-publish","4":"has-post-thumbnail","6":"product_cat-kopalniski-pripomocki","7":"product_cat-dodatki-za-kopalnico","8":"product_cat-toaletno-tusirni-pripomocki","9":"product_cat-pohistvo","10":"product_cat-pohistvo-za-gibalno-ovirane","11":"product_tag-elektricno","12":"product_tag-elektricno-nastavljivo","13":"product_tag-javni-zavodi","14":"product_tag-maxi2","15":"product_tag-medi2","16":"product_tag-mehansko","17":"product_tag-mehansko-nastavljiva","18":"product_tag-miza","19":"product_tag-mobilio","20":"product_tag-odrasli","21":"product_tag-otroci","22":"product_tag-previjalna","23":"product_tag-previjalna-miza","24":"product_tag-previjalna-miza-za-odrasle","25":"product_tag-previjalna-miza-za-otroke","26":"product_tag-previjalna-miza-za-zavode","27":"product_tag-ropox","28":"product_tag-vario","30":"first","31":"onbackorder","32":"taxable","33":"shipping-taxable","34":"product-type-simple"},"yoast_head":"<!-- This site is optimized with the Yoast SEO plugin v24.0 - https:\/\/yoast.com\/wordpress\/plugins\/seo\/ -->\n<title>Previjalne mize ROPOX - Mi Vam<\/title>\n<meta name=\"description\" content=\"Previjalne mize za odrasle. Naj bo osebna nega enostavna in varna.   Previjalne mize za dnevno varstvo otrok z nastavljivo vi\u0161ino. Varnost in udobje za otroke in skrbnike.\" \/>\n<meta name=\"robots\" content=\"index, follow, max-snippet:-1, max-image-preview:large, max-video-preview:-1\" \/>\n<link rel=\"canonical\" href=\"https:\/\/www.mivam.com\/izdelek\/previjalne-mize-ropox\/\" \/>\n<meta property=\"og:locale\" content=\"en_US\" \/>\n<meta property=\"og:type\" content=\"article\" \/>\n<meta property=\"og:title\" content=\"Previjalne mize ROPOX - Mi Vam\" \/>\n<meta property=\"og:description\" content=\"Previjalne mize za odrasle. Naj bo osebna nega enostavna in varna.   Previjalne mize za dnevno varstvo otrok z nastavljivo vi\u0161ino. Varnost in udobje za otroke in skrbnike.\" \/>\n<meta property=\"og:url\" content=\"https:\/\/www.mivam.com\/izdelek\/previjalne-mize-ropox\/\" \/>\n<meta property=\"og:site_name\" content=\"Mi Vam\" \/>\n<meta property=\"article:modified_time\" content=\"2025-06-19T03:07:48+00:00\" \/>\n<meta property=\"og:image\" content=\"https:\/\/www.mivam.com\/wp-content\/uploads\/2025\/06\/40-30411-mobilio-skifteleje-190cm-skygger.jpg\" \/>\n\t<meta property=\"og:image:width\" content=\"1024\" \/>\n\t<meta property=\"og:image:height\" content=\"1024\" \/>\n\t<meta property=\"og:image:type\" content=\"image\/jpeg\" \/>\n<meta name=\"twitter:card\" content=\"summary_large_image\" \/>\n<meta name=\"twitter:label1\" content=\"Est. reading time\" \/>\n\t<meta name=\"twitter:data1\" content=\"5 minutes\" \/>\n<script type=\"application\/ld+json\" class=\"yoast-schema-graph\">{\"@context\":\"https:\/\/schema.org\",\"@graph\":[{\"@type\":\"WebPage\",\"@id\":\"https:\/\/www.mivam.com\/izdelek\/previjalne-mize-ropox\/\",\"url\":\"https:\/\/www.mivam.com\/izdelek\/previjalne-mize-ropox\/\",\"name\":\"Previjalne mize ROPOX - Mi Vam\",\"isPartOf\":{\"@id\":\"https:\/\/www.mivam.com\/#website\"},\"primaryImageOfPage\":{\"@id\":\"https:\/\/www.mivam.com\/izdelek\/previjalne-mize-ropox\/#primaryimage\"},\"image\":{\"@id\":\"https:\/\/www.mivam.com\/izdelek\/previjalne-mize-ropox\/#primaryimage\"},\"thumbnailUrl\":\"https:\/\/www.mivam.com\/wp-content\/uploads\/2025\/06\/40-30411-mobilio-skifteleje-190cm-skygger.jpg\",\"datePublished\":\"2025-06-16T12:34:19+00:00\",\"dateModified\":\"2025-06-19T03:07:48+00:00\",\"description\":\"Previjalne mize za odrasle. Naj bo osebna nega enostavna in varna. Previjalne mize za dnevno varstvo otrok z nastavljivo vi\u0161ino. Varnost in udobje za otroke in skrbnike.\",\"breadcrumb\":{\"@id\":\"https:\/\/www.mivam.com\/izdelek\/previjalne-mize-ropox\/#breadcrumb\"},\"inLanguage\":\"en-US\",\"potentialAction\":[{\"@type\":\"ReadAction\",\"target\":[\"https:\/\/www.mivam.com\/izdelek\/previjalne-mize-ropox\/\"]}]},{\"@type\":\"ImageObject\",\"inLanguage\":\"en-US\",\"@id\":\"https:\/\/www.mivam.com\/izdelek\/previjalne-mize-ropox\/#primaryimage\",\"url\":\"https:\/\/www.mivam.com\/wp-content\/uploads\/2025\/06\/40-30411-mobilio-skifteleje-190cm-skygger.jpg\",\"contentUrl\":\"https:\/\/www.mivam.com\/wp-content\/uploads\/2025\/06\/40-30411-mobilio-skifteleje-190cm-skygger.jpg\",\"width\":1024,\"height\":1024,\"caption\":\"Previjalne mize ROPOX\"},{\"@type\":\"BreadcrumbList\",\"@id\":\"https:\/\/www.mivam.com\/izdelek\/previjalne-mize-ropox\/#breadcrumb\",\"itemListElement\":[{\"@type\":\"ListItem\",\"position\":1,\"name\":\"Domov\",\"item\":\"https:\/\/www.mivam.com\/\"},{\"@type\":\"ListItem\",\"position\":2,\"name\":\"Shop\",\"item\":\"https:\/\/www.mivam.com\/en\/shop\/\"},{\"@type\":\"ListItem\",\"position\":3,\"name\":\"Kopalni\u0161ki pripomo\u010dki\",\"item\":\"https:\/\/www.mivam.com\/kategorija-izdelka\/kopalniski-pripomocki\/\"},{\"@type\":\"ListItem\",\"position\":4,\"name\":\"Previjalne mize ROPOX\"}]},{\"@type\":\"WebSite\",\"@id\":\"https:\/\/www.mivam.com\/#website\",\"url\":\"https:\/\/www.mivam.com\/\",\"name\":\"Mi Vam\",\"description\":\"Medicinski pripomo\u010dki in re\u0161itve za manj odvisno \u017eivljenje.\",\"potentialAction\":[{\"@type\":\"SearchAction\",\"target\":{\"@type\":\"EntryPoint\",\"urlTemplate\":\"https:\/\/www.mivam.com\/?s={search_term_string}\"},\"query-input\":{\"@type\":\"PropertyValueSpecification\",\"valueRequired\":true,\"valueName\":\"search_term_string\"}}],\"inLanguage\":\"en-US\"}]}<\/script>\n<!-- \/ Yoast SEO plugin. -->","yoast_head_json":{"title":"Previjalne mize ROPOX - Mi Vam","description":"Previjalne mize za odrasle. Naj bo osebna nega enostavna in varna.   Previjalne mize za dnevno varstvo otrok z nastavljivo vi\u0161ino. Varnost in udobje za otroke in skrbnike.","robots":{"index":"index","follow":"follow","max-snippet":"max-snippet:-1","max-image-preview":"max-image-preview:large","max-video-preview":"max-video-preview:-1"},"canonical":"https:\/\/www.mivam.com\/izdelek\/previjalne-mize-ropox\/","og_locale":"en_US","og_type":"article","og_title":"Previjalne mize ROPOX - Mi Vam","og_description":"Previjalne mize za odrasle. Naj bo osebna nega enostavna in varna.   Previjalne mize za dnevno varstvo otrok z nastavljivo vi\u0161ino. Varnost in udobje za otroke in skrbnike.","og_url":"https:\/\/www.mivam.com\/izdelek\/previjalne-mize-ropox\/","og_site_name":"Mi Vam","article_modified_time":"2025-06-19T03:07:48+00:00","og_image":[{"width":1024,"height":1024,"url":"https:\/\/www.mivam.com\/wp-content\/uploads\/2025\/06\/40-30411-mobilio-skifteleje-190cm-skygger.jpg","type":"image\/jpeg"}],"twitter_card":"summary_large_image","twitter_misc":{"Est. reading time":"5 minutes"},"schema":{"@context":"https:\/\/schema.org","@graph":[{"@type":"WebPage","@id":"https:\/\/www.mivam.com\/izdelek\/previjalne-mize-ropox\/","url":"https:\/\/www.mivam.com\/izdelek\/previjalne-mize-ropox\/","name":"Previjalne mize ROPOX - Mi Vam","isPartOf":{"@id":"https:\/\/www.mivam.com\/#website"},"primaryImageOfPage":{"@id":"https:\/\/www.mivam.com\/izdelek\/previjalne-mize-ropox\/#primaryimage"},"image":{"@id":"https:\/\/www.mivam.com\/izdelek\/previjalne-mize-ropox\/#primaryimage"},"thumbnailUrl":"https:\/\/www.mivam.com\/wp-content\/uploads\/2025\/06\/40-30411-mobilio-skifteleje-190cm-skygger.jpg","datePublished":"2025-06-16T12:34:19+00:00","dateModified":"2025-06-19T03:07:48+00:00","description":"Previjalne mize za odrasle. Naj bo osebna nega enostavna in varna. Previjalne mize za dnevno varstvo otrok z nastavljivo vi\u0161ino. Varnost in udobje za otroke in skrbnike.","breadcrumb":{"@id":"https:\/\/www.mivam.com\/izdelek\/previjalne-mize-ropox\/#breadcrumb"},"inLanguage":"en-US","potentialAction":[{"@type":"ReadAction","target":["https:\/\/www.mivam.com\/izdelek\/previjalne-mize-ropox\/"]}]},{"@type":"ImageObject","inLanguage":"en-US","@id":"https:\/\/www.mivam.com\/izdelek\/previjalne-mize-ropox\/#primaryimage","url":"https:\/\/www.mivam.com\/wp-content\/uploads\/2025\/06\/40-30411-mobilio-skifteleje-190cm-skygger.jpg","contentUrl":"https:\/\/www.mivam.com\/wp-content\/uploads\/2025\/06\/40-30411-mobilio-skifteleje-190cm-skygger.jpg","width":1024,"height":1024,"caption":"Previjalne mize ROPOX"},{"@type":"BreadcrumbList","@id":"https:\/\/www.mivam.com\/izdelek\/previjalne-mize-ropox\/#breadcrumb","itemListElement":[{"@type":"ListItem","position":1,"name":"Domov","item":"https:\/\/www.mivam.com\/"},{"@type":"ListItem","position":2,"name":"Shop","item":"https:\/\/www.mivam.com\/en\/shop\/"},{"@type":"ListItem","position":3,"name":"Kopalni\u0161ki pripomo\u010dki","item":"https:\/\/www.mivam.com\/kategorija-izdelka\/kopalniski-pripomocki\/"},{"@type":"ListItem","position":4,"name":"Previjalne mize ROPOX"}]},{"@type":"WebSite","@id":"https:\/\/www.mivam.com\/#website","url":"https:\/\/www.mivam.com\/","name":"Mi Vam","description":"Medicinski pripomo\u010dki in re\u0161itve za manj odvisno \u017eivljenje.","potentialAction":[{"@type":"SearchAction","target":{"@type":"EntryPoint","urlTemplate":"https:\/\/www.mivam.com\/?s={search_term_string}"},"query-input":{"@type":"PropertyValueSpecification","valueRequired":true,"valueName":"search_term_string"}}],"inLanguage":"en-US"}]}},"_links":{"self":[{"href":"https:\/\/www.mivam.com\/en\/wp-json\/wp\/v2\/product\/7425","targetHints":{"allow":["GET"]}}],"collection":[{"href":"https:\/\/www.mivam.com\/en\/wp-json\/wp\/v2\/product"}],"about":[{"href":"https:\/\/www.mivam.com\/en\/wp-json\/wp\/v2\/types\/product"}],"replies":[{"embeddable":true,"href":"https:\/\/www.mivam.com\/en\/wp-json\/wp\/v2\/comments?post=7425"}],"wp:featuredmedia":[{"embeddable":true,"href":"https:\/\/www.mivam.com\/en\/wp-json\/wp\/v2\/media\/7426"}],"wp:attachment":[{"href":"https:\/\/www.mivam.com\/en\/wp-json\/wp\/v2\/media?parent=7425"}],"wp:term":[{"taxonomy":"product_brand","embeddable":true,"href":"https:\/\/www.mivam.com\/en\/wp-json\/wp\/v2\/product_brand?post=7425"},{"taxonomy":"product_cat","embeddable":true,"href":"https:\/\/www.mivam.com\/en\/wp-json\/wp\/v2\/product_cat?post=7425"},{"taxonomy":"product_tag","embeddable":true,"href":"https:\/\/www.mivam.com\/en\/wp-json\/wp\/v2\/product_tag?post=7425"}],"curies":[{"name":"wp","href":"https:\/\/api.w.org\/{rel}","templated":true}]}}