{"id":7412,"date":"2025-06-16T14:17:29","date_gmt":"2025-06-16T12:17:29","guid":{"rendered":"https:\/\/pisarna.novisplet.com\/dev2\/mivam_old\/?post_type=product&#038;p=7412"},"modified":"2025-06-19T05:08:37","modified_gmt":"2025-06-19T03:08:37","slug":"terapevtska-miza-ropox","status":"publish","type":"product","link":"https:\/\/www.mivam.com\/en\/izdelek\/terapevtska-miza-ropox\/","title":{"rendered":"Terapevtska miza ROPOX"},"content":{"rendered":"<div class=\"wpb-content-wrapper\"><p>[vc_row full_width=&#8221;stretch_row&#8221;][vc_column][vc_column_text]<\/p>\n<h3 style=\"text-align: left\">Terapevtska in uporabni\u0161ka miza<\/h3>\n<p>[\/vc_column_text][vc_column_text]Ve\u010dnamenska miza Ergo je zasnovana s posebnimi lastnostmi v primerjavi z na\u0161imi obi\u010dajnimi mizami. Uporablja se lahko za specifi\u010dne vadbene dejavnosti, kjer uporabnik in terapevt sedita drug nasproti drugemu. Miza ima ergonomske krivulje na vsaki strani, kar omogo\u010da udobno sedenje dveh oseb skupaj. Tudi uporabnik invalidskega vozi\u010dka se lahko pribli\u017ea mizi, saj pod mizo ni pre\u010dk.[\/vc_column_text][vc_empty_space height=&#8221;30px&#8221;][\/vc_column][\/vc_row][vc_row full_width=&#8221;stretch_row&#8221; css=&#8221;.vc_custom_1689764110870{background-color: #f8f9fa !important;}&#8221;][vc_column][vc_empty_space height=&#8221;60px&#8221;][vc_column_text]<\/p>\n<h3 style=\"text-align: left\">Izdelki<\/h3>\n<p>[\/vc_column_text][vc_row_inner][vc_column_inner width=&#8221;1\/3&#8243;][vc_single_image image=&#8221;7415&#8243; img_size=&#8221;large&#8221; alignment=&#8221;right&#8221;][vc_column_text]<\/p>\n<div class=\"product-card-content\">\n<h4>ErgoMulti Table &#8211; Vi\u0161insko nastavljiva vadbena miza<\/h4>\n<\/div>\n<p>[\/vc_column_text][vc_column_text]<\/p>\n<div class=\"product-card-content\">\n<p>Ro\u010dna nastavitev vi\u0161ine: 34 cm (56\u201390 cm)<br \/>\nOperacija: Ro\u010daj<br \/>\nDimenzije: V: 56\u201390 cm x \u0160: 90 cm x G: 70 cm (Notranja \u0161irina: 73,6 cm)<\/p>\n<\/div>\n<p>[\/vc_column_text]\t\r\n\t\t<a href=\"https:\/\/ropox-com.translate.goog\/product\/ergo-multi-table?_x_tr_sl=en&_x_tr_tl=sl&_x_tr_hl=sl&_x_tr_pto=wapp\" target=\"_blank\" class=\"btn btn-primary btn-md \" id=\"\">\r\n    Preberite ve\u010d<\/a>\r\n\r\n\t\t[\/vc_column_inner][vc_column_inner width=&#8221;1\/3&#8243;][\/vc_column_inner][vc_column_inner width=&#8221;1\/3&#8243;][\/vc_column_inner][\/vc_row_inner][vc_empty_space height=&#8221;60px&#8221;][\/vc_column][\/vc_row][vc_row full_width=&#8221;stretch_row&#8221;][vc_column][vc_empty_space height=&#8221;60px&#8221;][vc_row_inner][vc_column_inner width=&#8221;1\/2&#8243;][vc_column_text]<\/p>\n<h3>Za koga je namenjena ve\u010dnamenska miza Ergo?<\/h3>\n<p>Ve\u010dnamenska miza Ergo je zasnovana posebej za posameznike in strokovnjake, ki se ukvarjajo s terapijo in rehabilitacijo, kjer sta pomembni u\u010dinkovita komunikacija in interakcija. Ergonomske krivulje na vsaki strani mize omogo\u010dajo tudi uporabo mize v razli\u010dnih izobra\u017eevalnih okoljih, kjer lahko od zasnove koristijo tako in\u0161truktorji kot u\u010denci. Skratka, miza se lahko uporablja za terapijo in pou\u010devanje.[\/vc_column_text][\/vc_column_inner][vc_column_inner width=&#8221;1\/2&#8243;][vc_column_text]<\/p>\n<h3>Zakaj izbrati Ergo Multi Table za invalide?<\/h3>\n<p>Ve\u010dnamenska miza Ergo ima \u0161tevilne prednosti, zlasti za terapevtske namene. Mizo priporo\u010da delovna terapevtka Anette Kj\u00e6rsgaard, doktorica znanosti s podro\u010dja disfagije. V knjigi Obraz, usta in grlo (Ansigt, Mund og Sv\u00e6lg) opisuje ve\u010d situacij, v katerih uporablja mizo. Med drugim opisuje, kako mizo uporablja med terapevtskimi prehranjevalnimi seansami, kjer pacienta vodijo, da \u017elico prinese k ustom, s poudarkom na koordinaciji o\u010di in rok ter rok in ust.[\/vc_column_text][\/vc_column_inner][\/vc_row_inner][vc_empty_space height=&#8221;60px&#8221;][\/vc_column][\/vc_row]<\/p>\n<\/div>","protected":false},"excerpt":{"rendered":"<p>Mize za vadbo, primerne za invalidske vozi\u010dke. Optimalna izbira za usposabljanja za uporabnike in terapevte.<\/p>\n","protected":false},"featured_media":7413,"comment_status":"closed","ping_status":"closed","template":"","meta":[],"product_brand":[],"product_cat":[226,76],"product_tag":[434,494,516,515,435,465,131,432,514,513],"class_list":{"0":"post-7412","1":"product","2":"type-product","3":"status-publish","4":"has-post-thumbnail","6":"product_cat-pohistvo","7":"product_cat-pohistvo-za-gibalno-ovirane","8":"product_tag-elektricno","9":"product_tag-elektricno-nastavljivo","10":"product_tag-ergomulti","11":"product_tag-javni-zavodi","12":"product_tag-mehansko","13":"product_tag-mehansko-nastavljiva","14":"product_tag-miza","15":"product_tag-ropox","16":"product_tag-terapevtska","17":"product_tag-terapevtska-miza","19":"first","20":"onbackorder","21":"taxable","22":"shipping-taxable","23":"product-type-simple"},"yoast_head":"<!-- This site is optimized with the Yoast SEO plugin v24.0 - https:\/\/yoast.com\/wordpress\/plugins\/seo\/ -->\n<title>Terapevtska miza ROPOX - Mi Vam<\/title>\n<meta name=\"description\" content=\"Mize za vadbo, primerne za invalidske vozi\u010dke. Optimalna izbira za usposabljanja za uporabnike in terapevte.\" \/>\n<meta name=\"robots\" content=\"index, follow, max-snippet:-1, max-image-preview:large, max-video-preview:-1\" \/>\n<link rel=\"canonical\" href=\"https:\/\/www.mivam.com\/izdelek\/terapevtska-miza-ropox\/\" \/>\n<meta property=\"og:locale\" content=\"en_US\" \/>\n<meta property=\"og:type\" content=\"article\" \/>\n<meta property=\"og:title\" content=\"Terapevtska miza ROPOX - Mi Vam\" \/>\n<meta property=\"og:description\" content=\"Mize za vadbo, primerne za invalidske vozi\u010dke. Optimalna izbira za usposabljanja za uporabnike in terapevte.\" \/>\n<meta property=\"og:url\" content=\"https:\/\/www.mivam.com\/izdelek\/terapevtska-miza-ropox\/\" \/>\n<meta property=\"og:site_name\" content=\"Mi Vam\" \/>\n<meta property=\"article:modified_time\" content=\"2025-06-19T03:08:37+00:00\" \/>\n<meta property=\"og:image\" content=\"https:\/\/www.mivam.com\/wp-content\/uploads\/2025\/06\/16-9-4k-sync-ropox-borde-00_02_52_06-still041-scaled-1.jpg\" \/>\n\t<meta property=\"og:image:width\" content=\"2560\" \/>\n\t<meta property=\"og:image:height\" content=\"1440\" \/>\n\t<meta property=\"og:image:type\" content=\"image\/jpeg\" \/>\n<meta name=\"twitter:card\" content=\"summary_large_image\" \/>\n<meta name=\"twitter:label1\" content=\"Est. reading time\" \/>\n\t<meta name=\"twitter:data1\" content=\"2 minutes\" \/>\n<script type=\"application\/ld+json\" class=\"yoast-schema-graph\">{\"@context\":\"https:\/\/schema.org\",\"@graph\":[{\"@type\":\"WebPage\",\"@id\":\"https:\/\/www.mivam.com\/izdelek\/terapevtska-miza-ropox\/\",\"url\":\"https:\/\/www.mivam.com\/izdelek\/terapevtska-miza-ropox\/\",\"name\":\"Terapevtska miza ROPOX - Mi Vam\",\"isPartOf\":{\"@id\":\"https:\/\/www.mivam.com\/#website\"},\"primaryImageOfPage\":{\"@id\":\"https:\/\/www.mivam.com\/izdelek\/terapevtska-miza-ropox\/#primaryimage\"},\"image\":{\"@id\":\"https:\/\/www.mivam.com\/izdelek\/terapevtska-miza-ropox\/#primaryimage\"},\"thumbnailUrl\":\"https:\/\/www.mivam.com\/wp-content\/uploads\/2025\/06\/16-9-4k-sync-ropox-borde-00_02_52_06-still041-scaled-1.jpg\",\"datePublished\":\"2025-06-16T12:17:29+00:00\",\"dateModified\":\"2025-06-19T03:08:37+00:00\",\"description\":\"Mize za vadbo, primerne za invalidske vozi\u010dke. Optimalna izbira za usposabljanja za uporabnike in terapevte.\",\"breadcrumb\":{\"@id\":\"https:\/\/www.mivam.com\/izdelek\/terapevtska-miza-ropox\/#breadcrumb\"},\"inLanguage\":\"en-US\",\"potentialAction\":[{\"@type\":\"ReadAction\",\"target\":[\"https:\/\/www.mivam.com\/izdelek\/terapevtska-miza-ropox\/\"]}]},{\"@type\":\"ImageObject\",\"inLanguage\":\"en-US\",\"@id\":\"https:\/\/www.mivam.com\/izdelek\/terapevtska-miza-ropox\/#primaryimage\",\"url\":\"https:\/\/www.mivam.com\/wp-content\/uploads\/2025\/06\/16-9-4k-sync-ropox-borde-00_02_52_06-still041-scaled-1.jpg\",\"contentUrl\":\"https:\/\/www.mivam.com\/wp-content\/uploads\/2025\/06\/16-9-4k-sync-ropox-borde-00_02_52_06-still041-scaled-1.jpg\",\"width\":2560,\"height\":1440},{\"@type\":\"BreadcrumbList\",\"@id\":\"https:\/\/www.mivam.com\/izdelek\/terapevtska-miza-ropox\/#breadcrumb\",\"itemListElement\":[{\"@type\":\"ListItem\",\"position\":1,\"name\":\"Domov\",\"item\":\"https:\/\/www.mivam.com\/\"},{\"@type\":\"ListItem\",\"position\":2,\"name\":\"Shop\",\"item\":\"https:\/\/www.mivam.com\/en\/shop\/\"},{\"@type\":\"ListItem\",\"position\":3,\"name\":\"Pohi\u0161tvo\",\"item\":\"https:\/\/www.mivam.com\/kategorija-izdelka\/pohistvo\/\"},{\"@type\":\"ListItem\",\"position\":4,\"name\":\"Terapevtska miza ROPOX\"}]},{\"@type\":\"WebSite\",\"@id\":\"https:\/\/www.mivam.com\/#website\",\"url\":\"https:\/\/www.mivam.com\/\",\"name\":\"Mi Vam\",\"description\":\"Medicinski pripomo\u010dki in re\u0161itve za manj odvisno \u017eivljenje.\",\"potentialAction\":[{\"@type\":\"SearchAction\",\"target\":{\"@type\":\"EntryPoint\",\"urlTemplate\":\"https:\/\/www.mivam.com\/?s={search_term_string}\"},\"query-input\":{\"@type\":\"PropertyValueSpecification\",\"valueRequired\":true,\"valueName\":\"search_term_string\"}}],\"inLanguage\":\"en-US\"}]}<\/script>\n<!-- \/ Yoast SEO plugin. -->","yoast_head_json":{"title":"Terapevtska miza ROPOX - Mi Vam","description":"Mize za vadbo, primerne za invalidske vozi\u010dke. Optimalna izbira za usposabljanja za uporabnike in terapevte.","robots":{"index":"index","follow":"follow","max-snippet":"max-snippet:-1","max-image-preview":"max-image-preview:large","max-video-preview":"max-video-preview:-1"},"canonical":"https:\/\/www.mivam.com\/izdelek\/terapevtska-miza-ropox\/","og_locale":"en_US","og_type":"article","og_title":"Terapevtska miza ROPOX - Mi Vam","og_description":"Mize za vadbo, primerne za invalidske vozi\u010dke. Optimalna izbira za usposabljanja za uporabnike in terapevte.","og_url":"https:\/\/www.mivam.com\/izdelek\/terapevtska-miza-ropox\/","og_site_name":"Mi Vam","article_modified_time":"2025-06-19T03:08:37+00:00","og_image":[{"width":2560,"height":1440,"url":"https:\/\/www.mivam.com\/wp-content\/uploads\/2025\/06\/16-9-4k-sync-ropox-borde-00_02_52_06-still041-scaled-1.jpg","type":"image\/jpeg"}],"twitter_card":"summary_large_image","twitter_misc":{"Est. reading time":"2 minutes"},"schema":{"@context":"https:\/\/schema.org","@graph":[{"@type":"WebPage","@id":"https:\/\/www.mivam.com\/izdelek\/terapevtska-miza-ropox\/","url":"https:\/\/www.mivam.com\/izdelek\/terapevtska-miza-ropox\/","name":"Terapevtska miza ROPOX - Mi Vam","isPartOf":{"@id":"https:\/\/www.mivam.com\/#website"},"primaryImageOfPage":{"@id":"https:\/\/www.mivam.com\/izdelek\/terapevtska-miza-ropox\/#primaryimage"},"image":{"@id":"https:\/\/www.mivam.com\/izdelek\/terapevtska-miza-ropox\/#primaryimage"},"thumbnailUrl":"https:\/\/www.mivam.com\/wp-content\/uploads\/2025\/06\/16-9-4k-sync-ropox-borde-00_02_52_06-still041-scaled-1.jpg","datePublished":"2025-06-16T12:17:29+00:00","dateModified":"2025-06-19T03:08:37+00:00","description":"Mize za vadbo, primerne za invalidske vozi\u010dke. Optimalna izbira za usposabljanja za uporabnike in terapevte.","breadcrumb":{"@id":"https:\/\/www.mivam.com\/izdelek\/terapevtska-miza-ropox\/#breadcrumb"},"inLanguage":"en-US","potentialAction":[{"@type":"ReadAction","target":["https:\/\/www.mivam.com\/izdelek\/terapevtska-miza-ropox\/"]}]},{"@type":"ImageObject","inLanguage":"en-US","@id":"https:\/\/www.mivam.com\/izdelek\/terapevtska-miza-ropox\/#primaryimage","url":"https:\/\/www.mivam.com\/wp-content\/uploads\/2025\/06\/16-9-4k-sync-ropox-borde-00_02_52_06-still041-scaled-1.jpg","contentUrl":"https:\/\/www.mivam.com\/wp-content\/uploads\/2025\/06\/16-9-4k-sync-ropox-borde-00_02_52_06-still041-scaled-1.jpg","width":2560,"height":1440},{"@type":"BreadcrumbList","@id":"https:\/\/www.mivam.com\/izdelek\/terapevtska-miza-ropox\/#breadcrumb","itemListElement":[{"@type":"ListItem","position":1,"name":"Domov","item":"https:\/\/www.mivam.com\/"},{"@type":"ListItem","position":2,"name":"Shop","item":"https:\/\/www.mivam.com\/en\/shop\/"},{"@type":"ListItem","position":3,"name":"Pohi\u0161tvo","item":"https:\/\/www.mivam.com\/kategorija-izdelka\/pohistvo\/"},{"@type":"ListItem","position":4,"name":"Terapevtska miza ROPOX"}]},{"@type":"WebSite","@id":"https:\/\/www.mivam.com\/#website","url":"https:\/\/www.mivam.com\/","name":"Mi Vam","description":"Medicinski pripomo\u010dki in re\u0161itve za manj odvisno \u017eivljenje.","potentialAction":[{"@type":"SearchAction","target":{"@type":"EntryPoint","urlTemplate":"https:\/\/www.mivam.com\/?s={search_term_string}"},"query-input":{"@type":"PropertyValueSpecification","valueRequired":true,"valueName":"search_term_string"}}],"inLanguage":"en-US"}]}},"_links":{"self":[{"href":"https:\/\/www.mivam.com\/en\/wp-json\/wp\/v2\/product\/7412","targetHints":{"allow":["GET"]}}],"collection":[{"href":"https:\/\/www.mivam.com\/en\/wp-json\/wp\/v2\/product"}],"about":[{"href":"https:\/\/www.mivam.com\/en\/wp-json\/wp\/v2\/types\/product"}],"replies":[{"embeddable":true,"href":"https:\/\/www.mivam.com\/en\/wp-json\/wp\/v2\/comments?post=7412"}],"wp:featuredmedia":[{"embeddable":true,"href":"https:\/\/www.mivam.com\/en\/wp-json\/wp\/v2\/media\/7413"}],"wp:attachment":[{"href":"https:\/\/www.mivam.com\/en\/wp-json\/wp\/v2\/media?parent=7412"}],"wp:term":[{"taxonomy":"product_brand","embeddable":true,"href":"https:\/\/www.mivam.com\/en\/wp-json\/wp\/v2\/product_brand?post=7412"},{"taxonomy":"product_cat","embeddable":true,"href":"https:\/\/www.mivam.com\/en\/wp-json\/wp\/v2\/product_cat?post=7412"},{"taxonomy":"product_tag","embeddable":true,"href":"https:\/\/www.mivam.com\/en\/wp-json\/wp\/v2\/product_tag?post=7412"}],"curies":[{"name":"wp","href":"https:\/\/api.w.org\/{rel}","templated":true}]}}