{"id":7395,"date":"2025-06-16T14:11:04","date_gmt":"2025-06-16T12:11:04","guid":{"rendered":"https:\/\/pisarna.novisplet.com\/dev2\/mivam_old\/?post_type=product&#038;p=7395"},"modified":"2025-06-19T05:09:23","modified_gmt":"2025-06-19T03:09:23","slug":"kuhinjska-miza-ropox","status":"publish","type":"product","link":"https:\/\/www.mivam.com\/en\/izdelek\/kuhinjska-miza-ropox\/","title":{"rendered":"Kuhinjska miza ROPOX"},"content":{"rendered":"<div class=\"wpb-content-wrapper\"><p>[vc_row full_width=&#8221;stretch_row&#8221;][vc_column][vc_column_text]<\/p>\n<h3 style=\"text-align: left\">Jedilna miza z nastavljivo vi\u0161ino za samostojnost v kuhinjah<\/h3>\n<p>[\/vc_column_text][vc_column_text]4Single je jedilna miza z nastavljivo vi\u0161ino, ki jo je mogo\u010de uporabljati tako sede kot stoje. Miza je idealna za uporabo v kuhinjah z dostopom, saj ponuja vsestranskost kot kuhinjska ali jedilna miza, njena prilagodljiva zasnova pa jo naredi primerno za vsak prostor. Okvir mize ima ro\u010dno ali elektri\u010dno nastavitev vi\u0161ine in jo je mogo\u010de prilagoditi skoraj vsaki vrsti mizne plo\u0161\u010de.[\/vc_column_text][vc_empty_space height=&#8221;30px&#8221;][\/vc_column][\/vc_row][vc_row full_width=&#8221;stretch_row&#8221; css=&#8221;.vc_custom_1689764110870{background-color: #f8f9fa !important;}&#8221;][vc_column][vc_empty_space height=&#8221;60px&#8221;][vc_column_text]<\/p>\n<h3 style=\"text-align: left\">Izdelki<\/h3>\n<p>[\/vc_column_text][vc_row_inner][vc_column_inner width=&#8221;1\/3&#8243;][vc_single_image image=&#8221;7402&#8243; img_size=&#8221;large&#8221; alignment=&#8221;right&#8221;][vc_column_text]<\/p>\n<div class=\"product-card-content\">\n<h4>4Single Complete &#8211; miza z nastavljivo vi\u0161ino<\/h4>\n<\/div>\n<p>[\/vc_column_text][vc_column_text]<\/p>\n<div class=\"product-card-content\">\n<p>Mo\u010d:\u00a0Elektri\u010dni \/ ro\u010dni<br \/>\nNastavitev vi\u0161ine: 30 cm<br \/>\nOperacija: Krmilno stikalo \/ ro\u010daj<br \/>\nNajve\u010dja te\u017ea uporabnika: 150 kg<br \/>\nVelikost: 165 x 100 cm \/ 200 x 100 cm<\/p>\n<\/div>\n<p>[\/vc_column_text]\t\r\n\t\t<a href=\"https:\/\/ropox-com.translate.goog\/product\/4single-dining-table?_x_tr_sl=en&_x_tr_tl=sl&_x_tr_hl=sl&_x_tr_pto=wapp\" target=\"_blank\" class=\"btn btn-primary btn-md \" id=\"\">\r\n    Preberite ve\u010d<\/a>\r\n\r\n\t\t[\/vc_column_inner][vc_column_inner width=&#8221;1\/3&#8243;][vc_single_image image=&#8221;7400&#8243; img_size=&#8221;large&#8221; alignment=&#8221;right&#8221;][vc_column_text]<\/p>\n<div class=\"Card-textContent text-left\">\n<div class=\"Card-textContent text-left\">\n<div class=\"Card-textContent text-left\">\n<div class=\"product-card-content\">\n<h4>4Single Frame &#8211; okvir mize z nastavljivo vi\u0161ino<\/h4>\n<\/div>\n<\/div>\n<\/div>\n<\/div>\n<p>[\/vc_column_text][vc_column_text]<\/p>\n<div class=\"Card-textContent text-left\">\n<div class=\"Card-textContent text-left\">\n<div class=\"Card-textContent text-left\">\n<div class=\"product-card-content\">\n<p>Okvir mize<br \/>\nMo\u010d: Elektri\u010dni \/ ro\u010dni<br \/>\nNastavitev vi\u0161ine: 30 cm<br \/>\nOperacija: Krmilno stikalo \/ ro\u010daj<br \/>\nMaks. obremenitev okvirja: 150 kg<br \/>\nVelikost: 60\u2013200 x 60\u2013200 cm \/ 201\u2013300 x 60\u2013200<\/p>\n<\/div>\n<\/div>\n<\/div>\n<\/div>\n<p>[\/vc_column_text]\t\r\n\t\t<a href=\"https:\/\/ropox-com.translate.goog\/product\/4single-table-frame?_x_tr_sl=en&_x_tr_tl=sl&_x_tr_hl=sl&_x_tr_pto=wapp\" target=\"_blank\" class=\"btn btn-primary btn-md \" id=\"\">\r\n    Preberite ve\u010d<\/a>\r\n\r\n\t\t[\/vc_column_inner][vc_column_inner width=&#8221;1\/3&#8243;][\/vc_column_inner][\/vc_row_inner][vc_empty_space height=&#8221;60px&#8221;][\/vc_column][\/vc_row][vc_row full_width=&#8221;stretch_row&#8221;][vc_column][vc_empty_space height=&#8221;60px&#8221;][vc_row_inner][vc_column_inner width=&#8221;1\/2&#8243;][vc_column_text]<\/p>\n<h3>Za koga je namenjena vklju\u010dujo\u010da jedilna miza?<\/h3>\n<p>Jedilna miza 4Single je idealna za vsakogar, ne glede na stopnjo mobilnosti, in tako postane naravno zbirali\u0161\u010de. Pod mizo je veliko prostora, saj ni pre\u010dk, kar uporabnikom invalidskih vozi\u010dkov omogo\u010da prosto gibanje po vseh straneh mize.[\/vc_column_text][\/vc_column_inner][vc_column_inner width=&#8221;1\/2&#8243;][vc_column_text]<\/p>\n<h3>Zakaj izbrati vklju\u010dujo\u010do kuhinjsko in jedilno mizo?<\/h3>\n<p>4Single ima eleganten in brez\u010dasen videz, zato lahko ustvarite tako majhne kot velike mize, odvisno od va\u0161ih zahtev. Za oseben pridih izberite med razli\u010dnimi miznimi plo\u0161\u010dami, ki se prilegajo okvirju mize. Miza je temeljito preizku\u0161ena in izdelana v skladu z vsemi veljavnimi standardi. \u010ce \u017eelite zmanj\u0161ati tveganje po\u0161kodb, lahko elektri\u010dno nastavljivi mizi dodate varnostni trak, ki se takoj ustavi, \u010de med premikanjem kaj pride na pot.[\/vc_column_text][\/vc_column_inner][\/vc_row_inner][vc_empty_space height=&#8221;60px&#8221;][\/vc_column][\/vc_row][vc_row full_width=&#8221;stretch_row&#8221;][vc_column][vc_empty_space height=&#8221;40px&#8221;][vc_column_text]<\/p>\n<h3 style=\"text-align: left\">Prenosi<\/h3>\n<p>[\/vc_column_text]        \n\t\t\t\t<div class=\"file-wrap \" id=\"\">\n\t\t\t\t\t<a href=\"https:\/\/www.mivam.com\/wp-content\/uploads\/2025\/06\/ropox_kitchen_brochure_1962439_0525_gb-2.pdf\" target=\"_blank\" class=\"file-dl-btn\">\t\n\t\t\t\t\t\tBro\u0161ura - Kuhinjska miza ROPOX.pdf 1,50 MB\t\t\t\t\t<div class=\"file-icon-wrapper\">\n\t\t\t\t\t\t<svg width=\"19\" height=\"20\" viewBox=\"0 0 19 20\" fill=\"none\" xmlns=\"http:\/\/www.w3.org\/2000\/svg\">\n<path d=\"M9.55818 14.9683L4.93488 9.96001L5.85875 8.94249L8.9048 12.2413V0H10.2116V12.2413L13.2563 8.94391L14.1815 9.96001L9.55818 14.9683ZM2.5213 19.8125C1.92019 19.8125 1.4184 19.5945 1.01592 19.1586C0.612564 18.7218 0.410889 18.1779 0.410889 17.5269V14.098H1.71764V17.5269C1.71764 17.7439 1.80128 17.9435 1.96854 18.1256C2.13668 18.3067 2.32093 18.3973 2.5213 18.3973H16.5951C16.7954 18.3973 16.9797 18.3067 17.1478 18.1256C17.3151 17.9435 17.3987 17.7439 17.3987 17.5269V14.098H18.7055V17.5269C18.7055 18.1779 18.5042 18.7214 18.1017 19.1572C17.6984 19.594 17.1962 19.8125 16.5951 19.8125H2.5213Z\" fill=\"white\"\/>\n<\/svg>\t\t\t\t\t<\/div>\n\t\t\t\t\t<\/a>\n\t\t\t\t<\/div>\n        \n        [vc_empty_space height=&#8221;40px&#8221;][\/vc_column][\/vc_row]<\/p>\n<\/div>","protected":false},"excerpt":{"rendered":"<p>4Single: Vklju\u010dna jedilna miza za dostopne kuhinje. Idealna jedilna miza za vsakogar.<\/p>\n","protected":false},"featured_media":7396,"comment_status":"closed","ping_status":"closed","template":"","meta":[],"product_brand":[],"product_cat":[226,76],"product_tag":[512,434,494,508,435,465,131,510,509,436,437,505,432,511],"class_list":{"0":"post-7395","1":"product","2":"type-product","3":"status-publish","4":"has-post-thumbnail","6":"product_cat-pohistvo","7":"product_cat-pohistvo-za-gibalno-ovirane","8":"product_tag-4single","9":"product_tag-elektricno","10":"product_tag-elektricno-nastavljivo","11":"product_tag-kuhinjska-miza","12":"product_tag-mehansko","13":"product_tag-mehansko-nastavljiva","14":"product_tag-miza","15":"product_tag-miza-za-invalide","16":"product_tag-miza-za-vozicke","17":"product_tag-nastavljiva-miza","18":"product_tag-prilagojena-miza","19":"product_tag-prilagojeno-pohistvo","20":"product_tag-ropox","21":"product_tag-visinsko-nastavljiva-miza","23":"first","24":"onbackorder","25":"taxable","26":"shipping-taxable","27":"product-type-simple"},"yoast_head":"<!-- This site is optimized with the Yoast SEO plugin v24.0 - https:\/\/yoast.com\/wordpress\/plugins\/seo\/ -->\n<title>Kuhinjska miza ROPOX - Mi Vam<\/title>\n<meta name=\"description\" content=\"4Single: Vklju\u010dna jedilna miza za dostopne kuhinje. Idealna jedilna miza za vsakogar.\" \/>\n<meta name=\"robots\" content=\"index, follow, max-snippet:-1, max-image-preview:large, max-video-preview:-1\" \/>\n<link rel=\"canonical\" href=\"https:\/\/www.mivam.com\/izdelek\/kuhinjska-miza-ropox\/\" \/>\n<meta property=\"og:locale\" content=\"en_US\" \/>\n<meta property=\"og:type\" content=\"article\" \/>\n<meta property=\"og:title\" content=\"Kuhinjska miza ROPOX - Mi Vam\" \/>\n<meta property=\"og:description\" content=\"4Single: Vklju\u010dna jedilna miza za dostopne kuhinje. Idealna jedilna miza za vsakogar.\" \/>\n<meta property=\"og:url\" content=\"https:\/\/www.mivam.com\/izdelek\/kuhinjska-miza-ropox\/\" \/>\n<meta property=\"og:site_name\" content=\"Mi Vam\" \/>\n<meta property=\"article:modified_time\" content=\"2025-06-19T03:09:23+00:00\" \/>\n<meta property=\"og:image\" content=\"https:\/\/www.mivam.com\/wp-content\/uploads\/2025\/06\/hero-crop-ropoxshowrooma__96a6951-scaled-1.jpg\" \/>\n\t<meta property=\"og:image:width\" content=\"2560\" \/>\n\t<meta property=\"og:image:height\" content=\"1288\" \/>\n\t<meta property=\"og:image:type\" content=\"image\/jpeg\" \/>\n<meta name=\"twitter:card\" content=\"summary_large_image\" \/>\n<meta name=\"twitter:label1\" content=\"Est. reading time\" \/>\n\t<meta name=\"twitter:data1\" content=\"3 minutes\" \/>\n<script type=\"application\/ld+json\" class=\"yoast-schema-graph\">{\"@context\":\"https:\/\/schema.org\",\"@graph\":[{\"@type\":\"WebPage\",\"@id\":\"https:\/\/www.mivam.com\/izdelek\/kuhinjska-miza-ropox\/\",\"url\":\"https:\/\/www.mivam.com\/izdelek\/kuhinjska-miza-ropox\/\",\"name\":\"Kuhinjska miza ROPOX - Mi Vam\",\"isPartOf\":{\"@id\":\"https:\/\/www.mivam.com\/#website\"},\"primaryImageOfPage\":{\"@id\":\"https:\/\/www.mivam.com\/izdelek\/kuhinjska-miza-ropox\/#primaryimage\"},\"image\":{\"@id\":\"https:\/\/www.mivam.com\/izdelek\/kuhinjska-miza-ropox\/#primaryimage\"},\"thumbnailUrl\":\"https:\/\/www.mivam.com\/wp-content\/uploads\/2025\/06\/hero-crop-ropoxshowrooma__96a6951-scaled-1.jpg\",\"datePublished\":\"2025-06-16T12:11:04+00:00\",\"dateModified\":\"2025-06-19T03:09:23+00:00\",\"description\":\"4Single: Vklju\u010dna jedilna miza za dostopne kuhinje. Idealna jedilna miza za vsakogar.\",\"breadcrumb\":{\"@id\":\"https:\/\/www.mivam.com\/izdelek\/kuhinjska-miza-ropox\/#breadcrumb\"},\"inLanguage\":\"en-US\",\"potentialAction\":[{\"@type\":\"ReadAction\",\"target\":[\"https:\/\/www.mivam.com\/izdelek\/kuhinjska-miza-ropox\/\"]}]},{\"@type\":\"ImageObject\",\"inLanguage\":\"en-US\",\"@id\":\"https:\/\/www.mivam.com\/izdelek\/kuhinjska-miza-ropox\/#primaryimage\",\"url\":\"https:\/\/www.mivam.com\/wp-content\/uploads\/2025\/06\/hero-crop-ropoxshowrooma__96a6951-scaled-1.jpg\",\"contentUrl\":\"https:\/\/www.mivam.com\/wp-content\/uploads\/2025\/06\/hero-crop-ropoxshowrooma__96a6951-scaled-1.jpg\",\"width\":2560,\"height\":1288,\"caption\":\"Kuhinjska miza ROPOX\"},{\"@type\":\"BreadcrumbList\",\"@id\":\"https:\/\/www.mivam.com\/izdelek\/kuhinjska-miza-ropox\/#breadcrumb\",\"itemListElement\":[{\"@type\":\"ListItem\",\"position\":1,\"name\":\"Domov\",\"item\":\"https:\/\/www.mivam.com\/\"},{\"@type\":\"ListItem\",\"position\":2,\"name\":\"Shop\",\"item\":\"https:\/\/www.mivam.com\/en\/shop\/\"},{\"@type\":\"ListItem\",\"position\":3,\"name\":\"Pohi\u0161tvo\",\"item\":\"https:\/\/www.mivam.com\/kategorija-izdelka\/pohistvo\/\"},{\"@type\":\"ListItem\",\"position\":4,\"name\":\"Kuhinjska miza ROPOX\"}]},{\"@type\":\"WebSite\",\"@id\":\"https:\/\/www.mivam.com\/#website\",\"url\":\"https:\/\/www.mivam.com\/\",\"name\":\"Mi Vam\",\"description\":\"Medicinski pripomo\u010dki in re\u0161itve za manj odvisno \u017eivljenje.\",\"potentialAction\":[{\"@type\":\"SearchAction\",\"target\":{\"@type\":\"EntryPoint\",\"urlTemplate\":\"https:\/\/www.mivam.com\/?s={search_term_string}\"},\"query-input\":{\"@type\":\"PropertyValueSpecification\",\"valueRequired\":true,\"valueName\":\"search_term_string\"}}],\"inLanguage\":\"en-US\"}]}<\/script>\n<!-- \/ Yoast SEO plugin. -->","yoast_head_json":{"title":"Kuhinjska miza ROPOX - Mi Vam","description":"4Single: Vklju\u010dna jedilna miza za dostopne kuhinje. Idealna jedilna miza za vsakogar.","robots":{"index":"index","follow":"follow","max-snippet":"max-snippet:-1","max-image-preview":"max-image-preview:large","max-video-preview":"max-video-preview:-1"},"canonical":"https:\/\/www.mivam.com\/izdelek\/kuhinjska-miza-ropox\/","og_locale":"en_US","og_type":"article","og_title":"Kuhinjska miza ROPOX - Mi Vam","og_description":"4Single: Vklju\u010dna jedilna miza za dostopne kuhinje. Idealna jedilna miza za vsakogar.","og_url":"https:\/\/www.mivam.com\/izdelek\/kuhinjska-miza-ropox\/","og_site_name":"Mi Vam","article_modified_time":"2025-06-19T03:09:23+00:00","og_image":[{"width":2560,"height":1288,"url":"https:\/\/www.mivam.com\/wp-content\/uploads\/2025\/06\/hero-crop-ropoxshowrooma__96a6951-scaled-1.jpg","type":"image\/jpeg"}],"twitter_card":"summary_large_image","twitter_misc":{"Est. reading time":"3 minutes"},"schema":{"@context":"https:\/\/schema.org","@graph":[{"@type":"WebPage","@id":"https:\/\/www.mivam.com\/izdelek\/kuhinjska-miza-ropox\/","url":"https:\/\/www.mivam.com\/izdelek\/kuhinjska-miza-ropox\/","name":"Kuhinjska miza ROPOX - Mi Vam","isPartOf":{"@id":"https:\/\/www.mivam.com\/#website"},"primaryImageOfPage":{"@id":"https:\/\/www.mivam.com\/izdelek\/kuhinjska-miza-ropox\/#primaryimage"},"image":{"@id":"https:\/\/www.mivam.com\/izdelek\/kuhinjska-miza-ropox\/#primaryimage"},"thumbnailUrl":"https:\/\/www.mivam.com\/wp-content\/uploads\/2025\/06\/hero-crop-ropoxshowrooma__96a6951-scaled-1.jpg","datePublished":"2025-06-16T12:11:04+00:00","dateModified":"2025-06-19T03:09:23+00:00","description":"4Single: Vklju\u010dna jedilna miza za dostopne kuhinje. Idealna jedilna miza za vsakogar.","breadcrumb":{"@id":"https:\/\/www.mivam.com\/izdelek\/kuhinjska-miza-ropox\/#breadcrumb"},"inLanguage":"en-US","potentialAction":[{"@type":"ReadAction","target":["https:\/\/www.mivam.com\/izdelek\/kuhinjska-miza-ropox\/"]}]},{"@type":"ImageObject","inLanguage":"en-US","@id":"https:\/\/www.mivam.com\/izdelek\/kuhinjska-miza-ropox\/#primaryimage","url":"https:\/\/www.mivam.com\/wp-content\/uploads\/2025\/06\/hero-crop-ropoxshowrooma__96a6951-scaled-1.jpg","contentUrl":"https:\/\/www.mivam.com\/wp-content\/uploads\/2025\/06\/hero-crop-ropoxshowrooma__96a6951-scaled-1.jpg","width":2560,"height":1288,"caption":"Kuhinjska miza ROPOX"},{"@type":"BreadcrumbList","@id":"https:\/\/www.mivam.com\/izdelek\/kuhinjska-miza-ropox\/#breadcrumb","itemListElement":[{"@type":"ListItem","position":1,"name":"Domov","item":"https:\/\/www.mivam.com\/"},{"@type":"ListItem","position":2,"name":"Shop","item":"https:\/\/www.mivam.com\/en\/shop\/"},{"@type":"ListItem","position":3,"name":"Pohi\u0161tvo","item":"https:\/\/www.mivam.com\/kategorija-izdelka\/pohistvo\/"},{"@type":"ListItem","position":4,"name":"Kuhinjska miza ROPOX"}]},{"@type":"WebSite","@id":"https:\/\/www.mivam.com\/#website","url":"https:\/\/www.mivam.com\/","name":"Mi Vam","description":"Medicinski pripomo\u010dki in re\u0161itve za manj odvisno \u017eivljenje.","potentialAction":[{"@type":"SearchAction","target":{"@type":"EntryPoint","urlTemplate":"https:\/\/www.mivam.com\/?s={search_term_string}"},"query-input":{"@type":"PropertyValueSpecification","valueRequired":true,"valueName":"search_term_string"}}],"inLanguage":"en-US"}]}},"_links":{"self":[{"href":"https:\/\/www.mivam.com\/en\/wp-json\/wp\/v2\/product\/7395","targetHints":{"allow":["GET"]}}],"collection":[{"href":"https:\/\/www.mivam.com\/en\/wp-json\/wp\/v2\/product"}],"about":[{"href":"https:\/\/www.mivam.com\/en\/wp-json\/wp\/v2\/types\/product"}],"replies":[{"embeddable":true,"href":"https:\/\/www.mivam.com\/en\/wp-json\/wp\/v2\/comments?post=7395"}],"wp:featuredmedia":[{"embeddable":true,"href":"https:\/\/www.mivam.com\/en\/wp-json\/wp\/v2\/media\/7396"}],"wp:attachment":[{"href":"https:\/\/www.mivam.com\/en\/wp-json\/wp\/v2\/media?parent=7395"}],"wp:term":[{"taxonomy":"product_brand","embeddable":true,"href":"https:\/\/www.mivam.com\/en\/wp-json\/wp\/v2\/product_brand?post=7395"},{"taxonomy":"product_cat","embeddable":true,"href":"https:\/\/www.mivam.com\/en\/wp-json\/wp\/v2\/product_cat?post=7395"},{"taxonomy":"product_tag","embeddable":true,"href":"https:\/\/www.mivam.com\/en\/wp-json\/wp\/v2\/product_tag?post=7395"}],"curies":[{"name":"wp","href":"https:\/\/api.w.org\/{rel}","templated":true}]}}