{"id":7370,"date":"2025-06-16T13:43:23","date_gmt":"2025-06-16T11:43:23","guid":{"rendered":"https:\/\/pisarna.novisplet.com\/dev2\/mivam_old\/?post_type=product&#038;p=7370"},"modified":"2025-06-19T05:10:20","modified_gmt":"2025-06-19T03:10:20","slug":"kuhinjske-omarice-ropox","status":"publish","type":"product","link":"https:\/\/www.mivam.com\/en\/izdelek\/kuhinjske-omarice-ropox\/","title":{"rendered":"Kuhinjske omarice ROPOX"},"content":{"rendered":"<div class=\"wpb-content-wrapper\"><p>[vc_row full_width=&#8221;stretch_row&#8221;][vc_column][vc_column_text]<\/p>\n<h3 style=\"text-align: left\">Zgornje omarice za osebe z omejeno mobilnostjo<\/h3>\n<p>[\/vc_column_text][vc_column_text]Zasnova dostopne kuhinje za starej\u0161e ali osebe z omejenimi funkcionalnimi sposobnostmi zahteva prilagodljive re\u0161itve. Ena od teh re\u0161itev je zgornja omarica z nastavljivo vi\u0161ino, ki jo je mogo\u010de enostavno spustiti, dvigniti in izvle\u010di iz stene. To zagotavlja, da lahko uporabnik brez te\u017eav dose\u017ee vsebino. Omarica se upravlja prek nadzorne plo\u0161\u010de, ki jo je mogo\u010de za dodatno udobje vgraditi v pult.[\/vc_column_text][vc_empty_space height=&#8221;30px&#8221;][\/vc_column][\/vc_row][vc_row full_width=&#8221;stretch_row&#8221; css=&#8221;.vc_custom_1689764110870{background-color: #f8f9fa !important;}&#8221;][vc_column][vc_empty_space height=&#8221;60px&#8221;][vc_column_text]<\/p>\n<h3 style=\"text-align: left\">Izdelki<\/h3>\n<p>[\/vc_column_text][vc_row_inner][vc_column_inner width=&#8221;1\/3&#8243;][vc_single_image image=&#8221;7389&#8243; img_size=&#8221;large&#8221; alignment=&#8221;right&#8221;][vc_column_text]<\/p>\n<div class=\"product-card-content\">\n<h4>VertiInside &#8211; Elektri\u010dni dvi\u017eni sistem za police v omarah<\/h4>\n<\/div>\n<p>[\/vc_column_text][vc_column_text]<\/p>\n<div class=\"product-card-content\">\n<p>Funkcija: Police se spu\u0161\u010dajo do delovne povr\u0161ine<br \/>\nMo\u010d: Elektri\u010dni<br \/>\nNastavitev vi\u0161ine: 49,5 cm<br \/>\nOperacija: Krmilno stikalo<br \/>\nNajve\u010dja te\u017ea uporabnika: 80 kg, enakomerno porazdeljeno<br \/>\n\u0160irina omare: 40\u2013100 cm<\/p>\n<\/div>\n<p>[\/vc_column_text]\t\r\n\t\t<a href=\"https:\/\/ropox-com.translate.goog\/product\/vertiinside-cabinet-lift?_x_tr_sl=en&_x_tr_tl=sl&_x_tr_hl=sl&_x_tr_pto=wapp\" target=\"_blank\" class=\"btn btn-primary btn-md \" id=\"\">\r\n    Preberite ve\u010d<\/a>\r\n\r\n\t\t[\/vc_column_inner][vc_column_inner width=&#8221;1\/3&#8243;][vc_single_image image=&#8221;7387&#8243; img_size=&#8221;large&#8221; alignment=&#8221;right&#8221;][vc_column_text]<\/p>\n<div class=\"Card-textContent text-left\">\n<div class=\"Card-textContent text-left\">\n<div class=\"Card-textContent text-left\">\n<div class=\"product-card-content\">\n<h4>Diagonal &#8211; Elektri\u010dni dvi\u017eni sistem za vise\u010de omarice<\/h4>\n<\/div>\n<\/div>\n<\/div>\n<\/div>\n<p>[\/vc_column_text][vc_column_text]<\/p>\n<div class=\"Card-textContent text-left\">\n<div class=\"Card-textContent text-left\">\n<div class=\"Card-textContent text-left\">\n<div class=\"product-card-content\">\n<p>Funkcija: Projekt omare s stene<br \/>\nMo\u010d: Elektri\u010dni<br \/>\nDiagonalna nastavitev vi\u0161ine: 43 cm navzdol in 18 cm naprej<br \/>\nOperacija: Krmilno stikalo<br \/>\nNajve\u010dja te\u017ea uporabnika: 120 kg \/ 220 kg<br \/>\n\u0160irina omare: 40\u2013180 cm<\/p>\n<\/div>\n<\/div>\n<\/div>\n<\/div>\n<p>[\/vc_column_text]\t\r\n\t\t<a href=\"https:\/\/ropox-com.translate.goog\/product\/diagonal-cabinet-lift?_x_tr_sl=en&_x_tr_tl=sl&_x_tr_hl=sl&_x_tr_pto=wapp\" target=\"_blank\" class=\"btn btn-primary btn-md \" id=\"\">\r\n    Preberite ve\u010d<\/a>\r\n\r\n\t\t[\/vc_column_inner][vc_column_inner width=&#8221;1\/3&#8243;][vc_single_image image=&#8221;7385&#8243; img_size=&#8221;large&#8221; alignment=&#8221;right&#8221;][vc_column_text]<\/p>\n<div class=\"Card-textContent text-left\">\n<div class=\"Card-textContent text-left\">\n<div class=\"product-card-content\">\n<h4>Zgornji nosilec omarice<\/h4>\n<\/div>\n<\/div>\n<\/div>\n<p>[\/vc_column_text][vc_column_text]<\/p>\n<div class=\"Card-textContent text-left\">\n<div class=\"Card-textContent text-left\">\n<div class=\"product-card-content\">\n<p>Fiksna nastavitev vi\u0161ine: 25 cm<br \/>\nDimenzije: 48,6 x 4,1 x 1,6 cm<br \/>\nMaks. obremenitev: 90 kg enakomerno porazdeljenih<\/p>\n<\/div>\n<\/div>\n<\/div>\n<p>[\/vc_column_text]\t\r\n\t\t<a href=\"https:\/\/ropox-com.translate.goog\/product\/cabinet-bracket?_x_tr_sl=en&_x_tr_tl=sl&_x_tr_hl=sl&_x_tr_pto=wapp\" target=\"_blank\" class=\"btn btn-primary btn-md \" id=\"\">\r\n    Preberite ve\u010d<\/a>\r\n\r\n\t\t[\/vc_column_inner][\/vc_row_inner][vc_empty_space height=&#8221;60px&#8221;][\/vc_column][\/vc_row][vc_row full_width=&#8221;stretch_row&#8221;][vc_column][vc_empty_space height=&#8221;60px&#8221;][vc_row_inner][vc_column_inner width=&#8221;1\/2&#8243;][vc_column_text]<\/p>\n<h3>Za koga so namenjene dostopne zgornje omarice?<\/h3>\n<p>Te omarice so idealne za ljudi z omejeno mobilnostjo, vklju\u010dno z uporabniki invalidskih vozi\u010dkov in tistimi z omejenim dosegom. Zgornje omarice izpolnjujejo \u2013 ali presegajo \u2013 vse ustrezne standarde in so zasnovane s kakovostjo in dostopnostjo kot klju\u010dnima na\u010deloma. Primerne so za zasebne domove, domove za ostarele, posebne \u0161ole ali podobno.[\/vc_column_text][\/vc_column_inner][vc_column_inner width=&#8221;1\/2&#8243;][vc_column_text]<\/p>\n<h3>Zakaj izbrati zgornje omare?<\/h3>\n<p>Na\u0161 cilj je, da je vse v vseh vise\u010dih omaricah enostavno videti in dose\u010di. Eno omarico je mogo\u010de neposredno nastaviti navzgor in navzdol. Druga re\u0161itev omogo\u010da, da se omarica diagonalno izvle\u010de iz stene in dose\u017ee rob pulta, kar olaj\u0161a dostop. Ne glede na izbrano re\u0161itev dobite zgornjo omarico, ki bo va\u0161o kuhinjo naredila bolj dostopno.[\/vc_column_text][\/vc_column_inner][\/vc_row_inner][vc_empty_space height=&#8221;60px&#8221;][\/vc_column][\/vc_row][vc_row full_width=&#8221;stretch_row&#8221;][vc_column][vc_empty_space height=&#8221;40px&#8221;][vc_column_text]<\/p>\n<h3 style=\"text-align: left\">Prenosi<\/h3>\n<p>[\/vc_column_text]        \n\t\t\t\t<div class=\"file-wrap \" id=\"\">\n\t\t\t\t\t<a href=\"https:\/\/www.mivam.com\/wp-content\/uploads\/2025\/06\/ropox_kitchen_brochure_1962439_0525_gb-1.pdf\" target=\"_blank\" class=\"file-dl-btn\">\t\n\t\t\t\t\t\tBro\u0161ura - Kuhinjske omarice ROPOX.pdf 1,50 MB\t\t\t\t\t<div class=\"file-icon-wrapper\">\n\t\t\t\t\t\t<svg width=\"19\" height=\"20\" viewBox=\"0 0 19 20\" fill=\"none\" xmlns=\"http:\/\/www.w3.org\/2000\/svg\">\n<path d=\"M9.55818 14.9683L4.93488 9.96001L5.85875 8.94249L8.9048 12.2413V0H10.2116V12.2413L13.2563 8.94391L14.1815 9.96001L9.55818 14.9683ZM2.5213 19.8125C1.92019 19.8125 1.4184 19.5945 1.01592 19.1586C0.612564 18.7218 0.410889 18.1779 0.410889 17.5269V14.098H1.71764V17.5269C1.71764 17.7439 1.80128 17.9435 1.96854 18.1256C2.13668 18.3067 2.32093 18.3973 2.5213 18.3973H16.5951C16.7954 18.3973 16.9797 18.3067 17.1478 18.1256C17.3151 17.9435 17.3987 17.7439 17.3987 17.5269V14.098H18.7055V17.5269C18.7055 18.1779 18.5042 18.7214 18.1017 19.1572C17.6984 19.594 17.1962 19.8125 16.5951 19.8125H2.5213Z\" fill=\"white\"\/>\n<\/svg>\t\t\t\t\t<\/div>\n\t\t\t\t\t<\/a>\n\t\t\t\t<\/div>\n        \n        [vc_empty_space height=&#8221;40px&#8221;][\/vc_column][\/vc_row]<\/p>\n<\/div>","protected":false},"excerpt":{"rendered":"<p>Zgornje omarice z nastavljivo vi\u0161ino. Omarice, ki pridejo k vam.<\/p>\n","protected":false},"featured_media":7393,"comment_status":"closed","ping_status":"closed","template":"","meta":[],"product_brand":[],"product_cat":[226,76],"product_tag":[501,507,500,434,502,494,497,499,498,503,504,505,432,506],"class_list":{"0":"post-7370","1":"product","2":"type-product","3":"status-publish","4":"has-post-thumbnail","6":"product_cat-pohistvo","7":"product_cat-pohistvo-za-gibalno-ovirane","8":"product_tag-bluetooth-nastavljive","9":"product_tag-diagonal","10":"product_tag-dvizne-omarice","11":"product_tag-elektricno","12":"product_tag-elektricno-nastavljive-omarice","13":"product_tag-elektricno-nastavljivo","14":"product_tag-kuhinjske-omarice","15":"product_tag-omara","16":"product_tag-omarice","17":"product_tag-omarice-za-invalide","18":"product_tag-prilagojene-omarice","19":"product_tag-prilagojeno-pohistvo","20":"product_tag-ropox","21":"product_tag-vertiinside","23":"first","24":"onbackorder","25":"taxable","26":"shipping-taxable","27":"product-type-simple"},"yoast_head":"<!-- This site is optimized with the Yoast SEO plugin v24.0 - https:\/\/yoast.com\/wordpress\/plugins\/seo\/ -->\n<title>Kuhinjske omarice ROPOX - Mi Vam<\/title>\n<meta name=\"description\" content=\"Zgornje omarice z nastavljivo vi\u0161ino. Omarice, ki pridejo k vam.\" \/>\n<meta name=\"robots\" content=\"index, follow, max-snippet:-1, max-image-preview:large, max-video-preview:-1\" \/>\n<link rel=\"canonical\" href=\"https:\/\/www.mivam.com\/izdelek\/kuhinjske-omarice-ropox\/\" \/>\n<meta property=\"og:locale\" content=\"en_US\" \/>\n<meta property=\"og:type\" content=\"article\" \/>\n<meta property=\"og:title\" content=\"Kuhinjske omarice ROPOX - Mi Vam\" \/>\n<meta property=\"og:description\" content=\"Zgornje omarice z nastavljivo vi\u0161ino. Omarice, ki pridejo k vam.\" \/>\n<meta property=\"og:url\" content=\"https:\/\/www.mivam.com\/izdelek\/kuhinjske-omarice-ropox\/\" \/>\n<meta property=\"og:site_name\" content=\"Mi Vam\" \/>\n<meta property=\"article:modified_time\" content=\"2025-06-19T03:10:20+00:00\" \/>\n<meta property=\"og:image\" content=\"https:\/\/www.mivam.com\/wp-content\/uploads\/2025\/06\/ropoxshowrooma__96a6883-scaled-1.jpg\" \/>\n\t<meta property=\"og:image:width\" content=\"2560\" \/>\n\t<meta property=\"og:image:height\" content=\"1707\" \/>\n\t<meta property=\"og:image:type\" content=\"image\/jpeg\" \/>\n<meta name=\"twitter:card\" content=\"summary_large_image\" \/>\n<meta name=\"twitter:label1\" content=\"Est. reading time\" \/>\n\t<meta name=\"twitter:data1\" content=\"3 minutes\" \/>\n<script type=\"application\/ld+json\" class=\"yoast-schema-graph\">{\"@context\":\"https:\/\/schema.org\",\"@graph\":[{\"@type\":\"WebPage\",\"@id\":\"https:\/\/www.mivam.com\/izdelek\/kuhinjske-omarice-ropox\/\",\"url\":\"https:\/\/www.mivam.com\/izdelek\/kuhinjske-omarice-ropox\/\",\"name\":\"Kuhinjske omarice ROPOX - Mi Vam\",\"isPartOf\":{\"@id\":\"https:\/\/www.mivam.com\/#website\"},\"primaryImageOfPage\":{\"@id\":\"https:\/\/www.mivam.com\/izdelek\/kuhinjske-omarice-ropox\/#primaryimage\"},\"image\":{\"@id\":\"https:\/\/www.mivam.com\/izdelek\/kuhinjske-omarice-ropox\/#primaryimage\"},\"thumbnailUrl\":\"https:\/\/www.mivam.com\/wp-content\/uploads\/2025\/06\/ropoxshowrooma__96a6883-scaled-1.jpg\",\"datePublished\":\"2025-06-16T11:43:23+00:00\",\"dateModified\":\"2025-06-19T03:10:20+00:00\",\"description\":\"Zgornje omarice z nastavljivo vi\u0161ino. Omarice, ki pridejo k vam.\",\"breadcrumb\":{\"@id\":\"https:\/\/www.mivam.com\/izdelek\/kuhinjske-omarice-ropox\/#breadcrumb\"},\"inLanguage\":\"en-US\",\"potentialAction\":[{\"@type\":\"ReadAction\",\"target\":[\"https:\/\/www.mivam.com\/izdelek\/kuhinjske-omarice-ropox\/\"]}]},{\"@type\":\"ImageObject\",\"inLanguage\":\"en-US\",\"@id\":\"https:\/\/www.mivam.com\/izdelek\/kuhinjske-omarice-ropox\/#primaryimage\",\"url\":\"https:\/\/www.mivam.com\/wp-content\/uploads\/2025\/06\/ropoxshowrooma__96a6883-scaled-1.jpg\",\"contentUrl\":\"https:\/\/www.mivam.com\/wp-content\/uploads\/2025\/06\/ropoxshowrooma__96a6883-scaled-1.jpg\",\"width\":2560,\"height\":1707,\"caption\":\"Kuhinjske omarice ROPOX\"},{\"@type\":\"BreadcrumbList\",\"@id\":\"https:\/\/www.mivam.com\/izdelek\/kuhinjske-omarice-ropox\/#breadcrumb\",\"itemListElement\":[{\"@type\":\"ListItem\",\"position\":1,\"name\":\"Domov\",\"item\":\"https:\/\/www.mivam.com\/\"},{\"@type\":\"ListItem\",\"position\":2,\"name\":\"Shop\",\"item\":\"https:\/\/www.mivam.com\/en\/shop\/\"},{\"@type\":\"ListItem\",\"position\":3,\"name\":\"Pohi\u0161tvo\",\"item\":\"https:\/\/www.mivam.com\/kategorija-izdelka\/pohistvo\/\"},{\"@type\":\"ListItem\",\"position\":4,\"name\":\"Kuhinjske omarice ROPOX\"}]},{\"@type\":\"WebSite\",\"@id\":\"https:\/\/www.mivam.com\/#website\",\"url\":\"https:\/\/www.mivam.com\/\",\"name\":\"Mi Vam\",\"description\":\"Medicinski pripomo\u010dki in re\u0161itve za manj odvisno \u017eivljenje.\",\"potentialAction\":[{\"@type\":\"SearchAction\",\"target\":{\"@type\":\"EntryPoint\",\"urlTemplate\":\"https:\/\/www.mivam.com\/?s={search_term_string}\"},\"query-input\":{\"@type\":\"PropertyValueSpecification\",\"valueRequired\":true,\"valueName\":\"search_term_string\"}}],\"inLanguage\":\"en-US\"}]}<\/script>\n<!-- \/ Yoast SEO plugin. -->","yoast_head_json":{"title":"Kuhinjske omarice ROPOX - Mi Vam","description":"Zgornje omarice z nastavljivo vi\u0161ino. Omarice, ki pridejo k vam.","robots":{"index":"index","follow":"follow","max-snippet":"max-snippet:-1","max-image-preview":"max-image-preview:large","max-video-preview":"max-video-preview:-1"},"canonical":"https:\/\/www.mivam.com\/izdelek\/kuhinjske-omarice-ropox\/","og_locale":"en_US","og_type":"article","og_title":"Kuhinjske omarice ROPOX - Mi Vam","og_description":"Zgornje omarice z nastavljivo vi\u0161ino. Omarice, ki pridejo k vam.","og_url":"https:\/\/www.mivam.com\/izdelek\/kuhinjske-omarice-ropox\/","og_site_name":"Mi Vam","article_modified_time":"2025-06-19T03:10:20+00:00","og_image":[{"width":2560,"height":1707,"url":"https:\/\/www.mivam.com\/wp-content\/uploads\/2025\/06\/ropoxshowrooma__96a6883-scaled-1.jpg","type":"image\/jpeg"}],"twitter_card":"summary_large_image","twitter_misc":{"Est. reading time":"3 minutes"},"schema":{"@context":"https:\/\/schema.org","@graph":[{"@type":"WebPage","@id":"https:\/\/www.mivam.com\/izdelek\/kuhinjske-omarice-ropox\/","url":"https:\/\/www.mivam.com\/izdelek\/kuhinjske-omarice-ropox\/","name":"Kuhinjske omarice ROPOX - Mi Vam","isPartOf":{"@id":"https:\/\/www.mivam.com\/#website"},"primaryImageOfPage":{"@id":"https:\/\/www.mivam.com\/izdelek\/kuhinjske-omarice-ropox\/#primaryimage"},"image":{"@id":"https:\/\/www.mivam.com\/izdelek\/kuhinjske-omarice-ropox\/#primaryimage"},"thumbnailUrl":"https:\/\/www.mivam.com\/wp-content\/uploads\/2025\/06\/ropoxshowrooma__96a6883-scaled-1.jpg","datePublished":"2025-06-16T11:43:23+00:00","dateModified":"2025-06-19T03:10:20+00:00","description":"Zgornje omarice z nastavljivo vi\u0161ino. Omarice, ki pridejo k vam.","breadcrumb":{"@id":"https:\/\/www.mivam.com\/izdelek\/kuhinjske-omarice-ropox\/#breadcrumb"},"inLanguage":"en-US","potentialAction":[{"@type":"ReadAction","target":["https:\/\/www.mivam.com\/izdelek\/kuhinjske-omarice-ropox\/"]}]},{"@type":"ImageObject","inLanguage":"en-US","@id":"https:\/\/www.mivam.com\/izdelek\/kuhinjske-omarice-ropox\/#primaryimage","url":"https:\/\/www.mivam.com\/wp-content\/uploads\/2025\/06\/ropoxshowrooma__96a6883-scaled-1.jpg","contentUrl":"https:\/\/www.mivam.com\/wp-content\/uploads\/2025\/06\/ropoxshowrooma__96a6883-scaled-1.jpg","width":2560,"height":1707,"caption":"Kuhinjske omarice ROPOX"},{"@type":"BreadcrumbList","@id":"https:\/\/www.mivam.com\/izdelek\/kuhinjske-omarice-ropox\/#breadcrumb","itemListElement":[{"@type":"ListItem","position":1,"name":"Domov","item":"https:\/\/www.mivam.com\/"},{"@type":"ListItem","position":2,"name":"Shop","item":"https:\/\/www.mivam.com\/en\/shop\/"},{"@type":"ListItem","position":3,"name":"Pohi\u0161tvo","item":"https:\/\/www.mivam.com\/kategorija-izdelka\/pohistvo\/"},{"@type":"ListItem","position":4,"name":"Kuhinjske omarice ROPOX"}]},{"@type":"WebSite","@id":"https:\/\/www.mivam.com\/#website","url":"https:\/\/www.mivam.com\/","name":"Mi Vam","description":"Medicinski pripomo\u010dki in re\u0161itve za manj odvisno \u017eivljenje.","potentialAction":[{"@type":"SearchAction","target":{"@type":"EntryPoint","urlTemplate":"https:\/\/www.mivam.com\/?s={search_term_string}"},"query-input":{"@type":"PropertyValueSpecification","valueRequired":true,"valueName":"search_term_string"}}],"inLanguage":"en-US"}]}},"_links":{"self":[{"href":"https:\/\/www.mivam.com\/en\/wp-json\/wp\/v2\/product\/7370","targetHints":{"allow":["GET"]}}],"collection":[{"href":"https:\/\/www.mivam.com\/en\/wp-json\/wp\/v2\/product"}],"about":[{"href":"https:\/\/www.mivam.com\/en\/wp-json\/wp\/v2\/types\/product"}],"replies":[{"embeddable":true,"href":"https:\/\/www.mivam.com\/en\/wp-json\/wp\/v2\/comments?post=7370"}],"wp:featuredmedia":[{"embeddable":true,"href":"https:\/\/www.mivam.com\/en\/wp-json\/wp\/v2\/media\/7393"}],"wp:attachment":[{"href":"https:\/\/www.mivam.com\/en\/wp-json\/wp\/v2\/media?parent=7370"}],"wp:term":[{"taxonomy":"product_brand","embeddable":true,"href":"https:\/\/www.mivam.com\/en\/wp-json\/wp\/v2\/product_brand?post=7370"},{"taxonomy":"product_cat","embeddable":true,"href":"https:\/\/www.mivam.com\/en\/wp-json\/wp\/v2\/product_cat?post=7370"},{"taxonomy":"product_tag","embeddable":true,"href":"https:\/\/www.mivam.com\/en\/wp-json\/wp\/v2\/product_tag?post=7370"}],"curies":[{"name":"wp","href":"https:\/\/api.w.org\/{rel}","templated":true}]}}