{"id":7344,"date":"2025-06-16T10:33:41","date_gmt":"2025-06-16T08:33:41","guid":{"rendered":"https:\/\/pisarna.novisplet.com\/dev2\/mivam_old\/?post_type=product&#038;p=7344"},"modified":"2025-06-19T05:11:58","modified_gmt":"2025-06-19T03:11:58","slug":"kuhinjski-pulti-ropox","status":"publish","type":"product","link":"https:\/\/www.mivam.com\/en\/izdelek\/kuhinjski-pulti-ropox\/","title":{"rendered":"Kuhinjski pulti ROPOX"},"content":{"rendered":"<div class=\"wpb-content-wrapper\"><p>[vc_row full_width=&#8221;stretch_row&#8221;][vc_column][vc_column_text]<\/p>\n<h3 style=\"text-align: left\">Kuhinjski pulti z nastavljivo vi\u0161ino za dostopne kuhinje<\/h3>\n<p>[\/vc_column_text][vc_column_text]Kuhinjski pult, ki je nastavljen na popolno vi\u0161ino, je zelo pomemben za vsako dejavnost \u2013 invalidnost ali ne. Ne glede na to, ali pripravljate testo, me\u0161ate v loncu ali pomivate posodo, je mo\u017enost nastavitve vi\u0161ine pulta velika prednost. Ne glede na to, ali stojite ali sedite, kuhinjski pult Ropox spodbuja neodvisnost in optimalne delovne pogoje, saj je pod pultom veliko prostora za sede\u010de uporabnike.[\/vc_column_text][vc_empty_space height=&#8221;30px&#8221;][\/vc_column][\/vc_row][vc_row full_width=&#8221;stretch_row&#8221; css=&#8221;.vc_custom_1689764110870{background-color: #f8f9fa !important;}&#8221;][vc_column][vc_empty_space height=&#8221;60px&#8221;][vc_column_text]<\/p>\n<h3 style=\"text-align: left\">Izdelki<\/h3>\n<p>[\/vc_column_text][vc_row_inner][vc_column_inner width=&#8221;1\/3&#8243;][vc_single_image image=&#8221;7349&#8243; img_size=&#8221;large&#8221; alignment=&#8221;right&#8221;][vc_column_text]<\/p>\n<div class=\"product-card-content\">\n<h4>FlexiPlus &#8211; Elektri\u010dni sistem dvigovanja za pult<\/h4>\n<\/div>\n<p>[\/vc_column_text][vc_column_text]<\/p>\n<div class=\"product-card-content\">\n<p>Mo\u010d: Elektri\u010dni<br \/>\nNastavitev vi\u0161ine: 30 cm (65\u201395 cm)<br \/>\nOperacija: Krmilno stikalo<br \/>\nNajve\u010dja te\u017ea uporabnika: 100 kg \/ 150 kg<\/p>\n<\/div>\n<p>[\/vc_column_text]\t\r\n\t\t<a href=\"https:\/\/ropox-com.translate.goog\/product\/flexiplus-countertop-lift-system?_x_tr_sl=en&_x_tr_tl=sl&_x_tr_hl=sl&_x_tr_pto=wapp\" target=\"_blank\" class=\"btn btn-primary btn-md \" id=\"\">\r\n    Preberite ve\u010d<\/a>\r\n\r\n\t\t[\/vc_column_inner][vc_column_inner width=&#8221;1\/3&#8243;][vc_single_image image=&#8221;7352&#8243; img_size=&#8221;large&#8221; alignment=&#8221;right&#8221;][vc_column_text]<\/p>\n<div class=\"Card-textContent text-left\">\n<div class=\"Card-textContent text-left\">\n<div class=\"Card-textContent text-left\">\n<div class=\"product-card-content\">\n<h4>Flexi &#8211; sistem dvigovanja za pult<\/h4>\n<\/div>\n<\/div>\n<\/div>\n<\/div>\n<p>[\/vc_column_text][vc_column_text]<\/p>\n<div class=\"Card-textContent text-left\">\n<div class=\"Card-textContent text-left\">\n<div class=\"Card-textContent text-left\">\n<div class=\"product-card-content\">\n<p>Mo\u010d: Elektri\u010dni \/ ro\u010dni<br \/>\nNastavitev vi\u0161ine: 30 cm (65\u201395 cm)<br \/>\nOperacija: Krmilno stikalo \/ Snemljiv ro\u010daj<br \/>\nNajve\u010dja te\u017ea uporabnika: 150 kg<\/p>\n<\/div>\n<\/div>\n<\/div>\n<\/div>\n<p>[\/vc_column_text]\t\r\n\t\t<a href=\"https:\/\/ropox-com.translate.goog\/product\/flexi-countertop?_x_tr_sl=en&_x_tr_tl=sl&_x_tr_hl=sl&_x_tr_pto=wapp\" target=\"_blank\" class=\"btn btn-primary btn-md \" id=\"\">\r\n    Preberite ve\u010d<\/a>\r\n\r\n\t\t[\/vc_column_inner][vc_column_inner width=&#8221;1\/3&#8243;][vc_single_image image=&#8221;7354&#8243; img_size=&#8221;large&#8221; alignment=&#8221;right&#8221;][vc_column_text]<\/p>\n<div class=\"Card-textContent text-left\">\n<div class=\"Card-textContent text-left\">\n<div class=\"product-card-content\">\n<div class=\"product-card-content\">\n<h4>Nosilec za pult<\/h4>\n<\/div>\n<\/div>\n<\/div>\n<\/div>\n<p>[\/vc_column_text][vc_column_text]<\/p>\n<div class=\"Card-textContent text-left\">\n<div class=\"Card-textContent text-left\">\n<div class=\"product-card-content\">\n<p>Fiksna nastavitev vi\u0161ine: 23 cm<br \/>\nDimenzije: 38 cm x 3,8 x 47,1 cm<br \/>\nMaks. obremenitev: 75 kg<\/p>\n<\/div>\n<\/div>\n<\/div>\n<p>[\/vc_column_text]\t\r\n\t\t<a href=\"https:\/\/ropox-com.translate.goog\/product\/countertop-brackets?_x_tr_sl=en&_x_tr_tl=sl&_x_tr_hl=sl&_x_tr_pto=wapp\" target=\"_blank\" class=\"btn btn-primary btn-md \" id=\"\">\r\n    Preberite ve\u010d<\/a>\r\n\r\n\t\t[\/vc_column_inner][\/vc_row_inner][vc_empty_space height=&#8221;60px&#8221;][\/vc_column][\/vc_row][vc_row full_width=&#8221;stretch_row&#8221;][vc_column][vc_empty_space height=&#8221;60px&#8221;][vc_row_inner][vc_column_inner width=&#8221;1\/2&#8243;][vc_column_text]<\/p>\n<h3>Za koga so namenjeni kuhinjski pulti z nastavljivo vi\u0161ino?<\/h3>\n<p>Ti kuhinjski pulti z nastavljivo vi\u0161ino so idealni za ljudi z omejeno mobilnostjo, vklju\u010dno z uporabniki invalidskih vozi\u010dkov in tistimi z omejenim dosegom, ki \u017eelijo samostojno opravljati vsakodnevna kuhinjska opravila. Kuhinjske re\u0161itve so primerne za zasebne domove, domove za starej\u0161e ali \u0161ole \u2013 povsod, kjer je lahko ve\u010d uporabnikov in je potrebna dostopnost in prilagodljivost.[\/vc_column_text][\/vc_column_inner][vc_column_inner width=&#8221;1\/2&#8243;][vc_column_text]<\/p>\n<div class=\"question\">\n<h3>Zakaj izbrati\u00a0kuhinjski pult z nastavljivo vi\u0161ino?<\/h3>\n<\/div>\n<div class=\"answer\">\n<p>Pult zagotavlja potrebno prilagodljivost in dostopnost, ki jo potrebujejo ljudje z omejenimi telesnimi sposobnostmi. Vse napredne funkcije so skrite, zato dizajn kuhinje izstopa, ne da bi pri tem ogrozil funkcionalnost.<\/p>\n<\/div>\n<p>[\/vc_column_text][\/vc_column_inner][\/vc_row_inner][vc_empty_space height=&#8221;60px&#8221;][\/vc_column][\/vc_row][vc_row full_width=&#8221;stretch_row&#8221;][vc_column][vc_empty_space height=&#8221;40px&#8221;][vc_column_text]<\/p>\n<h3 style=\"text-align: left\">Prenosi<\/h3>\n<p>[\/vc_column_text]        \n\t\t\t\t<div class=\"file-wrap \" id=\"\">\n\t\t\t\t\t<a href=\"https:\/\/www.mivam.com\/wp-content\/uploads\/2025\/06\/ropox_kitchen_brochure_1962439_0525_gb.pdf\" target=\"_blank\" class=\"file-dl-btn\">\t\n\t\t\t\t\t\tBro\u0161ura - Ropox kuhinje.pdf 1,50 MB\t\t\t\t\t<div class=\"file-icon-wrapper\">\n\t\t\t\t\t\t<svg width=\"19\" height=\"20\" viewBox=\"0 0 19 20\" fill=\"none\" xmlns=\"http:\/\/www.w3.org\/2000\/svg\">\n<path d=\"M9.55818 14.9683L4.93488 9.96001L5.85875 8.94249L8.9048 12.2413V0H10.2116V12.2413L13.2563 8.94391L14.1815 9.96001L9.55818 14.9683ZM2.5213 19.8125C1.92019 19.8125 1.4184 19.5945 1.01592 19.1586C0.612564 18.7218 0.410889 18.1779 0.410889 17.5269V14.098H1.71764V17.5269C1.71764 17.7439 1.80128 17.9435 1.96854 18.1256C2.13668 18.3067 2.32093 18.3973 2.5213 18.3973H16.5951C16.7954 18.3973 16.9797 18.3067 17.1478 18.1256C17.3151 17.9435 17.3987 17.7439 17.3987 17.5269V14.098H18.7055V17.5269C18.7055 18.1779 18.5042 18.7214 18.1017 19.1572C17.6984 19.594 17.1962 19.8125 16.5951 19.8125H2.5213Z\" fill=\"white\"\/>\n<\/svg>\t\t\t\t\t<\/div>\n\t\t\t\t\t<\/a>\n\t\t\t\t<\/div>\n        \n        [vc_empty_space height=&#8221;40px&#8221;][\/vc_column][\/vc_row]<\/p>\n<\/div>","protected":false},"excerpt":{"rendered":"<p>Kuhinjski pulti z nastavljivo vi\u0161ino. Udobna delovna vi\u0161ina.<\/p>\n","protected":false},"featured_media":7345,"comment_status":"closed","ping_status":"closed","template":"","meta":[],"product_brand":[],"product_cat":[226,76],"product_tag":[434,492,494,496,495,490,487,491,489,484,485,493,488,486,432],"class_list":{"0":"post-7344","1":"product","2":"type-product","3":"status-publish","4":"has-post-thumbnail","6":"product_cat-pohistvo","7":"product_cat-pohistvo-za-gibalno-ovirane","8":"product_tag-elektricno","9":"product_tag-elektricno-nastavljiv-pult","10":"product_tag-elektricno-nastavljivo","11":"product_tag-flexi","12":"product_tag-flexiplus","13":"product_tag-invalidska-kuhinja","14":"product_tag-kuhinja","15":"product_tag-kuhinja-vozicek","16":"product_tag-kuhinja-za-invalide","17":"product_tag-kuhinjski-pult","18":"product_tag-kuhinjski-pulti","19":"product_tag-mehansko-nastavljiv-pult","20":"product_tag-prilagojena-kuhinja","21":"product_tag-pulti","22":"product_tag-ropox","24":"first","25":"onbackorder","26":"taxable","27":"shipping-taxable","28":"product-type-simple"},"yoast_head":"<!-- This site is optimized with the Yoast SEO plugin v24.0 - https:\/\/yoast.com\/wordpress\/plugins\/seo\/ -->\n<title>Kuhinjski pulti ROPOX - Mi Vam<\/title>\n<meta name=\"description\" content=\"Kuhinjski pulti z nastavljivo vi\u0161ino. Udobna delovna vi\u0161ina.\" \/>\n<meta name=\"robots\" content=\"index, follow, max-snippet:-1, max-image-preview:large, max-video-preview:-1\" \/>\n<link rel=\"canonical\" href=\"https:\/\/www.mivam.com\/izdelek\/kuhinjski-pulti-ropox\/\" \/>\n<meta property=\"og:locale\" content=\"en_US\" \/>\n<meta property=\"og:type\" content=\"article\" \/>\n<meta property=\"og:title\" content=\"Kuhinjski pulti ROPOX - Mi Vam\" \/>\n<meta property=\"og:description\" content=\"Kuhinjski pulti z nastavljivo vi\u0161ino. Udobna delovna vi\u0161ina.\" \/>\n<meta property=\"og:url\" content=\"https:\/\/www.mivam.com\/izdelek\/kuhinjski-pulti-ropox\/\" \/>\n<meta property=\"og:site_name\" content=\"Mi Vam\" \/>\n<meta property=\"article:modified_time\" content=\"2025-06-19T03:11:58+00:00\" \/>\n<meta property=\"og:image\" content=\"https:\/\/www.mivam.com\/wp-content\/uploads\/2025\/06\/ropoxshowrooma__96a6886-1536x1024-1.jpg\" \/>\n\t<meta property=\"og:image:width\" content=\"1536\" \/>\n\t<meta property=\"og:image:height\" content=\"1024\" \/>\n\t<meta property=\"og:image:type\" content=\"image\/jpeg\" \/>\n<meta name=\"twitter:card\" content=\"summary_large_image\" \/>\n<meta name=\"twitter:label1\" content=\"Est. reading time\" \/>\n\t<meta name=\"twitter:data1\" content=\"3 minutes\" \/>\n<script type=\"application\/ld+json\" class=\"yoast-schema-graph\">{\"@context\":\"https:\/\/schema.org\",\"@graph\":[{\"@type\":\"WebPage\",\"@id\":\"https:\/\/www.mivam.com\/izdelek\/kuhinjski-pulti-ropox\/\",\"url\":\"https:\/\/www.mivam.com\/izdelek\/kuhinjski-pulti-ropox\/\",\"name\":\"Kuhinjski pulti ROPOX - Mi Vam\",\"isPartOf\":{\"@id\":\"https:\/\/www.mivam.com\/#website\"},\"primaryImageOfPage\":{\"@id\":\"https:\/\/www.mivam.com\/izdelek\/kuhinjski-pulti-ropox\/#primaryimage\"},\"image\":{\"@id\":\"https:\/\/www.mivam.com\/izdelek\/kuhinjski-pulti-ropox\/#primaryimage\"},\"thumbnailUrl\":\"https:\/\/www.mivam.com\/wp-content\/uploads\/2025\/06\/ropoxshowrooma__96a6886-1536x1024-1.jpg\",\"datePublished\":\"2025-06-16T08:33:41+00:00\",\"dateModified\":\"2025-06-19T03:11:58+00:00\",\"description\":\"Kuhinjski pulti z nastavljivo vi\u0161ino. Udobna delovna vi\u0161ina.\",\"breadcrumb\":{\"@id\":\"https:\/\/www.mivam.com\/izdelek\/kuhinjski-pulti-ropox\/#breadcrumb\"},\"inLanguage\":\"en-US\",\"potentialAction\":[{\"@type\":\"ReadAction\",\"target\":[\"https:\/\/www.mivam.com\/izdelek\/kuhinjski-pulti-ropox\/\"]}]},{\"@type\":\"ImageObject\",\"inLanguage\":\"en-US\",\"@id\":\"https:\/\/www.mivam.com\/izdelek\/kuhinjski-pulti-ropox\/#primaryimage\",\"url\":\"https:\/\/www.mivam.com\/wp-content\/uploads\/2025\/06\/ropoxshowrooma__96a6886-1536x1024-1.jpg\",\"contentUrl\":\"https:\/\/www.mivam.com\/wp-content\/uploads\/2025\/06\/ropoxshowrooma__96a6886-1536x1024-1.jpg\",\"width\":1536,\"height\":1024,\"caption\":\"Kuhinjski pulti ROPOX\"},{\"@type\":\"BreadcrumbList\",\"@id\":\"https:\/\/www.mivam.com\/izdelek\/kuhinjski-pulti-ropox\/#breadcrumb\",\"itemListElement\":[{\"@type\":\"ListItem\",\"position\":1,\"name\":\"Domov\",\"item\":\"https:\/\/www.mivam.com\/\"},{\"@type\":\"ListItem\",\"position\":2,\"name\":\"Shop\",\"item\":\"https:\/\/www.mivam.com\/en\/shop\/\"},{\"@type\":\"ListItem\",\"position\":3,\"name\":\"Pohi\u0161tvo\",\"item\":\"https:\/\/www.mivam.com\/kategorija-izdelka\/pohistvo\/\"},{\"@type\":\"ListItem\",\"position\":4,\"name\":\"Kuhinjski pulti ROPOX\"}]},{\"@type\":\"WebSite\",\"@id\":\"https:\/\/www.mivam.com\/#website\",\"url\":\"https:\/\/www.mivam.com\/\",\"name\":\"Mi Vam\",\"description\":\"Medicinski pripomo\u010dki in re\u0161itve za manj odvisno \u017eivljenje.\",\"potentialAction\":[{\"@type\":\"SearchAction\",\"target\":{\"@type\":\"EntryPoint\",\"urlTemplate\":\"https:\/\/www.mivam.com\/?s={search_term_string}\"},\"query-input\":{\"@type\":\"PropertyValueSpecification\",\"valueRequired\":true,\"valueName\":\"search_term_string\"}}],\"inLanguage\":\"en-US\"}]}<\/script>\n<!-- \/ Yoast SEO plugin. -->","yoast_head_json":{"title":"Kuhinjski pulti ROPOX - Mi Vam","description":"Kuhinjski pulti z nastavljivo vi\u0161ino. Udobna delovna vi\u0161ina.","robots":{"index":"index","follow":"follow","max-snippet":"max-snippet:-1","max-image-preview":"max-image-preview:large","max-video-preview":"max-video-preview:-1"},"canonical":"https:\/\/www.mivam.com\/izdelek\/kuhinjski-pulti-ropox\/","og_locale":"en_US","og_type":"article","og_title":"Kuhinjski pulti ROPOX - Mi Vam","og_description":"Kuhinjski pulti z nastavljivo vi\u0161ino. Udobna delovna vi\u0161ina.","og_url":"https:\/\/www.mivam.com\/izdelek\/kuhinjski-pulti-ropox\/","og_site_name":"Mi Vam","article_modified_time":"2025-06-19T03:11:58+00:00","og_image":[{"width":1536,"height":1024,"url":"https:\/\/www.mivam.com\/wp-content\/uploads\/2025\/06\/ropoxshowrooma__96a6886-1536x1024-1.jpg","type":"image\/jpeg"}],"twitter_card":"summary_large_image","twitter_misc":{"Est. reading time":"3 minutes"},"schema":{"@context":"https:\/\/schema.org","@graph":[{"@type":"WebPage","@id":"https:\/\/www.mivam.com\/izdelek\/kuhinjski-pulti-ropox\/","url":"https:\/\/www.mivam.com\/izdelek\/kuhinjski-pulti-ropox\/","name":"Kuhinjski pulti ROPOX - Mi Vam","isPartOf":{"@id":"https:\/\/www.mivam.com\/#website"},"primaryImageOfPage":{"@id":"https:\/\/www.mivam.com\/izdelek\/kuhinjski-pulti-ropox\/#primaryimage"},"image":{"@id":"https:\/\/www.mivam.com\/izdelek\/kuhinjski-pulti-ropox\/#primaryimage"},"thumbnailUrl":"https:\/\/www.mivam.com\/wp-content\/uploads\/2025\/06\/ropoxshowrooma__96a6886-1536x1024-1.jpg","datePublished":"2025-06-16T08:33:41+00:00","dateModified":"2025-06-19T03:11:58+00:00","description":"Kuhinjski pulti z nastavljivo vi\u0161ino. Udobna delovna vi\u0161ina.","breadcrumb":{"@id":"https:\/\/www.mivam.com\/izdelek\/kuhinjski-pulti-ropox\/#breadcrumb"},"inLanguage":"en-US","potentialAction":[{"@type":"ReadAction","target":["https:\/\/www.mivam.com\/izdelek\/kuhinjski-pulti-ropox\/"]}]},{"@type":"ImageObject","inLanguage":"en-US","@id":"https:\/\/www.mivam.com\/izdelek\/kuhinjski-pulti-ropox\/#primaryimage","url":"https:\/\/www.mivam.com\/wp-content\/uploads\/2025\/06\/ropoxshowrooma__96a6886-1536x1024-1.jpg","contentUrl":"https:\/\/www.mivam.com\/wp-content\/uploads\/2025\/06\/ropoxshowrooma__96a6886-1536x1024-1.jpg","width":1536,"height":1024,"caption":"Kuhinjski pulti ROPOX"},{"@type":"BreadcrumbList","@id":"https:\/\/www.mivam.com\/izdelek\/kuhinjski-pulti-ropox\/#breadcrumb","itemListElement":[{"@type":"ListItem","position":1,"name":"Domov","item":"https:\/\/www.mivam.com\/"},{"@type":"ListItem","position":2,"name":"Shop","item":"https:\/\/www.mivam.com\/en\/shop\/"},{"@type":"ListItem","position":3,"name":"Pohi\u0161tvo","item":"https:\/\/www.mivam.com\/kategorija-izdelka\/pohistvo\/"},{"@type":"ListItem","position":4,"name":"Kuhinjski pulti ROPOX"}]},{"@type":"WebSite","@id":"https:\/\/www.mivam.com\/#website","url":"https:\/\/www.mivam.com\/","name":"Mi Vam","description":"Medicinski pripomo\u010dki in re\u0161itve za manj odvisno \u017eivljenje.","potentialAction":[{"@type":"SearchAction","target":{"@type":"EntryPoint","urlTemplate":"https:\/\/www.mivam.com\/?s={search_term_string}"},"query-input":{"@type":"PropertyValueSpecification","valueRequired":true,"valueName":"search_term_string"}}],"inLanguage":"en-US"}]}},"_links":{"self":[{"href":"https:\/\/www.mivam.com\/en\/wp-json\/wp\/v2\/product\/7344","targetHints":{"allow":["GET"]}}],"collection":[{"href":"https:\/\/www.mivam.com\/en\/wp-json\/wp\/v2\/product"}],"about":[{"href":"https:\/\/www.mivam.com\/en\/wp-json\/wp\/v2\/types\/product"}],"replies":[{"embeddable":true,"href":"https:\/\/www.mivam.com\/en\/wp-json\/wp\/v2\/comments?post=7344"}],"wp:featuredmedia":[{"embeddable":true,"href":"https:\/\/www.mivam.com\/en\/wp-json\/wp\/v2\/media\/7345"}],"wp:attachment":[{"href":"https:\/\/www.mivam.com\/en\/wp-json\/wp\/v2\/media?parent=7344"}],"wp:term":[{"taxonomy":"product_brand","embeddable":true,"href":"https:\/\/www.mivam.com\/en\/wp-json\/wp\/v2\/product_brand?post=7344"},{"taxonomy":"product_cat","embeddable":true,"href":"https:\/\/www.mivam.com\/en\/wp-json\/wp\/v2\/product_cat?post=7344"},{"taxonomy":"product_tag","embeddable":true,"href":"https:\/\/www.mivam.com\/en\/wp-json\/wp\/v2\/product_tag?post=7344"}],"curies":[{"name":"wp","href":"https:\/\/api.w.org\/{rel}","templated":true}]}}