{"id":7329,"date":"2025-06-16T10:24:22","date_gmt":"2025-06-16T08:24:22","guid":{"rendered":"https:\/\/pisarna.novisplet.com\/dev2\/mivam_old\/?post_type=product&#038;p=7329"},"modified":"2025-06-19T05:12:34","modified_gmt":"2025-06-19T03:12:34","slug":"elektricno-dvizni-wc-ropox","status":"publish","type":"product","link":"https:\/\/www.mivam.com\/en\/izdelek\/elektricno-dvizni-wc-ropox\/","title":{"rendered":"Elektri\u010dno dvi\u017eni WC ROPOX"},"content":{"rendered":"<div class=\"wpb-content-wrapper\"><p>[vc_row full_width=&#8221;stretch_row&#8221;][vc_column][vc_column_text]<\/p>\n<h3 style=\"text-align: left\">Dvigalo za strani\u0161\u010de za dostopno kopalnico<\/h3>\n<p>[\/vc_column_text][vc_column_text]Dvigalo za strani\u0161\u010de znamke Ropox je diskretna in kompaktna naprava z veliko mo\u010di. Osebam z omejeno mobilnostjo omogo\u010da, da pove\u010dajo svojo neodvisnost s spu\u0161\u010danjem in dvigovanjem uporabnika v najbolj\u0161i sede\u010di ali stoje\u010di polo\u017eaj. Hkrati diskretna zasnova zagotavlja veliko prostora v kopalnici med preme\u0161\u010danjem, gladka povr\u0161ina dvigala za strani\u0161\u010de z zaobljenimi robovi pa omogo\u010da enostavno \u010di\u0161\u010denje.[\/vc_column_text][vc_empty_space height=&#8221;30px&#8221;][\/vc_column][\/vc_row][vc_row full_width=&#8221;stretch_row&#8221; css=&#8221;.vc_custom_1689764110870{background-color: #f8f9fa !important;}&#8221;][vc_column][vc_empty_space height=&#8221;60px&#8221;][vc_column_text]<\/p>\n<h3 style=\"text-align: left\">Izdelki<\/h3>\n<p>[\/vc_column_text][vc_row_inner][vc_column_inner width=&#8221;1\/3&#8243;][vc_single_image image=&#8221;7334&#8243; img_size=&#8221;large&#8221; alignment=&#8221;right&#8221;][vc_column_text]<\/p>\n<div class=\"product-card-content\">\n<div class=\"product-card-content\">\n<h4>Dvigalo za strani\u0161\u010de z nastavljivo vi\u0161ino<\/h4>\n<\/div>\n<\/div>\n<p>[\/vc_column_text][vc_column_text]<\/p>\n<div class=\"product-card-content\">\n<p>Nastavitev vi\u0161ine: 25 cm \/ 22 cm<br \/>\nElektri\u010dni model: Brez\u017ei\u010dni ro\u010dni upravljalnik<br \/>\nRo\u010dni model: Ro\u010daj<br \/>\nNajve\u010dja te\u017ea uporabnika: 400 kg<br \/>\nEnostavno \u010di\u0161\u010denje<\/p>\n<\/div>\n<p>[\/vc_column_text]\t\r\n\t\t<a href=\"https:\/\/ropox-com.translate.goog\/product\/adaptline?_x_tr_sl=en&_x_tr_tl=sl&_x_tr_hl=sl&_x_tr_pto=wapp\" target=\"_blank\" class=\"btn btn-primary btn-md \" id=\"\">\r\n    Preberite ve\u010d<\/a>\r\n\r\n\t\t[\/vc_column_inner][vc_column_inner width=&#8221;1\/3&#8243;][\/vc_column_inner][vc_column_inner width=&#8221;1\/3&#8243;][\/vc_column_inner][\/vc_row_inner][vc_empty_space height=&#8221;60px&#8221;][\/vc_column][\/vc_row][vc_row full_width=&#8221;stretch_row&#8221;][vc_column][vc_empty_space height=&#8221;60px&#8221;][vc_row_inner][vc_column_inner width=&#8221;1\/2&#8243;][vc_column_text]<\/p>\n<h3>Za koga je namenjeno dvigalo za strani\u0161\u010de?<\/h3>\n<p>Dvigalo za strani\u0161\u010de je idealno za ljudi z omejeno mobilnostjo. To lahko vklju\u010duje starej\u0161e, invalide ali tiste, ki okrevajo po operaciji ali po\u0161kodbi. Prav tako koristi negovalcem, saj zagotavlja varnej\u0161o in u\u010dinkovitej\u0161o oporo. Ne glede na to, ali \u017eelite ohraniti neodvisnost ali potrebujete pomo\u010d v kopalnici, dvigalo za strani\u0161\u010de ponuja zanesljivo in prakti\u010dno re\u0161itev za izbolj\u0161anje vsakodnevnih rutin. Dvigalo je zasnovano tako, da je zdru\u017eljivo z vsemi standardnimi stenskimi strani\u0161\u010di, za dodatno stabilnost in varnost pa ga je mogo\u010de kombinirati tudi z podpornimi rokami za strani\u0161\u010de.[\/vc_column_text][\/vc_column_inner][vc_column_inner width=&#8221;1\/2&#8243;][vc_column_text]<\/p>\n<h3>Zakaj izbrati dvigala za strani\u0161\u010dne \u0161koljke z nastavljivo vi\u0161ino?<\/h3>\n<p>Ropoxov dvigalnik za strani\u0161\u010de je idealna re\u0161itev za tiste, ki \u017eelijo ohraniti svojo neodvisnost in dostojanstvo pri vsakodnevnih opravilih. Inovativna re\u0161itev omogo\u010da uporabnikom z omejeno mobilnostjo, da obvladajo obiske strani\u0161\u010da \u2013 tako za osebno uporabo kot v domovih za ostarele \u2013 kjer je potrebna podpora za varno krmarjenje po kopalnici.[\/vc_column_text][\/vc_column_inner][\/vc_row_inner][vc_empty_space height=&#8221;60px&#8221;][\/vc_column][\/vc_row][vc_row full_width=&#8221;stretch_row&#8221;][vc_column][vc_empty_space height=&#8221;40px&#8221;][vc_column_text]<\/p>\n<h3 style=\"text-align: left\">Prenosi<\/h3>\n<p>[\/vc_column_text]        \n\t\t\t\t<div class=\"file-wrap \" id=\"\">\n\t\t\t\t\t<a href=\"https:\/\/www.mivam.com\/wp-content\/uploads\/2025\/06\/ropox_bathroom_brochure_1962436_0525_gb.pdf\" target=\"_blank\" class=\"file-dl-btn\">\t\n\t\t\t\t\t\tBro\u0161ura - Ropox kopalnice.pdf 2,50 MB\t\t\t\t\t<div class=\"file-icon-wrapper\">\n\t\t\t\t\t\t<svg width=\"19\" height=\"20\" viewBox=\"0 0 19 20\" fill=\"none\" xmlns=\"http:\/\/www.w3.org\/2000\/svg\">\n<path d=\"M9.55818 14.9683L4.93488 9.96001L5.85875 8.94249L8.9048 12.2413V0H10.2116V12.2413L13.2563 8.94391L14.1815 9.96001L9.55818 14.9683ZM2.5213 19.8125C1.92019 19.8125 1.4184 19.5945 1.01592 19.1586C0.612564 18.7218 0.410889 18.1779 0.410889 17.5269V14.098H1.71764V17.5269C1.71764 17.7439 1.80128 17.9435 1.96854 18.1256C2.13668 18.3067 2.32093 18.3973 2.5213 18.3973H16.5951C16.7954 18.3973 16.9797 18.3067 17.1478 18.1256C17.3151 17.9435 17.3987 17.7439 17.3987 17.5269V14.098H18.7055V17.5269C18.7055 18.1779 18.5042 18.7214 18.1017 19.1572C17.6984 19.594 17.1962 19.8125 16.5951 19.8125H2.5213Z\" fill=\"white\"\/>\n<\/svg>\t\t\t\t\t<\/div>\n\t\t\t\t\t<\/a>\n\t\t\t\t<\/div>\n        \n        [vc_empty_space height=&#8221;40px&#8221;][\/vc_column][\/vc_row]<\/p>\n<\/div>","protected":false},"excerpt":{"rendered":"<p>Pomo\u010d pri sedenju in vstajanju iz strani\u0161\u010da.<\/p>\n","protected":false},"featured_media":7332,"comment_status":"closed","ping_status":"closed","template":"","meta":[],"product_brand":[],"product_cat":[224,71,43,226,76],"product_tag":[481,477,478,479,467,432,483,482,343,480],"class_list":{"0":"post-7329","1":"product","2":"type-product","3":"status-publish","4":"has-post-thumbnail","6":"product_cat-kopalniski-pripomocki","7":"product_cat-dodatki-za-kopalnico","8":"product_cat-toaletno-tusirni-pripomocki","9":"product_cat-pohistvo","10":"product_cat-pohistvo-za-gibalno-ovirane","11":"product_tag-elektricno-dvizni-wc","12":"product_tag-elektricno-nastavljiv-wc","13":"product_tag-nastavljiv-po-visini-wc","14":"product_tag-prilagodljivi-wc","15":"product_tag-prilagojena-kopalnica","16":"product_tag-ropox","17":"product_tag-skoljka","18":"product_tag-toaletna-skoljka","19":"product_tag-wc","20":"product_tag-wc-za-invalide","22":"first","23":"onbackorder","24":"taxable","25":"shipping-taxable","26":"product-type-simple"},"yoast_head":"<!-- This site is optimized with the Yoast SEO plugin v24.0 - https:\/\/yoast.com\/wordpress\/plugins\/seo\/ -->\n<title>Elektri\u010dno dvi\u017eni WC ROPOX - Mi Vam<\/title>\n<meta name=\"description\" content=\"Pomo\u010d pri sedenju in vstajanju iz strani\u0161\u010da.\" \/>\n<meta name=\"robots\" content=\"index, follow, max-snippet:-1, max-image-preview:large, max-video-preview:-1\" \/>\n<link rel=\"canonical\" href=\"https:\/\/www.mivam.com\/izdelek\/elektricno-dvizni-wc-ropox\/\" \/>\n<meta property=\"og:locale\" content=\"en_US\" \/>\n<meta property=\"og:type\" content=\"article\" \/>\n<meta property=\"og:title\" content=\"Elektri\u010dno dvi\u017eni WC ROPOX - Mi Vam\" \/>\n<meta property=\"og:description\" content=\"Pomo\u010d pri sedenju in vstajanju iz strani\u0161\u010da.\" \/>\n<meta property=\"og:url\" content=\"https:\/\/www.mivam.com\/izdelek\/elektricno-dvizni-wc-ropox\/\" \/>\n<meta property=\"og:site_name\" content=\"Mi Vam\" \/>\n<meta property=\"article:modified_time\" content=\"2025-06-19T03:12:34+00:00\" \/>\n<meta property=\"og:image\" content=\"https:\/\/www.mivam.com\/wp-content\/uploads\/2025\/06\/ropox-produkter-130-cropped-scaled-1.jpg\" \/>\n\t<meta property=\"og:image:width\" content=\"2560\" \/>\n\t<meta property=\"og:image:height\" content=\"1707\" \/>\n\t<meta property=\"og:image:type\" content=\"image\/jpeg\" \/>\n<meta name=\"twitter:card\" content=\"summary_large_image\" \/>\n<meta name=\"twitter:label1\" content=\"Est. reading time\" \/>\n\t<meta name=\"twitter:data1\" content=\"2 minutes\" \/>\n<script type=\"application\/ld+json\" class=\"yoast-schema-graph\">{\"@context\":\"https:\/\/schema.org\",\"@graph\":[{\"@type\":\"WebPage\",\"@id\":\"https:\/\/www.mivam.com\/izdelek\/elektricno-dvizni-wc-ropox\/\",\"url\":\"https:\/\/www.mivam.com\/izdelek\/elektricno-dvizni-wc-ropox\/\",\"name\":\"Elektri\u010dno dvi\u017eni WC ROPOX - Mi Vam\",\"isPartOf\":{\"@id\":\"https:\/\/www.mivam.com\/#website\"},\"primaryImageOfPage\":{\"@id\":\"https:\/\/www.mivam.com\/izdelek\/elektricno-dvizni-wc-ropox\/#primaryimage\"},\"image\":{\"@id\":\"https:\/\/www.mivam.com\/izdelek\/elektricno-dvizni-wc-ropox\/#primaryimage\"},\"thumbnailUrl\":\"https:\/\/www.mivam.com\/wp-content\/uploads\/2025\/06\/ropox-produkter-130-cropped-scaled-1.jpg\",\"datePublished\":\"2025-06-16T08:24:22+00:00\",\"dateModified\":\"2025-06-19T03:12:34+00:00\",\"description\":\"Pomo\u010d pri sedenju in vstajanju iz strani\u0161\u010da.\",\"breadcrumb\":{\"@id\":\"https:\/\/www.mivam.com\/izdelek\/elektricno-dvizni-wc-ropox\/#breadcrumb\"},\"inLanguage\":\"en-US\",\"potentialAction\":[{\"@type\":\"ReadAction\",\"target\":[\"https:\/\/www.mivam.com\/izdelek\/elektricno-dvizni-wc-ropox\/\"]}]},{\"@type\":\"ImageObject\",\"inLanguage\":\"en-US\",\"@id\":\"https:\/\/www.mivam.com\/izdelek\/elektricno-dvizni-wc-ropox\/#primaryimage\",\"url\":\"https:\/\/www.mivam.com\/wp-content\/uploads\/2025\/06\/ropox-produkter-130-cropped-scaled-1.jpg\",\"contentUrl\":\"https:\/\/www.mivam.com\/wp-content\/uploads\/2025\/06\/ropox-produkter-130-cropped-scaled-1.jpg\",\"width\":2560,\"height\":1707,\"caption\":\"Elektri\u010dno dvi\u017eni WC ROPOX\"},{\"@type\":\"BreadcrumbList\",\"@id\":\"https:\/\/www.mivam.com\/izdelek\/elektricno-dvizni-wc-ropox\/#breadcrumb\",\"itemListElement\":[{\"@type\":\"ListItem\",\"position\":1,\"name\":\"Domov\",\"item\":\"https:\/\/www.mivam.com\/\"},{\"@type\":\"ListItem\",\"position\":2,\"name\":\"Shop\",\"item\":\"https:\/\/www.mivam.com\/en\/shop\/\"},{\"@type\":\"ListItem\",\"position\":3,\"name\":\"Kopalni\u0161ki pripomo\u010dki\",\"item\":\"https:\/\/www.mivam.com\/kategorija-izdelka\/kopalniski-pripomocki\/\"},{\"@type\":\"ListItem\",\"position\":4,\"name\":\"Elektri\u010dno dvi\u017eni WC ROPOX\"}]},{\"@type\":\"WebSite\",\"@id\":\"https:\/\/www.mivam.com\/#website\",\"url\":\"https:\/\/www.mivam.com\/\",\"name\":\"Mi Vam\",\"description\":\"Medicinski pripomo\u010dki in re\u0161itve za manj odvisno \u017eivljenje.\",\"potentialAction\":[{\"@type\":\"SearchAction\",\"target\":{\"@type\":\"EntryPoint\",\"urlTemplate\":\"https:\/\/www.mivam.com\/?s={search_term_string}\"},\"query-input\":{\"@type\":\"PropertyValueSpecification\",\"valueRequired\":true,\"valueName\":\"search_term_string\"}}],\"inLanguage\":\"en-US\"}]}<\/script>\n<!-- \/ Yoast SEO plugin. -->","yoast_head_json":{"title":"Elektri\u010dno dvi\u017eni WC ROPOX - Mi Vam","description":"Pomo\u010d pri sedenju in vstajanju iz strani\u0161\u010da.","robots":{"index":"index","follow":"follow","max-snippet":"max-snippet:-1","max-image-preview":"max-image-preview:large","max-video-preview":"max-video-preview:-1"},"canonical":"https:\/\/www.mivam.com\/izdelek\/elektricno-dvizni-wc-ropox\/","og_locale":"en_US","og_type":"article","og_title":"Elektri\u010dno dvi\u017eni WC ROPOX - Mi Vam","og_description":"Pomo\u010d pri sedenju in vstajanju iz strani\u0161\u010da.","og_url":"https:\/\/www.mivam.com\/izdelek\/elektricno-dvizni-wc-ropox\/","og_site_name":"Mi Vam","article_modified_time":"2025-06-19T03:12:34+00:00","og_image":[{"width":2560,"height":1707,"url":"https:\/\/www.mivam.com\/wp-content\/uploads\/2025\/06\/ropox-produkter-130-cropped-scaled-1.jpg","type":"image\/jpeg"}],"twitter_card":"summary_large_image","twitter_misc":{"Est. reading time":"2 minutes"},"schema":{"@context":"https:\/\/schema.org","@graph":[{"@type":"WebPage","@id":"https:\/\/www.mivam.com\/izdelek\/elektricno-dvizni-wc-ropox\/","url":"https:\/\/www.mivam.com\/izdelek\/elektricno-dvizni-wc-ropox\/","name":"Elektri\u010dno dvi\u017eni WC ROPOX - Mi Vam","isPartOf":{"@id":"https:\/\/www.mivam.com\/#website"},"primaryImageOfPage":{"@id":"https:\/\/www.mivam.com\/izdelek\/elektricno-dvizni-wc-ropox\/#primaryimage"},"image":{"@id":"https:\/\/www.mivam.com\/izdelek\/elektricno-dvizni-wc-ropox\/#primaryimage"},"thumbnailUrl":"https:\/\/www.mivam.com\/wp-content\/uploads\/2025\/06\/ropox-produkter-130-cropped-scaled-1.jpg","datePublished":"2025-06-16T08:24:22+00:00","dateModified":"2025-06-19T03:12:34+00:00","description":"Pomo\u010d pri sedenju in vstajanju iz strani\u0161\u010da.","breadcrumb":{"@id":"https:\/\/www.mivam.com\/izdelek\/elektricno-dvizni-wc-ropox\/#breadcrumb"},"inLanguage":"en-US","potentialAction":[{"@type":"ReadAction","target":["https:\/\/www.mivam.com\/izdelek\/elektricno-dvizni-wc-ropox\/"]}]},{"@type":"ImageObject","inLanguage":"en-US","@id":"https:\/\/www.mivam.com\/izdelek\/elektricno-dvizni-wc-ropox\/#primaryimage","url":"https:\/\/www.mivam.com\/wp-content\/uploads\/2025\/06\/ropox-produkter-130-cropped-scaled-1.jpg","contentUrl":"https:\/\/www.mivam.com\/wp-content\/uploads\/2025\/06\/ropox-produkter-130-cropped-scaled-1.jpg","width":2560,"height":1707,"caption":"Elektri\u010dno dvi\u017eni WC ROPOX"},{"@type":"BreadcrumbList","@id":"https:\/\/www.mivam.com\/izdelek\/elektricno-dvizni-wc-ropox\/#breadcrumb","itemListElement":[{"@type":"ListItem","position":1,"name":"Domov","item":"https:\/\/www.mivam.com\/"},{"@type":"ListItem","position":2,"name":"Shop","item":"https:\/\/www.mivam.com\/en\/shop\/"},{"@type":"ListItem","position":3,"name":"Kopalni\u0161ki pripomo\u010dki","item":"https:\/\/www.mivam.com\/kategorija-izdelka\/kopalniski-pripomocki\/"},{"@type":"ListItem","position":4,"name":"Elektri\u010dno dvi\u017eni WC ROPOX"}]},{"@type":"WebSite","@id":"https:\/\/www.mivam.com\/#website","url":"https:\/\/www.mivam.com\/","name":"Mi Vam","description":"Medicinski pripomo\u010dki in re\u0161itve za manj odvisno \u017eivljenje.","potentialAction":[{"@type":"SearchAction","target":{"@type":"EntryPoint","urlTemplate":"https:\/\/www.mivam.com\/?s={search_term_string}"},"query-input":{"@type":"PropertyValueSpecification","valueRequired":true,"valueName":"search_term_string"}}],"inLanguage":"en-US"}]}},"_links":{"self":[{"href":"https:\/\/www.mivam.com\/en\/wp-json\/wp\/v2\/product\/7329","targetHints":{"allow":["GET"]}}],"collection":[{"href":"https:\/\/www.mivam.com\/en\/wp-json\/wp\/v2\/product"}],"about":[{"href":"https:\/\/www.mivam.com\/en\/wp-json\/wp\/v2\/types\/product"}],"replies":[{"embeddable":true,"href":"https:\/\/www.mivam.com\/en\/wp-json\/wp\/v2\/comments?post=7329"}],"wp:featuredmedia":[{"embeddable":true,"href":"https:\/\/www.mivam.com\/en\/wp-json\/wp\/v2\/media\/7332"}],"wp:attachment":[{"href":"https:\/\/www.mivam.com\/en\/wp-json\/wp\/v2\/media?parent=7329"}],"wp:term":[{"taxonomy":"product_brand","embeddable":true,"href":"https:\/\/www.mivam.com\/en\/wp-json\/wp\/v2\/product_brand?post=7329"},{"taxonomy":"product_cat","embeddable":true,"href":"https:\/\/www.mivam.com\/en\/wp-json\/wp\/v2\/product_cat?post=7329"},{"taxonomy":"product_tag","embeddable":true,"href":"https:\/\/www.mivam.com\/en\/wp-json\/wp\/v2\/product_tag?post=7329"}],"curies":[{"name":"wp","href":"https:\/\/api.w.org\/{rel}","templated":true}]}}