{"id":7322,"date":"2025-06-16T09:37:51","date_gmt":"2025-06-16T07:37:51","guid":{"rendered":"https:\/\/pisarna.novisplet.com\/dev2\/mivam_old\/?post_type=product&#038;p=7322"},"modified":"2025-06-18T16:26:07","modified_gmt":"2025-06-18T14:26:07","slug":"kopalna-kad-ropox","status":"publish","type":"product","link":"https:\/\/www.mivam.com\/en\/izdelek\/kopalna-kad-ropox\/","title":{"rendered":"Kopalna kad ROPOX"},"content":{"rendered":"<div class=\"wpb-content-wrapper\"><p>[vc_row full_width=&#8221;stretch_row&#8221;][vc_column][vc_column_text]<\/p>\n<h3>Kad z nastavljivo vi\u0161ino\u00a0za dostopno kopalnico<\/h3>\n<p>[\/vc_column_text][vc_column_text]\u010ce pri kopanju potrebujete pomo\u010d negovalcev, je kad z nastavljivo vi\u0161ino zelo koristna. Omogo\u010da vsem, da dostojanstveno u\u017eivajo v spro\u0161\u010dujo\u010di kopeli. Kad Ropox za invalide je posebej zasnovana tako, da omogo\u010da enostaven in udoben vstop in izstop iz nje, kar ustvarja varno kopalno izku\u0161njo za ljudi z omejeno mobilnostjo.[\/vc_column_text][vc_empty_space height=&#8221;30px&#8221;][\/vc_column][\/vc_row][vc_row full_width=&#8221;stretch_row&#8221; css=&#8221;.vc_custom_1689764110870{background-color: #f8f9fa !important;}&#8221;][vc_column][vc_empty_space height=&#8221;60px&#8221;][vc_column_text]<\/p>\n<h3 style=\"text-align: left\">Izdelki<\/h3>\n<p>[\/vc_column_text][vc_row_inner][vc_column_inner width=&#8221;1\/3&#8243;][vc_single_image image=&#8221;7327&#8243; img_size=&#8221;large&#8221; alignment=&#8221;right&#8221;][vc_column_text]<\/p>\n<div class=\"product-card-content\">\n<div class=\"product-card-content\">\n<h4>Elektri\u010dna kad z nastavljivo vi\u0161ino<\/h4>\n<\/div>\n<\/div>\n<p>[\/vc_column_text][vc_column_text]<\/p>\n<div class=\"product-card-content\">\n<p>Mo\u010d: Elektri\u010dni<br \/>\nNastavitev vi\u0161ine: 30 cm (61\u201391 cm)<br \/>\nOperacija: Ro\u010dno upravljanje<br \/>\nVelikost: 160 cm \/ 170 cm \/ 180 cm<br \/>\nNajve\u010dja te\u017ea uporabnika: 250 kg vklju\u010dno z uporabnikom in vodo<\/p>\n<\/div>\n<p>[\/vc_column_text]\t\r\n\t\t<a href=\"https:\/\/ropox-com.translate.goog\/product\/bathtub?_x_tr_sl=en&_x_tr_tl=sl&_x_tr_hl=sl&_x_tr_pto=wapp\" target=\"_blank\" class=\"btn btn-primary btn-md \" id=\"\">\r\n    Preberite ve\u010d<\/a>\r\n\r\n\t\t[\/vc_column_inner][vc_column_inner width=&#8221;1\/3&#8243;][\/vc_column_inner][vc_column_inner width=&#8221;1\/3&#8243;][\/vc_column_inner][\/vc_row_inner][vc_empty_space height=&#8221;60px&#8221;][\/vc_column][\/vc_row][vc_row full_width=&#8221;stretch_row&#8221;][vc_column][vc_empty_space height=&#8221;60px&#8221;][vc_row_inner][vc_column_inner width=&#8221;1\/2&#8243;][vc_column_text]<\/p>\n<h3>Za koga je namenjena kad z nastavljivo vi\u0161ino?<\/h3>\n<p>Kad je idealna za starej\u0161e, invalide in vse, ki potrebujejo dodatno oporo med kopanjem. Poleg tega je koristna za negovalce, saj ponuja varnej\u0161i in u\u010dinkovitej\u0161i na\u010din pomo\u010di uporabnikom med kopanjem.[\/vc_column_text][\/vc_column_inner][vc_column_inner width=&#8221;1\/2&#8243;][vc_column_text]<\/p>\n<h3>Zakaj izbrati kad z nastavljivo vi\u0161ino?<\/h3>\n<p>Kad zagotavlja optimalne delovne pogoje za negovalce, saj jo je enostavno nastaviti na idealno delovno vi\u0161ino. Negovalci lahko za pomo\u010d osebi v kad uporabijo tudi mobilno dvigalo, saj je pod kadjo dovolj prostora za noge dvigala.[\/vc_column_text][\/vc_column_inner][\/vc_row_inner][vc_empty_space height=&#8221;60px&#8221;][\/vc_column][\/vc_row][vc_row full_width=&#8221;stretch_row&#8221;][vc_column][vc_empty_space height=&#8221;40px&#8221;][vc_column_text]<\/p>\n<h3 style=\"text-align: left\">Prenosi<\/h3>\n<p>[\/vc_column_text]        \n\t\t\t\t<div class=\"file-wrap \" id=\"\">\n\t\t\t\t\t<a href=\"https:\/\/www.mivam.com\/wp-content\/uploads\/2025\/06\/ropox_bathroom_brochure_1962436_0525_gb.pdf\" target=\"_blank\" class=\"file-dl-btn\">\t\n\t\t\t\t\t\tBro\u0161ura - Ropox kopalnice.pdf 2,50 MB\t\t\t\t\t<div class=\"file-icon-wrapper\">\n\t\t\t\t\t\t<svg width=\"19\" height=\"20\" viewBox=\"0 0 19 20\" fill=\"none\" xmlns=\"http:\/\/www.w3.org\/2000\/svg\">\n<path d=\"M9.55818 14.9683L4.93488 9.96001L5.85875 8.94249L8.9048 12.2413V0H10.2116V12.2413L13.2563 8.94391L14.1815 9.96001L9.55818 14.9683ZM2.5213 19.8125C1.92019 19.8125 1.4184 19.5945 1.01592 19.1586C0.612564 18.7218 0.410889 18.1779 0.410889 17.5269V14.098H1.71764V17.5269C1.71764 17.7439 1.80128 17.9435 1.96854 18.1256C2.13668 18.3067 2.32093 18.3973 2.5213 18.3973H16.5951C16.7954 18.3973 16.9797 18.3067 17.1478 18.1256C17.3151 17.9435 17.3987 17.7439 17.3987 17.5269V14.098H18.7055V17.5269C18.7055 18.1779 18.5042 18.7214 18.1017 19.1572C17.6984 19.594 17.1962 19.8125 16.5951 19.8125H2.5213Z\" fill=\"white\"\/>\n<\/svg>\t\t\t\t\t<\/div>\n\t\t\t\t\t<\/a>\n\t\t\t\t<\/div>\n        \n        [vc_empty_space height=&#8221;40px&#8221;][\/vc_column][\/vc_row]<\/p>\n<\/div>","protected":false},"excerpt":{"rendered":"<div class=\"elementor-element elementor-element-5c6cee60 elementor-widget elementor-widget-theme-archive-title elementor-page-title elementor-widget-heading\" data-id=\"5c6cee60\" data-element_type=\"widget\" data-widget_type=\"theme-archive-title.default\">\n<div class=\"elementor-widget-container\">\n<p class=\"elementor-heading-title elementor-size-default\">Varno kopanje za starej\u0161e in ljudi z omejeno mobilnostjo.<\/p>\n<\/div>\n<\/div>\n","protected":false},"featured_media":7323,"comment_status":"closed","ping_status":"closed","template":"","meta":[],"product_brand":[],"product_cat":[224,71,43,226,76],"product_tag":[470,472,471,362,476,474,475,469,473,432],"class_list":{"0":"post-7322","1":"product","2":"type-product","3":"status-publish","4":"has-post-thumbnail","6":"product_cat-kopalniski-pripomocki","7":"product_cat-dodatki-za-kopalnico","8":"product_cat-toaletno-tusirni-pripomocki","9":"product_cat-pohistvo","10":"product_cat-pohistvo-za-gibalno-ovirane","11":"product_tag-banja","12":"product_tag-elektricno-nastavljiva-banja","13":"product_tag-elektricno-nastavljiva-kad","14":"product_tag-kad","15":"product_tag-kad-za-dom-starejsih","16":"product_tag-kad-za-invalide","17":"product_tag-kad-za-javne-zavode","18":"product_tag-kopalna-kad","19":"product_tag-prilagojena-kad","20":"product_tag-ropox","22":"first","23":"onbackorder","24":"taxable","25":"shipping-taxable","26":"product-type-simple"},"yoast_head":"<!-- This site is optimized with the Yoast SEO plugin v24.0 - https:\/\/yoast.com\/wordpress\/plugins\/seo\/ -->\n<title>Kopalna kad ROPOX - Mi Vam<\/title>\n<meta name=\"description\" content=\"Varno kopanje za starej\u0161e in ljudi z omejeno mobilnostjo.\" \/>\n<meta name=\"robots\" content=\"index, follow, max-snippet:-1, max-image-preview:large, max-video-preview:-1\" \/>\n<link rel=\"canonical\" href=\"https:\/\/www.mivam.com\/izdelek\/kopalna-kad-ropox\/\" \/>\n<meta property=\"og:locale\" content=\"en_US\" \/>\n<meta property=\"og:type\" content=\"article\" \/>\n<meta property=\"og:title\" content=\"Kopalna kad ROPOX - Mi Vam\" \/>\n<meta property=\"og:description\" content=\"Varno kopanje za starej\u0161e in ljudi z omejeno mobilnostjo.\" \/>\n<meta property=\"og:url\" content=\"https:\/\/www.mivam.com\/izdelek\/kopalna-kad-ropox\/\" \/>\n<meta property=\"og:site_name\" content=\"Mi Vam\" \/>\n<meta property=\"article:modified_time\" content=\"2025-06-18T14:26:07+00:00\" \/>\n<meta property=\"og:image\" content=\"https:\/\/www.mivam.com\/wp-content\/uploads\/2025\/06\/40-14158-badekar-skygger-high-res-cropped1-1024x768-1.png\" \/>\n\t<meta property=\"og:image:width\" content=\"1024\" \/>\n\t<meta property=\"og:image:height\" content=\"768\" \/>\n\t<meta property=\"og:image:type\" content=\"image\/png\" \/>\n<meta name=\"twitter:card\" content=\"summary_large_image\" \/>\n<meta name=\"twitter:label1\" content=\"Est. reading time\" \/>\n\t<meta name=\"twitter:data1\" content=\"2 minutes\" \/>\n<script type=\"application\/ld+json\" class=\"yoast-schema-graph\">{\"@context\":\"https:\/\/schema.org\",\"@graph\":[{\"@type\":\"WebPage\",\"@id\":\"https:\/\/www.mivam.com\/izdelek\/kopalna-kad-ropox\/\",\"url\":\"https:\/\/www.mivam.com\/izdelek\/kopalna-kad-ropox\/\",\"name\":\"Kopalna kad ROPOX - Mi Vam\",\"isPartOf\":{\"@id\":\"https:\/\/www.mivam.com\/#website\"},\"primaryImageOfPage\":{\"@id\":\"https:\/\/www.mivam.com\/izdelek\/kopalna-kad-ropox\/#primaryimage\"},\"image\":{\"@id\":\"https:\/\/www.mivam.com\/izdelek\/kopalna-kad-ropox\/#primaryimage\"},\"thumbnailUrl\":\"https:\/\/www.mivam.com\/wp-content\/uploads\/2025\/06\/40-14158-badekar-skygger-high-res-cropped1-1024x768-1.png\",\"datePublished\":\"2025-06-16T07:37:51+00:00\",\"dateModified\":\"2025-06-18T14:26:07+00:00\",\"description\":\"Varno kopanje za starej\u0161e in ljudi z omejeno mobilnostjo.\",\"breadcrumb\":{\"@id\":\"https:\/\/www.mivam.com\/izdelek\/kopalna-kad-ropox\/#breadcrumb\"},\"inLanguage\":\"en-US\",\"potentialAction\":[{\"@type\":\"ReadAction\",\"target\":[\"https:\/\/www.mivam.com\/izdelek\/kopalna-kad-ropox\/\"]}]},{\"@type\":\"ImageObject\",\"inLanguage\":\"en-US\",\"@id\":\"https:\/\/www.mivam.com\/izdelek\/kopalna-kad-ropox\/#primaryimage\",\"url\":\"https:\/\/www.mivam.com\/wp-content\/uploads\/2025\/06\/40-14158-badekar-skygger-high-res-cropped1-1024x768-1.png\",\"contentUrl\":\"https:\/\/www.mivam.com\/wp-content\/uploads\/2025\/06\/40-14158-badekar-skygger-high-res-cropped1-1024x768-1.png\",\"width\":1024,\"height\":768,\"caption\":\"Kopalna kad ROPOX\"},{\"@type\":\"BreadcrumbList\",\"@id\":\"https:\/\/www.mivam.com\/izdelek\/kopalna-kad-ropox\/#breadcrumb\",\"itemListElement\":[{\"@type\":\"ListItem\",\"position\":1,\"name\":\"Domov\",\"item\":\"https:\/\/www.mivam.com\/\"},{\"@type\":\"ListItem\",\"position\":2,\"name\":\"Shop\",\"item\":\"https:\/\/www.mivam.com\/en\/shop\/\"},{\"@type\":\"ListItem\",\"position\":3,\"name\":\"Kopalni\u0161ki pripomo\u010dki\",\"item\":\"https:\/\/www.mivam.com\/kategorija-izdelka\/kopalniski-pripomocki\/\"},{\"@type\":\"ListItem\",\"position\":4,\"name\":\"Kopalna kad ROPOX\"}]},{\"@type\":\"WebSite\",\"@id\":\"https:\/\/www.mivam.com\/#website\",\"url\":\"https:\/\/www.mivam.com\/\",\"name\":\"Mi Vam\",\"description\":\"Medicinski pripomo\u010dki in re\u0161itve za manj odvisno \u017eivljenje.\",\"potentialAction\":[{\"@type\":\"SearchAction\",\"target\":{\"@type\":\"EntryPoint\",\"urlTemplate\":\"https:\/\/www.mivam.com\/?s={search_term_string}\"},\"query-input\":{\"@type\":\"PropertyValueSpecification\",\"valueRequired\":true,\"valueName\":\"search_term_string\"}}],\"inLanguage\":\"en-US\"}]}<\/script>\n<!-- \/ Yoast SEO plugin. -->","yoast_head_json":{"title":"Kopalna kad ROPOX - Mi Vam","description":"Varno kopanje za starej\u0161e in ljudi z omejeno mobilnostjo.","robots":{"index":"index","follow":"follow","max-snippet":"max-snippet:-1","max-image-preview":"max-image-preview:large","max-video-preview":"max-video-preview:-1"},"canonical":"https:\/\/www.mivam.com\/izdelek\/kopalna-kad-ropox\/","og_locale":"en_US","og_type":"article","og_title":"Kopalna kad ROPOX - Mi Vam","og_description":"Varno kopanje za starej\u0161e in ljudi z omejeno mobilnostjo.","og_url":"https:\/\/www.mivam.com\/izdelek\/kopalna-kad-ropox\/","og_site_name":"Mi Vam","article_modified_time":"2025-06-18T14:26:07+00:00","og_image":[{"width":1024,"height":768,"url":"https:\/\/www.mivam.com\/wp-content\/uploads\/2025\/06\/40-14158-badekar-skygger-high-res-cropped1-1024x768-1.png","type":"image\/png"}],"twitter_card":"summary_large_image","twitter_misc":{"Est. reading time":"2 minutes"},"schema":{"@context":"https:\/\/schema.org","@graph":[{"@type":"WebPage","@id":"https:\/\/www.mivam.com\/izdelek\/kopalna-kad-ropox\/","url":"https:\/\/www.mivam.com\/izdelek\/kopalna-kad-ropox\/","name":"Kopalna kad ROPOX - Mi Vam","isPartOf":{"@id":"https:\/\/www.mivam.com\/#website"},"primaryImageOfPage":{"@id":"https:\/\/www.mivam.com\/izdelek\/kopalna-kad-ropox\/#primaryimage"},"image":{"@id":"https:\/\/www.mivam.com\/izdelek\/kopalna-kad-ropox\/#primaryimage"},"thumbnailUrl":"https:\/\/www.mivam.com\/wp-content\/uploads\/2025\/06\/40-14158-badekar-skygger-high-res-cropped1-1024x768-1.png","datePublished":"2025-06-16T07:37:51+00:00","dateModified":"2025-06-18T14:26:07+00:00","description":"Varno kopanje za starej\u0161e in ljudi z omejeno mobilnostjo.","breadcrumb":{"@id":"https:\/\/www.mivam.com\/izdelek\/kopalna-kad-ropox\/#breadcrumb"},"inLanguage":"en-US","potentialAction":[{"@type":"ReadAction","target":["https:\/\/www.mivam.com\/izdelek\/kopalna-kad-ropox\/"]}]},{"@type":"ImageObject","inLanguage":"en-US","@id":"https:\/\/www.mivam.com\/izdelek\/kopalna-kad-ropox\/#primaryimage","url":"https:\/\/www.mivam.com\/wp-content\/uploads\/2025\/06\/40-14158-badekar-skygger-high-res-cropped1-1024x768-1.png","contentUrl":"https:\/\/www.mivam.com\/wp-content\/uploads\/2025\/06\/40-14158-badekar-skygger-high-res-cropped1-1024x768-1.png","width":1024,"height":768,"caption":"Kopalna kad ROPOX"},{"@type":"BreadcrumbList","@id":"https:\/\/www.mivam.com\/izdelek\/kopalna-kad-ropox\/#breadcrumb","itemListElement":[{"@type":"ListItem","position":1,"name":"Domov","item":"https:\/\/www.mivam.com\/"},{"@type":"ListItem","position":2,"name":"Shop","item":"https:\/\/www.mivam.com\/en\/shop\/"},{"@type":"ListItem","position":3,"name":"Kopalni\u0161ki pripomo\u010dki","item":"https:\/\/www.mivam.com\/kategorija-izdelka\/kopalniski-pripomocki\/"},{"@type":"ListItem","position":4,"name":"Kopalna kad ROPOX"}]},{"@type":"WebSite","@id":"https:\/\/www.mivam.com\/#website","url":"https:\/\/www.mivam.com\/","name":"Mi Vam","description":"Medicinski pripomo\u010dki in re\u0161itve za manj odvisno \u017eivljenje.","potentialAction":[{"@type":"SearchAction","target":{"@type":"EntryPoint","urlTemplate":"https:\/\/www.mivam.com\/?s={search_term_string}"},"query-input":{"@type":"PropertyValueSpecification","valueRequired":true,"valueName":"search_term_string"}}],"inLanguage":"en-US"}]}},"_links":{"self":[{"href":"https:\/\/www.mivam.com\/en\/wp-json\/wp\/v2\/product\/7322","targetHints":{"allow":["GET"]}}],"collection":[{"href":"https:\/\/www.mivam.com\/en\/wp-json\/wp\/v2\/product"}],"about":[{"href":"https:\/\/www.mivam.com\/en\/wp-json\/wp\/v2\/types\/product"}],"replies":[{"embeddable":true,"href":"https:\/\/www.mivam.com\/en\/wp-json\/wp\/v2\/comments?post=7322"}],"wp:featuredmedia":[{"embeddable":true,"href":"https:\/\/www.mivam.com\/en\/wp-json\/wp\/v2\/media\/7323"}],"wp:attachment":[{"href":"https:\/\/www.mivam.com\/en\/wp-json\/wp\/v2\/media?parent=7322"}],"wp:term":[{"taxonomy":"product_brand","embeddable":true,"href":"https:\/\/www.mivam.com\/en\/wp-json\/wp\/v2\/product_brand?post=7322"},{"taxonomy":"product_cat","embeddable":true,"href":"https:\/\/www.mivam.com\/en\/wp-json\/wp\/v2\/product_cat?post=7322"},{"taxonomy":"product_tag","embeddable":true,"href":"https:\/\/www.mivam.com\/en\/wp-json\/wp\/v2\/product_tag?post=7322"}],"curies":[{"name":"wp","href":"https:\/\/api.w.org\/{rel}","templated":true}]}}