{"id":7303,"date":"2025-06-16T09:23:32","date_gmt":"2025-06-16T07:23:32","guid":{"rendered":"https:\/\/pisarna.novisplet.com\/dev2\/mivam_old\/?post_type=product&#038;p=7303"},"modified":"2025-06-19T05:13:54","modified_gmt":"2025-06-19T03:13:54","slug":"postelje-za-tusiranje-ropox","status":"publish","type":"product","link":"https:\/\/www.mivam.com\/en\/izdelek\/postelje-za-tusiranje-ropox\/","title":{"rendered":"Postelje za tu\u0161iranje ROPOX"},"content":{"rendered":"<div class=\"wpb-content-wrapper\"><p>[vc_row full_width=&#8221;stretch_row&#8221;][vc_column][vc_column_text]<\/p>\n<h3 style=\"text-align: left\">Nosilci in postelje za tu\u0161iranje z nastavljivo vi\u0161ino<\/h3>\n<p>[\/vc_column_text][vc_column_text]Ropoxovi nosilci in postelje za tu\u0161iranje ponujajo varno in udobno kopalno izku\u0161njo za ljudi z omejeno mobilnostjo. Ta inovativna re\u0161itev je zasnovana tako za uporabnika kot za negovalca, zaradi \u010desar je enostavna za uporabo za obe strani, hkrati pa je varna in higienska. Vsi nosilci in postelje za tu\u0161iranje ponujajo elektri\u010dno nastavitev vi\u0161ine in so na voljo kot mobilni nosilci ali stacionarni le\u017ei\u0161\u010di. Mobilni model zagotavlja enostavno manevriranje in dostop z vseh strani, stacionarni model pa zagotavlja maksimalno stabilnost in oporo.[\/vc_column_text][vc_empty_space height=&#8221;30px&#8221;][\/vc_column][\/vc_row][vc_row full_width=&#8221;stretch_row&#8221; css=&#8221;.vc_custom_1689764110870{background-color: #f8f9fa !important;}&#8221;][vc_column][vc_empty_space height=&#8221;60px&#8221;][vc_column_text]<\/p>\n<h3 style=\"text-align: left\">Izdelki<\/h3>\n<p>[\/vc_column_text][vc_row_inner][vc_column_inner width=&#8221;1\/3&#8243;][vc_single_image image=&#8221;7308&#8243; img_size=&#8221;large&#8221; alignment=&#8221;right&#8221;][vc_column_text]<\/p>\n<div class=\"product-card-content\">\n<div class=\"product-card-content\">\n<h4>Previjalna\/tu\u0161 postelja z nastavljivo vi\u0161ino<\/h4>\n<\/div>\n<\/div>\n<p>[\/vc_column_text][vc_column_text]<\/p>\n<div class=\"product-card-content\">\n<p>Elektri\u010dna nastavitev vi\u0161ine: 70 cm (30\u2013100 cm)<br \/>\nOperacija: Ro\u010dno upravljanje<br \/>\nNajve\u010dja te\u017ea uporabnika: 220 kg<br \/>\nZlo\u017eljivo in stensko: Prihranek prostora<\/p>\n<\/div>\n<p>[\/vc_column_text]\t\r\n\t\t<a href=\"https:\/\/ropox-com.translate.goog\/product\/changing-and-shower-bed?_x_tr_sl=en&_x_tr_tl=sl&_x_tr_hl=sl&_x_tr_pto=wapp\" target=\"_blank\" class=\"btn btn-primary btn-md \" id=\"\">\r\n    Preberite ve\u010d<\/a>\r\n\r\n\t\t[\/vc_column_inner][vc_column_inner width=&#8221;1\/3&#8243;][vc_single_image image=&#8221;7310&#8243; img_size=&#8221;large&#8221; alignment=&#8221;right&#8221;][vc_column_text]<\/p>\n<div class=\"Card-textContent text-left\">\n<div class=\"Card-textContent text-left\">\n<div class=\"Card-textContent text-left\">\n<div class=\"product-card-content\">\n<div class=\"product-card-content\">\n<h4>Mobilio &#8211; Nosilna miza za tu\u0161iranje z nastavljivo vi\u0161ino<\/h4>\n<\/div>\n<\/div>\n<\/div>\n<\/div>\n<\/div>\n<p>[\/vc_column_text][vc_column_text]<\/p>\n<div class=\"Card-textContent text-left\">\n<div class=\"Card-textContent text-left\">\n<div class=\"Card-textContent text-left\">\n<div class=\"product-card-content\">\n<p>Elektri\u010dna nastavitev vi\u0161ine: 40 cm (59\u201399 cm)<br \/>\nOperacija: Ro\u010dno upravljanje<br \/>\nNajve\u010dja te\u017ea uporabnika: 200 kg<br \/>\nSamostoje\u010de<\/p>\n<\/div>\n<\/div>\n<\/div>\n<\/div>\n<p>[\/vc_column_text]\t\r\n\t\t<a href=\"https:\/\/ropox-com.translate.goog\/product\/mobilio-shower-stretcher?_x_tr_sl=en&_x_tr_tl=sl&_x_tr_hl=sl&_x_tr_pto=wapp\" target=\"_blank\" class=\"btn btn-primary btn-md \" id=\"\">\r\n    Preberite ve\u010d<\/a>\r\n\r\n\t\t[\/vc_column_inner][vc_column_inner width=&#8221;1\/3&#8243;][\/vc_column_inner][\/vc_row_inner][vc_empty_space height=&#8221;60px&#8221;][\/vc_column][\/vc_row][vc_row full_width=&#8221;stretch_row&#8221;][vc_column][vc_empty_space height=&#8221;60px&#8221;][vc_row_inner][vc_column_inner width=&#8221;1\/2&#8243;][vc_column_text]<\/p>\n<h3>Za koga so namenjeni nosila in postelje za tu\u0161iranje z nastavljivo vi\u0161ino?<\/h3>\n<p>Paleta nosilnic in postelj za tu\u0161iranje z nastavljivo vi\u0161ino je zasnovana za invalide in starej\u0161e. Zagotavljajo varno in udobno okolje za uporabnike, ki potrebujejo pomo\u010d med prhanjem ali preme\u0161\u010danjem, nastavljiva vi\u0161ina pa je \u0161e posebej koristna za uporabnike z razli\u010dnimi stopnjami mobilnosti. Omogo\u010da spu\u0161\u010danje nosilnice in postelje na raven, ki omogo\u010da enostaven preme\u0161\u010danje z minimalnim naporom, hkrati pa uporabnikom z zadostno mobilnostjo daje mo\u017enost samopomo\u010di. To na koncu spodbuja ob\u010dutek neodvisnosti.[\/vc_column_text][\/vc_column_inner][vc_column_inner width=&#8221;1\/2&#8243;][vc_column_text]<\/p>\n<h3>Zakaj izbrati\u00a0le\u017ei\u0161\u010de ali posteljo za tu\u0161iranje?<\/h3>\n<p>Nosilna le\u017ei\u0161\u010da in postelje za prhanje podjetja Ropox ponujajo znatne prednosti tako za uporabnike kot za negovalce. Za uporabnike postelje zagotavljajo izjemno udobje z lastnostmi, kot so mehke letve, medtem ko opcijska ograja ponuja dodatno varno izku\u0161njo med prhanjem. Zasnova z nastavljivo vi\u0161ino zmanj\u0161uje fizi\u010dno obremenitev negovalcev, kar jim omogo\u010da, da posteljo nastavijo na optimalno delovno vi\u0161ino, kar zmanj\u0161a tveganje za po\u0161kodbe.[\/vc_column_text][\/vc_column_inner][\/vc_row_inner][vc_empty_space height=&#8221;60px&#8221;][\/vc_column][\/vc_row][vc_row full_width=&#8221;stretch_row&#8221;][vc_column][vc_empty_space height=&#8221;40px&#8221;][vc_column_text]<\/p>\n<h3 style=\"text-align: left\">Prenosi<\/h3>\n<p>[\/vc_column_text]        \n\t\t\t\t<div class=\"file-wrap \" id=\"\">\n\t\t\t\t\t<a href=\"https:\/\/www.mivam.com\/wp-content\/uploads\/2025\/06\/ropox_bathroom_brochure_1962436_0525_gb.pdf\" target=\"_blank\" class=\"file-dl-btn\">\t\n\t\t\t\t\t\tBro\u0161ura - Ropox kopalnice.pdf 2,50 MB\t\t\t\t\t<div class=\"file-icon-wrapper\">\n\t\t\t\t\t\t<svg width=\"19\" height=\"20\" viewBox=\"0 0 19 20\" fill=\"none\" xmlns=\"http:\/\/www.w3.org\/2000\/svg\">\n<path d=\"M9.55818 14.9683L4.93488 9.96001L5.85875 8.94249L8.9048 12.2413V0H10.2116V12.2413L13.2563 8.94391L14.1815 9.96001L9.55818 14.9683ZM2.5213 19.8125C1.92019 19.8125 1.4184 19.5945 1.01592 19.1586C0.612564 18.7218 0.410889 18.1779 0.410889 17.5269V14.098H1.71764V17.5269C1.71764 17.7439 1.80128 17.9435 1.96854 18.1256C2.13668 18.3067 2.32093 18.3973 2.5213 18.3973H16.5951C16.7954 18.3973 16.9797 18.3067 17.1478 18.1256C17.3151 17.9435 17.3987 17.7439 17.3987 17.5269V14.098H18.7055V17.5269C18.7055 18.1779 18.5042 18.7214 18.1017 19.1572C17.6984 19.594 17.1962 19.8125 16.5951 19.8125H2.5213Z\" fill=\"white\"\/>\n<\/svg>\t\t\t\t\t<\/div>\n\t\t\t\t\t<\/a>\n\t\t\t\t<\/div>\n        \n        [vc_empty_space height=&#8221;40px&#8221;][\/vc_column][\/vc_row]<\/p>\n<\/div>","protected":false},"excerpt":{"rendered":"<div class=\"elementor-element elementor-element-5c6cee60 elementor-widget elementor-widget-theme-archive-title elementor-page-title elementor-widget-heading\" data-id=\"5c6cee60\" data-element_type=\"widget\" data-widget_type=\"theme-archive-title.default\">\n<div class=\"elementor-widget-container\">\n<p class=\"elementor-heading-title elementor-size-default\">Varna in udobna izku\u0161nja prhanja v le\u017ee\u010dem polo\u017eaju.<\/p>\n<\/div>\n<\/div>\n","protected":false},"featured_media":7306,"comment_status":"closed","ping_status":"closed","template":"","meta":[],"product_brand":[],"product_cat":[224,71,43,226,76],"product_tag":[464,454,465,466,463,461,467,468,432,462],"class_list":{"0":"post-7303","1":"product","2":"type-product","3":"status-publish","4":"has-post-thumbnail","6":"product_cat-kopalniski-pripomocki","7":"product_cat-dodatki-za-kopalnico","8":"product_cat-toaletno-tusirni-pripomocki","9":"product_cat-pohistvo","10":"product_cat-pohistvo-za-gibalno-ovirane","11":"product_tag-elektricno-nastavljiva","12":"product_tag-kopalnica","13":"product_tag-mehansko-nastavljiva","14":"product_tag-nastavljiva-postelja","15":"product_tag-postelja-za-kopalnico","16":"product_tag-postelja-za-tusiranje","17":"product_tag-prilagojena-kopalnica","18":"product_tag-prilagojena-tusirna-postelja","19":"product_tag-ropox","20":"product_tag-tusirna-postelja","22":"first","23":"onbackorder","24":"taxable","25":"shipping-taxable","26":"product-type-simple"},"yoast_head":"<!-- This site is optimized with the Yoast SEO plugin v24.0 - https:\/\/yoast.com\/wordpress\/plugins\/seo\/ -->\n<title>Postelje za tu\u0161iranje ROPOX - Mi Vam<\/title>\n<meta name=\"description\" content=\"Varna in udobna izku\u0161nja prhanja v le\u017ee\u010dem polo\u017eaju.\" \/>\n<meta name=\"robots\" content=\"index, follow, max-snippet:-1, max-image-preview:large, max-video-preview:-1\" \/>\n<link rel=\"canonical\" href=\"https:\/\/www.mivam.com\/izdelek\/postelje-za-tusiranje-ropox\/\" \/>\n<meta property=\"og:locale\" content=\"en_US\" \/>\n<meta property=\"og:type\" content=\"article\" \/>\n<meta property=\"og:title\" content=\"Postelje za tu\u0161iranje ROPOX - Mi Vam\" \/>\n<meta property=\"og:description\" content=\"Varna in udobna izku\u0161nja prhanja v le\u017ee\u010dem polo\u017eaju.\" \/>\n<meta property=\"og:url\" content=\"https:\/\/www.mivam.com\/izdelek\/postelje-za-tusiranje-ropox\/\" \/>\n<meta property=\"og:site_name\" content=\"Mi Vam\" \/>\n<meta property=\"article:modified_time\" content=\"2025-06-19T03:13:54+00:00\" \/>\n<meta property=\"og:image\" content=\"https:\/\/www.mivam.com\/wp-content\/uploads\/2025\/06\/ropox-produkter-135-cropped-scaled-1.jpg\" \/>\n\t<meta property=\"og:image:width\" content=\"2560\" \/>\n\t<meta property=\"og:image:height\" content=\"1700\" \/>\n\t<meta property=\"og:image:type\" content=\"image\/jpeg\" \/>\n<meta name=\"twitter:card\" content=\"summary_large_image\" \/>\n<meta name=\"twitter:label1\" content=\"Est. reading time\" \/>\n\t<meta name=\"twitter:data1\" content=\"3 minutes\" \/>\n<script type=\"application\/ld+json\" class=\"yoast-schema-graph\">{\"@context\":\"https:\/\/schema.org\",\"@graph\":[{\"@type\":\"WebPage\",\"@id\":\"https:\/\/www.mivam.com\/izdelek\/postelje-za-tusiranje-ropox\/\",\"url\":\"https:\/\/www.mivam.com\/izdelek\/postelje-za-tusiranje-ropox\/\",\"name\":\"Postelje za tu\u0161iranje ROPOX - Mi Vam\",\"isPartOf\":{\"@id\":\"https:\/\/www.mivam.com\/#website\"},\"primaryImageOfPage\":{\"@id\":\"https:\/\/www.mivam.com\/izdelek\/postelje-za-tusiranje-ropox\/#primaryimage\"},\"image\":{\"@id\":\"https:\/\/www.mivam.com\/izdelek\/postelje-za-tusiranje-ropox\/#primaryimage\"},\"thumbnailUrl\":\"https:\/\/www.mivam.com\/wp-content\/uploads\/2025\/06\/ropox-produkter-135-cropped-scaled-1.jpg\",\"datePublished\":\"2025-06-16T07:23:32+00:00\",\"dateModified\":\"2025-06-19T03:13:54+00:00\",\"description\":\"Varna in udobna izku\u0161nja prhanja v le\u017ee\u010dem polo\u017eaju.\",\"breadcrumb\":{\"@id\":\"https:\/\/www.mivam.com\/izdelek\/postelje-za-tusiranje-ropox\/#breadcrumb\"},\"inLanguage\":\"en-US\",\"potentialAction\":[{\"@type\":\"ReadAction\",\"target\":[\"https:\/\/www.mivam.com\/izdelek\/postelje-za-tusiranje-ropox\/\"]}]},{\"@type\":\"ImageObject\",\"inLanguage\":\"en-US\",\"@id\":\"https:\/\/www.mivam.com\/izdelek\/postelje-za-tusiranje-ropox\/#primaryimage\",\"url\":\"https:\/\/www.mivam.com\/wp-content\/uploads\/2025\/06\/ropox-produkter-135-cropped-scaled-1.jpg\",\"contentUrl\":\"https:\/\/www.mivam.com\/wp-content\/uploads\/2025\/06\/ropox-produkter-135-cropped-scaled-1.jpg\",\"width\":2560,\"height\":1700,\"caption\":\"Postelje za tu\u0161iranje ROPOX\"},{\"@type\":\"BreadcrumbList\",\"@id\":\"https:\/\/www.mivam.com\/izdelek\/postelje-za-tusiranje-ropox\/#breadcrumb\",\"itemListElement\":[{\"@type\":\"ListItem\",\"position\":1,\"name\":\"Domov\",\"item\":\"https:\/\/www.mivam.com\/\"},{\"@type\":\"ListItem\",\"position\":2,\"name\":\"Shop\",\"item\":\"https:\/\/www.mivam.com\/en\/shop\/\"},{\"@type\":\"ListItem\",\"position\":3,\"name\":\"Kopalni\u0161ki pripomo\u010dki\",\"item\":\"https:\/\/www.mivam.com\/kategorija-izdelka\/kopalniski-pripomocki\/\"},{\"@type\":\"ListItem\",\"position\":4,\"name\":\"Postelje za tu\u0161iranje ROPOX\"}]},{\"@type\":\"WebSite\",\"@id\":\"https:\/\/www.mivam.com\/#website\",\"url\":\"https:\/\/www.mivam.com\/\",\"name\":\"Mi Vam\",\"description\":\"Medicinski pripomo\u010dki in re\u0161itve za manj odvisno \u017eivljenje.\",\"potentialAction\":[{\"@type\":\"SearchAction\",\"target\":{\"@type\":\"EntryPoint\",\"urlTemplate\":\"https:\/\/www.mivam.com\/?s={search_term_string}\"},\"query-input\":{\"@type\":\"PropertyValueSpecification\",\"valueRequired\":true,\"valueName\":\"search_term_string\"}}],\"inLanguage\":\"en-US\"}]}<\/script>\n<!-- \/ Yoast SEO plugin. -->","yoast_head_json":{"title":"Postelje za tu\u0161iranje ROPOX - Mi Vam","description":"Varna in udobna izku\u0161nja prhanja v le\u017ee\u010dem polo\u017eaju.","robots":{"index":"index","follow":"follow","max-snippet":"max-snippet:-1","max-image-preview":"max-image-preview:large","max-video-preview":"max-video-preview:-1"},"canonical":"https:\/\/www.mivam.com\/izdelek\/postelje-za-tusiranje-ropox\/","og_locale":"en_US","og_type":"article","og_title":"Postelje za tu\u0161iranje ROPOX - Mi Vam","og_description":"Varna in udobna izku\u0161nja prhanja v le\u017ee\u010dem polo\u017eaju.","og_url":"https:\/\/www.mivam.com\/izdelek\/postelje-za-tusiranje-ropox\/","og_site_name":"Mi Vam","article_modified_time":"2025-06-19T03:13:54+00:00","og_image":[{"width":2560,"height":1700,"url":"https:\/\/www.mivam.com\/wp-content\/uploads\/2025\/06\/ropox-produkter-135-cropped-scaled-1.jpg","type":"image\/jpeg"}],"twitter_card":"summary_large_image","twitter_misc":{"Est. reading time":"3 minutes"},"schema":{"@context":"https:\/\/schema.org","@graph":[{"@type":"WebPage","@id":"https:\/\/www.mivam.com\/izdelek\/postelje-za-tusiranje-ropox\/","url":"https:\/\/www.mivam.com\/izdelek\/postelje-za-tusiranje-ropox\/","name":"Postelje za tu\u0161iranje ROPOX - Mi Vam","isPartOf":{"@id":"https:\/\/www.mivam.com\/#website"},"primaryImageOfPage":{"@id":"https:\/\/www.mivam.com\/izdelek\/postelje-za-tusiranje-ropox\/#primaryimage"},"image":{"@id":"https:\/\/www.mivam.com\/izdelek\/postelje-za-tusiranje-ropox\/#primaryimage"},"thumbnailUrl":"https:\/\/www.mivam.com\/wp-content\/uploads\/2025\/06\/ropox-produkter-135-cropped-scaled-1.jpg","datePublished":"2025-06-16T07:23:32+00:00","dateModified":"2025-06-19T03:13:54+00:00","description":"Varna in udobna izku\u0161nja prhanja v le\u017ee\u010dem polo\u017eaju.","breadcrumb":{"@id":"https:\/\/www.mivam.com\/izdelek\/postelje-za-tusiranje-ropox\/#breadcrumb"},"inLanguage":"en-US","potentialAction":[{"@type":"ReadAction","target":["https:\/\/www.mivam.com\/izdelek\/postelje-za-tusiranje-ropox\/"]}]},{"@type":"ImageObject","inLanguage":"en-US","@id":"https:\/\/www.mivam.com\/izdelek\/postelje-za-tusiranje-ropox\/#primaryimage","url":"https:\/\/www.mivam.com\/wp-content\/uploads\/2025\/06\/ropox-produkter-135-cropped-scaled-1.jpg","contentUrl":"https:\/\/www.mivam.com\/wp-content\/uploads\/2025\/06\/ropox-produkter-135-cropped-scaled-1.jpg","width":2560,"height":1700,"caption":"Postelje za tu\u0161iranje ROPOX"},{"@type":"BreadcrumbList","@id":"https:\/\/www.mivam.com\/izdelek\/postelje-za-tusiranje-ropox\/#breadcrumb","itemListElement":[{"@type":"ListItem","position":1,"name":"Domov","item":"https:\/\/www.mivam.com\/"},{"@type":"ListItem","position":2,"name":"Shop","item":"https:\/\/www.mivam.com\/en\/shop\/"},{"@type":"ListItem","position":3,"name":"Kopalni\u0161ki pripomo\u010dki","item":"https:\/\/www.mivam.com\/kategorija-izdelka\/kopalniski-pripomocki\/"},{"@type":"ListItem","position":4,"name":"Postelje za tu\u0161iranje ROPOX"}]},{"@type":"WebSite","@id":"https:\/\/www.mivam.com\/#website","url":"https:\/\/www.mivam.com\/","name":"Mi Vam","description":"Medicinski pripomo\u010dki in re\u0161itve za manj odvisno \u017eivljenje.","potentialAction":[{"@type":"SearchAction","target":{"@type":"EntryPoint","urlTemplate":"https:\/\/www.mivam.com\/?s={search_term_string}"},"query-input":{"@type":"PropertyValueSpecification","valueRequired":true,"valueName":"search_term_string"}}],"inLanguage":"en-US"}]}},"_links":{"self":[{"href":"https:\/\/www.mivam.com\/en\/wp-json\/wp\/v2\/product\/7303","targetHints":{"allow":["GET"]}}],"collection":[{"href":"https:\/\/www.mivam.com\/en\/wp-json\/wp\/v2\/product"}],"about":[{"href":"https:\/\/www.mivam.com\/en\/wp-json\/wp\/v2\/types\/product"}],"replies":[{"embeddable":true,"href":"https:\/\/www.mivam.com\/en\/wp-json\/wp\/v2\/comments?post=7303"}],"wp:featuredmedia":[{"embeddable":true,"href":"https:\/\/www.mivam.com\/en\/wp-json\/wp\/v2\/media\/7306"}],"wp:attachment":[{"href":"https:\/\/www.mivam.com\/en\/wp-json\/wp\/v2\/media?parent=7303"}],"wp:term":[{"taxonomy":"product_brand","embeddable":true,"href":"https:\/\/www.mivam.com\/en\/wp-json\/wp\/v2\/product_brand?post=7303"},{"taxonomy":"product_cat","embeddable":true,"href":"https:\/\/www.mivam.com\/en\/wp-json\/wp\/v2\/product_cat?post=7303"},{"taxonomy":"product_tag","embeddable":true,"href":"https:\/\/www.mivam.com\/en\/wp-json\/wp\/v2\/product_tag?post=7303"}],"curies":[{"name":"wp","href":"https:\/\/api.w.org\/{rel}","templated":true}]}}