{"id":7235,"date":"2025-06-16T08:13:29","date_gmt":"2025-06-16T06:13:29","guid":{"rendered":"https:\/\/pisarna.novisplet.com\/dev2\/mivam_old\/?post_type=product&#038;p=7235"},"modified":"2025-06-19T05:16:07","modified_gmt":"2025-06-19T03:16:07","slug":"drzalo-wc-ropox","status":"publish","type":"product","link":"https:\/\/www.mivam.com\/en\/izdelek\/drzalo-wc-ropox\/","title":{"rendered":"Dr\u017ealo WC ROPOX"},"content":{"rendered":"<div class=\"wpb-content-wrapper\"><p>[vc_row full_width=&#8221;stretch_row&#8221;][vc_column][vc_column_text]<\/p>\n<h3 style=\"text-align: left\">Podrobneje<\/h3>\n<p>[\/vc_column_text][vc_column_text]Podporne ro\u010dice za strani\u0161\u010de so odli\u010den pripomo\u010dek, \u010de morate varno vstopati in izstopati iz strani\u0161\u010da. Njihove ergonomske oblike in gumijasta povr\u0161ina zagotavljajo udoben oprijem, povr\u0161ine, ki so prijazne do \u010di\u0161\u010denja, pa optimizirajo higieno. Ker so razli\u010dni modeli zasnovani z razli\u010dnimi vi\u0161inami in nedrse\u010do povr\u0161ino, imate trden oprijem tako v stoje\u010dem kot sede\u010dem polo\u017eaju. Podporne ro\u010dice je mogo\u010de nastaviti po vi\u0161ini (20 cm) z enoto za nastavitev vi\u0161ine, da ustrezajo potrebam posameznega uporabnika. \u010ce potrebujete dodaten prostor v kopalnici, lahko podporne ro\u010dice zlo\u017eite v navpi\u010den polo\u017eaj.[\/vc_column_text][vc_empty_space height=&#8221;30px&#8221;][\/vc_column][\/vc_row][vc_row full_width=&#8221;stretch_row&#8221; css=&#8221;.vc_custom_1689764110870{background-color: #f8f9fa !important;}&#8221;][vc_column][vc_empty_space height=&#8221;60px&#8221;][vc_column_text]<\/p>\n<h3 style=\"text-align: left\">Dodatki<\/h3>\n<p>[\/vc_column_text][vc_row_inner][vc_column_inner width=&#8221;1\/4&#8243;][vc_single_image image=&#8221;7265&#8243; img_size=&#8221;large&#8221; alignment=&#8221;right&#8221;][vc_column_text]<\/p>\n<div class=\"Card-textContent text-left\">\n<div class=\"elementor-element elementor-element-2076f25d elementor-hidden-mobile elementor-widget elementor-widget-woocommerce-product-title elementor-page-title elementor-widget-heading\" data-id=\"2076f25d\" data-element_type=\"widget\" data-widget_type=\"woocommerce-product-title.default\">\n<div class=\"elementor-widget-container\">\n<h4 class=\"product_title entry-title elementor-heading-title elementor-size-default\">Nosilci z nastavljivo vi\u0161ino<\/h4>\n<\/div>\n<\/div>\n<div class=\"elementor-element elementor-element-34dfeac2 elementor-hidden-mobile elementor-widget elementor-widget-woocommerce-product-short-description\" data-id=\"34dfeac2\" data-element_type=\"widget\" data-widget_type=\"woocommerce-product-short-description.default\">\n<div class=\"elementor-widget-container\">\n<div class=\"woocommerce-product-details__short-description\">\n<p>Nosilci za podporne roke za monta\u017eo na steno so na voljo z ali brez uporabe orodja. Obmo\u010dje nastavitve vi\u0161ine je 20 cm.<\/p>\n<\/div>\n<\/div>\n<\/div>\n<\/div>\n<p>[\/vc_column_text][\/vc_column_inner][vc_column_inner width=&#8221;1\/4&#8243;][vc_single_image image=&#8221;7267&#8243; img_size=&#8221;large&#8221; alignment=&#8221;right&#8221;][vc_column_text]<\/p>\n<div class=\"Card-textContent text-left\">\n<div class=\"Card-textContent text-left\">\n<div class=\"Card-textContent text-left\">\n<div class=\"elementor-element elementor-element-2076f25d elementor-hidden-mobile elementor-widget elementor-widget-woocommerce-product-title elementor-page-title elementor-widget-heading\" data-id=\"2076f25d\" data-element_type=\"widget\" data-widget_type=\"woocommerce-product-title.default\">\n<div class=\"elementor-widget-container\">\n<h4 class=\"product_title entry-title elementor-heading-title elementor-size-default\">Dr\u017ealo za toaletni papir<\/h4>\n<\/div>\n<\/div>\n<div class=\"elementor-element elementor-element-34dfeac2 elementor-hidden-mobile elementor-widget elementor-widget-woocommerce-product-short-description\" data-id=\"34dfeac2\" data-element_type=\"widget\" data-widget_type=\"woocommerce-product-short-description.default\">\n<div class=\"elementor-widget-container\">\n<div class=\"woocommerce-product-details__short-description\">\n<p>Dr\u017ealo za toaletni papir, ki se pritrdi na podporne ro\u010dice.<\/p>\n<\/div>\n<\/div>\n<\/div>\n<\/div>\n<\/div>\n<\/div>\n<p>[\/vc_column_text][\/vc_column_inner][vc_column_inner width=&#8221;1\/4&#8243;][vc_single_image image=&#8221;7269&#8243; img_size=&#8221;large&#8221; alignment=&#8221;right&#8221;][vc_column_text]<\/p>\n<div class=\"Card-textContent text-left\">\n<div class=\"Card-textContent text-left\">\n<div class=\"elementor-element elementor-element-2076f25d elementor-hidden-mobile elementor-widget elementor-widget-woocommerce-product-title elementor-page-title elementor-widget-heading\" data-id=\"2076f25d\" data-element_type=\"widget\" data-widget_type=\"woocommerce-product-title.default\">\n<div class=\"elementor-widget-container\">\n<h4 class=\"product_title entry-title elementor-heading-title elementor-size-default\">Dr\u017ealo za upravljanje dvigala za strani\u0161\u010de Ropox<\/h4>\n<\/div>\n<\/div>\n<div class=\"elementor-element elementor-element-34dfeac2 elementor-hidden-mobile elementor-widget elementor-widget-woocommerce-product-short-description\" data-id=\"34dfeac2\" data-element_type=\"widget\" data-widget_type=\"woocommerce-product-short-description.default\">\n<div class=\"elementor-widget-container\">\n<div class=\"woocommerce-product-details__short-description\">\n<p>Nosilec za nadzorno plo\u0161\u010do, ki ga je mogo\u010de namestiti na podporne ro\u010dice.<\/p>\n<\/div>\n<\/div>\n<\/div>\n<\/div>\n<\/div>\n<p>[\/vc_column_text][\/vc_column_inner][vc_column_inner width=&#8221;1\/4&#8243;][vc_single_image image=&#8221;7263&#8243; img_size=&#8221;large&#8221; alignment=&#8221;right&#8221;][vc_column_text]<\/p>\n<div class=\"Card-textContent text-left\">\n<div class=\"Card-textContent text-left\">\n<div class=\"elementor-element elementor-element-2076f25d elementor-hidden-mobile elementor-widget elementor-widget-woocommerce-product-title elementor-page-title elementor-widget-heading\" data-id=\"2076f25d\" data-element_type=\"widget\" data-widget_type=\"woocommerce-product-title.default\">\n<div class=\"elementor-widget-container\">\n<h4 class=\"product_title entry-title elementor-heading-title elementor-size-default\">Nosilci z nastavljivo vi\u0161ino za dvigalo za strani\u0161\u010de<\/h4>\n<\/div>\n<\/div>\n<div class=\"elementor-element elementor-element-34dfeac2 elementor-hidden-mobile elementor-widget elementor-widget-woocommerce-product-short-description\" data-id=\"34dfeac2\" data-element_type=\"widget\" data-widget_type=\"woocommerce-product-short-description.default\">\n<div class=\"elementor-widget-container\">\n<div class=\"woocommerce-product-details__short-description\">\n<p>Nosilci za podporne roke dvigala za strani\u0161\u010de so na voljo v dveh razli\u010dicah: desni in levi.<\/p>\n<\/div>\n<\/div>\n<\/div>\n<\/div>\n<\/div>\n<p>[\/vc_column_text][\/vc_column_inner][\/vc_row_inner][vc_row_inner][vc_column_inner width=&#8221;1\/4&#8243;][vc_column_text]<\/p>\n<div class=\"Card-textContent text-left\">\n<div class=\"elementor-element elementor-element-2076f25d elementor-hidden-mobile elementor-widget elementor-widget-woocommerce-product-title elementor-page-title elementor-widget-heading\" data-id=\"2076f25d\" data-element_type=\"widget\" data-widget_type=\"woocommerce-product-title.default\">\n<div class=\"elementor-widget-container\">\n<h4 class=\"product_title entry-title elementor-heading-title elementor-size-default\">Dr\u017ealo za bide<\/h4>\n<\/div>\n<\/div>\n<div class=\"elementor-element elementor-element-34dfeac2 elementor-hidden-mobile elementor-widget elementor-widget-woocommerce-product-short-description\" data-id=\"34dfeac2\" data-element_type=\"widget\" data-widget_type=\"woocommerce-product-short-description.default\">\n<div class=\"elementor-widget-container\">\n<div class=\"woocommerce-product-details__short-description\">\n<p>Nosilec za nadzorno plo\u0161\u010do za bide, ki ga je mogo\u010de namestiti na podporne ro\u010dice.<\/p>\n<\/div>\n<\/div>\n<\/div>\n<\/div>\n<p>[\/vc_column_text][\/vc_column_inner][vc_column_inner width=&#8221;1\/4&#8243;][\/vc_column_inner][vc_column_inner width=&#8221;1\/4&#8243;][\/vc_column_inner][vc_column_inner width=&#8221;1\/4&#8243;][\/vc_column_inner][\/vc_row_inner][vc_empty_space height=&#8221;60px&#8221;][\/vc_column][\/vc_row][vc_row full_width=&#8221;stretch_row&#8221;][vc_column][vc_empty_space height=&#8221;60px&#8221;][vc_column_text]<\/p>\n<h3 style=\"text-align: left\">Specifikacije<\/h3>\n<p>[\/vc_column_text][vc_column_text]Najve\u010dja te\u017ea uporabnika v skladu z DS\/EN ISO 17966:2016:\u00a0250 kg,\u00a0Modeli s podpornimi nogami: 330 kg<\/p>\n<p>Bo\u010dna izvle\u010dna sila: 150 kg<\/p>\n<p>Nastavitev vi\u0161ine (dodatna oprema): 20 cm<\/p>\n<p>Monta\u017ea: Stenska monta\u017ea<\/p>\n<p>Konfiguracija: Zlo\u017eljivo<\/p>\n<p>Materiali: Aluminij z antimikrobno barvo, PA 6 z antimikrobnim dodatkom, Nerjave\u010de jeklo z antimikrobno barvo, TPU z antimikrobnim dodatkom<\/p>\n<p>Standardna barva: Siva in rde\u010da<\/p>\n<p>Standardno: Izdelano v skladu z naslednjim standardom: DS\/ISO 17966:2016<\/p>\n<p>Certificiranje: CE certificirano[\/vc_column_text][vc_empty_space height=&#8221;60px&#8221;][\/vc_column][\/vc_row][vc_row full_width=&#8221;stretch_row&#8221; css=&#8221;.vc_custom_1746797759293{background-color: #f8f9fa !important;}&#8221;][vc_column][vc_empty_space height=&#8221;60px&#8221;][vc_column_text]<\/p>\n<h3 style=\"text-align: left\">Dimenzije<\/h3>\n<p>[\/vc_column_text][vc_row_inner][vc_column_inner width=&#8221;1\/4&#8243;][\/vc_column_inner][vc_column_inner width=&#8221;1\/2&#8243;][vc_single_image image=&#8221;7177&#8243; alignment=&#8221;center&#8221;][\/vc_column_inner][vc_column_inner width=&#8221;1\/4&#8243;][\/vc_column_inner][\/vc_row_inner][vc_empty_space height=&#8221;60px&#8221;][\/vc_column][\/vc_row][vc_row full_width=&#8221;stretch_row&#8221;][vc_column][vc_empty_space height=&#8221;40px&#8221;][vc_column_text]<\/p>\n<h3 style=\"text-align: left\">Prenosi<\/h3>\n<p>[\/vc_column_text]        \n\t\t\t\t<div class=\"file-wrap \" id=\"\">\n\t\t\t\t\t<a href=\"https:\/\/www.mivam.com\/wp-content\/uploads\/2025\/06\/ropox_bathroom_brochure_1962436_0525_gb.pdf\" target=\"_blank\" class=\"file-dl-btn\">\t\n\t\t\t\t\t\tBro\u0161ura - Ropox kopalnice.pdf 2,50 MB\t\t\t\t\t<div class=\"file-icon-wrapper\">\n\t\t\t\t\t\t<svg width=\"19\" height=\"20\" viewBox=\"0 0 19 20\" fill=\"none\" xmlns=\"http:\/\/www.w3.org\/2000\/svg\">\n<path d=\"M9.55818 14.9683L4.93488 9.96001L5.85875 8.94249L8.9048 12.2413V0H10.2116V12.2413L13.2563 8.94391L14.1815 9.96001L9.55818 14.9683ZM2.5213 19.8125C1.92019 19.8125 1.4184 19.5945 1.01592 19.1586C0.612564 18.7218 0.410889 18.1779 0.410889 17.5269V14.098H1.71764V17.5269C1.71764 17.7439 1.80128 17.9435 1.96854 18.1256C2.13668 18.3067 2.32093 18.3973 2.5213 18.3973H16.5951C16.7954 18.3973 16.9797 18.3067 17.1478 18.1256C17.3151 17.9435 17.3987 17.7439 17.3987 17.5269V14.098H18.7055V17.5269C18.7055 18.1779 18.5042 18.7214 18.1017 19.1572C17.6984 19.594 17.1962 19.8125 16.5951 19.8125H2.5213Z\" fill=\"white\"\/>\n<\/svg>\t\t\t\t\t<\/div>\n\t\t\t\t\t<\/a>\n\t\t\t\t<\/div>\n        \n        [vc_empty_space height=&#8221;40px&#8221;][\/vc_column][\/vc_row]<\/p>\n<\/div>","protected":false},"excerpt":{"rendered":"<p>Na voljo so stenske in zlo\u017eljive podporne ro\u010dice za strani\u0161\u010de z nastavitvijo vi\u0161ine. Podporne ro\u010dice se lahko uporabljajo z dvigalom za strani\u0161\u010de Ropox.<\/p>\n<p><strong>Oblika rok:<\/strong><\/p>\n<ul>\n<li>Ravno<\/li>\n<li>Val<\/li>\n<li>Ravno z nogo<\/li>\n<li>Val z nogo<\/li>\n<\/ul>\n<p><strong>Dol\u017eina rok:<\/strong><\/p>\n<ul>\n<li>90 cm<\/li>\n<li>76 cm<\/li>\n<li>66 cm<\/li>\n<\/ul>\n<p><strong>Barva:<\/strong><\/p>\n<ul>\n<li>Rde\u010da<\/li>\n<li>Siva<\/li>\n<\/ul>\n<p>Oblike: Ravne in valovite<br \/>\nDol\u017eina: 90 cm \/ 76 cm \/ 66 cm<br \/>\nNajve\u010dja te\u017ea uporabnika: 250 kg \/ 330 kg<br \/>\nBarva gumene povr\u0161ine: Siva \/ Rde\u010da<\/p>\n","protected":false},"featured_media":7250,"comment_status":"closed","ping_status":"closed","template":"","meta":[],"product_brand":[],"product_cat":[224,71,43],"product_tag":[448,447,446,351,444,295,445,432,343],"class_list":{"0":"post-7235","1":"product","2":"type-product","3":"status-publish","4":"has-post-thumbnail","6":"product_cat-kopalniski-pripomocki","7":"product_cat-dodatki-za-kopalnico","8":"product_cat-toaletno-tusirni-pripomocki","9":"product_tag-66-cm","10":"product_tag-76-cm","11":"product_tag-90-cm","12":"product_tag-drzalo","13":"product_tag-drzalo-za-wc","14":"product_tag-nosilnost","15":"product_tag-odmicno-drzalo","16":"product_tag-ropox","17":"product_tag-wc","19":"first","20":"onbackorder","21":"taxable","22":"shipping-taxable","23":"product-type-simple"},"yoast_head":"<!-- This site is optimized with the Yoast SEO plugin v24.0 - https:\/\/yoast.com\/wordpress\/plugins\/seo\/ -->\n<title>Dr\u017ealo WC ROPOX - Mi Vam<\/title>\n<meta name=\"description\" content=\"Na voljo so stenske in zlo\u017eljive podporne ro\u010dice za strani\u0161\u010de z nastavitvijo vi\u0161ine. Podporne ro\u010dice se lahko uporabljajo z dvigalom za strani\u0161\u010de Ropox.  Oblika rok:   Ravno  Val  Ravno z nogo  Val z nogo  Dol\u017eina rok:   90 cm  76 cm  66 cm  Barva:   Rde\u010da  Siva  Oblike: Ravne in valovite Dol\u017eina: 90 cm \/ 76 cm \/ 66 cm Najve\u010dja te\u017ea uporabnika: 250 kg \/ 330 kg Barva gumene povr\u0161ine: Siva \/ Rde\u010da\" \/>\n<meta name=\"robots\" content=\"index, follow, max-snippet:-1, max-image-preview:large, max-video-preview:-1\" \/>\n<link rel=\"canonical\" href=\"https:\/\/www.mivam.com\/izdelek\/drzalo-wc-ropox\/\" \/>\n<meta property=\"og:locale\" content=\"en_US\" \/>\n<meta property=\"og:type\" content=\"article\" \/>\n<meta property=\"og:title\" content=\"Dr\u017ealo WC ROPOX - Mi Vam\" \/>\n<meta property=\"og:description\" content=\"Na voljo so stenske in zlo\u017eljive podporne ro\u010dice za strani\u0161\u010de z nastavitvijo vi\u0161ine. Podporne ro\u010dice se lahko uporabljajo z dvigalom za strani\u0161\u010de Ropox.  Oblika rok:   Ravno  Val  Ravno z nogo  Val z nogo  Dol\u017eina rok:   90 cm  76 cm  66 cm  Barva:   Rde\u010da  Siva  Oblike: Ravne in valovite Dol\u017eina: 90 cm \/ 76 cm \/ 66 cm Najve\u010dja te\u017ea uporabnika: 250 kg \/ 330 kg Barva gumene povr\u0161ine: Siva \/ Rde\u010da\" \/>\n<meta property=\"og:url\" content=\"https:\/\/www.mivam.com\/izdelek\/drzalo-wc-ropox\/\" \/>\n<meta property=\"og:site_name\" content=\"Mi Vam\" \/>\n<meta property=\"article:modified_time\" content=\"2025-06-19T03:16:07+00:00\" \/>\n<meta property=\"og:image\" content=\"https:\/\/www.mivam.com\/wp-content\/uploads\/2025\/06\/toiletstotte-wave-76-skygger.jpg\" \/>\n\t<meta property=\"og:image:width\" content=\"1024\" \/>\n\t<meta property=\"og:image:height\" content=\"1024\" \/>\n\t<meta property=\"og:image:type\" content=\"image\/jpeg\" \/>\n<meta name=\"twitter:card\" content=\"summary_large_image\" \/>\n<meta name=\"twitter:label1\" content=\"Est. reading time\" \/>\n\t<meta name=\"twitter:data1\" content=\"3 minutes\" \/>\n<script type=\"application\/ld+json\" class=\"yoast-schema-graph\">{\"@context\":\"https:\/\/schema.org\",\"@graph\":[{\"@type\":\"WebPage\",\"@id\":\"https:\/\/www.mivam.com\/izdelek\/drzalo-wc-ropox\/\",\"url\":\"https:\/\/www.mivam.com\/izdelek\/drzalo-wc-ropox\/\",\"name\":\"Dr\u017ealo WC ROPOX - Mi Vam\",\"isPartOf\":{\"@id\":\"https:\/\/www.mivam.com\/#website\"},\"primaryImageOfPage\":{\"@id\":\"https:\/\/www.mivam.com\/izdelek\/drzalo-wc-ropox\/#primaryimage\"},\"image\":{\"@id\":\"https:\/\/www.mivam.com\/izdelek\/drzalo-wc-ropox\/#primaryimage\"},\"thumbnailUrl\":\"https:\/\/www.mivam.com\/wp-content\/uploads\/2025\/06\/toiletstotte-wave-76-skygger.jpg\",\"datePublished\":\"2025-06-16T06:13:29+00:00\",\"dateModified\":\"2025-06-19T03:16:07+00:00\",\"description\":\"Na voljo so stenske in zlo\u017eljive podporne ro\u010dice za strani\u0161\u010de z nastavitvijo vi\u0161ine. Podporne ro\u010dice se lahko uporabljajo z dvigalom za strani\u0161\u010de Ropox. Oblika rok: Ravno Val Ravno z nogo Val z nogo Dol\u017eina rok: 90 cm 76 cm 66 cm Barva: Rde\u010da Siva Oblike: Ravne in valovite Dol\u017eina: 90 cm \/ 76 cm \/ 66 cm Najve\u010dja te\u017ea uporabnika: 250 kg \/ 330 kg Barva gumene povr\u0161ine: Siva \/ Rde\u010da\",\"breadcrumb\":{\"@id\":\"https:\/\/www.mivam.com\/izdelek\/drzalo-wc-ropox\/#breadcrumb\"},\"inLanguage\":\"en-US\",\"potentialAction\":[{\"@type\":\"ReadAction\",\"target\":[\"https:\/\/www.mivam.com\/izdelek\/drzalo-wc-ropox\/\"]}]},{\"@type\":\"ImageObject\",\"inLanguage\":\"en-US\",\"@id\":\"https:\/\/www.mivam.com\/izdelek\/drzalo-wc-ropox\/#primaryimage\",\"url\":\"https:\/\/www.mivam.com\/wp-content\/uploads\/2025\/06\/toiletstotte-wave-76-skygger.jpg\",\"contentUrl\":\"https:\/\/www.mivam.com\/wp-content\/uploads\/2025\/06\/toiletstotte-wave-76-skygger.jpg\",\"width\":1024,\"height\":1024,\"caption\":\"Dr\u017ealo WC ROPOX\"},{\"@type\":\"BreadcrumbList\",\"@id\":\"https:\/\/www.mivam.com\/izdelek\/drzalo-wc-ropox\/#breadcrumb\",\"itemListElement\":[{\"@type\":\"ListItem\",\"position\":1,\"name\":\"Domov\",\"item\":\"https:\/\/www.mivam.com\/\"},{\"@type\":\"ListItem\",\"position\":2,\"name\":\"Shop\",\"item\":\"https:\/\/www.mivam.com\/en\/shop\/\"},{\"@type\":\"ListItem\",\"position\":3,\"name\":\"Kopalni\u0161ki pripomo\u010dki\",\"item\":\"https:\/\/www.mivam.com\/kategorija-izdelka\/kopalniski-pripomocki\/\"},{\"@type\":\"ListItem\",\"position\":4,\"name\":\"Dr\u017ealo WC ROPOX\"}]},{\"@type\":\"WebSite\",\"@id\":\"https:\/\/www.mivam.com\/#website\",\"url\":\"https:\/\/www.mivam.com\/\",\"name\":\"Mi Vam\",\"description\":\"Medicinski pripomo\u010dki in re\u0161itve za manj odvisno \u017eivljenje.\",\"potentialAction\":[{\"@type\":\"SearchAction\",\"target\":{\"@type\":\"EntryPoint\",\"urlTemplate\":\"https:\/\/www.mivam.com\/?s={search_term_string}\"},\"query-input\":{\"@type\":\"PropertyValueSpecification\",\"valueRequired\":true,\"valueName\":\"search_term_string\"}}],\"inLanguage\":\"en-US\"}]}<\/script>\n<!-- \/ Yoast SEO plugin. -->","yoast_head_json":{"title":"Dr\u017ealo WC ROPOX - Mi Vam","description":"Na voljo so stenske in zlo\u017eljive podporne ro\u010dice za strani\u0161\u010de z nastavitvijo vi\u0161ine. Podporne ro\u010dice se lahko uporabljajo z dvigalom za strani\u0161\u010de Ropox.  Oblika rok:   Ravno  Val  Ravno z nogo  Val z nogo  Dol\u017eina rok:   90 cm  76 cm  66 cm  Barva:   Rde\u010da  Siva  Oblike: Ravne in valovite Dol\u017eina: 90 cm \/ 76 cm \/ 66 cm Najve\u010dja te\u017ea uporabnika: 250 kg \/ 330 kg Barva gumene povr\u0161ine: Siva \/ Rde\u010da","robots":{"index":"index","follow":"follow","max-snippet":"max-snippet:-1","max-image-preview":"max-image-preview:large","max-video-preview":"max-video-preview:-1"},"canonical":"https:\/\/www.mivam.com\/izdelek\/drzalo-wc-ropox\/","og_locale":"en_US","og_type":"article","og_title":"Dr\u017ealo WC ROPOX - Mi Vam","og_description":"Na voljo so stenske in zlo\u017eljive podporne ro\u010dice za strani\u0161\u010de z nastavitvijo vi\u0161ine. Podporne ro\u010dice se lahko uporabljajo z dvigalom za strani\u0161\u010de Ropox.  Oblika rok:   Ravno  Val  Ravno z nogo  Val z nogo  Dol\u017eina rok:   90 cm  76 cm  66 cm  Barva:   Rde\u010da  Siva  Oblike: Ravne in valovite Dol\u017eina: 90 cm \/ 76 cm \/ 66 cm Najve\u010dja te\u017ea uporabnika: 250 kg \/ 330 kg Barva gumene povr\u0161ine: Siva \/ Rde\u010da","og_url":"https:\/\/www.mivam.com\/izdelek\/drzalo-wc-ropox\/","og_site_name":"Mi Vam","article_modified_time":"2025-06-19T03:16:07+00:00","og_image":[{"width":1024,"height":1024,"url":"https:\/\/www.mivam.com\/wp-content\/uploads\/2025\/06\/toiletstotte-wave-76-skygger.jpg","type":"image\/jpeg"}],"twitter_card":"summary_large_image","twitter_misc":{"Est. reading time":"3 minutes"},"schema":{"@context":"https:\/\/schema.org","@graph":[{"@type":"WebPage","@id":"https:\/\/www.mivam.com\/izdelek\/drzalo-wc-ropox\/","url":"https:\/\/www.mivam.com\/izdelek\/drzalo-wc-ropox\/","name":"Dr\u017ealo WC ROPOX - Mi Vam","isPartOf":{"@id":"https:\/\/www.mivam.com\/#website"},"primaryImageOfPage":{"@id":"https:\/\/www.mivam.com\/izdelek\/drzalo-wc-ropox\/#primaryimage"},"image":{"@id":"https:\/\/www.mivam.com\/izdelek\/drzalo-wc-ropox\/#primaryimage"},"thumbnailUrl":"https:\/\/www.mivam.com\/wp-content\/uploads\/2025\/06\/toiletstotte-wave-76-skygger.jpg","datePublished":"2025-06-16T06:13:29+00:00","dateModified":"2025-06-19T03:16:07+00:00","description":"Na voljo so stenske in zlo\u017eljive podporne ro\u010dice za strani\u0161\u010de z nastavitvijo vi\u0161ine. Podporne ro\u010dice se lahko uporabljajo z dvigalom za strani\u0161\u010de Ropox. Oblika rok: Ravno Val Ravno z nogo Val z nogo Dol\u017eina rok: 90 cm 76 cm 66 cm Barva: Rde\u010da Siva Oblike: Ravne in valovite Dol\u017eina: 90 cm \/ 76 cm \/ 66 cm Najve\u010dja te\u017ea uporabnika: 250 kg \/ 330 kg Barva gumene povr\u0161ine: Siva \/ Rde\u010da","breadcrumb":{"@id":"https:\/\/www.mivam.com\/izdelek\/drzalo-wc-ropox\/#breadcrumb"},"inLanguage":"en-US","potentialAction":[{"@type":"ReadAction","target":["https:\/\/www.mivam.com\/izdelek\/drzalo-wc-ropox\/"]}]},{"@type":"ImageObject","inLanguage":"en-US","@id":"https:\/\/www.mivam.com\/izdelek\/drzalo-wc-ropox\/#primaryimage","url":"https:\/\/www.mivam.com\/wp-content\/uploads\/2025\/06\/toiletstotte-wave-76-skygger.jpg","contentUrl":"https:\/\/www.mivam.com\/wp-content\/uploads\/2025\/06\/toiletstotte-wave-76-skygger.jpg","width":1024,"height":1024,"caption":"Dr\u017ealo WC ROPOX"},{"@type":"BreadcrumbList","@id":"https:\/\/www.mivam.com\/izdelek\/drzalo-wc-ropox\/#breadcrumb","itemListElement":[{"@type":"ListItem","position":1,"name":"Domov","item":"https:\/\/www.mivam.com\/"},{"@type":"ListItem","position":2,"name":"Shop","item":"https:\/\/www.mivam.com\/en\/shop\/"},{"@type":"ListItem","position":3,"name":"Kopalni\u0161ki pripomo\u010dki","item":"https:\/\/www.mivam.com\/kategorija-izdelka\/kopalniski-pripomocki\/"},{"@type":"ListItem","position":4,"name":"Dr\u017ealo WC ROPOX"}]},{"@type":"WebSite","@id":"https:\/\/www.mivam.com\/#website","url":"https:\/\/www.mivam.com\/","name":"Mi Vam","description":"Medicinski pripomo\u010dki in re\u0161itve za manj odvisno \u017eivljenje.","potentialAction":[{"@type":"SearchAction","target":{"@type":"EntryPoint","urlTemplate":"https:\/\/www.mivam.com\/?s={search_term_string}"},"query-input":{"@type":"PropertyValueSpecification","valueRequired":true,"valueName":"search_term_string"}}],"inLanguage":"en-US"}]}},"_links":{"self":[{"href":"https:\/\/www.mivam.com\/en\/wp-json\/wp\/v2\/product\/7235","targetHints":{"allow":["GET"]}}],"collection":[{"href":"https:\/\/www.mivam.com\/en\/wp-json\/wp\/v2\/product"}],"about":[{"href":"https:\/\/www.mivam.com\/en\/wp-json\/wp\/v2\/types\/product"}],"replies":[{"embeddable":true,"href":"https:\/\/www.mivam.com\/en\/wp-json\/wp\/v2\/comments?post=7235"}],"wp:featuredmedia":[{"embeddable":true,"href":"https:\/\/www.mivam.com\/en\/wp-json\/wp\/v2\/media\/7250"}],"wp:attachment":[{"href":"https:\/\/www.mivam.com\/en\/wp-json\/wp\/v2\/media?parent=7235"}],"wp:term":[{"taxonomy":"product_brand","embeddable":true,"href":"https:\/\/www.mivam.com\/en\/wp-json\/wp\/v2\/product_brand?post=7235"},{"taxonomy":"product_cat","embeddable":true,"href":"https:\/\/www.mivam.com\/en\/wp-json\/wp\/v2\/product_cat?post=7235"},{"taxonomy":"product_tag","embeddable":true,"href":"https:\/\/www.mivam.com\/en\/wp-json\/wp\/v2\/product_tag?post=7235"}],"curies":[{"name":"wp","href":"https:\/\/api.w.org\/{rel}","templated":true}]}}