{"id":7211,"date":"2025-06-16T06:25:23","date_gmt":"2025-06-16T04:25:23","guid":{"rendered":"https:\/\/pisarna.novisplet.com\/dev2\/mivam_old\/?post_type=product&#038;p=7211"},"modified":"2025-06-19T05:18:40","modified_gmt":"2025-06-19T03:18:40","slug":"ergo-miza-mehansko-nastavljiva","status":"publish","type":"product","link":"https:\/\/www.mivam.com\/en\/izdelek\/ergo-miza-mehansko-nastavljiva\/","title":{"rendered":"ERGO miza \u2013 mehansko nastavljiva"},"content":{"rendered":"<div class=\"wpb-content-wrapper\"><p>[vc_row full_width=&#8221;stretch_row&#8221;][vc_column][vc_column_text]Ergo miza ima nagibno povr\u0161ino in ro\u010dno nastavitev vi\u0161ine. Vi\u0161ino mize lahko nastavite z ro\u010dajem (56\u201390 cm), in ker miza nima pre\u010dk, lahko uporabniki invalidskih vozi\u010dkov enostavno dostopajo do mize.<\/p>\n<p>Nagibna mizna plo\u0161\u010da (0\u201354\u00b0) omogo\u010da enostaven dostop do nje in skraj\u0161a vizualno razdaljo do dokumentov na mizi. Nastavljiva mizna plo\u0161\u010da ima mat povr\u0161ino, zato ni mote\u010dega ble\u0161\u010danja.<\/p>\n<p>Po potrebi lahko uporabite naslone za roke, da razbremenite podlakti in zagotovite rahlo oporo telesu za bolj uravnote\u017een sede\u010di polo\u017eaj.[\/vc_column_text][\/vc_column][\/vc_row][vc_row full_width=&#8221;stretch_row&#8221; css=&#8221;.vc_custom_1689764110870{background-color: #f8f9fa !important;}&#8221;][vc_column][vc_empty_space height=&#8221;60px&#8221;][vc_column_text]<\/p>\n<h3 style=\"text-align: left\">Dodatki<\/h3>\n<p>[\/vc_column_text][vc_row_inner][vc_column_inner width=&#8221;1\/4&#8243;][vc_single_image image=&#8221;7191&#8243; img_size=&#8221;large&#8221; alignment=&#8221;right&#8221;][vc_column_text]<\/p>\n<div class=\"Card-textContent text-left\">\n<div class=\"elementor-element elementor-element-2076f25d elementor-hidden-mobile elementor-widget elementor-widget-woocommerce-product-title elementor-page-title elementor-widget-heading\" data-id=\"2076f25d\" data-element_type=\"widget\" data-widget_type=\"woocommerce-product-title.default\">\n<div class=\"elementor-widget-container\">\n<h4 class=\"product_title entry-title elementor-heading-title elementor-size-default\">Podpora za roke<\/h4>\n<\/div>\n<\/div>\n<div class=\"elementor-element elementor-element-34dfeac2 elementor-hidden-mobile elementor-widget elementor-widget-woocommerce-product-short-description\" data-id=\"34dfeac2\" data-element_type=\"widget\" data-widget_type=\"woocommerce-product-short-description.default\">\n<div class=\"elementor-widget-container\">\n<div class=\"woocommerce-product-details__short-description\">\n<p>Dodatna opora za roke \u2013 enostavno jo je mogo\u010de pritrditi na mizo in nastaviti, vklju\u010dno z torbo in kavljem. Najve\u010dja uporabni\u0161ka obremenitev 25 kg na roko.<\/p>\n<\/div>\n<\/div>\n<\/div>\n<\/div>\n<p>[\/vc_column_text][\/vc_column_inner][vc_column_inner width=&#8221;1\/4&#8243;][vc_single_image image=&#8221;7227&#8243; img_size=&#8221;large&#8221; alignment=&#8221;right&#8221;][vc_column_text]<\/p>\n<div class=\"Card-textContent text-left\">\n<div class=\"Card-textContent text-left\">\n<div class=\"Card-textContent text-left\">\n<div class=\"elementor-element elementor-element-2076f25d elementor-hidden-mobile elementor-widget elementor-widget-woocommerce-product-title elementor-page-title elementor-widget-heading\" data-id=\"2076f25d\" data-element_type=\"widget\" data-widget_type=\"woocommerce-product-title.default\">\n<div class=\"elementor-widget-container\">\n<h4 class=\"product_title entry-title elementor-heading-title elementor-size-default\">Tovarni\u0161ko name\u0161\u010dena kolesa \u2013 Ergo<\/h4>\n<\/div>\n<\/div>\n<div class=\"elementor-element elementor-element-34dfeac2 elementor-hidden-mobile elementor-widget elementor-widget-woocommerce-product-short-description\" data-id=\"34dfeac2\" data-element_type=\"widget\" data-widget_type=\"woocommerce-product-short-description.default\">\n<div class=\"elementor-widget-container\">\n<div class=\"woocommerce-product-details__short-description\">\n<p>Tovarni\u0161ko vgrajena zavorna kolesa (komplet), ki omogo\u010dajo enostavno premikanje mize. Ne pove\u010dajo vi\u0161ine mize. Naro\u010deno z mizo.<\/p>\n<\/div>\n<\/div>\n<\/div>\n<\/div>\n<\/div>\n<\/div>\n<p>[\/vc_column_text][\/vc_column_inner][vc_column_inner width=&#8221;1\/4&#8243;][vc_single_image image=&#8221;7227&#8243; img_size=&#8221;large&#8221; alignment=&#8221;right&#8221;][vc_column_text]<\/p>\n<div class=\"Card-textContent text-left\">\n<div class=\"Card-textContent text-left\">\n<div class=\"elementor-element elementor-element-2076f25d elementor-hidden-mobile elementor-widget elementor-widget-woocommerce-product-title elementor-page-title elementor-widget-heading\" data-id=\"2076f25d\" data-element_type=\"widget\" data-widget_type=\"woocommerce-product-title.default\">\n<div class=\"elementor-widget-container\">\n<h4 class=\"product_title entry-title elementor-heading-title elementor-size-default\"><span class=\"VIpgJd-yAWNEb-VIpgJd-fmcmS-sn54Q\">Kolesa za ponovno naro\u010danje \u2013 Ergo<\/span><\/h4>\n<\/div>\n<\/div>\n<div class=\"elementor-element elementor-element-34dfeac2 elementor-hidden-mobile elementor-widget elementor-widget-woocommerce-product-short-description\" data-id=\"34dfeac2\" data-element_type=\"widget\" data-widget_type=\"woocommerce-product-short-description.default\">\n<div class=\"elementor-widget-container\">\n<div class=\"woocommerce-product-details__short-description\">\n<p>Zavorna kolesa za naknadno vgradnjo (komplet), ki omogo\u010dajo enostavno premikanje mize. Ne pove\u010dajo vi\u0161ine mize.<\/p>\n<\/div>\n<\/div>\n<\/div>\n<\/div>\n<\/div>\n<p>[\/vc_column_text][\/vc_column_inner][vc_column_inner width=&#8221;1\/4&#8243;][vc_single_image image=&#8221;7229&#8243; img_size=&#8221;large&#8221; alignment=&#8221;right&#8221;][vc_column_text]<\/p>\n<div class=\"Card-textContent text-left\">\n<div class=\"Card-textContent text-left\">\n<div class=\"elementor-element elementor-element-2076f25d elementor-hidden-mobile elementor-widget elementor-widget-woocommerce-product-title elementor-page-title elementor-widget-heading\" data-id=\"2076f25d\" data-element_type=\"widget\" data-widget_type=\"woocommerce-product-title.default\">\n<div class=\"elementor-widget-container\">\n<h4 class=\"product_title entry-title elementor-heading-title elementor-size-default\">Zavorna kolesa z mo\u017enostjo pove\u010danja vi\u0161ine<\/h4>\n<\/div>\n<\/div>\n<div class=\"elementor-element elementor-element-34dfeac2 elementor-hidden-mobile elementor-widget elementor-widget-woocommerce-product-short-description\" data-id=\"34dfeac2\" data-element_type=\"widget\" data-widget_type=\"woocommerce-product-short-description.default\">\n<div class=\"elementor-widget-container\">\n<div class=\"woocommerce-product-details__short-description\">\n<p>Zavorna kolesa (4 kos.), ki pove\u010dajo vi\u0161ino mize za +8 cm.<\/p>\n<\/div>\n<\/div>\n<\/div>\n<\/div>\n<\/div>\n<p>[\/vc_column_text][\/vc_column_inner][\/vc_row_inner][vc_row_inner][vc_column_inner width=&#8221;1\/4&#8243;][vc_single_image image=&#8221;7231&#8243; img_size=&#8221;large&#8221; alignment=&#8221;right&#8221;][vc_column_text]<\/p>\n<div class=\"Card-textContent text-left\">\n<h4 class=\"Card-heading u-headerXs\">Podporno ravnilo<\/h4>\n<p class=\"Card-heading u-headerXs\">Podporno ravnilo, ki ga lahko namestite \u010dez celotno povr\u0161ino mize za dr\u017eanje papirja ali knjige. Na voljo je v razli\u010dnih dol\u017einah, odvisno od modela mize in dol\u017eine povr\u0161ine mize. Uporablja se lahko samo na mizah z nagnjenim polo\u017eajem.<\/p>\n<\/div>\n<p>[\/vc_column_text][\/vc_column_inner][vc_column_inner width=&#8221;1\/4&#8243;][vc_single_image image=&#8221;7233&#8243; img_size=&#8221;large&#8221; alignment=&#8221;right&#8221;][vc_column_text]<\/p>\n<div class=\"Card-textContent text-left\">\n<div class=\"elementor-element elementor-element-2076f25d elementor-hidden-mobile elementor-widget elementor-widget-woocommerce-product-title elementor-page-title elementor-widget-heading\" data-id=\"2076f25d\" data-element_type=\"widget\" data-widget_type=\"woocommerce-product-title.default\">\n<div class=\"elementor-widget-container\">\n<h4 class=\"product_title entry-title elementor-heading-title elementor-size-default\">Opora za roke<\/h4>\n<\/div>\n<\/div>\n<div class=\"elementor-element elementor-element-34dfeac2 elementor-hidden-mobile elementor-widget elementor-widget-woocommerce-product-short-description\" data-id=\"34dfeac2\" data-element_type=\"widget\" data-widget_type=\"woocommerce-product-short-description.default\">\n<div class=\"elementor-widget-container\">\n<div class=\"woocommerce-product-details__short-description\">\n<p>Tirnica je name\u0161\u010dena pod mizno plo\u0161\u010do na dalj\u0161i strani, kar omogo\u010da uporabo opore za roke (1 kos). Uporablja se samo za model mize A = Mizna plo\u0161\u010da brez nagiba.<\/p>\n<\/div>\n<\/div>\n<\/div>\n<\/div>\n<p>[\/vc_column_text][\/vc_column_inner][vc_column_inner width=&#8221;1\/4&#8243;][\/vc_column_inner][vc_column_inner width=&#8221;1\/4&#8243;][\/vc_column_inner][\/vc_row_inner][vc_empty_space height=&#8221;60px&#8221;][\/vc_column][\/vc_row][vc_row full_width=&#8221;stretch_row&#8221;][vc_column][vc_empty_space height=&#8221;60px&#8221;][vc_column_text]<\/p>\n<h3 style=\"text-align: left\">Specifikacije<\/h3>\n<p>[\/vc_column_text][vc_column_text]Nastavljivost: Ro\u010dno<\/p>\n<p>Nastavitev vi\u0161ine: 34 cm (56\u201390 cm)<\/p>\n<p>Nagibna mizna plo\u0161\u010da: Tip A: Brez nagiba. Tip BD: Nagibna mizna plo\u0161\u010da od 0 do 54 \u00b0<\/p>\n<p>Kako upravljati nastavljivost: Ro\u010daj<\/p>\n<p>Maks. obremenitev mize (stati\u010dna): 100 kg<\/p>\n<p>Maks. obremenitev med dvigovanjem (dinami\u010dna): 50 kg<\/p>\n<p>Maks. obremenitev nagnjene mizne plo\u0161\u010de (stati\u010dna): 20 kg (tip BD)<\/p>\n<p>Najve\u010dja nosilnost ravnila: 8 kg<\/p>\n<p>Materiali: Jeklo St. 37. Razli\u010dne plasti\u010dne komponente. Mizna plo\u0161\u010da: laminat<\/p>\n<p>Povr\u0161inska obdelava: Pra\u0161no barvanje. Kromat.<\/p>\n<p>Standardna barva: Svetlo siva<\/p>\n<p>CE certificirano[\/vc_column_text][vc_empty_space height=&#8221;60px&#8221;][\/vc_column][\/vc_row][vc_row full_width=&#8221;stretch_row&#8221; css=&#8221;.vc_custom_1746797759293{background-color: #f8f9fa !important;}&#8221;][vc_column][vc_empty_space height=&#8221;60px&#8221;][vc_column_text]<\/p>\n<h3 style=\"text-align: left\">Dimenzije<\/h3>\n<p>[\/vc_column_text][vc_row_inner][vc_column_inner width=&#8221;1\/4&#8243;][\/vc_column_inner][vc_column_inner width=&#8221;1\/2&#8243;][vc_single_image image=&#8221;7214&#8243; alignment=&#8221;center&#8221;][\/vc_column_inner][vc_column_inner width=&#8221;1\/4&#8243;][\/vc_column_inner][\/vc_row_inner][vc_empty_space height=&#8221;60px&#8221;][\/vc_column][\/vc_row][vc_row full_width=&#8221;stretch_row&#8221;][vc_column][vc_empty_space height=&#8221;40px&#8221;][vc_column_text]<\/p>\n<h3 style=\"text-align: left\">Prenosi<\/h3>\n<p>[\/vc_column_text]        \n\t\t\t\t<div class=\"file-wrap \" id=\"\">\n\t\t\t\t\t<a href=\"https:\/\/www.mivam.com\/wp-content\/uploads\/2025\/06\/table_brochure_1962433_0225_gb.pdf\" target=\"_blank\" class=\"file-dl-btn\">\t\n\t\t\t\t\t\tBro\u0161ura - Ropox mize.pdf 2,13 MB\t\t\t\t\t<div class=\"file-icon-wrapper\">\n\t\t\t\t\t\t<svg width=\"19\" height=\"20\" viewBox=\"0 0 19 20\" fill=\"none\" xmlns=\"http:\/\/www.w3.org\/2000\/svg\">\n<path d=\"M9.55818 14.9683L4.93488 9.96001L5.85875 8.94249L8.9048 12.2413V0H10.2116V12.2413L13.2563 8.94391L14.1815 9.96001L9.55818 14.9683ZM2.5213 19.8125C1.92019 19.8125 1.4184 19.5945 1.01592 19.1586C0.612564 18.7218 0.410889 18.1779 0.410889 17.5269V14.098H1.71764V17.5269C1.71764 17.7439 1.80128 17.9435 1.96854 18.1256C2.13668 18.3067 2.32093 18.3973 2.5213 18.3973H16.5951C16.7954 18.3973 16.9797 18.3067 17.1478 18.1256C17.3151 17.9435 17.3987 17.7439 17.3987 17.5269V14.098H18.7055V17.5269C18.7055 18.1779 18.5042 18.7214 18.1017 19.1572C17.6984 19.594 17.1962 19.8125 16.5951 19.8125H2.5213Z\" fill=\"white\"\/>\n<\/svg>\t\t\t\t\t<\/div>\n\t\t\t\t\t<\/a>\n\t\t\t\t<\/div>\n        \n                \n\t\t\t\t<div class=\"file-wrap \" id=\"\">\n\t\t\t\t\t<a href=\"https:\/\/www.mivam.com\/wp-content\/uploads\/2025\/06\/ropox_bathroom_brochure_1962436_0525_gb.pdf\" target=\"_blank\" class=\"file-dl-btn\">\t\n\t\t\t\t\t\tBro\u0161ura - Ropox kopalnice.pdf 2,50 MB\t\t\t\t\t<div class=\"file-icon-wrapper\">\n\t\t\t\t\t\t<svg width=\"19\" height=\"20\" viewBox=\"0 0 19 20\" fill=\"none\" xmlns=\"http:\/\/www.w3.org\/2000\/svg\">\n<path d=\"M9.55818 14.9683L4.93488 9.96001L5.85875 8.94249L8.9048 12.2413V0H10.2116V12.2413L13.2563 8.94391L14.1815 9.96001L9.55818 14.9683ZM2.5213 19.8125C1.92019 19.8125 1.4184 19.5945 1.01592 19.1586C0.612564 18.7218 0.410889 18.1779 0.410889 17.5269V14.098H1.71764V17.5269C1.71764 17.7439 1.80128 17.9435 1.96854 18.1256C2.13668 18.3067 2.32093 18.3973 2.5213 18.3973H16.5951C16.7954 18.3973 16.9797 18.3067 17.1478 18.1256C17.3151 17.9435 17.3987 17.7439 17.3987 17.5269V14.098H18.7055V17.5269C18.7055 18.1779 18.5042 18.7214 18.1017 19.1572C17.6984 19.594 17.1962 19.8125 16.5951 19.8125H2.5213Z\" fill=\"white\"\/>\n<\/svg>\t\t\t\t\t<\/div>\n\t\t\t\t\t<\/a>\n\t\t\t\t<\/div>\n        \n        [vc_empty_space height=&#8221;40px&#8221;][\/vc_column][\/vc_row]<\/p>\n<\/div>","protected":false},"excerpt":{"rendered":"<p>Mize za invalidske vozi\u010dke z ro\u010dno nastavitvijo vi\u0161ine 34 cm, mehkimi zaobljenimi robovi in \u200b\u200bstopenjsko nagibno povr\u0161ino (0\u201354\u00b0) z ro\u010dajem. Na voljo v dveh dol\u017einah.<\/p>\n<p><strong>Velikost mize:<\/strong><\/p>\n<ul>\n<li>120&#215;60 cm<\/li>\n<li>90&#215;60 cm<\/li>\n<\/ul>\n<p><strong>Nagibna mizna plo\u0161\u010da<\/strong><\/p>\n<ul>\n<li>Nastavljivost: Ro\u010dno<\/li>\n<li>Nastavitev vi\u0161ine: 34 cm (56\u201390 cm)<\/li>\n<li>Nagibna mizna plo\u0161\u010da: 0\u201354 \u00b0<\/li>\n<li>Na\u010din upravljanja: Ro\u010daj<\/li>\n<li>Velikosti: 90&#215;60 cm in 120&#215;60 cm<\/li>\n<\/ul>\n","protected":false},"featured_media":7216,"comment_status":"closed","ping_status":"closed","template":"","meta":[],"product_brand":[],"product_cat":[226,76],"product_tag":[441,311,201,440,435,131,438,436,437,442,432,443,439],"class_list":{"0":"post-7211","1":"product","2":"type-product","3":"status-publish","4":"has-post-thumbnail","6":"product_cat-pohistvo","7":"product_cat-pohistvo-za-gibalno-ovirane","8":"product_tag-elektromotorni-vozicki","9":"product_tag-ergo","10":"product_tag-invalidski","11":"product_tag-mdr","12":"product_tag-mehansko","13":"product_tag-miza","14":"product_tag-miza-za-invalidske-vozicke","15":"product_tag-nastavljiva-miza","16":"product_tag-prilagojena-miza","17":"product_tag-rocni-vozicki","18":"product_tag-ropox","19":"product_tag-ropox-ergo","20":"product_tag-vozicki","22":"first","23":"onbackorder","24":"taxable","25":"shipping-taxable","26":"product-type-simple"},"yoast_head":"<!-- This site is optimized with the Yoast SEO plugin v24.0 - https:\/\/yoast.com\/wordpress\/plugins\/seo\/ -->\n<title>ERGO miza \u2013 mehansko nastavljiva - Mi Vam<\/title>\n<meta name=\"description\" content=\"Mize za invalidske vozi\u010dke z ro\u010dno nastavitvijo vi\u0161ine 34 cm, mehkimi zaobljenimi robovi in \u200b\u200bstopenjsko nagibno povr\u0161ino (0\u201354\u00b0) z ro\u010dajem. Na voljo v dveh dol\u017einah.  Velikost mize:   120x60 cm  90x60 cm  Nagibna mizna plo\u0161\u010da   Nastavljivost: Ro\u010dno  Nastavitev vi\u0161ine: 34 cm (56\u201390 cm)  Nagibna mizna plo\u0161\u010da: 0\u201354 \u00b0  Na\u010din upravljanja: Ro\u010daj  Velikosti: 90x60 cm in 120x60 cm\" \/>\n<meta name=\"robots\" content=\"index, follow, max-snippet:-1, max-image-preview:large, max-video-preview:-1\" \/>\n<link rel=\"canonical\" href=\"https:\/\/www.mivam.com\/izdelek\/ergo-miza-mehansko-nastavljiva\/\" \/>\n<meta property=\"og:locale\" content=\"en_US\" \/>\n<meta property=\"og:type\" content=\"article\" \/>\n<meta property=\"og:title\" content=\"ERGO miza \u2013 mehansko nastavljiva - Mi Vam\" \/>\n<meta property=\"og:description\" content=\"Mize za invalidske vozi\u010dke z ro\u010dno nastavitvijo vi\u0161ine 34 cm, mehkimi zaobljenimi robovi in \u200b\u200bstopenjsko nagibno povr\u0161ino (0\u201354\u00b0) z ro\u010dajem. Na voljo v dveh dol\u017einah.  Velikost mize:   120x60 cm  90x60 cm  Nagibna mizna plo\u0161\u010da   Nastavljivost: Ro\u010dno  Nastavitev vi\u0161ine: 34 cm (56\u201390 cm)  Nagibna mizna plo\u0161\u010da: 0\u201354 \u00b0  Na\u010din upravljanja: Ro\u010daj  Velikosti: 90x60 cm in 120x60 cm\" \/>\n<meta property=\"og:url\" content=\"https:\/\/www.mivam.com\/izdelek\/ergo-miza-mehansko-nastavljiva\/\" \/>\n<meta property=\"og:site_name\" content=\"Mi Vam\" \/>\n<meta property=\"article:modified_time\" content=\"2025-06-19T03:18:40+00:00\" \/>\n<meta property=\"og:image\" content=\"https:\/\/www.mivam.com\/wp-content\/uploads\/2025\/06\/3500-20-70012-ergo90x60c-background-1024x1024-1.jpg\" \/>\n\t<meta property=\"og:image:width\" content=\"1024\" \/>\n\t<meta property=\"og:image:height\" content=\"1024\" \/>\n\t<meta property=\"og:image:type\" content=\"image\/jpeg\" \/>\n<meta name=\"twitter:card\" content=\"summary_large_image\" \/>\n<meta name=\"twitter:label1\" content=\"Est. reading time\" \/>\n\t<meta name=\"twitter:data1\" content=\"4 minutes\" \/>\n<script type=\"application\/ld+json\" class=\"yoast-schema-graph\">{\"@context\":\"https:\/\/schema.org\",\"@graph\":[{\"@type\":\"WebPage\",\"@id\":\"https:\/\/www.mivam.com\/izdelek\/ergo-miza-mehansko-nastavljiva\/\",\"url\":\"https:\/\/www.mivam.com\/izdelek\/ergo-miza-mehansko-nastavljiva\/\",\"name\":\"ERGO miza \u2013 mehansko nastavljiva - Mi Vam\",\"isPartOf\":{\"@id\":\"https:\/\/www.mivam.com\/#website\"},\"primaryImageOfPage\":{\"@id\":\"https:\/\/www.mivam.com\/izdelek\/ergo-miza-mehansko-nastavljiva\/#primaryimage\"},\"image\":{\"@id\":\"https:\/\/www.mivam.com\/izdelek\/ergo-miza-mehansko-nastavljiva\/#primaryimage\"},\"thumbnailUrl\":\"https:\/\/www.mivam.com\/wp-content\/uploads\/2025\/06\/3500-20-70012-ergo90x60c-background-1024x1024-1.jpg\",\"datePublished\":\"2025-06-16T04:25:23+00:00\",\"dateModified\":\"2025-06-19T03:18:40+00:00\",\"description\":\"Mize za invalidske vozi\u010dke z ro\u010dno nastavitvijo vi\u0161ine 34 cm, mehkimi zaobljenimi robovi in \u200b\u200bstopenjsko nagibno povr\u0161ino (0\u201354\u00b0) z ro\u010dajem. Na voljo v dveh dol\u017einah. Velikost mize: 120x60 cm 90x60 cm Nagibna mizna plo\u0161\u010da Nastavljivost: Ro\u010dno Nastavitev vi\u0161ine: 34 cm (56\u201390 cm) Nagibna mizna plo\u0161\u010da: 0\u201354 \u00b0 Na\u010din upravljanja: Ro\u010daj Velikosti: 90x60 cm in 120x60 cm\",\"breadcrumb\":{\"@id\":\"https:\/\/www.mivam.com\/izdelek\/ergo-miza-mehansko-nastavljiva\/#breadcrumb\"},\"inLanguage\":\"en-US\",\"potentialAction\":[{\"@type\":\"ReadAction\",\"target\":[\"https:\/\/www.mivam.com\/izdelek\/ergo-miza-mehansko-nastavljiva\/\"]}]},{\"@type\":\"ImageObject\",\"inLanguage\":\"en-US\",\"@id\":\"https:\/\/www.mivam.com\/izdelek\/ergo-miza-mehansko-nastavljiva\/#primaryimage\",\"url\":\"https:\/\/www.mivam.com\/wp-content\/uploads\/2025\/06\/3500-20-70012-ergo90x60c-background-1024x1024-1.jpg\",\"contentUrl\":\"https:\/\/www.mivam.com\/wp-content\/uploads\/2025\/06\/3500-20-70012-ergo90x60c-background-1024x1024-1.jpg\",\"width\":1024,\"height\":1024},{\"@type\":\"BreadcrumbList\",\"@id\":\"https:\/\/www.mivam.com\/izdelek\/ergo-miza-mehansko-nastavljiva\/#breadcrumb\",\"itemListElement\":[{\"@type\":\"ListItem\",\"position\":1,\"name\":\"Domov\",\"item\":\"https:\/\/www.mivam.com\/\"},{\"@type\":\"ListItem\",\"position\":2,\"name\":\"Shop\",\"item\":\"https:\/\/www.mivam.com\/en\/shop\/\"},{\"@type\":\"ListItem\",\"position\":3,\"name\":\"Pohi\u0161tvo\",\"item\":\"https:\/\/www.mivam.com\/kategorija-izdelka\/pohistvo\/\"},{\"@type\":\"ListItem\",\"position\":4,\"name\":\"ERGO miza \u2013 mehansko nastavljiva\"}]},{\"@type\":\"WebSite\",\"@id\":\"https:\/\/www.mivam.com\/#website\",\"url\":\"https:\/\/www.mivam.com\/\",\"name\":\"Mi Vam\",\"description\":\"Medicinski pripomo\u010dki in re\u0161itve za manj odvisno \u017eivljenje.\",\"potentialAction\":[{\"@type\":\"SearchAction\",\"target\":{\"@type\":\"EntryPoint\",\"urlTemplate\":\"https:\/\/www.mivam.com\/?s={search_term_string}\"},\"query-input\":{\"@type\":\"PropertyValueSpecification\",\"valueRequired\":true,\"valueName\":\"search_term_string\"}}],\"inLanguage\":\"en-US\"}]}<\/script>\n<!-- \/ Yoast SEO plugin. -->","yoast_head_json":{"title":"ERGO miza \u2013 mehansko nastavljiva - Mi Vam","description":"Mize za invalidske vozi\u010dke z ro\u010dno nastavitvijo vi\u0161ine 34 cm, mehkimi zaobljenimi robovi in \u200b\u200bstopenjsko nagibno povr\u0161ino (0\u201354\u00b0) z ro\u010dajem. Na voljo v dveh dol\u017einah.  Velikost mize:   120x60 cm  90x60 cm  Nagibna mizna plo\u0161\u010da   Nastavljivost: Ro\u010dno  Nastavitev vi\u0161ine: 34 cm (56\u201390 cm)  Nagibna mizna plo\u0161\u010da: 0\u201354 \u00b0  Na\u010din upravljanja: Ro\u010daj  Velikosti: 90x60 cm in 120x60 cm","robots":{"index":"index","follow":"follow","max-snippet":"max-snippet:-1","max-image-preview":"max-image-preview:large","max-video-preview":"max-video-preview:-1"},"canonical":"https:\/\/www.mivam.com\/izdelek\/ergo-miza-mehansko-nastavljiva\/","og_locale":"en_US","og_type":"article","og_title":"ERGO miza \u2013 mehansko nastavljiva - Mi Vam","og_description":"Mize za invalidske vozi\u010dke z ro\u010dno nastavitvijo vi\u0161ine 34 cm, mehkimi zaobljenimi robovi in \u200b\u200bstopenjsko nagibno povr\u0161ino (0\u201354\u00b0) z ro\u010dajem. Na voljo v dveh dol\u017einah.  Velikost mize:   120x60 cm  90x60 cm  Nagibna mizna plo\u0161\u010da   Nastavljivost: Ro\u010dno  Nastavitev vi\u0161ine: 34 cm (56\u201390 cm)  Nagibna mizna plo\u0161\u010da: 0\u201354 \u00b0  Na\u010din upravljanja: Ro\u010daj  Velikosti: 90x60 cm in 120x60 cm","og_url":"https:\/\/www.mivam.com\/izdelek\/ergo-miza-mehansko-nastavljiva\/","og_site_name":"Mi Vam","article_modified_time":"2025-06-19T03:18:40+00:00","og_image":[{"width":1024,"height":1024,"url":"https:\/\/www.mivam.com\/wp-content\/uploads\/2025\/06\/3500-20-70012-ergo90x60c-background-1024x1024-1.jpg","type":"image\/jpeg"}],"twitter_card":"summary_large_image","twitter_misc":{"Est. reading time":"4 minutes"},"schema":{"@context":"https:\/\/schema.org","@graph":[{"@type":"WebPage","@id":"https:\/\/www.mivam.com\/izdelek\/ergo-miza-mehansko-nastavljiva\/","url":"https:\/\/www.mivam.com\/izdelek\/ergo-miza-mehansko-nastavljiva\/","name":"ERGO miza \u2013 mehansko nastavljiva - Mi Vam","isPartOf":{"@id":"https:\/\/www.mivam.com\/#website"},"primaryImageOfPage":{"@id":"https:\/\/www.mivam.com\/izdelek\/ergo-miza-mehansko-nastavljiva\/#primaryimage"},"image":{"@id":"https:\/\/www.mivam.com\/izdelek\/ergo-miza-mehansko-nastavljiva\/#primaryimage"},"thumbnailUrl":"https:\/\/www.mivam.com\/wp-content\/uploads\/2025\/06\/3500-20-70012-ergo90x60c-background-1024x1024-1.jpg","datePublished":"2025-06-16T04:25:23+00:00","dateModified":"2025-06-19T03:18:40+00:00","description":"Mize za invalidske vozi\u010dke z ro\u010dno nastavitvijo vi\u0161ine 34 cm, mehkimi zaobljenimi robovi in \u200b\u200bstopenjsko nagibno povr\u0161ino (0\u201354\u00b0) z ro\u010dajem. Na voljo v dveh dol\u017einah. Velikost mize: 120x60 cm 90x60 cm Nagibna mizna plo\u0161\u010da Nastavljivost: Ro\u010dno Nastavitev vi\u0161ine: 34 cm (56\u201390 cm) Nagibna mizna plo\u0161\u010da: 0\u201354 \u00b0 Na\u010din upravljanja: Ro\u010daj Velikosti: 90x60 cm in 120x60 cm","breadcrumb":{"@id":"https:\/\/www.mivam.com\/izdelek\/ergo-miza-mehansko-nastavljiva\/#breadcrumb"},"inLanguage":"en-US","potentialAction":[{"@type":"ReadAction","target":["https:\/\/www.mivam.com\/izdelek\/ergo-miza-mehansko-nastavljiva\/"]}]},{"@type":"ImageObject","inLanguage":"en-US","@id":"https:\/\/www.mivam.com\/izdelek\/ergo-miza-mehansko-nastavljiva\/#primaryimage","url":"https:\/\/www.mivam.com\/wp-content\/uploads\/2025\/06\/3500-20-70012-ergo90x60c-background-1024x1024-1.jpg","contentUrl":"https:\/\/www.mivam.com\/wp-content\/uploads\/2025\/06\/3500-20-70012-ergo90x60c-background-1024x1024-1.jpg","width":1024,"height":1024},{"@type":"BreadcrumbList","@id":"https:\/\/www.mivam.com\/izdelek\/ergo-miza-mehansko-nastavljiva\/#breadcrumb","itemListElement":[{"@type":"ListItem","position":1,"name":"Domov","item":"https:\/\/www.mivam.com\/"},{"@type":"ListItem","position":2,"name":"Shop","item":"https:\/\/www.mivam.com\/en\/shop\/"},{"@type":"ListItem","position":3,"name":"Pohi\u0161tvo","item":"https:\/\/www.mivam.com\/kategorija-izdelka\/pohistvo\/"},{"@type":"ListItem","position":4,"name":"ERGO miza \u2013 mehansko nastavljiva"}]},{"@type":"WebSite","@id":"https:\/\/www.mivam.com\/#website","url":"https:\/\/www.mivam.com\/","name":"Mi Vam","description":"Medicinski pripomo\u010dki in re\u0161itve za manj odvisno \u017eivljenje.","potentialAction":[{"@type":"SearchAction","target":{"@type":"EntryPoint","urlTemplate":"https:\/\/www.mivam.com\/?s={search_term_string}"},"query-input":{"@type":"PropertyValueSpecification","valueRequired":true,"valueName":"search_term_string"}}],"inLanguage":"en-US"}]}},"_links":{"self":[{"href":"https:\/\/www.mivam.com\/en\/wp-json\/wp\/v2\/product\/7211","targetHints":{"allow":["GET"]}}],"collection":[{"href":"https:\/\/www.mivam.com\/en\/wp-json\/wp\/v2\/product"}],"about":[{"href":"https:\/\/www.mivam.com\/en\/wp-json\/wp\/v2\/types\/product"}],"replies":[{"embeddable":true,"href":"https:\/\/www.mivam.com\/en\/wp-json\/wp\/v2\/comments?post=7211"}],"wp:featuredmedia":[{"embeddable":true,"href":"https:\/\/www.mivam.com\/en\/wp-json\/wp\/v2\/media\/7216"}],"wp:attachment":[{"href":"https:\/\/www.mivam.com\/en\/wp-json\/wp\/v2\/media?parent=7211"}],"wp:term":[{"taxonomy":"product_brand","embeddable":true,"href":"https:\/\/www.mivam.com\/en\/wp-json\/wp\/v2\/product_brand?post=7211"},{"taxonomy":"product_cat","embeddable":true,"href":"https:\/\/www.mivam.com\/en\/wp-json\/wp\/v2\/product_cat?post=7211"},{"taxonomy":"product_tag","embeddable":true,"href":"https:\/\/www.mivam.com\/en\/wp-json\/wp\/v2\/product_tag?post=7211"}],"curies":[{"name":"wp","href":"https:\/\/api.w.org\/{rel}","templated":true}]}}