{"id":7202,"date":"2025-06-13T16:50:23","date_gmt":"2025-06-13T14:50:23","guid":{"rendered":"https:\/\/pisarna.novisplet.com\/dev2\/mivam_old\/?post_type=product&#038;p=7202"},"modified":"2025-06-19T05:19:28","modified_gmt":"2025-06-19T03:19:28","slug":"vision-visoko-nizka-miza-elektricno-nastavljiva","status":"publish","type":"product","link":"https:\/\/www.mivam.com\/en\/izdelek\/vision-visoko-nizka-miza-elektricno-nastavljiva\/","title":{"rendered":"VISION VISOKO\/NIZKA miza \u2013 elektri\u010dno nastavljiva"},"content":{"rendered":"<div class=\"wpb-content-wrapper\"><p>[vc_row full_width=&#8221;stretch_row&#8221;][vc_column][vc_column_text]Vision High\/Low je elektri\u010dno nastavljiva vi\u0161ina mize z ekstra dolgim \u200b\u200brazponom nastavitve (65 cm) in nagibno povr\u0161ino mize. Vi\u0161ino je enostavno nastaviti v delovni polo\u017eaj z rahlim pritiskom na krmilno stikalo. Povr\u0161ina mize je nagibna (0\u201371\u00b0) in skraj\u0161a vidno razdaljo do dokumentov na povr\u0161ini mize, kar je \u0161e posebej priro\u010dno za slabovidne uporabnike in uporabnike z omejeno funkcijo rok.<\/p>\n<p>Mizna povr\u0161ina ima matirano povr\u0161ino, zato ni mote\u010dega ble\u0161\u010danja. Magnet MagRule dr\u017ei dokumente na mestu, tudi ko je mizna povr\u0161ina nagnjena. Mizo je mogo\u010de opremiti z baterijsko re\u0161itvijo, zaradi \u010desar je popolnoma brez\u017ei\u010dna.[\/vc_column_text][vc_empty_space height=&#8221;30px&#8221;][\/vc_column][\/vc_row][vc_row full_width=&#8221;stretch_row&#8221; css=&#8221;.vc_custom_1689764110870{background-color: #f8f9fa !important;}&#8221;][vc_column][vc_empty_space height=&#8221;60px&#8221;][vc_column_text]<\/p>\n<h3 style=\"text-align: left\">Dodatki<\/h3>\n<p>[\/vc_column_text][vc_row_inner][vc_column_inner width=&#8221;1\/4&#8243;][vc_single_image image=&#8221;7191&#8243; img_size=&#8221;large&#8221; alignment=&#8221;right&#8221;][vc_column_text]<\/p>\n<div class=\"Card-textContent text-left\">\n<h4 class=\"Card-heading u-headerXs\">Podpora za roke<\/h4>\n<div class=\"Card-text\">Dodatna opora za roke &#8211; enostavno jo je mogo\u010de pritrditi na mizo in nastaviti, vklju\u010dno z torbo in kavljem. Najve\u010dja uporabni\u0161ka obremenitev 25 kg na roko.<\/div>\n<\/div>\n<p>[\/vc_column_text][\/vc_column_inner][vc_column_inner width=&#8221;1\/4&#8243;][vc_single_image image=&#8221;7193&#8243; img_size=&#8221;large&#8221; alignment=&#8221;right&#8221;][vc_column_text]<\/p>\n<div class=\"Card-textContent text-left\">\n<div class=\"Card-textContent text-left\">\n<div class=\"Card-textContent text-left\">\n<h4 class=\"Card-heading u-headerXs\">Tovarni\u0161ko name\u0161\u010dena kolesa<\/h4>\n<div class=\"Card-text\">Tovarni\u0161ko vgrajena zavorna kolesa (komplet), ki omogo\u010dajo enostavno premikanje mize. Na voljo v modelu, ki pove\u010da vi\u0161ino mize za +8 cm, in modelu, ki vi\u0161ine ne pove\u010da. Naro\u010deno z mizo.<\/div>\n<\/div>\n<\/div>\n<\/div>\n<p>[\/vc_column_text][\/vc_column_inner][vc_column_inner width=&#8221;1\/4&#8243;][vc_single_image image=&#8221;7196&#8243; img_size=&#8221;large&#8221; alignment=&#8221;right&#8221;][vc_column_text]<\/p>\n<div class=\"Card-textContent text-left\">\n<div class=\"Card-textContent text-left\">\n<h4 class=\"Card-heading u-headerXs\">Kolesa za ponovno naro\u010danje<\/h4>\n<div class=\"Card-text\">Zavorna kolesa za naknadno vgradnjo (komplet), ki olaj\u0161ajo premikanje mize. Na voljo v modelu, ki pove\u010da vi\u0161ino mize za +8 cm, in modelu, ki vi\u0161ine ne pove\u010da.<\/div>\n<\/div>\n<\/div>\n<p>[\/vc_column_text][\/vc_column_inner][vc_column_inner width=&#8221;1\/4&#8243;][vc_single_image image=&#8221;7198&#8243; img_size=&#8221;large&#8221; alignment=&#8221;right&#8221;][vc_column_text]<\/p>\n<div class=\"Card-textContent text-left\">\n<div class=\"Card-textContent text-left\">\n<h4 class=\"Card-heading u-headerXs\">MagRule<\/h4>\n<div class=\"Card-text\">Magnetni trak, ki ga lahko prosto namestite \u010dez celotno povr\u0161ino mize za shranjevanje papirja ali knjige. Na voljo v dveh razli\u010dnih dol\u017einah. Uporablja se lahko samo na mizah z nagnjenim polo\u017eajem.<\/div>\n<\/div>\n<\/div>\n<p>[\/vc_column_text][\/vc_column_inner][\/vc_row_inner][vc_row_inner][vc_column_inner width=&#8221;1\/4&#8243;][vc_single_image image=&#8221;7200&#8243; img_size=&#8221;large&#8221; alignment=&#8221;right&#8221;][vc_column_text]<\/p>\n<div class=\"Card-textContent text-left\">\n<h4 class=\"Card-heading u-headerXs\">Magnet<\/h4>\n<div class=\"Card-text\">1 magnet, ki ga je mogo\u010de prosto namestiti na celotno povr\u0161ino mize za dr\u017eanje papirja. Uporablja se lahko samo na mizah z nagnjenim polo\u017eajem. Bela barva.<\/div>\n<\/div>\n<p>[\/vc_column_text][\/vc_column_inner][vc_column_inner width=&#8221;1\/4&#8243;][\/vc_column_inner][vc_column_inner width=&#8221;1\/4&#8243;][\/vc_column_inner][vc_column_inner width=&#8221;1\/4&#8243;][\/vc_column_inner][\/vc_row_inner][vc_empty_space height=&#8221;60px&#8221;][\/vc_column][\/vc_row][vc_row full_width=&#8221;stretch_row&#8221;][vc_column][vc_empty_space height=&#8221;60px&#8221;][vc_column_text]<\/p>\n<h3 style=\"text-align: left\">Specifikacije<\/h3>\n<p>[\/vc_column_text][vc_column_text]<\/p>\n<ul>\n<li>Mo\u010d: Elektri\u010dni<\/li>\n<li>Nastavitev vi\u0161ine: 65 cm (62\u2013127 cm)<\/li>\n<li>Nagibna mizna plo\u0161\u010da: Tip A: Brez nagiba. Tip B: Nagibna mizna plo\u0161\u010da od 0 do 71 \u00b0<\/li>\n<li>Funkcija: Integrirana jeklena plo\u0161\u010da<\/li>\n<li>Maks. obremenitev mize (stati\u010dna): 100 kg enakomerno porazdeljenih<\/li>\n<li>Maks. obremenitev med dvigovanjem (dinami\u010dna): 80 kg<\/li>\n<li>Maks. obremenitev nagnjene mizne plo\u0161\u010de (stati\u010dna): 30 kg<\/li>\n<li>Maks. obremenitev med nagibanjem mizne plo\u0161\u010de (dinami\u010dna): 4 kg<\/li>\n<li>Vir napajanja: Fiksno o\u017ei\u010deno, baterijo je mogo\u010de kupiti (dodatna oprema)<\/li>\n<li>Napajalnik: 230 V AC \/ 2,5 A \/ 50 Hz \u2013 alternativno 100 V AC \/ 50\/60 Hz<\/li>\n<li>Delovni krog: Maks. 10 % ustreza 2 min. aktivnosti \/ 18 min. premora<\/li>\n<li>Hitrost: Pribli\u017eno 38 mm\/s<\/li>\n<li>Materiali: Okvir: jeklo St. 37. Razli\u010dne plasti\u010dne komponente. Plo\u0161\u010da mize: laminat Etronit-M<\/li>\n<li>Povr\u0161inska obdelava: Pra\u0161no barvanje, razli\u010dne barve, kromiranje<\/li>\n<li>Standardna barva: Svetlo siva, Temno siva<\/li>\n<li>CE certificirano<\/li>\n<\/ul>\n<p>[\/vc_column_text][vc_empty_space height=&#8221;60px&#8221;][\/vc_column][\/vc_row][vc_row full_width=&#8221;stretch_row&#8221; css=&#8221;.vc_custom_1746797759293{background-color: #f8f9fa !important;}&#8221;][vc_column][vc_empty_space height=&#8221;60px&#8221;][vc_column_text]<\/p>\n<h3 style=\"text-align: left\">Dimenzije<\/h3>\n<p>[\/vc_column_text][vc_row_inner][vc_column_inner width=&#8221;1\/4&#8243;][\/vc_column_inner][vc_column_inner width=&#8221;1\/2&#8243;][vc_single_image image=&#8221;7209&#8243; alignment=&#8221;center&#8221;][\/vc_column_inner][vc_column_inner width=&#8221;1\/4&#8243;][\/vc_column_inner][\/vc_row_inner][vc_empty_space height=&#8221;60px&#8221;][\/vc_column][\/vc_row][vc_row full_width=&#8221;stretch_row&#8221;][vc_column][vc_empty_space height=&#8221;40px&#8221;][vc_column_text]<\/p>\n<h3 style=\"text-align: left\">Prenosi<\/h3>\n<p>[\/vc_column_text]        \n\t\t\t\t<div class=\"file-wrap \" id=\"\">\n\t\t\t\t\t<a href=\"https:\/\/www.mivam.com\/wp-content\/uploads\/2025\/06\/table_brochure_1962433_0225_gb-1.pdf\" target=\"_blank\" class=\"file-dl-btn\">\t\n\t\t\t\t\t\tKatalog - VISION VISOKO\/NIZKA miza \u2013 elektri\u010dno nastavljiva.pdf 2,13 MB\t\t\t\t\t<div class=\"file-icon-wrapper\">\n\t\t\t\t\t\t<svg width=\"19\" height=\"20\" viewBox=\"0 0 19 20\" fill=\"none\" xmlns=\"http:\/\/www.w3.org\/2000\/svg\">\n<path d=\"M9.55818 14.9683L4.93488 9.96001L5.85875 8.94249L8.9048 12.2413V0H10.2116V12.2413L13.2563 8.94391L14.1815 9.96001L9.55818 14.9683ZM2.5213 19.8125C1.92019 19.8125 1.4184 19.5945 1.01592 19.1586C0.612564 18.7218 0.410889 18.1779 0.410889 17.5269V14.098H1.71764V17.5269C1.71764 17.7439 1.80128 17.9435 1.96854 18.1256C2.13668 18.3067 2.32093 18.3973 2.5213 18.3973H16.5951C16.7954 18.3973 16.9797 18.3067 17.1478 18.1256C17.3151 17.9435 17.3987 17.7439 17.3987 17.5269V14.098H18.7055V17.5269C18.7055 18.1779 18.5042 18.7214 18.1017 19.1572C17.6984 19.594 17.1962 19.8125 16.5951 19.8125H2.5213Z\" fill=\"white\"\/>\n<\/svg>\t\t\t\t\t<\/div>\n\t\t\t\t\t<\/a>\n\t\t\t\t<\/div>\n        \n        [vc_empty_space height=&#8221;40px&#8221;][\/vc_column][\/vc_row]<\/p>\n<\/div>","protected":false},"excerpt":{"rendered":"<p>Nastavljiva vi\u0161ina mize z ekstra dolgim \u200b\u200brazponom nastavitve 65 cm in nagibno povr\u0161ino od 0 do 71 \u00b0. Vi\u0161ina mize se nastavlja s krmilnim stikalom. Na voljo v dveh dol\u017einah.<\/p>\n<p><strong>Velikost mize:<\/strong><\/p>\n<ul>\n<li>120x60cm<\/li>\n<li>90x60cm<\/li>\n<\/ul>\n<p><strong>Nagibna mizna plo\u0161\u010da:<\/strong><\/p>\n<ul>\n<li>Celotna namizna plo\u0161\u010da<\/li>\n<li>Brez nagiba<\/li>\n<\/ul>\n<p>Mo\u010d: Elektri\u010dni<br \/>\nZelo dolg razpon nastavitve: 65 cm (62\u2013127 cm)<br \/>\nNagibna mizna plo\u0161\u010da: 0\u201371 \u00b0<br \/>\nOperacija: Krmilno stikalo<br \/>\nVelikosti: 90&#215;60 in 120&#215;60<br \/>\nIntegrirana jeklena plo\u0161\u010da<\/p>\n","protected":false},"featured_media":7205,"comment_status":"closed","ping_status":"closed","template":"","meta":[],"product_brand":[],"product_cat":[226,76],"product_tag":[434,441,201,440,435,131,438,436,437,442,432,433,431,439],"class_list":{"0":"post-7202","1":"product","2":"type-product","3":"status-publish","4":"has-post-thumbnail","6":"product_cat-pohistvo","7":"product_cat-pohistvo-za-gibalno-ovirane","8":"product_tag-elektricno","9":"product_tag-elektromotorni-vozicki","10":"product_tag-invalidski","11":"product_tag-mdr","12":"product_tag-mehansko","13":"product_tag-miza","14":"product_tag-miza-za-invalidske-vozicke","15":"product_tag-nastavljiva-miza","16":"product_tag-prilagojena-miza","17":"product_tag-rocni-vozicki","18":"product_tag-ropox","19":"product_tag-ropox-vision","20":"product_tag-vision","21":"product_tag-vozicki","23":"first","24":"onbackorder","25":"taxable","26":"shipping-taxable","27":"product-type-simple"},"yoast_head":"<!-- This site is optimized with the Yoast SEO plugin v24.0 - https:\/\/yoast.com\/wordpress\/plugins\/seo\/ -->\n<title>VISION VISOKO\/NIZKA miza \u2013 elektri\u010dno nastavljiva - Mi Vam<\/title>\n<meta name=\"description\" content=\"Nastavljiva vi\u0161ina mize z ekstra dolgim \u200b\u200brazponom nastavitve 65 cm in nagibno povr\u0161ino od 0 do 71 \u00b0. Vi\u0161ina mize se nastavlja s krmilnim stikalom. Na voljo v dveh dol\u017einah.  Velikost mize:   120x60cm  90x60cm  Nagibna mizna plo\u0161\u010da:   Celotna namizna plo\u0161\u010da  Brez nagiba  Mo\u010d: Elektri\u010dni Zelo dolg razpon nastavitve: 65 cm (62\u2013127 cm) Nagibna mizna plo\u0161\u010da: 0\u201371 \u00b0 Operacija: Krmilno stikalo Velikosti: 90x60 in 120x60 Integrirana jeklena plo\u0161\u010da\" \/>\n<meta name=\"robots\" content=\"index, follow, max-snippet:-1, max-image-preview:large, max-video-preview:-1\" \/>\n<link rel=\"canonical\" href=\"https:\/\/www.mivam.com\/izdelek\/vision-visoko-nizka-miza-elektricno-nastavljiva\/\" \/>\n<meta property=\"og:locale\" content=\"en_US\" \/>\n<meta property=\"og:type\" content=\"article\" \/>\n<meta property=\"og:title\" content=\"VISION VISOKO\/NIZKA miza \u2013 elektri\u010dno nastavljiva - Mi Vam\" \/>\n<meta property=\"og:description\" content=\"Nastavljiva vi\u0161ina mize z ekstra dolgim \u200b\u200brazponom nastavitve 65 cm in nagibno povr\u0161ino od 0 do 71 \u00b0. Vi\u0161ina mize se nastavlja s krmilnim stikalom. Na voljo v dveh dol\u017einah.  Velikost mize:   120x60cm  90x60cm  Nagibna mizna plo\u0161\u010da:   Celotna namizna plo\u0161\u010da  Brez nagiba  Mo\u010d: Elektri\u010dni Zelo dolg razpon nastavitve: 65 cm (62\u2013127 cm) Nagibna mizna plo\u0161\u010da: 0\u201371 \u00b0 Operacija: Krmilno stikalo Velikosti: 90x60 in 120x60 Integrirana jeklena plo\u0161\u010da\" \/>\n<meta property=\"og:url\" content=\"https:\/\/www.mivam.com\/izdelek\/vision-visoko-nizka-miza-elektricno-nastavljiva\/\" \/>\n<meta property=\"og:site_name\" content=\"Mi Vam\" \/>\n<meta property=\"article:modified_time\" content=\"2025-06-19T03:19:28+00:00\" \/>\n<meta property=\"og:image\" content=\"https:\/\/www.mivam.com\/wp-content\/uploads\/2025\/06\/20-60801-vison-hi-lo-b-skygger.jpg\" \/>\n\t<meta property=\"og:image:width\" content=\"1024\" \/>\n\t<meta property=\"og:image:height\" content=\"1024\" \/>\n\t<meta property=\"og:image:type\" content=\"image\/jpeg\" \/>\n<meta name=\"twitter:card\" content=\"summary_large_image\" \/>\n<meta name=\"twitter:label1\" content=\"Est. reading time\" \/>\n\t<meta name=\"twitter:data1\" content=\"4 minutes\" \/>\n<script type=\"application\/ld+json\" class=\"yoast-schema-graph\">{\"@context\":\"https:\/\/schema.org\",\"@graph\":[{\"@type\":\"WebPage\",\"@id\":\"https:\/\/www.mivam.com\/izdelek\/vision-visoko-nizka-miza-elektricno-nastavljiva\/\",\"url\":\"https:\/\/www.mivam.com\/izdelek\/vision-visoko-nizka-miza-elektricno-nastavljiva\/\",\"name\":\"VISION VISOKO\/NIZKA miza \u2013 elektri\u010dno nastavljiva - Mi Vam\",\"isPartOf\":{\"@id\":\"https:\/\/www.mivam.com\/#website\"},\"primaryImageOfPage\":{\"@id\":\"https:\/\/www.mivam.com\/izdelek\/vision-visoko-nizka-miza-elektricno-nastavljiva\/#primaryimage\"},\"image\":{\"@id\":\"https:\/\/www.mivam.com\/izdelek\/vision-visoko-nizka-miza-elektricno-nastavljiva\/#primaryimage\"},\"thumbnailUrl\":\"https:\/\/www.mivam.com\/wp-content\/uploads\/2025\/06\/20-60801-vison-hi-lo-b-skygger.jpg\",\"datePublished\":\"2025-06-13T14:50:23+00:00\",\"dateModified\":\"2025-06-19T03:19:28+00:00\",\"description\":\"Nastavljiva vi\u0161ina mize z ekstra dolgim \u200b\u200brazponom nastavitve 65 cm in nagibno povr\u0161ino od 0 do 71 \u00b0. Vi\u0161ina mize se nastavlja s krmilnim stikalom. Na voljo v dveh dol\u017einah. Velikost mize: 120x60cm 90x60cm Nagibna mizna plo\u0161\u010da: Celotna namizna plo\u0161\u010da Brez nagiba Mo\u010d: Elektri\u010dni Zelo dolg razpon nastavitve: 65 cm (62\u2013127 cm) Nagibna mizna plo\u0161\u010da: 0\u201371 \u00b0 Operacija: Krmilno stikalo Velikosti: 90x60 in 120x60 Integrirana jeklena plo\u0161\u010da\",\"breadcrumb\":{\"@id\":\"https:\/\/www.mivam.com\/izdelek\/vision-visoko-nizka-miza-elektricno-nastavljiva\/#breadcrumb\"},\"inLanguage\":\"en-US\",\"potentialAction\":[{\"@type\":\"ReadAction\",\"target\":[\"https:\/\/www.mivam.com\/izdelek\/vision-visoko-nizka-miza-elektricno-nastavljiva\/\"]}]},{\"@type\":\"ImageObject\",\"inLanguage\":\"en-US\",\"@id\":\"https:\/\/www.mivam.com\/izdelek\/vision-visoko-nizka-miza-elektricno-nastavljiva\/#primaryimage\",\"url\":\"https:\/\/www.mivam.com\/wp-content\/uploads\/2025\/06\/20-60801-vison-hi-lo-b-skygger.jpg\",\"contentUrl\":\"https:\/\/www.mivam.com\/wp-content\/uploads\/2025\/06\/20-60801-vison-hi-lo-b-skygger.jpg\",\"width\":1024,\"height\":1024,\"caption\":\"VISION VISOKO\/NIZKA miza \u2013 elektri\u010dno nastavljiva\"},{\"@type\":\"BreadcrumbList\",\"@id\":\"https:\/\/www.mivam.com\/izdelek\/vision-visoko-nizka-miza-elektricno-nastavljiva\/#breadcrumb\",\"itemListElement\":[{\"@type\":\"ListItem\",\"position\":1,\"name\":\"Domov\",\"item\":\"https:\/\/www.mivam.com\/\"},{\"@type\":\"ListItem\",\"position\":2,\"name\":\"Shop\",\"item\":\"https:\/\/www.mivam.com\/en\/shop\/\"},{\"@type\":\"ListItem\",\"position\":3,\"name\":\"Pohi\u0161tvo\",\"item\":\"https:\/\/www.mivam.com\/kategorija-izdelka\/pohistvo\/\"},{\"@type\":\"ListItem\",\"position\":4,\"name\":\"VISION VISOKO\/NIZKA miza \u2013 elektri\u010dno nastavljiva\"}]},{\"@type\":\"WebSite\",\"@id\":\"https:\/\/www.mivam.com\/#website\",\"url\":\"https:\/\/www.mivam.com\/\",\"name\":\"Mi Vam\",\"description\":\"Medicinski pripomo\u010dki in re\u0161itve za manj odvisno \u017eivljenje.\",\"potentialAction\":[{\"@type\":\"SearchAction\",\"target\":{\"@type\":\"EntryPoint\",\"urlTemplate\":\"https:\/\/www.mivam.com\/?s={search_term_string}\"},\"query-input\":{\"@type\":\"PropertyValueSpecification\",\"valueRequired\":true,\"valueName\":\"search_term_string\"}}],\"inLanguage\":\"en-US\"}]}<\/script>\n<!-- \/ Yoast SEO plugin. -->","yoast_head_json":{"title":"VISION VISOKO\/NIZKA miza \u2013 elektri\u010dno nastavljiva - Mi Vam","description":"Nastavljiva vi\u0161ina mize z ekstra dolgim \u200b\u200brazponom nastavitve 65 cm in nagibno povr\u0161ino od 0 do 71 \u00b0. Vi\u0161ina mize se nastavlja s krmilnim stikalom. Na voljo v dveh dol\u017einah.  Velikost mize:   120x60cm  90x60cm  Nagibna mizna plo\u0161\u010da:   Celotna namizna plo\u0161\u010da  Brez nagiba  Mo\u010d: Elektri\u010dni Zelo dolg razpon nastavitve: 65 cm (62\u2013127 cm) Nagibna mizna plo\u0161\u010da: 0\u201371 \u00b0 Operacija: Krmilno stikalo Velikosti: 90x60 in 120x60 Integrirana jeklena plo\u0161\u010da","robots":{"index":"index","follow":"follow","max-snippet":"max-snippet:-1","max-image-preview":"max-image-preview:large","max-video-preview":"max-video-preview:-1"},"canonical":"https:\/\/www.mivam.com\/izdelek\/vision-visoko-nizka-miza-elektricno-nastavljiva\/","og_locale":"en_US","og_type":"article","og_title":"VISION VISOKO\/NIZKA miza \u2013 elektri\u010dno nastavljiva - Mi Vam","og_description":"Nastavljiva vi\u0161ina mize z ekstra dolgim \u200b\u200brazponom nastavitve 65 cm in nagibno povr\u0161ino od 0 do 71 \u00b0. Vi\u0161ina mize se nastavlja s krmilnim stikalom. Na voljo v dveh dol\u017einah.  Velikost mize:   120x60cm  90x60cm  Nagibna mizna plo\u0161\u010da:   Celotna namizna plo\u0161\u010da  Brez nagiba  Mo\u010d: Elektri\u010dni Zelo dolg razpon nastavitve: 65 cm (62\u2013127 cm) Nagibna mizna plo\u0161\u010da: 0\u201371 \u00b0 Operacija: Krmilno stikalo Velikosti: 90x60 in 120x60 Integrirana jeklena plo\u0161\u010da","og_url":"https:\/\/www.mivam.com\/izdelek\/vision-visoko-nizka-miza-elektricno-nastavljiva\/","og_site_name":"Mi Vam","article_modified_time":"2025-06-19T03:19:28+00:00","og_image":[{"width":1024,"height":1024,"url":"https:\/\/www.mivam.com\/wp-content\/uploads\/2025\/06\/20-60801-vison-hi-lo-b-skygger.jpg","type":"image\/jpeg"}],"twitter_card":"summary_large_image","twitter_misc":{"Est. reading time":"4 minutes"},"schema":{"@context":"https:\/\/schema.org","@graph":[{"@type":"WebPage","@id":"https:\/\/www.mivam.com\/izdelek\/vision-visoko-nizka-miza-elektricno-nastavljiva\/","url":"https:\/\/www.mivam.com\/izdelek\/vision-visoko-nizka-miza-elektricno-nastavljiva\/","name":"VISION VISOKO\/NIZKA miza \u2013 elektri\u010dno nastavljiva - Mi Vam","isPartOf":{"@id":"https:\/\/www.mivam.com\/#website"},"primaryImageOfPage":{"@id":"https:\/\/www.mivam.com\/izdelek\/vision-visoko-nizka-miza-elektricno-nastavljiva\/#primaryimage"},"image":{"@id":"https:\/\/www.mivam.com\/izdelek\/vision-visoko-nizka-miza-elektricno-nastavljiva\/#primaryimage"},"thumbnailUrl":"https:\/\/www.mivam.com\/wp-content\/uploads\/2025\/06\/20-60801-vison-hi-lo-b-skygger.jpg","datePublished":"2025-06-13T14:50:23+00:00","dateModified":"2025-06-19T03:19:28+00:00","description":"Nastavljiva vi\u0161ina mize z ekstra dolgim \u200b\u200brazponom nastavitve 65 cm in nagibno povr\u0161ino od 0 do 71 \u00b0. Vi\u0161ina mize se nastavlja s krmilnim stikalom. Na voljo v dveh dol\u017einah. Velikost mize: 120x60cm 90x60cm Nagibna mizna plo\u0161\u010da: Celotna namizna plo\u0161\u010da Brez nagiba Mo\u010d: Elektri\u010dni Zelo dolg razpon nastavitve: 65 cm (62\u2013127 cm) Nagibna mizna plo\u0161\u010da: 0\u201371 \u00b0 Operacija: Krmilno stikalo Velikosti: 90x60 in 120x60 Integrirana jeklena plo\u0161\u010da","breadcrumb":{"@id":"https:\/\/www.mivam.com\/izdelek\/vision-visoko-nizka-miza-elektricno-nastavljiva\/#breadcrumb"},"inLanguage":"en-US","potentialAction":[{"@type":"ReadAction","target":["https:\/\/www.mivam.com\/izdelek\/vision-visoko-nizka-miza-elektricno-nastavljiva\/"]}]},{"@type":"ImageObject","inLanguage":"en-US","@id":"https:\/\/www.mivam.com\/izdelek\/vision-visoko-nizka-miza-elektricno-nastavljiva\/#primaryimage","url":"https:\/\/www.mivam.com\/wp-content\/uploads\/2025\/06\/20-60801-vison-hi-lo-b-skygger.jpg","contentUrl":"https:\/\/www.mivam.com\/wp-content\/uploads\/2025\/06\/20-60801-vison-hi-lo-b-skygger.jpg","width":1024,"height":1024,"caption":"VISION VISOKO\/NIZKA miza \u2013 elektri\u010dno nastavljiva"},{"@type":"BreadcrumbList","@id":"https:\/\/www.mivam.com\/izdelek\/vision-visoko-nizka-miza-elektricno-nastavljiva\/#breadcrumb","itemListElement":[{"@type":"ListItem","position":1,"name":"Domov","item":"https:\/\/www.mivam.com\/"},{"@type":"ListItem","position":2,"name":"Shop","item":"https:\/\/www.mivam.com\/en\/shop\/"},{"@type":"ListItem","position":3,"name":"Pohi\u0161tvo","item":"https:\/\/www.mivam.com\/kategorija-izdelka\/pohistvo\/"},{"@type":"ListItem","position":4,"name":"VISION VISOKO\/NIZKA miza \u2013 elektri\u010dno nastavljiva"}]},{"@type":"WebSite","@id":"https:\/\/www.mivam.com\/#website","url":"https:\/\/www.mivam.com\/","name":"Mi Vam","description":"Medicinski pripomo\u010dki in re\u0161itve za manj odvisno \u017eivljenje.","potentialAction":[{"@type":"SearchAction","target":{"@type":"EntryPoint","urlTemplate":"https:\/\/www.mivam.com\/?s={search_term_string}"},"query-input":{"@type":"PropertyValueSpecification","valueRequired":true,"valueName":"search_term_string"}}],"inLanguage":"en-US"}]}},"_links":{"self":[{"href":"https:\/\/www.mivam.com\/en\/wp-json\/wp\/v2\/product\/7202","targetHints":{"allow":["GET"]}}],"collection":[{"href":"https:\/\/www.mivam.com\/en\/wp-json\/wp\/v2\/product"}],"about":[{"href":"https:\/\/www.mivam.com\/en\/wp-json\/wp\/v2\/types\/product"}],"replies":[{"embeddable":true,"href":"https:\/\/www.mivam.com\/en\/wp-json\/wp\/v2\/comments?post=7202"}],"wp:featuredmedia":[{"embeddable":true,"href":"https:\/\/www.mivam.com\/en\/wp-json\/wp\/v2\/media\/7205"}],"wp:attachment":[{"href":"https:\/\/www.mivam.com\/en\/wp-json\/wp\/v2\/media?parent=7202"}],"wp:term":[{"taxonomy":"product_brand","embeddable":true,"href":"https:\/\/www.mivam.com\/en\/wp-json\/wp\/v2\/product_brand?post=7202"},{"taxonomy":"product_cat","embeddable":true,"href":"https:\/\/www.mivam.com\/en\/wp-json\/wp\/v2\/product_cat?post=7202"},{"taxonomy":"product_tag","embeddable":true,"href":"https:\/\/www.mivam.com\/en\/wp-json\/wp\/v2\/product_tag?post=7202"}],"curies":[{"name":"wp","href":"https:\/\/api.w.org\/{rel}","templated":true}]}}