{"id":7151,"date":"2025-06-13T15:53:33","date_gmt":"2025-06-13T13:53:33","guid":{"rendered":"https:\/\/pisarna.novisplet.com\/dev2\/mivam_old\/?post_type=product&#038;p=7151"},"modified":"2025-06-18T16:31:28","modified_gmt":"2025-06-18T14:31:28","slug":"etac-feed-dozirni-loncek","status":"publish","type":"product","link":"https:\/\/www.mivam.com\/en\/izdelek\/etac-feed-dozirni-loncek\/","title":{"rendered":"ETAC FEED dozirni lon\u010dek"},"content":{"rendered":"<div class=\"wpb-content-wrapper\"><p>[vc_row full_width=&#8221;stretch_row&#8221;][vc_column][vc_column_text]<\/p>\n<h3 style=\"text-align: left\">Razli\u010dice<\/h3>\n<p>[\/vc_column_text][vc_column_text]<\/p>\n<table>\n<thead>\n<tr>\n<th colspan=\"1\"><\/th>\n<th>\n<div class=\"text-muted u-textRegularXs\"><\/div>\n<p><span style=\"vertical-align: inherit\"><span style=\"vertical-align: inherit\">\u0160tevilka artikla<\/span><\/span><\/th>\n<th>\n<div class=\"text-muted u-textRegularXs\"><\/div>\n<p><span style=\"vertical-align: inherit\"><span style=\"vertical-align: inherit\">Oblikovanje<\/span><\/span><\/th>\n<th>\n<div class=\"text-muted u-textRegularXs\"><\/div>\n<p><span style=\"vertical-align: inherit\"><span style=\"vertical-align: inherit\">Material<\/span><\/span><\/th>\n<th>\n<div class=\"text-muted u-textRegularXs\"><\/div>\n<p><span style=\"vertical-align: inherit\"><span style=\"vertical-align: inherit\">Te\u017ea (g)<\/span><\/span><\/th>\n<\/tr>\n<\/thead>\n<tbody>\n<tr>\n<td class=\"font-weight-bold\"><span style=\"vertical-align: inherit\"><span style=\"vertical-align: inherit\">Vr\u010dek za odmerek krme Etac<\/span><\/span><\/td>\n<td><span style=\"vertical-align: inherit\"><span style=\"vertical-align: inherit\">80404101<\/span><\/span><\/td>\n<td><span style=\"vertical-align: inherit\"><span style=\"vertical-align: inherit\">Ergonomska zasnova<\/span><\/span><\/td>\n<td><span style=\"vertical-align: inherit\"><span style=\"vertical-align: inherit\">Polikarbonat<\/span><\/span><\/td>\n<td><span style=\"vertical-align: inherit\"><span style=\"vertical-align: inherit\">40<\/span><\/span><\/td>\n<\/tr>\n<\/tbody>\n<\/table>\n<p>[\/vc_column_text][vc_column_text]<a href=\"https:\/\/www.mivam.com\/wp-content\/uploads\/2025\/06\/navodila-za-pranje-9.jpg\" target=\"_blank\" rel=\"noopener\">Navodila za pranje<\/a>[\/vc_column_text][\/vc_column][\/vc_row]<\/p>\n<\/div>","protected":false},"excerpt":{"rendered":"<p class=\"u-headerSm\"><strong>Lon\u010dek za odmerjanje hrane je zasnovan tako, da olaj\u0161a pomo\u010d pri pitju.<\/strong><\/p>\n<div>\n<p>Oblika ustnika zagotavlja dober stik z ustnicami in zmanj\u0161uje potrebo po nagibanju glave nazaj za varno to\u010denje. Ta lon\u010dek je prozoren in ima oznake za \u00bd dl in 1 dl.<\/p>\n<\/div>\n","protected":false},"featured_media":7152,"comment_status":"closed","ping_status":"closed","template":"","meta":[],"product_brand":[],"product_cat":[228,59],"product_tag":[428,100,427,407,421,423,429,390,422,420,424,430],"class_list":{"0":"post-7151","1":"product","2":"type-product","3":"status-publish","4":"has-post-thumbnail","6":"product_cat-za-vsakdanjo-uporabo","7":"product_cat-pripomocki-za-gospodinjstvo","8":"product_tag-dose","9":"product_tag-etac","10":"product_tag-etac-feed-dose-mug","11":"product_tag-feed","12":"product_tag-kozarec","13":"product_tag-medicinski-kozarec","14":"product_tag-mug","15":"product_tag-prilagojeni","16":"product_tag-prilagojeni-kozarec","17":"product_tag-rob","18":"product_tag-rocaj","19":"product_tag-sesalnik","21":"first","22":"instock","23":"taxable","24":"shipping-taxable","25":"purchasable","26":"product-type-simple"},"yoast_head":"<!-- This site is optimized with the Yoast SEO plugin v24.0 - https:\/\/yoast.com\/wordpress\/plugins\/seo\/ -->\n<title>ETAC FEED dozirni lon\u010dek - Mi Vam<\/title>\n<meta name=\"description\" content=\"Lon\u010dek za odmerjanje hrane je zasnovan tako, da olaj\u0161a pomo\u010d pri pitju.    Oblika ustnika zagotavlja dober stik z ustnicami in zmanj\u0161uje potrebo po nagibanju glave nazaj za varno to\u010denje. Ta lon\u010dek je prozoren in ima oznake za \u00bd dl in 1 dl.\" \/>\n<meta name=\"robots\" content=\"index, follow, max-snippet:-1, max-image-preview:large, max-video-preview:-1\" \/>\n<link rel=\"canonical\" href=\"https:\/\/www.mivam.com\/izdelek\/etac-feed-dozirni-loncek\/\" \/>\n<meta property=\"og:locale\" content=\"en_US\" \/>\n<meta property=\"og:type\" content=\"article\" \/>\n<meta property=\"og:title\" content=\"ETAC FEED dozirni lon\u010dek - Mi Vam\" \/>\n<meta property=\"og:description\" content=\"Lon\u010dek za odmerjanje hrane je zasnovan tako, da olaj\u0161a pomo\u010d pri pitju.    Oblika ustnika zagotavlja dober stik z ustnicami in zmanj\u0161uje potrebo po nagibanju glave nazaj za varno to\u010denje. Ta lon\u010dek je prozoren in ima oznake za \u00bd dl in 1 dl.\" \/>\n<meta property=\"og:url\" content=\"https:\/\/www.mivam.com\/izdelek\/etac-feed-dozirni-loncek\/\" \/>\n<meta property=\"og:site_name\" content=\"Mi Vam\" \/>\n<meta property=\"article:modified_time\" content=\"2025-06-18T14:31:28+00:00\" \/>\n<meta property=\"og:image\" content=\"https:\/\/www.mivam.com\/wp-content\/uploads\/2025\/06\/etac-feed-dose-mug-main-image.webp\" \/>\n\t<meta property=\"og:image:width\" content=\"1100\" \/>\n\t<meta property=\"og:image:height\" content=\"1100\" \/>\n\t<meta property=\"og:image:type\" content=\"image\/webp\" \/>\n<meta name=\"twitter:card\" content=\"summary_large_image\" \/>\n<meta name=\"twitter:label1\" content=\"Est. reading time\" \/>\n\t<meta name=\"twitter:data1\" content=\"1 minute\" \/>\n<script type=\"application\/ld+json\" class=\"yoast-schema-graph\">{\"@context\":\"https:\/\/schema.org\",\"@graph\":[{\"@type\":\"WebPage\",\"@id\":\"https:\/\/www.mivam.com\/izdelek\/etac-feed-dozirni-loncek\/\",\"url\":\"https:\/\/www.mivam.com\/izdelek\/etac-feed-dozirni-loncek\/\",\"name\":\"ETAC FEED dozirni lon\u010dek - Mi Vam\",\"isPartOf\":{\"@id\":\"https:\/\/www.mivam.com\/#website\"},\"primaryImageOfPage\":{\"@id\":\"https:\/\/www.mivam.com\/izdelek\/etac-feed-dozirni-loncek\/#primaryimage\"},\"image\":{\"@id\":\"https:\/\/www.mivam.com\/izdelek\/etac-feed-dozirni-loncek\/#primaryimage\"},\"thumbnailUrl\":\"https:\/\/www.mivam.com\/wp-content\/uploads\/2025\/06\/etac-feed-dose-mug-main-image.webp\",\"datePublished\":\"2025-06-13T13:53:33+00:00\",\"dateModified\":\"2025-06-18T14:31:28+00:00\",\"description\":\"Lon\u010dek za odmerjanje hrane je zasnovan tako, da olaj\u0161a pomo\u010d pri pitju. Oblika ustnika zagotavlja dober stik z ustnicami in zmanj\u0161uje potrebo po nagibanju glave nazaj za varno to\u010denje. Ta lon\u010dek je prozoren in ima oznake za \u00bd dl in 1 dl.\",\"breadcrumb\":{\"@id\":\"https:\/\/www.mivam.com\/izdelek\/etac-feed-dozirni-loncek\/#breadcrumb\"},\"inLanguage\":\"en-US\",\"potentialAction\":[{\"@type\":\"ReadAction\",\"target\":[\"https:\/\/www.mivam.com\/izdelek\/etac-feed-dozirni-loncek\/\"]}]},{\"@type\":\"ImageObject\",\"inLanguage\":\"en-US\",\"@id\":\"https:\/\/www.mivam.com\/izdelek\/etac-feed-dozirni-loncek\/#primaryimage\",\"url\":\"https:\/\/www.mivam.com\/wp-content\/uploads\/2025\/06\/etac-feed-dose-mug-main-image.webp\",\"contentUrl\":\"https:\/\/www.mivam.com\/wp-content\/uploads\/2025\/06\/etac-feed-dose-mug-main-image.webp\",\"width\":1100,\"height\":1100,\"caption\":\"ETAC FEED dozirni lon\u010dek\"},{\"@type\":\"BreadcrumbList\",\"@id\":\"https:\/\/www.mivam.com\/izdelek\/etac-feed-dozirni-loncek\/#breadcrumb\",\"itemListElement\":[{\"@type\":\"ListItem\",\"position\":1,\"name\":\"Domov\",\"item\":\"https:\/\/www.mivam.com\/\"},{\"@type\":\"ListItem\",\"position\":2,\"name\":\"Shop\",\"item\":\"https:\/\/www.mivam.com\/en\/shop\/\"},{\"@type\":\"ListItem\",\"position\":3,\"name\":\"Za vsakdanjo uporabo\",\"item\":\"https:\/\/www.mivam.com\/kategorija-izdelka\/za-vsakdanjo-uporabo\/\"},{\"@type\":\"ListItem\",\"position\":4,\"name\":\"ETAC FEED dozirni lon\u010dek\"}]},{\"@type\":\"WebSite\",\"@id\":\"https:\/\/www.mivam.com\/#website\",\"url\":\"https:\/\/www.mivam.com\/\",\"name\":\"Mi Vam\",\"description\":\"Medicinski pripomo\u010dki in re\u0161itve za manj odvisno \u017eivljenje.\",\"potentialAction\":[{\"@type\":\"SearchAction\",\"target\":{\"@type\":\"EntryPoint\",\"urlTemplate\":\"https:\/\/www.mivam.com\/?s={search_term_string}\"},\"query-input\":{\"@type\":\"PropertyValueSpecification\",\"valueRequired\":true,\"valueName\":\"search_term_string\"}}],\"inLanguage\":\"en-US\"}]}<\/script>\n<!-- \/ Yoast SEO plugin. -->","yoast_head_json":{"title":"ETAC FEED dozirni lon\u010dek - Mi Vam","description":"Lon\u010dek za odmerjanje hrane je zasnovan tako, da olaj\u0161a pomo\u010d pri pitju.    Oblika ustnika zagotavlja dober stik z ustnicami in zmanj\u0161uje potrebo po nagibanju glave nazaj za varno to\u010denje. Ta lon\u010dek je prozoren in ima oznake za \u00bd dl in 1 dl.","robots":{"index":"index","follow":"follow","max-snippet":"max-snippet:-1","max-image-preview":"max-image-preview:large","max-video-preview":"max-video-preview:-1"},"canonical":"https:\/\/www.mivam.com\/izdelek\/etac-feed-dozirni-loncek\/","og_locale":"en_US","og_type":"article","og_title":"ETAC FEED dozirni lon\u010dek - Mi Vam","og_description":"Lon\u010dek za odmerjanje hrane je zasnovan tako, da olaj\u0161a pomo\u010d pri pitju.    Oblika ustnika zagotavlja dober stik z ustnicami in zmanj\u0161uje potrebo po nagibanju glave nazaj za varno to\u010denje. Ta lon\u010dek je prozoren in ima oznake za \u00bd dl in 1 dl.","og_url":"https:\/\/www.mivam.com\/izdelek\/etac-feed-dozirni-loncek\/","og_site_name":"Mi Vam","article_modified_time":"2025-06-18T14:31:28+00:00","og_image":[{"width":1100,"height":1100,"url":"https:\/\/www.mivam.com\/wp-content\/uploads\/2025\/06\/etac-feed-dose-mug-main-image.webp","type":"image\/webp"}],"twitter_card":"summary_large_image","twitter_misc":{"Est. reading time":"1 minute"},"schema":{"@context":"https:\/\/schema.org","@graph":[{"@type":"WebPage","@id":"https:\/\/www.mivam.com\/izdelek\/etac-feed-dozirni-loncek\/","url":"https:\/\/www.mivam.com\/izdelek\/etac-feed-dozirni-loncek\/","name":"ETAC FEED dozirni lon\u010dek - Mi Vam","isPartOf":{"@id":"https:\/\/www.mivam.com\/#website"},"primaryImageOfPage":{"@id":"https:\/\/www.mivam.com\/izdelek\/etac-feed-dozirni-loncek\/#primaryimage"},"image":{"@id":"https:\/\/www.mivam.com\/izdelek\/etac-feed-dozirni-loncek\/#primaryimage"},"thumbnailUrl":"https:\/\/www.mivam.com\/wp-content\/uploads\/2025\/06\/etac-feed-dose-mug-main-image.webp","datePublished":"2025-06-13T13:53:33+00:00","dateModified":"2025-06-18T14:31:28+00:00","description":"Lon\u010dek za odmerjanje hrane je zasnovan tako, da olaj\u0161a pomo\u010d pri pitju. Oblika ustnika zagotavlja dober stik z ustnicami in zmanj\u0161uje potrebo po nagibanju glave nazaj za varno to\u010denje. Ta lon\u010dek je prozoren in ima oznake za \u00bd dl in 1 dl.","breadcrumb":{"@id":"https:\/\/www.mivam.com\/izdelek\/etac-feed-dozirni-loncek\/#breadcrumb"},"inLanguage":"en-US","potentialAction":[{"@type":"ReadAction","target":["https:\/\/www.mivam.com\/izdelek\/etac-feed-dozirni-loncek\/"]}]},{"@type":"ImageObject","inLanguage":"en-US","@id":"https:\/\/www.mivam.com\/izdelek\/etac-feed-dozirni-loncek\/#primaryimage","url":"https:\/\/www.mivam.com\/wp-content\/uploads\/2025\/06\/etac-feed-dose-mug-main-image.webp","contentUrl":"https:\/\/www.mivam.com\/wp-content\/uploads\/2025\/06\/etac-feed-dose-mug-main-image.webp","width":1100,"height":1100,"caption":"ETAC FEED dozirni lon\u010dek"},{"@type":"BreadcrumbList","@id":"https:\/\/www.mivam.com\/izdelek\/etac-feed-dozirni-loncek\/#breadcrumb","itemListElement":[{"@type":"ListItem","position":1,"name":"Domov","item":"https:\/\/www.mivam.com\/"},{"@type":"ListItem","position":2,"name":"Shop","item":"https:\/\/www.mivam.com\/en\/shop\/"},{"@type":"ListItem","position":3,"name":"Za vsakdanjo uporabo","item":"https:\/\/www.mivam.com\/kategorija-izdelka\/za-vsakdanjo-uporabo\/"},{"@type":"ListItem","position":4,"name":"ETAC FEED dozirni lon\u010dek"}]},{"@type":"WebSite","@id":"https:\/\/www.mivam.com\/#website","url":"https:\/\/www.mivam.com\/","name":"Mi Vam","description":"Medicinski pripomo\u010dki in re\u0161itve za manj odvisno \u017eivljenje.","potentialAction":[{"@type":"SearchAction","target":{"@type":"EntryPoint","urlTemplate":"https:\/\/www.mivam.com\/?s={search_term_string}"},"query-input":{"@type":"PropertyValueSpecification","valueRequired":true,"valueName":"search_term_string"}}],"inLanguage":"en-US"}]}},"_links":{"self":[{"href":"https:\/\/www.mivam.com\/en\/wp-json\/wp\/v2\/product\/7151","targetHints":{"allow":["GET"]}}],"collection":[{"href":"https:\/\/www.mivam.com\/en\/wp-json\/wp\/v2\/product"}],"about":[{"href":"https:\/\/www.mivam.com\/en\/wp-json\/wp\/v2\/types\/product"}],"replies":[{"embeddable":true,"href":"https:\/\/www.mivam.com\/en\/wp-json\/wp\/v2\/comments?post=7151"}],"wp:featuredmedia":[{"embeddable":true,"href":"https:\/\/www.mivam.com\/en\/wp-json\/wp\/v2\/media\/7152"}],"wp:attachment":[{"href":"https:\/\/www.mivam.com\/en\/wp-json\/wp\/v2\/media?parent=7151"}],"wp:term":[{"taxonomy":"product_brand","embeddable":true,"href":"https:\/\/www.mivam.com\/en\/wp-json\/wp\/v2\/product_brand?post=7151"},{"taxonomy":"product_cat","embeddable":true,"href":"https:\/\/www.mivam.com\/en\/wp-json\/wp\/v2\/product_cat?post=7151"},{"taxonomy":"product_tag","embeddable":true,"href":"https:\/\/www.mivam.com\/en\/wp-json\/wp\/v2\/product_tag?post=7151"}],"curies":[{"name":"wp","href":"https:\/\/api.w.org\/{rel}","templated":true}]}}