{"id":7120,"date":"2025-06-13T13:58:46","date_gmt":"2025-06-13T11:58:46","guid":{"rendered":"https:\/\/pisarna.novisplet.com\/dev2\/mivam_old\/?post_type=product&#038;p=7120"},"modified":"2025-06-23T09:36:23","modified_gmt":"2025-06-23T07:36:23","slug":"etac-feed-jedilni-pribor","status":"publish","type":"product","link":"https:\/\/www.mivam.com\/en\/izdelek\/etac-feed-jedilni-pribor\/","title":{"rendered":"ETAC FEED jedilni pribor"},"content":{"rendered":"<div class=\"wpb-content-wrapper\"><p>[vc_row full_width=&#8221;stretch_row&#8221;][vc_column][vc_column_text]<\/p>\n<h3 style=\"text-align: left\">Razli\u010dice<\/h3>\n<p>[\/vc_column_text][vc_column_text]<\/p>\n<table>\n<thead>\n<tr>\n<th colspan=\"1\"><\/th>\n<th>\n<div class=\"text-muted u-textRegularXs\"><\/div>\n<p><span style=\"vertical-align: inherit\"><span style=\"vertical-align: inherit\">\u0160tevilka artikla<\/span><\/span><\/th>\n<th>\n<div class=\"text-muted u-textRegularXs\"><\/div>\n<p><span style=\"vertical-align: inherit\"><span style=\"vertical-align: inherit\">Oblikovanje<\/span><\/span><\/th>\n<th>\n<div class=\"text-muted u-textRegularXs\"><\/div>\n<p><span style=\"vertical-align: inherit\"><span style=\"vertical-align: inherit\">Dol\u017eina (mm)<\/span><\/span><\/th>\n<th>\n<div class=\"text-muted u-textRegularXs\"><\/div>\n<p><span style=\"vertical-align: inherit\"><span style=\"vertical-align: inherit\">Material<\/span><\/span><\/th>\n<th>\n<div class=\"text-muted u-textRegularXs\"><\/div>\n<p><span style=\"vertical-align: inherit\"><span style=\"vertical-align: inherit\">Te\u017ea (g)<\/span><\/span><\/th>\n<\/tr>\n<\/thead>\n<tbody>\n<tr>\n<td class=\"font-weight-bold\"><span style=\"vertical-align: inherit\"><span style=\"vertical-align: inherit\">\u017dlica, majhna<\/span><\/span><\/td>\n<td><span style=\"vertical-align: inherit\"><span style=\"vertical-align: inherit\">80403102<\/span><\/span><\/td>\n<td><span style=\"vertical-align: inherit\"><span style=\"vertical-align: inherit\">Ergonomska zasnova<\/span><\/span><\/td>\n<td><span style=\"vertical-align: inherit\"><span style=\"vertical-align: inherit\">200<\/span><\/span><\/td>\n<td><span style=\"vertical-align: inherit\"><span style=\"vertical-align: inherit\">Termoplasti\u010dni poliester<\/span><\/span><\/td>\n<td><span style=\"vertical-align: inherit\"><span style=\"vertical-align: inherit\">31<\/span><\/span><\/td>\n<\/tr>\n<tr>\n<td class=\"font-weight-bold\"><span style=\"vertical-align: inherit\"><span style=\"vertical-align: inherit\">\u017dlica, standardna<\/span><\/span><\/td>\n<td><span style=\"vertical-align: inherit\"><span style=\"vertical-align: inherit\">80403101<\/span><\/span><\/td>\n<td><span style=\"vertical-align: inherit\"><span style=\"vertical-align: inherit\">Ergonomska zasnova<\/span><\/span><\/td>\n<td><span style=\"vertical-align: inherit\"><span style=\"vertical-align: inherit\">220<\/span><\/span><\/td>\n<td><span style=\"vertical-align: inherit\"><span style=\"vertical-align: inherit\">Termoplasti\u010dni poliester<\/span><\/span><\/td>\n<td><span style=\"vertical-align: inherit\"><span style=\"vertical-align: inherit\">37<\/span><\/span><\/td>\n<\/tr>\n<tr>\n<td class=\"font-weight-bold\"><span style=\"vertical-align: inherit\"><span style=\"vertical-align: inherit\">Vilice<\/span><\/span><\/td>\n<td><span style=\"vertical-align: inherit\"><span style=\"vertical-align: inherit\">80403103<\/span><\/span><\/td>\n<td><span style=\"vertical-align: inherit\"><span style=\"vertical-align: inherit\">Ergonomska zasnova<\/span><\/span><\/td>\n<td><span style=\"vertical-align: inherit\"><span style=\"vertical-align: inherit\">220<\/span><\/span><\/td>\n<td><span style=\"vertical-align: inherit\"><span style=\"vertical-align: inherit\">Termoplasti\u010dni poliester<\/span><\/span><\/td>\n<td><span style=\"vertical-align: inherit\"><span style=\"vertical-align: inherit\">34<\/span><\/span><\/td>\n<\/tr>\n<\/tbody>\n<\/table>\n<p>[\/vc_column_text][vc_column_text]<a href=\"https:\/\/www.mivam.com\/wp-content\/uploads\/2025\/06\/vodnik-po-velikosti-3.jpg\" target=\"_blank\" rel=\"noopener\">Vodnik po velikosti<\/a>\u00a0 \u00a0 \u00a0|\u00a0 \u00a0 \u00a0<a href=\"https:\/\/www.mivam.com\/wp-content\/uploads\/2025\/06\/navodila-za-pranje-9.jpg\" target=\"_blank\" rel=\"noopener\">Navodila za pranje<\/a>[\/vc_column_text][\/vc_column][\/vc_row]<\/p>\n<\/div>","protected":false},"excerpt":{"rendered":"<p class=\"u-headerSm\"><strong>Jedilni pribor, ki olaj\u0161a pomo\u010d ali hranjenje osebe z omejeno sposobnostjo odpiranja ust<\/strong><\/p>\n<div>\n<p>Zgornji del ro\u010daja omogo\u010da udoben oprijem za osebo, ki pomaga, in hkrati pu\u0161\u010da prostor za prijem osebe, ki jo hranite. Ravna in gladka oblika je prijetna v ustih.<\/p>\n<\/div>\n","protected":false},"featured_media":7126,"comment_status":"closed","ping_status":"closed","template":"","meta":[],"product_brand":[],"product_cat":[228,59],"product_tag":[412,411,100,406,407,400,408,409,410,389,398,397],"class_list":{"0":"post-7120","1":"product","2":"type-product","3":"status-publish","4":"has-post-thumbnail","6":"product_cat-za-vsakdanjo-uporabo","7":"product_cat-pripomocki-za-gospodinjstvo","8":"product_tag-cajna","9":"product_tag-debelejsa-zlica","10":"product_tag-etac","11":"product_tag-etac-feed","12":"product_tag-feed","13":"product_tag-lahki-pribor","14":"product_tag-odebeljeni-pribor","15":"product_tag-otrok","16":"product_tag-otroska-zlica","17":"product_tag-pribor","18":"product_tag-vilica","19":"product_tag-zlica","21":"first","22":"instock","23":"taxable","24":"shipping-taxable","25":"purchasable","26":"product-type-variable","27":"has-default-attributes"},"yoast_head":"<!-- This site is optimized with the Yoast SEO plugin v24.0 - https:\/\/yoast.com\/wordpress\/plugins\/seo\/ -->\n<title>ETAC FEED jedilni pribor - Mi Vam<\/title>\n<meta name=\"description\" content=\"Jedilni pribor, ki olaj\u0161a pomo\u010d ali hranjenje osebe z omejeno sposobnostjo odpiranja ust    Zgornji del ro\u010daja omogo\u010da udoben oprijem za osebo, ki pomaga, in hkrati pu\u0161\u010da prostor za prijem osebe, ki jo hranite. Ravna in gladka oblika je prijetna v ustih.\" \/>\n<meta name=\"robots\" content=\"index, follow, max-snippet:-1, max-image-preview:large, max-video-preview:-1\" \/>\n<link rel=\"canonical\" href=\"https:\/\/www.mivam.com\/izdelek\/etac-feed-jedilni-pribor\/\" \/>\n<meta property=\"og:locale\" content=\"en_US\" \/>\n<meta property=\"og:type\" content=\"article\" \/>\n<meta property=\"og:title\" content=\"ETAC FEED jedilni pribor - Mi Vam\" \/>\n<meta property=\"og:description\" content=\"Jedilni pribor, ki olaj\u0161a pomo\u010d ali hranjenje osebe z omejeno sposobnostjo odpiranja ust    Zgornji del ro\u010daja omogo\u010da udoben oprijem za osebo, ki pomaga, in hkrati pu\u0161\u010da prostor za prijem osebe, ki jo hranite. Ravna in gladka oblika je prijetna v ustih.\" \/>\n<meta property=\"og:url\" content=\"https:\/\/www.mivam.com\/izdelek\/etac-feed-jedilni-pribor\/\" \/>\n<meta property=\"og:site_name\" content=\"Mi Vam\" \/>\n<meta property=\"article:modified_time\" content=\"2025-06-23T07:36:23+00:00\" \/>\n<meta property=\"og:image\" content=\"https:\/\/www.mivam.com\/wp-content\/uploads\/2025\/06\/etac-feed-cutlery12.webp\" \/>\n\t<meta property=\"og:image:width\" content=\"1100\" \/>\n\t<meta property=\"og:image:height\" content=\"1100\" \/>\n\t<meta property=\"og:image:type\" content=\"image\/webp\" \/>\n<meta name=\"twitter:card\" content=\"summary_large_image\" \/>\n<meta name=\"twitter:label1\" content=\"Est. reading time\" \/>\n\t<meta name=\"twitter:data1\" content=\"1 minute\" \/>\n<script type=\"application\/ld+json\" class=\"yoast-schema-graph\">{\"@context\":\"https:\/\/schema.org\",\"@graph\":[{\"@type\":\"WebPage\",\"@id\":\"https:\/\/www.mivam.com\/izdelek\/etac-feed-jedilni-pribor\/\",\"url\":\"https:\/\/www.mivam.com\/izdelek\/etac-feed-jedilni-pribor\/\",\"name\":\"ETAC FEED jedilni pribor - Mi Vam\",\"isPartOf\":{\"@id\":\"https:\/\/www.mivam.com\/#website\"},\"primaryImageOfPage\":{\"@id\":\"https:\/\/www.mivam.com\/izdelek\/etac-feed-jedilni-pribor\/#primaryimage\"},\"image\":{\"@id\":\"https:\/\/www.mivam.com\/izdelek\/etac-feed-jedilni-pribor\/#primaryimage\"},\"thumbnailUrl\":\"https:\/\/www.mivam.com\/wp-content\/uploads\/2025\/06\/etac-feed-cutlery12.webp\",\"datePublished\":\"2025-06-13T11:58:46+00:00\",\"dateModified\":\"2025-06-23T07:36:23+00:00\",\"description\":\"Jedilni pribor, ki olaj\u0161a pomo\u010d ali hranjenje osebe z omejeno sposobnostjo odpiranja ust Zgornji del ro\u010daja omogo\u010da udoben oprijem za osebo, ki pomaga, in hkrati pu\u0161\u010da prostor za prijem osebe, ki jo hranite. Ravna in gladka oblika je prijetna v ustih.\",\"breadcrumb\":{\"@id\":\"https:\/\/www.mivam.com\/izdelek\/etac-feed-jedilni-pribor\/#breadcrumb\"},\"inLanguage\":\"en-US\",\"potentialAction\":[{\"@type\":\"ReadAction\",\"target\":[\"https:\/\/www.mivam.com\/izdelek\/etac-feed-jedilni-pribor\/\"]}]},{\"@type\":\"ImageObject\",\"inLanguage\":\"en-US\",\"@id\":\"https:\/\/www.mivam.com\/izdelek\/etac-feed-jedilni-pribor\/#primaryimage\",\"url\":\"https:\/\/www.mivam.com\/wp-content\/uploads\/2025\/06\/etac-feed-cutlery12.webp\",\"contentUrl\":\"https:\/\/www.mivam.com\/wp-content\/uploads\/2025\/06\/etac-feed-cutlery12.webp\",\"width\":1100,\"height\":1100,\"caption\":\"ETAC FEED jedilni pribor\"},{\"@type\":\"BreadcrumbList\",\"@id\":\"https:\/\/www.mivam.com\/izdelek\/etac-feed-jedilni-pribor\/#breadcrumb\",\"itemListElement\":[{\"@type\":\"ListItem\",\"position\":1,\"name\":\"Domov\",\"item\":\"https:\/\/www.mivam.com\/\"},{\"@type\":\"ListItem\",\"position\":2,\"name\":\"Shop\",\"item\":\"https:\/\/www.mivam.com\/en\/shop\/\"},{\"@type\":\"ListItem\",\"position\":3,\"name\":\"Za vsakdanjo uporabo\",\"item\":\"https:\/\/www.mivam.com\/kategorija-izdelka\/za-vsakdanjo-uporabo\/\"},{\"@type\":\"ListItem\",\"position\":4,\"name\":\"ETAC FEED jedilni pribor\"}]},{\"@type\":\"WebSite\",\"@id\":\"https:\/\/www.mivam.com\/#website\",\"url\":\"https:\/\/www.mivam.com\/\",\"name\":\"Mi Vam\",\"description\":\"Medicinski pripomo\u010dki in re\u0161itve za manj odvisno \u017eivljenje.\",\"potentialAction\":[{\"@type\":\"SearchAction\",\"target\":{\"@type\":\"EntryPoint\",\"urlTemplate\":\"https:\/\/www.mivam.com\/?s={search_term_string}\"},\"query-input\":{\"@type\":\"PropertyValueSpecification\",\"valueRequired\":true,\"valueName\":\"search_term_string\"}}],\"inLanguage\":\"en-US\"}]}<\/script>\n<!-- \/ Yoast SEO plugin. -->","yoast_head_json":{"title":"ETAC FEED jedilni pribor - Mi Vam","description":"Jedilni pribor, ki olaj\u0161a pomo\u010d ali hranjenje osebe z omejeno sposobnostjo odpiranja ust    Zgornji del ro\u010daja omogo\u010da udoben oprijem za osebo, ki pomaga, in hkrati pu\u0161\u010da prostor za prijem osebe, ki jo hranite. Ravna in gladka oblika je prijetna v ustih.","robots":{"index":"index","follow":"follow","max-snippet":"max-snippet:-1","max-image-preview":"max-image-preview:large","max-video-preview":"max-video-preview:-1"},"canonical":"https:\/\/www.mivam.com\/izdelek\/etac-feed-jedilni-pribor\/","og_locale":"en_US","og_type":"article","og_title":"ETAC FEED jedilni pribor - Mi Vam","og_description":"Jedilni pribor, ki olaj\u0161a pomo\u010d ali hranjenje osebe z omejeno sposobnostjo odpiranja ust    Zgornji del ro\u010daja omogo\u010da udoben oprijem za osebo, ki pomaga, in hkrati pu\u0161\u010da prostor za prijem osebe, ki jo hranite. Ravna in gladka oblika je prijetna v ustih.","og_url":"https:\/\/www.mivam.com\/izdelek\/etac-feed-jedilni-pribor\/","og_site_name":"Mi Vam","article_modified_time":"2025-06-23T07:36:23+00:00","og_image":[{"width":1100,"height":1100,"url":"https:\/\/www.mivam.com\/wp-content\/uploads\/2025\/06\/etac-feed-cutlery12.webp","type":"image\/webp"}],"twitter_card":"summary_large_image","twitter_misc":{"Est. reading time":"1 minute"},"schema":{"@context":"https:\/\/schema.org","@graph":[{"@type":"WebPage","@id":"https:\/\/www.mivam.com\/izdelek\/etac-feed-jedilni-pribor\/","url":"https:\/\/www.mivam.com\/izdelek\/etac-feed-jedilni-pribor\/","name":"ETAC FEED jedilni pribor - Mi Vam","isPartOf":{"@id":"https:\/\/www.mivam.com\/#website"},"primaryImageOfPage":{"@id":"https:\/\/www.mivam.com\/izdelek\/etac-feed-jedilni-pribor\/#primaryimage"},"image":{"@id":"https:\/\/www.mivam.com\/izdelek\/etac-feed-jedilni-pribor\/#primaryimage"},"thumbnailUrl":"https:\/\/www.mivam.com\/wp-content\/uploads\/2025\/06\/etac-feed-cutlery12.webp","datePublished":"2025-06-13T11:58:46+00:00","dateModified":"2025-06-23T07:36:23+00:00","description":"Jedilni pribor, ki olaj\u0161a pomo\u010d ali hranjenje osebe z omejeno sposobnostjo odpiranja ust Zgornji del ro\u010daja omogo\u010da udoben oprijem za osebo, ki pomaga, in hkrati pu\u0161\u010da prostor za prijem osebe, ki jo hranite. Ravna in gladka oblika je prijetna v ustih.","breadcrumb":{"@id":"https:\/\/www.mivam.com\/izdelek\/etac-feed-jedilni-pribor\/#breadcrumb"},"inLanguage":"en-US","potentialAction":[{"@type":"ReadAction","target":["https:\/\/www.mivam.com\/izdelek\/etac-feed-jedilni-pribor\/"]}]},{"@type":"ImageObject","inLanguage":"en-US","@id":"https:\/\/www.mivam.com\/izdelek\/etac-feed-jedilni-pribor\/#primaryimage","url":"https:\/\/www.mivam.com\/wp-content\/uploads\/2025\/06\/etac-feed-cutlery12.webp","contentUrl":"https:\/\/www.mivam.com\/wp-content\/uploads\/2025\/06\/etac-feed-cutlery12.webp","width":1100,"height":1100,"caption":"ETAC FEED jedilni pribor"},{"@type":"BreadcrumbList","@id":"https:\/\/www.mivam.com\/izdelek\/etac-feed-jedilni-pribor\/#breadcrumb","itemListElement":[{"@type":"ListItem","position":1,"name":"Domov","item":"https:\/\/www.mivam.com\/"},{"@type":"ListItem","position":2,"name":"Shop","item":"https:\/\/www.mivam.com\/en\/shop\/"},{"@type":"ListItem","position":3,"name":"Za vsakdanjo uporabo","item":"https:\/\/www.mivam.com\/kategorija-izdelka\/za-vsakdanjo-uporabo\/"},{"@type":"ListItem","position":4,"name":"ETAC FEED jedilni pribor"}]},{"@type":"WebSite","@id":"https:\/\/www.mivam.com\/#website","url":"https:\/\/www.mivam.com\/","name":"Mi Vam","description":"Medicinski pripomo\u010dki in re\u0161itve za manj odvisno \u017eivljenje.","potentialAction":[{"@type":"SearchAction","target":{"@type":"EntryPoint","urlTemplate":"https:\/\/www.mivam.com\/?s={search_term_string}"},"query-input":{"@type":"PropertyValueSpecification","valueRequired":true,"valueName":"search_term_string"}}],"inLanguage":"en-US"}]}},"_links":{"self":[{"href":"https:\/\/www.mivam.com\/en\/wp-json\/wp\/v2\/product\/7120","targetHints":{"allow":["GET"]}}],"collection":[{"href":"https:\/\/www.mivam.com\/en\/wp-json\/wp\/v2\/product"}],"about":[{"href":"https:\/\/www.mivam.com\/en\/wp-json\/wp\/v2\/types\/product"}],"replies":[{"embeddable":true,"href":"https:\/\/www.mivam.com\/en\/wp-json\/wp\/v2\/comments?post=7120"}],"wp:featuredmedia":[{"embeddable":true,"href":"https:\/\/www.mivam.com\/en\/wp-json\/wp\/v2\/media\/7126"}],"wp:attachment":[{"href":"https:\/\/www.mivam.com\/en\/wp-json\/wp\/v2\/media?parent=7120"}],"wp:term":[{"taxonomy":"product_brand","embeddable":true,"href":"https:\/\/www.mivam.com\/en\/wp-json\/wp\/v2\/product_brand?post=7120"},{"taxonomy":"product_cat","embeddable":true,"href":"https:\/\/www.mivam.com\/en\/wp-json\/wp\/v2\/product_cat?post=7120"},{"taxonomy":"product_tag","embeddable":true,"href":"https:\/\/www.mivam.com\/en\/wp-json\/wp\/v2\/product_tag?post=7120"}],"curies":[{"name":"wp","href":"https:\/\/api.w.org\/{rel}","templated":true}]}}