{"id":7108,"date":"2025-06-13T13:46:31","date_gmt":"2025-06-13T11:46:31","guid":{"rendered":"https:\/\/pisarna.novisplet.com\/dev2\/mivam_old\/?post_type=product&#038;p=7108"},"modified":"2025-06-23T09:36:58","modified_gmt":"2025-06-23T07:36:58","slug":"etac-light-kotna-zlica","status":"publish","type":"product","link":"https:\/\/www.mivam.com\/en\/izdelek\/etac-light-kotna-zlica\/","title":{"rendered":"ETAC LIGHT kotna \u017elica"},"content":{"rendered":"<div class=\"wpb-content-wrapper\"><p>[vc_row full_width=&#8221;stretch_row&#8221;][vc_column][vc_column_text]<strong>Jedilni pribor Etac Light<\/strong><\/p>\n<p>Lahki jedilni pribor olaj\u0161a prehranjevanje, ko je gibljivost rok in podlakti omejena. Na voljo so razli\u010dni modeli in seveda so vsi lahki.<\/p>\n<p>Skupna zna\u010dilnost vsega jedilnega pribora Light je funkcionalna zasnova ro\u010daja in oblika, ki zagotavlja stabilen in udoben oprijem.<\/p>\n<p>Vsak jedilni pribor ima svojo edinstveno obliko in dizajn glede na njegovo specifi\u010dno uporabo in za kompenzacijo zmanj\u0161ane funkcionalnosti rok.[\/vc_column_text][\/vc_column][\/vc_row][vc_row full_width=&#8221;stretch_row&#8221;][vc_column][vc_empty_space height=&#8221;60px&#8221;][vc_column_text]<\/p>\n<h3 style=\"text-align: left\">Razli\u010dice<\/h3>\n<p>[\/vc_column_text][vc_column_text]<\/p>\n<table>\n<thead>\n<tr>\n<th colspan=\"1\"><\/th>\n<th>\n<div class=\"text-muted u-textRegularXs\"><\/div>\n<p><span style=\"vertical-align: inherit\"><span style=\"vertical-align: inherit\">\u0160tevilka artikla<\/span><\/span><\/th>\n<th>\n<div class=\"text-muted u-textRegularXs\"><\/div>\n<p><span style=\"vertical-align: inherit\"><span style=\"vertical-align: inherit\">Oblikovanje<\/span><\/span><\/th>\n<th>\n<div class=\"text-muted u-textRegularXs\"><\/div>\n<p><span style=\"vertical-align: inherit\"><span style=\"vertical-align: inherit\">Dol\u017eina (mm)<\/span><\/span><\/th>\n<th>\n<div class=\"text-muted u-textRegularXs\"><\/div>\n<p><span style=\"vertical-align: inherit\"><span style=\"vertical-align: inherit\">Material<\/span><\/span><\/th>\n<th>\n<div class=\"text-muted u-textRegularXs\"><\/div>\n<p><span style=\"vertical-align: inherit\"><span style=\"vertical-align: inherit\">Te\u017ea (g)<\/span><\/span><\/th>\n<\/tr>\n<\/thead>\n<tbody>\n<tr>\n<td class=\"font-weight-bold\"><span style=\"vertical-align: inherit\"><span style=\"vertical-align: inherit\">Za desno roko<\/span><\/span><\/td>\n<td><span style=\"vertical-align: inherit\"><span style=\"vertical-align: inherit\">80403201<\/span><\/span><\/td>\n<td><span style=\"vertical-align: inherit\"><span style=\"vertical-align: inherit\">Ergonomska zasnova<\/span><\/span><\/td>\n<td><span style=\"vertical-align: inherit\"><span style=\"vertical-align: inherit\">190<\/span><\/span><\/td>\n<td><span style=\"vertical-align: inherit\"><span style=\"vertical-align: inherit\">Deli pripomo\u010dka: nerjave\u010de jeklo. Ro\u010daj: ABS plastika<\/span><\/span><\/td>\n<td><span style=\"vertical-align: inherit\"><span style=\"vertical-align: inherit\">35<\/span><\/span><\/td>\n<\/tr>\n<tr>\n<td class=\"font-weight-bold\"><span style=\"vertical-align: inherit\"><span style=\"vertical-align: inherit\">Za levo roko<\/span><\/span><\/td>\n<td><span style=\"vertical-align: inherit\"><span style=\"vertical-align: inherit\">80403202<\/span><\/span><\/td>\n<td><span style=\"vertical-align: inherit\"><span style=\"vertical-align: inherit\">Ergonomska zasnova<\/span><\/span><\/td>\n<td><span style=\"vertical-align: inherit\"><span style=\"vertical-align: inherit\">190<\/span><\/span><\/td>\n<td><span style=\"vertical-align: inherit\"><span style=\"vertical-align: inherit\">Deli pripomo\u010dka: nerjave\u010de jeklo. Ro\u010daj: ABS plastika<\/span><\/span><\/td>\n<td><span style=\"vertical-align: inherit\"><span style=\"vertical-align: inherit\">35<\/span><\/span><\/td>\n<\/tr>\n<\/tbody>\n<\/table>\n<p>[\/vc_column_text][vc_column_text]<a href=\"https:\/\/www.mivam.com\/wp-content\/uploads\/2025\/06\/navodila-za-pranje-9.jpg\" target=\"_blank\" rel=\"noopener\">Navodila za pranje<\/a>[\/vc_column_text][vc_empty_space height=&#8221;60px&#8221;][\/vc_column][\/vc_row]<\/p>\n<\/div>","protected":false},"excerpt":{"rendered":"<p class=\"u-headerSm\"><strong>Lahka nagnjena \u017elica je namenjena ljudem z omejeno gibljivostjo rok in dlani.<\/strong><\/p>\n<div>\n<p>Lahka, nagnjena \u017elica je zasnovana za la\u017eji oprijem med jedjo. Dolgo nerjave\u010de steblo je mogo\u010de rahlo upogniti, da se kompenzira dodatno zmanj\u0161ana gibljivost zapestja.<\/p>\n<p>Skupna zna\u010dilnost vseh lahkih jedilnih pripomo\u010dkov je funkcionalna zasnova ro\u010daja, ki omogo\u010da stabilen in udoben oprijem. Poleg tega ima vsak jedilni pribor svojo edinstveno obliko glede na specifi\u010dno uporabo in za kompenzacijo zmanj\u0161ane gibljivosti roke.<\/p>\n<p>Ta izdelek je primeren za pomivanje v pomivalnem stroju za enostavno \u010di\u0161\u010denje.<\/p>\n<\/div>\n","protected":false},"featured_media":7118,"comment_status":"closed","ping_status":"closed","template":"","meta":[],"product_brand":[],"product_cat":[228,59],"product_tag":[100,393,404,400,394,389,403,405,397],"class_list":{"0":"post-7108","1":"product","2":"type-product","3":"status-publish","4":"has-post-thumbnail","6":"product_cat-za-vsakdanjo-uporabo","7":"product_cat-pripomocki-za-gospodinjstvo","8":"product_tag-etac","9":"product_tag-etac-light","10":"product_tag-kotna","11":"product_tag-lahki-pribor","12":"product_tag-light","13":"product_tag-pribor","14":"product_tag-pribor-z-kotno-funkcijo","15":"product_tag-ukrivljena","16":"product_tag-zlica","18":"first","19":"instock","20":"taxable","21":"shipping-taxable","22":"purchasable","23":"product-type-variable","24":"has-default-attributes"},"yoast_head":"<!-- This site is optimized with the Yoast SEO plugin v24.0 - https:\/\/yoast.com\/wordpress\/plugins\/seo\/ -->\n<title>ETAC LIGHT kotna \u017elica - Mi Vam<\/title>\n<meta name=\"description\" content=\"Lahka nagnjena \u017elica je namenjena ljudem z omejeno gibljivostjo rok in dlani.    Lahka, nagnjena \u017elica je zasnovana za la\u017eji oprijem med jedjo. Dolgo nerjave\u010de steblo je mogo\u010de rahlo upogniti, da se kompenzira dodatno zmanj\u0161ana gibljivost zapestja.  Skupna zna\u010dilnost vseh lahkih jedilnih pripomo\u010dkov je funkcionalna zasnova ro\u010daja, ki omogo\u010da stabilen in udoben oprijem. Poleg tega ima vsak jedilni pribor svojo edinstveno obliko glede na specifi\u010dno uporabo in za kompenzacijo zmanj\u0161ane gibljivosti roke.  Ta izdelek je primeren za pomivanje v pomivalnem stroju za enostavno \u010di\u0161\u010denje.\" \/>\n<meta name=\"robots\" content=\"index, follow, max-snippet:-1, max-image-preview:large, max-video-preview:-1\" \/>\n<link rel=\"canonical\" href=\"https:\/\/www.mivam.com\/izdelek\/etac-light-kotna-zlica\/\" \/>\n<meta property=\"og:locale\" content=\"en_US\" \/>\n<meta property=\"og:type\" content=\"article\" \/>\n<meta property=\"og:title\" content=\"ETAC LIGHT kotna \u017elica - Mi Vam\" \/>\n<meta property=\"og:description\" content=\"Lahka nagnjena \u017elica je namenjena ljudem z omejeno gibljivostjo rok in dlani.    Lahka, nagnjena \u017elica je zasnovana za la\u017eji oprijem med jedjo. Dolgo nerjave\u010de steblo je mogo\u010de rahlo upogniti, da se kompenzira dodatno zmanj\u0161ana gibljivost zapestja.  Skupna zna\u010dilnost vseh lahkih jedilnih pripomo\u010dkov je funkcionalna zasnova ro\u010daja, ki omogo\u010da stabilen in udoben oprijem. Poleg tega ima vsak jedilni pribor svojo edinstveno obliko glede na specifi\u010dno uporabo in za kompenzacijo zmanj\u0161ane gibljivosti roke.  Ta izdelek je primeren za pomivanje v pomivalnem stroju za enostavno \u010di\u0161\u010denje.\" \/>\n<meta property=\"og:url\" content=\"https:\/\/www.mivam.com\/izdelek\/etac-light-kotna-zlica\/\" \/>\n<meta property=\"og:site_name\" content=\"Mi Vam\" \/>\n<meta property=\"article:modified_time\" content=\"2025-06-23T07:36:58+00:00\" \/>\n<meta property=\"og:image\" content=\"https:\/\/www.mivam.com\/wp-content\/uploads\/2025\/06\/etac-light-cutlery-angled-spoon.webp\" \/>\n\t<meta property=\"og:image:width\" content=\"1100\" \/>\n\t<meta property=\"og:image:height\" content=\"1100\" \/>\n\t<meta property=\"og:image:type\" content=\"image\/webp\" \/>\n<meta name=\"twitter:card\" content=\"summary_large_image\" \/>\n<meta name=\"twitter:label1\" content=\"Est. reading time\" \/>\n\t<meta name=\"twitter:data1\" content=\"1 minute\" \/>\n<script type=\"application\/ld+json\" class=\"yoast-schema-graph\">{\"@context\":\"https:\/\/schema.org\",\"@graph\":[{\"@type\":\"WebPage\",\"@id\":\"https:\/\/www.mivam.com\/izdelek\/etac-light-kotna-zlica\/\",\"url\":\"https:\/\/www.mivam.com\/izdelek\/etac-light-kotna-zlica\/\",\"name\":\"ETAC LIGHT kotna \u017elica - Mi Vam\",\"isPartOf\":{\"@id\":\"https:\/\/www.mivam.com\/#website\"},\"primaryImageOfPage\":{\"@id\":\"https:\/\/www.mivam.com\/izdelek\/etac-light-kotna-zlica\/#primaryimage\"},\"image\":{\"@id\":\"https:\/\/www.mivam.com\/izdelek\/etac-light-kotna-zlica\/#primaryimage\"},\"thumbnailUrl\":\"https:\/\/www.mivam.com\/wp-content\/uploads\/2025\/06\/etac-light-cutlery-angled-spoon.webp\",\"datePublished\":\"2025-06-13T11:46:31+00:00\",\"dateModified\":\"2025-06-23T07:36:58+00:00\",\"description\":\"Lahka nagnjena \u017elica je namenjena ljudem z omejeno gibljivostjo rok in dlani. Lahka, nagnjena \u017elica je zasnovana za la\u017eji oprijem med jedjo. Dolgo nerjave\u010de steblo je mogo\u010de rahlo upogniti, da se kompenzira dodatno zmanj\u0161ana gibljivost zapestja. Skupna zna\u010dilnost vseh lahkih jedilnih pripomo\u010dkov je funkcionalna zasnova ro\u010daja, ki omogo\u010da stabilen in udoben oprijem. Poleg tega ima vsak jedilni pribor svojo edinstveno obliko glede na specifi\u010dno uporabo in za kompenzacijo zmanj\u0161ane gibljivosti roke. Ta izdelek je primeren za pomivanje v pomivalnem stroju za enostavno \u010di\u0161\u010denje.\",\"breadcrumb\":{\"@id\":\"https:\/\/www.mivam.com\/izdelek\/etac-light-kotna-zlica\/#breadcrumb\"},\"inLanguage\":\"en-US\",\"potentialAction\":[{\"@type\":\"ReadAction\",\"target\":[\"https:\/\/www.mivam.com\/izdelek\/etac-light-kotna-zlica\/\"]}]},{\"@type\":\"ImageObject\",\"inLanguage\":\"en-US\",\"@id\":\"https:\/\/www.mivam.com\/izdelek\/etac-light-kotna-zlica\/#primaryimage\",\"url\":\"https:\/\/www.mivam.com\/wp-content\/uploads\/2025\/06\/etac-light-cutlery-angled-spoon.webp\",\"contentUrl\":\"https:\/\/www.mivam.com\/wp-content\/uploads\/2025\/06\/etac-light-cutlery-angled-spoon.webp\",\"width\":1100,\"height\":1100,\"caption\":\"ETAC LIGHT kotna \u017elica\"},{\"@type\":\"BreadcrumbList\",\"@id\":\"https:\/\/www.mivam.com\/izdelek\/etac-light-kotna-zlica\/#breadcrumb\",\"itemListElement\":[{\"@type\":\"ListItem\",\"position\":1,\"name\":\"Domov\",\"item\":\"https:\/\/www.mivam.com\/\"},{\"@type\":\"ListItem\",\"position\":2,\"name\":\"Shop\",\"item\":\"https:\/\/www.mivam.com\/en\/shop\/\"},{\"@type\":\"ListItem\",\"position\":3,\"name\":\"Za vsakdanjo uporabo\",\"item\":\"https:\/\/www.mivam.com\/kategorija-izdelka\/za-vsakdanjo-uporabo\/\"},{\"@type\":\"ListItem\",\"position\":4,\"name\":\"ETAC LIGHT kotna \u017elica\"}]},{\"@type\":\"WebSite\",\"@id\":\"https:\/\/www.mivam.com\/#website\",\"url\":\"https:\/\/www.mivam.com\/\",\"name\":\"Mi Vam\",\"description\":\"Medicinski pripomo\u010dki in re\u0161itve za manj odvisno \u017eivljenje.\",\"potentialAction\":[{\"@type\":\"SearchAction\",\"target\":{\"@type\":\"EntryPoint\",\"urlTemplate\":\"https:\/\/www.mivam.com\/?s={search_term_string}\"},\"query-input\":{\"@type\":\"PropertyValueSpecification\",\"valueRequired\":true,\"valueName\":\"search_term_string\"}}],\"inLanguage\":\"en-US\"}]}<\/script>\n<!-- \/ Yoast SEO plugin. -->","yoast_head_json":{"title":"ETAC LIGHT kotna \u017elica - Mi Vam","description":"Lahka nagnjena \u017elica je namenjena ljudem z omejeno gibljivostjo rok in dlani.    Lahka, nagnjena \u017elica je zasnovana za la\u017eji oprijem med jedjo. Dolgo nerjave\u010de steblo je mogo\u010de rahlo upogniti, da se kompenzira dodatno zmanj\u0161ana gibljivost zapestja.  Skupna zna\u010dilnost vseh lahkih jedilnih pripomo\u010dkov je funkcionalna zasnova ro\u010daja, ki omogo\u010da stabilen in udoben oprijem. Poleg tega ima vsak jedilni pribor svojo edinstveno obliko glede na specifi\u010dno uporabo in za kompenzacijo zmanj\u0161ane gibljivosti roke.  Ta izdelek je primeren za pomivanje v pomivalnem stroju za enostavno \u010di\u0161\u010denje.","robots":{"index":"index","follow":"follow","max-snippet":"max-snippet:-1","max-image-preview":"max-image-preview:large","max-video-preview":"max-video-preview:-1"},"canonical":"https:\/\/www.mivam.com\/izdelek\/etac-light-kotna-zlica\/","og_locale":"en_US","og_type":"article","og_title":"ETAC LIGHT kotna \u017elica - Mi Vam","og_description":"Lahka nagnjena \u017elica je namenjena ljudem z omejeno gibljivostjo rok in dlani.    Lahka, nagnjena \u017elica je zasnovana za la\u017eji oprijem med jedjo. Dolgo nerjave\u010de steblo je mogo\u010de rahlo upogniti, da se kompenzira dodatno zmanj\u0161ana gibljivost zapestja.  Skupna zna\u010dilnost vseh lahkih jedilnih pripomo\u010dkov je funkcionalna zasnova ro\u010daja, ki omogo\u010da stabilen in udoben oprijem. Poleg tega ima vsak jedilni pribor svojo edinstveno obliko glede na specifi\u010dno uporabo in za kompenzacijo zmanj\u0161ane gibljivosti roke.  Ta izdelek je primeren za pomivanje v pomivalnem stroju za enostavno \u010di\u0161\u010denje.","og_url":"https:\/\/www.mivam.com\/izdelek\/etac-light-kotna-zlica\/","og_site_name":"Mi Vam","article_modified_time":"2025-06-23T07:36:58+00:00","og_image":[{"width":1100,"height":1100,"url":"https:\/\/www.mivam.com\/wp-content\/uploads\/2025\/06\/etac-light-cutlery-angled-spoon.webp","type":"image\/webp"}],"twitter_card":"summary_large_image","twitter_misc":{"Est. reading time":"1 minute"},"schema":{"@context":"https:\/\/schema.org","@graph":[{"@type":"WebPage","@id":"https:\/\/www.mivam.com\/izdelek\/etac-light-kotna-zlica\/","url":"https:\/\/www.mivam.com\/izdelek\/etac-light-kotna-zlica\/","name":"ETAC LIGHT kotna \u017elica - Mi Vam","isPartOf":{"@id":"https:\/\/www.mivam.com\/#website"},"primaryImageOfPage":{"@id":"https:\/\/www.mivam.com\/izdelek\/etac-light-kotna-zlica\/#primaryimage"},"image":{"@id":"https:\/\/www.mivam.com\/izdelek\/etac-light-kotna-zlica\/#primaryimage"},"thumbnailUrl":"https:\/\/www.mivam.com\/wp-content\/uploads\/2025\/06\/etac-light-cutlery-angled-spoon.webp","datePublished":"2025-06-13T11:46:31+00:00","dateModified":"2025-06-23T07:36:58+00:00","description":"Lahka nagnjena \u017elica je namenjena ljudem z omejeno gibljivostjo rok in dlani. Lahka, nagnjena \u017elica je zasnovana za la\u017eji oprijem med jedjo. Dolgo nerjave\u010de steblo je mogo\u010de rahlo upogniti, da se kompenzira dodatno zmanj\u0161ana gibljivost zapestja. Skupna zna\u010dilnost vseh lahkih jedilnih pripomo\u010dkov je funkcionalna zasnova ro\u010daja, ki omogo\u010da stabilen in udoben oprijem. Poleg tega ima vsak jedilni pribor svojo edinstveno obliko glede na specifi\u010dno uporabo in za kompenzacijo zmanj\u0161ane gibljivosti roke. Ta izdelek je primeren za pomivanje v pomivalnem stroju za enostavno \u010di\u0161\u010denje.","breadcrumb":{"@id":"https:\/\/www.mivam.com\/izdelek\/etac-light-kotna-zlica\/#breadcrumb"},"inLanguage":"en-US","potentialAction":[{"@type":"ReadAction","target":["https:\/\/www.mivam.com\/izdelek\/etac-light-kotna-zlica\/"]}]},{"@type":"ImageObject","inLanguage":"en-US","@id":"https:\/\/www.mivam.com\/izdelek\/etac-light-kotna-zlica\/#primaryimage","url":"https:\/\/www.mivam.com\/wp-content\/uploads\/2025\/06\/etac-light-cutlery-angled-spoon.webp","contentUrl":"https:\/\/www.mivam.com\/wp-content\/uploads\/2025\/06\/etac-light-cutlery-angled-spoon.webp","width":1100,"height":1100,"caption":"ETAC LIGHT kotna \u017elica"},{"@type":"BreadcrumbList","@id":"https:\/\/www.mivam.com\/izdelek\/etac-light-kotna-zlica\/#breadcrumb","itemListElement":[{"@type":"ListItem","position":1,"name":"Domov","item":"https:\/\/www.mivam.com\/"},{"@type":"ListItem","position":2,"name":"Shop","item":"https:\/\/www.mivam.com\/en\/shop\/"},{"@type":"ListItem","position":3,"name":"Za vsakdanjo uporabo","item":"https:\/\/www.mivam.com\/kategorija-izdelka\/za-vsakdanjo-uporabo\/"},{"@type":"ListItem","position":4,"name":"ETAC LIGHT kotna \u017elica"}]},{"@type":"WebSite","@id":"https:\/\/www.mivam.com\/#website","url":"https:\/\/www.mivam.com\/","name":"Mi Vam","description":"Medicinski pripomo\u010dki in re\u0161itve za manj odvisno \u017eivljenje.","potentialAction":[{"@type":"SearchAction","target":{"@type":"EntryPoint","urlTemplate":"https:\/\/www.mivam.com\/?s={search_term_string}"},"query-input":{"@type":"PropertyValueSpecification","valueRequired":true,"valueName":"search_term_string"}}],"inLanguage":"en-US"}]}},"_links":{"self":[{"href":"https:\/\/www.mivam.com\/en\/wp-json\/wp\/v2\/product\/7108","targetHints":{"allow":["GET"]}}],"collection":[{"href":"https:\/\/www.mivam.com\/en\/wp-json\/wp\/v2\/product"}],"about":[{"href":"https:\/\/www.mivam.com\/en\/wp-json\/wp\/v2\/types\/product"}],"replies":[{"embeddable":true,"href":"https:\/\/www.mivam.com\/en\/wp-json\/wp\/v2\/comments?post=7108"}],"wp:featuredmedia":[{"embeddable":true,"href":"https:\/\/www.mivam.com\/en\/wp-json\/wp\/v2\/media\/7118"}],"wp:attachment":[{"href":"https:\/\/www.mivam.com\/en\/wp-json\/wp\/v2\/media?parent=7108"}],"wp:term":[{"taxonomy":"product_brand","embeddable":true,"href":"https:\/\/www.mivam.com\/en\/wp-json\/wp\/v2\/product_brand?post=7108"},{"taxonomy":"product_cat","embeddable":true,"href":"https:\/\/www.mivam.com\/en\/wp-json\/wp\/v2\/product_cat?post=7108"},{"taxonomy":"product_tag","embeddable":true,"href":"https:\/\/www.mivam.com\/en\/wp-json\/wp\/v2\/product_tag?post=7108"}],"curies":[{"name":"wp","href":"https:\/\/api.w.org\/{rel}","templated":true}]}}