{"id":6984,"date":"2025-06-13T10:09:07","date_gmt":"2025-06-13T08:09:07","guid":{"rendered":"https:\/\/pisarna.novisplet.com\/dev2\/mivam_old\/?post_type=product&#038;p=6984"},"modified":"2025-06-23T09:32:43","modified_gmt":"2025-06-23T07:32:43","slug":"drzalo-etac-fresh","status":"publish","type":"product","link":"https:\/\/www.mivam.com\/en\/izdelek\/drzalo-etac-fresh\/","title":{"rendered":"Dr\u017ealo ETAC FRESH"},"content":{"rendered":"<div class=\"wpb-content-wrapper\"><p>[vc_row full_width=&#8221;stretch_row&#8221; css=&#8221;.vc_custom_1689764110870{background-color: #f8f9fa !important;}&#8221;][vc_column][vc_empty_space height=&#8221;60px&#8221;][vc_column_text]<\/p>\n<h3 style=\"text-align: left\">Zna\u010dilnosti<\/h3>\n<p>[\/vc_column_text][vc_row_inner][vc_column_inner width=&#8221;1\/4&#8243;][vc_single_image image=&#8221;6991&#8243; img_size=&#8221;large&#8221; alignment=&#8221;right&#8221;][vc_column_text]<\/p>\n<div class=\"Card-textContent text-left\">\n<h3 class=\"Card-heading u-headerXs\">Podporni ro\u010daj<\/h3>\n<div class=\"Card-text\">Ro\u010daj zagotavlja udoben in varen oprijem.<\/div>\n<\/div>\n<p>[\/vc_column_text][\/vc_column_inner][vc_column_inner width=&#8221;1\/4&#8243;][vc_single_image image=&#8221;6995&#8243; img_size=&#8221;large&#8221; alignment=&#8221;right&#8221;][vc_column_text]<\/p>\n<div class=\"Card-textContent text-left\">\n<div class=\"Card-textContent text-left\">\n<div class=\"Card-textContent text-left\">\n<h3 class=\"Card-heading u-headerXs\">Navodila, 1. korak<\/h3>\n<div class=\"Card-text\">Sedite z nogami trdno na tleh.<\/div>\n<\/div>\n<\/div>\n<\/div>\n<p>[\/vc_column_text][\/vc_column_inner][vc_column_inner width=&#8221;1\/4&#8243;][vc_single_image image=&#8221;6993&#8243; img_size=&#8221;large&#8221; alignment=&#8221;right&#8221;][vc_column_text]<\/p>\n<div class=\"Card-textContent text-left\">\n<div class=\"Card-textContent text-left\">\n<h3 class=\"Card-heading u-headerXs\">Navodila, 2. korak<\/h3>\n<div class=\"Card-text\">Primite se za ro\u010daj in rob kopalne deske, medtem ko dvigujete eno nogo \u010dez rob kadi.<\/div>\n<\/div>\n<\/div>\n<p>[\/vc_column_text][\/vc_column_inner][vc_column_inner width=&#8221;1\/4&#8243;][vc_single_image image=&#8221;6989&#8243; img_size=&#8221;large&#8221; alignment=&#8221;right&#8221;][vc_column_text]<\/p>\n<div class=\"Card-textContent text-left\">\n<div class=\"Card-textContent text-left\">\n<h3 class=\"Card-heading u-headerXs\">Navodila, 3. korak<\/h3>\n<div class=\"Card-text\">Nedrse\u010da povr\u0161ina zagotavlja varno sedenje med prhanjem.<\/div>\n<\/div>\n<\/div>\n<p>[\/vc_column_text][\/vc_column_inner][\/vc_row_inner][vc_empty_space height=&#8221;60px&#8221;][\/vc_column][\/vc_row][vc_row full_width=&#8221;stretch_row&#8221;][vc_column][vc_empty_space height=&#8221;60px&#8221;][vc_column_text]<\/p>\n<h3 style=\"text-align: left\">Razli\u010dice<\/h3>\n<p>[\/vc_column_text][vc_column_text]<\/p>\n<table class=\"table table-striped table-bordered table-light\">\n<thead>\n<tr>\n<th colspan=\"1\"><\/th>\n<th>\n<div class=\"text-muted u-textRegularXs\"><\/div>\n<p><span style=\"vertical-align: inherit\"><span style=\"vertical-align: inherit\">\u0160tevilka artikla<\/span><\/span><\/th>\n<th>\n<div class=\"text-muted u-textRegularXs\"><\/div>\n<p><span style=\"vertical-align: inherit\"><span style=\"vertical-align: inherit\">Nastavljivost, robni omejevalniki (mm)<\/span><\/span><\/th>\n<th>\n<div class=\"text-muted u-textRegularXs\"><\/div>\n<p><span style=\"vertical-align: inherit\"><span style=\"vertical-align: inherit\">Oblikovanje<\/span><\/span><\/th>\n<th>\n<div class=\"text-muted u-textRegularXs\"><\/div>\n<p><span style=\"vertical-align: inherit\"><span style=\"vertical-align: inherit\">Dol\u017eina (mm)<\/span><\/span><\/th>\n<th>\n<div class=\"text-muted u-textRegularXs\"><\/div>\n<p><span style=\"vertical-align: inherit\"><span style=\"vertical-align: inherit\">Material<\/span><\/span><\/th>\n<th>\n<div class=\"text-muted u-textRegularXs\"><\/div>\n<p><span style=\"vertical-align: inherit\"><span style=\"vertical-align: inherit\">Najve\u010dja te\u017ea uporabnika (kg)<\/span><\/span><\/th>\n<th>\n<div class=\"text-muted u-textRegularXs\"><\/div>\n<p><span style=\"vertical-align: inherit\"><span style=\"vertical-align: inherit\">Debelina (mm)<\/span><\/span><\/th>\n<th>\n<div class=\"text-muted u-textRegularXs\"><\/div>\n<p><span style=\"vertical-align: inherit\"><span style=\"vertical-align: inherit\">Te\u017ea (kg)<\/span><\/span><\/th>\n<th>\n<div class=\"text-muted u-textRegularXs\"><\/div>\n<p><span style=\"vertical-align: inherit\"><span style=\"vertical-align: inherit\">\u0160irina (mm)<\/span><\/span><\/th>\n<\/tr>\n<\/thead>\n<tbody>\n<tr>\n<td class=\"font-weight-bold\"><span style=\"vertical-align: inherit\"><span style=\"vertical-align: inherit\">Kopalna deska 69 cm<\/span><\/span><\/td>\n<td><span style=\"vertical-align: inherit\"><span style=\"vertical-align: inherit\">81600011<\/span><\/span><\/td>\n<td><span style=\"vertical-align: inherit\"><span style=\"vertical-align: inherit\">Maks. 636, min. 390<\/span><\/span><\/td>\n<td><span style=\"vertical-align: inherit\"><span style=\"vertical-align: inherit\">Oblikovanje urgentne nujne medicinske pomo\u010di<\/span><\/span><\/td>\n<td><span style=\"vertical-align: inherit\"><span style=\"vertical-align: inherit\">690<\/span><\/span><\/td>\n<td><span style=\"vertical-align: inherit\"><span style=\"vertical-align: inherit\">Polipropilen. Robni omejevalniki: Polipropilen s TPE povr\u0161ino<\/span><\/span><\/td>\n<td><span style=\"vertical-align: inherit\"><span style=\"vertical-align: inherit\">150<\/span><\/span><\/td>\n<td><span style=\"vertical-align: inherit\"><span style=\"vertical-align: inherit\">40<\/span><\/span><\/td>\n<td><span style=\"vertical-align: inherit\"><span style=\"vertical-align: inherit\">2.1<\/span><\/span><\/td>\n<td><span style=\"vertical-align: inherit\"><span style=\"vertical-align: inherit\">360-270-300<\/span><\/span><\/td>\n<\/tr>\n<tr>\n<td class=\"font-weight-bold\"><span style=\"vertical-align: inherit\"><span style=\"vertical-align: inherit\">Kopalna deska 69 cm z ro\u010dajem<\/span><\/span><\/td>\n<td><span style=\"vertical-align: inherit\"><span style=\"vertical-align: inherit\">81600014<\/span><\/span><\/td>\n<td><span style=\"vertical-align: inherit\"><span style=\"vertical-align: inherit\">Maks. 636, min. 390<\/span><\/span><\/td>\n<td><span style=\"vertical-align: inherit\"><span style=\"vertical-align: inherit\">Oblikovanje urgentne nujne medicinske pomo\u010di<\/span><\/span><\/td>\n<td><span style=\"vertical-align: inherit\"><span style=\"vertical-align: inherit\">690<\/span><\/span><\/td>\n<td><span style=\"vertical-align: inherit\"><span style=\"vertical-align: inherit\">Polipropilen. Robni omejevalniki: Polipropilen s TPE povr\u0161ino<\/span><\/span><\/td>\n<td><span style=\"vertical-align: inherit\"><span style=\"vertical-align: inherit\">150<\/span><\/span><\/td>\n<td><span style=\"vertical-align: inherit\"><span style=\"vertical-align: inherit\">40<\/span><\/span><\/td>\n<td><span style=\"vertical-align: inherit\"><span style=\"vertical-align: inherit\">2,1<\/span><\/span><\/td>\n<td><span style=\"vertical-align: inherit\"><span style=\"vertical-align: inherit\">360-270-300<\/span><\/span><\/td>\n<\/tr>\n<tr>\n<td class=\"font-weight-bold\"><span style=\"vertical-align: inherit\"><span style=\"vertical-align: inherit\">Kopalna deska 74 cm<\/span><\/span><\/td>\n<td><span style=\"vertical-align: inherit\"><span style=\"vertical-align: inherit\">81600021<\/span><\/span><\/td>\n<td><span style=\"vertical-align: inherit\"><span style=\"vertical-align: inherit\">Maks. 686, min. 432<\/span><\/span><\/td>\n<td><span style=\"vertical-align: inherit\"><span style=\"vertical-align: inherit\">Oblikovanje urgentne nujne medicinske pomo\u010di<\/span><\/span><\/td>\n<td><span style=\"vertical-align: inherit\"><span style=\"vertical-align: inherit\">740<\/span><\/span><\/td>\n<td><span style=\"vertical-align: inherit\"><span style=\"vertical-align: inherit\">Polipropilen. Robni omejevalniki: Polipropilen s TPE povr\u0161ino<\/span><\/span><\/td>\n<td><span style=\"vertical-align: inherit\"><span style=\"vertical-align: inherit\">150<\/span><\/span><\/td>\n<td><span style=\"vertical-align: inherit\"><span style=\"vertical-align: inherit\">40<\/span><\/span><\/td>\n<td><span style=\"vertical-align: inherit\"><span style=\"vertical-align: inherit\">2.3<\/span><\/span><\/td>\n<td><span style=\"vertical-align: inherit\"><span style=\"vertical-align: inherit\">360-270-300<\/span><\/span><\/td>\n<\/tr>\n<tr>\n<td class=\"font-weight-bold\"><span style=\"vertical-align: inherit\"><span style=\"vertical-align: inherit\">Kopalna deska 74 cm z ro\u010dajem<\/span><\/span><\/td>\n<td><span style=\"vertical-align: inherit\"><span style=\"vertical-align: inherit\">81600024<\/span><\/span><\/td>\n<td><span style=\"vertical-align: inherit\"><span style=\"vertical-align: inherit\">Maks. 686, min. 432<\/span><\/span><\/td>\n<td><span style=\"vertical-align: inherit\"><span style=\"vertical-align: inherit\">Oblikovanje urgentne nujne medicinske pomo\u010di<\/span><\/span><\/td>\n<td><span style=\"vertical-align: inherit\"><span style=\"vertical-align: inherit\">740<\/span><\/span><\/td>\n<td><span style=\"vertical-align: inherit\"><span style=\"vertical-align: inherit\">Polipropilen. Robni omejevalniki: Polipropilen s TPE povr\u0161ino<\/span><\/span><\/td>\n<td><span style=\"vertical-align: inherit\"><span style=\"vertical-align: inherit\">150<\/span><\/span><\/td>\n<td><span style=\"vertical-align: inherit\"><span style=\"vertical-align: inherit\">40<\/span><\/span><\/td>\n<td><span style=\"vertical-align: inherit\"><span style=\"vertical-align: inherit\">2,3<\/span><\/span><\/td>\n<td><span style=\"vertical-align: inherit\"><span style=\"vertical-align: inherit\">360-270-300<\/span><\/span><\/td>\n<\/tr>\n<\/tbody>\n<\/table>\n<p>[\/vc_column_text][vc_column_text]<a href=\"https:\/\/www.mivam.com\/wp-content\/uploads\/2025\/06\/navodila-za-pranje-5.jpg\" target=\"_blank\" rel=\"noopener\">Navodila za pranje<\/a>[\/vc_column_text][vc_empty_space height=&#8221;60px&#8221;][\/vc_column][\/vc_row]<\/p>\n<\/div>","protected":false},"excerpt":{"rendered":"<h4 class=\"u-headerSm\">Kopalni\u0161ka deska z vrhunskim dizajnom in odli\u010dno funkcionalnostjo<\/h4>\n<div>\n<p>Freshova edinstvena zasnova je postavila standard za kopalne deske. Njen sprednji rob, name\u0161\u010den na zunanji strani kadi, je \u0161irok, da zagotavlja maksimalno oporo pri premikanju. Sredinski del je zo\u017een, da omogo\u010da la\u017eji dostop za intimno higieno.<\/p>\n<p>Robne omejevalnike je enostavno namestiti in pritrditi s prilo\u017eenim plasti\u010dnim kovancem. \u0160tiri torne obloge zagotavljajo, da kopalna deska varno ostane na kadi. Fresh je na voljo v dveh dol\u017einah, kar zagotavlja popolno prileganje razli\u010dnim kopalnim kadem. Kupiti ga je mogo\u010de z ro\u010dajem ali brez njega.<\/p>\n<p>Fresh ima 5-letno garancijo in 10-letno \u017eivljenjsko dobo.<\/p>\n<p><span style=\"color: #99cc00\">Na voljo tudi preko naro\u010dilnice ZZZS 0705.<\/span><\/p>\n<p><span style=\"color: #ff0000\">Pri naro\u010dilu obvezno navesti \u0161ifro artikla (glej razli\u010dice v tabeli).<\/span><\/p>\n<\/div>\n","protected":false},"featured_media":6985,"comment_status":"closed","ping_status":"closed","template":"","meta":[],"product_brand":[],"product_cat":[224,71,43],"product_tag":[338,351,363,362,364,365],"class_list":{"0":"post-6984","1":"product","2":"type-product","3":"status-publish","4":"has-post-thumbnail","6":"product_cat-kopalniski-pripomocki","7":"product_cat-dodatki-za-kopalnico","8":"product_cat-toaletno-tusirni-pripomocki","9":"product_tag-338","10":"product_tag-drzalo","11":"product_tag-fresh","12":"product_tag-kad","13":"product_tag-sedez-69-cm","14":"product_tag-sedez-74-cm","16":"first","17":"instock","18":"taxable","19":"shipping-taxable","20":"purchasable","21":"product-type-variable","22":"has-default-attributes"},"yoast_head":"<!-- This site is optimized with the Yoast SEO plugin v24.0 - https:\/\/yoast.com\/wordpress\/plugins\/seo\/ -->\n<title>Dr\u017ealo ETAC FRESH - Mi Vam<\/title>\n<meta name=\"description\" content=\"Kopalni\u0161ka deska z vrhunskim dizajnom in odli\u010dno funkcionalnostjo   Freshova edinstvena zasnova je postavila standard za kopalne deske. Njen sprednji rob, name\u0161\u010den na zunanji strani kadi, je \u0161irok, da zagotavlja maksimalno oporo pri premikanju. Sredinski del je zo\u017een, da omogo\u010da la\u017eji dostop za intimno higieno.  Robne omejevalnike je enostavno namestiti in pritrditi s prilo\u017eenim plasti\u010dnim kovancem. \u0160tiri torne obloge zagotavljajo, da kopalna deska varno ostane na kadi. Fresh je na voljo v dveh dol\u017einah, kar zagotavlja popolno prileganje razli\u010dnim kopalnim kadem. Kupiti ga je mogo\u010de z ro\u010dajem ali brez njega.  Fresh ima 5-letno garancijo in 10-letno \u017eivljenjsko dobo.  Na voljo tudi preko naro\u010dilnice ZZZS 0705.  Pri naro\u010dilu obvezno navesti \u0161ifro artikla (glej razli\u010dice v tabeli).\" \/>\n<meta name=\"robots\" content=\"index, follow, max-snippet:-1, max-image-preview:large, max-video-preview:-1\" \/>\n<link rel=\"canonical\" href=\"https:\/\/www.mivam.com\/izdelek\/drzalo-etac-fresh\/\" \/>\n<meta property=\"og:locale\" content=\"en_US\" \/>\n<meta property=\"og:type\" content=\"article\" \/>\n<meta property=\"og:title\" content=\"Dr\u017ealo ETAC FRESH - Mi Vam\" \/>\n<meta property=\"og:description\" content=\"Kopalni\u0161ka deska z vrhunskim dizajnom in odli\u010dno funkcionalnostjo   Freshova edinstvena zasnova je postavila standard za kopalne deske. Njen sprednji rob, name\u0161\u010den na zunanji strani kadi, je \u0161irok, da zagotavlja maksimalno oporo pri premikanju. Sredinski del je zo\u017een, da omogo\u010da la\u017eji dostop za intimno higieno.  Robne omejevalnike je enostavno namestiti in pritrditi s prilo\u017eenim plasti\u010dnim kovancem. \u0160tiri torne obloge zagotavljajo, da kopalna deska varno ostane na kadi. Fresh je na voljo v dveh dol\u017einah, kar zagotavlja popolno prileganje razli\u010dnim kopalnim kadem. Kupiti ga je mogo\u010de z ro\u010dajem ali brez njega.  Fresh ima 5-letno garancijo in 10-letno \u017eivljenjsko dobo.  Na voljo tudi preko naro\u010dilnice ZZZS 0705.  Pri naro\u010dilu obvezno navesti \u0161ifro artikla (glej razli\u010dice v tabeli).\" \/>\n<meta property=\"og:url\" content=\"https:\/\/www.mivam.com\/izdelek\/drzalo-etac-fresh\/\" \/>\n<meta property=\"og:site_name\" content=\"Mi Vam\" \/>\n<meta property=\"article:modified_time\" content=\"2025-06-23T07:32:43+00:00\" \/>\n<meta property=\"og:image\" content=\"https:\/\/www.mivam.com\/wp-content\/uploads\/2025\/06\/etac-fresh-bath-board.webp\" \/>\n\t<meta property=\"og:image:width\" content=\"1100\" \/>\n\t<meta property=\"og:image:height\" content=\"1100\" \/>\n\t<meta property=\"og:image:type\" content=\"image\/webp\" \/>\n<meta name=\"twitter:card\" content=\"summary_large_image\" \/>\n<meta name=\"twitter:label1\" content=\"Est. reading time\" \/>\n\t<meta name=\"twitter:data1\" content=\"3 minutes\" \/>\n<script type=\"application\/ld+json\" class=\"yoast-schema-graph\">{\"@context\":\"https:\/\/schema.org\",\"@graph\":[{\"@type\":\"WebPage\",\"@id\":\"https:\/\/www.mivam.com\/izdelek\/drzalo-etac-fresh\/\",\"url\":\"https:\/\/www.mivam.com\/izdelek\/drzalo-etac-fresh\/\",\"name\":\"Dr\u017ealo ETAC FRESH - Mi Vam\",\"isPartOf\":{\"@id\":\"https:\/\/www.mivam.com\/#website\"},\"primaryImageOfPage\":{\"@id\":\"https:\/\/www.mivam.com\/izdelek\/drzalo-etac-fresh\/#primaryimage\"},\"image\":{\"@id\":\"https:\/\/www.mivam.com\/izdelek\/drzalo-etac-fresh\/#primaryimage\"},\"thumbnailUrl\":\"https:\/\/www.mivam.com\/wp-content\/uploads\/2025\/06\/etac-fresh-bath-board.webp\",\"datePublished\":\"2025-06-13T08:09:07+00:00\",\"dateModified\":\"2025-06-23T07:32:43+00:00\",\"description\":\"Kopalni\u0161ka deska z vrhunskim dizajnom in odli\u010dno funkcionalnostjo Freshova edinstvena zasnova je postavila standard za kopalne deske. Njen sprednji rob, name\u0161\u010den na zunanji strani kadi, je \u0161irok, da zagotavlja maksimalno oporo pri premikanju. Sredinski del je zo\u017een, da omogo\u010da la\u017eji dostop za intimno higieno. Robne omejevalnike je enostavno namestiti in pritrditi s prilo\u017eenim plasti\u010dnim kovancem. \u0160tiri torne obloge zagotavljajo, da kopalna deska varno ostane na kadi. Fresh je na voljo v dveh dol\u017einah, kar zagotavlja popolno prileganje razli\u010dnim kopalnim kadem. Kupiti ga je mogo\u010de z ro\u010dajem ali brez njega. Fresh ima 5-letno garancijo in 10-letno \u017eivljenjsko dobo. Na voljo tudi preko naro\u010dilnice ZZZS 0705. Pri naro\u010dilu obvezno navesti \u0161ifro artikla (glej razli\u010dice v tabeli).\",\"breadcrumb\":{\"@id\":\"https:\/\/www.mivam.com\/izdelek\/drzalo-etac-fresh\/#breadcrumb\"},\"inLanguage\":\"en-US\",\"potentialAction\":[{\"@type\":\"ReadAction\",\"target\":[\"https:\/\/www.mivam.com\/izdelek\/drzalo-etac-fresh\/\"]}]},{\"@type\":\"ImageObject\",\"inLanguage\":\"en-US\",\"@id\":\"https:\/\/www.mivam.com\/izdelek\/drzalo-etac-fresh\/#primaryimage\",\"url\":\"https:\/\/www.mivam.com\/wp-content\/uploads\/2025\/06\/etac-fresh-bath-board.webp\",\"contentUrl\":\"https:\/\/www.mivam.com\/wp-content\/uploads\/2025\/06\/etac-fresh-bath-board.webp\",\"width\":1100,\"height\":1100,\"caption\":\"Dr\u017ealo ETAC FRESH\"},{\"@type\":\"BreadcrumbList\",\"@id\":\"https:\/\/www.mivam.com\/izdelek\/drzalo-etac-fresh\/#breadcrumb\",\"itemListElement\":[{\"@type\":\"ListItem\",\"position\":1,\"name\":\"Domov\",\"item\":\"https:\/\/www.mivam.com\/\"},{\"@type\":\"ListItem\",\"position\":2,\"name\":\"Shop\",\"item\":\"https:\/\/www.mivam.com\/en\/shop\/\"},{\"@type\":\"ListItem\",\"position\":3,\"name\":\"Kopalni\u0161ki pripomo\u010dki\",\"item\":\"https:\/\/www.mivam.com\/kategorija-izdelka\/kopalniski-pripomocki\/\"},{\"@type\":\"ListItem\",\"position\":4,\"name\":\"Dr\u017ealo ETAC FRESH\"}]},{\"@type\":\"WebSite\",\"@id\":\"https:\/\/www.mivam.com\/#website\",\"url\":\"https:\/\/www.mivam.com\/\",\"name\":\"Mi Vam\",\"description\":\"Medicinski pripomo\u010dki in re\u0161itve za manj odvisno \u017eivljenje.\",\"potentialAction\":[{\"@type\":\"SearchAction\",\"target\":{\"@type\":\"EntryPoint\",\"urlTemplate\":\"https:\/\/www.mivam.com\/?s={search_term_string}\"},\"query-input\":{\"@type\":\"PropertyValueSpecification\",\"valueRequired\":true,\"valueName\":\"search_term_string\"}}],\"inLanguage\":\"en-US\"}]}<\/script>\n<!-- \/ Yoast SEO plugin. -->","yoast_head_json":{"title":"Dr\u017ealo ETAC FRESH - Mi Vam","description":"Kopalni\u0161ka deska z vrhunskim dizajnom in odli\u010dno funkcionalnostjo   Freshova edinstvena zasnova je postavila standard za kopalne deske. Njen sprednji rob, name\u0161\u010den na zunanji strani kadi, je \u0161irok, da zagotavlja maksimalno oporo pri premikanju. Sredinski del je zo\u017een, da omogo\u010da la\u017eji dostop za intimno higieno.  Robne omejevalnike je enostavno namestiti in pritrditi s prilo\u017eenim plasti\u010dnim kovancem. \u0160tiri torne obloge zagotavljajo, da kopalna deska varno ostane na kadi. Fresh je na voljo v dveh dol\u017einah, kar zagotavlja popolno prileganje razli\u010dnim kopalnim kadem. Kupiti ga je mogo\u010de z ro\u010dajem ali brez njega.  Fresh ima 5-letno garancijo in 10-letno \u017eivljenjsko dobo.  Na voljo tudi preko naro\u010dilnice ZZZS 0705.  Pri naro\u010dilu obvezno navesti \u0161ifro artikla (glej razli\u010dice v tabeli).","robots":{"index":"index","follow":"follow","max-snippet":"max-snippet:-1","max-image-preview":"max-image-preview:large","max-video-preview":"max-video-preview:-1"},"canonical":"https:\/\/www.mivam.com\/izdelek\/drzalo-etac-fresh\/","og_locale":"en_US","og_type":"article","og_title":"Dr\u017ealo ETAC FRESH - Mi Vam","og_description":"Kopalni\u0161ka deska z vrhunskim dizajnom in odli\u010dno funkcionalnostjo   Freshova edinstvena zasnova je postavila standard za kopalne deske. Njen sprednji rob, name\u0161\u010den na zunanji strani kadi, je \u0161irok, da zagotavlja maksimalno oporo pri premikanju. Sredinski del je zo\u017een, da omogo\u010da la\u017eji dostop za intimno higieno.  Robne omejevalnike je enostavno namestiti in pritrditi s prilo\u017eenim plasti\u010dnim kovancem. \u0160tiri torne obloge zagotavljajo, da kopalna deska varno ostane na kadi. Fresh je na voljo v dveh dol\u017einah, kar zagotavlja popolno prileganje razli\u010dnim kopalnim kadem. Kupiti ga je mogo\u010de z ro\u010dajem ali brez njega.  Fresh ima 5-letno garancijo in 10-letno \u017eivljenjsko dobo.  Na voljo tudi preko naro\u010dilnice ZZZS 0705.  Pri naro\u010dilu obvezno navesti \u0161ifro artikla (glej razli\u010dice v tabeli).","og_url":"https:\/\/www.mivam.com\/izdelek\/drzalo-etac-fresh\/","og_site_name":"Mi Vam","article_modified_time":"2025-06-23T07:32:43+00:00","og_image":[{"width":1100,"height":1100,"url":"https:\/\/www.mivam.com\/wp-content\/uploads\/2025\/06\/etac-fresh-bath-board.webp","type":"image\/webp"}],"twitter_card":"summary_large_image","twitter_misc":{"Est. reading time":"3 minutes"},"schema":{"@context":"https:\/\/schema.org","@graph":[{"@type":"WebPage","@id":"https:\/\/www.mivam.com\/izdelek\/drzalo-etac-fresh\/","url":"https:\/\/www.mivam.com\/izdelek\/drzalo-etac-fresh\/","name":"Dr\u017ealo ETAC FRESH - Mi Vam","isPartOf":{"@id":"https:\/\/www.mivam.com\/#website"},"primaryImageOfPage":{"@id":"https:\/\/www.mivam.com\/izdelek\/drzalo-etac-fresh\/#primaryimage"},"image":{"@id":"https:\/\/www.mivam.com\/izdelek\/drzalo-etac-fresh\/#primaryimage"},"thumbnailUrl":"https:\/\/www.mivam.com\/wp-content\/uploads\/2025\/06\/etac-fresh-bath-board.webp","datePublished":"2025-06-13T08:09:07+00:00","dateModified":"2025-06-23T07:32:43+00:00","description":"Kopalni\u0161ka deska z vrhunskim dizajnom in odli\u010dno funkcionalnostjo Freshova edinstvena zasnova je postavila standard za kopalne deske. Njen sprednji rob, name\u0161\u010den na zunanji strani kadi, je \u0161irok, da zagotavlja maksimalno oporo pri premikanju. Sredinski del je zo\u017een, da omogo\u010da la\u017eji dostop za intimno higieno. Robne omejevalnike je enostavno namestiti in pritrditi s prilo\u017eenim plasti\u010dnim kovancem. \u0160tiri torne obloge zagotavljajo, da kopalna deska varno ostane na kadi. Fresh je na voljo v dveh dol\u017einah, kar zagotavlja popolno prileganje razli\u010dnim kopalnim kadem. Kupiti ga je mogo\u010de z ro\u010dajem ali brez njega. Fresh ima 5-letno garancijo in 10-letno \u017eivljenjsko dobo. Na voljo tudi preko naro\u010dilnice ZZZS 0705. Pri naro\u010dilu obvezno navesti \u0161ifro artikla (glej razli\u010dice v tabeli).","breadcrumb":{"@id":"https:\/\/www.mivam.com\/izdelek\/drzalo-etac-fresh\/#breadcrumb"},"inLanguage":"en-US","potentialAction":[{"@type":"ReadAction","target":["https:\/\/www.mivam.com\/izdelek\/drzalo-etac-fresh\/"]}]},{"@type":"ImageObject","inLanguage":"en-US","@id":"https:\/\/www.mivam.com\/izdelek\/drzalo-etac-fresh\/#primaryimage","url":"https:\/\/www.mivam.com\/wp-content\/uploads\/2025\/06\/etac-fresh-bath-board.webp","contentUrl":"https:\/\/www.mivam.com\/wp-content\/uploads\/2025\/06\/etac-fresh-bath-board.webp","width":1100,"height":1100,"caption":"Dr\u017ealo ETAC FRESH"},{"@type":"BreadcrumbList","@id":"https:\/\/www.mivam.com\/izdelek\/drzalo-etac-fresh\/#breadcrumb","itemListElement":[{"@type":"ListItem","position":1,"name":"Domov","item":"https:\/\/www.mivam.com\/"},{"@type":"ListItem","position":2,"name":"Shop","item":"https:\/\/www.mivam.com\/en\/shop\/"},{"@type":"ListItem","position":3,"name":"Kopalni\u0161ki pripomo\u010dki","item":"https:\/\/www.mivam.com\/kategorija-izdelka\/kopalniski-pripomocki\/"},{"@type":"ListItem","position":4,"name":"Dr\u017ealo ETAC FRESH"}]},{"@type":"WebSite","@id":"https:\/\/www.mivam.com\/#website","url":"https:\/\/www.mivam.com\/","name":"Mi Vam","description":"Medicinski pripomo\u010dki in re\u0161itve za manj odvisno \u017eivljenje.","potentialAction":[{"@type":"SearchAction","target":{"@type":"EntryPoint","urlTemplate":"https:\/\/www.mivam.com\/?s={search_term_string}"},"query-input":{"@type":"PropertyValueSpecification","valueRequired":true,"valueName":"search_term_string"}}],"inLanguage":"en-US"}]}},"_links":{"self":[{"href":"https:\/\/www.mivam.com\/en\/wp-json\/wp\/v2\/product\/6984","targetHints":{"allow":["GET"]}}],"collection":[{"href":"https:\/\/www.mivam.com\/en\/wp-json\/wp\/v2\/product"}],"about":[{"href":"https:\/\/www.mivam.com\/en\/wp-json\/wp\/v2\/types\/product"}],"replies":[{"embeddable":true,"href":"https:\/\/www.mivam.com\/en\/wp-json\/wp\/v2\/comments?post=6984"}],"wp:featuredmedia":[{"embeddable":true,"href":"https:\/\/www.mivam.com\/en\/wp-json\/wp\/v2\/media\/6985"}],"wp:attachment":[{"href":"https:\/\/www.mivam.com\/en\/wp-json\/wp\/v2\/media?parent=6984"}],"wp:term":[{"taxonomy":"product_brand","embeddable":true,"href":"https:\/\/www.mivam.com\/en\/wp-json\/wp\/v2\/product_brand?post=6984"},{"taxonomy":"product_cat","embeddable":true,"href":"https:\/\/www.mivam.com\/en\/wp-json\/wp\/v2\/product_cat?post=6984"},{"taxonomy":"product_tag","embeddable":true,"href":"https:\/\/www.mivam.com\/en\/wp-json\/wp\/v2\/product_tag?post=6984"}],"curies":[{"name":"wp","href":"https:\/\/api.w.org\/{rel}","templated":true}]}}