{"id":6957,"date":"2025-06-13T10:01:23","date_gmt":"2025-06-13T08:01:23","guid":{"rendered":"https:\/\/pisarna.novisplet.com\/dev2\/mivam_old\/?post_type=product&#038;p=6957"},"modified":"2025-06-19T05:38:52","modified_gmt":"2025-06-19T03:38:52","slug":"drzalo-etac-rex","status":"publish","type":"product","link":"https:\/\/www.mivam.com\/en\/izdelek\/drzalo-etac-rex\/","title":{"rendered":"Dr\u017ealo ETAC REX"},"content":{"rendered":"<div class=\"wpb-content-wrapper\"><p>[vc_row full_width=&#8221;stretch_row&#8221; css=&#8221;.vc_custom_1689764110870{background-color: #f8f9fa !important;}&#8221;][vc_column][vc_empty_space height=&#8221;60px&#8221;][vc_column_text]<\/p>\n<h3 style=\"text-align: left\">Zna\u010dilnosti<\/h3>\n<p>[\/vc_column_text][vc_row_inner][vc_column_inner width=&#8221;1\/4&#8243;][vc_single_image image=&#8221;6972&#8243; img_size=&#8221;large&#8221; alignment=&#8221;right&#8221;][vc_column_text]<\/p>\n<div class=\"Card-textContent text-left\">\n<h3 class=\"Card-heading u-headerXs\">Udoben oprijem<\/h3>\n<div class=\"Card-text\">Trikotna oblika opore za roke zagotavlja stabilen in naraven oprijem.<\/div>\n<\/div>\n<p>[\/vc_column_text][\/vc_column_inner][vc_column_inner width=&#8221;1\/4&#8243;][vc_single_image image=&#8221;6976&#8243; img_size=&#8221;large&#8221; alignment=&#8221;right&#8221;][vc_column_text]<\/p>\n<div class=\"Card-textContent text-left\">\n<div class=\"Card-textContent text-left\">\n<div class=\"Card-textContent text-left\">\n<h3 class=\"Card-heading u-headerXs\">Stabilno in varno<\/h3>\n<div class=\"Card-text\">Vrhunski materiali in konstrukcija zagotavljajo varnost, ko je najbolj potrebna. Rex je na voljo tudi s podpornimi nogami, \u010de potrebujete dodatno stabilnost.<\/div>\n<\/div>\n<\/div>\n<\/div>\n<p>[\/vc_column_text][\/vc_column_inner][vc_column_inner width=&#8221;1\/4&#8243;][vc_single_image image=&#8221;6970&#8243; img_size=&#8221;large&#8221; alignment=&#8221;right&#8221;][vc_column_text]<\/p>\n<div class=\"Card-textContent text-left\">\n<div class=\"Card-textContent text-left\">\n<h3 class=\"Card-heading u-headerXs\">Enostavno \u010di\u0161\u010denje<\/h3>\n<div class=\"Card-text\">Z gladkimi in \u010distimi povr\u0161inami je naslon za roke eleganten in enostaven za \u010di\u0161\u010denje.<\/div>\n<\/div>\n<\/div>\n<p>[\/vc_column_text][\/vc_column_inner][vc_column_inner width=&#8221;1\/4&#8243;][vc_single_image image=&#8221;6974&#8243; img_size=&#8221;large&#8221; alignment=&#8221;right&#8221;][vc_column_text]<\/p>\n<div class=\"Card-textContent text-left\">\n<div class=\"Card-textContent text-left\">\n<h3 class=\"Card-heading u-headerXs\">Pametna zasnova<\/h3>\n<div class=\"Card-text\">Nasloni za roke zavzamejo zelo malo prostora, ko so zlo\u017eeni, njihova kotna oblika pa omogo\u010da enostaven dostop, prijem in zlaganje.<\/div>\n<\/div>\n<\/div>\n<p>[\/vc_column_text][\/vc_column_inner][\/vc_row_inner][vc_empty_space height=&#8221;60px&#8221;][\/vc_column][\/vc_row][vc_row full_width=&#8221;stretch_row&#8221;][vc_column][vc_empty_space height=&#8221;60px&#8221;][vc_column_text]<\/p>\n<h3 style=\"text-align: left\">Razli\u010dice<\/h3>\n<p>[\/vc_column_text][vc_column_text]<\/p>\n<table class=\"table table-striped table-bordered table-light\">\n<thead>\n<tr>\n<th colspan=\"1\"><\/th>\n<th>\n<div class=\"text-muted u-textRegularXs\"><\/div>\n<p><span style=\"vertical-align: inherit\"><span style=\"vertical-align: inherit\">\u0160tevilka artikla<\/span><\/span><\/th>\n<th>\n<div class=\"text-muted u-textRegularXs\"><\/div>\n<p><span style=\"vertical-align: inherit\"><span style=\"vertical-align: inherit\">Dol\u017eina (mm)<\/span><\/span><\/th>\n<th>\n<div class=\"text-muted u-textRegularXs\"><\/div>\n<p><span style=\"vertical-align: inherit\"><span style=\"vertical-align: inherit\">Material<\/span><\/span><\/th>\n<th>\n<div class=\"text-muted u-textRegularXs\"><\/div>\n<p><span style=\"vertical-align: inherit\"><span style=\"vertical-align: inherit\">Najve\u010dja te\u017ea uporabnika (kg)<\/span><\/span><\/th>\n<th>\n<div class=\"text-muted u-textRegularXs\"><\/div>\n<p><span style=\"vertical-align: inherit\"><span style=\"vertical-align: inherit\">Te\u017ea (kg)<\/span><\/span><\/th>\n<\/tr>\n<\/thead>\n<tbody>\n<tr>\n<td class=\"font-weight-bold\"><span style=\"vertical-align: inherit\"><span style=\"vertical-align: inherit\">Rex 60 cm<\/span><\/span><\/td>\n<td><span style=\"vertical-align: inherit\"><span style=\"vertical-align: inherit\">81705010<\/span><\/span><\/td>\n<td><span style=\"vertical-align: inherit\"><span style=\"vertical-align: inherit\">600<\/span><\/span><\/td>\n<td><span style=\"vertical-align: inherit\"><span style=\"vertical-align: inherit\">Aluminij, poliuretan, ABS plastika, polipropilen. Podporna noga: aluminij, poliamid, TPE, nerjave\u010de jeklo.<\/span><\/span><\/td>\n<td><span style=\"vertical-align: inherit\"><span style=\"vertical-align: inherit\">135<\/span><\/span><\/td>\n<td><span style=\"vertical-align: inherit\"><span style=\"vertical-align: inherit\">2,7<\/span><\/span><\/td>\n<\/tr>\n<tr>\n<td class=\"font-weight-bold\"><span style=\"vertical-align: inherit\"><span style=\"vertical-align: inherit\">Rex 70 cm<\/span><\/span><\/td>\n<td><span style=\"vertical-align: inherit\"><span style=\"vertical-align: inherit\">81705020<\/span><\/span><\/td>\n<td><span style=\"vertical-align: inherit\"><span style=\"vertical-align: inherit\">700<\/span><\/span><\/td>\n<td><span style=\"vertical-align: inherit\"><span style=\"vertical-align: inherit\">Aluminij, poliuretan, ABS plastika, polipropilen. Podporna noga: aluminij, poliamid, TPE, nerjave\u010de jeklo.<\/span><\/span><\/td>\n<td><span style=\"vertical-align: inherit\"><span style=\"vertical-align: inherit\">135<\/span><\/span><\/td>\n<td><span style=\"vertical-align: inherit\"><span style=\"vertical-align: inherit\">2,9<\/span><\/span><\/td>\n<\/tr>\n<tr>\n<td class=\"font-weight-bold\"><span style=\"vertical-align: inherit\"><span style=\"vertical-align: inherit\">Rex 70 cm z oporno nogo<\/span><\/span><\/td>\n<td><span style=\"vertical-align: inherit\"><span style=\"vertical-align: inherit\">81705030<\/span><\/span><\/td>\n<td><span style=\"vertical-align: inherit\"><span style=\"vertical-align: inherit\">700<\/span><\/span><\/td>\n<td><span style=\"vertical-align: inherit\"><span style=\"vertical-align: inherit\">Aluminij, poliuretan, ABS plastika, polipropilen. Podporna noga: aluminij, poliamid, TPE, nerjave\u010de jeklo.<\/span><\/span><\/td>\n<td><span style=\"vertical-align: inherit\"><span style=\"vertical-align: inherit\">150<\/span><\/span><\/td>\n<td><span style=\"vertical-align: inherit\"><span style=\"vertical-align: inherit\">3,6<\/span><\/span><\/td>\n<\/tr>\n<tr>\n<td class=\"font-weight-bold\"><span style=\"vertical-align: inherit\"><span style=\"vertical-align: inherit\">Rex 85 cm<\/span><\/span><\/td>\n<td><span style=\"vertical-align: inherit\"><span style=\"vertical-align: inherit\">81705040<\/span><\/span><\/td>\n<td><span style=\"vertical-align: inherit\"><span style=\"vertical-align: inherit\">850<\/span><\/span><\/td>\n<td><span style=\"vertical-align: inherit\"><span style=\"vertical-align: inherit\">Aluminij, poliuretan, ABS plastika, polipropilen. Podporna noga: aluminij, poliamid, TPE, nerjave\u010de jeklo.<\/span><\/span><\/td>\n<td><span style=\"vertical-align: inherit\"><span style=\"vertical-align: inherit\">100<\/span><\/span><\/td>\n<td><span style=\"vertical-align: inherit\"><span style=\"vertical-align: inherit\">3,3<\/span><\/span><\/td>\n<\/tr>\n<tr>\n<td class=\"font-weight-bold\"><span style=\"vertical-align: inherit\"><span style=\"vertical-align: inherit\">Rex 85 cm z oporno nogo<\/span><\/span><\/td>\n<td><span style=\"vertical-align: inherit\"><span style=\"vertical-align: inherit\">81705050<\/span><\/span><\/td>\n<td><span style=\"vertical-align: inherit\"><span style=\"vertical-align: inherit\">850<\/span><\/span><\/td>\n<td><span style=\"vertical-align: inherit\"><span style=\"vertical-align: inherit\">Aluminij, poliuretan, ABS plastika, polipropilen. Podporna noga: aluminij, poliamid, TPE, nerjave\u010de jeklo.<\/span><\/span><\/td>\n<td><span style=\"vertical-align: inherit\"><span style=\"vertical-align: inherit\">150<\/span><\/span><\/td>\n<td><span style=\"vertical-align: inherit\"><span style=\"vertical-align: inherit\">4<\/span><\/span><\/td>\n<\/tr>\n<\/tbody>\n<\/table>\n<p>[\/vc_column_text][vc_column_text]<a href=\"https:\/\/www.mivam.com\/wp-content\/uploads\/2025\/06\/vodnik-po-velikosti-2.jpg\" target=\"_blank\" rel=\"noopener\">Vodnik po velikosti<\/a>\u00a0 \u00a0 \u00a0|\u00a0 \u00a0 \u00a0<a href=\"https:\/\/www.mivam.com\/wp-content\/uploads\/2025\/06\/navodila-za-pranje-4.jpg\" target=\"_blank\" rel=\"noopener\">Navodila za pranje<\/a>[\/vc_column_text][vc_empty_space height=&#8221;60px&#8221;][\/vc_column][\/vc_row][vc_row full_width=&#8221;stretch_row&#8221; css=&#8221;.vc_custom_1746797759293{background-color: #f8f9fa !important;}&#8221;][vc_column][vc_empty_space height=&#8221;60px&#8221;][vc_column_text]<\/p>\n<h3 style=\"text-align: left\">Videoposnetki<\/h3>\n<p>[\/vc_column_text][vc_row_inner][vc_column_inner width=&#8221;1\/2&#8243;][vc_video link=&#8221;https:\/\/youtu.be\/RIo1h_HD8gg&#8221; align=&#8221;center&#8221;][vc_column_text]<\/p>\n<h4 class=\"Card-heading u-headerXs\">Kolekcija Etac SPA &#8211; Uvod<\/h4>\n<p>[\/vc_column_text][\/vc_column_inner][vc_column_inner width=&#8221;1\/2&#8243;][\/vc_column_inner][\/vc_row_inner][vc_empty_space height=&#8221;60px&#8221;][\/vc_column][\/vc_row][vc_row full_width=&#8221;stretch_row&#8221;][vc_column][vc_empty_space height=&#8221;40px&#8221;][vc_column_text]<\/p>\n<h3 style=\"text-align: left\">Prenosi<\/h3>\n<p>[\/vc_column_text]        \n\t\t\t\t<div class=\"file-wrap \" id=\"\">\n\t\t\t\t\t<a href=\"https:\/\/www.mivam.com\/wp-content\/uploads\/2025\/06\/rex-productfolder-exp_566568.pdf\" target=\"_blank\" class=\"file-dl-btn\">\t\n\t\t\t\t\t\tBro\u0161ura - Dr\u017ealo ETAC REX.pdf 2,95 MB\t\t\t\t\t<div class=\"file-icon-wrapper\">\n\t\t\t\t\t\t<svg width=\"19\" height=\"20\" viewBox=\"0 0 19 20\" fill=\"none\" xmlns=\"http:\/\/www.w3.org\/2000\/svg\">\n<path d=\"M9.55818 14.9683L4.93488 9.96001L5.85875 8.94249L8.9048 12.2413V0H10.2116V12.2413L13.2563 8.94391L14.1815 9.96001L9.55818 14.9683ZM2.5213 19.8125C1.92019 19.8125 1.4184 19.5945 1.01592 19.1586C0.612564 18.7218 0.410889 18.1779 0.410889 17.5269V14.098H1.71764V17.5269C1.71764 17.7439 1.80128 17.9435 1.96854 18.1256C2.13668 18.3067 2.32093 18.3973 2.5213 18.3973H16.5951C16.7954 18.3973 16.9797 18.3067 17.1478 18.1256C17.3151 17.9435 17.3987 17.7439 17.3987 17.5269V14.098H18.7055V17.5269C18.7055 18.1779 18.5042 18.7214 18.1017 19.1572C17.6984 19.594 17.1962 19.8125 16.5951 19.8125H2.5213Z\" fill=\"white\"\/>\n<\/svg>\t\t\t\t\t<\/div>\n\t\t\t\t\t<\/a>\n\t\t\t\t<\/div>\n        \n        [vc_empty_space height=&#8221;40px&#8221;][\/vc_column][\/vc_row]<\/p>\n<\/div>","protected":false},"excerpt":{"rendered":"<h4 class=\"u-headerSm\">Stenska opora za strani\u0161\u010de<\/h4>\n<div>\n<p><strong>Podpora, zasnovana za vas<\/strong><br \/>\nRex je zlo\u017eljiva, prostorsko var\u010dna in zanesljiva stenska opora za strani\u0161\u010dno \u0161koljko. Na voljo je v treh razli\u010dnih dol\u017einah in v razli\u010dicah z ali brez podpornih nog. Izberite model, ki ustreza vam, va\u0161i kopalnici in va\u0161im zahtevam. Z lahkoto jo je mogo\u010de namestiti na steno in se dobro zlije z okoljem va\u0161e kopalnice.<\/p>\n<p><strong>Primerno za vse kopalnice<\/strong><br \/>\nPametna zasnova zagotavlja, da nasloni za roke v zlo\u017eenem polo\u017eaju zavzamejo zelo malo prostora. Nahajajo se blizu stene in ne motijo. Poleg tega jih je zaradi njihove kotne oblike vedno enostavno dose\u010di in se jih oprijeti. Zasnovani so tudi tako, da zagotavljajo ne\u017een in gladek postopek zlaganja.<\/p>\n<p>Rex ima 5-letno garancijo in 10-letno \u017eivljenjsko dobo.<\/p>\n<\/div>\n","protected":false},"featured_media":6968,"comment_status":"closed","ping_status":"closed","template":"","meta":[],"product_brand":[],"product_cat":[224,71,43],"product_tag":[351,356,359,360,361,346,354,358,352,343],"class_list":{"0":"post-6957","1":"product","2":"type-product","3":"status-publish","4":"has-post-thumbnail","6":"product_cat-kopalniski-pripomocki","7":"product_cat-dodatki-za-kopalnico","8":"product_cat-toaletno-tusirni-pripomocki","9":"product_tag-drzalo","10":"product_tag-drzalo-60-cm","11":"product_tag-drzalo-70-cm","12":"product_tag-drzalo-85-cm","13":"product_tag-drzalo-z-nogami","14":"product_tag-fiksno","15":"product_tag-lepljivo","16":"product_tag-rex","17":"product_tag-tus-kabina","18":"product_tag-wc","20":"first","21":"instock","22":"taxable","23":"shipping-taxable","24":"product-type-simple"},"yoast_head":"<!-- This site is optimized with the Yoast SEO plugin v24.0 - https:\/\/yoast.com\/wordpress\/plugins\/seo\/ -->\n<title>Dr\u017ealo ETAC REX - Mi Vam<\/title>\n<meta name=\"description\" content=\"Stenska opora za strani\u0161\u010de   Podpora, zasnovana za vas Rex je zlo\u017eljiva, prostorsko var\u010dna in zanesljiva stenska opora za strani\u0161\u010dno \u0161koljko. Na voljo je v treh razli\u010dnih dol\u017einah in v razli\u010dicah z ali brez podpornih nog. Izberite model, ki ustreza vam, va\u0161i kopalnici in va\u0161im zahtevam. Z lahkoto jo je mogo\u010de namestiti na steno in se dobro zlije z okoljem va\u0161e kopalnice.  Primerno za vse kopalnice Pametna zasnova zagotavlja, da nasloni za roke v zlo\u017eenem polo\u017eaju zavzamejo zelo malo prostora. Nahajajo se blizu stene in ne motijo. Poleg tega jih je zaradi njihove kotne oblike vedno enostavno dose\u010di in se jih oprijeti. Zasnovani so tudi tako, da zagotavljajo ne\u017een in gladek postopek zlaganja.  Rex ima 5-letno garancijo in 10-letno \u017eivljenjsko dobo.\" \/>\n<meta name=\"robots\" content=\"index, follow, max-snippet:-1, max-image-preview:large, max-video-preview:-1\" \/>\n<link rel=\"canonical\" href=\"https:\/\/www.mivam.com\/izdelek\/drzalo-etac-rex\/\" \/>\n<meta property=\"og:locale\" content=\"en_US\" \/>\n<meta property=\"og:type\" content=\"article\" \/>\n<meta property=\"og:title\" content=\"Dr\u017ealo ETAC REX - Mi Vam\" \/>\n<meta property=\"og:description\" content=\"Stenska opora za strani\u0161\u010de   Podpora, zasnovana za vas Rex je zlo\u017eljiva, prostorsko var\u010dna in zanesljiva stenska opora za strani\u0161\u010dno \u0161koljko. Na voljo je v treh razli\u010dnih dol\u017einah in v razli\u010dicah z ali brez podpornih nog. Izberite model, ki ustreza vam, va\u0161i kopalnici in va\u0161im zahtevam. Z lahkoto jo je mogo\u010de namestiti na steno in se dobro zlije z okoljem va\u0161e kopalnice.  Primerno za vse kopalnice Pametna zasnova zagotavlja, da nasloni za roke v zlo\u017eenem polo\u017eaju zavzamejo zelo malo prostora. Nahajajo se blizu stene in ne motijo. Poleg tega jih je zaradi njihove kotne oblike vedno enostavno dose\u010di in se jih oprijeti. Zasnovani so tudi tako, da zagotavljajo ne\u017een in gladek postopek zlaganja.  Rex ima 5-letno garancijo in 10-letno \u017eivljenjsko dobo.\" \/>\n<meta property=\"og:url\" content=\"https:\/\/www.mivam.com\/izdelek\/drzalo-etac-rex\/\" \/>\n<meta property=\"og:site_name\" content=\"Mi Vam\" \/>\n<meta property=\"article:modified_time\" content=\"2025-06-19T03:38:52+00:00\" \/>\n<meta property=\"og:image\" content=\"https:\/\/www.mivam.com\/wp-content\/uploads\/2025\/06\/etac-rex-main2.png\" \/>\n\t<meta property=\"og:image:width\" content=\"1100\" \/>\n\t<meta property=\"og:image:height\" content=\"1100\" \/>\n\t<meta property=\"og:image:type\" content=\"image\/png\" \/>\n<meta name=\"twitter:card\" content=\"summary_large_image\" \/>\n<meta name=\"twitter:label1\" content=\"Est. reading time\" \/>\n\t<meta name=\"twitter:data1\" content=\"3 minutes\" \/>\n<script type=\"application\/ld+json\" class=\"yoast-schema-graph\">{\"@context\":\"https:\/\/schema.org\",\"@graph\":[{\"@type\":\"WebPage\",\"@id\":\"https:\/\/www.mivam.com\/izdelek\/drzalo-etac-rex\/\",\"url\":\"https:\/\/www.mivam.com\/izdelek\/drzalo-etac-rex\/\",\"name\":\"Dr\u017ealo ETAC REX - Mi Vam\",\"isPartOf\":{\"@id\":\"https:\/\/www.mivam.com\/#website\"},\"primaryImageOfPage\":{\"@id\":\"https:\/\/www.mivam.com\/izdelek\/drzalo-etac-rex\/#primaryimage\"},\"image\":{\"@id\":\"https:\/\/www.mivam.com\/izdelek\/drzalo-etac-rex\/#primaryimage\"},\"thumbnailUrl\":\"https:\/\/www.mivam.com\/wp-content\/uploads\/2025\/06\/etac-rex-main2.png\",\"datePublished\":\"2025-06-13T08:01:23+00:00\",\"dateModified\":\"2025-06-19T03:38:52+00:00\",\"description\":\"Stenska opora za strani\u0161\u010de Podpora, zasnovana za vas Rex je zlo\u017eljiva, prostorsko var\u010dna in zanesljiva stenska opora za strani\u0161\u010dno \u0161koljko. Na voljo je v treh razli\u010dnih dol\u017einah in v razli\u010dicah z ali brez podpornih nog. Izberite model, ki ustreza vam, va\u0161i kopalnici in va\u0161im zahtevam. Z lahkoto jo je mogo\u010de namestiti na steno in se dobro zlije z okoljem va\u0161e kopalnice. Primerno za vse kopalnice Pametna zasnova zagotavlja, da nasloni za roke v zlo\u017eenem polo\u017eaju zavzamejo zelo malo prostora. Nahajajo se blizu stene in ne motijo. Poleg tega jih je zaradi njihove kotne oblike vedno enostavno dose\u010di in se jih oprijeti. Zasnovani so tudi tako, da zagotavljajo ne\u017een in gladek postopek zlaganja. Rex ima 5-letno garancijo in 10-letno \u017eivljenjsko dobo.\",\"breadcrumb\":{\"@id\":\"https:\/\/www.mivam.com\/izdelek\/drzalo-etac-rex\/#breadcrumb\"},\"inLanguage\":\"en-US\",\"potentialAction\":[{\"@type\":\"ReadAction\",\"target\":[\"https:\/\/www.mivam.com\/izdelek\/drzalo-etac-rex\/\"]}]},{\"@type\":\"ImageObject\",\"inLanguage\":\"en-US\",\"@id\":\"https:\/\/www.mivam.com\/izdelek\/drzalo-etac-rex\/#primaryimage\",\"url\":\"https:\/\/www.mivam.com\/wp-content\/uploads\/2025\/06\/etac-rex-main2.png\",\"contentUrl\":\"https:\/\/www.mivam.com\/wp-content\/uploads\/2025\/06\/etac-rex-main2.png\",\"width\":1100,\"height\":1100,\"caption\":\"Dr\u017ealo ETAC REX\"},{\"@type\":\"BreadcrumbList\",\"@id\":\"https:\/\/www.mivam.com\/izdelek\/drzalo-etac-rex\/#breadcrumb\",\"itemListElement\":[{\"@type\":\"ListItem\",\"position\":1,\"name\":\"Domov\",\"item\":\"https:\/\/www.mivam.com\/\"},{\"@type\":\"ListItem\",\"position\":2,\"name\":\"Shop\",\"item\":\"https:\/\/www.mivam.com\/en\/shop\/\"},{\"@type\":\"ListItem\",\"position\":3,\"name\":\"Kopalni\u0161ki pripomo\u010dki\",\"item\":\"https:\/\/www.mivam.com\/kategorija-izdelka\/kopalniski-pripomocki\/\"},{\"@type\":\"ListItem\",\"position\":4,\"name\":\"Dr\u017ealo ETAC REX\"}]},{\"@type\":\"WebSite\",\"@id\":\"https:\/\/www.mivam.com\/#website\",\"url\":\"https:\/\/www.mivam.com\/\",\"name\":\"Mi Vam\",\"description\":\"Medicinski pripomo\u010dki in re\u0161itve za manj odvisno \u017eivljenje.\",\"potentialAction\":[{\"@type\":\"SearchAction\",\"target\":{\"@type\":\"EntryPoint\",\"urlTemplate\":\"https:\/\/www.mivam.com\/?s={search_term_string}\"},\"query-input\":{\"@type\":\"PropertyValueSpecification\",\"valueRequired\":true,\"valueName\":\"search_term_string\"}}],\"inLanguage\":\"en-US\"}]}<\/script>\n<!-- \/ Yoast SEO plugin. -->","yoast_head_json":{"title":"Dr\u017ealo ETAC REX - Mi Vam","description":"Stenska opora za strani\u0161\u010de   Podpora, zasnovana za vas Rex je zlo\u017eljiva, prostorsko var\u010dna in zanesljiva stenska opora za strani\u0161\u010dno \u0161koljko. Na voljo je v treh razli\u010dnih dol\u017einah in v razli\u010dicah z ali brez podpornih nog. Izberite model, ki ustreza vam, va\u0161i kopalnici in va\u0161im zahtevam. Z lahkoto jo je mogo\u010de namestiti na steno in se dobro zlije z okoljem va\u0161e kopalnice.  Primerno za vse kopalnice Pametna zasnova zagotavlja, da nasloni za roke v zlo\u017eenem polo\u017eaju zavzamejo zelo malo prostora. Nahajajo se blizu stene in ne motijo. Poleg tega jih je zaradi njihove kotne oblike vedno enostavno dose\u010di in se jih oprijeti. Zasnovani so tudi tako, da zagotavljajo ne\u017een in gladek postopek zlaganja.  Rex ima 5-letno garancijo in 10-letno \u017eivljenjsko dobo.","robots":{"index":"index","follow":"follow","max-snippet":"max-snippet:-1","max-image-preview":"max-image-preview:large","max-video-preview":"max-video-preview:-1"},"canonical":"https:\/\/www.mivam.com\/izdelek\/drzalo-etac-rex\/","og_locale":"en_US","og_type":"article","og_title":"Dr\u017ealo ETAC REX - Mi Vam","og_description":"Stenska opora za strani\u0161\u010de   Podpora, zasnovana za vas Rex je zlo\u017eljiva, prostorsko var\u010dna in zanesljiva stenska opora za strani\u0161\u010dno \u0161koljko. Na voljo je v treh razli\u010dnih dol\u017einah in v razli\u010dicah z ali brez podpornih nog. Izberite model, ki ustreza vam, va\u0161i kopalnici in va\u0161im zahtevam. Z lahkoto jo je mogo\u010de namestiti na steno in se dobro zlije z okoljem va\u0161e kopalnice.  Primerno za vse kopalnice Pametna zasnova zagotavlja, da nasloni za roke v zlo\u017eenem polo\u017eaju zavzamejo zelo malo prostora. Nahajajo se blizu stene in ne motijo. Poleg tega jih je zaradi njihove kotne oblike vedno enostavno dose\u010di in se jih oprijeti. Zasnovani so tudi tako, da zagotavljajo ne\u017een in gladek postopek zlaganja.  Rex ima 5-letno garancijo in 10-letno \u017eivljenjsko dobo.","og_url":"https:\/\/www.mivam.com\/izdelek\/drzalo-etac-rex\/","og_site_name":"Mi Vam","article_modified_time":"2025-06-19T03:38:52+00:00","og_image":[{"width":1100,"height":1100,"url":"https:\/\/www.mivam.com\/wp-content\/uploads\/2025\/06\/etac-rex-main2.png","type":"image\/png"}],"twitter_card":"summary_large_image","twitter_misc":{"Est. reading time":"3 minutes"},"schema":{"@context":"https:\/\/schema.org","@graph":[{"@type":"WebPage","@id":"https:\/\/www.mivam.com\/izdelek\/drzalo-etac-rex\/","url":"https:\/\/www.mivam.com\/izdelek\/drzalo-etac-rex\/","name":"Dr\u017ealo ETAC REX - Mi Vam","isPartOf":{"@id":"https:\/\/www.mivam.com\/#website"},"primaryImageOfPage":{"@id":"https:\/\/www.mivam.com\/izdelek\/drzalo-etac-rex\/#primaryimage"},"image":{"@id":"https:\/\/www.mivam.com\/izdelek\/drzalo-etac-rex\/#primaryimage"},"thumbnailUrl":"https:\/\/www.mivam.com\/wp-content\/uploads\/2025\/06\/etac-rex-main2.png","datePublished":"2025-06-13T08:01:23+00:00","dateModified":"2025-06-19T03:38:52+00:00","description":"Stenska opora za strani\u0161\u010de Podpora, zasnovana za vas Rex je zlo\u017eljiva, prostorsko var\u010dna in zanesljiva stenska opora za strani\u0161\u010dno \u0161koljko. Na voljo je v treh razli\u010dnih dol\u017einah in v razli\u010dicah z ali brez podpornih nog. Izberite model, ki ustreza vam, va\u0161i kopalnici in va\u0161im zahtevam. Z lahkoto jo je mogo\u010de namestiti na steno in se dobro zlije z okoljem va\u0161e kopalnice. Primerno za vse kopalnice Pametna zasnova zagotavlja, da nasloni za roke v zlo\u017eenem polo\u017eaju zavzamejo zelo malo prostora. Nahajajo se blizu stene in ne motijo. Poleg tega jih je zaradi njihove kotne oblike vedno enostavno dose\u010di in se jih oprijeti. Zasnovani so tudi tako, da zagotavljajo ne\u017een in gladek postopek zlaganja. Rex ima 5-letno garancijo in 10-letno \u017eivljenjsko dobo.","breadcrumb":{"@id":"https:\/\/www.mivam.com\/izdelek\/drzalo-etac-rex\/#breadcrumb"},"inLanguage":"en-US","potentialAction":[{"@type":"ReadAction","target":["https:\/\/www.mivam.com\/izdelek\/drzalo-etac-rex\/"]}]},{"@type":"ImageObject","inLanguage":"en-US","@id":"https:\/\/www.mivam.com\/izdelek\/drzalo-etac-rex\/#primaryimage","url":"https:\/\/www.mivam.com\/wp-content\/uploads\/2025\/06\/etac-rex-main2.png","contentUrl":"https:\/\/www.mivam.com\/wp-content\/uploads\/2025\/06\/etac-rex-main2.png","width":1100,"height":1100,"caption":"Dr\u017ealo ETAC REX"},{"@type":"BreadcrumbList","@id":"https:\/\/www.mivam.com\/izdelek\/drzalo-etac-rex\/#breadcrumb","itemListElement":[{"@type":"ListItem","position":1,"name":"Domov","item":"https:\/\/www.mivam.com\/"},{"@type":"ListItem","position":2,"name":"Shop","item":"https:\/\/www.mivam.com\/en\/shop\/"},{"@type":"ListItem","position":3,"name":"Kopalni\u0161ki pripomo\u010dki","item":"https:\/\/www.mivam.com\/kategorija-izdelka\/kopalniski-pripomocki\/"},{"@type":"ListItem","position":4,"name":"Dr\u017ealo ETAC REX"}]},{"@type":"WebSite","@id":"https:\/\/www.mivam.com\/#website","url":"https:\/\/www.mivam.com\/","name":"Mi Vam","description":"Medicinski pripomo\u010dki in re\u0161itve za manj odvisno \u017eivljenje.","potentialAction":[{"@type":"SearchAction","target":{"@type":"EntryPoint","urlTemplate":"https:\/\/www.mivam.com\/?s={search_term_string}"},"query-input":{"@type":"PropertyValueSpecification","valueRequired":true,"valueName":"search_term_string"}}],"inLanguage":"en-US"}]}},"_links":{"self":[{"href":"https:\/\/www.mivam.com\/en\/wp-json\/wp\/v2\/product\/6957","targetHints":{"allow":["GET"]}}],"collection":[{"href":"https:\/\/www.mivam.com\/en\/wp-json\/wp\/v2\/product"}],"about":[{"href":"https:\/\/www.mivam.com\/en\/wp-json\/wp\/v2\/types\/product"}],"replies":[{"embeddable":true,"href":"https:\/\/www.mivam.com\/en\/wp-json\/wp\/v2\/comments?post=6957"}],"wp:featuredmedia":[{"embeddable":true,"href":"https:\/\/www.mivam.com\/en\/wp-json\/wp\/v2\/media\/6968"}],"wp:attachment":[{"href":"https:\/\/www.mivam.com\/en\/wp-json\/wp\/v2\/media?parent=6957"}],"wp:term":[{"taxonomy":"product_brand","embeddable":true,"href":"https:\/\/www.mivam.com\/en\/wp-json\/wp\/v2\/product_brand?post=6957"},{"taxonomy":"product_cat","embeddable":true,"href":"https:\/\/www.mivam.com\/en\/wp-json\/wp\/v2\/product_cat?post=6957"},{"taxonomy":"product_tag","embeddable":true,"href":"https:\/\/www.mivam.com\/en\/wp-json\/wp\/v2\/product_tag?post=6957"}],"curies":[{"name":"wp","href":"https:\/\/api.w.org\/{rel}","templated":true}]}}