{"id":6778,"date":"2025-06-12T16:19:10","date_gmt":"2025-06-12T14:19:10","guid":{"rendered":"https:\/\/pisarna.novisplet.com\/dev2\/mivam_old\/?post_type=product&#038;p=6778"},"modified":"2025-06-19T05:43:29","modified_gmt":"2025-06-19T03:43:29","slug":"tusirni-stol-etac-edge","status":"publish","type":"product","link":"https:\/\/www.mivam.com\/en\/izdelek\/tusirni-stol-etac-edge\/","title":{"rendered":"Tu\u0161irni stol ETAC EDGE"},"content":{"rendered":"<div class=\"wpb-content-wrapper\"><p>[vc_row full_width=&#8221;stretch_row&#8221;][vc_column][vc_empty_space height=&#8221;60px&#8221;][vc_row_inner][vc_column_inner width=&#8221;1\/3&#8243;][vc_single_image image=&#8221;6760&#8243; img_size=&#8221;large&#8221; alignment=&#8221;right&#8221;][vc_column_text]<\/p>\n<div class=\"Card-textContent text-left\">\n<h4 class=\"Card-heading u-headerXs\">Re\u0161itve za varnost v kopalnicah<\/h4>\n<div class=\"Card-text\">\n<p>Etac ponuja priporo\u010dene re\u0161itve za razli\u010dne ravni potreb uporabnikov. Spoznajte, kako lahko tovrstne izdelke uporabite za izbolj\u0161anje varnosti in prepre\u010devanje padcev.<\/p>\n<\/div>\n<\/div>\n<p>[\/vc_column_text][\/vc_column_inner][vc_column_inner width=&#8221;1\/3&#8243;][vc_single_image image=&#8221;6762&#8243; img_size=&#8221;large&#8221; alignment=&#8221;right&#8221;][vc_column_text]<\/p>\n<div class=\"Card-textContent text-left\">\n<div class=\"Card-textContent text-left\">\n<div class=\"Card-textContent text-left\">\n<h4 class=\"Card-heading u-headerXs\">Nasveti za varnost v kopalnici<\/h4>\n<div class=\"Card-text\">\n<p>Z manj\u0161imi prilagoditvami kopalnice se je mogo\u010de izogniti \u0161tevilnim nesre\u010dam. Nau\u010dite se, kako oceniti in preurediti kopalnico, v na\u0161em seznamu nasvetov.<\/p>\n<\/div>\n<\/div>\n<\/div>\n<\/div>\n<p>[\/vc_column_text][\/vc_column_inner][vc_column_inner width=&#8221;1\/3&#8243;][vc_single_image image=&#8221;6766&#8243; img_size=&#8221;large&#8221; alignment=&#8221;right&#8221;][vc_column_text]<\/p>\n<div class=\"Card-textContent text-left\">\n<div class=\"Card-textContent text-left\">\n<h4 class=\"Card-heading u-headerXs\">Odkrijte klini\u010dne koristi<\/h4>\n<div class=\"Card-text\">\n<p>Sede\u017ei za tu\u0161iranje in kopalne deske lahko pove\u010dajo varnost, spodbujajo neodvisnost in podpirajo dostojanstvo pri vsakodnevnih opravilih. V na\u0161em \u010dlanku si oglejte vpoglede, ki temeljijo na dokazih in stojijo za temi kopalni\u0161kimi pripomo\u010dki.<\/p>\n<\/div>\n<\/div>\n<\/div>\n<p>[\/vc_column_text][\/vc_column_inner][\/vc_row_inner][vc_empty_space height=&#8221;60px&#8221;][\/vc_column][\/vc_row][vc_row full_width=&#8221;stretch_row&#8221; css=&#8221;.vc_custom_1689764110870{background-color: #f8f9fa !important;}&#8221;][vc_column][vc_empty_space height=&#8221;60px&#8221;][vc_column_text]<\/p>\n<h3 style=\"text-align: left\">Zna\u010dilnosti<\/h3>\n<p>[\/vc_column_text][vc_row_inner][vc_column_inner width=&#8221;1\/4&#8243;][vc_single_image image=&#8221;6788&#8243; img_size=&#8221;large&#8221; alignment=&#8221;right&#8221;][vc_column_text]<\/p>\n<div class=\"Card-textContent text-left\">\n<h3 class=\"Card-heading u-headerXs\">Udobno in varno<\/h3>\n<div class=\"Card-text\">Prostorne sede\u017ene povr\u0161ine z mehko zaobljenimi oblikami in nedrse\u010do povr\u0161ino zagotavljajo udobno in varno sedenje. Posebne perforacije omogo\u010dajo hitro odtekanje odve\u010dne vode.<\/div>\n<\/div>\n<p>[\/vc_column_text][\/vc_column_inner][vc_column_inner width=&#8221;1\/4&#8243;][vc_single_image image=&#8221;6792&#8243; img_size=&#8221;large&#8221; alignment=&#8221;right&#8221;][vc_column_text]<\/p>\n<div class=\"Card-textContent text-left\">\n<div class=\"Card-textContent text-left\">\n<div class=\"Card-textContent text-left\">\n<h3 class=\"Card-heading u-headerXs\">Nastavljiva vi\u0161ina<\/h3>\n<div class=\"Card-text\">Vi\u0161ino je enostavno nastaviti. Samo kliknite in pritisnite. Ovalna oblika prepre\u010duje, da bi se teleskopske noge med nastavljanjem vrtele. Ni ohlapnih delov, ki bi se lahko izgubili.<\/div>\n<\/div>\n<\/div>\n<\/div>\n<p>[\/vc_column_text][\/vc_column_inner][vc_column_inner width=&#8221;1\/4&#8243;][vc_single_image image=&#8221;6790&#8243; img_size=&#8221;large&#8221; alignment=&#8221;right&#8221;][vc_column_text]<\/p>\n<div class=\"Card-textContent text-left\">\n<div class=\"Card-textContent text-left\">\n<h3 class=\"Card-heading u-headerXs\">Enostavna monta\u017ea<\/h3>\n<div class=\"Card-text\">Monta\u017ea je enostavna in ne potrebuje orodja. Samozaklepni gumb se zasko\u010di, ovalna oblika pa prepre\u010duje, da bi se noge med nastavljanjem vrtele.<\/div>\n<\/div>\n<\/div>\n<p>[\/vc_column_text][\/vc_column_inner][vc_column_inner width=&#8221;1\/4&#8243;][vc_single_image image=&#8221;6794&#8243; img_size=&#8221;large&#8221; alignment=&#8221;right&#8221;][vc_column_text]<\/p>\n<div class=\"Card-textContent text-left\">\n<div class=\"Card-textContent text-left\">\n<h3 class=\"Card-heading u-headerXs\">Stabilnost<\/h3>\n<div class=\"Card-text\">Noge stol\u010dkov so nagnjene navzven za ve\u010djo stabilnost. Odzivne, nedrse\u010de obro\u010dke se prilagodijo tlom in zagotavljajo stabilnost na mokrih in neravnih povr\u0161inah.<\/div>\n<\/div>\n<\/div>\n<p>[\/vc_column_text][\/vc_column_inner][\/vc_row_inner][vc_empty_space height=&#8221;60px&#8221;][\/vc_column][\/vc_row][vc_row full_width=&#8221;stretch_row&#8221;][vc_column][vc_empty_space height=&#8221;60px&#8221;][vc_column_text]<\/p>\n<h3 style=\"text-align: left\">Razli\u010dice<\/h3>\n<p>[\/vc_column_text][vc_column_text]<\/p>\n<table class=\"table table-striped table-bordered table-light\">\n<thead>\n<tr>\n<th colspan=\"1\"><\/th>\n<th>\n<div class=\"text-muted u-textRegularXs\"><\/div>\n<p><span style=\"vertical-align: inherit\"><span style=\"vertical-align: inherit\">\u0160tevilka artikla<\/span><\/span><\/th>\n<th>\n<div class=\"text-muted u-textRegularXs\"><\/div>\n<p><span style=\"vertical-align: inherit\"><span style=\"vertical-align: inherit\">Barva<\/span><\/span><\/th>\n<th>\n<div class=\"text-muted u-textRegularXs\"><\/div>\n<p><span style=\"vertical-align: inherit\"><span style=\"vertical-align: inherit\">Material<\/span><\/span><\/th>\n<th>\n<div class=\"text-muted u-textRegularXs\"><\/div>\n<p><span style=\"vertical-align: inherit\"><span style=\"vertical-align: inherit\">Najve\u010dja te\u017ea uporabnika (kg)<\/span><\/span><\/th>\n<th>\n<div class=\"text-muted u-textRegularXs\"><\/div>\n<p><span style=\"vertical-align: inherit\"><span style=\"vertical-align: inherit\">Vi\u0161ina sede\u017ea (mm)<\/span><\/span><\/th>\n<th>\n<div class=\"text-muted u-textRegularXs\"><\/div>\n<p><span style=\"vertical-align: inherit\"><span style=\"vertical-align: inherit\">\u0160irina sede\u017ea (mm)<\/span><\/span><\/th>\n<th>\n<div class=\"text-muted u-textRegularXs\"><\/div>\n<p><span style=\"vertical-align: inherit\"><span style=\"vertical-align: inherit\">Te\u017ea (kg)<\/span><\/span><\/th>\n<th>\n<div class=\"text-muted u-textRegularXs\"><\/div>\n<p><span style=\"vertical-align: inherit\"><span style=\"vertical-align: inherit\">\u0160irina (mm)<\/span><\/span><\/th>\n<\/tr>\n<\/thead>\n<tbody>\n<tr>\n<td class=\"font-weight-bold\"><span style=\"vertical-align: inherit\"><span style=\"vertical-align: inherit\">Stol\u010dek<\/span><\/span><\/td>\n<td><span style=\"vertical-align: inherit\"><span style=\"vertical-align: inherit\">81801010<\/span><\/span><\/td>\n<td><span style=\"vertical-align: inherit\"><span style=\"vertical-align: inherit\">Siva<\/span><\/span><\/td>\n<td><span style=\"vertical-align: inherit\"><span style=\"vertical-align: inherit\">Sede\u017e: Polipropilen. Noge: Aluminij, poliamid. Obrobe: TPE<\/span><\/span><\/td>\n<td><span style=\"vertical-align: inherit\"><span style=\"vertical-align: inherit\">130<\/span><\/span><\/td>\n<td><span style=\"vertical-align: inherit\"><span style=\"vertical-align: inherit\">420 &#8211; 570<\/span><\/span><\/td>\n<td><span style=\"vertical-align: inherit\"><span style=\"vertical-align: inherit\">450 x 405<\/span><\/span><\/td>\n<td><span style=\"vertical-align: inherit\"><span style=\"vertical-align: inherit\">2,6<\/span><\/span><\/td>\n<td><span style=\"vertical-align: inherit\"><span style=\"vertical-align: inherit\">500 &#8211; 520<\/span><\/span><\/td>\n<\/tr>\n<tr>\n<td class=\"font-weight-bold\"><span style=\"vertical-align: inherit\"><span style=\"vertical-align: inherit\">Stol\u010dek<\/span><\/span><\/td>\n<td><span style=\"vertical-align: inherit\"><span style=\"vertical-align: inherit\">81801060<\/span><\/span><\/td>\n<td><span style=\"vertical-align: inherit\"><span style=\"vertical-align: inherit\">Bela<\/span><\/span><\/td>\n<td><span style=\"vertical-align: inherit\"><span style=\"vertical-align: inherit\">Sede\u017e: Polipropilen. Noge: Aluminij, poliamid. Obrobe: TPE<\/span><\/span><\/td>\n<td><span style=\"vertical-align: inherit\"><span style=\"vertical-align: inherit\">130<\/span><\/span><\/td>\n<td><span style=\"vertical-align: inherit\"><span style=\"vertical-align: inherit\">420 &#8211; 570<\/span><\/span><\/td>\n<td><span style=\"vertical-align: inherit\"><span style=\"vertical-align: inherit\">450 x 405<\/span><\/span><\/td>\n<td><span style=\"vertical-align: inherit\"><span style=\"vertical-align: inherit\">2,6<\/span><\/span><\/td>\n<td><span style=\"vertical-align: inherit\"><span style=\"vertical-align: inherit\">500 &#8211; 520<\/span><\/span><\/td>\n<\/tr>\n<tr>\n<td class=\"font-weight-bold\"><span style=\"vertical-align: inherit\"><span style=\"vertical-align: inherit\">Stol\u010dek<\/span><\/span><\/td>\n<td><span style=\"vertical-align: inherit\"><span style=\"vertical-align: inherit\">81801030<\/span><\/span><\/td>\n<td><span style=\"vertical-align: inherit\"><span style=\"vertical-align: inherit\">Ledeno modra<\/span><\/span><\/td>\n<td><span style=\"vertical-align: inherit\"><span style=\"vertical-align: inherit\">Sede\u017e: Polipropilen. Noge: Aluminij, poliamid. Obrobe: TPE<\/span><\/span><\/td>\n<td><span style=\"vertical-align: inherit\"><span style=\"vertical-align: inherit\">130<\/span><\/span><\/td>\n<td><span style=\"vertical-align: inherit\"><span style=\"vertical-align: inherit\">420 &#8211; 570<\/span><\/span><\/td>\n<td><span style=\"vertical-align: inherit\"><span style=\"vertical-align: inherit\">450 x 405<\/span><\/span><\/td>\n<td><span style=\"vertical-align: inherit\"><span style=\"vertical-align: inherit\">2,6<\/span><\/span><\/td>\n<td><span style=\"vertical-align: inherit\"><span style=\"vertical-align: inherit\">500 &#8211; 520<\/span><\/span><\/td>\n<\/tr>\n<tr>\n<td class=\"font-weight-bold\"><span style=\"vertical-align: inherit\"><span style=\"vertical-align: inherit\">Stol, nizek<\/span><\/span><\/td>\n<td><span style=\"vertical-align: inherit\"><span style=\"vertical-align: inherit\">81801040<\/span><\/span><\/td>\n<td><span style=\"vertical-align: inherit\"><span style=\"vertical-align: inherit\">Siva<\/span><\/span><\/td>\n<td><span style=\"vertical-align: inherit\"><span style=\"vertical-align: inherit\">Sede\u017e: Polipropilen. Noge: Aluminij, poliamid. Obrobe: TPE<\/span><\/span><\/td>\n<td><span style=\"vertical-align: inherit\"><span style=\"vertical-align: inherit\">130<\/span><\/span><\/td>\n<td><span style=\"vertical-align: inherit\"><span style=\"vertical-align: inherit\">345 &#8211; 420<\/span><\/span><\/td>\n<td><span style=\"vertical-align: inherit\"><span style=\"vertical-align: inherit\">450 x 405<\/span><\/span><\/td>\n<td><span style=\"vertical-align: inherit\"><span style=\"vertical-align: inherit\">2,4<\/span><\/span><\/td>\n<td><span style=\"vertical-align: inherit\"><span style=\"vertical-align: inherit\">490 &#8211; 500<\/span><\/span><\/td>\n<\/tr>\n<\/tbody>\n<\/table>\n<p>[\/vc_column_text][vc_column_text]<a href=\"https:\/\/www.mivam.com\/wp-content\/uploads\/2025\/06\/navodila-za-pranje-etac-edge.png\" target=\"_blank\" rel=\"noopener\">Navodila za pranje<\/a>[\/vc_column_text][vc_empty_space height=&#8221;60px&#8221;][\/vc_column][\/vc_row][vc_row full_width=&#8221;stretch_row&#8221; css=&#8221;.vc_custom_1746797759293{background-color: #f8f9fa !important;}&#8221;][vc_column][vc_empty_space height=&#8221;60px&#8221;][vc_column_text]<\/p>\n<h3 style=\"text-align: left\">Videoposnetki<\/h3>\n<p>[\/vc_column_text][vc_row_inner][vc_column_inner width=&#8221;1\/2&#8243;][vc_video link=&#8221;https:\/\/youtu.be\/ySs1RSO0EOs&#8221; align=&#8221;center&#8221;][vc_column_text]<\/p>\n<h3 class=\"Card-heading u-headerXs\">Tu\u0161 stol\u010dek Edge &#8211; Uvod<\/h3>\n<p>[\/vc_column_text][\/vc_column_inner][vc_column_inner width=&#8221;1\/2&#8243;][\/vc_column_inner][\/vc_row_inner][vc_empty_space height=&#8221;60px&#8221;][\/vc_column][\/vc_row][vc_row full_width=&#8221;stretch_row&#8221;][vc_column][vc_empty_space height=&#8221;40px&#8221;][vc_column_text]<\/p>\n<h3 style=\"text-align: left\">Prenosi<\/h3>\n<p>[\/vc_column_text]        \n\t\t\t\t<div class=\"file-wrap \" id=\"\">\n\t\t\t\t\t<a href=\"https:\/\/www.mivam.com\/wp-content\/uploads\/2025\/06\/booklet_etac_shower-stools-en.pdf\" target=\"_blank\" class=\"file-dl-btn\">\t\n\t\t\t\t\t\tBro\u0161ura Etac Edge.pdf 5,65 MB\t\t\t\t\t<div class=\"file-icon-wrapper\">\n\t\t\t\t\t\t<svg width=\"19\" height=\"20\" viewBox=\"0 0 19 20\" fill=\"none\" xmlns=\"http:\/\/www.w3.org\/2000\/svg\">\n<path d=\"M9.55818 14.9683L4.93488 9.96001L5.85875 8.94249L8.9048 12.2413V0H10.2116V12.2413L13.2563 8.94391L14.1815 9.96001L9.55818 14.9683ZM2.5213 19.8125C1.92019 19.8125 1.4184 19.5945 1.01592 19.1586C0.612564 18.7218 0.410889 18.1779 0.410889 17.5269V14.098H1.71764V17.5269C1.71764 17.7439 1.80128 17.9435 1.96854 18.1256C2.13668 18.3067 2.32093 18.3973 2.5213 18.3973H16.5951C16.7954 18.3973 16.9797 18.3067 17.1478 18.1256C17.3151 17.9435 17.3987 17.7439 17.3987 17.5269V14.098H18.7055V17.5269C18.7055 18.1779 18.5042 18.7214 18.1017 19.1572C17.6984 19.594 17.1962 19.8125 16.5951 19.8125H2.5213Z\" fill=\"white\"\/>\n<\/svg>\t\t\t\t\t<\/div>\n\t\t\t\t\t<\/a>\n\t\t\t\t<\/div>\n        \n        [vc_empty_space height=&#8221;40px&#8221;][\/vc_column][\/vc_row]<\/p>\n<\/div>","protected":false},"excerpt":{"rendered":"<h4 class=\"u-headerSm\">Stabilen in varen tu\u0161 stol z edinstveno zasnovo s tremi nogami<\/h4>\n<div>\n<p>S svojo pametno trikotno zasnovo se Edge dobro prilega manj\u0161im prostorom ali kotom za tu\u0161iranje. Uporabniki lahko za ve\u010djo stabilnost sedejo na sede\u017e.<\/p>\n<p>Edge ima 5-letno garancijo in 10-letno \u017eivljenjsko dobo.<\/p>\n<p><span style=\"color: #99cc00\">Na voljo tudi preko naro\u010dilnice ZZZS 0705 in 0706.<\/span><\/p>\n<\/div>\n","protected":false},"featured_media":6783,"comment_status":"closed","ping_status":"closed","template":"","meta":[],"product_brand":[],"product_cat":[224,71,43],"product_tag":[338,303,339,100,300,301],"class_list":{"0":"post-6778","1":"product","2":"type-product","3":"status-publish","4":"has-post-thumbnail","6":"product_cat-kopalniski-pripomocki","7":"product_cat-dodatki-za-kopalnico","8":"product_cat-toaletno-tusirni-pripomocki","9":"product_tag-338","10":"product_tag-303","11":"product_tag-edge","12":"product_tag-etac","13":"product_tag-tusirni","14":"product_tag-tusirni-stol","16":"first","17":"instock","18":"taxable","19":"shipping-taxable","20":"product-type-simple"},"yoast_head":"<!-- This site is optimized with the Yoast SEO plugin v24.0 - https:\/\/yoast.com\/wordpress\/plugins\/seo\/ -->\n<title>Tu\u0161irni stol ETAC EDGE - Mi Vam<\/title>\n<meta name=\"description\" content=\"Stabilen in varen tu\u0161 stol z edinstveno zasnovo s tremi nogami   S svojo pametno trikotno zasnovo se Edge dobro prilega manj\u0161im prostorom ali kotom za tu\u0161iranje. Uporabniki lahko za ve\u010djo stabilnost sedejo na sede\u017e.  Edge ima 5-letno garancijo in 10-letno \u017eivljenjsko dobo.  Na voljo tudi preko naro\u010dilnice ZZZS 0705 in 0706.\" \/>\n<meta name=\"robots\" content=\"index, follow, max-snippet:-1, max-image-preview:large, max-video-preview:-1\" \/>\n<link rel=\"canonical\" href=\"https:\/\/www.mivam.com\/izdelek\/tusirni-stol-etac-edge\/\" \/>\n<meta property=\"og:locale\" content=\"en_US\" \/>\n<meta property=\"og:type\" content=\"article\" \/>\n<meta property=\"og:title\" content=\"Tu\u0161irni stol ETAC EDGE - Mi Vam\" \/>\n<meta property=\"og:description\" content=\"Stabilen in varen tu\u0161 stol z edinstveno zasnovo s tremi nogami   S svojo pametno trikotno zasnovo se Edge dobro prilega manj\u0161im prostorom ali kotom za tu\u0161iranje. Uporabniki lahko za ve\u010djo stabilnost sedejo na sede\u017e.  Edge ima 5-letno garancijo in 10-letno \u017eivljenjsko dobo.  Na voljo tudi preko naro\u010dilnice ZZZS 0705 in 0706.\" \/>\n<meta property=\"og:url\" content=\"https:\/\/www.mivam.com\/izdelek\/tusirni-stol-etac-edge\/\" \/>\n<meta property=\"og:site_name\" content=\"Mi Vam\" \/>\n<meta property=\"article:modified_time\" content=\"2025-06-19T03:43:29+00:00\" \/>\n<meta property=\"og:image\" content=\"https:\/\/www.mivam.com\/wp-content\/uploads\/2025\/06\/etac-edge-shower-stool.png\" \/>\n\t<meta property=\"og:image:width\" content=\"1100\" \/>\n\t<meta property=\"og:image:height\" content=\"1100\" \/>\n\t<meta property=\"og:image:type\" content=\"image\/png\" \/>\n<meta name=\"twitter:card\" content=\"summary_large_image\" \/>\n<meta name=\"twitter:label1\" content=\"Est. reading time\" \/>\n\t<meta name=\"twitter:data1\" content=\"3 minutes\" \/>\n<script type=\"application\/ld+json\" class=\"yoast-schema-graph\">{\"@context\":\"https:\/\/schema.org\",\"@graph\":[{\"@type\":\"WebPage\",\"@id\":\"https:\/\/www.mivam.com\/izdelek\/tusirni-stol-etac-edge\/\",\"url\":\"https:\/\/www.mivam.com\/izdelek\/tusirni-stol-etac-edge\/\",\"name\":\"Tu\u0161irni stol ETAC EDGE - Mi Vam\",\"isPartOf\":{\"@id\":\"https:\/\/www.mivam.com\/#website\"},\"primaryImageOfPage\":{\"@id\":\"https:\/\/www.mivam.com\/izdelek\/tusirni-stol-etac-edge\/#primaryimage\"},\"image\":{\"@id\":\"https:\/\/www.mivam.com\/izdelek\/tusirni-stol-etac-edge\/#primaryimage\"},\"thumbnailUrl\":\"https:\/\/www.mivam.com\/wp-content\/uploads\/2025\/06\/etac-edge-shower-stool.png\",\"datePublished\":\"2025-06-12T14:19:10+00:00\",\"dateModified\":\"2025-06-19T03:43:29+00:00\",\"description\":\"Stabilen in varen tu\u0161 stol z edinstveno zasnovo s tremi nogami S svojo pametno trikotno zasnovo se Edge dobro prilega manj\u0161im prostorom ali kotom za tu\u0161iranje. Uporabniki lahko za ve\u010djo stabilnost sedejo na sede\u017e. Edge ima 5-letno garancijo in 10-letno \u017eivljenjsko dobo. Na voljo tudi preko naro\u010dilnice ZZZS 0705 in 0706.\",\"breadcrumb\":{\"@id\":\"https:\/\/www.mivam.com\/izdelek\/tusirni-stol-etac-edge\/#breadcrumb\"},\"inLanguage\":\"en-US\",\"potentialAction\":[{\"@type\":\"ReadAction\",\"target\":[\"https:\/\/www.mivam.com\/izdelek\/tusirni-stol-etac-edge\/\"]}]},{\"@type\":\"ImageObject\",\"inLanguage\":\"en-US\",\"@id\":\"https:\/\/www.mivam.com\/izdelek\/tusirni-stol-etac-edge\/#primaryimage\",\"url\":\"https:\/\/www.mivam.com\/wp-content\/uploads\/2025\/06\/etac-edge-shower-stool.png\",\"contentUrl\":\"https:\/\/www.mivam.com\/wp-content\/uploads\/2025\/06\/etac-edge-shower-stool.png\",\"width\":1100,\"height\":1100,\"caption\":\"Etac Edge Stabilen in varen tu\u0161 stol z edinstveno zasnovo s tremi nogami\"},{\"@type\":\"BreadcrumbList\",\"@id\":\"https:\/\/www.mivam.com\/izdelek\/tusirni-stol-etac-edge\/#breadcrumb\",\"itemListElement\":[{\"@type\":\"ListItem\",\"position\":1,\"name\":\"Domov\",\"item\":\"https:\/\/www.mivam.com\/\"},{\"@type\":\"ListItem\",\"position\":2,\"name\":\"Shop\",\"item\":\"https:\/\/www.mivam.com\/en\/shop\/\"},{\"@type\":\"ListItem\",\"position\":3,\"name\":\"Kopalni\u0161ki pripomo\u010dki\",\"item\":\"https:\/\/www.mivam.com\/kategorija-izdelka\/kopalniski-pripomocki\/\"},{\"@type\":\"ListItem\",\"position\":4,\"name\":\"Tu\u0161irni stol ETAC EDGE\"}]},{\"@type\":\"WebSite\",\"@id\":\"https:\/\/www.mivam.com\/#website\",\"url\":\"https:\/\/www.mivam.com\/\",\"name\":\"Mi Vam\",\"description\":\"Medicinski pripomo\u010dki in re\u0161itve za manj odvisno \u017eivljenje.\",\"potentialAction\":[{\"@type\":\"SearchAction\",\"target\":{\"@type\":\"EntryPoint\",\"urlTemplate\":\"https:\/\/www.mivam.com\/?s={search_term_string}\"},\"query-input\":{\"@type\":\"PropertyValueSpecification\",\"valueRequired\":true,\"valueName\":\"search_term_string\"}}],\"inLanguage\":\"en-US\"}]}<\/script>\n<!-- \/ Yoast SEO plugin. -->","yoast_head_json":{"title":"Tu\u0161irni stol ETAC EDGE - Mi Vam","description":"Stabilen in varen tu\u0161 stol z edinstveno zasnovo s tremi nogami   S svojo pametno trikotno zasnovo se Edge dobro prilega manj\u0161im prostorom ali kotom za tu\u0161iranje. Uporabniki lahko za ve\u010djo stabilnost sedejo na sede\u017e.  Edge ima 5-letno garancijo in 10-letno \u017eivljenjsko dobo.  Na voljo tudi preko naro\u010dilnice ZZZS 0705 in 0706.","robots":{"index":"index","follow":"follow","max-snippet":"max-snippet:-1","max-image-preview":"max-image-preview:large","max-video-preview":"max-video-preview:-1"},"canonical":"https:\/\/www.mivam.com\/izdelek\/tusirni-stol-etac-edge\/","og_locale":"en_US","og_type":"article","og_title":"Tu\u0161irni stol ETAC EDGE - Mi Vam","og_description":"Stabilen in varen tu\u0161 stol z edinstveno zasnovo s tremi nogami   S svojo pametno trikotno zasnovo se Edge dobro prilega manj\u0161im prostorom ali kotom za tu\u0161iranje. Uporabniki lahko za ve\u010djo stabilnost sedejo na sede\u017e.  Edge ima 5-letno garancijo in 10-letno \u017eivljenjsko dobo.  Na voljo tudi preko naro\u010dilnice ZZZS 0705 in 0706.","og_url":"https:\/\/www.mivam.com\/izdelek\/tusirni-stol-etac-edge\/","og_site_name":"Mi Vam","article_modified_time":"2025-06-19T03:43:29+00:00","og_image":[{"width":1100,"height":1100,"url":"https:\/\/www.mivam.com\/wp-content\/uploads\/2025\/06\/etac-edge-shower-stool.png","type":"image\/png"}],"twitter_card":"summary_large_image","twitter_misc":{"Est. reading time":"3 minutes"},"schema":{"@context":"https:\/\/schema.org","@graph":[{"@type":"WebPage","@id":"https:\/\/www.mivam.com\/izdelek\/tusirni-stol-etac-edge\/","url":"https:\/\/www.mivam.com\/izdelek\/tusirni-stol-etac-edge\/","name":"Tu\u0161irni stol ETAC EDGE - Mi Vam","isPartOf":{"@id":"https:\/\/www.mivam.com\/#website"},"primaryImageOfPage":{"@id":"https:\/\/www.mivam.com\/izdelek\/tusirni-stol-etac-edge\/#primaryimage"},"image":{"@id":"https:\/\/www.mivam.com\/izdelek\/tusirni-stol-etac-edge\/#primaryimage"},"thumbnailUrl":"https:\/\/www.mivam.com\/wp-content\/uploads\/2025\/06\/etac-edge-shower-stool.png","datePublished":"2025-06-12T14:19:10+00:00","dateModified":"2025-06-19T03:43:29+00:00","description":"Stabilen in varen tu\u0161 stol z edinstveno zasnovo s tremi nogami S svojo pametno trikotno zasnovo se Edge dobro prilega manj\u0161im prostorom ali kotom za tu\u0161iranje. Uporabniki lahko za ve\u010djo stabilnost sedejo na sede\u017e. Edge ima 5-letno garancijo in 10-letno \u017eivljenjsko dobo. Na voljo tudi preko naro\u010dilnice ZZZS 0705 in 0706.","breadcrumb":{"@id":"https:\/\/www.mivam.com\/izdelek\/tusirni-stol-etac-edge\/#breadcrumb"},"inLanguage":"en-US","potentialAction":[{"@type":"ReadAction","target":["https:\/\/www.mivam.com\/izdelek\/tusirni-stol-etac-edge\/"]}]},{"@type":"ImageObject","inLanguage":"en-US","@id":"https:\/\/www.mivam.com\/izdelek\/tusirni-stol-etac-edge\/#primaryimage","url":"https:\/\/www.mivam.com\/wp-content\/uploads\/2025\/06\/etac-edge-shower-stool.png","contentUrl":"https:\/\/www.mivam.com\/wp-content\/uploads\/2025\/06\/etac-edge-shower-stool.png","width":1100,"height":1100,"caption":"Etac Edge Stabilen in varen tu\u0161 stol z edinstveno zasnovo s tremi nogami"},{"@type":"BreadcrumbList","@id":"https:\/\/www.mivam.com\/izdelek\/tusirni-stol-etac-edge\/#breadcrumb","itemListElement":[{"@type":"ListItem","position":1,"name":"Domov","item":"https:\/\/www.mivam.com\/"},{"@type":"ListItem","position":2,"name":"Shop","item":"https:\/\/www.mivam.com\/en\/shop\/"},{"@type":"ListItem","position":3,"name":"Kopalni\u0161ki pripomo\u010dki","item":"https:\/\/www.mivam.com\/kategorija-izdelka\/kopalniski-pripomocki\/"},{"@type":"ListItem","position":4,"name":"Tu\u0161irni stol ETAC EDGE"}]},{"@type":"WebSite","@id":"https:\/\/www.mivam.com\/#website","url":"https:\/\/www.mivam.com\/","name":"Mi Vam","description":"Medicinski pripomo\u010dki in re\u0161itve za manj odvisno \u017eivljenje.","potentialAction":[{"@type":"SearchAction","target":{"@type":"EntryPoint","urlTemplate":"https:\/\/www.mivam.com\/?s={search_term_string}"},"query-input":{"@type":"PropertyValueSpecification","valueRequired":true,"valueName":"search_term_string"}}],"inLanguage":"en-US"}]}},"_links":{"self":[{"href":"https:\/\/www.mivam.com\/en\/wp-json\/wp\/v2\/product\/6778","targetHints":{"allow":["GET"]}}],"collection":[{"href":"https:\/\/www.mivam.com\/en\/wp-json\/wp\/v2\/product"}],"about":[{"href":"https:\/\/www.mivam.com\/en\/wp-json\/wp\/v2\/types\/product"}],"replies":[{"embeddable":true,"href":"https:\/\/www.mivam.com\/en\/wp-json\/wp\/v2\/comments?post=6778"}],"wp:featuredmedia":[{"embeddable":true,"href":"https:\/\/www.mivam.com\/en\/wp-json\/wp\/v2\/media\/6783"}],"wp:attachment":[{"href":"https:\/\/www.mivam.com\/en\/wp-json\/wp\/v2\/media?parent=6778"}],"wp:term":[{"taxonomy":"product_brand","embeddable":true,"href":"https:\/\/www.mivam.com\/en\/wp-json\/wp\/v2\/product_brand?post=6778"},{"taxonomy":"product_cat","embeddable":true,"href":"https:\/\/www.mivam.com\/en\/wp-json\/wp\/v2\/product_cat?post=6778"},{"taxonomy":"product_tag","embeddable":true,"href":"https:\/\/www.mivam.com\/en\/wp-json\/wp\/v2\/product_tag?post=6778"}],"curies":[{"name":"wp","href":"https:\/\/api.w.org\/{rel}","templated":true}]}}