{"id":6729,"date":"2025-06-12T13:33:11","date_gmt":"2025-06-12T11:33:11","guid":{"rendered":"https:\/\/pisarna.novisplet.com\/dev2\/mivam_old\/?post_type=product&#038;p=6729"},"modified":"2025-06-19T05:44:32","modified_gmt":"2025-06-19T03:44:32","slug":"toaletni-stol-etac-kaskad","status":"publish","type":"product","link":"https:\/\/www.mivam.com\/en\/izdelek\/toaletni-stol-etac-kaskad\/","title":{"rendered":"Toaletni stol ETAC KASKAD"},"content":{"rendered":"<div class=\"wpb-content-wrapper\"><p>[vc_row full_width=&#8221;stretch_row&#8221; css=&#8221;.vc_custom_1689764110870{background-color: #f8f9fa !important;}&#8221;][vc_column][vc_empty_space height=&#8221;60px&#8221;][vc_column_text]<\/p>\n<h3 style=\"text-align: left\">Zna\u010dilnosti<\/h3>\n<p>[\/vc_column_text][vc_row_inner][vc_column_inner width=&#8221;1\/4&#8243;][vc_single_image image=&#8221;6732&#8243; img_size=&#8221;large&#8221; alignment=&#8221;right&#8221;][vc_column_text]<\/p>\n<h3 class=\"Card-heading u-headerXs\">Dobra stabilnost<\/h3>\n<div class=\"Card-text\">Sprednje kotne noge zagotavljajo dobro stabilnost.<\/div>\n<p>[\/vc_column_text][\/vc_column_inner][vc_column_inner width=&#8221;1\/4&#8243;][vc_single_image image=&#8221;6730&#8243; img_size=&#8221;large&#8221; alignment=&#8221;right&#8221;][vc_column_text]<\/p>\n<div class=\"Card-textContent text-left\">\n<div class=\"Card-textContent text-left\">\n<h3 class=\"Card-heading u-headerXs\">Zlo\u017eljivo in nastavljivo<\/h3>\n<div class=\"Card-text\">Kaskad je enostaven za zlaganje.<\/div>\n<\/div>\n<\/div>\n<p>[\/vc_column_text][\/vc_column_inner][vc_column_inner width=&#8221;1\/4&#8243;][\/vc_column_inner][vc_column_inner width=&#8221;1\/4&#8243;][\/vc_column_inner][\/vc_row_inner][vc_empty_space height=&#8221;60px&#8221;][\/vc_column][\/vc_row][vc_row full_width=&#8221;stretch_row&#8221;][vc_column][vc_empty_space height=&#8221;60px&#8221;][vc_column_text]<\/p>\n<h3 style=\"text-align: left\">Razli\u010dice<\/h3>\n<p>[\/vc_column_text][vc_column_text]<\/p>\n<table class=\"table table-striped table-bordered table-light\">\n<thead>\n<tr>\n<th colspan=\"1\"><\/th>\n<th>\n<div class=\"text-muted u-textRegularXs\"><\/div>\n<p><span style=\"vertical-align: inherit\"><span style=\"vertical-align: inherit\">\u0160tevilka artikla<\/span><\/span><\/th>\n<th>\n<div class=\"text-muted u-textRegularXs\"><\/div>\n<p><span style=\"vertical-align: inherit\"><span style=\"vertical-align: inherit\">Globina (mm)<\/span><\/span><\/th>\n<th>\n<div class=\"text-muted u-textRegularXs\"><\/div>\n<p><span style=\"vertical-align: inherit\"><span style=\"vertical-align: inherit\">Vi\u0161ina (mm)<\/span><\/span><\/th>\n<th>\n<div class=\"text-muted u-textRegularXs\"><\/div>\n<p><span style=\"vertical-align: inherit\"><span style=\"vertical-align: inherit\">Material<\/span><\/span><\/th>\n<th>\n<div class=\"text-muted u-textRegularXs\"><\/div>\n<p><span style=\"vertical-align: inherit\"><span style=\"vertical-align: inherit\">Najve\u010dja te\u017ea uporabnika (kg)<\/span><\/span><\/th>\n<th>\n<div class=\"text-muted u-textRegularXs\"><\/div>\n<p><span style=\"vertical-align: inherit\"><span style=\"vertical-align: inherit\">Odprtina: globina x \u0161irina (mm)<\/span><\/span><\/th>\n<th>\n<div class=\"text-muted u-textRegularXs\"><\/div>\n<p><span style=\"vertical-align: inherit\"><span style=\"vertical-align: inherit\">Vi\u0161ina sede\u017ea (mm)<\/span><\/span><\/th>\n<th>\n<div class=\"text-muted u-textRegularXs\"><\/div>\n<p><span style=\"vertical-align: inherit\"><span style=\"vertical-align: inherit\">Te\u017ea (kg)<\/span><\/span><\/th>\n<th>\n<div class=\"text-muted u-textRegularXs\"><\/div>\n<p><span style=\"vertical-align: inherit\"><span style=\"vertical-align: inherit\">\u0160irina (mm)<\/span><\/span><\/th>\n<th>\n<div class=\"text-muted u-textRegularXs\"><\/div>\n<p><span style=\"vertical-align: inherit\"><span style=\"vertical-align: inherit\">\u0160irina med nasloni za roke (mm)<\/span><\/span><\/th>\n<\/tr>\n<\/thead>\n<tbody>\n<tr>\n<td class=\"font-weight-bold\"><span style=\"vertical-align: inherit\"><span style=\"vertical-align: inherit\">Etac Kaskad<\/span><\/span><\/td>\n<td><span style=\"vertical-align: inherit\"><span style=\"vertical-align: inherit\">80302012<\/span><\/span><\/td>\n<td><span style=\"vertical-align: inherit\"><span style=\"vertical-align: inherit\">460\u2013490<\/span><\/span><\/td>\n<td><span style=\"vertical-align: inherit\"><span style=\"vertical-align: inherit\">700\u2013820<\/span><\/span><\/td>\n<td><span style=\"vertical-align: inherit\"><span style=\"vertical-align: inherit\">Okvir: Jeklene cevi s pra\u0161nim premazom. Strani\u0161\u010dni sede\u017e: Melamin<\/span><\/span><\/td>\n<td><span style=\"vertical-align: inherit\"><span style=\"vertical-align: inherit\">150<\/span><\/span><\/td>\n<td><span style=\"vertical-align: inherit\"><span style=\"vertical-align: inherit\">290 x 220<\/span><\/span><\/td>\n<td><span style=\"vertical-align: inherit\"><span style=\"vertical-align: inherit\">450\u2013570<\/span><\/span><\/td>\n<td><span style=\"vertical-align: inherit\"><span style=\"vertical-align: inherit\">5.2<\/span><\/span><\/td>\n<td><span style=\"vertical-align: inherit\"><span style=\"vertical-align: inherit\">580<\/span><\/span><\/td>\n<td><span style=\"vertical-align: inherit\"><span style=\"vertical-align: inherit\">530<\/span><\/span><\/td>\n<\/tr>\n<\/tbody>\n<\/table>\n<p>[\/vc_column_text][vc_empty_space height=&#8221;60px&#8221;][\/vc_column][\/vc_row][vc_row full_width=&#8221;stretch_row&#8221;][vc_column][vc_empty_space height=&#8221;30px&#8221;][vc_column_text]<\/p>\n<h3 style=\"text-align: left\">Prenosi<\/h3>\n<p>[\/vc_column_text]        \n\t\t\t\t<div class=\"file-wrap \" id=\"\">\n\t\t\t\t\t<a href=\"https:\/\/www.mivam.com\/wp-content\/uploads\/2025\/06\/product-guide-raised-toilet-seats-interactive2.pdf\" target=\"_blank\" class=\"file-dl-btn\">\t\n\t\t\t\t\t\tBro\u0161ura Etac Kaskad.pdf 2,81 MB\t\t\t\t\t<div class=\"file-icon-wrapper\">\n\t\t\t\t\t\t<svg width=\"19\" height=\"20\" viewBox=\"0 0 19 20\" fill=\"none\" xmlns=\"http:\/\/www.w3.org\/2000\/svg\">\n<path d=\"M9.55818 14.9683L4.93488 9.96001L5.85875 8.94249L8.9048 12.2413V0H10.2116V12.2413L13.2563 8.94391L14.1815 9.96001L9.55818 14.9683ZM2.5213 19.8125C1.92019 19.8125 1.4184 19.5945 1.01592 19.1586C0.612564 18.7218 0.410889 18.1779 0.410889 17.5269V14.098H1.71764V17.5269C1.71764 17.7439 1.80128 17.9435 1.96854 18.1256C2.13668 18.3067 2.32093 18.3973 2.5213 18.3973H16.5951C16.7954 18.3973 16.9797 18.3067 17.1478 18.1256C17.3151 17.9435 17.3987 17.7439 17.3987 17.5269V14.098H18.7055V17.5269C18.7055 18.1779 18.5042 18.7214 18.1017 19.1572C17.6984 19.594 17.1962 19.8125 16.5951 19.8125H2.5213Z\" fill=\"white\"\/>\n<\/svg>\t\t\t\t\t<\/div>\n\t\t\t\t\t<\/a>\n\t\t\t\t<\/div>\n        \n        [vc_empty_space height=&#8221;30px&#8221;][\/vc_column][\/vc_row]<\/p>\n<\/div>","protected":false},"excerpt":{"rendered":"<h4 class=\"u-headerSm\">Klasi\u010dni in funkcionalni samostoje\u010di dvigalnik strani\u0161\u010dne deske<\/h4>\n<div>\n<p>Kaskad ima fiksno, zlo\u017eljivo ogrodje, ki je nastavljivo po vi\u0161ini. Nasloni za roke zagotavljajo stabilnost pri sedenju ali vstajanju. Odstranljiva za\u0161\u010dita pred brizganjem je del standardne opreme.<\/p>\n<p>Kaskad ima 5-letno garancijo in 10-letno \u017eivljenjsko dobo.<\/p>\n<p><span style=\"color: #99cc00\">Na voljo tudi preko naro\u010dilnice ZZZS 0704 in 0706.<\/span><\/p>\n<\/div>\n","protected":false},"featured_media":6738,"comment_status":"closed","ping_status":"closed","template":"","meta":[],"product_brand":[],"product_cat":[224,71,43],"product_tag":[302,303,100,337,299,110,300,301],"class_list":{"0":"post-6729","1":"product","2":"type-product","3":"status-publish","4":"has-post-thumbnail","6":"product_cat-kopalniski-pripomocki","7":"product_cat-dodatki-za-kopalnico","8":"product_cat-toaletno-tusirni-pripomocki","9":"product_tag-302","10":"product_tag-303","11":"product_tag-etac","12":"product_tag-kaskad","13":"product_tag-toaletni","14":"product_tag-toaletni-stol","15":"product_tag-tusirni","16":"product_tag-tusirni-stol","18":"first","19":"onbackorder","20":"taxable","21":"shipping-taxable","22":"product-type-simple"},"yoast_head":"<!-- This site is optimized with the Yoast SEO plugin v24.0 - https:\/\/yoast.com\/wordpress\/plugins\/seo\/ -->\n<title>Toaletni stol ETAC KASKAD - Mi Vam<\/title>\n<meta name=\"description\" content=\"Klasi\u010dni in funkcionalni samostoje\u010di dvigalnik strani\u0161\u010dne deske   Kaskad ima fiksno, zlo\u017eljivo ogrodje, ki je nastavljivo po vi\u0161ini. Nasloni za roke zagotavljajo stabilnost pri sedenju ali vstajanju. Odstranljiva za\u0161\u010dita pred brizganjem je del standardne opreme.  Kaskad ima 5-letno garancijo in 10-letno \u017eivljenjsko dobo.  Na voljo tudi preko naro\u010dilnice ZZZS 0704 in 0706.\" \/>\n<meta name=\"robots\" content=\"index, follow, max-snippet:-1, max-image-preview:large, max-video-preview:-1\" \/>\n<link rel=\"canonical\" href=\"https:\/\/www.mivam.com\/izdelek\/toaletni-stol-etac-kaskad\/\" \/>\n<meta property=\"og:locale\" content=\"en_US\" \/>\n<meta property=\"og:type\" content=\"article\" \/>\n<meta property=\"og:title\" content=\"Toaletni stol ETAC KASKAD - Mi Vam\" \/>\n<meta property=\"og:description\" content=\"Klasi\u010dni in funkcionalni samostoje\u010di dvigalnik strani\u0161\u010dne deske   Kaskad ima fiksno, zlo\u017eljivo ogrodje, ki je nastavljivo po vi\u0161ini. Nasloni za roke zagotavljajo stabilnost pri sedenju ali vstajanju. Odstranljiva za\u0161\u010dita pred brizganjem je del standardne opreme.  Kaskad ima 5-letno garancijo in 10-letno \u017eivljenjsko dobo.  Na voljo tudi preko naro\u010dilnice ZZZS 0704 in 0706.\" \/>\n<meta property=\"og:url\" content=\"https:\/\/www.mivam.com\/izdelek\/toaletni-stol-etac-kaskad\/\" \/>\n<meta property=\"og:site_name\" content=\"Mi Vam\" \/>\n<meta property=\"article:modified_time\" content=\"2025-06-19T03:44:32+00:00\" \/>\n<meta property=\"og:image\" content=\"https:\/\/www.mivam.com\/wp-content\/uploads\/2025\/06\/etac-kaskad-free-standing-toilet-seat2.webp\" \/>\n\t<meta property=\"og:image:width\" content=\"1100\" \/>\n\t<meta property=\"og:image:height\" content=\"1100\" \/>\n\t<meta property=\"og:image:type\" content=\"image\/webp\" \/>\n<meta name=\"twitter:card\" content=\"summary_large_image\" \/>\n<meta name=\"twitter:label1\" content=\"Est. reading time\" \/>\n\t<meta name=\"twitter:data1\" content=\"2 minutes\" \/>\n<script type=\"application\/ld+json\" class=\"yoast-schema-graph\">{\"@context\":\"https:\/\/schema.org\",\"@graph\":[{\"@type\":\"WebPage\",\"@id\":\"https:\/\/www.mivam.com\/izdelek\/toaletni-stol-etac-kaskad\/\",\"url\":\"https:\/\/www.mivam.com\/izdelek\/toaletni-stol-etac-kaskad\/\",\"name\":\"Toaletni stol ETAC KASKAD - Mi Vam\",\"isPartOf\":{\"@id\":\"https:\/\/www.mivam.com\/#website\"},\"primaryImageOfPage\":{\"@id\":\"https:\/\/www.mivam.com\/izdelek\/toaletni-stol-etac-kaskad\/#primaryimage\"},\"image\":{\"@id\":\"https:\/\/www.mivam.com\/izdelek\/toaletni-stol-etac-kaskad\/#primaryimage\"},\"thumbnailUrl\":\"https:\/\/www.mivam.com\/wp-content\/uploads\/2025\/06\/etac-kaskad-free-standing-toilet-seat2.webp\",\"datePublished\":\"2025-06-12T11:33:11+00:00\",\"dateModified\":\"2025-06-19T03:44:32+00:00\",\"description\":\"Klasi\u010dni in funkcionalni samostoje\u010di dvigalnik strani\u0161\u010dne deske Kaskad ima fiksno, zlo\u017eljivo ogrodje, ki je nastavljivo po vi\u0161ini. Nasloni za roke zagotavljajo stabilnost pri sedenju ali vstajanju. Odstranljiva za\u0161\u010dita pred brizganjem je del standardne opreme. Kaskad ima 5-letno garancijo in 10-letno \u017eivljenjsko dobo. Na voljo tudi preko naro\u010dilnice ZZZS 0704 in 0706.\",\"breadcrumb\":{\"@id\":\"https:\/\/www.mivam.com\/izdelek\/toaletni-stol-etac-kaskad\/#breadcrumb\"},\"inLanguage\":\"en-US\",\"potentialAction\":[{\"@type\":\"ReadAction\",\"target\":[\"https:\/\/www.mivam.com\/izdelek\/toaletni-stol-etac-kaskad\/\"]}]},{\"@type\":\"ImageObject\",\"inLanguage\":\"en-US\",\"@id\":\"https:\/\/www.mivam.com\/izdelek\/toaletni-stol-etac-kaskad\/#primaryimage\",\"url\":\"https:\/\/www.mivam.com\/wp-content\/uploads\/2025\/06\/etac-kaskad-free-standing-toilet-seat2.webp\",\"contentUrl\":\"https:\/\/www.mivam.com\/wp-content\/uploads\/2025\/06\/etac-kaskad-free-standing-toilet-seat2.webp\",\"width\":1100,\"height\":1100,\"caption\":\"Prostostoje\u010di strani\u0161\u010dni stol Etac Kaskad\"},{\"@type\":\"BreadcrumbList\",\"@id\":\"https:\/\/www.mivam.com\/izdelek\/toaletni-stol-etac-kaskad\/#breadcrumb\",\"itemListElement\":[{\"@type\":\"ListItem\",\"position\":1,\"name\":\"Domov\",\"item\":\"https:\/\/www.mivam.com\/\"},{\"@type\":\"ListItem\",\"position\":2,\"name\":\"Shop\",\"item\":\"https:\/\/www.mivam.com\/en\/shop\/\"},{\"@type\":\"ListItem\",\"position\":3,\"name\":\"Kopalni\u0161ki pripomo\u010dki\",\"item\":\"https:\/\/www.mivam.com\/kategorija-izdelka\/kopalniski-pripomocki\/\"},{\"@type\":\"ListItem\",\"position\":4,\"name\":\"Toaletni stol ETAC KASKAD\"}]},{\"@type\":\"WebSite\",\"@id\":\"https:\/\/www.mivam.com\/#website\",\"url\":\"https:\/\/www.mivam.com\/\",\"name\":\"Mi Vam\",\"description\":\"Medicinski pripomo\u010dki in re\u0161itve za manj odvisno \u017eivljenje.\",\"potentialAction\":[{\"@type\":\"SearchAction\",\"target\":{\"@type\":\"EntryPoint\",\"urlTemplate\":\"https:\/\/www.mivam.com\/?s={search_term_string}\"},\"query-input\":{\"@type\":\"PropertyValueSpecification\",\"valueRequired\":true,\"valueName\":\"search_term_string\"}}],\"inLanguage\":\"en-US\"}]}<\/script>\n<!-- \/ Yoast SEO plugin. -->","yoast_head_json":{"title":"Toaletni stol ETAC KASKAD - Mi Vam","description":"Klasi\u010dni in funkcionalni samostoje\u010di dvigalnik strani\u0161\u010dne deske   Kaskad ima fiksno, zlo\u017eljivo ogrodje, ki je nastavljivo po vi\u0161ini. Nasloni za roke zagotavljajo stabilnost pri sedenju ali vstajanju. Odstranljiva za\u0161\u010dita pred brizganjem je del standardne opreme.  Kaskad ima 5-letno garancijo in 10-letno \u017eivljenjsko dobo.  Na voljo tudi preko naro\u010dilnice ZZZS 0704 in 0706.","robots":{"index":"index","follow":"follow","max-snippet":"max-snippet:-1","max-image-preview":"max-image-preview:large","max-video-preview":"max-video-preview:-1"},"canonical":"https:\/\/www.mivam.com\/izdelek\/toaletni-stol-etac-kaskad\/","og_locale":"en_US","og_type":"article","og_title":"Toaletni stol ETAC KASKAD - Mi Vam","og_description":"Klasi\u010dni in funkcionalni samostoje\u010di dvigalnik strani\u0161\u010dne deske   Kaskad ima fiksno, zlo\u017eljivo ogrodje, ki je nastavljivo po vi\u0161ini. Nasloni za roke zagotavljajo stabilnost pri sedenju ali vstajanju. Odstranljiva za\u0161\u010dita pred brizganjem je del standardne opreme.  Kaskad ima 5-letno garancijo in 10-letno \u017eivljenjsko dobo.  Na voljo tudi preko naro\u010dilnice ZZZS 0704 in 0706.","og_url":"https:\/\/www.mivam.com\/izdelek\/toaletni-stol-etac-kaskad\/","og_site_name":"Mi Vam","article_modified_time":"2025-06-19T03:44:32+00:00","og_image":[{"width":1100,"height":1100,"url":"https:\/\/www.mivam.com\/wp-content\/uploads\/2025\/06\/etac-kaskad-free-standing-toilet-seat2.webp","type":"image\/webp"}],"twitter_card":"summary_large_image","twitter_misc":{"Est. reading time":"2 minutes"},"schema":{"@context":"https:\/\/schema.org","@graph":[{"@type":"WebPage","@id":"https:\/\/www.mivam.com\/izdelek\/toaletni-stol-etac-kaskad\/","url":"https:\/\/www.mivam.com\/izdelek\/toaletni-stol-etac-kaskad\/","name":"Toaletni stol ETAC KASKAD - Mi Vam","isPartOf":{"@id":"https:\/\/www.mivam.com\/#website"},"primaryImageOfPage":{"@id":"https:\/\/www.mivam.com\/izdelek\/toaletni-stol-etac-kaskad\/#primaryimage"},"image":{"@id":"https:\/\/www.mivam.com\/izdelek\/toaletni-stol-etac-kaskad\/#primaryimage"},"thumbnailUrl":"https:\/\/www.mivam.com\/wp-content\/uploads\/2025\/06\/etac-kaskad-free-standing-toilet-seat2.webp","datePublished":"2025-06-12T11:33:11+00:00","dateModified":"2025-06-19T03:44:32+00:00","description":"Klasi\u010dni in funkcionalni samostoje\u010di dvigalnik strani\u0161\u010dne deske Kaskad ima fiksno, zlo\u017eljivo ogrodje, ki je nastavljivo po vi\u0161ini. Nasloni za roke zagotavljajo stabilnost pri sedenju ali vstajanju. Odstranljiva za\u0161\u010dita pred brizganjem je del standardne opreme. Kaskad ima 5-letno garancijo in 10-letno \u017eivljenjsko dobo. Na voljo tudi preko naro\u010dilnice ZZZS 0704 in 0706.","breadcrumb":{"@id":"https:\/\/www.mivam.com\/izdelek\/toaletni-stol-etac-kaskad\/#breadcrumb"},"inLanguage":"en-US","potentialAction":[{"@type":"ReadAction","target":["https:\/\/www.mivam.com\/izdelek\/toaletni-stol-etac-kaskad\/"]}]},{"@type":"ImageObject","inLanguage":"en-US","@id":"https:\/\/www.mivam.com\/izdelek\/toaletni-stol-etac-kaskad\/#primaryimage","url":"https:\/\/www.mivam.com\/wp-content\/uploads\/2025\/06\/etac-kaskad-free-standing-toilet-seat2.webp","contentUrl":"https:\/\/www.mivam.com\/wp-content\/uploads\/2025\/06\/etac-kaskad-free-standing-toilet-seat2.webp","width":1100,"height":1100,"caption":"Prostostoje\u010di strani\u0161\u010dni stol Etac Kaskad"},{"@type":"BreadcrumbList","@id":"https:\/\/www.mivam.com\/izdelek\/toaletni-stol-etac-kaskad\/#breadcrumb","itemListElement":[{"@type":"ListItem","position":1,"name":"Domov","item":"https:\/\/www.mivam.com\/"},{"@type":"ListItem","position":2,"name":"Shop","item":"https:\/\/www.mivam.com\/en\/shop\/"},{"@type":"ListItem","position":3,"name":"Kopalni\u0161ki pripomo\u010dki","item":"https:\/\/www.mivam.com\/kategorija-izdelka\/kopalniski-pripomocki\/"},{"@type":"ListItem","position":4,"name":"Toaletni stol ETAC KASKAD"}]},{"@type":"WebSite","@id":"https:\/\/www.mivam.com\/#website","url":"https:\/\/www.mivam.com\/","name":"Mi Vam","description":"Medicinski pripomo\u010dki in re\u0161itve za manj odvisno \u017eivljenje.","potentialAction":[{"@type":"SearchAction","target":{"@type":"EntryPoint","urlTemplate":"https:\/\/www.mivam.com\/?s={search_term_string}"},"query-input":{"@type":"PropertyValueSpecification","valueRequired":true,"valueName":"search_term_string"}}],"inLanguage":"en-US"}]}},"_links":{"self":[{"href":"https:\/\/www.mivam.com\/en\/wp-json\/wp\/v2\/product\/6729","targetHints":{"allow":["GET"]}}],"collection":[{"href":"https:\/\/www.mivam.com\/en\/wp-json\/wp\/v2\/product"}],"about":[{"href":"https:\/\/www.mivam.com\/en\/wp-json\/wp\/v2\/types\/product"}],"replies":[{"embeddable":true,"href":"https:\/\/www.mivam.com\/en\/wp-json\/wp\/v2\/comments?post=6729"}],"wp:featuredmedia":[{"embeddable":true,"href":"https:\/\/www.mivam.com\/en\/wp-json\/wp\/v2\/media\/6738"}],"wp:attachment":[{"href":"https:\/\/www.mivam.com\/en\/wp-json\/wp\/v2\/media?parent=6729"}],"wp:term":[{"taxonomy":"product_brand","embeddable":true,"href":"https:\/\/www.mivam.com\/en\/wp-json\/wp\/v2\/product_brand?post=6729"},{"taxonomy":"product_cat","embeddable":true,"href":"https:\/\/www.mivam.com\/en\/wp-json\/wp\/v2\/product_cat?post=6729"},{"taxonomy":"product_tag","embeddable":true,"href":"https:\/\/www.mivam.com\/en\/wp-json\/wp\/v2\/product_tag?post=6729"}],"curies":[{"name":"wp","href":"https:\/\/api.w.org\/{rel}","templated":true}]}}