{"id":6668,"date":"2025-05-14T12:29:14","date_gmt":"2025-05-14T10:29:14","guid":{"rendered":"https:\/\/pisarna.novisplet.com\/dev2\/mivam_old\/?post_type=product&#038;p=6668"},"modified":"2025-06-19T05:48:40","modified_gmt":"2025-06-19T03:48:40","slug":"antidekubitusna-blazina-euroausili-pl300","status":"publish","type":"product","link":"https:\/\/www.mivam.com\/en\/izdelek\/antidekubitusna-blazina-euroausili-pl300\/","title":{"rendered":"Antidekubitusna blazina Euroausili PL300"},"content":{"rendered":"<div class=\"wpb-content-wrapper\"><p>[vc_row][vc_column][vc_empty_space height=&#8221;40px&#8221;][vc_row_inner][vc_column_inner width=&#8221;1\/2&#8243;][vc_single_image image=&#8221;6652&#8243;][\/vc_column_inner][vc_column_inner width=&#8221;1\/2&#8243;][vc_single_image image=&#8221;6658&#8243;][\/vc_column_inner][\/vc_row_inner][vc_row_inner][vc_column_inner][vc_column_text]<\/p>\n<div class=\"elementor-element elementor-element-263f1fe5 elementor-widget elementor-widget-heading\" data-id=\"263f1fe5\" data-element_type=\"widget\" data-widget_type=\"heading.default\">\n<div class=\"elementor-widget-container\">\n<h4>PL 300<\/h4>\n<p>Protidekubitusna blazina iz teko\u010dega poliuretanskega gela, name\u0161\u010dena v posebni zadr\u017eevalni vre\u010dki: posebna teko\u010dnost tega izdelka omogo\u010da bolj\u0161o porazdelitev pacientove telesne te\u017ee po povr\u0161ini, kar znatno zmanj\u0161a pritisk in prepre\u010di zama\u0161itev kapilar. Pod plastjo gela je name\u0161\u010dena podlaga iz poliuretanske pene, ki zagotavlja stabilnost sede\u017ea in prepre\u010duje u\u010dinek prevra\u010danja.<\/p>\n<p>Prevleka je sestavljena iz spodnjega dela iz nedrse\u010de tkanine in zgornjega dela iz dvoelasti\u010dne tkanine z antibakterijskimi in protiglivi\u010dnimi lastnostmi. Za la\u017eje \u010di\u0161\u010denje je celotna prevleka popolnoma odstranljiva.<\/p>\n<p>Na voljo v razli\u010dnih velikostih, da se prilagodi vsem potrebam.<\/p>\n<\/div>\n<\/div>\n<p>[\/vc_column_text][vc_column_text]<\/p>\n<table style=\"border-collapse: collapse;width: 100%\">\n<tbody>\n<tr>\n<td style=\"width: 50%\"><strong>Koda<\/strong><\/td>\n<td style=\"width: 50%\"><strong>Velikost<\/strong><\/td>\n<\/tr>\n<tr>\n<td style=\"width: 50%\">PL300\/4040<\/td>\n<td style=\"width: 50%\">40x40x4<\/td>\n<\/tr>\n<tr>\n<td style=\"width: 50%\">PL300\/4242<\/td>\n<td style=\"width: 50%\">42x42x4<\/td>\n<\/tr>\n<tr>\n<td style=\"width: 50%\">PL300\/4545<\/td>\n<td style=\"width: 50%\">45x45x4<\/td>\n<\/tr>\n<\/tbody>\n<\/table>\n<p>[\/vc_column_text][\/vc_column_inner][\/vc_row_inner][vc_empty_space height=&#8221;40px&#8221;][\/vc_column][\/vc_row]<\/p>\n<\/div>","protected":false},"excerpt":{"rendered":"<div class=\"et_pb_module et_pb_text et_pb_text_0 et_pb_text_align_left et_pb_bg_layout_light\">\n<div class=\"et_pb_text_inner\">\n<p><strong>Blazina proti prele\u017eaninam<\/strong><\/p>\n<\/div>\n<\/div>\n<div class=\"et_pb_module et_pb_text et_pb_text_1 et_pb_text_align_left et_pb_bg_layout_light\">\n<div class=\"et_pb_text_inner\">\n<p>Velika izbira antidekubitalnih blazin ponuja \u0161iroko izbiro materialov in prevlek ter oblik, ki ustrezajo potrebam vsakega pacienta ter zagotavljajo stabilnost in udobje sede\u017ea.<\/p>\n<\/div>\n<\/div>\n","protected":false},"featured_media":6652,"comment_status":"closed","ping_status":"closed","template":"","meta":[],"product_brand":[],"product_cat":[222,41],"product_tag":[267,244,92,85,94,268,905,160],"class_list":{"0":"post-6668","1":"product","2":"type-product","3":"status-publish","4":"has-post-thumbnail","6":"product_cat-invalidski-vozicki-in-skuterji","7":"product_cat-antidekubitusne-blazine","8":"product_tag-267","9":"product_tag-244","10":"product_tag-antidekubitusna","11":"product_tag-blazina","12":"product_tag-euroausili","13":"product_tag-gel","14":"product_tag-pl300","15":"product_tag-sedezna-blazina","17":"first","18":"onbackorder","19":"taxable","20":"shipping-taxable","21":"product-type-simple"},"yoast_head":"<!-- This site is optimized with the Yoast SEO plugin v24.0 - https:\/\/yoast.com\/wordpress\/plugins\/seo\/ -->\n<title>Antidekubitusna blazina Euroausili PL300 - Mi Vam<\/title>\n<meta name=\"description\" content=\"Blazina proti prele\u017eaninam       Velika izbira antidekubitalnih blazin ponuja \u0161iroko izbiro materialov in prevlek ter oblik, ki ustrezajo potrebam vsakega pacienta ter zagotavljajo stabilnost in udobje sede\u017ea.\" \/>\n<meta name=\"robots\" content=\"index, follow, max-snippet:-1, max-image-preview:large, max-video-preview:-1\" \/>\n<link rel=\"canonical\" href=\"https:\/\/www.mivam.com\/izdelek\/antidekubitusna-blazina-euroausili-pl300\/\" \/>\n<meta property=\"og:locale\" content=\"en_US\" \/>\n<meta property=\"og:type\" content=\"article\" \/>\n<meta property=\"og:title\" content=\"Antidekubitusna blazina Euroausili PL300 - Mi Vam\" \/>\n<meta property=\"og:description\" content=\"Blazina proti prele\u017eaninam       Velika izbira antidekubitalnih blazin ponuja \u0161iroko izbiro materialov in prevlek ter oblik, ki ustrezajo potrebam vsakega pacienta ter zagotavljajo stabilnost in udobje sede\u017ea.\" \/>\n<meta property=\"og:url\" content=\"https:\/\/www.mivam.com\/izdelek\/antidekubitusna-blazina-euroausili-pl300\/\" \/>\n<meta property=\"og:site_name\" content=\"Mi Vam\" \/>\n<meta property=\"article:modified_time\" content=\"2025-06-19T03:48:40+00:00\" \/>\n<meta property=\"og:image\" content=\"https:\/\/www.mivam.com\/wp-content\/uploads\/2025\/05\/cover-14-1024x576.png\" \/>\n\t<meta property=\"og:image:width\" content=\"1024\" \/>\n\t<meta property=\"og:image:height\" content=\"576\" \/>\n\t<meta property=\"og:image:type\" content=\"image\/png\" \/>\n<meta name=\"twitter:card\" content=\"summary_large_image\" \/>\n<meta name=\"twitter:label1\" content=\"Est. reading time\" \/>\n\t<meta name=\"twitter:data1\" content=\"2 minutes\" \/>\n<script type=\"application\/ld+json\" class=\"yoast-schema-graph\">{\"@context\":\"https:\/\/schema.org\",\"@graph\":[{\"@type\":\"WebPage\",\"@id\":\"https:\/\/www.mivam.com\/izdelek\/antidekubitusna-blazina-euroausili-pl300\/\",\"url\":\"https:\/\/www.mivam.com\/izdelek\/antidekubitusna-blazina-euroausili-pl300\/\",\"name\":\"Antidekubitusna blazina Euroausili PL300 - Mi Vam\",\"isPartOf\":{\"@id\":\"https:\/\/www.mivam.com\/#website\"},\"primaryImageOfPage\":{\"@id\":\"https:\/\/www.mivam.com\/izdelek\/antidekubitusna-blazina-euroausili-pl300\/#primaryimage\"},\"image\":{\"@id\":\"https:\/\/www.mivam.com\/izdelek\/antidekubitusna-blazina-euroausili-pl300\/#primaryimage\"},\"thumbnailUrl\":\"https:\/\/www.mivam.com\/wp-content\/uploads\/2025\/05\/cover-14.png\",\"datePublished\":\"2025-05-14T10:29:14+00:00\",\"dateModified\":\"2025-06-19T03:48:40+00:00\",\"description\":\"Blazina proti prele\u017eaninam Velika izbira antidekubitalnih blazin ponuja \u0161iroko izbiro materialov in prevlek ter oblik, ki ustrezajo potrebam vsakega pacienta ter zagotavljajo stabilnost in udobje sede\u017ea.\",\"breadcrumb\":{\"@id\":\"https:\/\/www.mivam.com\/izdelek\/antidekubitusna-blazina-euroausili-pl300\/#breadcrumb\"},\"inLanguage\":\"en-US\",\"potentialAction\":[{\"@type\":\"ReadAction\",\"target\":[\"https:\/\/www.mivam.com\/izdelek\/antidekubitusna-blazina-euroausili-pl300\/\"]}]},{\"@type\":\"ImageObject\",\"inLanguage\":\"en-US\",\"@id\":\"https:\/\/www.mivam.com\/izdelek\/antidekubitusna-blazina-euroausili-pl300\/#primaryimage\",\"url\":\"https:\/\/www.mivam.com\/wp-content\/uploads\/2025\/05\/cover-14.png\",\"contentUrl\":\"https:\/\/www.mivam.com\/wp-content\/uploads\/2025\/05\/cover-14.png\",\"width\":3840,\"height\":2160},{\"@type\":\"BreadcrumbList\",\"@id\":\"https:\/\/www.mivam.com\/izdelek\/antidekubitusna-blazina-euroausili-pl300\/#breadcrumb\",\"itemListElement\":[{\"@type\":\"ListItem\",\"position\":1,\"name\":\"Domov\",\"item\":\"https:\/\/www.mivam.com\/\"},{\"@type\":\"ListItem\",\"position\":2,\"name\":\"Shop\",\"item\":\"https:\/\/www.mivam.com\/en\/shop\/\"},{\"@type\":\"ListItem\",\"position\":3,\"name\":\"Invalidski vozi\u010dki in skuterji\",\"item\":\"https:\/\/www.mivam.com\/kategorija-izdelka\/invalidski-vozicki-in-skuterji\/\"},{\"@type\":\"ListItem\",\"position\":4,\"name\":\"Antidekubitusna blazina Euroausili PL300\"}]},{\"@type\":\"WebSite\",\"@id\":\"https:\/\/www.mivam.com\/#website\",\"url\":\"https:\/\/www.mivam.com\/\",\"name\":\"Mi Vam\",\"description\":\"Medicinski pripomo\u010dki in re\u0161itve za manj odvisno \u017eivljenje.\",\"potentialAction\":[{\"@type\":\"SearchAction\",\"target\":{\"@type\":\"EntryPoint\",\"urlTemplate\":\"https:\/\/www.mivam.com\/?s={search_term_string}\"},\"query-input\":{\"@type\":\"PropertyValueSpecification\",\"valueRequired\":true,\"valueName\":\"search_term_string\"}}],\"inLanguage\":\"en-US\"}]}<\/script>\n<!-- \/ Yoast SEO plugin. -->","yoast_head_json":{"title":"Antidekubitusna blazina Euroausili PL300 - Mi Vam","description":"Blazina proti prele\u017eaninam       Velika izbira antidekubitalnih blazin ponuja \u0161iroko izbiro materialov in prevlek ter oblik, ki ustrezajo potrebam vsakega pacienta ter zagotavljajo stabilnost in udobje sede\u017ea.","robots":{"index":"index","follow":"follow","max-snippet":"max-snippet:-1","max-image-preview":"max-image-preview:large","max-video-preview":"max-video-preview:-1"},"canonical":"https:\/\/www.mivam.com\/izdelek\/antidekubitusna-blazina-euroausili-pl300\/","og_locale":"en_US","og_type":"article","og_title":"Antidekubitusna blazina Euroausili PL300 - Mi Vam","og_description":"Blazina proti prele\u017eaninam       Velika izbira antidekubitalnih blazin ponuja \u0161iroko izbiro materialov in prevlek ter oblik, ki ustrezajo potrebam vsakega pacienta ter zagotavljajo stabilnost in udobje sede\u017ea.","og_url":"https:\/\/www.mivam.com\/izdelek\/antidekubitusna-blazina-euroausili-pl300\/","og_site_name":"Mi Vam","article_modified_time":"2025-06-19T03:48:40+00:00","og_image":[{"width":1024,"height":576,"url":"https:\/\/www.mivam.com\/wp-content\/uploads\/2025\/05\/cover-14-1024x576.png","type":"image\/png"}],"twitter_card":"summary_large_image","twitter_misc":{"Est. reading time":"2 minutes"},"schema":{"@context":"https:\/\/schema.org","@graph":[{"@type":"WebPage","@id":"https:\/\/www.mivam.com\/izdelek\/antidekubitusna-blazina-euroausili-pl300\/","url":"https:\/\/www.mivam.com\/izdelek\/antidekubitusna-blazina-euroausili-pl300\/","name":"Antidekubitusna blazina Euroausili PL300 - Mi Vam","isPartOf":{"@id":"https:\/\/www.mivam.com\/#website"},"primaryImageOfPage":{"@id":"https:\/\/www.mivam.com\/izdelek\/antidekubitusna-blazina-euroausili-pl300\/#primaryimage"},"image":{"@id":"https:\/\/www.mivam.com\/izdelek\/antidekubitusna-blazina-euroausili-pl300\/#primaryimage"},"thumbnailUrl":"https:\/\/www.mivam.com\/wp-content\/uploads\/2025\/05\/cover-14.png","datePublished":"2025-05-14T10:29:14+00:00","dateModified":"2025-06-19T03:48:40+00:00","description":"Blazina proti prele\u017eaninam Velika izbira antidekubitalnih blazin ponuja \u0161iroko izbiro materialov in prevlek ter oblik, ki ustrezajo potrebam vsakega pacienta ter zagotavljajo stabilnost in udobje sede\u017ea.","breadcrumb":{"@id":"https:\/\/www.mivam.com\/izdelek\/antidekubitusna-blazina-euroausili-pl300\/#breadcrumb"},"inLanguage":"en-US","potentialAction":[{"@type":"ReadAction","target":["https:\/\/www.mivam.com\/izdelek\/antidekubitusna-blazina-euroausili-pl300\/"]}]},{"@type":"ImageObject","inLanguage":"en-US","@id":"https:\/\/www.mivam.com\/izdelek\/antidekubitusna-blazina-euroausili-pl300\/#primaryimage","url":"https:\/\/www.mivam.com\/wp-content\/uploads\/2025\/05\/cover-14.png","contentUrl":"https:\/\/www.mivam.com\/wp-content\/uploads\/2025\/05\/cover-14.png","width":3840,"height":2160},{"@type":"BreadcrumbList","@id":"https:\/\/www.mivam.com\/izdelek\/antidekubitusna-blazina-euroausili-pl300\/#breadcrumb","itemListElement":[{"@type":"ListItem","position":1,"name":"Domov","item":"https:\/\/www.mivam.com\/"},{"@type":"ListItem","position":2,"name":"Shop","item":"https:\/\/www.mivam.com\/en\/shop\/"},{"@type":"ListItem","position":3,"name":"Invalidski vozi\u010dki in skuterji","item":"https:\/\/www.mivam.com\/kategorija-izdelka\/invalidski-vozicki-in-skuterji\/"},{"@type":"ListItem","position":4,"name":"Antidekubitusna blazina Euroausili PL300"}]},{"@type":"WebSite","@id":"https:\/\/www.mivam.com\/#website","url":"https:\/\/www.mivam.com\/","name":"Mi Vam","description":"Medicinski pripomo\u010dki in re\u0161itve za manj odvisno \u017eivljenje.","potentialAction":[{"@type":"SearchAction","target":{"@type":"EntryPoint","urlTemplate":"https:\/\/www.mivam.com\/?s={search_term_string}"},"query-input":{"@type":"PropertyValueSpecification","valueRequired":true,"valueName":"search_term_string"}}],"inLanguage":"en-US"}]}},"_links":{"self":[{"href":"https:\/\/www.mivam.com\/en\/wp-json\/wp\/v2\/product\/6668","targetHints":{"allow":["GET"]}}],"collection":[{"href":"https:\/\/www.mivam.com\/en\/wp-json\/wp\/v2\/product"}],"about":[{"href":"https:\/\/www.mivam.com\/en\/wp-json\/wp\/v2\/types\/product"}],"replies":[{"embeddable":true,"href":"https:\/\/www.mivam.com\/en\/wp-json\/wp\/v2\/comments?post=6668"}],"wp:featuredmedia":[{"embeddable":true,"href":"https:\/\/www.mivam.com\/en\/wp-json\/wp\/v2\/media\/6652"}],"wp:attachment":[{"href":"https:\/\/www.mivam.com\/en\/wp-json\/wp\/v2\/media?parent=6668"}],"wp:term":[{"taxonomy":"product_brand","embeddable":true,"href":"https:\/\/www.mivam.com\/en\/wp-json\/wp\/v2\/product_brand?post=6668"},{"taxonomy":"product_cat","embeddable":true,"href":"https:\/\/www.mivam.com\/en\/wp-json\/wp\/v2\/product_cat?post=6668"},{"taxonomy":"product_tag","embeddable":true,"href":"https:\/\/www.mivam.com\/en\/wp-json\/wp\/v2\/product_tag?post=6668"}],"curies":[{"name":"wp","href":"https:\/\/api.w.org\/{rel}","templated":true}]}}