{"id":6640,"date":"2025-05-14T11:00:07","date_gmt":"2025-05-14T09:00:07","guid":{"rendered":"https:\/\/pisarna.novisplet.com\/dev2\/mivam_old\/?post_type=product&#038;p=6640"},"modified":"2025-06-19T05:49:47","modified_gmt":"2025-06-19T03:49:47","slug":"antidekubitusna-blazina-euroausili-pl5000","status":"publish","type":"product","link":"https:\/\/www.mivam.com\/en\/izdelek\/antidekubitusna-blazina-euroausili-pl5000\/","title":{"rendered":"Antidekubitusna blazina Euroausili PL5000"},"content":{"rendered":"<div class=\"wpb-content-wrapper\"><p>[vc_row][vc_column][vc_empty_space height=&#8221;40px&#8221;][vc_row_inner][vc_column_inner width=&#8221;1\/2&#8243;][vc_single_image image=&#8221;6652&#8243;][\/vc_column_inner][vc_column_inner width=&#8221;1\/2&#8243;][vc_single_image image=&#8221;6654&#8243;][\/vc_column_inner][\/vc_row_inner][vc_row_inner][vc_column_inner][vc_column_text]<\/p>\n<div class=\"elementor-element elementor-element-263f1fe5 elementor-widget elementor-widget-heading\" data-id=\"263f1fe5\" data-element_type=\"widget\" data-widget_type=\"heading.default\">\n<div class=\"elementor-widget-container\">\n<h4 class=\"et_pb_toggle_title\">PL 5000<\/h4>\n<div class=\"et_pb_toggle_content clearfix\">\n<p>Protidekubitusna blazina z razli\u010dnimi gostotami, sestavljena iz osnovne plasti iz spominske poliuretanske pene in zgornje plasti iz poliuretanskega gela. Zahvaljujo\u010d kombiniranemu delovanju obeh razli\u010dnih plasti se pacientova podporna povr\u0161ina na tej blazini znatno pove\u010da, kar zagotavlja visoko stopnjo spro\u0161\u010danja kontaktnih pritiskov.<\/p>\n<p>Prevleka je sestavljena iz spodnjega dela iz nedrse\u010de tkanine in zgornjega dela iz dvoelasti\u010dne tkanine z antibakterijskimi in protiglivi\u010dnimi lastnostmi. Za la\u017eje \u010di\u0161\u010denje je celotna prevleka popolnoma odstranljiva.<\/p>\n<p>Na voljo v razli\u010dnih velikostih, da se prilagodi vsem potrebam.<\/p>\n<\/div>\n<\/div>\n<\/div>\n<p>[\/vc_column_text][vc_column_text]<\/p>\n<table style=\"border-collapse: collapse;width: 100%\">\n<tbody>\n<tr>\n<td style=\"width: 50%\"><strong>Koda<\/strong><\/td>\n<td style=\"width: 50%\"><strong>Velikost<\/strong><\/td>\n<\/tr>\n<tr>\n<td style=\"width: 50%\">PL5000\/4040<\/td>\n<td style=\"width: 50%\">40x40x6<\/td>\n<\/tr>\n<tr>\n<td style=\"width: 50%\">PL5000\/4242<\/td>\n<td style=\"width: 50%\">42x42x6<\/td>\n<\/tr>\n<tr>\n<td style=\"width: 50%\">PL5000\/4545<\/td>\n<td style=\"width: 50%\">45x45x6<\/td>\n<\/tr>\n<\/tbody>\n<\/table>\n<p>[\/vc_column_text][\/vc_column_inner][\/vc_row_inner][vc_empty_space height=&#8221;40px&#8221;][\/vc_column][\/vc_row]<\/p>\n<\/div>","protected":false},"excerpt":{"rendered":"<div class=\"et_pb_module et_pb_text et_pb_text_0 et_pb_text_align_left et_pb_bg_layout_light\">\n<div class=\"et_pb_text_inner\">\n<p><strong>Blazina proti prele\u017eaninam<\/strong><\/p>\n<\/div>\n<\/div>\n<div class=\"et_pb_module et_pb_text et_pb_text_1 et_pb_text_align_left et_pb_bg_layout_light\">\n<div class=\"et_pb_text_inner\">\n<p>Velika izbira antidekubitalnih blazin ponuja \u0161iroko izbiro materialov in prevlek ter oblik, ki ustrezajo potrebam vsakega pacienta ter zagotavljajo stabilnost in udobje sede\u017ea.<\/p>\n<\/div>\n<\/div>\n","protected":false},"featured_media":6652,"comment_status":"closed","ping_status":"closed","template":"","meta":[],"product_brand":[],"product_cat":[222,41],"product_tag":[267,244,243,92,85,94,268,328,160],"class_list":{"0":"post-6640","1":"product","2":"type-product","3":"status-publish","4":"has-post-thumbnail","6":"product_cat-invalidski-vozicki-in-skuterji","7":"product_cat-antidekubitusne-blazine","8":"product_tag-267","9":"product_tag-244","10":"product_tag-243","11":"product_tag-antidekubitusna","12":"product_tag-blazina","13":"product_tag-euroausili","14":"product_tag-gel","15":"product_tag-pl5000","16":"product_tag-sedezna-blazina","18":"first","19":"onbackorder","20":"taxable","21":"shipping-taxable","22":"product-type-simple"},"yoast_head":"<!-- This site is optimized with the Yoast SEO plugin v24.0 - https:\/\/yoast.com\/wordpress\/plugins\/seo\/ -->\n<title>Antidekubitusna blazina Euroausili PL5000 - Mi Vam<\/title>\n<meta name=\"description\" content=\"Blazina proti prele\u017eaninam       Velika izbira antidekubitalnih blazin ponuja \u0161iroko izbiro materialov in prevlek ter oblik, ki ustrezajo potrebam vsakega pacienta ter zagotavljajo stabilnost in udobje sede\u017ea.\" \/>\n<meta name=\"robots\" content=\"index, follow, max-snippet:-1, max-image-preview:large, max-video-preview:-1\" \/>\n<link rel=\"canonical\" href=\"https:\/\/www.mivam.com\/izdelek\/antidekubitusna-blazina-euroausili-pl5000\/\" \/>\n<meta property=\"og:locale\" content=\"en_US\" \/>\n<meta property=\"og:type\" content=\"article\" \/>\n<meta property=\"og:title\" content=\"Antidekubitusna blazina Euroausili PL5000 - Mi Vam\" \/>\n<meta property=\"og:description\" content=\"Blazina proti prele\u017eaninam       Velika izbira antidekubitalnih blazin ponuja \u0161iroko izbiro materialov in prevlek ter oblik, ki ustrezajo potrebam vsakega pacienta ter zagotavljajo stabilnost in udobje sede\u017ea.\" \/>\n<meta property=\"og:url\" content=\"https:\/\/www.mivam.com\/izdelek\/antidekubitusna-blazina-euroausili-pl5000\/\" \/>\n<meta property=\"og:site_name\" content=\"Mi Vam\" \/>\n<meta property=\"article:modified_time\" content=\"2025-06-19T03:49:47+00:00\" \/>\n<meta property=\"og:image\" content=\"https:\/\/www.mivam.com\/wp-content\/uploads\/2025\/05\/cover-14-1024x576.png\" \/>\n\t<meta property=\"og:image:width\" content=\"1024\" \/>\n\t<meta property=\"og:image:height\" content=\"576\" \/>\n\t<meta property=\"og:image:type\" content=\"image\/png\" \/>\n<meta name=\"twitter:card\" content=\"summary_large_image\" \/>\n<meta name=\"twitter:label1\" content=\"Est. reading time\" \/>\n\t<meta name=\"twitter:data1\" content=\"2 minutes\" \/>\n<script type=\"application\/ld+json\" class=\"yoast-schema-graph\">{\"@context\":\"https:\/\/schema.org\",\"@graph\":[{\"@type\":\"WebPage\",\"@id\":\"https:\/\/www.mivam.com\/izdelek\/antidekubitusna-blazina-euroausili-pl5000\/\",\"url\":\"https:\/\/www.mivam.com\/izdelek\/antidekubitusna-blazina-euroausili-pl5000\/\",\"name\":\"Antidekubitusna blazina Euroausili PL5000 - Mi Vam\",\"isPartOf\":{\"@id\":\"https:\/\/www.mivam.com\/#website\"},\"primaryImageOfPage\":{\"@id\":\"https:\/\/www.mivam.com\/izdelek\/antidekubitusna-blazina-euroausili-pl5000\/#primaryimage\"},\"image\":{\"@id\":\"https:\/\/www.mivam.com\/izdelek\/antidekubitusna-blazina-euroausili-pl5000\/#primaryimage\"},\"thumbnailUrl\":\"https:\/\/www.mivam.com\/wp-content\/uploads\/2025\/05\/cover-14.png\",\"datePublished\":\"2025-05-14T09:00:07+00:00\",\"dateModified\":\"2025-06-19T03:49:47+00:00\",\"description\":\"Blazina proti prele\u017eaninam Velika izbira antidekubitalnih blazin ponuja \u0161iroko izbiro materialov in prevlek ter oblik, ki ustrezajo potrebam vsakega pacienta ter zagotavljajo stabilnost in udobje sede\u017ea.\",\"breadcrumb\":{\"@id\":\"https:\/\/www.mivam.com\/izdelek\/antidekubitusna-blazina-euroausili-pl5000\/#breadcrumb\"},\"inLanguage\":\"en-US\",\"potentialAction\":[{\"@type\":\"ReadAction\",\"target\":[\"https:\/\/www.mivam.com\/izdelek\/antidekubitusna-blazina-euroausili-pl5000\/\"]}]},{\"@type\":\"ImageObject\",\"inLanguage\":\"en-US\",\"@id\":\"https:\/\/www.mivam.com\/izdelek\/antidekubitusna-blazina-euroausili-pl5000\/#primaryimage\",\"url\":\"https:\/\/www.mivam.com\/wp-content\/uploads\/2025\/05\/cover-14.png\",\"contentUrl\":\"https:\/\/www.mivam.com\/wp-content\/uploads\/2025\/05\/cover-14.png\",\"width\":3840,\"height\":2160},{\"@type\":\"BreadcrumbList\",\"@id\":\"https:\/\/www.mivam.com\/izdelek\/antidekubitusna-blazina-euroausili-pl5000\/#breadcrumb\",\"itemListElement\":[{\"@type\":\"ListItem\",\"position\":1,\"name\":\"Domov\",\"item\":\"https:\/\/www.mivam.com\/\"},{\"@type\":\"ListItem\",\"position\":2,\"name\":\"Shop\",\"item\":\"https:\/\/www.mivam.com\/en\/shop\/\"},{\"@type\":\"ListItem\",\"position\":3,\"name\":\"Invalidski vozi\u010dki in skuterji\",\"item\":\"https:\/\/www.mivam.com\/kategorija-izdelka\/invalidski-vozicki-in-skuterji\/\"},{\"@type\":\"ListItem\",\"position\":4,\"name\":\"Antidekubitusna blazina Euroausili PL5000\"}]},{\"@type\":\"WebSite\",\"@id\":\"https:\/\/www.mivam.com\/#website\",\"url\":\"https:\/\/www.mivam.com\/\",\"name\":\"Mi Vam\",\"description\":\"Medicinski pripomo\u010dki in re\u0161itve za manj odvisno \u017eivljenje.\",\"potentialAction\":[{\"@type\":\"SearchAction\",\"target\":{\"@type\":\"EntryPoint\",\"urlTemplate\":\"https:\/\/www.mivam.com\/?s={search_term_string}\"},\"query-input\":{\"@type\":\"PropertyValueSpecification\",\"valueRequired\":true,\"valueName\":\"search_term_string\"}}],\"inLanguage\":\"en-US\"}]}<\/script>\n<!-- \/ Yoast SEO plugin. -->","yoast_head_json":{"title":"Antidekubitusna blazina Euroausili PL5000 - Mi Vam","description":"Blazina proti prele\u017eaninam       Velika izbira antidekubitalnih blazin ponuja \u0161iroko izbiro materialov in prevlek ter oblik, ki ustrezajo potrebam vsakega pacienta ter zagotavljajo stabilnost in udobje sede\u017ea.","robots":{"index":"index","follow":"follow","max-snippet":"max-snippet:-1","max-image-preview":"max-image-preview:large","max-video-preview":"max-video-preview:-1"},"canonical":"https:\/\/www.mivam.com\/izdelek\/antidekubitusna-blazina-euroausili-pl5000\/","og_locale":"en_US","og_type":"article","og_title":"Antidekubitusna blazina Euroausili PL5000 - Mi Vam","og_description":"Blazina proti prele\u017eaninam       Velika izbira antidekubitalnih blazin ponuja \u0161iroko izbiro materialov in prevlek ter oblik, ki ustrezajo potrebam vsakega pacienta ter zagotavljajo stabilnost in udobje sede\u017ea.","og_url":"https:\/\/www.mivam.com\/izdelek\/antidekubitusna-blazina-euroausili-pl5000\/","og_site_name":"Mi Vam","article_modified_time":"2025-06-19T03:49:47+00:00","og_image":[{"width":1024,"height":576,"url":"https:\/\/www.mivam.com\/wp-content\/uploads\/2025\/05\/cover-14-1024x576.png","type":"image\/png"}],"twitter_card":"summary_large_image","twitter_misc":{"Est. reading time":"2 minutes"},"schema":{"@context":"https:\/\/schema.org","@graph":[{"@type":"WebPage","@id":"https:\/\/www.mivam.com\/izdelek\/antidekubitusna-blazina-euroausili-pl5000\/","url":"https:\/\/www.mivam.com\/izdelek\/antidekubitusna-blazina-euroausili-pl5000\/","name":"Antidekubitusna blazina Euroausili PL5000 - Mi Vam","isPartOf":{"@id":"https:\/\/www.mivam.com\/#website"},"primaryImageOfPage":{"@id":"https:\/\/www.mivam.com\/izdelek\/antidekubitusna-blazina-euroausili-pl5000\/#primaryimage"},"image":{"@id":"https:\/\/www.mivam.com\/izdelek\/antidekubitusna-blazina-euroausili-pl5000\/#primaryimage"},"thumbnailUrl":"https:\/\/www.mivam.com\/wp-content\/uploads\/2025\/05\/cover-14.png","datePublished":"2025-05-14T09:00:07+00:00","dateModified":"2025-06-19T03:49:47+00:00","description":"Blazina proti prele\u017eaninam Velika izbira antidekubitalnih blazin ponuja \u0161iroko izbiro materialov in prevlek ter oblik, ki ustrezajo potrebam vsakega pacienta ter zagotavljajo stabilnost in udobje sede\u017ea.","breadcrumb":{"@id":"https:\/\/www.mivam.com\/izdelek\/antidekubitusna-blazina-euroausili-pl5000\/#breadcrumb"},"inLanguage":"en-US","potentialAction":[{"@type":"ReadAction","target":["https:\/\/www.mivam.com\/izdelek\/antidekubitusna-blazina-euroausili-pl5000\/"]}]},{"@type":"ImageObject","inLanguage":"en-US","@id":"https:\/\/www.mivam.com\/izdelek\/antidekubitusna-blazina-euroausili-pl5000\/#primaryimage","url":"https:\/\/www.mivam.com\/wp-content\/uploads\/2025\/05\/cover-14.png","contentUrl":"https:\/\/www.mivam.com\/wp-content\/uploads\/2025\/05\/cover-14.png","width":3840,"height":2160},{"@type":"BreadcrumbList","@id":"https:\/\/www.mivam.com\/izdelek\/antidekubitusna-blazina-euroausili-pl5000\/#breadcrumb","itemListElement":[{"@type":"ListItem","position":1,"name":"Domov","item":"https:\/\/www.mivam.com\/"},{"@type":"ListItem","position":2,"name":"Shop","item":"https:\/\/www.mivam.com\/en\/shop\/"},{"@type":"ListItem","position":3,"name":"Invalidski vozi\u010dki in skuterji","item":"https:\/\/www.mivam.com\/kategorija-izdelka\/invalidski-vozicki-in-skuterji\/"},{"@type":"ListItem","position":4,"name":"Antidekubitusna blazina Euroausili PL5000"}]},{"@type":"WebSite","@id":"https:\/\/www.mivam.com\/#website","url":"https:\/\/www.mivam.com\/","name":"Mi Vam","description":"Medicinski pripomo\u010dki in re\u0161itve za manj odvisno \u017eivljenje.","potentialAction":[{"@type":"SearchAction","target":{"@type":"EntryPoint","urlTemplate":"https:\/\/www.mivam.com\/?s={search_term_string}"},"query-input":{"@type":"PropertyValueSpecification","valueRequired":true,"valueName":"search_term_string"}}],"inLanguage":"en-US"}]}},"_links":{"self":[{"href":"https:\/\/www.mivam.com\/en\/wp-json\/wp\/v2\/product\/6640","targetHints":{"allow":["GET"]}}],"collection":[{"href":"https:\/\/www.mivam.com\/en\/wp-json\/wp\/v2\/product"}],"about":[{"href":"https:\/\/www.mivam.com\/en\/wp-json\/wp\/v2\/types\/product"}],"replies":[{"embeddable":true,"href":"https:\/\/www.mivam.com\/en\/wp-json\/wp\/v2\/comments?post=6640"}],"wp:featuredmedia":[{"embeddable":true,"href":"https:\/\/www.mivam.com\/en\/wp-json\/wp\/v2\/media\/6652"}],"wp:attachment":[{"href":"https:\/\/www.mivam.com\/en\/wp-json\/wp\/v2\/media?parent=6640"}],"wp:term":[{"taxonomy":"product_brand","embeddable":true,"href":"https:\/\/www.mivam.com\/en\/wp-json\/wp\/v2\/product_brand?post=6640"},{"taxonomy":"product_cat","embeddable":true,"href":"https:\/\/www.mivam.com\/en\/wp-json\/wp\/v2\/product_cat?post=6640"},{"taxonomy":"product_tag","embeddable":true,"href":"https:\/\/www.mivam.com\/en\/wp-json\/wp\/v2\/product_tag?post=6640"}],"curies":[{"name":"wp","href":"https:\/\/api.w.org\/{rel}","templated":true}]}}