{"id":6538,"date":"2025-05-14T07:56:50","date_gmt":"2025-05-14T05:56:50","guid":{"rendered":"https:\/\/pisarna.novisplet.com\/dev2\/mivam_old\/?post_type=product&#038;p=6538"},"modified":"2025-06-19T05:51:12","modified_gmt":"2025-06-19T03:51:12","slug":"komunikator-grid-pad-go","status":"publish","type":"product","link":"https:\/\/www.mivam.com\/en\/izdelek\/komunikator-grid-pad-go\/","title":{"rendered":"Komunikator GRID PAD GO"},"content":{"rendered":"<div class=\"wpb-content-wrapper\"><p>[vc_row][vc_column][vc_empty_space height=&#8221;40px&#8221;][vc_row_inner][vc_column_inner width=&#8221;1\/3&#8243;][vc_single_image image=&#8221;6554&#8243;][vc_column_text]<\/p>\n<div class=\"elementor-element elementor-element-263f1fe5 elementor-widget elementor-widget-heading\" data-id=\"263f1fe5\" data-element_type=\"widget\" data-widget_type=\"heading.default\">\n<div class=\"elementor-widget-container\">\n<h4 class=\"text-2xl !text-black\">Povezava na poti<\/h4>\n<div class=\"!text-black wysiwyg\">\n<p data-pm-slice=\"1 1 []\">Primite se za otipljiv ro\u010daj, namestite ga na invalidski vozi\u010dek ali pritrdite trak, da ga vzamete s seboj.<\/p>\n<\/div>\n<\/div>\n<\/div>\n<p>[\/vc_column_text][\/vc_column_inner][vc_column_inner width=&#8221;1\/3&#8243;][vc_single_image image=&#8221;6556&#8243;][vc_column_text]<\/p>\n<div class=\"elementor-element elementor-element-263f1fe5 elementor-widget elementor-widget-heading\" data-id=\"263f1fe5\" data-element_type=\"widget\" data-widget_type=\"heading.default\">\n<div class=\"elementor-widget-container\">\n<h4 class=\"text-2xl !text-black\">Pripravljeni na resni\u010dno \u017eivljenje<\/h4>\n<div class=\"!text-black wysiwyg\">\n<p>Grid Pad Go je pripravljen na neizogibne udarce in udarce vsakdanjega \u017eivljenja. Testiran je bil s padci z vi\u0161ine 1 m z dodatno za\u0161\u010dito zaslona.<\/p>\n<\/div>\n<\/div>\n<\/div>\n<p>[\/vc_column_text][\/vc_column_inner][vc_column_inner width=&#8221;1\/3&#8243;][vc_single_image image=&#8221;6558&#8243;][vc_column_text]<\/p>\n<div class=\"elementor-element elementor-element-263f1fe5 elementor-widget elementor-widget-heading\" data-id=\"263f1fe5\" data-element_type=\"widget\" data-widget_type=\"heading.default\">\n<div class=\"elementor-widget-container\">\n<h4 class=\"text-2xl !text-black\">Brezhibna dostopnost<\/h4>\n<div class=\"!text-black wysiwyg\">\n<p>Z dvema vhodoma za stikalo, prevelikimi gumbi in mo\u017enostjo dodajanja zaklepanja tipkovnice je la\u017eje prevzeti popoln nadzor nad svojo napravo.<\/p>\n<\/div>\n<\/div>\n<\/div>\n<p>[\/vc_column_text][\/vc_column_inner][\/vc_row_inner][vc_empty_space height=&#8221;40px&#8221;][vc_row_inner][vc_column_inner width=&#8221;1\/3&#8243;][vc_single_image image=&#8221;6566&#8243;][vc_column_text]<\/p>\n<h4 style=\"text-align: left\">Za koga je namenjeno?<\/h4>\n<p style=\"text-align: left\">Grid Pad Go je bil zasnovan za vse, ki potrebujejo prenosno in trpe\u017eno komunikacijsko orodje.<\/p>\n<p style=\"text-align: left\"><span class=\"normaltextrun\">To vklju\u010duje ljudi z avtizmom, zgodnjo MND\/ALS, cerebralno paralizo,<\/span>\u00a0u\u010dnimi te\u017eavami, mo\u017egansko kapjo, afazijo in drugimi stanji, ki vplivajo na govor.<\/p>\n<p>[\/vc_column_text][\/vc_column_inner][vc_column_inner width=&#8221;1\/3&#8243;][vc_single_image image=&#8221;6580&#8243;][vc_column_text]<\/p>\n<h4><span class=\"\">Tvoj glas, oja\u010dan!<\/span><\/h4>\n<div class=\"text-lg md:text-xl xl:w-10\/12 font-light font-roboto wysig links\">\n<p>Visokokakovosten zvok poudari bogatost va\u0161ega glasu in naravno zajame njegove nianse in ton \u2013 ne glede na to, ali uporabljate enega od na\u0161ih \u0161tevilnih glasov, ki so na voljo v Gridu, ali prilagojen glas. Brezhibna povezljivost zagotavlja, da va\u0161 zvok nikoli ne izgine, oja\u010dana zvo\u010dni\u0161ka komora pa zagotavlja \u010dist zvok za jasno komunikacijo.<\/p>\n<\/div>\n<p>[\/vc_column_text][\/vc_column_inner][vc_column_inner width=&#8221;1\/3&#8243;][vc_single_image image=&#8221;6578&#8243;][vc_column_text]<\/p>\n<h4>Upravljanje stikala<\/h4>\n<div class=\"text-lg md:text-xl xl:w-10\/12 font-light font-roboto wysig links\">\n<p>Dva vgrajena vhoda stikala z zvo\u010dnimi povratnimi informacijami zagotavljata hitre in zanesljive povezave. LED indikatorji ob vhodih stikala zagotavljajo vizualno povratno informacijo, ko opravite izbiro.<\/p>\n<\/div>\n<p>[\/vc_column_text][\/vc_column_inner][\/vc_row_inner][vc_empty_space height=&#8221;40px&#8221;][\/vc_column][\/vc_row][vc_row full_width=&#8221;stretch_row&#8221; css=&#8221;.vc_custom_1689764110870{background-color: #f8f9fa !important;}&#8221;][vc_column][vc_empty_space height=&#8221;60px&#8221;][vc_column_text]<\/p>\n<h3 style=\"text-align: left\">Zna\u010dilnosti<\/h3>\n<p>[\/vc_column_text][vc_row_inner][vc_column_inner width=&#8221;1\/5&#8243;][\/vc_column_inner][vc_column_inner width=&#8221;1\/5&#8243;][vc_single_image image=&#8221;6564&#8243;][vc_column_text]<\/p>\n<div class=\"elementor-element elementor-element-263f1fe5 elementor-widget elementor-widget-heading\" data-id=\"263f1fe5\" data-element_type=\"widget\" data-widget_type=\"heading.default\">\n<div class=\"elementor-widget-container\">\n<div class=\"flex flex-col justify-between w-full mx-auto\">\n<div class=\"flex flex-col pt-6 space-y-4\">\n<div class=\"text-2xl !text-black\">Poganja ga programska oprema Grid za komunikacijo in neodvisnost<\/div>\n<\/div>\n<\/div>\n<\/div>\n<\/div>\n<p>[\/vc_column_text][\/vc_column_inner][vc_column_inner width=&#8221;1\/5&#8243;][vc_single_image image=&#8221;6562&#8243;][vc_column_text]<\/p>\n<div class=\"elementor-element elementor-element-263f1fe5 elementor-widget elementor-widget-heading\" data-id=\"263f1fe5\" data-element_type=\"widget\" data-widget_type=\"heading.default\">\n<div class=\"elementor-widget-container\">\n<div class=\"elementor-element elementor-element-263f1fe5 elementor-widget elementor-widget-heading\" data-id=\"263f1fe5\" data-element_type=\"widget\" data-widget_type=\"heading.default\">\n<div class=\"elementor-widget-container\">\n<div class=\"flex flex-col justify-between w-full mx-auto\">\n<div class=\"flex flex-col pt-6 space-y-4\">\n<div class=\"text-2xl !text-black\">Oja\u010dana konstrukcija je bila preizku\u0161ena s padcem z vi\u0161ine 1 m<\/div>\n<\/div>\n<\/div>\n<\/div>\n<\/div>\n<\/div>\n<\/div>\n<p>[\/vc_column_text][\/vc_column_inner][vc_column_inner width=&#8221;1\/5&#8243;][vc_single_image image=&#8221;6560&#8243;][vc_column_text]<\/p>\n<div class=\"elementor-element elementor-element-263f1fe5 elementor-widget elementor-widget-heading\" data-id=\"263f1fe5\" data-element_type=\"widget\" data-widget_type=\"heading.default\">\n<div class=\"elementor-widget-container\">\n<div class=\"text-2xl !text-black\">\n<div class=\"elementor-element elementor-element-263f1fe5 elementor-widget elementor-widget-heading\" data-id=\"263f1fe5\" data-element_type=\"widget\" data-widget_type=\"heading.default\">\n<div class=\"elementor-widget-container\">\n<div class=\"flex flex-col justify-between w-full mx-auto\">\n<div class=\"flex flex-col pt-6 space-y-4\"><\/div>\n<\/div>\n<div class=\"flex flex-col justify-between w-full mx-auto\">\n<div class=\"flex flex-col pt-6 space-y-4\">\n<div class=\"text-2xl !text-black\">8-urna baterija za celodnevno komunikacijo<\/div>\n<\/div>\n<\/div>\n<\/div>\n<\/div>\n<\/div>\n<\/div>\n<\/div>\n<p>[\/vc_column_text][\/vc_column_inner][vc_column_inner width=&#8221;1\/5&#8243;][\/vc_column_inner][\/vc_row_inner][vc_empty_space height=&#8221;60px&#8221;][\/vc_column][\/vc_row][vc_row full_width=&#8221;stretch_row&#8221;][vc_column][vc_empty_space height=&#8221;60px&#8221;][vc_column_text]<\/p>\n<h3 style=\"text-align: left\">Videoposnetki<\/h3>\n<p>[\/vc_column_text][vc_row_inner][vc_column_inner width=&#8221;1\/3&#8243;][vc_video link=&#8221;https:\/\/www.youtube.com\/watch?v=p5fhFcCfQfw&amp;embeds_referring_euri=https%3A%2F%2Fthinksmartbox.com%2F&#8221; title=&#8221;Razi\u0161\u010dite Grid Pad Go&#8221;][\/vc_column_inner][vc_column_inner width=&#8221;1\/3&#8243;][vc_video link=&#8221;https:\/\/www.youtube.com\/watch?v=UxCtgzg3w48&#8243; title=&#8221;Odkrijte dostopne aplikacije&#8221;][\/vc_column_inner][vc_column_inner width=&#8221;1\/3&#8243;][vc_video link=&#8221;https:\/\/www.youtube.com\/watch?v=_20MlRGiDqs&#8221; title=&#8221;Dostop do va\u0161e Grid Pad Go&#8221;][\/vc_column_inner][\/vc_row_inner][vc_empty_space height=&#8221;60px&#8221;][\/vc_column][\/vc_row][vc_row full_width=&#8221;stretch_row&#8221; css=&#8221;.vc_custom_1747209277817{background-color: #f8f9fa !important;}&#8221;][vc_column][vc_empty_space height=&#8221;60px&#8221;][vc_row_inner][vc_column_inner width=&#8221;1\/4&#8243;][vc_single_image image=&#8221;6576&#8243;][vc_column_text]<\/p>\n<h4 class=\"!mb-0\"><span class=\"VIpgJd-yAWNEb-VIpgJd-fmcmS-sn54Q\">Trpe\u017ena vrata<\/span><\/h4>\n<div class=\"journey-text links my-4 flex flex-grow\">\n<p>Vsa vrata so bila med razvojnim procesom testirana 10.000-krat, da se zagotovi dolgotrajna vzdr\u017eljivost.<\/p>\n<\/div>\n<p>[\/vc_column_text][\/vc_column_inner][vc_column_inner width=&#8221;1\/4&#8243;][vc_single_image image=&#8221;6570&#8243;][vc_column_text]<\/p>\n<h4 class=\"!mb-0\">Za\u0161\u010dita zaslona<\/h4>\n<div class=\"journey-text links my-4 flex flex-grow\">\n<p>Za\u0161\u010dita zaslona, \u200b\u200bodporna proti praskam, kaljeno steklo in dvignjen sprednji okvir zagotavljajo dodatno za\u0161\u010dito pred nenamernimi padci.<\/p>\n<\/div>\n<p>[\/vc_column_text][\/vc_column_inner][vc_column_inner width=&#8221;1\/4&#8243;][vc_single_image image=&#8221;6572&#8243;][vc_column_text]<\/p>\n<h4 class=\"!mb-0\">Dostopni gumbi<\/h4>\n<div class=\"journey-text links my-4 flex flex-grow\">\n<p>Predimenzionirana in otipljiva gumba za vklop in glasnost olaj\u0161ata upravljanje naprave.<\/p>\n<\/div>\n<p>[\/vc_column_text][\/vc_column_inner][vc_column_inner width=&#8221;1\/4&#8243;][vc_single_image image=&#8221;6574&#8243;][vc_column_text]<\/p>\n<h4 class=\"!mb-0\">Mo\u017enosti monta\u017ee<\/h4>\n<div class=\"journey-text links my-4 flex flex-grow\">\n<p>Poleg stojala, ro\u010daja in traku lahko Grid Pad Go namestite tudi na invalidski vozi\u010dek ali stojalo.<\/p>\n<\/div>\n<p>[\/vc_column_text][\/vc_column_inner][\/vc_row_inner][vc_empty_space height=&#8221;60px&#8221;][\/vc_column][\/vc_row][vc_row full_width=&#8221;stretch_row&#8221;][vc_column][vc_empty_space height=&#8221;60px&#8221;][vc_row_inner][vc_column_inner][vc_single_image image=&#8221;6582&#8243; alignment=&#8221;center&#8221;][\/vc_column_inner][\/vc_row_inner][vc_empty_space height=&#8221;60px&#8221;][\/vc_column][\/vc_row]<\/p>\n<\/div>","protected":false},"excerpt":{"rendered":"<p class=\"pb-6 my-auto\"><strong>Opolnomo\u010dujo\u010da povezava na poti SMARTBOX.<\/strong><\/p>\n<p data-pm-slice=\"1 1 []\"><span data-teams=\"true\">Prenosni in trpe\u017eni komunikacijski pripomo\u010dek, zasnovan tako, da vam bo ostal v koraku, kamor koli vas \u017eivljenje popelje. Programska oprema Grid vam omogo\u010da takoj\u0161en dostop do komunikacije in na\u0161e ponudbe aplikacij za ljudi z omejeno odgovornostjo, vklju\u010dno s WhatsAppom, Instagramom in Facebookom.<\/span><\/p>\n","protected":false},"featured_media":6541,"comment_status":"closed","ping_status":"closed","template":"","meta":[],"product_brand":[],"product_cat":[223,172],"product_tag":[133,177,178,325,130,176,262,180],"class_list":{"0":"post-6538","1":"product","2":"type-product","3":"status-publish","4":"has-post-thumbnail","6":"product_cat-komunikatorji","7":"product_cat-grid-pad","8":"product_tag-aac","9":"product_tag-grid","10":"product_tag-grid-pad","11":"product_tag-grid-pad-go","12":"product_tag-komunikator","13":"product_tag-komunikatorji","14":"product_tag-ndk","15":"product_tag-smartbox","17":"first","18":"instock","19":"taxable","20":"shipping-taxable","21":"product-type-simple"},"yoast_head":"<!-- This site is optimized with the Yoast SEO plugin v24.0 - https:\/\/yoast.com\/wordpress\/plugins\/seo\/ -->\n<title>Komunikator GRID PAD GO - Mi Vam<\/title>\n<meta name=\"description\" content=\"Opolnomo\u010dujo\u010da povezava na poti SMARTBOX. Prenosni in trpe\u017eni komunikacijski pripomo\u010dek, zasnovan tako, da vam bo ostal v koraku, kamor koli vas \u017eivljenje popelje. Programska oprema Grid vam omogo\u010da takoj\u0161en dostop do komunikacije in na\u0161e ponudbe aplikacij za ljudi z omejeno odgovornostjo, vklju\u010dno s WhatsAppom, Instagramom in Facebookom.\" \/>\n<meta name=\"robots\" content=\"index, follow, max-snippet:-1, max-image-preview:large, max-video-preview:-1\" \/>\n<link rel=\"canonical\" href=\"https:\/\/www.mivam.com\/izdelek\/komunikator-grid-pad-go\/\" \/>\n<meta property=\"og:locale\" content=\"en_US\" \/>\n<meta property=\"og:type\" content=\"article\" \/>\n<meta property=\"og:title\" content=\"Komunikator GRID PAD GO - Mi Vam\" \/>\n<meta property=\"og:description\" content=\"Opolnomo\u010dujo\u010da povezava na poti SMARTBOX. Prenosni in trpe\u017eni komunikacijski pripomo\u010dek, zasnovan tako, da vam bo ostal v koraku, kamor koli vas \u017eivljenje popelje. Programska oprema Grid vam omogo\u010da takoj\u0161en dostop do komunikacije in na\u0161e ponudbe aplikacij za ljudi z omejeno odgovornostjo, vklju\u010dno s WhatsAppom, Instagramom in Facebookom.\" \/>\n<meta property=\"og:url\" content=\"https:\/\/www.mivam.com\/izdelek\/komunikator-grid-pad-go\/\" \/>\n<meta property=\"og:site_name\" content=\"Mi Vam\" \/>\n<meta property=\"article:modified_time\" content=\"2025-06-19T03:51:12+00:00\" \/>\n<meta property=\"og:image\" content=\"https:\/\/www.mivam.com\/wp-content\/uploads\/2025\/05\/grid-pad-go-hero-images-for-website-larger-handle-front-on-image-1.png\" \/>\n\t<meta property=\"og:image:width\" content=\"1920\" \/>\n\t<meta property=\"og:image:height\" content=\"1080\" \/>\n\t<meta property=\"og:image:type\" content=\"image\/png\" \/>\n<meta name=\"twitter:card\" content=\"summary_large_image\" \/>\n<meta name=\"twitter:label1\" content=\"Est. reading time\" \/>\n\t<meta name=\"twitter:data1\" content=\"3 minutes\" \/>\n<script type=\"application\/ld+json\" class=\"yoast-schema-graph\">{\"@context\":\"https:\/\/schema.org\",\"@graph\":[{\"@type\":\"WebPage\",\"@id\":\"https:\/\/www.mivam.com\/izdelek\/komunikator-grid-pad-go\/\",\"url\":\"https:\/\/www.mivam.com\/izdelek\/komunikator-grid-pad-go\/\",\"name\":\"Komunikator GRID PAD GO - Mi Vam\",\"isPartOf\":{\"@id\":\"https:\/\/www.mivam.com\/#website\"},\"primaryImageOfPage\":{\"@id\":\"https:\/\/www.mivam.com\/izdelek\/komunikator-grid-pad-go\/#primaryimage\"},\"image\":{\"@id\":\"https:\/\/www.mivam.com\/izdelek\/komunikator-grid-pad-go\/#primaryimage\"},\"thumbnailUrl\":\"https:\/\/www.mivam.com\/wp-content\/uploads\/2025\/05\/grid-pad-go-hero-images-for-website-larger-handle-front-on-image-1.png\",\"datePublished\":\"2025-05-14T05:56:50+00:00\",\"dateModified\":\"2025-06-19T03:51:12+00:00\",\"description\":\"Opolnomo\u010dujo\u010da povezava na poti SMARTBOX. Prenosni in trpe\u017eni komunikacijski pripomo\u010dek, zasnovan tako, da vam bo ostal v koraku, kamor koli vas \u017eivljenje popelje. Programska oprema Grid vam omogo\u010da takoj\u0161en dostop do komunikacije in na\u0161e ponudbe aplikacij za ljudi z omejeno odgovornostjo, vklju\u010dno s WhatsAppom, Instagramom in Facebookom.\",\"breadcrumb\":{\"@id\":\"https:\/\/www.mivam.com\/izdelek\/komunikator-grid-pad-go\/#breadcrumb\"},\"inLanguage\":\"en-US\",\"potentialAction\":[{\"@type\":\"ReadAction\",\"target\":[\"https:\/\/www.mivam.com\/izdelek\/komunikator-grid-pad-go\/\"]}]},{\"@type\":\"ImageObject\",\"inLanguage\":\"en-US\",\"@id\":\"https:\/\/www.mivam.com\/izdelek\/komunikator-grid-pad-go\/#primaryimage\",\"url\":\"https:\/\/www.mivam.com\/wp-content\/uploads\/2025\/05\/grid-pad-go-hero-images-for-website-larger-handle-front-on-image-1.png\",\"contentUrl\":\"https:\/\/www.mivam.com\/wp-content\/uploads\/2025\/05\/grid-pad-go-hero-images-for-website-larger-handle-front-on-image-1.png\",\"width\":1920,\"height\":1080},{\"@type\":\"BreadcrumbList\",\"@id\":\"https:\/\/www.mivam.com\/izdelek\/komunikator-grid-pad-go\/#breadcrumb\",\"itemListElement\":[{\"@type\":\"ListItem\",\"position\":1,\"name\":\"Domov\",\"item\":\"https:\/\/www.mivam.com\/\"},{\"@type\":\"ListItem\",\"position\":2,\"name\":\"Shop\",\"item\":\"https:\/\/www.mivam.com\/en\/shop\/\"},{\"@type\":\"ListItem\",\"position\":3,\"name\":\"Komunikatorji\",\"item\":\"https:\/\/www.mivam.com\/kategorija-izdelka\/komunikatorji\/\"},{\"@type\":\"ListItem\",\"position\":4,\"name\":\"Komunikator GRID PAD GO\"}]},{\"@type\":\"WebSite\",\"@id\":\"https:\/\/www.mivam.com\/#website\",\"url\":\"https:\/\/www.mivam.com\/\",\"name\":\"Mi Vam\",\"description\":\"Medicinski pripomo\u010dki in re\u0161itve za manj odvisno \u017eivljenje.\",\"potentialAction\":[{\"@type\":\"SearchAction\",\"target\":{\"@type\":\"EntryPoint\",\"urlTemplate\":\"https:\/\/www.mivam.com\/?s={search_term_string}\"},\"query-input\":{\"@type\":\"PropertyValueSpecification\",\"valueRequired\":true,\"valueName\":\"search_term_string\"}}],\"inLanguage\":\"en-US\"}]}<\/script>\n<!-- \/ Yoast SEO plugin. -->","yoast_head_json":{"title":"Komunikator GRID PAD GO - Mi Vam","description":"Opolnomo\u010dujo\u010da povezava na poti SMARTBOX. Prenosni in trpe\u017eni komunikacijski pripomo\u010dek, zasnovan tako, da vam bo ostal v koraku, kamor koli vas \u017eivljenje popelje. Programska oprema Grid vam omogo\u010da takoj\u0161en dostop do komunikacije in na\u0161e ponudbe aplikacij za ljudi z omejeno odgovornostjo, vklju\u010dno s WhatsAppom, Instagramom in Facebookom.","robots":{"index":"index","follow":"follow","max-snippet":"max-snippet:-1","max-image-preview":"max-image-preview:large","max-video-preview":"max-video-preview:-1"},"canonical":"https:\/\/www.mivam.com\/izdelek\/komunikator-grid-pad-go\/","og_locale":"en_US","og_type":"article","og_title":"Komunikator GRID PAD GO - Mi Vam","og_description":"Opolnomo\u010dujo\u010da povezava na poti SMARTBOX. Prenosni in trpe\u017eni komunikacijski pripomo\u010dek, zasnovan tako, da vam bo ostal v koraku, kamor koli vas \u017eivljenje popelje. Programska oprema Grid vam omogo\u010da takoj\u0161en dostop do komunikacije in na\u0161e ponudbe aplikacij za ljudi z omejeno odgovornostjo, vklju\u010dno s WhatsAppom, Instagramom in Facebookom.","og_url":"https:\/\/www.mivam.com\/izdelek\/komunikator-grid-pad-go\/","og_site_name":"Mi Vam","article_modified_time":"2025-06-19T03:51:12+00:00","og_image":[{"width":1920,"height":1080,"url":"https:\/\/www.mivam.com\/wp-content\/uploads\/2025\/05\/grid-pad-go-hero-images-for-website-larger-handle-front-on-image-1.png","type":"image\/png"}],"twitter_card":"summary_large_image","twitter_misc":{"Est. reading time":"3 minutes"},"schema":{"@context":"https:\/\/schema.org","@graph":[{"@type":"WebPage","@id":"https:\/\/www.mivam.com\/izdelek\/komunikator-grid-pad-go\/","url":"https:\/\/www.mivam.com\/izdelek\/komunikator-grid-pad-go\/","name":"Komunikator GRID PAD GO - Mi Vam","isPartOf":{"@id":"https:\/\/www.mivam.com\/#website"},"primaryImageOfPage":{"@id":"https:\/\/www.mivam.com\/izdelek\/komunikator-grid-pad-go\/#primaryimage"},"image":{"@id":"https:\/\/www.mivam.com\/izdelek\/komunikator-grid-pad-go\/#primaryimage"},"thumbnailUrl":"https:\/\/www.mivam.com\/wp-content\/uploads\/2025\/05\/grid-pad-go-hero-images-for-website-larger-handle-front-on-image-1.png","datePublished":"2025-05-14T05:56:50+00:00","dateModified":"2025-06-19T03:51:12+00:00","description":"Opolnomo\u010dujo\u010da povezava na poti SMARTBOX. Prenosni in trpe\u017eni komunikacijski pripomo\u010dek, zasnovan tako, da vam bo ostal v koraku, kamor koli vas \u017eivljenje popelje. Programska oprema Grid vam omogo\u010da takoj\u0161en dostop do komunikacije in na\u0161e ponudbe aplikacij za ljudi z omejeno odgovornostjo, vklju\u010dno s WhatsAppom, Instagramom in Facebookom.","breadcrumb":{"@id":"https:\/\/www.mivam.com\/izdelek\/komunikator-grid-pad-go\/#breadcrumb"},"inLanguage":"en-US","potentialAction":[{"@type":"ReadAction","target":["https:\/\/www.mivam.com\/izdelek\/komunikator-grid-pad-go\/"]}]},{"@type":"ImageObject","inLanguage":"en-US","@id":"https:\/\/www.mivam.com\/izdelek\/komunikator-grid-pad-go\/#primaryimage","url":"https:\/\/www.mivam.com\/wp-content\/uploads\/2025\/05\/grid-pad-go-hero-images-for-website-larger-handle-front-on-image-1.png","contentUrl":"https:\/\/www.mivam.com\/wp-content\/uploads\/2025\/05\/grid-pad-go-hero-images-for-website-larger-handle-front-on-image-1.png","width":1920,"height":1080},{"@type":"BreadcrumbList","@id":"https:\/\/www.mivam.com\/izdelek\/komunikator-grid-pad-go\/#breadcrumb","itemListElement":[{"@type":"ListItem","position":1,"name":"Domov","item":"https:\/\/www.mivam.com\/"},{"@type":"ListItem","position":2,"name":"Shop","item":"https:\/\/www.mivam.com\/en\/shop\/"},{"@type":"ListItem","position":3,"name":"Komunikatorji","item":"https:\/\/www.mivam.com\/kategorija-izdelka\/komunikatorji\/"},{"@type":"ListItem","position":4,"name":"Komunikator GRID PAD GO"}]},{"@type":"WebSite","@id":"https:\/\/www.mivam.com\/#website","url":"https:\/\/www.mivam.com\/","name":"Mi Vam","description":"Medicinski pripomo\u010dki in re\u0161itve za manj odvisno \u017eivljenje.","potentialAction":[{"@type":"SearchAction","target":{"@type":"EntryPoint","urlTemplate":"https:\/\/www.mivam.com\/?s={search_term_string}"},"query-input":{"@type":"PropertyValueSpecification","valueRequired":true,"valueName":"search_term_string"}}],"inLanguage":"en-US"}]}},"_links":{"self":[{"href":"https:\/\/www.mivam.com\/en\/wp-json\/wp\/v2\/product\/6538","targetHints":{"allow":["GET"]}}],"collection":[{"href":"https:\/\/www.mivam.com\/en\/wp-json\/wp\/v2\/product"}],"about":[{"href":"https:\/\/www.mivam.com\/en\/wp-json\/wp\/v2\/types\/product"}],"replies":[{"embeddable":true,"href":"https:\/\/www.mivam.com\/en\/wp-json\/wp\/v2\/comments?post=6538"}],"wp:featuredmedia":[{"embeddable":true,"href":"https:\/\/www.mivam.com\/en\/wp-json\/wp\/v2\/media\/6541"}],"wp:attachment":[{"href":"https:\/\/www.mivam.com\/en\/wp-json\/wp\/v2\/media?parent=6538"}],"wp:term":[{"taxonomy":"product_brand","embeddable":true,"href":"https:\/\/www.mivam.com\/en\/wp-json\/wp\/v2\/product_brand?post=6538"},{"taxonomy":"product_cat","embeddable":true,"href":"https:\/\/www.mivam.com\/en\/wp-json\/wp\/v2\/product_cat?post=6538"},{"taxonomy":"product_tag","embeddable":true,"href":"https:\/\/www.mivam.com\/en\/wp-json\/wp\/v2\/product_tag?post=6538"}],"curies":[{"name":"wp","href":"https:\/\/api.w.org\/{rel}","templated":true}]}}