{"id":6506,"date":"2025-05-13T17:05:42","date_gmt":"2025-05-13T15:05:42","guid":{"rendered":"https:\/\/pisarna.novisplet.com\/dev2\/mivam_old\/?post_type=product&#038;p=6506"},"modified":"2025-06-19T05:51:41","modified_gmt":"2025-06-19T03:51:41","slug":"skuter-ks-343-2s","status":"publish","type":"product","link":"https:\/\/www.mivam.com\/en\/izdelek\/skuter-ks-343-2s\/","title":{"rendered":"Skuter KS-343.2S"},"content":{"rendered":"<div class=\"wpb-content-wrapper\"><p>[vc_row][vc_column][vc_empty_space height=&#8221;40px&#8221;][vc_row_inner][vc_column_inner width=&#8221;1\/3&#8243;][vc_single_image image=&#8221;6515&#8243;][vc_column_text]<\/p>\n<div class=\"elementor-element elementor-element-263f1fe5 elementor-widget elementor-widget-heading\" data-id=\"263f1fe5\" data-element_type=\"widget\" data-widget_type=\"heading.default\">\n<div class=\"elementor-widget-container\">\n<h4>Ergonomsko oblikovana\u00a0ro\u010dica\u00a0za pospe\u0161evanje<\/h4>\n<p><span class=\"\">Sprednji in zadnji okvir je enostavno razstaviti z ro\u010dico za hitro sprostitev. Ima zadnje hidravli\u010dno vzmetenje, smernike in energetsko u\u010dinkovito zadnjo lu\u010d.<\/span><\/p>\n<\/div>\n<\/div>\n<p>[\/vc_column_text][\/vc_column_inner][vc_column_inner width=&#8221;1\/3&#8243;][vc_single_image image=&#8221;6518&#8243;][vc_column_text]<\/p>\n<div class=\"elementor-element elementor-element-263f1fe5 elementor-widget elementor-widget-heading\" data-id=\"263f1fe5\" data-element_type=\"widget\" data-widget_type=\"heading.default\">\n<div class=\"elementor-widget-container\">\n<h4>Ergonomska ro\u010dica<\/h4>\n<p>Prilagodite ro\u010dico KS-343.2S glede na individualne potrebe. Z enostavnim potegom ste pripravljeni na bolj\u0161i nadzor in bolj spro\u0161\u010deno vo\u017enjo.<\/p>\n<\/div>\n<\/div>\n<p>[\/vc_column_text][\/vc_column_inner][vc_column_inner width=&#8221;1\/3&#8243;][vc_single_image image=&#8221;6520&#8243;][vc_column_text]<\/p>\n<div class=\"elementor-element elementor-element-263f1fe5 elementor-widget elementor-widget-heading\" data-id=\"263f1fe5\" data-element_type=\"widget\" data-widget_type=\"heading.default\">\n<div class=\"elementor-widget-container\">\n<h4>Nastavitev sede\u017ea<\/h4>\n<p>Sede\u017e kolesa KS-343.2S je mogo\u010de premikati naprej ali nazaj glede na individualne potrebe. Za nastavitev v primeren polo\u017eaj morate le dvigniti drsno ro\u010dico pod sede\u017eem in u\u017eivati \u200b\u200bv vo\u017enji.<\/p>\n<\/div>\n<\/div>\n<p>[\/vc_column_text][\/vc_column_inner][\/vc_row_inner][vc_empty_space height=&#8221;40px&#8221;][vc_row_inner][vc_column_inner width=&#8221;1\/3&#8243;][vc_single_image image=&#8221;6522&#8243;][vc_column_text]<\/p>\n<div class=\"elementor-element elementor-element-263f1fe5 elementor-widget elementor-widget-heading\" data-id=\"263f1fe5\" data-element_type=\"widget\" data-widget_type=\"heading.default\">\n<div class=\"elementor-widget-container\">\n<h4>Ve\u010dsmerna nastavitev sede\u017ea<\/h4>\n<p>Da bi se sede\u017e kar najbolje prilagodil potrebam uporabnika, ga je mogo\u010de nastaviti naprej in nazaj, gor in dol. Vzglavnik je nastavljiv tudi po vi\u0161ini.<\/p>\n<\/div>\n<\/div>\n<p>[\/vc_column_text][\/vc_column_inner][vc_column_inner width=&#8221;1\/3&#8243;][vc_single_image image=&#8221;6524&#8243;][vc_column_text]<\/p>\n<div class=\"elementor-element elementor-element-263f1fe5 elementor-widget elementor-widget-heading\" data-id=\"263f1fe5\" data-element_type=\"widget\" data-widget_type=\"heading.default\">\n<div class=\"elementor-widget-container\">\n<h4>La\u017eji dostop<\/h4>\n<p>Za la\u017eje vstopanje in izstopanje iz skuterja lahko sede\u017e KS-343.2S bo\u010dno zavrtite za 90 stopinj. Tisti, ki imajo raje bo\u010dno sedenje, lahko dvignejo naslon za roke in tako uporabniku zagotovijo ve\u010dji prostor za vstop v skuter s strani.<\/p>\n<\/div>\n<\/div>\n<p>[\/vc_column_text][\/vc_column_inner][vc_column_inner width=&#8221;1\/3&#8243;][vc_single_image image=&#8221;6526&#8243;][vc_column_text]<\/p>\n<div class=\"elementor-element elementor-element-263f1fe5 elementor-widget elementor-widget-heading\" data-id=\"263f1fe5\" data-element_type=\"widget\" data-widget_type=\"heading.default\">\n<div class=\"elementor-widget-container\">\n<h4>Standardni ultra \u0161irokokotni \u017earomet<\/h4>\n<p>Z ultra \u0161irokokotnimi \u017earometi in opozorilnimi lu\u010dmi za varno potovanje pozno pono\u010di. Svetlej\u0161i in u\u010dinkovitej\u0161i za za\u0161\u010dito tako uporabnika kot pe\u0161cev pono\u010di.<\/p>\n<\/div>\n<\/div>\n<p>[\/vc_column_text][\/vc_column_inner][\/vc_row_inner][vc_empty_space height=&#8221;40px&#8221;][vc_row_inner][vc_column_inner width=&#8221;1\/3&#8243;][vc_single_image image=&#8221;6528&#8243;][vc_column_text]<\/p>\n<div class=\"elementor-element elementor-element-263f1fe5 elementor-widget elementor-widget-heading\" data-id=\"263f1fe5\" data-element_type=\"widget\" data-widget_type=\"heading.default\">\n<div class=\"elementor-widget-container\">\n<h4>Energetsko u\u010dinkovite zadnje lu\u010di<\/h4>\n<p>Opozorilna lu\u010dka in zvo\u010dni signal za zaviranje pri vzvratni vo\u017enji opomnita osebe za seboj in zagotavljata varnost.<\/p>\n<\/div>\n<\/div>\n<p>[\/vc_column_text][\/vc_column_inner][vc_column_inner width=&#8221;1\/3&#8243;][vc_single_image image=&#8221;6530&#8243;][vc_column_text]<\/p>\n<div class=\"elementor-element elementor-element-263f1fe5 elementor-widget elementor-widget-heading\" data-id=\"263f1fe5\" data-element_type=\"widget\" data-widget_type=\"heading.default\">\n<div class=\"elementor-widget-container\">\n<h4>Ergonomsko oblikovan naslon za noge<\/h4>\n<p>Ergonomsko oblikovan naslon za noge zagotavlja ve\u010d prostora za noge tudi vi\u0161jim posameznikom.<\/p>\n<\/div>\n<\/div>\n<p>[\/vc_column_text][\/vc_column_inner][vc_column_inner width=&#8221;1\/3&#8243;][vc_single_image image=&#8221;6532&#8243;][vc_column_text]<\/p>\n<div class=\"elementor-element elementor-element-263f1fe5 elementor-widget elementor-widget-heading\" data-id=\"263f1fe5\" data-element_type=\"widget\" data-widget_type=\"heading.default\">\n<div class=\"elementor-widget-container\">\n<h4>Priro\u010dna ko\u0161ara<\/h4>\n<p>Za prena\u0161anje predmetov med potovanjem.<\/p>\n<\/div>\n<\/div>\n<p>[\/vc_column_text][\/vc_column_inner][\/vc_row_inner][vc_empty_space height=&#8221;40px&#8221;][\/vc_column][\/vc_row][vc_row full_width=&#8221;stretch_row&#8221; css=&#8221;.vc_custom_1689764110870{background-color: #f8f9fa !important;}&#8221;][vc_column][vc_empty_space height=&#8221;60px&#8221;][vc_row_inner][vc_column_inner width=&#8221;1\/3&#8243;][vc_column_text]<\/p>\n<h3 style=\"text-align: left\">Barve ohi\u0161ja<\/h3>\n<p>[\/vc_column_text][vc_single_image image=&#8221;6536&#8243;][vc_column_text]<\/p>\n<p style=\"text-align: left\"><span class=\"VIpgJd-yAWNEb-VIpgJd-fmcmS-sn54Q\">Dragulj rde\u010d<\/span><\/p>\n<p>[\/vc_column_text][\/vc_column_inner][vc_column_inner width=&#8221;1\/3&#8243;][vc_single_image image=&#8221;6534&#8243;][\/vc_column_inner][vc_column_inner width=&#8221;1\/3&#8243;][\/vc_column_inner][\/vc_row_inner][vc_empty_space height=&#8221;60px&#8221;][\/vc_column][\/vc_row]<\/p>\n<\/div>","protected":false},"excerpt":{"rendered":"<p>S kompaktnim podvozjem in solidnimi voznimi zmogljivostmi je KS-343.2S odli\u010den skuter za uporabo v zaprtih prostorih in na prostem. Za uporabnike, ki \u017eelijo optimizirati svoj skuter za uporabo na prostem, so na voljo dodatne nadgradnje, kot so sistem vzmetenja, pnevmatike in odbija\u010di.<\/p>\n<p><span style=\"color: #99cc00\">Na voljo tudi preko naro\u010dilnice ZZZS 0559.<\/span><\/p>\n","protected":false},"featured_media":6513,"comment_status":"closed","ping_status":"closed","template":"","meta":[],"product_brand":[],"product_cat":[222,75],"product_tag":[324,321,117,196,308,320,322,115,323],"class_list":{"0":"post-6506","1":"product","2":"type-product","3":"status-publish","4":"has-post-thumbnail","6":"product_cat-invalidski-vozicki-in-skuterji","7":"product_cat-skuterji","8":"product_tag-324","9":"product_tag-elektricni-skuter","10":"product_tag-elektromotorni","11":"product_tag-karma","12":"product_tag-karma-medical","13":"product_tag-ks-343-2s","14":"product_tag-notranji-skuter","15":"product_tag-skuter","16":"product_tag-zunanji-skuter","18":"first","19":"onbackorder","20":"taxable","21":"shipping-taxable","22":"product-type-simple"},"yoast_head":"<!-- This site is optimized with the Yoast SEO plugin v24.0 - https:\/\/yoast.com\/wordpress\/plugins\/seo\/ -->\n<title>Skuter KS-343.2S - Mi Vam<\/title>\n<meta name=\"description\" content=\"S kompaktnim podvozjem in solidnimi voznimi zmogljivostmi je KS-343.2S odli\u010den skuter za uporabo v zaprtih prostorih in na prostem. Za uporabnike, ki \u017eelijo optimizirati svoj skuter za uporabo na prostem, so na voljo dodatne nadgradnje, kot so sistem vzmetenja, pnevmatike in odbija\u010di.  Na voljo tudi preko naro\u010dilnice ZZZS 0559.\" \/>\n<meta name=\"robots\" content=\"index, follow, max-snippet:-1, max-image-preview:large, max-video-preview:-1\" \/>\n<link rel=\"canonical\" href=\"https:\/\/www.mivam.com\/izdelek\/skuter-ks-343-2s\/\" \/>\n<meta property=\"og:locale\" content=\"en_US\" \/>\n<meta property=\"og:type\" content=\"article\" \/>\n<meta property=\"og:title\" content=\"Skuter KS-343.2S - Mi Vam\" \/>\n<meta property=\"og:description\" content=\"S kompaktnim podvozjem in solidnimi voznimi zmogljivostmi je KS-343.2S odli\u010den skuter za uporabo v zaprtih prostorih in na prostem. Za uporabnike, ki \u017eelijo optimizirati svoj skuter za uporabo na prostem, so na voljo dodatne nadgradnje, kot so sistem vzmetenja, pnevmatike in odbija\u010di.  Na voljo tudi preko naro\u010dilnice ZZZS 0559.\" \/>\n<meta property=\"og:url\" content=\"https:\/\/www.mivam.com\/izdelek\/skuter-ks-343-2s\/\" \/>\n<meta property=\"og:site_name\" content=\"Mi Vam\" \/>\n<meta property=\"article:modified_time\" content=\"2025-06-19T03:51:41+00:00\" \/>\n<meta property=\"og:image\" content=\"https:\/\/www.mivam.com\/wp-content\/uploads\/2025\/05\/ks343-2s_1050x960-side.webp\" \/>\n\t<meta property=\"og:image:width\" content=\"1050\" \/>\n\t<meta property=\"og:image:height\" content=\"960\" \/>\n\t<meta property=\"og:image:type\" content=\"image\/webp\" \/>\n<meta name=\"twitter:card\" content=\"summary_large_image\" \/>\n<meta name=\"twitter:label1\" content=\"Est. reading time\" \/>\n\t<meta name=\"twitter:data1\" content=\"2 minutes\" \/>\n<script type=\"application\/ld+json\" class=\"yoast-schema-graph\">{\"@context\":\"https:\/\/schema.org\",\"@graph\":[{\"@type\":\"WebPage\",\"@id\":\"https:\/\/www.mivam.com\/izdelek\/skuter-ks-343-2s\/\",\"url\":\"https:\/\/www.mivam.com\/izdelek\/skuter-ks-343-2s\/\",\"name\":\"Skuter KS-343.2S - Mi Vam\",\"isPartOf\":{\"@id\":\"https:\/\/www.mivam.com\/#website\"},\"primaryImageOfPage\":{\"@id\":\"https:\/\/www.mivam.com\/izdelek\/skuter-ks-343-2s\/#primaryimage\"},\"image\":{\"@id\":\"https:\/\/www.mivam.com\/izdelek\/skuter-ks-343-2s\/#primaryimage\"},\"thumbnailUrl\":\"https:\/\/www.mivam.com\/wp-content\/uploads\/2025\/05\/ks343-2s_1050x960-side.webp\",\"datePublished\":\"2025-05-13T15:05:42+00:00\",\"dateModified\":\"2025-06-19T03:51:41+00:00\",\"description\":\"S kompaktnim podvozjem in solidnimi voznimi zmogljivostmi je KS-343.2S odli\u010den skuter za uporabo v zaprtih prostorih in na prostem. Za uporabnike, ki \u017eelijo optimizirati svoj skuter za uporabo na prostem, so na voljo dodatne nadgradnje, kot so sistem vzmetenja, pnevmatike in odbija\u010di. Na voljo tudi preko naro\u010dilnice ZZZS 0559.\",\"breadcrumb\":{\"@id\":\"https:\/\/www.mivam.com\/izdelek\/skuter-ks-343-2s\/#breadcrumb\"},\"inLanguage\":\"en-US\",\"potentialAction\":[{\"@type\":\"ReadAction\",\"target\":[\"https:\/\/www.mivam.com\/izdelek\/skuter-ks-343-2s\/\"]}]},{\"@type\":\"ImageObject\",\"inLanguage\":\"en-US\",\"@id\":\"https:\/\/www.mivam.com\/izdelek\/skuter-ks-343-2s\/#primaryimage\",\"url\":\"https:\/\/www.mivam.com\/wp-content\/uploads\/2025\/05\/ks343-2s_1050x960-side.webp\",\"contentUrl\":\"https:\/\/www.mivam.com\/wp-content\/uploads\/2025\/05\/ks343-2s_1050x960-side.webp\",\"width\":1050,\"height\":960},{\"@type\":\"BreadcrumbList\",\"@id\":\"https:\/\/www.mivam.com\/izdelek\/skuter-ks-343-2s\/#breadcrumb\",\"itemListElement\":[{\"@type\":\"ListItem\",\"position\":1,\"name\":\"Domov\",\"item\":\"https:\/\/www.mivam.com\/\"},{\"@type\":\"ListItem\",\"position\":2,\"name\":\"Shop\",\"item\":\"https:\/\/www.mivam.com\/en\/shop\/\"},{\"@type\":\"ListItem\",\"position\":3,\"name\":\"Invalidski vozi\u010dki in skuterji\",\"item\":\"https:\/\/www.mivam.com\/kategorija-izdelka\/invalidski-vozicki-in-skuterji\/\"},{\"@type\":\"ListItem\",\"position\":4,\"name\":\"Skuter KS-343.2S\"}]},{\"@type\":\"WebSite\",\"@id\":\"https:\/\/www.mivam.com\/#website\",\"url\":\"https:\/\/www.mivam.com\/\",\"name\":\"Mi Vam\",\"description\":\"Medicinski pripomo\u010dki in re\u0161itve za manj odvisno \u017eivljenje.\",\"potentialAction\":[{\"@type\":\"SearchAction\",\"target\":{\"@type\":\"EntryPoint\",\"urlTemplate\":\"https:\/\/www.mivam.com\/?s={search_term_string}\"},\"query-input\":{\"@type\":\"PropertyValueSpecification\",\"valueRequired\":true,\"valueName\":\"search_term_string\"}}],\"inLanguage\":\"en-US\"}]}<\/script>\n<!-- \/ Yoast SEO plugin. -->","yoast_head_json":{"title":"Skuter KS-343.2S - Mi Vam","description":"S kompaktnim podvozjem in solidnimi voznimi zmogljivostmi je KS-343.2S odli\u010den skuter za uporabo v zaprtih prostorih in na prostem. Za uporabnike, ki \u017eelijo optimizirati svoj skuter za uporabo na prostem, so na voljo dodatne nadgradnje, kot so sistem vzmetenja, pnevmatike in odbija\u010di.  Na voljo tudi preko naro\u010dilnice ZZZS 0559.","robots":{"index":"index","follow":"follow","max-snippet":"max-snippet:-1","max-image-preview":"max-image-preview:large","max-video-preview":"max-video-preview:-1"},"canonical":"https:\/\/www.mivam.com\/izdelek\/skuter-ks-343-2s\/","og_locale":"en_US","og_type":"article","og_title":"Skuter KS-343.2S - Mi Vam","og_description":"S kompaktnim podvozjem in solidnimi voznimi zmogljivostmi je KS-343.2S odli\u010den skuter za uporabo v zaprtih prostorih in na prostem. Za uporabnike, ki \u017eelijo optimizirati svoj skuter za uporabo na prostem, so na voljo dodatne nadgradnje, kot so sistem vzmetenja, pnevmatike in odbija\u010di.  Na voljo tudi preko naro\u010dilnice ZZZS 0559.","og_url":"https:\/\/www.mivam.com\/izdelek\/skuter-ks-343-2s\/","og_site_name":"Mi Vam","article_modified_time":"2025-06-19T03:51:41+00:00","og_image":[{"width":1050,"height":960,"url":"https:\/\/www.mivam.com\/wp-content\/uploads\/2025\/05\/ks343-2s_1050x960-side.webp","type":"image\/webp"}],"twitter_card":"summary_large_image","twitter_misc":{"Est. reading time":"2 minutes"},"schema":{"@context":"https:\/\/schema.org","@graph":[{"@type":"WebPage","@id":"https:\/\/www.mivam.com\/izdelek\/skuter-ks-343-2s\/","url":"https:\/\/www.mivam.com\/izdelek\/skuter-ks-343-2s\/","name":"Skuter KS-343.2S - Mi Vam","isPartOf":{"@id":"https:\/\/www.mivam.com\/#website"},"primaryImageOfPage":{"@id":"https:\/\/www.mivam.com\/izdelek\/skuter-ks-343-2s\/#primaryimage"},"image":{"@id":"https:\/\/www.mivam.com\/izdelek\/skuter-ks-343-2s\/#primaryimage"},"thumbnailUrl":"https:\/\/www.mivam.com\/wp-content\/uploads\/2025\/05\/ks343-2s_1050x960-side.webp","datePublished":"2025-05-13T15:05:42+00:00","dateModified":"2025-06-19T03:51:41+00:00","description":"S kompaktnim podvozjem in solidnimi voznimi zmogljivostmi je KS-343.2S odli\u010den skuter za uporabo v zaprtih prostorih in na prostem. Za uporabnike, ki \u017eelijo optimizirati svoj skuter za uporabo na prostem, so na voljo dodatne nadgradnje, kot so sistem vzmetenja, pnevmatike in odbija\u010di. Na voljo tudi preko naro\u010dilnice ZZZS 0559.","breadcrumb":{"@id":"https:\/\/www.mivam.com\/izdelek\/skuter-ks-343-2s\/#breadcrumb"},"inLanguage":"en-US","potentialAction":[{"@type":"ReadAction","target":["https:\/\/www.mivam.com\/izdelek\/skuter-ks-343-2s\/"]}]},{"@type":"ImageObject","inLanguage":"en-US","@id":"https:\/\/www.mivam.com\/izdelek\/skuter-ks-343-2s\/#primaryimage","url":"https:\/\/www.mivam.com\/wp-content\/uploads\/2025\/05\/ks343-2s_1050x960-side.webp","contentUrl":"https:\/\/www.mivam.com\/wp-content\/uploads\/2025\/05\/ks343-2s_1050x960-side.webp","width":1050,"height":960},{"@type":"BreadcrumbList","@id":"https:\/\/www.mivam.com\/izdelek\/skuter-ks-343-2s\/#breadcrumb","itemListElement":[{"@type":"ListItem","position":1,"name":"Domov","item":"https:\/\/www.mivam.com\/"},{"@type":"ListItem","position":2,"name":"Shop","item":"https:\/\/www.mivam.com\/en\/shop\/"},{"@type":"ListItem","position":3,"name":"Invalidski vozi\u010dki in skuterji","item":"https:\/\/www.mivam.com\/kategorija-izdelka\/invalidski-vozicki-in-skuterji\/"},{"@type":"ListItem","position":4,"name":"Skuter KS-343.2S"}]},{"@type":"WebSite","@id":"https:\/\/www.mivam.com\/#website","url":"https:\/\/www.mivam.com\/","name":"Mi Vam","description":"Medicinski pripomo\u010dki in re\u0161itve za manj odvisno \u017eivljenje.","potentialAction":[{"@type":"SearchAction","target":{"@type":"EntryPoint","urlTemplate":"https:\/\/www.mivam.com\/?s={search_term_string}"},"query-input":{"@type":"PropertyValueSpecification","valueRequired":true,"valueName":"search_term_string"}}],"inLanguage":"en-US"}]}},"_links":{"self":[{"href":"https:\/\/www.mivam.com\/en\/wp-json\/wp\/v2\/product\/6506","targetHints":{"allow":["GET"]}}],"collection":[{"href":"https:\/\/www.mivam.com\/en\/wp-json\/wp\/v2\/product"}],"about":[{"href":"https:\/\/www.mivam.com\/en\/wp-json\/wp\/v2\/types\/product"}],"replies":[{"embeddable":true,"href":"https:\/\/www.mivam.com\/en\/wp-json\/wp\/v2\/comments?post=6506"}],"wp:featuredmedia":[{"embeddable":true,"href":"https:\/\/www.mivam.com\/en\/wp-json\/wp\/v2\/media\/6513"}],"wp:attachment":[{"href":"https:\/\/www.mivam.com\/en\/wp-json\/wp\/v2\/media?parent=6506"}],"wp:term":[{"taxonomy":"product_brand","embeddable":true,"href":"https:\/\/www.mivam.com\/en\/wp-json\/wp\/v2\/product_brand?post=6506"},{"taxonomy":"product_cat","embeddable":true,"href":"https:\/\/www.mivam.com\/en\/wp-json\/wp\/v2\/product_cat?post=6506"},{"taxonomy":"product_tag","embeddable":true,"href":"https:\/\/www.mivam.com\/en\/wp-json\/wp\/v2\/product_tag?post=6506"}],"curies":[{"name":"wp","href":"https:\/\/api.w.org\/{rel}","templated":true}]}}