{"id":6442,"date":"2025-05-13T15:31:31","date_gmt":"2025-05-13T13:31:31","guid":{"rendered":"https:\/\/pisarna.novisplet.com\/dev2\/mivam_old\/?post_type=product&#038;p=6442"},"modified":"2025-06-19T05:52:18","modified_gmt":"2025-06-19T03:52:18","slug":"invalidski-vozicek-na-rocni-pogon-ergo","status":"publish","type":"product","link":"https:\/\/www.mivam.com\/en\/izdelek\/invalidski-vozicek-na-rocni-pogon-ergo\/","title":{"rendered":"Invalidski vozi\u010dek na ro\u010dni pogon ERGO"},"content":{"rendered":"<div class=\"wpb-content-wrapper\"><p>[vc_row][vc_column][vc_empty_space height=&#8221;40px&#8221;][vc_row_inner][vc_column_inner width=&#8221;1\/6&#8243;][\/vc_column_inner][vc_column_inner width=&#8221;2\/3&#8243;][vc_video link=&#8221;https:\/\/www.youtube.com\/watch?v=9BnAnvysnkQ&amp;embeds_referring_euri=https%3A%2F%2Fwww.karmamedical.com%2F&#8221; title=&#8221;Predstavitveni video ERGO 3&#8243;][\/vc_column_inner][vc_column_inner width=&#8221;1\/6&#8243;][\/vc_column_inner][\/vc_row_inner][vc_empty_space height=&#8221;40px&#8221;][\/vc_column][\/vc_row][vc_row full_width=&#8221;stretch_row&#8221; css=&#8221;.vc_custom_1689764110870{background-color: #f8f9fa !important;}&#8221;][vc_column][vc_empty_space height=&#8221;60px&#8221;][vc_column_text]<\/p>\n<h3 style=\"text-align: left\">Intuitivna zasnov<\/h3>\n<p>Zasnovani so tako za uporabnike kot za negovalce, vsi gibljivi deli pa so ozna\u010deni z dobro vidno oran\u017eno barvo za enostavno prepoznavanje in upravljanje.[\/vc_column_text][vc_row_inner][vc_column_inner width=&#8221;1\/3&#8243;][vc_single_image image=&#8221;6458&#8243; alignment=&#8221;center&#8221;][vc_column_text]<\/p>\n<h4 style=\"text-align: center\">Sistem zavore za potiskanje in vle\u010denje<strong><br \/>\n<\/strong><\/h4>\n<p style=\"text-align: center\">Za parkiranje vozi\u010dka samo pritisnite zavoro za spremljevalca in jo povlecite za odklepanje. Idealno za negovalce, ki se ne morejo nenehno sklanjati, da bi parkirali invalidski vozi\u010dek.<\/p>\n<p>[\/vc_column_text][\/vc_column_inner][vc_column_inner width=&#8221;1\/3&#8243;][vc_single_image image=&#8221;6456&#8243; alignment=&#8221;center&#8221;][vc_column_text]<\/p>\n<h4 class=\"fill banner-link\" style=\"text-align: center\">Nasloni za roke, ki se preklopijo nazaj<\/h4>\n<div id=\"text-box-1961964825\" class=\"text-box banner-layer x50 md-x50 lg-x50 y100 md-y100 lg-y100 res-text\">\n<div class=\"text-box-content text \">\n<div class=\"text-inner text-left\">\n<div id=\"text-3195319791\" class=\"text\">\n<p style=\"text-align: center\">Omogo\u010da enostavno vstopanje in izstopanje iz invalidskega vozi\u010dka ali pribli\u017eevanje mizi ali pisalni mizi.<\/p>\n<\/div>\n<\/div>\n<\/div>\n<\/div>\n<p>[\/vc_column_text][\/vc_column_inner][vc_column_inner width=&#8221;1\/3&#8243;][vc_single_image image=&#8221;6460&#8243; alignment=&#8221;center&#8221;][vc_column_text]<\/p>\n<h4 class=\"fill banner-link\" style=\"text-align: center\">Snemljive, odklopljive opore za noge<\/h4>\n<div id=\"text-box-1309940460\" class=\"text-box banner-layer x50 md-x50 lg-x50 y100 md-y100 lg-y100 res-text\">\n<div class=\"text-box-content text \">\n<div class=\"text-inner text-left\">\n<div id=\"text-1773834045\" class=\"text\">\n<p style=\"text-align: center\">Omogo\u010da enostavno preme\u0161\u010danje, name\u0161\u010danje in zme\u0161\u010danje z invalidskega vozi\u010dka ter odklop brez orodja.<\/p>\n<\/div>\n<\/div>\n<\/div>\n<\/div>\n<p>[\/vc_column_text][\/vc_column_inner][\/vc_row_inner][vc_empty_space height=&#8221;60px&#8221;][\/vc_column][\/vc_row][vc_row][vc_column][vc_empty_space height=&#8221;40px&#8221;][vc_row_inner][vc_column_inner width=&#8221;1\/3&#8243;][vc_single_image image=&#8221;6452&#8243;][vc_column_text]<\/p>\n<div class=\"elementor-element elementor-element-263f1fe5 elementor-widget elementor-widget-heading\" data-id=\"263f1fe5\" data-element_type=\"widget\" data-widget_type=\"heading.default\">\n<div class=\"elementor-widget-container\">\n<h4>Napredni ergonomski sede\u017eni sistem<\/h4>\n<p>Starej\u0161i uporabniki invalidskih vozi\u010dkov imajo obi\u010dajno slab\u0161i nadzor nad zgornjim delom telesa, kar vodi v sklju\u010deno dr\u017eo ali polo\u017eaj glave, obrnjen navzdol. Sistem sede\u017eev Ergo re\u0161uje to pogosto te\u017eavo z vklju\u010ditvijo znanstveno dokazanih kotov sede\u017ea, ki u\u010dinkovito spodbujajo ravnovesje v telesni dr\u017ei.<i class=\"icon-youtube\" aria-hidden=\"true\"><\/i><\/p>\n<\/div>\n<\/div>\n<p>[\/vc_column_text][\/vc_column_inner][vc_column_inner width=&#8221;1\/3&#8243;][vc_single_image image=&#8221;6454&#8243;][vc_column_text]<\/p>\n<div class=\"elementor-element elementor-element-263f1fe5 elementor-widget elementor-widget-heading\" data-id=\"263f1fe5\" data-element_type=\"widget\" data-widget_type=\"heading.default\">\n<div class=\"elementor-widget-container\">\n<h4>Patented\u00a0<span data-teams=\"true\">S-Ergo Back System<\/span><\/h4>\n<p>Karma\u2019s innovative S-Ergo Backrest enhances both comfort and stability, allowing users\u2014especially those with reduced muscular endurance\u2014to maintain proper, healthy posture with ease.<\/p>\n<p>Karma\u2019s Ergo Series lightweight wheelchairs include a set of adjustable S-Ergo back System Insert that provide direct lumbar support and maximize comfort.<\/p>\n<\/div>\n<\/div>\n<p>[\/vc_column_text][\/vc_column_inner][vc_column_inner width=&#8221;1\/3&#8243;][vc_single_image image=&#8221;6462&#8243;][vc_column_text]<\/p>\n<div class=\"elementor-element elementor-element-263f1fe5 elementor-widget elementor-widget-heading\" data-id=\"263f1fe5\" data-element_type=\"widget\" data-widget_type=\"heading.default\">\n<div class=\"elementor-widget-container\">\n<h4><span class=\"\">Ve\u010dnamenski stranski \u0161\u010ditniki<\/span><\/h4>\n<p>Diskretni, lahko dostopni \u017eepi so elegantno integrirani v notranje strani stranskih \u0161\u010ditnikov za dodatno udobje, zunanje strani pa imajo odsevne poudarke za bolj\u0161o vidljivost in varnost na prostem.<\/p>\n<\/div>\n<\/div>\n<p>[\/vc_column_text][\/vc_column_inner][\/vc_row_inner][vc_empty_space height=&#8221;40px&#8221;][vc_row_inner][vc_column_inner width=&#8221;1\/3&#8243;][vc_single_image image=&#8221;6464&#8243;][vc_column_text]<\/p>\n<div class=\"elementor-element elementor-element-263f1fe5 elementor-widget elementor-widget-heading\" data-id=\"263f1fe5\" data-element_type=\"widget\" data-widget_type=\"heading.default\">\n<div class=\"elementor-widget-container\">\n<h4>Lahka inovacija<\/h4>\n<p>Kljub \u0161tevilnim inovativnim funkcijam je Ergo 3 eden najla\u017ejih invalidskih vozi\u010dkov na trgu, saj v osnovni konfiguraciji tehta le 11,9 kg (pribli\u017eno 26 funtov).<\/p>\n<\/div>\n<\/div>\n<p>[\/vc_column_text][\/vc_column_inner][vc_column_inner width=&#8221;1\/3&#8243;][vc_single_image image=&#8221;6466&#8243;][vc_column_text]<\/p>\n<div class=\"elementor-element elementor-element-263f1fe5 elementor-widget elementor-widget-heading\" data-id=\"263f1fe5\" data-element_type=\"widget\" data-widget_type=\"heading.default\">\n<div class=\"elementor-widget-container\">\n<h4>\u010cisto, udobno in sve\u017ee<\/h4>\n<ul>\n<li>Protimikrobno oblazinjenje zavira bakterije in glivice ter odpravlja neprijetne vonjave.<\/li>\n<li>Snemljivo in pralno<\/li>\n<li>Zra\u010dno<\/li>\n<\/ul>\n<\/div>\n<\/div>\n<p>[\/vc_column_text][\/vc_column_inner][vc_column_inner width=&#8221;1\/3&#8243;][vc_single_image image=&#8221;6468&#8243;][vc_column_text]<\/p>\n<div class=\"elementor-element elementor-element-263f1fe5 elementor-widget elementor-widget-heading\" data-id=\"263f1fe5\" data-element_type=\"widget\" data-widget_type=\"heading.default\">\n<div class=\"elementor-widget-container\">\n<h4><strong>Hitro spro\u0161\u010danje<\/strong><\/h4>\n<ul>\n<li>Izbirne patentirane ergonomske za\u0161\u010ditne prevra\u010dalne naprave<\/li>\n<li>premagati robnike v\u00a0ENEM samem koraku<\/li>\n<\/ul>\n<\/div>\n<\/div>\n<p>[\/vc_column_text][\/vc_column_inner][\/vc_row_inner][vc_empty_space height=&#8221;40px&#8221;][\/vc_column][\/vc_row][vc_row full_width=&#8221;stretch_row&#8221; css=&#8221;.vc_custom_1689764110870{background-color: #f8f9fa !important;}&#8221;][vc_column][vc_empty_space height=&#8221;60px&#8221;][vc_row_inner][vc_column_inner width=&#8221;1\/3&#8243;][vc_column_text]<\/p>\n<h3 style=\"text-align: left\">Sodoben videz<\/h3>\n<p>Kar se ti\u010de sloga, lahko barvo okvirja (\u010drno in biserno) kombinirate s spodnjim oblazinjenjem. Ro\u017enato rde\u010da je na voljo le v kombinaciji s sivim ali temno sivim oblazinjenjem.[\/vc_column_text][vc_column_text]<\/p>\n<p style=\"text-align: left\"><em><span class=\"VIpgJd-yAWNEb-VIpgJd-fmcmS-sn54Q\">Barve, predstavljene na na\u0161i spletni strani, so zgolj za referenco. Za dejanske vzorce barv se obrnite na lokalnega ponudnika.<\/span><\/em><\/p>\n<p>[\/vc_column_text][\/vc_column_inner][vc_column_inner width=&#8221;1\/3&#8243;][vc_single_image image=&#8221;6476&#8243;][\/vc_column_inner][vc_column_inner width=&#8221;1\/3&#8243;][vc_single_image image=&#8221;6474&#8243;][\/vc_column_inner][\/vc_row_inner][vc_row_inner][vc_column_inner width=&#8221;1\/6&#8243;][\/vc_column_inner][vc_column_inner width=&#8221;2\/6&#8243;][vc_column_text]<\/p>\n<p style=\"text-align: left\"><strong>Barve okvirjev<\/strong><\/p>\n<p>[\/vc_column_text][vc_single_image image=&#8221;6504&#8243;][\/vc_column_inner][vc_column_inner width=&#8221;2\/6&#8243;][vc_column_text]<\/p>\n<p style=\"text-align: left\"><strong>Barve oblazinjenega pohi\u0161tva<\/strong><\/p>\n<p>[\/vc_column_text][vc_single_image image=&#8221;6472&#8243;][\/vc_column_inner][vc_column_inner width=&#8221;1\/6&#8243;][\/vc_column_inner][\/vc_row_inner][vc_empty_space height=&#8221;60px&#8221;][\/vc_column][\/vc_row][vc_row][vc_column][vc_empty_space height=&#8221;40px&#8221;][vc_column_text]<\/p>\n<h3 style=\"text-align: left\">Dodatna oprema<\/h3>\n<p>[\/vc_column_text][vc_row_inner][vc_column_inner width=&#8221;1\/4&#8243;][vc_single_image image=&#8221;6478&#8243; alignment=&#8221;center&#8221;][vc_column_text]<\/p>\n<h4 style=\"text-align: center\">Proti prevra\u010danju<\/h4>\n<p>[\/vc_column_text][\/vc_column_inner][vc_column_inner width=&#8221;1\/4&#8243;][vc_single_image image=&#8221;6490&#8243; alignment=&#8221;center&#8221;][vc_column_text]<\/p>\n<h4 class=\"fill banner-link\" style=\"text-align: center\">Medeni\u010dni pas<\/h4>\n<p>[\/vc_column_text][\/vc_column_inner][vc_column_inner width=&#8221;1\/4&#8243;][vc_single_image image=&#8221;6484&#8243; alignment=&#8221;center&#8221;][vc_column_text]<\/p>\n<h4 class=\"fill banner-link\" style=\"text-align: center\">Zlo\u017eljiv vzglavnik<\/h4>\n<p>[\/vc_column_text][\/vc_column_inner][vc_column_inner width=&#8221;1\/4&#8243;][vc_single_image image=&#8221;6498&#8243; alignment=&#8221;center&#8221;][vc_column_text]<\/p>\n<h4 class=\"fill banner-link\" style=\"text-align: center\">Mre\u017easta torba<\/h4>\n<p>[\/vc_column_text][\/vc_column_inner][\/vc_row_inner][vc_empty_space height=&#8221;40px&#8221;][vc_row_inner][vc_column_inner width=&#8221;1\/4&#8243;][vc_single_image image=&#8221;6494&#8243; alignment=&#8221;center&#8221;][vc_column_text]<\/p>\n<h4 style=\"text-align: center\">Dr\u017ealo za skodelice<\/h4>\n<p>[\/vc_column_text][\/vc_column_inner][vc_column_inner width=&#8221;1\/4&#8243;][vc_single_image image=&#8221;6486&#8243; alignment=&#8221;center&#8221;][vc_column_text]<\/p>\n<h4 class=\"fill banner-link\" style=\"text-align: center\">Oprsnica<\/h4>\n<p>[\/vc_column_text][\/vc_column_inner][vc_column_inner width=&#8221;1\/4&#8243;][vc_single_image image=&#8221;6492&#8243; alignment=&#8221;center&#8221;][vc_column_text]<\/p>\n<h4 class=\"fill banner-link\" style=\"text-align: center\">Otrdilna potisna palica<\/h4>\n<p>[\/vc_column_text][\/vc_column_inner][vc_column_inner width=&#8221;1\/4&#8243;][vc_single_image image=&#8221;6496&#8243; alignment=&#8221;center&#8221;][vc_column_text]<\/p>\n<h4 class=\"fill banner-link\" style=\"text-align: center\">Pladenj za naro\u010dje<\/h4>\n<p>[\/vc_column_text][\/vc_column_inner][\/vc_row_inner][vc_empty_space height=&#8221;40px&#8221;][vc_row_inner][vc_column_inner width=&#8221;1\/4&#8243;][vc_single_image image=&#8221;6500&#8243; alignment=&#8221;center&#8221;][vc_column_text]<\/p>\n<h4 style=\"text-align: center\">Torba za naslonjalo<\/h4>\n<p>[\/vc_column_text][\/vc_column_inner][vc_column_inner width=&#8221;1\/4&#8243;][vc_single_image image=&#8221;6480&#8243; alignment=&#8221;center&#8221;][vc_column_text]<\/p>\n<h4 class=\"fill banner-link\" style=\"text-align: center\">Dr\u017ealo za palico<\/h4>\n<p>[\/vc_column_text][\/vc_column_inner][vc_column_inner width=&#8221;1\/4&#8243;][vc_single_image image=&#8221;6488&#8243; alignment=&#8221;center&#8221;][vc_column_text]<\/p>\n<h4 class=\"fill banner-link\" style=\"text-align: center\">Dr\u017ealo za IV drog<\/h4>\n<p>[\/vc_column_text][\/vc_column_inner][vc_column_inner width=&#8221;1\/4&#8243;][vc_single_image image=&#8221;6482&#8243; alignment=&#8221;center&#8221;][vc_column_text]<\/p>\n<h4 class=\"fill banner-link\" style=\"text-align: center\">Ergonomski sistem proti prevra\u010danju<\/h4>\n<p>[\/vc_column_text][\/vc_column_inner][\/vc_row_inner][vc_empty_space height=&#8221;40px&#8221;][\/vc_column][\/vc_row]<\/p>\n<\/div>","protected":false},"excerpt":{"rendered":"<p><strong>Naslednja generacija lahke mobilnosti<\/strong><\/p>\n<p>Serija Karma Ergo zdru\u017euje ergonomsko odli\u010dnost z lahkotno dr\u017eo in mobilnostjo ter ponuja naravno ravnovesje od glave do spodnjega dela hrbta. Ta inovativna zasnova zmanj\u0161uje napor, potreben za ohranjanje pokon\u010dne dr\u017ee, kar izbolj\u0161uje socialne interakcije z ve\u010djim udobjem in vitalnostjo.<\/p>\n<p>V sredi\u0161\u010du te preobrazbe sta patentirani naslon Ergo in preizku\u0161eni sede\u017e S-Ergo. Odkrijte prihodnost razko\u0161ja sedenja z Ergo 3 \u2013 kjer se oblika, funkcionalnost in dobro po\u010dutje zdru\u017eujejo v popolni harmoniji.<\/p>\n","protected":false},"featured_media":6449,"comment_status":"closed","ping_status":"closed","template":"","meta":[],"product_brand":[],"product_cat":[222,36],"product_tag":[311,313,312,196,308,254,251,317,316,315,314,318,319,255,194,310],"class_list":{"0":"post-6442","1":"product","2":"type-product","3":"status-publish","4":"has-post-thumbnail","6":"product_cat-invalidski-vozicki-in-skuterji","7":"product_cat-invalidski-vozicki-na-rocni-pogon","8":"product_tag-ergo","9":"product_tag-ergo-2","10":"product_tag-ergo-3","11":"product_tag-karma","12":"product_tag-karma-medical","13":"product_tag-lahki","14":"product_tag-rocni-vozicek","15":"product_tag-s-ergo-105","16":"product_tag-s-ergo-106","17":"product_tag-s-ergo-115","18":"product_tag-s-ergo-125","19":"product_tag-s-ergo-205","20":"product_tag-s-ergo-305","21":"product_tag-ultralahki","22":"product_tag-vozicek","23":"product_tag-zlozljiv","25":"first","26":"onbackorder","27":"taxable","28":"shipping-taxable","29":"product-type-simple"},"yoast_head":"<!-- This site is optimized with the Yoast SEO plugin v24.0 - https:\/\/yoast.com\/wordpress\/plugins\/seo\/ -->\n<title>Invalidski vozi\u010dek na ro\u010dni pogon ERGO - Mi Vam<\/title>\n<meta name=\"description\" content=\"Naslednja generacija lahke mobilnosti  Serija Karma Ergo zdru\u017euje ergonomsko odli\u010dnost z lahkotno dr\u017eo in mobilnostjo ter ponuja naravno ravnovesje od glave do spodnjega dela hrbta. Ta inovativna zasnova zmanj\u0161uje napor, potreben za ohranjanje pokon\u010dne dr\u017ee, kar izbolj\u0161uje socialne interakcije z ve\u010djim udobjem in vitalnostjo.  V sredi\u0161\u010du te preobrazbe sta patentirani naslon Ergo in preizku\u0161eni sede\u017e S-Ergo. Odkrijte prihodnost razko\u0161ja sedenja z Ergo 3 \u2013 kjer se oblika, funkcionalnost in dobro po\u010dutje zdru\u017eujejo v popolni harmoniji.\" \/>\n<meta name=\"robots\" content=\"index, follow, max-snippet:-1, max-image-preview:large, max-video-preview:-1\" \/>\n<link rel=\"canonical\" href=\"https:\/\/www.mivam.com\/izdelek\/invalidski-vozicek-na-rocni-pogon-ergo\/\" \/>\n<meta property=\"og:locale\" content=\"en_US\" \/>\n<meta property=\"og:type\" content=\"article\" \/>\n<meta property=\"og:title\" content=\"Invalidski vozi\u010dek na ro\u010dni pogon ERGO - Mi Vam\" \/>\n<meta property=\"og:description\" content=\"Naslednja generacija lahke mobilnosti  Serija Karma Ergo zdru\u017euje ergonomsko odli\u010dnost z lahkotno dr\u017eo in mobilnostjo ter ponuja naravno ravnovesje od glave do spodnjega dela hrbta. Ta inovativna zasnova zmanj\u0161uje napor, potreben za ohranjanje pokon\u010dne dr\u017ee, kar izbolj\u0161uje socialne interakcije z ve\u010djim udobjem in vitalnostjo.  V sredi\u0161\u010du te preobrazbe sta patentirani naslon Ergo in preizku\u0161eni sede\u017e S-Ergo. Odkrijte prihodnost razko\u0161ja sedenja z Ergo 3 \u2013 kjer se oblika, funkcionalnost in dobro po\u010dutje zdru\u017eujejo v popolni harmoniji.\" \/>\n<meta property=\"og:url\" content=\"https:\/\/www.mivam.com\/izdelek\/invalidski-vozicek-na-rocni-pogon-ergo\/\" \/>\n<meta property=\"og:site_name\" content=\"Mi Vam\" \/>\n<meta property=\"article:modified_time\" content=\"2025-06-19T03:52:18+00:00\" \/>\n<meta property=\"og:image\" content=\"https:\/\/www.mivam.com\/wp-content\/uploads\/2025\/05\/ergo-3_s-1050x960-e696b0e885b3e99da0.webp\" \/>\n\t<meta property=\"og:image:width\" content=\"1050\" \/>\n\t<meta property=\"og:image:height\" content=\"960\" \/>\n\t<meta property=\"og:image:type\" content=\"image\/webp\" \/>\n<meta name=\"twitter:card\" content=\"summary_large_image\" \/>\n<meta name=\"twitter:label1\" content=\"Est. reading time\" \/>\n\t<meta name=\"twitter:data1\" content=\"3 minutes\" \/>\n<script type=\"application\/ld+json\" class=\"yoast-schema-graph\">{\"@context\":\"https:\/\/schema.org\",\"@graph\":[{\"@type\":\"WebPage\",\"@id\":\"https:\/\/www.mivam.com\/izdelek\/invalidski-vozicek-na-rocni-pogon-ergo\/\",\"url\":\"https:\/\/www.mivam.com\/izdelek\/invalidski-vozicek-na-rocni-pogon-ergo\/\",\"name\":\"Invalidski vozi\u010dek na ro\u010dni pogon ERGO - Mi Vam\",\"isPartOf\":{\"@id\":\"https:\/\/www.mivam.com\/#website\"},\"primaryImageOfPage\":{\"@id\":\"https:\/\/www.mivam.com\/izdelek\/invalidski-vozicek-na-rocni-pogon-ergo\/#primaryimage\"},\"image\":{\"@id\":\"https:\/\/www.mivam.com\/izdelek\/invalidski-vozicek-na-rocni-pogon-ergo\/#primaryimage\"},\"thumbnailUrl\":\"https:\/\/www.mivam.com\/wp-content\/uploads\/2025\/05\/ergo-3_s-1050x960-e696b0e885b3e99da0.webp\",\"datePublished\":\"2025-05-13T13:31:31+00:00\",\"dateModified\":\"2025-06-19T03:52:18+00:00\",\"description\":\"Naslednja generacija lahke mobilnosti Serija Karma Ergo zdru\u017euje ergonomsko odli\u010dnost z lahkotno dr\u017eo in mobilnostjo ter ponuja naravno ravnovesje od glave do spodnjega dela hrbta. Ta inovativna zasnova zmanj\u0161uje napor, potreben za ohranjanje pokon\u010dne dr\u017ee, kar izbolj\u0161uje socialne interakcije z ve\u010djim udobjem in vitalnostjo. V sredi\u0161\u010du te preobrazbe sta patentirani naslon Ergo in preizku\u0161eni sede\u017e S-Ergo. Odkrijte prihodnost razko\u0161ja sedenja z Ergo 3 \u2013 kjer se oblika, funkcionalnost in dobro po\u010dutje zdru\u017eujejo v popolni harmoniji.\",\"breadcrumb\":{\"@id\":\"https:\/\/www.mivam.com\/izdelek\/invalidski-vozicek-na-rocni-pogon-ergo\/#breadcrumb\"},\"inLanguage\":\"en-US\",\"potentialAction\":[{\"@type\":\"ReadAction\",\"target\":[\"https:\/\/www.mivam.com\/izdelek\/invalidski-vozicek-na-rocni-pogon-ergo\/\"]}]},{\"@type\":\"ImageObject\",\"inLanguage\":\"en-US\",\"@id\":\"https:\/\/www.mivam.com\/izdelek\/invalidski-vozicek-na-rocni-pogon-ergo\/#primaryimage\",\"url\":\"https:\/\/www.mivam.com\/wp-content\/uploads\/2025\/05\/ergo-3_s-1050x960-e696b0e885b3e99da0.webp\",\"contentUrl\":\"https:\/\/www.mivam.com\/wp-content\/uploads\/2025\/05\/ergo-3_s-1050x960-e696b0e885b3e99da0.webp\",\"width\":1050,\"height\":960},{\"@type\":\"BreadcrumbList\",\"@id\":\"https:\/\/www.mivam.com\/izdelek\/invalidski-vozicek-na-rocni-pogon-ergo\/#breadcrumb\",\"itemListElement\":[{\"@type\":\"ListItem\",\"position\":1,\"name\":\"Domov\",\"item\":\"https:\/\/www.mivam.com\/\"},{\"@type\":\"ListItem\",\"position\":2,\"name\":\"Shop\",\"item\":\"https:\/\/www.mivam.com\/en\/shop\/\"},{\"@type\":\"ListItem\",\"position\":3,\"name\":\"Invalidski vozi\u010dki in skuterji\",\"item\":\"https:\/\/www.mivam.com\/kategorija-izdelka\/invalidski-vozicki-in-skuterji\/\"},{\"@type\":\"ListItem\",\"position\":4,\"name\":\"Invalidski vozi\u010dek na ro\u010dni pogon ERGO\"}]},{\"@type\":\"WebSite\",\"@id\":\"https:\/\/www.mivam.com\/#website\",\"url\":\"https:\/\/www.mivam.com\/\",\"name\":\"Mi Vam\",\"description\":\"Medicinski pripomo\u010dki in re\u0161itve za manj odvisno \u017eivljenje.\",\"potentialAction\":[{\"@type\":\"SearchAction\",\"target\":{\"@type\":\"EntryPoint\",\"urlTemplate\":\"https:\/\/www.mivam.com\/?s={search_term_string}\"},\"query-input\":{\"@type\":\"PropertyValueSpecification\",\"valueRequired\":true,\"valueName\":\"search_term_string\"}}],\"inLanguage\":\"en-US\"}]}<\/script>\n<!-- \/ Yoast SEO plugin. -->","yoast_head_json":{"title":"Invalidski vozi\u010dek na ro\u010dni pogon ERGO - Mi Vam","description":"Naslednja generacija lahke mobilnosti  Serija Karma Ergo zdru\u017euje ergonomsko odli\u010dnost z lahkotno dr\u017eo in mobilnostjo ter ponuja naravno ravnovesje od glave do spodnjega dela hrbta. Ta inovativna zasnova zmanj\u0161uje napor, potreben za ohranjanje pokon\u010dne dr\u017ee, kar izbolj\u0161uje socialne interakcije z ve\u010djim udobjem in vitalnostjo.  V sredi\u0161\u010du te preobrazbe sta patentirani naslon Ergo in preizku\u0161eni sede\u017e S-Ergo. Odkrijte prihodnost razko\u0161ja sedenja z Ergo 3 \u2013 kjer se oblika, funkcionalnost in dobro po\u010dutje zdru\u017eujejo v popolni harmoniji.","robots":{"index":"index","follow":"follow","max-snippet":"max-snippet:-1","max-image-preview":"max-image-preview:large","max-video-preview":"max-video-preview:-1"},"canonical":"https:\/\/www.mivam.com\/izdelek\/invalidski-vozicek-na-rocni-pogon-ergo\/","og_locale":"en_US","og_type":"article","og_title":"Invalidski vozi\u010dek na ro\u010dni pogon ERGO - Mi Vam","og_description":"Naslednja generacija lahke mobilnosti  Serija Karma Ergo zdru\u017euje ergonomsko odli\u010dnost z lahkotno dr\u017eo in mobilnostjo ter ponuja naravno ravnovesje od glave do spodnjega dela hrbta. Ta inovativna zasnova zmanj\u0161uje napor, potreben za ohranjanje pokon\u010dne dr\u017ee, kar izbolj\u0161uje socialne interakcije z ve\u010djim udobjem in vitalnostjo.  V sredi\u0161\u010du te preobrazbe sta patentirani naslon Ergo in preizku\u0161eni sede\u017e S-Ergo. Odkrijte prihodnost razko\u0161ja sedenja z Ergo 3 \u2013 kjer se oblika, funkcionalnost in dobro po\u010dutje zdru\u017eujejo v popolni harmoniji.","og_url":"https:\/\/www.mivam.com\/izdelek\/invalidski-vozicek-na-rocni-pogon-ergo\/","og_site_name":"Mi Vam","article_modified_time":"2025-06-19T03:52:18+00:00","og_image":[{"width":1050,"height":960,"url":"https:\/\/www.mivam.com\/wp-content\/uploads\/2025\/05\/ergo-3_s-1050x960-e696b0e885b3e99da0.webp","type":"image\/webp"}],"twitter_card":"summary_large_image","twitter_misc":{"Est. reading time":"3 minutes"},"schema":{"@context":"https:\/\/schema.org","@graph":[{"@type":"WebPage","@id":"https:\/\/www.mivam.com\/izdelek\/invalidski-vozicek-na-rocni-pogon-ergo\/","url":"https:\/\/www.mivam.com\/izdelek\/invalidski-vozicek-na-rocni-pogon-ergo\/","name":"Invalidski vozi\u010dek na ro\u010dni pogon ERGO - Mi Vam","isPartOf":{"@id":"https:\/\/www.mivam.com\/#website"},"primaryImageOfPage":{"@id":"https:\/\/www.mivam.com\/izdelek\/invalidski-vozicek-na-rocni-pogon-ergo\/#primaryimage"},"image":{"@id":"https:\/\/www.mivam.com\/izdelek\/invalidski-vozicek-na-rocni-pogon-ergo\/#primaryimage"},"thumbnailUrl":"https:\/\/www.mivam.com\/wp-content\/uploads\/2025\/05\/ergo-3_s-1050x960-e696b0e885b3e99da0.webp","datePublished":"2025-05-13T13:31:31+00:00","dateModified":"2025-06-19T03:52:18+00:00","description":"Naslednja generacija lahke mobilnosti Serija Karma Ergo zdru\u017euje ergonomsko odli\u010dnost z lahkotno dr\u017eo in mobilnostjo ter ponuja naravno ravnovesje od glave do spodnjega dela hrbta. Ta inovativna zasnova zmanj\u0161uje napor, potreben za ohranjanje pokon\u010dne dr\u017ee, kar izbolj\u0161uje socialne interakcije z ve\u010djim udobjem in vitalnostjo. V sredi\u0161\u010du te preobrazbe sta patentirani naslon Ergo in preizku\u0161eni sede\u017e S-Ergo. Odkrijte prihodnost razko\u0161ja sedenja z Ergo 3 \u2013 kjer se oblika, funkcionalnost in dobro po\u010dutje zdru\u017eujejo v popolni harmoniji.","breadcrumb":{"@id":"https:\/\/www.mivam.com\/izdelek\/invalidski-vozicek-na-rocni-pogon-ergo\/#breadcrumb"},"inLanguage":"en-US","potentialAction":[{"@type":"ReadAction","target":["https:\/\/www.mivam.com\/izdelek\/invalidski-vozicek-na-rocni-pogon-ergo\/"]}]},{"@type":"ImageObject","inLanguage":"en-US","@id":"https:\/\/www.mivam.com\/izdelek\/invalidski-vozicek-na-rocni-pogon-ergo\/#primaryimage","url":"https:\/\/www.mivam.com\/wp-content\/uploads\/2025\/05\/ergo-3_s-1050x960-e696b0e885b3e99da0.webp","contentUrl":"https:\/\/www.mivam.com\/wp-content\/uploads\/2025\/05\/ergo-3_s-1050x960-e696b0e885b3e99da0.webp","width":1050,"height":960},{"@type":"BreadcrumbList","@id":"https:\/\/www.mivam.com\/izdelek\/invalidski-vozicek-na-rocni-pogon-ergo\/#breadcrumb","itemListElement":[{"@type":"ListItem","position":1,"name":"Domov","item":"https:\/\/www.mivam.com\/"},{"@type":"ListItem","position":2,"name":"Shop","item":"https:\/\/www.mivam.com\/en\/shop\/"},{"@type":"ListItem","position":3,"name":"Invalidski vozi\u010dki in skuterji","item":"https:\/\/www.mivam.com\/kategorija-izdelka\/invalidski-vozicki-in-skuterji\/"},{"@type":"ListItem","position":4,"name":"Invalidski vozi\u010dek na ro\u010dni pogon ERGO"}]},{"@type":"WebSite","@id":"https:\/\/www.mivam.com\/#website","url":"https:\/\/www.mivam.com\/","name":"Mi Vam","description":"Medicinski pripomo\u010dki in re\u0161itve za manj odvisno \u017eivljenje.","potentialAction":[{"@type":"SearchAction","target":{"@type":"EntryPoint","urlTemplate":"https:\/\/www.mivam.com\/?s={search_term_string}"},"query-input":{"@type":"PropertyValueSpecification","valueRequired":true,"valueName":"search_term_string"}}],"inLanguage":"en-US"}]}},"_links":{"self":[{"href":"https:\/\/www.mivam.com\/en\/wp-json\/wp\/v2\/product\/6442","targetHints":{"allow":["GET"]}}],"collection":[{"href":"https:\/\/www.mivam.com\/en\/wp-json\/wp\/v2\/product"}],"about":[{"href":"https:\/\/www.mivam.com\/en\/wp-json\/wp\/v2\/types\/product"}],"replies":[{"embeddable":true,"href":"https:\/\/www.mivam.com\/en\/wp-json\/wp\/v2\/comments?post=6442"}],"wp:featuredmedia":[{"embeddable":true,"href":"https:\/\/www.mivam.com\/en\/wp-json\/wp\/v2\/media\/6449"}],"wp:attachment":[{"href":"https:\/\/www.mivam.com\/en\/wp-json\/wp\/v2\/media?parent=6442"}],"wp:term":[{"taxonomy":"product_brand","embeddable":true,"href":"https:\/\/www.mivam.com\/en\/wp-json\/wp\/v2\/product_brand?post=6442"},{"taxonomy":"product_cat","embeddable":true,"href":"https:\/\/www.mivam.com\/en\/wp-json\/wp\/v2\/product_cat?post=6442"},{"taxonomy":"product_tag","embeddable":true,"href":"https:\/\/www.mivam.com\/en\/wp-json\/wp\/v2\/product_tag?post=6442"}],"curies":[{"name":"wp","href":"https:\/\/api.w.org\/{rel}","templated":true}]}}