{"id":6414,"date":"2025-05-13T14:52:09","date_gmt":"2025-05-13T12:52:09","guid":{"rendered":"https:\/\/pisarna.novisplet.com\/dev2\/mivam_old\/?post_type=product&#038;p=6414"},"modified":"2025-06-19T05:53:21","modified_gmt":"2025-06-19T03:53:21","slug":"elektricni-invalidski-vozicek-eflexx","status":"publish","type":"product","link":"https:\/\/www.mivam.com\/en\/izdelek\/elektricni-invalidski-vozicek-eflexx\/","title":{"rendered":"Elektri\u010dni invalidski vozi\u010dek eFLEXX"},"content":{"rendered":"<div class=\"wpb-content-wrapper\"><p>[vc_row][vc_column][vc_empty_space height=&#8221;40px&#8221;][vc_row_inner][vc_column_inner width=&#8221;1\/3&#8243;][vc_single_image image=&#8221;6417&#8243;][vc_column_text]<\/p>\n<h4>Kompakten in lahek<\/h4>\n<p>Z odstranjeno litijevo baterijo in nasloni za noge je eFlexx kompakten kot kos prtljage. Skupna te\u017ea, vklju\u010dno s 14-pal\u010dnimi zadnjimi kolesi in brez baterije, zna\u0161a le 29 kg.[\/vc_column_text][\/vc_column_inner][vc_column_inner width=&#8221;1\/3&#8243;][vc_single_image image=&#8221;6419&#8243;][vc_column_text]<\/p>\n<h4>Prednosti litijeve baterije<\/h4>\n<p>Lahka, okolju prijazna, hitro polnilna in dolgo vzdr\u017eljiva. Litijeva baterija s kapaciteto 26,1 Ah (657,7 Wh) zagotavlja doseg 20 km.[\/vc_column_text][\/vc_column_inner][vc_column_inner width=&#8221;1\/3&#8243;][vc_single_image image=&#8221;6421&#8243;][vc_column_text]<\/p>\n<h4>Univerzalno oblikovanje<\/h4>\n<p>Nastavljive funkcije so intuitivno zasnovane za enostavno upravljanje in barvno kodirane z izrazito svetlo barvo.[\/vc_column_text][\/vc_column_inner][\/vc_row_inner][vc_empty_space height=&#8221;40px&#8221;][vc_row_inner][vc_column_inner width=&#8221;1\/3&#8243;][vc_single_image image=&#8221;6434&#8243;][vc_column_text]<\/p>\n<h4>Snemljive odklopne opore za noge<\/h4>\n<p>Omogo\u010da enostavno preme\u0161\u010danje v invalidski vozi\u010dek in iz njega ter odstranitev brez orodja. Vi\u0161ina podno\u017eja je nastavljiva od 39 cm do 51 cm.[\/vc_column_text][\/vc_column_inner][vc_column_inner width=&#8221;1\/3&#8243;][vc_single_image image=&#8221;6432&#8243;][vc_column_text]<\/p>\n<h4>Odobreno za preizkus tr\u010denja<\/h4>\n<p>eFlexx je odobren za prevoz v skladu s standardom ISO 7176-19. To pomeni, da je primeren za uporabo kot sede\u017e v motornem vozilu za prevoz.[\/vc_column_text]\t\r\n\t\t<a href=\"https:\/\/www.youtube.com\/watch?v=eIDilMzqt3E\" target=\"\" class=\"btn btn-primary btn-lg \" id=\"\">\r\n    Testni video<\/a>\r\n\r\n\t\t[\/vc_column_inner][vc_column_inner width=&#8221;1\/3&#8243;][vc_single_image image=&#8221;6430&#8243;][vc_column_text]<\/p>\n<h4>Barva okvirja<\/h4>\n<p>Srebrno\/\u010drna[\/vc_column_text][\/vc_column_inner][\/vc_row_inner][vc_empty_space height=&#8221;40px&#8221;][\/vc_column][\/vc_row][vc_row full_width=&#8221;stretch_row&#8221; css=&#8221;.vc_custom_1747141502648{background-color: #f8f9fa !important;}&#8221;][vc_column][vc_empty_space height=&#8221;40px&#8221;][vc_row_inner][vc_column_inner width=&#8221;1\/4&#8243;][vc_column_text]<\/p>\n<h4>Zlo\u017eljivi nasloni za roke<\/h4>\n<p>Omogo\u010da enostavno vstopanje in izstopanje iz invalidskega vozi\u010dka ali pribli\u017eevanje mizi. Vi\u0161ina naslona za roke je nastavljiva od 23 cm do 29 cm.[\/vc_column_text][\/vc_column_inner][vc_column_inner width=&#8221;1\/4&#8243;][vc_single_image image=&#8221;6423&#8243; title=&#8221;Obrnite nazaj&#8221;][\/vc_column_inner][vc_column_inner width=&#8221;1\/4&#8243;][vc_single_image image=&#8221;6425&#8243; title=&#8221;Nastavljiva vi\u0161ina&#8221;][\/vc_column_inner][vc_column_inner width=&#8221;1\/4&#8243;][vc_single_image image=&#8221;6427&#8243; title=&#8221;Blizu mize&#8221;][\/vc_column_inner][\/vc_row_inner][vc_empty_space height=&#8221;40px&#8221;][\/vc_column][\/vc_row][vc_row][vc_column][vc_empty_space height=&#8221;40px&#8221;][vc_column_text]<\/p>\n<h3>Dodatna oprema<\/h3>\n<p>[\/vc_column_text][vc_row_inner][vc_column_inner width=&#8221;1\/3&#8243;][vc_single_image image=&#8221;6436&#8243; alignment=&#8221;center&#8221;][vc_column_text]<\/p>\n<h4 style=\"text-align: center\">Pokrov krmilnika<\/h4>\n<p>[\/vc_column_text][\/vc_column_inner][vc_column_inner width=&#8221;1\/3&#8243;][vc_single_image image=&#8221;6440&#8243; alignment=&#8221;center&#8221;][vc_column_text]<\/p>\n<h4 style=\"text-align: center\">USB polnilnik<\/h4>\n<p>[\/vc_column_text][\/vc_column_inner][vc_column_inner width=&#8221;1\/3&#8243;][vc_single_image image=&#8221;6438&#8243; alignment=&#8221;center&#8221;][vc_column_text]<\/p>\n<h4 style=\"text-align: center\">Za\u0161\u010dita igralne palice<\/h4>\n<p>[\/vc_column_text][\/vc_column_inner][\/vc_row_inner][vc_empty_space height=&#8221;40px&#8221;][\/vc_column][\/vc_row]<\/p>\n<\/div>","protected":false},"excerpt":{"rendered":"<p><strong>Potujte svobodno in lahkotno.<\/strong><\/p>\n<p>eFlexx (EFL) je zlo\u017eljiv elektri\u010dni invalidski vozi\u010dek, ki se prilega v prtlja\u017enik manj\u0161ih avtomobilov. Ta elektri\u010dni vozi\u010dek je idealen za uporabnike, ki \u017eivijo na obmo\u010dju, kjer prevoz za invalidske vozi\u010dke ni na voljo. Baterija je skladna s predpisom UN38.3, zaradi \u010desar je to popoln elektri\u010dni vozi\u010dek za potovanja v tujino.<\/p>\n","protected":false},"featured_media":6415,"comment_status":"closed","ping_status":"closed","template":"","meta":[],"product_brand":[],"product_cat":[222,35],"product_tag":[309,116,117,137,196,308,254,194,310],"class_list":{"0":"post-6414","1":"product","2":"type-product","3":"status-publish","4":"has-post-thumbnail","6":"product_cat-invalidski-vozicki-in-skuterji","7":"product_cat-invalidski-vozicki-na-elektromotorni-pogon","8":"product_tag-eflexx","9":"product_tag-elektricni","10":"product_tag-elektromotorni","11":"product_tag-elektromotorni-vozicek","12":"product_tag-karma","13":"product_tag-karma-medical","14":"product_tag-lahki","15":"product_tag-vozicek","16":"product_tag-zlozljiv","18":"first","19":"onbackorder","20":"taxable","21":"shipping-taxable","22":"product-type-simple"},"yoast_head":"<!-- This site is optimized with the Yoast SEO plugin v24.0 - https:\/\/yoast.com\/wordpress\/plugins\/seo\/ -->\n<title>Elektri\u010dni invalidski vozi\u010dek eFLEXX - Mi Vam<\/title>\n<meta name=\"description\" content=\"Potujte svobodno in lahkotno.  eFlexx (EFL) je zlo\u017eljiv elektri\u010dni invalidski vozi\u010dek, ki se prilega v prtlja\u017enik manj\u0161ih avtomobilov. Ta elektri\u010dni vozi\u010dek je idealen za uporabnike, ki \u017eivijo na obmo\u010dju, kjer prevoz za invalidske vozi\u010dke ni na voljo. Baterija je skladna s predpisom UN38.3, zaradi \u010desar je to popoln elektri\u010dni vozi\u010dek za potovanja v tujino.\" \/>\n<meta name=\"robots\" content=\"index, follow, max-snippet:-1, max-image-preview:large, max-video-preview:-1\" \/>\n<link rel=\"canonical\" href=\"https:\/\/www.mivam.com\/izdelek\/elektricni-invalidski-vozicek-eflexx\/\" \/>\n<meta property=\"og:locale\" content=\"en_US\" \/>\n<meta property=\"og:type\" content=\"article\" \/>\n<meta property=\"og:title\" content=\"Elektri\u010dni invalidski vozi\u010dek eFLEXX - Mi Vam\" \/>\n<meta property=\"og:description\" content=\"Potujte svobodno in lahkotno.  eFlexx (EFL) je zlo\u017eljiv elektri\u010dni invalidski vozi\u010dek, ki se prilega v prtlja\u017enik manj\u0161ih avtomobilov. Ta elektri\u010dni vozi\u010dek je idealen za uporabnike, ki \u017eivijo na obmo\u010dju, kjer prevoz za invalidske vozi\u010dke ni na voljo. Baterija je skladna s predpisom UN38.3, zaradi \u010desar je to popoln elektri\u010dni vozi\u010dek za potovanja v tujino.\" \/>\n<meta property=\"og:url\" content=\"https:\/\/www.mivam.com\/izdelek\/elektricni-invalidski-vozicek-eflexx\/\" \/>\n<meta property=\"og:site_name\" content=\"Mi Vam\" \/>\n<meta property=\"article:modified_time\" content=\"2025-06-19T03:53:21+00:00\" \/>\n<meta property=\"og:image\" content=\"https:\/\/www.mivam.com\/wp-content\/uploads\/2025\/05\/1050-960_eflexx-big-2.webp\" \/>\n\t<meta property=\"og:image:width\" content=\"1050\" \/>\n\t<meta property=\"og:image:height\" content=\"960\" \/>\n\t<meta property=\"og:image:type\" content=\"image\/webp\" \/>\n<meta name=\"twitter:card\" content=\"summary_large_image\" \/>\n<meta name=\"twitter:label1\" content=\"Est. reading time\" \/>\n\t<meta name=\"twitter:data1\" content=\"2 minutes\" \/>\n<script type=\"application\/ld+json\" class=\"yoast-schema-graph\">{\"@context\":\"https:\/\/schema.org\",\"@graph\":[{\"@type\":\"WebPage\",\"@id\":\"https:\/\/www.mivam.com\/izdelek\/elektricni-invalidski-vozicek-eflexx\/\",\"url\":\"https:\/\/www.mivam.com\/izdelek\/elektricni-invalidski-vozicek-eflexx\/\",\"name\":\"Elektri\u010dni invalidski vozi\u010dek eFLEXX - Mi Vam\",\"isPartOf\":{\"@id\":\"https:\/\/www.mivam.com\/#website\"},\"primaryImageOfPage\":{\"@id\":\"https:\/\/www.mivam.com\/izdelek\/elektricni-invalidski-vozicek-eflexx\/#primaryimage\"},\"image\":{\"@id\":\"https:\/\/www.mivam.com\/izdelek\/elektricni-invalidski-vozicek-eflexx\/#primaryimage\"},\"thumbnailUrl\":\"https:\/\/www.mivam.com\/wp-content\/uploads\/2025\/05\/1050-960_eflexx-big-2.webp\",\"datePublished\":\"2025-05-13T12:52:09+00:00\",\"dateModified\":\"2025-06-19T03:53:21+00:00\",\"description\":\"Potujte svobodno in lahkotno. eFlexx (EFL) je zlo\u017eljiv elektri\u010dni invalidski vozi\u010dek, ki se prilega v prtlja\u017enik manj\u0161ih avtomobilov. Ta elektri\u010dni vozi\u010dek je idealen za uporabnike, ki \u017eivijo na obmo\u010dju, kjer prevoz za invalidske vozi\u010dke ni na voljo. Baterija je skladna s predpisom UN38.3, zaradi \u010desar je to popoln elektri\u010dni vozi\u010dek za potovanja v tujino.\",\"breadcrumb\":{\"@id\":\"https:\/\/www.mivam.com\/izdelek\/elektricni-invalidski-vozicek-eflexx\/#breadcrumb\"},\"inLanguage\":\"en-US\",\"potentialAction\":[{\"@type\":\"ReadAction\",\"target\":[\"https:\/\/www.mivam.com\/izdelek\/elektricni-invalidski-vozicek-eflexx\/\"]}]},{\"@type\":\"ImageObject\",\"inLanguage\":\"en-US\",\"@id\":\"https:\/\/www.mivam.com\/izdelek\/elektricni-invalidski-vozicek-eflexx\/#primaryimage\",\"url\":\"https:\/\/www.mivam.com\/wp-content\/uploads\/2025\/05\/1050-960_eflexx-big-2.webp\",\"contentUrl\":\"https:\/\/www.mivam.com\/wp-content\/uploads\/2025\/05\/1050-960_eflexx-big-2.webp\",\"width\":1050,\"height\":960},{\"@type\":\"BreadcrumbList\",\"@id\":\"https:\/\/www.mivam.com\/izdelek\/elektricni-invalidski-vozicek-eflexx\/#breadcrumb\",\"itemListElement\":[{\"@type\":\"ListItem\",\"position\":1,\"name\":\"Domov\",\"item\":\"https:\/\/www.mivam.com\/\"},{\"@type\":\"ListItem\",\"position\":2,\"name\":\"Shop\",\"item\":\"https:\/\/www.mivam.com\/en\/shop\/\"},{\"@type\":\"ListItem\",\"position\":3,\"name\":\"Invalidski vozi\u010dki in skuterji\",\"item\":\"https:\/\/www.mivam.com\/kategorija-izdelka\/invalidski-vozicki-in-skuterji\/\"},{\"@type\":\"ListItem\",\"position\":4,\"name\":\"Elektri\u010dni invalidski vozi\u010dek eFLEXX\"}]},{\"@type\":\"WebSite\",\"@id\":\"https:\/\/www.mivam.com\/#website\",\"url\":\"https:\/\/www.mivam.com\/\",\"name\":\"Mi Vam\",\"description\":\"Medicinski pripomo\u010dki in re\u0161itve za manj odvisno \u017eivljenje.\",\"potentialAction\":[{\"@type\":\"SearchAction\",\"target\":{\"@type\":\"EntryPoint\",\"urlTemplate\":\"https:\/\/www.mivam.com\/?s={search_term_string}\"},\"query-input\":{\"@type\":\"PropertyValueSpecification\",\"valueRequired\":true,\"valueName\":\"search_term_string\"}}],\"inLanguage\":\"en-US\"}]}<\/script>\n<!-- \/ Yoast SEO plugin. -->","yoast_head_json":{"title":"Elektri\u010dni invalidski vozi\u010dek eFLEXX - Mi Vam","description":"Potujte svobodno in lahkotno.  eFlexx (EFL) je zlo\u017eljiv elektri\u010dni invalidski vozi\u010dek, ki se prilega v prtlja\u017enik manj\u0161ih avtomobilov. Ta elektri\u010dni vozi\u010dek je idealen za uporabnike, ki \u017eivijo na obmo\u010dju, kjer prevoz za invalidske vozi\u010dke ni na voljo. Baterija je skladna s predpisom UN38.3, zaradi \u010desar je to popoln elektri\u010dni vozi\u010dek za potovanja v tujino.","robots":{"index":"index","follow":"follow","max-snippet":"max-snippet:-1","max-image-preview":"max-image-preview:large","max-video-preview":"max-video-preview:-1"},"canonical":"https:\/\/www.mivam.com\/izdelek\/elektricni-invalidski-vozicek-eflexx\/","og_locale":"en_US","og_type":"article","og_title":"Elektri\u010dni invalidski vozi\u010dek eFLEXX - Mi Vam","og_description":"Potujte svobodno in lahkotno.  eFlexx (EFL) je zlo\u017eljiv elektri\u010dni invalidski vozi\u010dek, ki se prilega v prtlja\u017enik manj\u0161ih avtomobilov. Ta elektri\u010dni vozi\u010dek je idealen za uporabnike, ki \u017eivijo na obmo\u010dju, kjer prevoz za invalidske vozi\u010dke ni na voljo. Baterija je skladna s predpisom UN38.3, zaradi \u010desar je to popoln elektri\u010dni vozi\u010dek za potovanja v tujino.","og_url":"https:\/\/www.mivam.com\/izdelek\/elektricni-invalidski-vozicek-eflexx\/","og_site_name":"Mi Vam","article_modified_time":"2025-06-19T03:53:21+00:00","og_image":[{"width":1050,"height":960,"url":"https:\/\/www.mivam.com\/wp-content\/uploads\/2025\/05\/1050-960_eflexx-big-2.webp","type":"image\/webp"}],"twitter_card":"summary_large_image","twitter_misc":{"Est. reading time":"2 minutes"},"schema":{"@context":"https:\/\/schema.org","@graph":[{"@type":"WebPage","@id":"https:\/\/www.mivam.com\/izdelek\/elektricni-invalidski-vozicek-eflexx\/","url":"https:\/\/www.mivam.com\/izdelek\/elektricni-invalidski-vozicek-eflexx\/","name":"Elektri\u010dni invalidski vozi\u010dek eFLEXX - Mi Vam","isPartOf":{"@id":"https:\/\/www.mivam.com\/#website"},"primaryImageOfPage":{"@id":"https:\/\/www.mivam.com\/izdelek\/elektricni-invalidski-vozicek-eflexx\/#primaryimage"},"image":{"@id":"https:\/\/www.mivam.com\/izdelek\/elektricni-invalidski-vozicek-eflexx\/#primaryimage"},"thumbnailUrl":"https:\/\/www.mivam.com\/wp-content\/uploads\/2025\/05\/1050-960_eflexx-big-2.webp","datePublished":"2025-05-13T12:52:09+00:00","dateModified":"2025-06-19T03:53:21+00:00","description":"Potujte svobodno in lahkotno. eFlexx (EFL) je zlo\u017eljiv elektri\u010dni invalidski vozi\u010dek, ki se prilega v prtlja\u017enik manj\u0161ih avtomobilov. Ta elektri\u010dni vozi\u010dek je idealen za uporabnike, ki \u017eivijo na obmo\u010dju, kjer prevoz za invalidske vozi\u010dke ni na voljo. Baterija je skladna s predpisom UN38.3, zaradi \u010desar je to popoln elektri\u010dni vozi\u010dek za potovanja v tujino.","breadcrumb":{"@id":"https:\/\/www.mivam.com\/izdelek\/elektricni-invalidski-vozicek-eflexx\/#breadcrumb"},"inLanguage":"en-US","potentialAction":[{"@type":"ReadAction","target":["https:\/\/www.mivam.com\/izdelek\/elektricni-invalidski-vozicek-eflexx\/"]}]},{"@type":"ImageObject","inLanguage":"en-US","@id":"https:\/\/www.mivam.com\/izdelek\/elektricni-invalidski-vozicek-eflexx\/#primaryimage","url":"https:\/\/www.mivam.com\/wp-content\/uploads\/2025\/05\/1050-960_eflexx-big-2.webp","contentUrl":"https:\/\/www.mivam.com\/wp-content\/uploads\/2025\/05\/1050-960_eflexx-big-2.webp","width":1050,"height":960},{"@type":"BreadcrumbList","@id":"https:\/\/www.mivam.com\/izdelek\/elektricni-invalidski-vozicek-eflexx\/#breadcrumb","itemListElement":[{"@type":"ListItem","position":1,"name":"Domov","item":"https:\/\/www.mivam.com\/"},{"@type":"ListItem","position":2,"name":"Shop","item":"https:\/\/www.mivam.com\/en\/shop\/"},{"@type":"ListItem","position":3,"name":"Invalidski vozi\u010dki in skuterji","item":"https:\/\/www.mivam.com\/kategorija-izdelka\/invalidski-vozicki-in-skuterji\/"},{"@type":"ListItem","position":4,"name":"Elektri\u010dni invalidski vozi\u010dek eFLEXX"}]},{"@type":"WebSite","@id":"https:\/\/www.mivam.com\/#website","url":"https:\/\/www.mivam.com\/","name":"Mi Vam","description":"Medicinski pripomo\u010dki in re\u0161itve za manj odvisno \u017eivljenje.","potentialAction":[{"@type":"SearchAction","target":{"@type":"EntryPoint","urlTemplate":"https:\/\/www.mivam.com\/?s={search_term_string}"},"query-input":{"@type":"PropertyValueSpecification","valueRequired":true,"valueName":"search_term_string"}}],"inLanguage":"en-US"}]}},"_links":{"self":[{"href":"https:\/\/www.mivam.com\/en\/wp-json\/wp\/v2\/product\/6414","targetHints":{"allow":["GET"]}}],"collection":[{"href":"https:\/\/www.mivam.com\/en\/wp-json\/wp\/v2\/product"}],"about":[{"href":"https:\/\/www.mivam.com\/en\/wp-json\/wp\/v2\/types\/product"}],"replies":[{"embeddable":true,"href":"https:\/\/www.mivam.com\/en\/wp-json\/wp\/v2\/comments?post=6414"}],"wp:featuredmedia":[{"embeddable":true,"href":"https:\/\/www.mivam.com\/en\/wp-json\/wp\/v2\/media\/6415"}],"wp:attachment":[{"href":"https:\/\/www.mivam.com\/en\/wp-json\/wp\/v2\/media?parent=6414"}],"wp:term":[{"taxonomy":"product_brand","embeddable":true,"href":"https:\/\/www.mivam.com\/en\/wp-json\/wp\/v2\/product_brand?post=6414"},{"taxonomy":"product_cat","embeddable":true,"href":"https:\/\/www.mivam.com\/en\/wp-json\/wp\/v2\/product_cat?post=6414"},{"taxonomy":"product_tag","embeddable":true,"href":"https:\/\/www.mivam.com\/en\/wp-json\/wp\/v2\/product_tag?post=6414"}],"curies":[{"name":"wp","href":"https:\/\/api.w.org\/{rel}","templated":true}]}}