{"id":6360,"date":"2025-05-13T13:08:17","date_gmt":"2025-05-13T11:08:17","guid":{"rendered":"https:\/\/pisarna.novisplet.com\/dev2\/mivam_old\/?post_type=product&#038;p=6360"},"modified":"2025-06-19T05:54:38","modified_gmt":"2025-06-19T03:54:38","slug":"elektricni-invalidski-vozicek-morgan-m-lectus","status":"publish","type":"product","link":"https:\/\/www.mivam.com\/en\/izdelek\/elektricni-invalidski-vozicek-morgan-m-lectus\/","title":{"rendered":"Elektri\u010dni invalidski vozi\u010dek MORGAN M LECTUS"},"content":{"rendered":"<div class=\"wpb-content-wrapper\"><p>[vc_row][vc_column][vc_empty_space height=&#8221;40px&#8221;][vc_row_inner][vc_column_inner width=&#8221;1\/6&#8243;][\/vc_column_inner][vc_column_inner width=&#8221;2\/3&#8243;][vc_video link=&#8221;https:\/\/www.youtube.com\/watch?v=H70VgJge5GE&#8221;][vc_column_text]<\/p>\n<h4>\u0160estkolesni neodvisni sistem vzmetenja<\/h4>\n<p>Neodvisno vzmetenje Morgan M,\u00a0ki se lahko vzpenja \u010dez ovire do\u00a075 mm\u00a0in obvladuje gladke klance z naklonom do\u00a012 stopinj , ponuja izjemno vozno zmogljivost na neravnih povr\u0161inah.[\/vc_column_text][\/vc_column_inner][vc_column_inner width=&#8221;1\/6&#8243;][\/vc_column_inner][\/vc_row_inner][vc_empty_space height=&#8221;40px&#8221;][vc_column_text]<\/p>\n<h3 style=\"text-align: left\">\u0160asija &#8211; Morgan M Chassis s pogonom na sredino kolesa<\/h3>\n<p>[\/vc_column_text][vc_row_inner][vc_column_inner width=&#8221;1\/4&#8243;][vc_single_image image=&#8221;6390&#8243;][vc_column_text]<\/p>\n<div class=\"elementor-element elementor-element-263f1fe5 elementor-widget elementor-widget-heading\" data-id=\"263f1fe5\" data-element_type=\"widget\" data-widget_type=\"heading.default\">\n<div class=\"elementor-widget-container\">\n<h4>Vrhunska zmogljivost v zaprtih prostorih in na prostem<\/h4>\n<p>Tihi, a zmogljivi motorji Morgana M zagotavljajo neverjetno zmogljivost na prostem, saj v kombinaciji s sede\u017eem Lectus ponujajo doseg 33 km* in najve\u010djo hitrost 12 km\/h. Za uporabo v zaprtih prostorih ozka skupna \u0161irina 600 mm in majhen polmer obra\u010danja naredita Morgan M okretnega navigatorja.<\/p>\n<\/div>\n<\/div>\n<p>[\/vc_column_text][\/vc_column_inner][vc_column_inner width=&#8221;1\/4&#8243;][vc_single_image image=&#8221;6392&#8243;][vc_column_text]<\/p>\n<div class=\"elementor-element elementor-element-263f1fe5 elementor-widget elementor-widget-heading\" data-id=\"263f1fe5\" data-element_type=\"widget\" data-widget_type=\"heading.default\">\n<div class=\"elementor-widget-container\">\n<h4>Razli\u010dne mo\u017enosti<\/h4>\n<p>Akumulatorska \u0161katla Morgan M je zdru\u017eljiva z baterijami do 80 Ah za maksimiranje vsakodnevnih potovanj.<\/p>\n<p>LED lu\u010di zagotavljajo varno vo\u017enjo pono\u010di.<\/p>\n<\/div>\n<\/div>\n<p>[\/vc_column_text][\/vc_column_inner][vc_column_inner width=&#8221;1\/4&#8243;][vc_single_image image=&#8221;6394&#8243;][vc_column_text]<\/p>\n<h4>Sistem sede\u017eev &#8211; Visoko prilagodljiv rehabilitacijski sede\u017e \u2013 Lectus<\/h4>\n<p>Majhne prilagoditve lahko pomenijo velike izbolj\u0161ave za uporabnikovo dobro po\u010dutje. Pri razvoju Lectusa je bil glavni poudarek na izbolj\u0161anju enostavnosti nastavitve in vzdr\u017eevanja. Serviserji lahko na primer pove\u010dajo globino sede\u017ea, ne da bi dodali dodatne komponente, kot so pre\u010dne palice.[\/vc_column_text][\/vc_column_inner][vc_column_inner width=&#8221;1\/4&#8243;][vc_single_image image=&#8221;6396&#8243;][vc_column_text]<\/p>\n<div class=\"elementor-element elementor-element-263f1fe5 elementor-widget elementor-widget-heading\" data-id=\"263f1fe5\" data-element_type=\"widget\" data-widget_type=\"heading.default\">\n<div class=\"elementor-widget-container\">\n<h4>Sprostitev na enostaven na\u010din<\/h4>\n<p>Biomehanski elektri\u010dni nagib in dvignjena opora za noge delujeta sinhronizirano, kar uporabnikom omogo\u010da, da se popolnoma ule\u017eejo, da se sprostijo ali pripravijo na premik na hrbtu.<\/p>\n<\/div>\n<\/div>\n<p>[\/vc_column_text][\/vc_column_inner][\/vc_row_inner][vc_empty_space height=&#8221;40px&#8221;][vc_column_text]<\/p>\n<h3 style=\"text-align: left\">Funkcije pozicioniranja z mo\u010djo<\/h3>\n<p>[\/vc_column_text][vc_row_inner][vc_column_inner width=&#8221;1\/4&#8243;][vc_single_image image=&#8221;6376&#8243;][vc_column_text]<\/p>\n<h4>45\u00b0 nagib v prostoru<\/h4>\n<p>Sistem nagiba te\u017ei\u0161\u010da zagotavlja razbremenitev pritiska in visoko stopnjo udobja. Nagib se lahko uporabi tudi pri vo\u017enji po klancu navzdol za kompenzacijo negativnega kota sede\u017ea. To zagotavlja varnej\u0161i in stabilnej\u0161i polo\u017eaj sedenja.[\/vc_column_text][\/vc_column_inner][vc_column_inner width=&#8221;1\/4&#8243;][vc_single_image image=&#8221;6378&#8243;][vc_column_text]<\/p>\n<div class=\"elementor-element elementor-element-263f1fe5 elementor-widget elementor-widget-heading\" data-id=\"263f1fe5\" data-element_type=\"widget\" data-widget_type=\"heading.default\">\n<div class=\"elementor-widget-container\">\n<h4>177\u00b0 biomehanski nagib<\/h4>\n<p>Zagotovite pasivni obseg gibanja bokov in pove\u010dajte toleranco sedenja.<\/p>\n<\/div>\n<\/div>\n<p>[\/vc_column_text][\/vc_column_inner][vc_column_inner width=&#8221;1\/4&#8243;][vc_single_image image=&#8221;6380&#8243;][vc_column_text]<\/p>\n<div class=\"elementor-element elementor-element-263f1fe5 elementor-widget elementor-widget-heading\" data-id=\"263f1fe5\" data-element_type=\"widget\" data-widget_type=\"heading.default\">\n<div class=\"elementor-widget-container\">\n<h4>173\u00b0 biomehanski dvi\u017eni naslon za noge<\/h4>\n<p>Ko se dvignejo, se samodejno podalj\u0161ajo, kar zmanj\u0161a pritisk na koleno in zagotavlja udobje ter stabilnost.<\/p>\n<\/div>\n<\/div>\n<p>[\/vc_column_text][\/vc_column_inner][vc_column_inner width=&#8221;1\/4&#8243;][vc_single_image image=&#8221;6382&#8243;][vc_column_text]<\/p>\n<div class=\"elementor-element elementor-element-263f1fe5 elementor-widget elementor-widget-heading\" data-id=\"263f1fe5\" data-element_type=\"widget\" data-widget_type=\"heading.default\">\n<div class=\"elementor-widget-container\">\n<h4>300 mm dviga<\/h4>\n<p>300 mm dviga sede\u017ea uporabnikom omogo\u010da interakcijo s svetom okoli sebe.<\/p>\n<\/div>\n<\/div>\n<p>[\/vc_column_text][\/vc_column_inner][\/vc_row_inner][vc_empty_space height=&#8221;40px&#8221;][vc_column_text]<\/p>\n<h3>\u0160iroka paleta mo\u017enosti in dodatkov<\/h3>\n<p>[\/vc_column_text][vc_row_inner][vc_column_inner width=&#8221;1\/3&#8243;][vc_single_image image=&#8221;6398&#8243;][vc_column_text]<\/p>\n<h4>Vzglavnik<\/h4>\n<ul>\n<li>Vzglavnik Lectus<\/li>\n<li>oblikovan vzglavnik<\/li>\n<li>ve\u010dnamenska nastavljiva<\/li>\n<li>tirnica za vzglavnik<\/li>\n<\/ul>\n<p>[\/vc_column_text][\/vc_column_inner][vc_column_inner width=&#8221;1\/3&#8243;][vc_single_image image=&#8221;6402&#8243;][vc_column_text]<\/p>\n<div class=\"elementor-element elementor-element-263f1fe5 elementor-widget elementor-widget-heading\" data-id=\"263f1fe5\" data-element_type=\"widget\" data-widget_type=\"heading.default\">\n<div class=\"elementor-widget-container\">\n<h4>Podpora<\/h4>\n<ul>\n<li>Podpora<\/li>\n<li>Stranski podporni klini<\/li>\n<li>Ledvena opora<\/li>\n<li>Deep Contour stranske plo\u0161\u010de Bo\u010dne<\/li>\n<li>opore Opornice za<\/li>\n<li>kolke Opornica za kolena<\/li>\n<li>Opornice za me\u010da<\/li>\n<li>Nastavljiva<\/li>\n<li>pre\u010dka za oporo prsnega ko\u0161a<\/li>\n<li>za stranske opore<\/li>\n<\/ul>\n<\/div>\n<\/div>\n<p>[\/vc_column_text][\/vc_column_inner][vc_column_inner width=&#8221;1\/3&#8243;][vc_single_image image=&#8221;6400&#8243;][vc_column_text]<\/p>\n<div class=\"elementor-element elementor-element-263f1fe5 elementor-widget elementor-widget-heading\" data-id=\"263f1fe5\" data-element_type=\"widget\" data-widget_type=\"heading.default\">\n<div class=\"elementor-widget-container\">\n<h4>Kontarolnik in tabela<\/h4>\n<ul>\n<li>Krmilnik za oskrbovalce CJSM, vzvod<\/li>\n<li>Stikalna omarica s 5 gumbi Pomnilni\u0161ki<\/li>\n<li>gumb Funkcijski gumb<\/li>\n<li>Pladenj \/s centralno name\u0161\u010denim dvi\u017enim krmilnikom<\/li>\n<li>Nosilec krmilnika<\/li>\n<li>Za\u0161\u010dita krmilne palice<\/li>\n<\/ul>\n<\/div>\n<\/div>\n<p>[\/vc_column_text][\/vc_column_inner][\/vc_row_inner][vc_empty_space height=&#8221;40px&#8221;][vc_row_inner][vc_column_inner width=&#8221;1\/3&#8243;][vc_single_image image=&#8221;6404&#8243;][vc_column_text]<\/p>\n<h4>Nasloni za roke<\/h4>\n<p>Teleskopski naslon za roke, zama\u0161ki za komolce[\/vc_column_text][\/vc_column_inner][vc_column_inner width=&#8221;1\/3&#8243;][vc_single_image image=&#8221;6406&#8243;][vc_column_text]<\/p>\n<h4>Pozicijski pasovi<\/h4>\n<ul>\n<li>Prsni pas<\/li>\n<li>Pas za pozicioniranje medenice<\/li>\n<li>Pas za pozicioniranje medenice<\/li>\n<\/ul>\n<p>[\/vc_column_text][\/vc_column_inner][vc_column_inner width=&#8221;1\/3&#8243;][vc_single_image image=&#8221;6408&#8243;][vc_column_text]<\/p>\n<h4>Nasloni za noge<\/h4>\n<ul>\n<li>Srednje name\u0161\u010dena podno\u017ena plo\u0161\u010da, enodelna<\/li>\n<li>opora za amputirane osebe<\/li>\n<li>Oporna blazinica za amputirane osebe<\/li>\n<\/ul>\n<p>[\/vc_column_text][\/vc_column_inner][\/vc_row_inner][vc_empty_space height=&#8221;40px&#8221;][vc_row_inner][vc_column_inner width=&#8221;1\/3&#8243;][vc_single_image image=&#8221;6410&#8243;][vc_column_text]<\/p>\n<h4>Drugi dodatki<\/h4>\n<ul>\n<li>Ro\u010daji za potiskanje<\/li>\n<li>Kavlji za nahrbtnik<\/li>\n<li>Pladenj Miza<\/li>\n<li>\u017diroskop<\/li>\n<\/ul>\n<p>[\/vc_column_text][\/vc_column_inner][vc_column_inner width=&#8221;1\/3&#8243;][vc_single_image image=&#8221;6412&#8243;][vc_column_text]<\/p>\n<h4>Smernice za vzmetenje Morgana M.<\/h4>\n<p>KARMA Morgan M ima nastavljivo vzmetenje, ki vam omogo\u010da, da prilagodite njegovo delovanje za plezanje po pobo\u010djih in premagovanje ovir. S pomo\u010djo tega priro\u010dnika vam lahko poobla\u0161\u010deni distributer ali prodajalec pomaga pri optimizaciji nastavitev va\u0161ega elektri\u010dnega invalidskega vozi\u010dka Morgan M.[\/vc_column_text][\/vc_column_inner][vc_column_inner width=&#8221;1\/3&#8243;][\/vc_column_inner][\/vc_row_inner][vc_empty_space height=&#8221;40px&#8221;][\/vc_column][\/vc_row]<\/p>\n<\/div>","protected":false},"excerpt":{"rendered":"<p><strong>Najbolj\u0161i v svojem razredu, pogon na sredinska kolesa.<\/strong><\/p>\n<p>Kjer se napredno vzmetenje sre\u010da z biomehansko zasnovo, je udobje zagotovljeno. Morgan M Lectus je vrhunski model v dru\u017eini Morgan M, ki ponuja neprekosljivo vozno zmogljivost in dostop do celotnega nabora kompleksnih mo\u017enosti rehabilitacije prek nagrajenega sede\u017ea Lectus.<\/p>\n<p><span style=\"color: #99cc00\">Na voljo tudi preko naro\u010dilnice ZZZS 0533, 0534 in 0535.<\/span><\/p>\n","protected":false},"featured_media":6365,"comment_status":"closed","ping_status":"closed","template":"","meta":[],"product_brand":[],"product_cat":[222,35],"product_tag":[202,203,204,116,117,137,196,308,305,307,304,306,194],"class_list":{"0":"post-6360","1":"product","2":"type-product","3":"status-publish","4":"has-post-thumbnail","6":"product_cat-invalidski-vozicki-in-skuterji","7":"product_cat-invalidski-vozicki-na-elektromotorni-pogon","8":"product_tag-202","9":"product_tag-203","10":"product_tag-204","11":"product_tag-elektricni","12":"product_tag-elektromotorni","13":"product_tag-elektromotorni-vozicek","14":"product_tag-karma","15":"product_tag-karma-medical","16":"product_tag-lectus","17":"product_tag-leon","18":"product_tag-morgan","19":"product_tag-morgan-lectus","20":"product_tag-vozicek","22":"first","23":"onbackorder","24":"taxable","25":"shipping-taxable","26":"product-type-simple"},"yoast_head":"<!-- This site is optimized with the Yoast SEO plugin v24.0 - https:\/\/yoast.com\/wordpress\/plugins\/seo\/ -->\n<title>Elektri\u010dni invalidski vozi\u010dek MORGAN M LECTUS - Mi Vam<\/title>\n<meta name=\"description\" content=\"Najbolj\u0161i v svojem razredu, pogon na sredinska kolesa.  Kjer se napredno vzmetenje sre\u010da z biomehansko zasnovo, je udobje zagotovljeno. Morgan M Lectus je vrhunski model v dru\u017eini Morgan M, ki ponuja neprekosljivo vozno zmogljivost in dostop do celotnega nabora kompleksnih mo\u017enosti rehabilitacije prek nagrajenega sede\u017ea Lectus.  Na voljo tudi preko naro\u010dilnice ZZZS 0533, 0534 in 0535.\" \/>\n<meta name=\"robots\" content=\"index, follow, max-snippet:-1, max-image-preview:large, max-video-preview:-1\" \/>\n<link rel=\"canonical\" href=\"https:\/\/www.mivam.com\/izdelek\/elektricni-invalidski-vozicek-morgan-m-lectus\/\" \/>\n<meta property=\"og:locale\" content=\"en_US\" \/>\n<meta property=\"og:type\" content=\"article\" \/>\n<meta property=\"og:title\" content=\"Elektri\u010dni invalidski vozi\u010dek MORGAN M LECTUS - Mi Vam\" \/>\n<meta property=\"og:description\" content=\"Najbolj\u0161i v svojem razredu, pogon na sredinska kolesa.  Kjer se napredno vzmetenje sre\u010da z biomehansko zasnovo, je udobje zagotovljeno. Morgan M Lectus je vrhunski model v dru\u017eini Morgan M, ki ponuja neprekosljivo vozno zmogljivost in dostop do celotnega nabora kompleksnih mo\u017enosti rehabilitacije prek nagrajenega sede\u017ea Lectus.  Na voljo tudi preko naro\u010dilnice ZZZS 0533, 0534 in 0535.\" \/>\n<meta property=\"og:url\" content=\"https:\/\/www.mivam.com\/izdelek\/elektricni-invalidski-vozicek-morgan-m-lectus\/\" \/>\n<meta property=\"og:site_name\" content=\"Mi Vam\" \/>\n<meta property=\"article:modified_time\" content=\"2025-06-19T03:54:38+00:00\" \/>\n<meta property=\"og:image\" content=\"https:\/\/www.mivam.com\/wp-content\/uploads\/2025\/05\/morganm-lectus-s-1050x960-1.png\" \/>\n\t<meta property=\"og:image:width\" content=\"1050\" \/>\n\t<meta property=\"og:image:height\" content=\"960\" \/>\n\t<meta property=\"og:image:type\" content=\"image\/png\" \/>\n<meta name=\"twitter:card\" content=\"summary_large_image\" \/>\n<meta name=\"twitter:label1\" content=\"Est. reading time\" \/>\n\t<meta name=\"twitter:data1\" content=\"4 minutes\" \/>\n<script type=\"application\/ld+json\" class=\"yoast-schema-graph\">{\"@context\":\"https:\/\/schema.org\",\"@graph\":[{\"@type\":\"WebPage\",\"@id\":\"https:\/\/www.mivam.com\/izdelek\/elektricni-invalidski-vozicek-morgan-m-lectus\/\",\"url\":\"https:\/\/www.mivam.com\/izdelek\/elektricni-invalidski-vozicek-morgan-m-lectus\/\",\"name\":\"Elektri\u010dni invalidski vozi\u010dek MORGAN M LECTUS - Mi Vam\",\"isPartOf\":{\"@id\":\"https:\/\/www.mivam.com\/#website\"},\"primaryImageOfPage\":{\"@id\":\"https:\/\/www.mivam.com\/izdelek\/elektricni-invalidski-vozicek-morgan-m-lectus\/#primaryimage\"},\"image\":{\"@id\":\"https:\/\/www.mivam.com\/izdelek\/elektricni-invalidski-vozicek-morgan-m-lectus\/#primaryimage\"},\"thumbnailUrl\":\"https:\/\/www.mivam.com\/wp-content\/uploads\/2025\/05\/morganm-lectus-s-1050x960-1.png\",\"datePublished\":\"2025-05-13T11:08:17+00:00\",\"dateModified\":\"2025-06-19T03:54:38+00:00\",\"description\":\"Najbolj\u0161i v svojem razredu, pogon na sredinska kolesa. Kjer se napredno vzmetenje sre\u010da z biomehansko zasnovo, je udobje zagotovljeno. Morgan M Lectus je vrhunski model v dru\u017eini Morgan M, ki ponuja neprekosljivo vozno zmogljivost in dostop do celotnega nabora kompleksnih mo\u017enosti rehabilitacije prek nagrajenega sede\u017ea Lectus. Na voljo tudi preko naro\u010dilnice ZZZS 0533, 0534 in 0535.\",\"breadcrumb\":{\"@id\":\"https:\/\/www.mivam.com\/izdelek\/elektricni-invalidski-vozicek-morgan-m-lectus\/#breadcrumb\"},\"inLanguage\":\"en-US\",\"potentialAction\":[{\"@type\":\"ReadAction\",\"target\":[\"https:\/\/www.mivam.com\/izdelek\/elektricni-invalidski-vozicek-morgan-m-lectus\/\"]}]},{\"@type\":\"ImageObject\",\"inLanguage\":\"en-US\",\"@id\":\"https:\/\/www.mivam.com\/izdelek\/elektricni-invalidski-vozicek-morgan-m-lectus\/#primaryimage\",\"url\":\"https:\/\/www.mivam.com\/wp-content\/uploads\/2025\/05\/morganm-lectus-s-1050x960-1.png\",\"contentUrl\":\"https:\/\/www.mivam.com\/wp-content\/uploads\/2025\/05\/morganm-lectus-s-1050x960-1.png\",\"width\":1050,\"height\":960},{\"@type\":\"BreadcrumbList\",\"@id\":\"https:\/\/www.mivam.com\/izdelek\/elektricni-invalidski-vozicek-morgan-m-lectus\/#breadcrumb\",\"itemListElement\":[{\"@type\":\"ListItem\",\"position\":1,\"name\":\"Domov\",\"item\":\"https:\/\/www.mivam.com\/\"},{\"@type\":\"ListItem\",\"position\":2,\"name\":\"Shop\",\"item\":\"https:\/\/www.mivam.com\/en\/shop\/\"},{\"@type\":\"ListItem\",\"position\":3,\"name\":\"Invalidski vozi\u010dki in skuterji\",\"item\":\"https:\/\/www.mivam.com\/kategorija-izdelka\/invalidski-vozicki-in-skuterji\/\"},{\"@type\":\"ListItem\",\"position\":4,\"name\":\"Elektri\u010dni invalidski vozi\u010dek MORGAN M LECTUS\"}]},{\"@type\":\"WebSite\",\"@id\":\"https:\/\/www.mivam.com\/#website\",\"url\":\"https:\/\/www.mivam.com\/\",\"name\":\"Mi Vam\",\"description\":\"Medicinski pripomo\u010dki in re\u0161itve za manj odvisno \u017eivljenje.\",\"potentialAction\":[{\"@type\":\"SearchAction\",\"target\":{\"@type\":\"EntryPoint\",\"urlTemplate\":\"https:\/\/www.mivam.com\/?s={search_term_string}\"},\"query-input\":{\"@type\":\"PropertyValueSpecification\",\"valueRequired\":true,\"valueName\":\"search_term_string\"}}],\"inLanguage\":\"en-US\"}]}<\/script>\n<!-- \/ Yoast SEO plugin. -->","yoast_head_json":{"title":"Elektri\u010dni invalidski vozi\u010dek MORGAN M LECTUS - Mi Vam","description":"Najbolj\u0161i v svojem razredu, pogon na sredinska kolesa.  Kjer se napredno vzmetenje sre\u010da z biomehansko zasnovo, je udobje zagotovljeno. Morgan M Lectus je vrhunski model v dru\u017eini Morgan M, ki ponuja neprekosljivo vozno zmogljivost in dostop do celotnega nabora kompleksnih mo\u017enosti rehabilitacije prek nagrajenega sede\u017ea Lectus.  Na voljo tudi preko naro\u010dilnice ZZZS 0533, 0534 in 0535.","robots":{"index":"index","follow":"follow","max-snippet":"max-snippet:-1","max-image-preview":"max-image-preview:large","max-video-preview":"max-video-preview:-1"},"canonical":"https:\/\/www.mivam.com\/izdelek\/elektricni-invalidski-vozicek-morgan-m-lectus\/","og_locale":"en_US","og_type":"article","og_title":"Elektri\u010dni invalidski vozi\u010dek MORGAN M LECTUS - Mi Vam","og_description":"Najbolj\u0161i v svojem razredu, pogon na sredinska kolesa.  Kjer se napredno vzmetenje sre\u010da z biomehansko zasnovo, je udobje zagotovljeno. Morgan M Lectus je vrhunski model v dru\u017eini Morgan M, ki ponuja neprekosljivo vozno zmogljivost in dostop do celotnega nabora kompleksnih mo\u017enosti rehabilitacije prek nagrajenega sede\u017ea Lectus.  Na voljo tudi preko naro\u010dilnice ZZZS 0533, 0534 in 0535.","og_url":"https:\/\/www.mivam.com\/izdelek\/elektricni-invalidski-vozicek-morgan-m-lectus\/","og_site_name":"Mi Vam","article_modified_time":"2025-06-19T03:54:38+00:00","og_image":[{"width":1050,"height":960,"url":"https:\/\/www.mivam.com\/wp-content\/uploads\/2025\/05\/morganm-lectus-s-1050x960-1.png","type":"image\/png"}],"twitter_card":"summary_large_image","twitter_misc":{"Est. reading time":"4 minutes"},"schema":{"@context":"https:\/\/schema.org","@graph":[{"@type":"WebPage","@id":"https:\/\/www.mivam.com\/izdelek\/elektricni-invalidski-vozicek-morgan-m-lectus\/","url":"https:\/\/www.mivam.com\/izdelek\/elektricni-invalidski-vozicek-morgan-m-lectus\/","name":"Elektri\u010dni invalidski vozi\u010dek MORGAN M LECTUS - Mi Vam","isPartOf":{"@id":"https:\/\/www.mivam.com\/#website"},"primaryImageOfPage":{"@id":"https:\/\/www.mivam.com\/izdelek\/elektricni-invalidski-vozicek-morgan-m-lectus\/#primaryimage"},"image":{"@id":"https:\/\/www.mivam.com\/izdelek\/elektricni-invalidski-vozicek-morgan-m-lectus\/#primaryimage"},"thumbnailUrl":"https:\/\/www.mivam.com\/wp-content\/uploads\/2025\/05\/morganm-lectus-s-1050x960-1.png","datePublished":"2025-05-13T11:08:17+00:00","dateModified":"2025-06-19T03:54:38+00:00","description":"Najbolj\u0161i v svojem razredu, pogon na sredinska kolesa. Kjer se napredno vzmetenje sre\u010da z biomehansko zasnovo, je udobje zagotovljeno. Morgan M Lectus je vrhunski model v dru\u017eini Morgan M, ki ponuja neprekosljivo vozno zmogljivost in dostop do celotnega nabora kompleksnih mo\u017enosti rehabilitacije prek nagrajenega sede\u017ea Lectus. Na voljo tudi preko naro\u010dilnice ZZZS 0533, 0534 in 0535.","breadcrumb":{"@id":"https:\/\/www.mivam.com\/izdelek\/elektricni-invalidski-vozicek-morgan-m-lectus\/#breadcrumb"},"inLanguage":"en-US","potentialAction":[{"@type":"ReadAction","target":["https:\/\/www.mivam.com\/izdelek\/elektricni-invalidski-vozicek-morgan-m-lectus\/"]}]},{"@type":"ImageObject","inLanguage":"en-US","@id":"https:\/\/www.mivam.com\/izdelek\/elektricni-invalidski-vozicek-morgan-m-lectus\/#primaryimage","url":"https:\/\/www.mivam.com\/wp-content\/uploads\/2025\/05\/morganm-lectus-s-1050x960-1.png","contentUrl":"https:\/\/www.mivam.com\/wp-content\/uploads\/2025\/05\/morganm-lectus-s-1050x960-1.png","width":1050,"height":960},{"@type":"BreadcrumbList","@id":"https:\/\/www.mivam.com\/izdelek\/elektricni-invalidski-vozicek-morgan-m-lectus\/#breadcrumb","itemListElement":[{"@type":"ListItem","position":1,"name":"Domov","item":"https:\/\/www.mivam.com\/"},{"@type":"ListItem","position":2,"name":"Shop","item":"https:\/\/www.mivam.com\/en\/shop\/"},{"@type":"ListItem","position":3,"name":"Invalidski vozi\u010dki in skuterji","item":"https:\/\/www.mivam.com\/kategorija-izdelka\/invalidski-vozicki-in-skuterji\/"},{"@type":"ListItem","position":4,"name":"Elektri\u010dni invalidski vozi\u010dek MORGAN M LECTUS"}]},{"@type":"WebSite","@id":"https:\/\/www.mivam.com\/#website","url":"https:\/\/www.mivam.com\/","name":"Mi Vam","description":"Medicinski pripomo\u010dki in re\u0161itve za manj odvisno \u017eivljenje.","potentialAction":[{"@type":"SearchAction","target":{"@type":"EntryPoint","urlTemplate":"https:\/\/www.mivam.com\/?s={search_term_string}"},"query-input":{"@type":"PropertyValueSpecification","valueRequired":true,"valueName":"search_term_string"}}],"inLanguage":"en-US"}]}},"_links":{"self":[{"href":"https:\/\/www.mivam.com\/en\/wp-json\/wp\/v2\/product\/6360","targetHints":{"allow":["GET"]}}],"collection":[{"href":"https:\/\/www.mivam.com\/en\/wp-json\/wp\/v2\/product"}],"about":[{"href":"https:\/\/www.mivam.com\/en\/wp-json\/wp\/v2\/types\/product"}],"replies":[{"embeddable":true,"href":"https:\/\/www.mivam.com\/en\/wp-json\/wp\/v2\/comments?post=6360"}],"wp:featuredmedia":[{"embeddable":true,"href":"https:\/\/www.mivam.com\/en\/wp-json\/wp\/v2\/media\/6365"}],"wp:attachment":[{"href":"https:\/\/www.mivam.com\/en\/wp-json\/wp\/v2\/media?parent=6360"}],"wp:term":[{"taxonomy":"product_brand","embeddable":true,"href":"https:\/\/www.mivam.com\/en\/wp-json\/wp\/v2\/product_brand?post=6360"},{"taxonomy":"product_cat","embeddable":true,"href":"https:\/\/www.mivam.com\/en\/wp-json\/wp\/v2\/product_cat?post=6360"},{"taxonomy":"product_tag","embeddable":true,"href":"https:\/\/www.mivam.com\/en\/wp-json\/wp\/v2\/product_tag?post=6360"}],"curies":[{"name":"wp","href":"https:\/\/api.w.org\/{rel}","templated":true}]}}