{"id":6344,"date":"2025-05-13T12:43:58","date_gmt":"2025-05-13T10:43:58","guid":{"rendered":"https:\/\/pisarna.novisplet.com\/dev2\/mivam_old\/?post_type=product&#038;p=6344"},"modified":"2025-06-19T05:54:09","modified_gmt":"2025-06-19T03:54:09","slug":"bariatricni-vozicek-minimaxx","status":"publish","type":"product","link":"https:\/\/www.mivam.com\/en\/izdelek\/bariatricni-vozicek-minimaxx\/","title":{"rendered":"Bariatri\u010dni vozi\u010dek Minimaxx"},"content":{"rendered":"<div class=\"wpb-content-wrapper\"><p>[vc_row][vc_column][vc_empty_space height=&#8221;40px&#8221;][vc_row_inner][vc_column_inner][vc_column_text]<\/p>\n<div class=\"elementor-element elementor-element-263f1fe5 elementor-widget elementor-widget-heading\" data-id=\"263f1fe5\" data-element_type=\"widget\" data-widget_type=\"heading.default\">\n<div class=\"elementor-widget-container\">\n<h4><span class=\"\">Bariatri\u010dni zlo\u017eljivi invalidski vozi\u010dek Minimaxx<\/span><\/h4>\n<p>Bariatri\u010dni zlo\u017eljivi invalidski vozi\u010dek Minimaxx se enostavno zlo\u017ei in ga je enostavno prena\u0161ati. Sistem zlaganja je zelo enostaven za aktiviranje in hkrati zagotavlja odli\u010dno oporo sede\u017eu. Zasnova sistema zlaganja naredi stol tog. Ko je razgrnjen, je stol tudi veliko bolj stabilen kot obi\u010dajni zlo\u017eljivi invalidski vozi\u010dki.<\/p>\n<h4>Gradbeni\u0161tvo<\/h4>\n<p>Na\u0161 cilj je bil STW (razmerje med togostjo in te\u017eo). Uporabili smo zelo lahko tehnologijo cevi, ki se uporablja pri vrhunskih gorskih in cestnih kolesih. Minimaxx tehta le pribli\u017eno 9 % svoje nosilnosti in kljub temu zagotavlja gladko vo\u017enjo zaradi togega sistema zlaganja in lahkih cevi.<\/p>\n<p>Bariatri\u010dni zlo\u017eljivi invalidski vozi\u010dek Minimaxx se zaradi polo\u017eaja zadnjih in sprednjih koles zelo dobro vozi. Zasnovan je tako, da zadnja kolesa nosijo ve\u010dino uporabnikove te\u017ee, kar uporabniku olaj\u0161a potiskanje. Kolesa so bolj spredaj kot pri standardnih stolih. To prepre\u010duje prevra\u010danje stola.<\/p>\n<p>Nizka vi\u0161ina sede\u017ea omogo\u010da enostaven dostop do stola in njegovo premikanje.<\/p>\n<p>Ro\u010daji za potiskanje so zasnovani tako, da lahko spremljevalec z lahkoto obra\u010da in potiska stol s svojim telesom. Oblazinjeni ro\u010daji so postavljeni pod kotom, ki \u010dim manj obremenjuje zapestja in ramena.<\/p>\n<p>Bariatri\u010dni zlo\u017eljivi invalidski vozi\u010dek Minimaxx ima kot dodatno mo\u017enost kolutne zavore. Za zaviranje vozi\u010dka, tudi \u010de je poln, je potreben le majhen napor. Kolutni zavori je dodana tudi parkirna zavora, vozi\u010dek pa ima tudi blokado koles. Druga mo\u017enost so \u0161portni nasloni za roke.<\/p>\n<p>Nosilci za noge so zasnovani za nosilnost 100 kg! Nosilci so tudi stransko\/\u0161irinsko nastavljivi. To omogo\u010da uporabo stola uporabnikom z poravnanimi nogami ali s \u0161iroko razmaknjenimi nogami.<\/p>\n<p>Zelo dolgi nasloni za roke uporabniku olaj\u0161ajo vstop in izstop iz stola.<\/p>\n<p><strong>Opomba!<\/strong>\u00a0Invalidski vozi\u010dek Minimaxx Push se prodaja brez sede\u017ene blazine. Oglejte si na\u0161o ponudbo\u00a0<a href=\"https:\/\/www-cobirehab-com.translate.goog\/en\/product-category\/wheelchairs-and-chairs\/?_x_tr_sl=en&amp;_x_tr_tl=sl&amp;_x_tr_hl=sl&amp;_x_tr_pto=wapp\">bariatri\u010dnih sede\u017enih blazin tukaj<\/a>.<\/p>\n<h4>Specializirano za re\u0161itve pozicioniranja za bariatri\u010dne uporabnike<\/h4>\n<p>Cobi Rehab se je specializiral za re\u0161itve za pozicioniranje bariatri\u010dnih uporabnikov za vse ure dneva z namenom zagotavljanja neodvisnosti, udobja in olaj\u0161anja. Osrednje na\u010delo Cobi Rehaba je spo\u0161tovanje posameznika. Inovativnost, proaktivnost, kakovost in empatija so na\u0161i osnovni gradniki in veljajo v vsem, kar po\u010dnemo.<\/p>\n<p>Na\u0161e re\u0161itve za pozicioniranje temeljijo na trdnem poznavanju uporabe izdelka in u\u010dinka pomo\u010di, s poudarkom na dostojanstvu in dobrem delovnem okolju, tako za uporabnika kot za negovalca. Na\u0161i izdelki so mo\u010dno zasnovani in funkcionalno zasnovani ter imajo nosilnost do 325 kg. Na\u0161 portfelj izdelkov sestavljajo invalidski vozi\u010dki, tu\u0161 kabine, tu\u0161 klopi, stoli za paciente\/jedilnice, hodulje na kolesih, hodulje, palice ter postelje in vzmetnice.<\/p>\n<p>Cobi Rehab s sede\u017eem na Danskem dobavlja tako zasebnemu kot javnemu sektorju po vsem svetu. Na\u0161 cilj je zagotoviti strokovno svetovanje in visokokakovostne izdelke v kratkem \u010dasu. Osebje Cobi Rehaba ima bogate izku\u0161nje na podro\u010dju delovne terapije. Vsi imajo prakti\u010dne izku\u0161nje z bariatri\u010dnimi pacienti.<\/p>\n<p>Oglejte si na\u0161o\u00a0\u00a0<a href=\"https:\/\/www-cobirehab-com.translate.goog\/en\/product-category\/wheelchairs-and-chairs\/?_x_tr_sl=en&amp;_x_tr_tl=sl&amp;_x_tr_hl=sl&amp;_x_tr_pto=wapp\">ponudbo bariatri\u010dnih invalidskih vozi\u010dkov<\/a>\u00a0\u00a0tukaj.<\/p>\n<p>Poi\u0161\u010dite\u00a0\u00a0<a href=\"https:\/\/translate.google.com\/website?sl=en&amp;tl=sl&amp;hl=sl&amp;client=webapp&amp;u=https:\/\/hmi-basen.dk\/en\/r11x.asp?linkinfo%3D23677\">invalidski vozi\u010dek Minimaxx<\/a>\u00a0na danskem portalu Assist Data.\u00a0<strong>Opomba!<\/strong>\u00a0Invalidski vozi\u010dek Minimaxx Push se prodaja brez sede\u017ene blazine. Oglejte si na\u0161o izbiro\u00a0<a href=\"https:\/\/www-cobirehab-com.translate.goog\/en\/product-category\/wheelchairs-and-chairs\/?_x_tr_sl=en&amp;_x_tr_tl=sl&amp;_x_tr_hl=sl&amp;_x_tr_pto=wapp\">bariatri\u010dnih sede\u017enih blazin tukaj<\/a>\u00a0.<\/p>\n<p>Oglejte si na\u0161o predstavitev\u00a0<a href=\"https:\/\/translate.google.com\/website?sl=en&amp;tl=sl&amp;hl=sl&amp;client=webapp&amp;u=https:\/\/youtu.be\/IJCFErPajh0\" target=\"_blank\" rel=\"noopener\">o invalidskih vozi\u010dkih Minimaxx<\/a>\u00a0na YouTubu<\/p>\n<ul>\n<li class=\"p1\">Zlo\u017eljiv tog okvir<\/li>\n<li class=\"p1\">Izjemno enostavno potiskanje<\/li>\n<li class=\"p1\">Na voljo razli\u010dni nasloni za roke<\/li>\n<\/ul>\n<\/div>\n<\/div>\n<p>[\/vc_column_text][\/vc_column_inner][\/vc_row_inner][vc_empty_space height=&#8221;40px&#8221;][\/vc_column][\/vc_row][vc_row full_width=&#8221;stretch_row&#8221;][vc_column][vc_empty_space height=&#8221;60px&#8221;][vc_column_text]<\/p>\n<h3 style=\"text-align: left\">Tehni\u010dne podrobnosti<\/h3>\n<p>[\/vc_column_text][vc_column_text]<\/p>\n<table>\n<tbody>\n<tr>\n<td>Najve\u010dja nosilnost je<\/td>\n<td>325 kg<\/td>\n<\/tr>\n<tr>\n<td>Skupna \u0161irina<\/td>\n<td>80 \/ 85 \/ 90 \/ 95 cm<\/td>\n<\/tr>\n<tr>\n<td>Skupna \u0161irina zlo\u017eenega<\/td>\n<td>41 cm<\/td>\n<\/tr>\n<tr>\n<td>Skupna vi\u0161ina brez ro\u010daja za potiskanje<\/td>\n<td>103 cm<\/td>\n<\/tr>\n<tr>\n<td>Skupna vi\u0161ina vklju\u010dno z ro\u010dajem za potiskanje, najni\u017eji polo\u017eaj<\/td>\n<td>110 cm<\/td>\n<\/tr>\n<tr>\n<td>Skupna dol\u017eina brez opor za noge<\/td>\n<td>70 cm<\/td>\n<\/tr>\n<tr>\n<td>\u0160irina sede\u017ea<\/td>\n<td>56 \/ 61 \/ 66 \/ 71 cm<\/td>\n<\/tr>\n<tr>\n<td>Globina sede\u017ea<\/td>\n<td>46 cm<\/td>\n<\/tr>\n<tr>\n<td>Vi\u0161ina sede\u017ea<\/td>\n<td>43 cm<\/td>\n<\/tr>\n<tr>\n<td>Vi\u0161ina naslonjala<\/td>\n<td>51 cm<\/td>\n<\/tr>\n<tr>\n<td>Nasloni za roke snemljivi<\/td>\n<td>Da<\/td>\n<\/tr>\n<tr>\n<td>Nastavljiva vi\u0161ina opor za noge<\/td>\n<td>Da<\/td>\n<\/tr>\n<tr>\n<td>Odstranljive opore za noge<\/td>\n<td>Da<\/td>\n<\/tr>\n<tr>\n<td>Te\u017ea<\/td>\n<td>Pribli\u017eno 27 kg<\/td>\n<\/tr>\n<tr>\n<td>Operacija<\/td>\n<td>Ro\u010dno<\/td>\n<\/tr>\n<tr>\n<td>Prevleka, odporna proti ognju<\/td>\n<td>Da<\/td>\n<\/tr>\n<tr>\n<td>Barvni pokrov<\/td>\n<td>\u010crna<\/td>\n<\/tr>\n<tr>\n<td>Barvni okvir<\/td>\n<td>Srebrna kovinska<\/td>\n<\/tr>\n<tr>\n<td>Nastavljiva vi\u0161ina ro\u010dajev za potiskanje<\/td>\n<td>Da<\/td>\n<\/tr>\n<tr>\n<td>Hitra sprostitev na zadnjih kolesih<\/td>\n<td>Da<\/td>\n<\/tr>\n<tr>\n<td>Nastavljiva to\u010dka ravnote\u017eja<\/td>\n<td>Da<\/td>\n<\/tr>\n<tr>\n<td>Zlo\u017eljivo<\/td>\n<td>Da<\/td>\n<\/tr>\n<tr>\n<td>Fiksni sede\u017e<\/td>\n<td>Da<\/td>\n<\/tr>\n<tr>\n<td>Okvir<\/td>\n<td>Pra\u0161no lakirano krom-molibdenovo jeklo<\/td>\n<\/tr>\n<tr>\n<td>Zadnja kolesa<\/td>\n<td>24-pal\u010dne trdne PU pnevmatike<\/td>\n<\/tr>\n<tr>\n<td>Kolesca<\/td>\n<td>125 mm najlon s PU<\/td>\n<\/tr>\n<tr>\n<td>Sede\u017e \/ naslonjalo<\/td>\n<td>Poliester \/ najlon<\/td>\n<\/tr>\n<tr>\n<td>Nasloni za roke<\/td>\n<td>Poliuretan<\/td>\n<\/tr>\n<tr>\n<td>Nasloni za noge<\/td>\n<td>Nerjave\u010de jeklo z gumijasto prevleko<\/td>\n<\/tr>\n<tr>\n<td>ISO \u2013 klasifikacija<\/td>\n<td>ISO 12 22 03\u201308<\/td>\n<\/tr>\n<\/tbody>\n<\/table>\n<p>[\/vc_column_text][vc_empty_space height=&#8221;60px&#8221;][\/vc_column][\/vc_row][vc_row full_width=&#8221;stretch_row&#8221; css=&#8221;.vc_custom_1747133751978{background-color: #f8f9fa !important;}&#8221;][vc_column][vc_empty_space height=&#8221;60px&#8221;][vc_column_text]<\/p>\n<h3 style=\"text-align: left\">Naro\u010danje<\/h3>\n<p>[\/vc_column_text][vc_column_text]<\/p>\n<table>\n<thead>\n<tr>\n<th>Model<\/th>\n<th>\u0160irina sede\u017ea cm<\/th>\n<th>Globina sede\u017ea cm<\/th>\n<th>\u0160tevilka naro\u010dila<\/th>\n<\/tr>\n<\/thead>\n<tbody>\n<tr>\n<td>Minimaxx Standard, vklju\u010dno z oporami za noge<\/td>\n<td>56<\/td>\n<td>46<\/td>\n<td>0100-056-000<\/td>\n<\/tr>\n<tr>\n<td>Minimaxx Standard, vklju\u010dno z oporami za noge<\/td>\n<td>61<\/td>\n<td>46<\/td>\n<td>0100-061-000<\/td>\n<\/tr>\n<tr>\n<td>Minimaxx Standard, vklju\u010dno z oporami za noge<\/td>\n<td>66<\/td>\n<td>46<\/td>\n<td>0100-066-000<\/td>\n<\/tr>\n<tr>\n<td>Minimaxx Standard, vklju\u010dno z oporami za noge<\/td>\n<td>71<\/td>\n<td>46<\/td>\n<td>0100-071-000<\/td>\n<\/tr>\n<tr>\n<td>Minimaxx z disk zavorami, vklju\u010dno z oporami za noge<\/td>\n<td>56<\/td>\n<td>46<\/td>\n<td>0109-056-000<\/td>\n<\/tr>\n<tr>\n<td>Minimaxx z disk zavorami, vklju\u010dno z oporami za noge<\/td>\n<td>61<\/td>\n<td>46<\/td>\n<td>0109-061-000<\/td>\n<\/tr>\n<tr>\n<td>Minimaxx z disk zavorami, vklju\u010dno z oporami za noge<\/td>\n<td>66<\/td>\n<td>46<\/td>\n<td>0109-066-000<\/td>\n<\/tr>\n<tr>\n<td>Minimaxx z disk zavorami, vklju\u010dno z oporami za noge<\/td>\n<td>71<\/td>\n<td>46<\/td>\n<td>0109-071-000<\/td>\n<\/tr>\n<\/tbody>\n<\/table>\n<p>[\/vc_column_text][vc_empty_space height=&#8221;60px&#8221;][\/vc_column][\/vc_row][vc_row full_width=&#8221;stretch_row&#8221;][vc_column][vc_empty_space height=&#8221;60px&#8221;][vc_column_text]<\/p>\n<h3 style=\"text-align: left\">Dodatki<\/h3>\n<p>[\/vc_column_text][vc_row_inner][vc_column_inner][vc_column_text]<\/p>\n<table>\n<thead>\n<tr>\n<th>Dodatki<\/th>\n<th>\u0160tevilka naro\u010dila<\/th>\n<\/tr>\n<\/thead>\n<tbody>\n<tr>\n<td>\u0160portni nasloni za roke, par<\/td>\n<td>0100-999-006<\/td>\n<\/tr>\n<tr>\n<td>Tabela<\/td>\n<td>0100-999-001<\/td>\n<\/tr>\n<tr>\n<td>Dr\u017ealo za kisikovo jeklenko O2 12,5-15 cm<\/td>\n<td>0100-999-021<\/td>\n<\/tr>\n<tr>\n<td>Imetnik intravenske raztopine<\/td>\n<td>0180-999-007<\/td>\n<\/tr>\n<tr>\n<td>Podpora za amputacijo<\/td>\n<td>0100-999-016<\/td>\n<\/tr>\n<tr>\n<td>Potisni motor dokon\u010dan<\/td>\n<td>0110-999-010<\/td>\n<\/tr>\n<tr>\n<td>Rezervni deli<\/td>\n<td><\/td>\n<\/tr>\n<tr>\n<td>Standardni naslon za noge, desni<\/td>\n<td>0100-999-010<\/td>\n<\/tr>\n<tr>\n<td>Standardni naslon za noge, levi<\/td>\n<td>0100-999-011<\/td>\n<\/tr>\n<\/tbody>\n<\/table>\n<p>[\/vc_column_text][\/vc_column_inner][\/vc_row_inner][vc_empty_space height=&#8221;60px&#8221;][\/vc_column][\/vc_row][vc_row full_width=&#8221;stretch_row&#8221;][vc_column][vc_empty_space height=&#8221;60px&#8221;][vc_column_text]<\/p>\n<h3 style=\"text-align: left\">Videoposnetki<\/h3>\n<p>[\/vc_column_text][vc_row_inner][vc_column_inner width=&#8221;1\/6&#8243;][\/vc_column_inner][vc_column_inner width=&#8221;2\/3&#8243;][vc_video link=&#8221;https:\/\/www.youtube.com\/watch?v=1mdZFezOdPk&#8221; title=&#8221;XXL-Rehab Minimaxx &#8211; Zlo\u017eljivi invalidski vozi\u010dek&#8221;][\/vc_column_inner][vc_column_inner width=&#8221;1\/6&#8243;][\/vc_column_inner][\/vc_row_inner][vc_empty_space height=&#8221;60px&#8221;][\/vc_column][\/vc_row]<\/p>\n<\/div>","protected":false},"excerpt":{"rendered":"<p class=\"p1\"><span class=\"\">Bariatri\u010dni zlo\u017eljivi invalidski vozi\u010dek Minimaxx. Enostavno se zlo\u017ei. Gladka vo\u017enja zaradi togega sistema zlaganja in lahke cevi. Na voljo so razli\u010dni nasloni za roke.<\/span><\/p>\n<p class=\"p1\">Idealna uporaba: Bariatri\u010dni uporabniki do 325 kg v domovih za ostarele, bolni\u0161nicah in zasebnih domovih.<\/p>\n","protected":false},"featured_media":6347,"comment_status":"closed","ping_status":"closed","template":"","meta":[],"product_brand":[],"product_cat":[222,36],"product_tag":[293,294,297,298,292,295,251,296,194],"class_list":{"0":"post-6344","1":"product","2":"type-product","3":"status-publish","4":"has-post-thumbnail","6":"product_cat-invalidski-vozicki-in-skuterji","7":"product_cat-invalidski-vozicki-na-rocni-pogon","8":"product_tag-bariatricni","9":"product_tag-bariatricni-vozicek","10":"product_tag-cobi","11":"product_tag-cobi-rehab","12":"product_tag-minimaxx","13":"product_tag-nosilnost","14":"product_tag-rocni-vozicek","15":"product_tag-teza","16":"product_tag-vozicek","18":"first","19":"onbackorder","20":"taxable","21":"shipping-taxable","22":"product-type-simple"},"yoast_head":"<!-- This site is optimized with the Yoast SEO plugin v24.0 - https:\/\/yoast.com\/wordpress\/plugins\/seo\/ -->\n<title>Bariatri\u010dni vozi\u010dek Minimaxx - Mi Vam<\/title>\n<meta name=\"description\" content=\"Bariatri\u010dni zlo\u017eljivi invalidski vozi\u010dek Minimaxx. Enostavno se zlo\u017ei. Gladka vo\u017enja zaradi togega sistema zlaganja in lahke cevi. Na voljo so razli\u010dni nasloni za roke. Idealna uporaba: Bariatri\u010dni uporabniki do 325 kg v domovih za ostarele, bolni\u0161nicah in zasebnih domovih.\" \/>\n<meta name=\"robots\" content=\"index, follow, max-snippet:-1, max-image-preview:large, max-video-preview:-1\" \/>\n<link rel=\"canonical\" href=\"https:\/\/www.mivam.com\/izdelek\/bariatricni-vozicek-minimaxx\/\" \/>\n<meta property=\"og:locale\" content=\"en_US\" \/>\n<meta property=\"og:type\" content=\"article\" \/>\n<meta property=\"og:title\" content=\"Bariatri\u010dni vozi\u010dek Minimaxx - Mi Vam\" \/>\n<meta property=\"og:description\" content=\"Bariatri\u010dni zlo\u017eljivi invalidski vozi\u010dek Minimaxx. Enostavno se zlo\u017ei. Gladka vo\u017enja zaradi togega sistema zlaganja in lahke cevi. Na voljo so razli\u010dni nasloni za roke. Idealna uporaba: Bariatri\u010dni uporabniki do 325 kg v domovih za ostarele, bolni\u0161nicah in zasebnih domovih.\" \/>\n<meta property=\"og:url\" content=\"https:\/\/www.mivam.com\/izdelek\/bariatricni-vozicek-minimaxx\/\" \/>\n<meta property=\"og:site_name\" content=\"Mi Vam\" \/>\n<meta property=\"article:modified_time\" content=\"2025-06-19T03:54:09+00:00\" \/>\n<meta property=\"og:image\" content=\"https:\/\/www.mivam.com\/wp-content\/uploads\/2025\/05\/xxlrehab-minimaxx-korestole-a-w.jpg\" \/>\n\t<meta property=\"og:image:width\" content=\"544\" \/>\n\t<meta property=\"og:image:height\" content=\"544\" \/>\n\t<meta property=\"og:image:type\" content=\"image\/jpeg\" \/>\n<meta name=\"twitter:card\" content=\"summary_large_image\" \/>\n<meta name=\"twitter:label1\" content=\"Est. reading time\" \/>\n\t<meta name=\"twitter:data1\" content=\"5 minutes\" \/>\n<script type=\"application\/ld+json\" class=\"yoast-schema-graph\">{\"@context\":\"https:\/\/schema.org\",\"@graph\":[{\"@type\":\"WebPage\",\"@id\":\"https:\/\/www.mivam.com\/izdelek\/bariatricni-vozicek-minimaxx\/\",\"url\":\"https:\/\/www.mivam.com\/izdelek\/bariatricni-vozicek-minimaxx\/\",\"name\":\"Bariatri\u010dni vozi\u010dek Minimaxx - Mi Vam\",\"isPartOf\":{\"@id\":\"https:\/\/www.mivam.com\/#website\"},\"primaryImageOfPage\":{\"@id\":\"https:\/\/www.mivam.com\/izdelek\/bariatricni-vozicek-minimaxx\/#primaryimage\"},\"image\":{\"@id\":\"https:\/\/www.mivam.com\/izdelek\/bariatricni-vozicek-minimaxx\/#primaryimage\"},\"thumbnailUrl\":\"https:\/\/www.mivam.com\/wp-content\/uploads\/2025\/05\/xxlrehab-minimaxx-korestole-a-w.jpg\",\"datePublished\":\"2025-05-13T10:43:58+00:00\",\"dateModified\":\"2025-06-19T03:54:09+00:00\",\"description\":\"Bariatri\u010dni zlo\u017eljivi invalidski vozi\u010dek Minimaxx. Enostavno se zlo\u017ei. Gladka vo\u017enja zaradi togega sistema zlaganja in lahke cevi. Na voljo so razli\u010dni nasloni za roke. Idealna uporaba: Bariatri\u010dni uporabniki do 325 kg v domovih za ostarele, bolni\u0161nicah in zasebnih domovih.\",\"breadcrumb\":{\"@id\":\"https:\/\/www.mivam.com\/izdelek\/bariatricni-vozicek-minimaxx\/#breadcrumb\"},\"inLanguage\":\"en-US\",\"potentialAction\":[{\"@type\":\"ReadAction\",\"target\":[\"https:\/\/www.mivam.com\/izdelek\/bariatricni-vozicek-minimaxx\/\"]}]},{\"@type\":\"ImageObject\",\"inLanguage\":\"en-US\",\"@id\":\"https:\/\/www.mivam.com\/izdelek\/bariatricni-vozicek-minimaxx\/#primaryimage\",\"url\":\"https:\/\/www.mivam.com\/wp-content\/uploads\/2025\/05\/xxlrehab-minimaxx-korestole-a-w.jpg\",\"contentUrl\":\"https:\/\/www.mivam.com\/wp-content\/uploads\/2025\/05\/xxlrehab-minimaxx-korestole-a-w.jpg\",\"width\":544,\"height\":544},{\"@type\":\"BreadcrumbList\",\"@id\":\"https:\/\/www.mivam.com\/izdelek\/bariatricni-vozicek-minimaxx\/#breadcrumb\",\"itemListElement\":[{\"@type\":\"ListItem\",\"position\":1,\"name\":\"Domov\",\"item\":\"https:\/\/www.mivam.com\/\"},{\"@type\":\"ListItem\",\"position\":2,\"name\":\"Shop\",\"item\":\"https:\/\/www.mivam.com\/en\/shop\/\"},{\"@type\":\"ListItem\",\"position\":3,\"name\":\"Invalidski vozi\u010dki in skuterji\",\"item\":\"https:\/\/www.mivam.com\/kategorija-izdelka\/invalidski-vozicki-in-skuterji\/\"},{\"@type\":\"ListItem\",\"position\":4,\"name\":\"Bariatri\u010dni vozi\u010dek Minimaxx\"}]},{\"@type\":\"WebSite\",\"@id\":\"https:\/\/www.mivam.com\/#website\",\"url\":\"https:\/\/www.mivam.com\/\",\"name\":\"Mi Vam\",\"description\":\"Medicinski pripomo\u010dki in re\u0161itve za manj odvisno \u017eivljenje.\",\"potentialAction\":[{\"@type\":\"SearchAction\",\"target\":{\"@type\":\"EntryPoint\",\"urlTemplate\":\"https:\/\/www.mivam.com\/?s={search_term_string}\"},\"query-input\":{\"@type\":\"PropertyValueSpecification\",\"valueRequired\":true,\"valueName\":\"search_term_string\"}}],\"inLanguage\":\"en-US\"}]}<\/script>\n<!-- \/ Yoast SEO plugin. -->","yoast_head_json":{"title":"Bariatri\u010dni vozi\u010dek Minimaxx - Mi Vam","description":"Bariatri\u010dni zlo\u017eljivi invalidski vozi\u010dek Minimaxx. Enostavno se zlo\u017ei. Gladka vo\u017enja zaradi togega sistema zlaganja in lahke cevi. Na voljo so razli\u010dni nasloni za roke. Idealna uporaba: Bariatri\u010dni uporabniki do 325 kg v domovih za ostarele, bolni\u0161nicah in zasebnih domovih.","robots":{"index":"index","follow":"follow","max-snippet":"max-snippet:-1","max-image-preview":"max-image-preview:large","max-video-preview":"max-video-preview:-1"},"canonical":"https:\/\/www.mivam.com\/izdelek\/bariatricni-vozicek-minimaxx\/","og_locale":"en_US","og_type":"article","og_title":"Bariatri\u010dni vozi\u010dek Minimaxx - Mi Vam","og_description":"Bariatri\u010dni zlo\u017eljivi invalidski vozi\u010dek Minimaxx. Enostavno se zlo\u017ei. Gladka vo\u017enja zaradi togega sistema zlaganja in lahke cevi. Na voljo so razli\u010dni nasloni za roke. Idealna uporaba: Bariatri\u010dni uporabniki do 325 kg v domovih za ostarele, bolni\u0161nicah in zasebnih domovih.","og_url":"https:\/\/www.mivam.com\/izdelek\/bariatricni-vozicek-minimaxx\/","og_site_name":"Mi Vam","article_modified_time":"2025-06-19T03:54:09+00:00","og_image":[{"width":544,"height":544,"url":"https:\/\/www.mivam.com\/wp-content\/uploads\/2025\/05\/xxlrehab-minimaxx-korestole-a-w.jpg","type":"image\/jpeg"}],"twitter_card":"summary_large_image","twitter_misc":{"Est. reading time":"5 minutes"},"schema":{"@context":"https:\/\/schema.org","@graph":[{"@type":"WebPage","@id":"https:\/\/www.mivam.com\/izdelek\/bariatricni-vozicek-minimaxx\/","url":"https:\/\/www.mivam.com\/izdelek\/bariatricni-vozicek-minimaxx\/","name":"Bariatri\u010dni vozi\u010dek Minimaxx - Mi Vam","isPartOf":{"@id":"https:\/\/www.mivam.com\/#website"},"primaryImageOfPage":{"@id":"https:\/\/www.mivam.com\/izdelek\/bariatricni-vozicek-minimaxx\/#primaryimage"},"image":{"@id":"https:\/\/www.mivam.com\/izdelek\/bariatricni-vozicek-minimaxx\/#primaryimage"},"thumbnailUrl":"https:\/\/www.mivam.com\/wp-content\/uploads\/2025\/05\/xxlrehab-minimaxx-korestole-a-w.jpg","datePublished":"2025-05-13T10:43:58+00:00","dateModified":"2025-06-19T03:54:09+00:00","description":"Bariatri\u010dni zlo\u017eljivi invalidski vozi\u010dek Minimaxx. Enostavno se zlo\u017ei. Gladka vo\u017enja zaradi togega sistema zlaganja in lahke cevi. Na voljo so razli\u010dni nasloni za roke. Idealna uporaba: Bariatri\u010dni uporabniki do 325 kg v domovih za ostarele, bolni\u0161nicah in zasebnih domovih.","breadcrumb":{"@id":"https:\/\/www.mivam.com\/izdelek\/bariatricni-vozicek-minimaxx\/#breadcrumb"},"inLanguage":"en-US","potentialAction":[{"@type":"ReadAction","target":["https:\/\/www.mivam.com\/izdelek\/bariatricni-vozicek-minimaxx\/"]}]},{"@type":"ImageObject","inLanguage":"en-US","@id":"https:\/\/www.mivam.com\/izdelek\/bariatricni-vozicek-minimaxx\/#primaryimage","url":"https:\/\/www.mivam.com\/wp-content\/uploads\/2025\/05\/xxlrehab-minimaxx-korestole-a-w.jpg","contentUrl":"https:\/\/www.mivam.com\/wp-content\/uploads\/2025\/05\/xxlrehab-minimaxx-korestole-a-w.jpg","width":544,"height":544},{"@type":"BreadcrumbList","@id":"https:\/\/www.mivam.com\/izdelek\/bariatricni-vozicek-minimaxx\/#breadcrumb","itemListElement":[{"@type":"ListItem","position":1,"name":"Domov","item":"https:\/\/www.mivam.com\/"},{"@type":"ListItem","position":2,"name":"Shop","item":"https:\/\/www.mivam.com\/en\/shop\/"},{"@type":"ListItem","position":3,"name":"Invalidski vozi\u010dki in skuterji","item":"https:\/\/www.mivam.com\/kategorija-izdelka\/invalidski-vozicki-in-skuterji\/"},{"@type":"ListItem","position":4,"name":"Bariatri\u010dni vozi\u010dek Minimaxx"}]},{"@type":"WebSite","@id":"https:\/\/www.mivam.com\/#website","url":"https:\/\/www.mivam.com\/","name":"Mi Vam","description":"Medicinski pripomo\u010dki in re\u0161itve za manj odvisno \u017eivljenje.","potentialAction":[{"@type":"SearchAction","target":{"@type":"EntryPoint","urlTemplate":"https:\/\/www.mivam.com\/?s={search_term_string}"},"query-input":{"@type":"PropertyValueSpecification","valueRequired":true,"valueName":"search_term_string"}}],"inLanguage":"en-US"}]}},"_links":{"self":[{"href":"https:\/\/www.mivam.com\/en\/wp-json\/wp\/v2\/product\/6344","targetHints":{"allow":["GET"]}}],"collection":[{"href":"https:\/\/www.mivam.com\/en\/wp-json\/wp\/v2\/product"}],"about":[{"href":"https:\/\/www.mivam.com\/en\/wp-json\/wp\/v2\/types\/product"}],"replies":[{"embeddable":true,"href":"https:\/\/www.mivam.com\/en\/wp-json\/wp\/v2\/comments?post=6344"}],"wp:featuredmedia":[{"embeddable":true,"href":"https:\/\/www.mivam.com\/en\/wp-json\/wp\/v2\/media\/6347"}],"wp:attachment":[{"href":"https:\/\/www.mivam.com\/en\/wp-json\/wp\/v2\/media?parent=6344"}],"wp:term":[{"taxonomy":"product_brand","embeddable":true,"href":"https:\/\/www.mivam.com\/en\/wp-json\/wp\/v2\/product_brand?post=6344"},{"taxonomy":"product_cat","embeddable":true,"href":"https:\/\/www.mivam.com\/en\/wp-json\/wp\/v2\/product_cat?post=6344"},{"taxonomy":"product_tag","embeddable":true,"href":"https:\/\/www.mivam.com\/en\/wp-json\/wp\/v2\/product_tag?post=6344"}],"curies":[{"name":"wp","href":"https:\/\/api.w.org\/{rel}","templated":true}]}}