{"id":6304,"date":"2025-05-13T12:26:12","date_gmt":"2025-05-13T10:26:12","guid":{"rendered":"https:\/\/pisarna.novisplet.com\/dev2\/mivam_old\/?post_type=product&#038;p=6304"},"modified":"2025-06-19T16:04:32","modified_gmt":"2025-06-19T14:04:32","slug":"invalidski-vozicek-na-rocni-pogon-boogie-drive","status":"publish","type":"product","link":"https:\/\/www.mivam.com\/en\/izdelek\/invalidski-vozicek-na-rocni-pogon-boogie-drive\/","title":{"rendered":"Invalidski vozi\u010dek na ro\u010dni pogon BOOGIE DRIVE"},"content":{"rendered":"<div class=\"wpb-content-wrapper\"><p>[vc_row][vc_column][vc_empty_space height=&#8221;40px&#8221;][vc_row_inner][vc_column_inner][vc_column_text]<\/p>\n<div class=\"elementor-element elementor-element-263f1fe5 elementor-widget elementor-widget-heading\" data-id=\"263f1fe5\" data-element_type=\"widget\" data-widget_type=\"heading.default\">\n<div class=\"elementor-widget-container\">\n<h4>Pregled<\/h4>\n<ul>\n<li>Individualno izdelano po va\u0161ih merah in potrebah.<\/li>\n<li>Boogie Drive je prva mobilna stoje\u010da naprava za otroke in mladostnike, ki jo je mogo\u010de rasti (+4 cm v \u0161irino, brez dodatnih delov).<\/li>\n<li>Boogie Drive ima veliko individualno nastavljivih opornih blazinic<\/li>\n<li>Vse podporne funkcije, vklju\u010dno s podno\u017ejem, je mogo\u010de nastaviti natan\u010dno po korakih ali celo brezstopenjsko v 3 dimenzijah.<\/li>\n<li>S 3D-plo\u0161\u010dami za stopala je mogo\u010de kompenzirati Talipes equinus<\/li>\n<li>Sredinski steber Boogie Drive je mogo\u010de brezstopenjsko nastaviti po kotu s plinsko vzmetjo ali teleskopom od 0\u00b0 do +15\u00b0<\/li>\n<li>Alternativno spodbuja senzori\u010dno zaznavanje pokon\u010dnega polo\u017eaja s hkratno gibljivostjo.<\/li>\n<li>Idealen polo\u017eaj kolesa, ki je usmerjeno v ramo, in nagib kolesa je mogo\u010de natan\u010dno nastaviti glede na fizi\u010dne zmo\u017enosti uporabnika.<\/li>\n<li>\u0161irina okvirja 36, \u200b\u200b40, 44 (vsak +4 cm, mo\u017enost rasti brez dodatnih delov)<\/li>\n<li>Nem\u0161ka indeksna \u0161tevilka pomo\u010di 28.29.01.3010<\/li>\n<\/ul>\n<\/div>\n<\/div>\n<p>[\/vc_column_text][\/vc_column_inner][\/vc_row_inner][vc_row_inner][vc_column_inner width=&#8221;1\/3&#8243;][vc_single_image image=&#8221;6317&#8243;][vc_column_text]<\/p>\n<div class=\"elementor-element elementor-element-263f1fe5 elementor-widget elementor-widget-heading\" data-id=\"263f1fe5\" data-element_type=\"widget\" data-widget_type=\"heading.default\">\n<div class=\"elementor-widget-container\">\n<h4>Rast z otrokom<\/h4>\n<p>Boogie Drive je prvi pripomo\u010dek za ravnanje, ki ga je mogo\u010de rasti, za otroke in mladostnike. Alternativno spodbuja senzori\u010dno zaznavanje pokon\u010dnega polo\u017eaja in hkrati mobilnost. Zahvaljujo\u010d mo\u017enosti rasti ga je mogo\u010de rasti 4 cm brez dodatnih delov in ga je mogo\u010de uporabljati v adolescenci za terapijo ravnanja.<\/p>\n<p>&nbsp;<\/p>\n<\/div>\n<\/div>\n<p>[\/vc_column_text][\/vc_column_inner][vc_column_inner width=&#8221;1\/3&#8243;][vc_single_image image=&#8221;6319&#8243;][vc_column_text]<\/p>\n<div class=\"elementor-element elementor-element-263f1fe5 elementor-widget elementor-widget-heading\" data-id=\"263f1fe5\" data-element_type=\"widget\" data-widget_type=\"heading.default\">\n<div class=\"elementor-widget-container\">\n<h4><span class=\"VIpgJd-yAWNEb-VIpgJd-fmcmS-sn54Q\">Enostavno rokovanje<\/span><\/h4>\n<p>Pri razvoju Boogie Drive nam je bilo pomembno enostavno rokovanje in nastavitev za terapevte. Nagib je mogo\u010de brezstopenjsko nastaviti s plinsko vzmetjo ali teleskopom od 0\u00b0 do 15\u00b0, z enostavno in individualno nastavitvijo opornih blazinic in podno\u017enih plo\u0161\u010d pa se lahko odzovete na vsako potrebno obliko terapije. Boogie Drive pomaga svojim uporabnikom, da si s pomo\u010djo mobilnega stanja ustvarijo pozitiven odnos.<\/p>\n<\/div>\n<\/div>\n<p>[\/vc_column_text][\/vc_column_inner][vc_column_inner width=&#8221;1\/3&#8243;][vc_single_image image=&#8221;6339&#8243;][vc_column_text]<\/p>\n<div class=\"elementor-element elementor-element-263f1fe5 elementor-widget elementor-widget-heading\" data-id=\"263f1fe5\" data-element_type=\"widget\" data-widget_type=\"heading.default\">\n<div class=\"elementor-widget-container\">\n<h4>Tri velikosti okvirja<\/h4>\n<p>Noben otrok ne pride na svet, da bi nato do konca \u017eivljenja prele\u017eal v postelji. Ravno nasprotno. Majhni otroci imajo naravno potrebo, da vstanejo in se nau\u010dijo hoditi \u2013 kljub vsem bole\u010dinam. Otrok, ki se zaradi okvare ne more sam postaviti pokonci, potrebuje pripomo\u010dek, ki lahko posreduje pri senzori\u010dnem zaznavanju. Na voljo je v treh standardnih velikostih in je zato idealen pripomo\u010dek za stanje za otroke in mladostnike, visoke od 80 do 150 cm.<\/p>\n<\/div>\n<\/div>\n<p>[\/vc_column_text][\/vc_column_inner][\/vc_row_inner][vc_empty_space height=&#8221;40px&#8221;][\/vc_column][\/vc_row][vc_row full_width=&#8221;stretch_row&#8221; css=&#8221;.vc_custom_1689764110870{background-color: #f8f9fa !important;}&#8221;][vc_column][vc_empty_space height=&#8221;60px&#8221;][vc_column_text]<\/p>\n<h3 style=\"text-align: left\">Koncept zdravljenja<\/h3>\n<p>[\/vc_column_text][vc_row_inner][vc_column_inner][vc_column_text]Boogie Drive podpira terapevtski koncept (zgodnje) mobilnosti v pokon\u010dnem polo\u017eaju. Z oporo po metodi treh to\u010dk za pokon\u010dni polo\u017eaj poteka previdno in nadzorovano obremenjevanje kosti in celotnega mi\u0161i\u010dja. Tudi neaktivne mi\u0161ice se aktivirajo, obremenjujejo in stimulirajo. Hkrati pokon\u010dni polo\u017eaj spodbuja ravnote\u017eni sistem, kar je temeljna zahteva za telesni in kognitivni razvoj \u010dloveka. Najprej z zaznavanjem tridimenzionalnih sprememb v prostoru, ki jih otroci lahko izkusijo: gor\/dol, zadaj\/spredaj, desno\/levo. Iz tega se u\u010dijo: stranske regulacije, nadzora ravnote\u017eja, nadzora refleksov in posledi\u010dno izgradnje nadzorovanega mi\u0161i\u010dnega tonusa.<\/p>\n<p>S to stimulacijo:<\/p>\n<ul>\n<li>stranska prevlada (vzporedna poravnava, diametralna orientacija in aktivnost nista mogo\u010di),<\/li>\n<li>refleksna motnja (hotni in\/ali nehotni vzorci gibanja),<\/li>\n<li>oslabljeno zaznavanje prostora in \u010dutov (otrok lahko svoje okon\u010dine le delno pripi\u0161e sebi in jih dejansko uporablja kot \u00bborodje\u00ab) se lahko upre.<\/li>\n<\/ul>\n<p>S tem se znatno zmanj\u0161a nevarnost skolioze, prele\u017eanin, po\u0161kodb, kr\u010dev, kardiovaskularne, presnovne in\/ali prebavne insuficience itd. Boogie Drive podpira krepitev in stabilizacijo presnove, kardiovaskularnega sistema, ob\u010dutka za ravnote\u017eje, zaznavanja, nadzora refleksov, prebavnega sistema in dihanja. Manj\u0161a uporaba sile pri vo\u017enji zaradi velikih koles, ergonomsko idealen polo\u017eaj kolesa na ramenih, okretnost v najmanj\u0161em prostoru, otroku in razvoju primerne ter rasto\u010de dimenzije omogo\u010dajo terapevtsko smiselno uporabo \u017ee v najzgodnej\u0161ih otro\u0161kih letih. Z rasto\u010dimi velikostmi okvirja se lahko pokon\u010dna terapija nadaljuje tudi v odraslo dobo.[\/vc_column_text][\/vc_column_inner][\/vc_row_inner][vc_empty_space height=&#8221;60px&#8221;][\/vc_column][\/vc_row][vc_row full_width=&#8221;stretch_row&#8221;][vc_column][vc_empty_space height=&#8221;60px&#8221;][vc_column_text]<\/p>\n<h3 style=\"text-align: left\">Tehni\u010dne podrobnosti<\/h3>\n<p>[\/vc_column_text][vc_column_text]<\/p>\n<table>\n<tbody>\n<tr>\n<th>Tehni\u010dne podrobnosti<\/th>\n<th>Boogie Drive<\/th>\n<\/tr>\n<tr>\n<td>nosilnost<\/td>\n<td>60 kg<\/td>\n<\/tr>\n<tr>\n<td>maks. vi\u0161ina uporabnika<\/td>\n<td>pribli\u017eno 150 cm<\/td>\n<\/tr>\n<tr>\n<td>\u0161irina okvirja<\/td>\n<td>36\/ 40\/ 44 cm (+ 4 cm)<\/td>\n<\/tr>\n<tr>\n<td>velikost kolesa<\/td>\n<td>24&#8243;, 26&#8243;, 29&#8243;, 32&#8243;, 36&#8243;<\/td>\n<\/tr>\n<tr>\n<td>upogib<\/td>\n<td>0\u00b0, 3\u00b0, 6\u00b0, 9\u00b0, 12\u00b0<\/td>\n<\/tr>\n<tr>\n<td>nagib sredinskega stebra<\/td>\n<td>Najve\u010d 15\u00b0<\/td>\n<\/tr>\n<\/tbody>\n<\/table>\n<p>[\/vc_column_text][vc_empty_space height=&#8221;60px&#8221;][\/vc_column][\/vc_row][vc_row full_width=&#8221;stretch_row&#8221; css=&#8221;.vc_custom_1689764110870{background-color: #f8f9fa !important;}&#8221;][vc_column][vc_empty_space height=&#8221;60px&#8221;][vc_column_text]<\/p>\n<h3 style=\"text-align: left\">Komponente<\/h3>\n<p>[\/vc_column_text][vc_row_inner][vc_column_inner width=&#8221;1\/2&#8243;][vc_column_text]<\/p>\n<h4>Standardna razli\u010dica<\/h4>\n<p>Naslednje mo\u017enosti so vklju\u010dene v osnovno ceno (izjema: pogonska kolesa)<\/p>\n<ul>\n<li>nastavitev nagiba sredinskega stebra s teleskopsko nastavitvijo od 0\u00b0 do +15\u00b0<\/li>\n<li>profilna kolesa z vgrajenimi ro\u010dnimi plati\u0161\u010di, bobnastimi zavorami in pnevmatikami, odpornimi proti predrtju (niso vklju\u010dene v osnovno ceno, upo\u0161tevajte dopla\u010dilo)<\/li>\n<li>nastavljiv nagib<\/li>\n<li>vzmetena kolesa zadaj z zaklepno ro\u010dico, nastavljiva vi\u0161ina<\/li>\n<li>eno ali dve kolesci spredaj<\/li>\n<li>\u0161\u010ditniki za prsni ko\u0161<\/li>\n<li>vti\u010dna zadnja oporna blazinica, nastavljiva po vi\u0161ini in globini<\/li>\n<li>standardni \u0161\u010ditniki za kolena z izrezom za poga\u010dico, tridimenzionalno nastavljivi, individualno abdukcijski<\/li>\n<li>aluminijasta podno\u017ena plo\u0161\u010da, nastavljiva v 3 dimenzijah, individualno abduktibilna<\/li>\n<li>veliko razli\u010dnih mo\u017enosti premaza<\/li>\n<\/ul>\n<p>[\/vc_column_text][\/vc_column_inner][vc_column_inner width=&#8221;1\/2&#8243;][vc_column_text]<\/p>\n<h4><span class=\"\">Nadaljnje komponente opreme<\/span><\/h4>\n<ul>\n<li>anatomsko oblikovane blazine za sedenje in hrbet<\/li>\n<li>blazine za sede\u017ee in hrbet v \u0161tevilnih razli\u010dnih barvah in vzorcih<\/li>\n<li>Naslonjalo za noge brezstopenjsko nastavljivo po vi\u0161ini, globini in kotu, po izbiri zlo\u017eljivo nazaj<\/li>\n<li>ro\u010daji in palice za potiskanje, nastavljive po vi\u0161ini in kotu<\/li>\n<li>upravljanje zavor spremljevalca na potisni ro\u010dici<\/li>\n<li>razli\u010dni pripomo\u010dki za pozicioniranje (nasloni za glavo in abdukcijski klini)<\/li>\n<li>Veliko razli\u010dnih modelov pokrovov naper<\/li>\n<li>zunanje pnevmatike za sprednji del in posebne pnevmatike<\/li>\n<li>terapevtska miza in steklenica za vodo<\/li>\n<li>pas in zanka za peto<\/li>\n<li>varnostna kolesa in \u0161e veliko ve\u010d<\/li>\n<\/ul>\n<p>[\/vc_column_text][\/vc_column_inner][\/vc_row_inner][vc_empty_space height=&#8221;60px&#8221;][\/vc_column][\/vc_row]<\/p>\n<\/div>","protected":false},"excerpt":{"rendered":"<p><strong>Rasto\u010di mobilni stoje\u010di okvir<\/strong><\/p>\n<p>Boogie Drive podpira terapevtski koncept (zgodnje) mobilnosti v pokon\u010dnem polo\u017eaju. Z oporo po trito\u010dkovni metodi za pokon\u010dni polo\u017eaj poteka previdna in nadzorovana obremenitev kosti in celotnega mi\u0161i\u010dja. Tudi neaktivne mi\u0161ice se aktivirajo, obremenjujejo in stimulirajo.<\/p>\n","protected":false},"featured_media":6305,"comment_status":"closed","ping_status":"closed","template":"","meta":[],"product_brand":[],"product_cat":[222,36],"product_tag":[78,288,287,289,45,254,291,290,88,255],"class_list":{"0":"post-6304","1":"product","2":"type-product","3":"status-publish","4":"has-post-thumbnail","6":"product_cat-invalidski-vozicki-in-skuterji","7":"product_cat-invalidski-vozicki-na-rocni-pogon","8":"product_tag-aktivni","9":"product_tag-boogie","10":"product_tag-boogie-drive","11":"product_tag-drive","12":"product_tag-invalidski-vozicek","13":"product_tag-lahki","14":"product_tag-mobilna-stojka","15":"product_tag-otroska-stojka","16":"product_tag-sorg","17":"product_tag-ultralahki","19":"first","20":"onbackorder","21":"taxable","22":"shipping-taxable","23":"product-type-simple"},"yoast_head":"<!-- This site is optimized with the Yoast SEO plugin v24.0 - https:\/\/yoast.com\/wordpress\/plugins\/seo\/ -->\n<title>Invalidski vozi\u010dek na ro\u010dni pogon BOOGIE DRIVE - Mi Vam<\/title>\n<meta name=\"description\" content=\"Rasto\u010di mobilni stoje\u010di okvir  Boogie Drive podpira terapevtski koncept (zgodnje) mobilnosti v pokon\u010dnem polo\u017eaju. Z oporo po trito\u010dkovni metodi za pokon\u010dni polo\u017eaj poteka previdna in nadzorovana obremenitev kosti in celotnega mi\u0161i\u010dja. Tudi neaktivne mi\u0161ice se aktivirajo, obremenjujejo in stimulirajo.\" \/>\n<meta name=\"robots\" content=\"index, follow, max-snippet:-1, max-image-preview:large, max-video-preview:-1\" \/>\n<link rel=\"canonical\" href=\"https:\/\/www.mivam.com\/izdelek\/invalidski-vozicek-na-rocni-pogon-boogie-drive\/\" \/>\n<meta property=\"og:locale\" content=\"en_US\" \/>\n<meta property=\"og:type\" content=\"article\" \/>\n<meta property=\"og:title\" content=\"Invalidski vozi\u010dek na ro\u010dni pogon BOOGIE DRIVE - Mi Vam\" \/>\n<meta property=\"og:description\" content=\"Rasto\u010di mobilni stoje\u010di okvir  Boogie Drive podpira terapevtski koncept (zgodnje) mobilnosti v pokon\u010dnem polo\u017eaju. Z oporo po trito\u010dkovni metodi za pokon\u010dni polo\u017eaj poteka previdna in nadzorovana obremenitev kosti in celotnega mi\u0161i\u010dja. Tudi neaktivne mi\u0161ice se aktivirajo, obremenjujejo in stimulirajo.\" \/>\n<meta property=\"og:url\" content=\"https:\/\/www.mivam.com\/izdelek\/invalidski-vozicek-na-rocni-pogon-boogie-drive\/\" \/>\n<meta property=\"og:site_name\" content=\"Mi Vam\" \/>\n<meta property=\"article:modified_time\" content=\"2025-06-19T14:04:32+00:00\" \/>\n<meta property=\"og:image\" content=\"https:\/\/www.mivam.com\/wp-content\/uploads\/2025\/05\/2023-stehgeraet-boogie-drive-5614-hinten-schwarzrau-taubenblau.webp\" \/>\n\t<meta property=\"og:image:width\" content=\"800\" \/>\n\t<meta property=\"og:image:height\" content=\"800\" \/>\n\t<meta property=\"og:image:type\" content=\"image\/webp\" \/>\n<meta name=\"twitter:card\" content=\"summary_large_image\" \/>\n<meta name=\"twitter:label1\" content=\"Est. reading time\" \/>\n\t<meta name=\"twitter:data1\" content=\"6 minutes\" \/>\n<script type=\"application\/ld+json\" class=\"yoast-schema-graph\">{\"@context\":\"https:\/\/schema.org\",\"@graph\":[{\"@type\":\"WebPage\",\"@id\":\"https:\/\/www.mivam.com\/izdelek\/invalidski-vozicek-na-rocni-pogon-boogie-drive\/\",\"url\":\"https:\/\/www.mivam.com\/izdelek\/invalidski-vozicek-na-rocni-pogon-boogie-drive\/\",\"name\":\"Invalidski vozi\u010dek na ro\u010dni pogon BOOGIE DRIVE - Mi Vam\",\"isPartOf\":{\"@id\":\"https:\/\/www.mivam.com\/#website\"},\"primaryImageOfPage\":{\"@id\":\"https:\/\/www.mivam.com\/izdelek\/invalidski-vozicek-na-rocni-pogon-boogie-drive\/#primaryimage\"},\"image\":{\"@id\":\"https:\/\/www.mivam.com\/izdelek\/invalidski-vozicek-na-rocni-pogon-boogie-drive\/#primaryimage\"},\"thumbnailUrl\":\"https:\/\/www.mivam.com\/wp-content\/uploads\/2025\/05\/2023-stehgeraet-boogie-drive-5614-hinten-schwarzrau-taubenblau.webp\",\"datePublished\":\"2025-05-13T10:26:12+00:00\",\"dateModified\":\"2025-06-19T14:04:32+00:00\",\"description\":\"Rasto\u010di mobilni stoje\u010di okvir Boogie Drive podpira terapevtski koncept (zgodnje) mobilnosti v pokon\u010dnem polo\u017eaju. Z oporo po trito\u010dkovni metodi za pokon\u010dni polo\u017eaj poteka previdna in nadzorovana obremenitev kosti in celotnega mi\u0161i\u010dja. Tudi neaktivne mi\u0161ice se aktivirajo, obremenjujejo in stimulirajo.\",\"breadcrumb\":{\"@id\":\"https:\/\/www.mivam.com\/izdelek\/invalidski-vozicek-na-rocni-pogon-boogie-drive\/#breadcrumb\"},\"inLanguage\":\"en-US\",\"potentialAction\":[{\"@type\":\"ReadAction\",\"target\":[\"https:\/\/www.mivam.com\/izdelek\/invalidski-vozicek-na-rocni-pogon-boogie-drive\/\"]}]},{\"@type\":\"ImageObject\",\"inLanguage\":\"en-US\",\"@id\":\"https:\/\/www.mivam.com\/izdelek\/invalidski-vozicek-na-rocni-pogon-boogie-drive\/#primaryimage\",\"url\":\"https:\/\/www.mivam.com\/wp-content\/uploads\/2025\/05\/2023-stehgeraet-boogie-drive-5614-hinten-schwarzrau-taubenblau.webp\",\"contentUrl\":\"https:\/\/www.mivam.com\/wp-content\/uploads\/2025\/05\/2023-stehgeraet-boogie-drive-5614-hinten-schwarzrau-taubenblau.webp\",\"width\":800,\"height\":800},{\"@type\":\"BreadcrumbList\",\"@id\":\"https:\/\/www.mivam.com\/izdelek\/invalidski-vozicek-na-rocni-pogon-boogie-drive\/#breadcrumb\",\"itemListElement\":[{\"@type\":\"ListItem\",\"position\":1,\"name\":\"Domov\",\"item\":\"https:\/\/www.mivam.com\/\"},{\"@type\":\"ListItem\",\"position\":2,\"name\":\"Shop\",\"item\":\"https:\/\/www.mivam.com\/en\/shop\/\"},{\"@type\":\"ListItem\",\"position\":3,\"name\":\"Invalidski vozi\u010dki in skuterji\",\"item\":\"https:\/\/www.mivam.com\/kategorija-izdelka\/invalidski-vozicki-in-skuterji\/\"},{\"@type\":\"ListItem\",\"position\":4,\"name\":\"Invalidski vozi\u010dek na ro\u010dni pogon BOOGIE DRIVE\"}]},{\"@type\":\"WebSite\",\"@id\":\"https:\/\/www.mivam.com\/#website\",\"url\":\"https:\/\/www.mivam.com\/\",\"name\":\"Mi Vam\",\"description\":\"Medicinski pripomo\u010dki in re\u0161itve za manj odvisno \u017eivljenje.\",\"potentialAction\":[{\"@type\":\"SearchAction\",\"target\":{\"@type\":\"EntryPoint\",\"urlTemplate\":\"https:\/\/www.mivam.com\/?s={search_term_string}\"},\"query-input\":{\"@type\":\"PropertyValueSpecification\",\"valueRequired\":true,\"valueName\":\"search_term_string\"}}],\"inLanguage\":\"en-US\"}]}<\/script>\n<!-- \/ Yoast SEO plugin. -->","yoast_head_json":{"title":"Invalidski vozi\u010dek na ro\u010dni pogon BOOGIE DRIVE - Mi Vam","description":"Rasto\u010di mobilni stoje\u010di okvir  Boogie Drive podpira terapevtski koncept (zgodnje) mobilnosti v pokon\u010dnem polo\u017eaju. Z oporo po trito\u010dkovni metodi za pokon\u010dni polo\u017eaj poteka previdna in nadzorovana obremenitev kosti in celotnega mi\u0161i\u010dja. Tudi neaktivne mi\u0161ice se aktivirajo, obremenjujejo in stimulirajo.","robots":{"index":"index","follow":"follow","max-snippet":"max-snippet:-1","max-image-preview":"max-image-preview:large","max-video-preview":"max-video-preview:-1"},"canonical":"https:\/\/www.mivam.com\/izdelek\/invalidski-vozicek-na-rocni-pogon-boogie-drive\/","og_locale":"en_US","og_type":"article","og_title":"Invalidski vozi\u010dek na ro\u010dni pogon BOOGIE DRIVE - Mi Vam","og_description":"Rasto\u010di mobilni stoje\u010di okvir  Boogie Drive podpira terapevtski koncept (zgodnje) mobilnosti v pokon\u010dnem polo\u017eaju. Z oporo po trito\u010dkovni metodi za pokon\u010dni polo\u017eaj poteka previdna in nadzorovana obremenitev kosti in celotnega mi\u0161i\u010dja. Tudi neaktivne mi\u0161ice se aktivirajo, obremenjujejo in stimulirajo.","og_url":"https:\/\/www.mivam.com\/izdelek\/invalidski-vozicek-na-rocni-pogon-boogie-drive\/","og_site_name":"Mi Vam","article_modified_time":"2025-06-19T14:04:32+00:00","og_image":[{"width":800,"height":800,"url":"https:\/\/www.mivam.com\/wp-content\/uploads\/2025\/05\/2023-stehgeraet-boogie-drive-5614-hinten-schwarzrau-taubenblau.webp","type":"image\/webp"}],"twitter_card":"summary_large_image","twitter_misc":{"Est. reading time":"6 minutes"},"schema":{"@context":"https:\/\/schema.org","@graph":[{"@type":"WebPage","@id":"https:\/\/www.mivam.com\/izdelek\/invalidski-vozicek-na-rocni-pogon-boogie-drive\/","url":"https:\/\/www.mivam.com\/izdelek\/invalidski-vozicek-na-rocni-pogon-boogie-drive\/","name":"Invalidski vozi\u010dek na ro\u010dni pogon BOOGIE DRIVE - Mi Vam","isPartOf":{"@id":"https:\/\/www.mivam.com\/#website"},"primaryImageOfPage":{"@id":"https:\/\/www.mivam.com\/izdelek\/invalidski-vozicek-na-rocni-pogon-boogie-drive\/#primaryimage"},"image":{"@id":"https:\/\/www.mivam.com\/izdelek\/invalidski-vozicek-na-rocni-pogon-boogie-drive\/#primaryimage"},"thumbnailUrl":"https:\/\/www.mivam.com\/wp-content\/uploads\/2025\/05\/2023-stehgeraet-boogie-drive-5614-hinten-schwarzrau-taubenblau.webp","datePublished":"2025-05-13T10:26:12+00:00","dateModified":"2025-06-19T14:04:32+00:00","description":"Rasto\u010di mobilni stoje\u010di okvir Boogie Drive podpira terapevtski koncept (zgodnje) mobilnosti v pokon\u010dnem polo\u017eaju. Z oporo po trito\u010dkovni metodi za pokon\u010dni polo\u017eaj poteka previdna in nadzorovana obremenitev kosti in celotnega mi\u0161i\u010dja. Tudi neaktivne mi\u0161ice se aktivirajo, obremenjujejo in stimulirajo.","breadcrumb":{"@id":"https:\/\/www.mivam.com\/izdelek\/invalidski-vozicek-na-rocni-pogon-boogie-drive\/#breadcrumb"},"inLanguage":"en-US","potentialAction":[{"@type":"ReadAction","target":["https:\/\/www.mivam.com\/izdelek\/invalidski-vozicek-na-rocni-pogon-boogie-drive\/"]}]},{"@type":"ImageObject","inLanguage":"en-US","@id":"https:\/\/www.mivam.com\/izdelek\/invalidski-vozicek-na-rocni-pogon-boogie-drive\/#primaryimage","url":"https:\/\/www.mivam.com\/wp-content\/uploads\/2025\/05\/2023-stehgeraet-boogie-drive-5614-hinten-schwarzrau-taubenblau.webp","contentUrl":"https:\/\/www.mivam.com\/wp-content\/uploads\/2025\/05\/2023-stehgeraet-boogie-drive-5614-hinten-schwarzrau-taubenblau.webp","width":800,"height":800},{"@type":"BreadcrumbList","@id":"https:\/\/www.mivam.com\/izdelek\/invalidski-vozicek-na-rocni-pogon-boogie-drive\/#breadcrumb","itemListElement":[{"@type":"ListItem","position":1,"name":"Domov","item":"https:\/\/www.mivam.com\/"},{"@type":"ListItem","position":2,"name":"Shop","item":"https:\/\/www.mivam.com\/en\/shop\/"},{"@type":"ListItem","position":3,"name":"Invalidski vozi\u010dki in skuterji","item":"https:\/\/www.mivam.com\/kategorija-izdelka\/invalidski-vozicki-in-skuterji\/"},{"@type":"ListItem","position":4,"name":"Invalidski vozi\u010dek na ro\u010dni pogon BOOGIE DRIVE"}]},{"@type":"WebSite","@id":"https:\/\/www.mivam.com\/#website","url":"https:\/\/www.mivam.com\/","name":"Mi Vam","description":"Medicinski pripomo\u010dki in re\u0161itve za manj odvisno \u017eivljenje.","potentialAction":[{"@type":"SearchAction","target":{"@type":"EntryPoint","urlTemplate":"https:\/\/www.mivam.com\/?s={search_term_string}"},"query-input":{"@type":"PropertyValueSpecification","valueRequired":true,"valueName":"search_term_string"}}],"inLanguage":"en-US"}]}},"_links":{"self":[{"href":"https:\/\/www.mivam.com\/en\/wp-json\/wp\/v2\/product\/6304","targetHints":{"allow":["GET"]}}],"collection":[{"href":"https:\/\/www.mivam.com\/en\/wp-json\/wp\/v2\/product"}],"about":[{"href":"https:\/\/www.mivam.com\/en\/wp-json\/wp\/v2\/types\/product"}],"replies":[{"embeddable":true,"href":"https:\/\/www.mivam.com\/en\/wp-json\/wp\/v2\/comments?post=6304"}],"wp:featuredmedia":[{"embeddable":true,"href":"https:\/\/www.mivam.com\/en\/wp-json\/wp\/v2\/media\/6305"}],"wp:attachment":[{"href":"https:\/\/www.mivam.com\/en\/wp-json\/wp\/v2\/media?parent=6304"}],"wp:term":[{"taxonomy":"product_brand","embeddable":true,"href":"https:\/\/www.mivam.com\/en\/wp-json\/wp\/v2\/product_brand?post=6304"},{"taxonomy":"product_cat","embeddable":true,"href":"https:\/\/www.mivam.com\/en\/wp-json\/wp\/v2\/product_cat?post=6304"},{"taxonomy":"product_tag","embeddable":true,"href":"https:\/\/www.mivam.com\/en\/wp-json\/wp\/v2\/product_tag?post=6304"}],"curies":[{"name":"wp","href":"https:\/\/api.w.org\/{rel}","templated":true}]}}