{"id":5843,"date":"2025-05-09T09:34:17","date_gmt":"2025-05-09T07:34:17","guid":{"rendered":"https:\/\/pisarna.novisplet.com\/dev2\/mivam_old\/?post_type=product&#038;p=5843"},"modified":"2025-05-09T09:48:59","modified_gmt":"2025-05-09T07:48:59","slug":"inclusive-technology-dodatki-katalog-kopija","status":"publish","type":"product","link":"https:\/\/www.mivam.com\/en\/izdelek\/inclusive-technology-dodatki-katalog-kopija\/","title":{"rendered":"Inclusive Technology dodatki &#8211; Katalog"},"content":{"rendered":"<div class=\"wpb-content-wrapper\"><p>[vc_row][vc_column][vc_column_text]Smo vodilni dobavitelj programske in strojne opreme za ljudi s posebnimi potrebami. Posve\u010damo se zagotavljanju pionirske in \u017eivljenjsko spreminjajo\u010de podporne tehnologije na\u0161im strankam po vsem svetu. Od prelomne tehnologije pogleda in komunikacije do nagrajene izobra\u017eevalne spletne programske opreme in aplikacij, stikalnega dostopa, re\u0161itev za monta\u017eo in nadzora okolja, ponujamo celotno paleto inovativnih izdelkov, ki na\u0161im strankam omogo\u010dajo komunikacijo, u\u010denje in igro.<\/p>\n<p>Ponosni smo, da sodelujemo s tiso\u010di posebnih \u0161ol, bolni\u0161nic, sredi\u0161\u010d in zdru\u017eenj po vsem svetu, da bi zagotovili najbolj\u0161e mo\u017ene izdelke in storitve, in nas zastopajo vodilna podjetja na trgu podporne tehnologije na svetovni ravni. Na\u010drtujemo in dobavljamo izdelke, ki so resni\u010dno dostopni, da bi opolnomo\u010dili u\u010dence s telesnimi motnjami, senzori\u010dnimi okvarami in u\u010dnimi te\u017eavami. Na\u0161e poslanstvo je nenehno zadovoljevati njihove spreminjajo\u010de se potrebe in zagotavljati najbolj\u0161e vire, ki jim bodo pomagali dose\u010di njihov potencial.<\/p>\n<p>Ekipa Inclusive s sede\u017eem v vasi Saddleworth v Delphu, vzhodno od Manchestra, \u017ee vrsto let sodeluje pri slu\u017eenju in podpori svetovne skupnosti za otroke s posebnimi potrebami.<\/p>\n<p><a href=\"https:\/\/www.mivam.com\/wp-content\/uploads\/2025\/05\/inclusive-technology-logo.png\"><img decoding=\"async\" class=\"aligncenter size-full wp-image-5856\" src=\"https:\/\/www.mivam.com\/wp-content\/uploads\/2025\/05\/inclusive-technology-logo.png\" alt=\"\" width=\"500\" height=\"242\" srcset=\"https:\/\/www.mivam.com\/wp-content\/uploads\/2025\/05\/inclusive-technology-logo.png 500w, https:\/\/www.mivam.com\/wp-content\/uploads\/2025\/05\/inclusive-technology-logo-300x145.png 300w\" sizes=\"(max-width: 500px) 100vw, 500px\" \/><\/a>[\/vc_column_text][\/vc_column][\/vc_row][vc_row][vc_column]\r\n<div class=\"file-wrap \" id=\"\">\r\n\t\t\t\t\t<a href=\"https:\/\/www.mivam.com\/wp-content\/uploads\/2025\/05\/inclusive-online-catalogue-2024-25.pdf\" target=\"_blank\" class=\"file-dl-btn\">\t\r\n\t\t\t\t\t\t<img decoding=\"async\" src=\"https:\/\/www.mivam.com\/wp-content\/uploads\/2025\/05\/catalogue-2024-25-graphic.jpg\" alt=\"Inclusive Technology Katalog\" \/>\r\n\t\t\t\t\t\t<span>Inclusive Technology Katalog<\/span>\r\n\t\t\t\t\t<\/a>\r\n\t\t\t\t<\/div>\r\n       \r\n        [\/vc_column][\/vc_row]<\/p>\n<\/div>","protected":false},"excerpt":{"rendered":"<p>Prelistajte katalog za razli\u010dne dodatke Inclusive Technology na voljo po naro\u010dilu za NDK, AAC naprave.<\/p>\n","protected":false},"featured_media":5856,"comment_status":"closed","ping_status":"closed","template":"","meta":[],"product_brand":[],"product_cat":[223,175],"product_tag":[133,181,264,263,81,262,260,259,265,261],"class_list":{"0":"post-5843","1":"product","2":"type-product","3":"status-publish","4":"has-post-thumbnail","6":"product_cat-komunikatorji","7":"product_cat-dodatki","8":"product_tag-aac","9":"product_tag-dodatki","10":"product_tag-inclusive","11":"product_tag-inclusive-technology","12":"product_tag-katalog","13":"product_tag-ndk","14":"product_tag-stikala","15":"product_tag-switch","16":"product_tag-technology","17":"product_tag-tipkovnice","19":"first","20":"onbackorder","21":"taxable","22":"shipping-taxable","23":"product-type-simple"},"yoast_head":"<!-- This site is optimized with the Yoast SEO plugin v24.0 - https:\/\/yoast.com\/wordpress\/plugins\/seo\/ -->\n<title>Inclusive Technology dodatki - Katalog - Mi Vam<\/title>\n<meta name=\"description\" content=\"Prelistajte katalog za razli\u010dne dodatke Inclusive Technology na voljo po naro\u010dilu za NDK, AAC naprave.\" \/>\n<meta name=\"robots\" content=\"index, follow, max-snippet:-1, max-image-preview:large, max-video-preview:-1\" \/>\n<link rel=\"canonical\" href=\"https:\/\/www.mivam.com\/izdelek\/inclusive-technology-dodatki-katalog-kopija\/\" \/>\n<meta property=\"og:locale\" content=\"en_US\" \/>\n<meta property=\"og:type\" content=\"article\" \/>\n<meta property=\"og:title\" content=\"Inclusive Technology dodatki - Katalog - Mi Vam\" \/>\n<meta property=\"og:description\" content=\"Prelistajte katalog za razli\u010dne dodatke Inclusive Technology na voljo po naro\u010dilu za NDK, AAC naprave.\" \/>\n<meta property=\"og:url\" content=\"https:\/\/www.mivam.com\/izdelek\/inclusive-technology-dodatki-katalog-kopija\/\" \/>\n<meta property=\"og:site_name\" content=\"Mi Vam\" \/>\n<meta property=\"article:modified_time\" content=\"2025-05-09T07:48:59+00:00\" \/>\n<meta property=\"og:image\" content=\"https:\/\/www.mivam.com\/wp-content\/uploads\/2025\/05\/inclusive-technology-logo.png\" \/>\n\t<meta property=\"og:image:width\" content=\"500\" \/>\n\t<meta property=\"og:image:height\" content=\"242\" \/>\n\t<meta property=\"og:image:type\" content=\"image\/png\" \/>\n<meta name=\"twitter:card\" content=\"summary_large_image\" \/>\n<meta name=\"twitter:label1\" content=\"Est. reading time\" \/>\n\t<meta name=\"twitter:data1\" content=\"2 minutes\" \/>\n<script type=\"application\/ld+json\" class=\"yoast-schema-graph\">{\"@context\":\"https:\/\/schema.org\",\"@graph\":[{\"@type\":\"WebPage\",\"@id\":\"https:\/\/www.mivam.com\/izdelek\/inclusive-technology-dodatki-katalog-kopija\/\",\"url\":\"https:\/\/www.mivam.com\/izdelek\/inclusive-technology-dodatki-katalog-kopija\/\",\"name\":\"Inclusive Technology dodatki - Katalog - Mi Vam\",\"isPartOf\":{\"@id\":\"https:\/\/www.mivam.com\/#website\"},\"primaryImageOfPage\":{\"@id\":\"https:\/\/www.mivam.com\/izdelek\/inclusive-technology-dodatki-katalog-kopija\/#primaryimage\"},\"image\":{\"@id\":\"https:\/\/www.mivam.com\/izdelek\/inclusive-technology-dodatki-katalog-kopija\/#primaryimage\"},\"thumbnailUrl\":\"https:\/\/www.mivam.com\/wp-content\/uploads\/2025\/05\/inclusive-technology-logo.png\",\"datePublished\":\"2025-05-09T07:34:17+00:00\",\"dateModified\":\"2025-05-09T07:48:59+00:00\",\"description\":\"Prelistajte katalog za razli\u010dne dodatke Inclusive Technology na voljo po naro\u010dilu za NDK, AAC naprave.\",\"breadcrumb\":{\"@id\":\"https:\/\/www.mivam.com\/izdelek\/inclusive-technology-dodatki-katalog-kopija\/#breadcrumb\"},\"inLanguage\":\"en-US\",\"potentialAction\":[{\"@type\":\"ReadAction\",\"target\":[\"https:\/\/www.mivam.com\/izdelek\/inclusive-technology-dodatki-katalog-kopija\/\"]}]},{\"@type\":\"ImageObject\",\"inLanguage\":\"en-US\",\"@id\":\"https:\/\/www.mivam.com\/izdelek\/inclusive-technology-dodatki-katalog-kopija\/#primaryimage\",\"url\":\"https:\/\/www.mivam.com\/wp-content\/uploads\/2025\/05\/inclusive-technology-logo.png\",\"contentUrl\":\"https:\/\/www.mivam.com\/wp-content\/uploads\/2025\/05\/inclusive-technology-logo.png\",\"width\":500,\"height\":242},{\"@type\":\"BreadcrumbList\",\"@id\":\"https:\/\/www.mivam.com\/izdelek\/inclusive-technology-dodatki-katalog-kopija\/#breadcrumb\",\"itemListElement\":[{\"@type\":\"ListItem\",\"position\":1,\"name\":\"Domov\",\"item\":\"https:\/\/www.mivam.com\/\"},{\"@type\":\"ListItem\",\"position\":2,\"name\":\"Shop\",\"item\":\"https:\/\/www.mivam.com\/en\/shop\/\"},{\"@type\":\"ListItem\",\"position\":3,\"name\":\"Komunikatorji\",\"item\":\"https:\/\/www.mivam.com\/kategorija-izdelka\/komunikatorji\/\"},{\"@type\":\"ListItem\",\"position\":4,\"name\":\"Dodatki\",\"item\":\"https:\/\/www.mivam.com\/kategorija-izdelka\/komunikatorji\/dodatki\/\"},{\"@type\":\"ListItem\",\"position\":5,\"name\":\"Inclusive Technology dodatki &#8211; Katalog\"}]},{\"@type\":\"WebSite\",\"@id\":\"https:\/\/www.mivam.com\/#website\",\"url\":\"https:\/\/www.mivam.com\/\",\"name\":\"Mi Vam\",\"description\":\"Medicinski pripomo\u010dki in re\u0161itve za manj odvisno \u017eivljenje.\",\"potentialAction\":[{\"@type\":\"SearchAction\",\"target\":{\"@type\":\"EntryPoint\",\"urlTemplate\":\"https:\/\/www.mivam.com\/?s={search_term_string}\"},\"query-input\":{\"@type\":\"PropertyValueSpecification\",\"valueRequired\":true,\"valueName\":\"search_term_string\"}}],\"inLanguage\":\"en-US\"}]}<\/script>\n<!-- \/ Yoast SEO plugin. -->","yoast_head_json":{"title":"Inclusive Technology dodatki - Katalog - Mi Vam","description":"Prelistajte katalog za razli\u010dne dodatke Inclusive Technology na voljo po naro\u010dilu za NDK, AAC naprave.","robots":{"index":"index","follow":"follow","max-snippet":"max-snippet:-1","max-image-preview":"max-image-preview:large","max-video-preview":"max-video-preview:-1"},"canonical":"https:\/\/www.mivam.com\/izdelek\/inclusive-technology-dodatki-katalog-kopija\/","og_locale":"en_US","og_type":"article","og_title":"Inclusive Technology dodatki - Katalog - Mi Vam","og_description":"Prelistajte katalog za razli\u010dne dodatke Inclusive Technology na voljo po naro\u010dilu za NDK, AAC naprave.","og_url":"https:\/\/www.mivam.com\/izdelek\/inclusive-technology-dodatki-katalog-kopija\/","og_site_name":"Mi Vam","article_modified_time":"2025-05-09T07:48:59+00:00","og_image":[{"width":500,"height":242,"url":"https:\/\/www.mivam.com\/wp-content\/uploads\/2025\/05\/inclusive-technology-logo.png","type":"image\/png"}],"twitter_card":"summary_large_image","twitter_misc":{"Est. reading time":"2 minutes"},"schema":{"@context":"https:\/\/schema.org","@graph":[{"@type":"WebPage","@id":"https:\/\/www.mivam.com\/izdelek\/inclusive-technology-dodatki-katalog-kopija\/","url":"https:\/\/www.mivam.com\/izdelek\/inclusive-technology-dodatki-katalog-kopija\/","name":"Inclusive Technology dodatki - Katalog - Mi Vam","isPartOf":{"@id":"https:\/\/www.mivam.com\/#website"},"primaryImageOfPage":{"@id":"https:\/\/www.mivam.com\/izdelek\/inclusive-technology-dodatki-katalog-kopija\/#primaryimage"},"image":{"@id":"https:\/\/www.mivam.com\/izdelek\/inclusive-technology-dodatki-katalog-kopija\/#primaryimage"},"thumbnailUrl":"https:\/\/www.mivam.com\/wp-content\/uploads\/2025\/05\/inclusive-technology-logo.png","datePublished":"2025-05-09T07:34:17+00:00","dateModified":"2025-05-09T07:48:59+00:00","description":"Prelistajte katalog za razli\u010dne dodatke Inclusive Technology na voljo po naro\u010dilu za NDK, AAC naprave.","breadcrumb":{"@id":"https:\/\/www.mivam.com\/izdelek\/inclusive-technology-dodatki-katalog-kopija\/#breadcrumb"},"inLanguage":"en-US","potentialAction":[{"@type":"ReadAction","target":["https:\/\/www.mivam.com\/izdelek\/inclusive-technology-dodatki-katalog-kopija\/"]}]},{"@type":"ImageObject","inLanguage":"en-US","@id":"https:\/\/www.mivam.com\/izdelek\/inclusive-technology-dodatki-katalog-kopija\/#primaryimage","url":"https:\/\/www.mivam.com\/wp-content\/uploads\/2025\/05\/inclusive-technology-logo.png","contentUrl":"https:\/\/www.mivam.com\/wp-content\/uploads\/2025\/05\/inclusive-technology-logo.png","width":500,"height":242},{"@type":"BreadcrumbList","@id":"https:\/\/www.mivam.com\/izdelek\/inclusive-technology-dodatki-katalog-kopija\/#breadcrumb","itemListElement":[{"@type":"ListItem","position":1,"name":"Domov","item":"https:\/\/www.mivam.com\/"},{"@type":"ListItem","position":2,"name":"Shop","item":"https:\/\/www.mivam.com\/en\/shop\/"},{"@type":"ListItem","position":3,"name":"Komunikatorji","item":"https:\/\/www.mivam.com\/kategorija-izdelka\/komunikatorji\/"},{"@type":"ListItem","position":4,"name":"Dodatki","item":"https:\/\/www.mivam.com\/kategorija-izdelka\/komunikatorji\/dodatki\/"},{"@type":"ListItem","position":5,"name":"Inclusive Technology dodatki &#8211; Katalog"}]},{"@type":"WebSite","@id":"https:\/\/www.mivam.com\/#website","url":"https:\/\/www.mivam.com\/","name":"Mi Vam","description":"Medicinski pripomo\u010dki in re\u0161itve za manj odvisno \u017eivljenje.","potentialAction":[{"@type":"SearchAction","target":{"@type":"EntryPoint","urlTemplate":"https:\/\/www.mivam.com\/?s={search_term_string}"},"query-input":{"@type":"PropertyValueSpecification","valueRequired":true,"valueName":"search_term_string"}}],"inLanguage":"en-US"}]}},"_links":{"self":[{"href":"https:\/\/www.mivam.com\/en\/wp-json\/wp\/v2\/product\/5843","targetHints":{"allow":["GET"]}}],"collection":[{"href":"https:\/\/www.mivam.com\/en\/wp-json\/wp\/v2\/product"}],"about":[{"href":"https:\/\/www.mivam.com\/en\/wp-json\/wp\/v2\/types\/product"}],"replies":[{"embeddable":true,"href":"https:\/\/www.mivam.com\/en\/wp-json\/wp\/v2\/comments?post=5843"}],"wp:featuredmedia":[{"embeddable":true,"href":"https:\/\/www.mivam.com\/en\/wp-json\/wp\/v2\/media\/5856"}],"wp:attachment":[{"href":"https:\/\/www.mivam.com\/en\/wp-json\/wp\/v2\/media?parent=5843"}],"wp:term":[{"taxonomy":"product_brand","embeddable":true,"href":"https:\/\/www.mivam.com\/en\/wp-json\/wp\/v2\/product_brand?post=5843"},{"taxonomy":"product_cat","embeddable":true,"href":"https:\/\/www.mivam.com\/en\/wp-json\/wp\/v2\/product_cat?post=5843"},{"taxonomy":"product_tag","embeddable":true,"href":"https:\/\/www.mivam.com\/en\/wp-json\/wp\/v2\/product_tag?post=5843"}],"curies":[{"name":"wp","href":"https:\/\/api.w.org\/{rel}","templated":true}]}}