{"id":5833,"date":"2025-05-08T15:11:56","date_gmt":"2025-05-08T13:11:56","guid":{"rendered":"https:\/\/pisarna.novisplet.com\/dev2\/mivam_old\/?post_type=product&#038;p=5833"},"modified":"2025-05-08T15:11:57","modified_gmt":"2025-05-08T13:11:57","slug":"pretorian-technologies-dodatki-katalog","status":"publish","type":"product","link":"https:\/\/www.mivam.com\/en\/izdelek\/pretorian-technologies-dodatki-katalog\/","title":{"rendered":"Pretorian Technologies dodatki &#8211; Katalog"},"content":{"rendered":"<div class=\"wpb-content-wrapper\"><p>[vc_row][vc_column][vc_column_text]Za trg s posebnimi potrebami je ponudba izdelkov za podporno tehnologijo in komunikacijo podjetja Pretorian Technologies najobse\u017enej\u0161a in najobse\u017enej\u0161a med vsemi proizvajalci ter vklju\u010duje edinstveno dru\u017eino brez\u017ei\u010dnih izdelkov SimplyWorks\u00ae AT (podporna tehnologija) in AAC (dodatna in alternativna komunikacija).<\/p>\n<p>Za industrijski, komercialni in visoko relevantni trg ponudba podjetja Pretorian Technologies obsega sledilne kroglice za monta\u017eo na plo\u0161\u010de, na fasado in namizne sledilne kroglice ter igralne palice za monta\u017eo na fasado, primerne za uporabo v vseh ra\u010dunalni\u0161kih aplikacijah.<\/p>\n<p>Z ve\u010d kot \u0161tiridesetletnimi izku\u0161njami na podro\u010dju oblikovanja sledilnih kroglic je podjetje Pretorian Technologies registrirano po standardu ISO 9001:2015 za na\u010drtovanje in izdelavo vhodnih naprav za trg s posebnimi potrebami in industrijski trg. Z zdru\u017eitvijo najsodobnej\u0161ih tehnik oblikovanja in strokovnega znanja na podro\u010dju proizvodnje se izdelki podjetja Pretorian Technologies prodajajo po vsem svetu prek velike mre\u017ee distributerjev in specializiranih proizvajalcev originalne opreme.<\/p>\n<p><a href=\"https:\/\/www.mivam.com\/wp-content\/uploads\/2025\/05\/pretorian-logo.png\"><img decoding=\"async\" class=\"aligncenter size-full wp-image-5834\" src=\"https:\/\/www.mivam.com\/wp-content\/uploads\/2025\/05\/pretorian-logo.png\" alt=\"\" width=\"299\" height=\"110\" \/><\/a>[\/vc_column_text][\/vc_column][\/vc_row][vc_row][vc_column]\r\n<div class=\"file-wrap \" id=\"\">\r\n\t\t\t\t\t<a href=\"https:\/\/www.mivam.com\/wp-content\/uploads\/2025\/05\/pretorian-technologies-catalogue-march-2020.pdf\" target=\"_blank\" class=\"file-dl-btn\">\t\r\n\t\t\t\t\t\t<img decoding=\"async\" src=\"https:\/\/www.mivam.com\/wp-content\/uploads\/2025\/05\/zajeta-slika-katalog.jpg\" alt=\"PRETORIAN TECHNOLOGIES KATALOG\" \/>\r\n\t\t\t\t\t\t<span>PRETORIAN TECHNOLOGIES KATALOG<\/span>\r\n\t\t\t\t\t<\/a>\r\n\t\t\t\t<\/div>\r\n       \r\n        [\/vc_column][\/vc_row]<\/p>\n<\/div>","protected":false},"excerpt":{"rendered":"<p>Prelistajte katalog za razli\u010dne dodatke Pretorian Technologies na voljo po naro\u010dilu za NDK, AAC naprave.<\/p>\n","protected":false},"featured_media":5836,"comment_status":"closed","ping_status":"closed","template":"","meta":[],"product_brand":[],"product_cat":[223,175],"product_tag":[133,181,81,262,256,258,260,259,257,261],"class_list":{"0":"post-5833","1":"product","2":"type-product","3":"status-publish","4":"has-post-thumbnail","6":"product_cat-komunikatorji","7":"product_cat-dodatki","8":"product_tag-aac","9":"product_tag-dodatki","10":"product_tag-katalog","11":"product_tag-ndk","12":"product_tag-pretorian","13":"product_tag-pretorian-technologies","14":"product_tag-stikala","15":"product_tag-switch","16":"product_tag-technologies","17":"product_tag-tipkovnice","19":"first","20":"onbackorder","21":"taxable","22":"shipping-taxable","23":"product-type-simple"},"yoast_head":"<!-- This site is optimized with the Yoast SEO plugin v24.0 - https:\/\/yoast.com\/wordpress\/plugins\/seo\/ -->\n<title>Pretorian Technologies dodatki - Katalog - Mi Vam<\/title>\n<meta name=\"description\" content=\"Prelistajte katalog za razli\u010dne dodatke Pretorian Technologies na voljo po naro\u010dilu za NDK, AAC naprave.\" \/>\n<meta name=\"robots\" content=\"index, follow, max-snippet:-1, max-image-preview:large, max-video-preview:-1\" \/>\n<link rel=\"canonical\" href=\"https:\/\/www.mivam.com\/izdelek\/pretorian-technologies-dodatki-katalog\/\" \/>\n<meta property=\"og:locale\" content=\"en_US\" \/>\n<meta property=\"og:type\" content=\"article\" \/>\n<meta property=\"og:title\" content=\"Pretorian Technologies dodatki - Katalog - Mi Vam\" \/>\n<meta property=\"og:description\" content=\"Prelistajte katalog za razli\u010dne dodatke Pretorian Technologies na voljo po naro\u010dilu za NDK, AAC naprave.\" \/>\n<meta property=\"og:url\" content=\"https:\/\/www.mivam.com\/izdelek\/pretorian-technologies-dodatki-katalog\/\" \/>\n<meta property=\"og:site_name\" content=\"Mi Vam\" \/>\n<meta property=\"article:modified_time\" content=\"2025-05-08T13:11:57+00:00\" \/>\n<meta property=\"og:image\" content=\"https:\/\/www.mivam.com\/wp-content\/uploads\/2025\/05\/image111s.png\" \/>\n\t<meta property=\"og:image:width\" content=\"225\" \/>\n\t<meta property=\"og:image:height\" content=\"225\" \/>\n\t<meta property=\"og:image:type\" content=\"image\/png\" \/>\n<meta name=\"twitter:card\" content=\"summary_large_image\" \/>\n<meta name=\"twitter:label1\" content=\"Est. reading time\" \/>\n\t<meta name=\"twitter:data1\" content=\"2 minutes\" \/>\n<script type=\"application\/ld+json\" class=\"yoast-schema-graph\">{\"@context\":\"https:\/\/schema.org\",\"@graph\":[{\"@type\":\"WebPage\",\"@id\":\"https:\/\/www.mivam.com\/izdelek\/pretorian-technologies-dodatki-katalog\/\",\"url\":\"https:\/\/www.mivam.com\/izdelek\/pretorian-technologies-dodatki-katalog\/\",\"name\":\"Pretorian Technologies dodatki - Katalog - Mi Vam\",\"isPartOf\":{\"@id\":\"https:\/\/www.mivam.com\/#website\"},\"primaryImageOfPage\":{\"@id\":\"https:\/\/www.mivam.com\/izdelek\/pretorian-technologies-dodatki-katalog\/#primaryimage\"},\"image\":{\"@id\":\"https:\/\/www.mivam.com\/izdelek\/pretorian-technologies-dodatki-katalog\/#primaryimage\"},\"thumbnailUrl\":\"https:\/\/www.mivam.com\/wp-content\/uploads\/2025\/05\/image111s.png\",\"datePublished\":\"2025-05-08T13:11:56+00:00\",\"dateModified\":\"2025-05-08T13:11:57+00:00\",\"description\":\"Prelistajte katalog za razli\u010dne dodatke Pretorian Technologies na voljo po naro\u010dilu za NDK, AAC naprave.\",\"breadcrumb\":{\"@id\":\"https:\/\/www.mivam.com\/izdelek\/pretorian-technologies-dodatki-katalog\/#breadcrumb\"},\"inLanguage\":\"en-US\",\"potentialAction\":[{\"@type\":\"ReadAction\",\"target\":[\"https:\/\/www.mivam.com\/izdelek\/pretorian-technologies-dodatki-katalog\/\"]}]},{\"@type\":\"ImageObject\",\"inLanguage\":\"en-US\",\"@id\":\"https:\/\/www.mivam.com\/izdelek\/pretorian-technologies-dodatki-katalog\/#primaryimage\",\"url\":\"https:\/\/www.mivam.com\/wp-content\/uploads\/2025\/05\/image111s.png\",\"contentUrl\":\"https:\/\/www.mivam.com\/wp-content\/uploads\/2025\/05\/image111s.png\",\"width\":225,\"height\":225},{\"@type\":\"BreadcrumbList\",\"@id\":\"https:\/\/www.mivam.com\/izdelek\/pretorian-technologies-dodatki-katalog\/#breadcrumb\",\"itemListElement\":[{\"@type\":\"ListItem\",\"position\":1,\"name\":\"Domov\",\"item\":\"https:\/\/www.mivam.com\/\"},{\"@type\":\"ListItem\",\"position\":2,\"name\":\"Shop\",\"item\":\"https:\/\/www.mivam.com\/en\/shop\/\"},{\"@type\":\"ListItem\",\"position\":3,\"name\":\"Komunikatorji\",\"item\":\"https:\/\/www.mivam.com\/kategorija-izdelka\/komunikatorji\/\"},{\"@type\":\"ListItem\",\"position\":4,\"name\":\"Dodatki\",\"item\":\"https:\/\/www.mivam.com\/kategorija-izdelka\/komunikatorji\/dodatki\/\"},{\"@type\":\"ListItem\",\"position\":5,\"name\":\"Pretorian Technologies dodatki &#8211; Katalog\"}]},{\"@type\":\"WebSite\",\"@id\":\"https:\/\/www.mivam.com\/#website\",\"url\":\"https:\/\/www.mivam.com\/\",\"name\":\"Mi Vam\",\"description\":\"Medicinski pripomo\u010dki in re\u0161itve za manj odvisno \u017eivljenje.\",\"potentialAction\":[{\"@type\":\"SearchAction\",\"target\":{\"@type\":\"EntryPoint\",\"urlTemplate\":\"https:\/\/www.mivam.com\/?s={search_term_string}\"},\"query-input\":{\"@type\":\"PropertyValueSpecification\",\"valueRequired\":true,\"valueName\":\"search_term_string\"}}],\"inLanguage\":\"en-US\"}]}<\/script>\n<!-- \/ Yoast SEO plugin. -->","yoast_head_json":{"title":"Pretorian Technologies dodatki - Katalog - Mi Vam","description":"Prelistajte katalog za razli\u010dne dodatke Pretorian Technologies na voljo po naro\u010dilu za NDK, AAC naprave.","robots":{"index":"index","follow":"follow","max-snippet":"max-snippet:-1","max-image-preview":"max-image-preview:large","max-video-preview":"max-video-preview:-1"},"canonical":"https:\/\/www.mivam.com\/izdelek\/pretorian-technologies-dodatki-katalog\/","og_locale":"en_US","og_type":"article","og_title":"Pretorian Technologies dodatki - Katalog - Mi Vam","og_description":"Prelistajte katalog za razli\u010dne dodatke Pretorian Technologies na voljo po naro\u010dilu za NDK, AAC naprave.","og_url":"https:\/\/www.mivam.com\/izdelek\/pretorian-technologies-dodatki-katalog\/","og_site_name":"Mi Vam","article_modified_time":"2025-05-08T13:11:57+00:00","og_image":[{"width":225,"height":225,"url":"https:\/\/www.mivam.com\/wp-content\/uploads\/2025\/05\/image111s.png","type":"image\/png"}],"twitter_card":"summary_large_image","twitter_misc":{"Est. reading time":"2 minutes"},"schema":{"@context":"https:\/\/schema.org","@graph":[{"@type":"WebPage","@id":"https:\/\/www.mivam.com\/izdelek\/pretorian-technologies-dodatki-katalog\/","url":"https:\/\/www.mivam.com\/izdelek\/pretorian-technologies-dodatki-katalog\/","name":"Pretorian Technologies dodatki - Katalog - Mi Vam","isPartOf":{"@id":"https:\/\/www.mivam.com\/#website"},"primaryImageOfPage":{"@id":"https:\/\/www.mivam.com\/izdelek\/pretorian-technologies-dodatki-katalog\/#primaryimage"},"image":{"@id":"https:\/\/www.mivam.com\/izdelek\/pretorian-technologies-dodatki-katalog\/#primaryimage"},"thumbnailUrl":"https:\/\/www.mivam.com\/wp-content\/uploads\/2025\/05\/image111s.png","datePublished":"2025-05-08T13:11:56+00:00","dateModified":"2025-05-08T13:11:57+00:00","description":"Prelistajte katalog za razli\u010dne dodatke Pretorian Technologies na voljo po naro\u010dilu za NDK, AAC naprave.","breadcrumb":{"@id":"https:\/\/www.mivam.com\/izdelek\/pretorian-technologies-dodatki-katalog\/#breadcrumb"},"inLanguage":"en-US","potentialAction":[{"@type":"ReadAction","target":["https:\/\/www.mivam.com\/izdelek\/pretorian-technologies-dodatki-katalog\/"]}]},{"@type":"ImageObject","inLanguage":"en-US","@id":"https:\/\/www.mivam.com\/izdelek\/pretorian-technologies-dodatki-katalog\/#primaryimage","url":"https:\/\/www.mivam.com\/wp-content\/uploads\/2025\/05\/image111s.png","contentUrl":"https:\/\/www.mivam.com\/wp-content\/uploads\/2025\/05\/image111s.png","width":225,"height":225},{"@type":"BreadcrumbList","@id":"https:\/\/www.mivam.com\/izdelek\/pretorian-technologies-dodatki-katalog\/#breadcrumb","itemListElement":[{"@type":"ListItem","position":1,"name":"Domov","item":"https:\/\/www.mivam.com\/"},{"@type":"ListItem","position":2,"name":"Shop","item":"https:\/\/www.mivam.com\/en\/shop\/"},{"@type":"ListItem","position":3,"name":"Komunikatorji","item":"https:\/\/www.mivam.com\/kategorija-izdelka\/komunikatorji\/"},{"@type":"ListItem","position":4,"name":"Dodatki","item":"https:\/\/www.mivam.com\/kategorija-izdelka\/komunikatorji\/dodatki\/"},{"@type":"ListItem","position":5,"name":"Pretorian Technologies dodatki &#8211; Katalog"}]},{"@type":"WebSite","@id":"https:\/\/www.mivam.com\/#website","url":"https:\/\/www.mivam.com\/","name":"Mi Vam","description":"Medicinski pripomo\u010dki in re\u0161itve za manj odvisno \u017eivljenje.","potentialAction":[{"@type":"SearchAction","target":{"@type":"EntryPoint","urlTemplate":"https:\/\/www.mivam.com\/?s={search_term_string}"},"query-input":{"@type":"PropertyValueSpecification","valueRequired":true,"valueName":"search_term_string"}}],"inLanguage":"en-US"}]}},"_links":{"self":[{"href":"https:\/\/www.mivam.com\/en\/wp-json\/wp\/v2\/product\/5833","targetHints":{"allow":["GET"]}}],"collection":[{"href":"https:\/\/www.mivam.com\/en\/wp-json\/wp\/v2\/product"}],"about":[{"href":"https:\/\/www.mivam.com\/en\/wp-json\/wp\/v2\/types\/product"}],"replies":[{"embeddable":true,"href":"https:\/\/www.mivam.com\/en\/wp-json\/wp\/v2\/comments?post=5833"}],"wp:featuredmedia":[{"embeddable":true,"href":"https:\/\/www.mivam.com\/en\/wp-json\/wp\/v2\/media\/5836"}],"wp:attachment":[{"href":"https:\/\/www.mivam.com\/en\/wp-json\/wp\/v2\/media?parent=5833"}],"wp:term":[{"taxonomy":"product_brand","embeddable":true,"href":"https:\/\/www.mivam.com\/en\/wp-json\/wp\/v2\/product_brand?post=5833"},{"taxonomy":"product_cat","embeddable":true,"href":"https:\/\/www.mivam.com\/en\/wp-json\/wp\/v2\/product_cat?post=5833"},{"taxonomy":"product_tag","embeddable":true,"href":"https:\/\/www.mivam.com\/en\/wp-json\/wp\/v2\/product_tag?post=5833"}],"curies":[{"name":"wp","href":"https:\/\/api.w.org\/{rel}","templated":true}]}}