{"id":3303,"date":"2023-07-20T10:11:12","date_gmt":"2023-07-20T08:11:12","guid":{"rendered":"https:\/\/www.mivam.com\/?post_type=product&#038;p=3303"},"modified":"2025-05-13T12:57:11","modified_gmt":"2025-05-13T10:57:11","slug":"leon-kameleon-invalidski-vozicek-karma-europe","status":"publish","type":"product","link":"https:\/\/www.mivam.com\/en\/izdelek\/leon-kameleon-invalidski-vozicek-karma-europe\/","title":{"rendered":"Leon Kameleon otro\u0161ki invalidski vozi\u010dek &#8211; KARMA Europe"},"content":{"rendered":"<div class=\"wpb-content-wrapper\"><p>[vc_row][vc_column][vc_row_inner content_placement=&#8221;middle&#8221;][vc_column_inner width=&#8221;1\/2&#8243;][vc_column_text]<\/p>\n<h4>Odra\u0161\u010danje s Kameleonom<\/h4>\n<p>Prilagodljivost igra klju\u010dno vlogo pri otro\u0161kih invalidskih vozi\u010dkih.<\/p>\n<p>Na voljo sta dve velikosti sede\u017ea, ki pokrivata \u0161irino sede\u017ea od 250 do 400 mm, za uporabnike od pribli\u017eno 3 do 12 let. Je eden stro\u0161kovno naju\u010dinkovitej\u0161ih pediatri\u010dnih vozi\u010dkov na trgu..<\/p>\n<p>Kameleonovo edinstveno naslonjalo lahko sprejme do \u0161est neodvisno nastavljivih plo\u0161\u010d za hrbet. Plo\u0161\u010de so na voljo v dveh velikostih in nudijo natan\u010den nadzor celotne vi\u0161ine, \u0161irine in celo oblike naslonjala.[\/vc_column_text][\/vc_column_inner][vc_column_inner width=&#8221;1\/2&#8243;][vc_single_image image=&#8221;3321&#8243; img_size=&#8221;large&#8221; alignment=&#8221;right&#8221;][\/vc_column_inner][\/vc_row_inner][vc_empty_space height=&#8221;60px&#8221;][\/vc_column][\/vc_row][vc_row full_width=&#8221;stretch_row&#8221; css=&#8221;.vc_custom_1689764110870{background-color: #f8f9fa !important;}&#8221;][vc_column][vc_empty_space height=&#8221;60px&#8221;][vc_row_inner content_placement=&#8221;middle&#8221;][vc_column_inner width=&#8221;1\/2&#8243;][vc_column_text]<\/p>\n<h4>Razli\u010dne funkcije pozicioniranja<\/h4>\n<p><strong>300 mm dvig<\/strong><\/p>\n<p>Vsak otrok bi moral imeti v svoj elektri\u010dni vozi\u010dek vgrajeno funkcijo dviga sede\u017ea. Otrokom omogo\u010da interakcijo z vrstniki na ravni o\u010di, kar je klju\u010dnega pomena za razvoj samozavesti. Uporabnikom omogo\u010da doseganje novih vi\u0161in, spodbujanje neodvisnosti in olaj\u0161anje socialne interakcije.<\/p>\n<p><strong>45\u00b0 naklon<\/strong><\/p>\n<p>Uporabnikom omogo\u010da, da sami spremenijo svoj polo\u017eaj in prenesejo te\u017eo z zadnjice na hrbet, da ohranijo dr\u017eo in razbremenijo pritisk. Ta funkcija pomaga tudi pri stabilnosti in dobri dr\u017ei med vo\u017enjo, zaradi \u010desar je vo\u017enja varnej\u0161a in udobnej\u0161a.<\/p>\n<p><strong>130\u00b0 biomehanski elektri\u010dni\/ ro\u010dni naklon<\/strong><\/p>\n<p>Zmanj\u0161a stri\u017ene sile, da zagotovi podporo uporabniku in stabilnost med postopkom le\u017eanja.<\/p>\n<p><strong>140\u00b0 biomehanske elektri\u010dni \/ ro\u010dni dvi\u017eni podno\u017eniki<\/strong><\/p>\n<p>Iztegnite se, ko se dvignete, da se ujema z naravnim iztegom noge, kar prepre\u010duje stiskanje za zagotovljeno udobje. Podno\u017eniki omogo\u010dajo tudi nastavljivost dol\u017eine, kota kolen in kota podno\u017eja.[\/vc_column_text][\/vc_column_inner][vc_column_inner width=&#8221;1\/2&#8243;][vc_single_image image=&#8221;3328&#8243; alignment=&#8221;right&#8221;][\/vc_column_inner][\/vc_row_inner][vc_empty_space height=&#8221;60px&#8221;][\/vc_column][\/vc_row][vc_row full_width=&#8221;stretch_row&#8221;][vc_column][vc_empty_space height=&#8221;60px&#8221;][vc_row_inner content_placement=&#8221;middle&#8221;][vc_column_inner width=&#8221;1\/2&#8243;][vc_column_text]<\/p>\n<h4>Sede\u017e s hitrim odpiranjem<\/h4>\n<p>Mehanizem za hitro sprostitev lahko pomaga spremljevalcu pri transportu invalidskega vozi\u010dka.<\/p>\n<p>Dobavitelj lahko po potrebi tudi enostavno zamenja sede\u017e z drugo \u0161asijo.[\/vc_column_text][\/vc_column_inner][vc_column_inner width=&#8221;1\/2&#8243;][vc_single_image image=&#8221;3316&#8243; img_size=&#8221;large&#8221; alignment=&#8221;right&#8221;][\/vc_column_inner][\/vc_row_inner][vc_empty_space height=&#8221;60px&#8221;][\/vc_column][\/vc_row][vc_row full_width=&#8221;stretch_row&#8221; css=&#8221;.vc_custom_1689764110870{background-color: #f8f9fa !important;}&#8221;][vc_column][vc_empty_space height=&#8221;60px&#8221;][vc_column_text]<\/p>\n<h3 style=\"text-align: center\">Video predstavitev invalidskega vozi\u010dka na elektromotorni pogon Leon Kameleon:<\/h3>\n<p>[\/vc_column_text][vc_row_inner][vc_column_inner width=&#8221;3\/12&#8243;][\/vc_column_inner][vc_column_inner width=&#8221;6\/12&#8243;][vc_video link=&#8221;https:\/\/www.youtube.com\/watch?v=zRVxiXTtigM&#8221; align=&#8221;center&#8221;][\/vc_column_inner][vc_column_inner width=&#8221;3\/12&#8243;][\/vc_column_inner][\/vc_row_inner][\/vc_column][\/vc_row][vc_row full_width=&#8221;stretch_row&#8221; css=&#8221;.vc_custom_1689764133023{background-color: #f8f9fa !important;}&#8221;][vc_column][vc_column_text]<\/p>\n<h3 style=\"text-align: center\">Barve ohi\u0161ja<\/h3>\n<p>[\/vc_column_text][vc_row_inner][vc_column_inner width=&#8221;1\/4&#8243;][vc_single_image image=&#8221;3305&#8243; img_size=&#8221;large&#8221; alignment=&#8221;center&#8221;][vc_single_image image=&#8221;3324&#8243; alignment=&#8221;center&#8221;][vc_column_text]<\/p>\n<p style=\"text-align: center\">Rumena<\/p>\n<p>[\/vc_column_text][\/vc_column_inner][vc_column_inner width=&#8221;1\/4&#8243;][vc_single_image image=&#8221;3308&#8243; img_size=&#8221;large&#8221; alignment=&#8221;center&#8221;][vc_single_image image=&#8221;3325&#8243; alignment=&#8221;center&#8221;][vc_column_text]<\/p>\n<p style=\"text-align: center\">Rde\u010da<\/p>\n<p>[\/vc_column_text][\/vc_column_inner][vc_column_inner width=&#8221;1\/4&#8243;][vc_single_image image=&#8221;3307&#8243; img_size=&#8221;large&#8221; alignment=&#8221;center&#8221;][vc_single_image image=&#8221;3323&#8243; alignment=&#8221;center&#8221;][vc_column_text]<\/p>\n<p style=\"text-align: center\">Modra<\/p>\n<p>[\/vc_column_text][\/vc_column_inner][vc_column_inner width=&#8221;1\/4&#8243;][vc_single_image image=&#8221;3306&#8243; img_size=&#8221;large&#8221; alignment=&#8221;center&#8221;][vc_single_image image=&#8221;3179&#8243; alignment=&#8221;center&#8221;][vc_column_text]<\/p>\n<p style=\"text-align: center\">Diamantno \u010drna<\/p>\n<p>[\/vc_column_text][\/vc_column_inner][\/vc_row_inner][vc_empty_space height=&#8221;60px&#8221;][\/vc_column][\/vc_row][vc_row][vc_column][vc_empty_space height=&#8221;60px&#8221;][vc_column_text]<\/p>\n<h3 style=\"text-align: center\">Bro\u0161ura dodatkov<\/h3>\n<p>[\/vc_column_text]        \n\t\t\t\t<div class=\"file-wrap \" id=\"\">\n\t\t\t\t\t<a href=\"https:\/\/www.mivam.com\/wp-content\/uploads\/2023\/07\/top-line-karma-medical-power-wheelchair-accessories.pdf\" target=\"_blank\" class=\"file-dl-btn\">\t\n\t\t\t\t\t\tTop Line Karma Medical Power dodatki za invalidske vozi\u010dke.pdf.pdf 2,76 MB\t\t\t\t\t<div class=\"file-icon-wrapper\">\n\t\t\t\t\t\t<svg width=\"19\" height=\"20\" viewBox=\"0 0 19 20\" fill=\"none\" xmlns=\"http:\/\/www.w3.org\/2000\/svg\">\n<path d=\"M9.55818 14.9683L4.93488 9.96001L5.85875 8.94249L8.9048 12.2413V0H10.2116V12.2413L13.2563 8.94391L14.1815 9.96001L9.55818 14.9683ZM2.5213 19.8125C1.92019 19.8125 1.4184 19.5945 1.01592 19.1586C0.612564 18.7218 0.410889 18.1779 0.410889 17.5269V14.098H1.71764V17.5269C1.71764 17.7439 1.80128 17.9435 1.96854 18.1256C2.13668 18.3067 2.32093 18.3973 2.5213 18.3973H16.5951C16.7954 18.3973 16.9797 18.3067 17.1478 18.1256C17.3151 17.9435 17.3987 17.7439 17.3987 17.5269V14.098H18.7055V17.5269C18.7055 18.1779 18.5042 18.7214 18.1017 19.1572C17.6984 19.594 17.1962 19.8125 16.5951 19.8125H2.5213Z\" fill=\"white\"\/>\n<\/svg>\t\t\t\t\t<\/div>\n\t\t\t\t\t<\/a>\n\t\t\t\t<\/div>\n        \n        [vc_empty_space height=&#8221;60px&#8221;][\/vc_column][\/vc_row]<\/p>\n<\/div>","protected":false},"excerpt":{"rendered":"<p><strong>Odkrite skriti potencial otrok<\/strong><\/p>\n<p>Samostojna mobilnost igra klju\u010dno vlogo v zgodnjih fazah du\u0161evne rasti. Kameleon je pediatri\u010dni elektromotorni invalidski vozi\u010dek, zasnovan za varno podporo otrokom pri tem prehodu. Prilagodljiv sede\u017eni sistem lahko podpira zapletene potrebe po pozicioniranju otrok, ko rastejo, s 85-odstotno dinamiko rasti v razpolo\u017eljivem razponu konfiguracij sede\u017eev, kar jim omogo\u010da, da postanejo eno s Kameleonom.<\/p>\n<p>Prilagojen je tako, da ustreza potrebam <strong>otrok, starih od 3 do 12 let<\/strong>.<\/p>\n","protected":false},"featured_media":3304,"comment_status":"closed","ping_status":"closed","template":"","meta":[],"product_brand":[],"product_cat":[222,35],"product_tag":[117,137,197,196,87,200,194],"class_list":{"0":"post-3303","1":"product","2":"type-product","3":"status-publish","4":"has-post-thumbnail","6":"product_cat-invalidski-vozicki-in-skuterji","7":"product_cat-invalidski-vozicki-na-elektromotorni-pogon","8":"product_tag-elektromotorni","9":"product_tag-elektromotorni-vozicek","10":"product_tag-kameleon","11":"product_tag-karma","12":"product_tag-otroski","13":"product_tag-otroski-invalidski-vozicek","14":"product_tag-vozicek","16":"first","17":"onbackorder","18":"taxable","19":"shipping-taxable","20":"product-type-simple"},"yoast_head":"<!-- This site is optimized with the Yoast SEO plugin v24.0 - https:\/\/yoast.com\/wordpress\/plugins\/seo\/ -->\n<title>Leon Kameleon otro\u0161ki invalidski vozi\u010dek - KARMA Europe - Mi Vam<\/title>\n<meta name=\"description\" content=\"Odkrite skriti potencial otrok  Samostojna mobilnost igra klju\u010dno vlogo v zgodnjih fazah du\u0161evne rasti. Kameleon je pediatri\u010dni elektromotorni invalidski vozi\u010dek, zasnovan za varno podporo otrokom pri tem prehodu. Prilagodljiv sede\u017eni sistem lahko podpira zapletene potrebe po pozicioniranju otrok, ko rastejo, s 85-odstotno dinamiko rasti v razpolo\u017eljivem razponu konfiguracij sede\u017eev, kar jim omogo\u010da, da postanejo eno s Kameleonom.  Prilagojen je tako, da ustreza potrebam otrok, starih od 3 do 12 let.\" \/>\n<meta name=\"robots\" content=\"index, follow, max-snippet:-1, max-image-preview:large, max-video-preview:-1\" \/>\n<link rel=\"canonical\" href=\"https:\/\/www.mivam.com\/izdelek\/leon-kameleon-invalidski-vozicek-karma-europe\/\" \/>\n<meta property=\"og:locale\" content=\"en_US\" \/>\n<meta property=\"og:type\" content=\"article\" \/>\n<meta property=\"og:title\" content=\"Leon Kameleon otro\u0161ki invalidski vozi\u010dek - KARMA Europe - Mi Vam\" \/>\n<meta property=\"og:description\" content=\"Odkrite skriti potencial otrok  Samostojna mobilnost igra klju\u010dno vlogo v zgodnjih fazah du\u0161evne rasti. Kameleon je pediatri\u010dni elektromotorni invalidski vozi\u010dek, zasnovan za varno podporo otrokom pri tem prehodu. Prilagodljiv sede\u017eni sistem lahko podpira zapletene potrebe po pozicioniranju otrok, ko rastejo, s 85-odstotno dinamiko rasti v razpolo\u017eljivem razponu konfiguracij sede\u017eev, kar jim omogo\u010da, da postanejo eno s Kameleonom.  Prilagojen je tako, da ustreza potrebam otrok, starih od 3 do 12 let.\" \/>\n<meta property=\"og:url\" content=\"https:\/\/www.mivam.com\/izdelek\/leon-kameleon-invalidski-vozicek-karma-europe\/\" \/>\n<meta property=\"og:site_name\" content=\"Mi Vam\" \/>\n<meta property=\"article:modified_time\" content=\"2025-05-13T10:57:11+00:00\" \/>\n<meta property=\"og:image\" content=\"https:\/\/www.mivam.com\/wp-content\/uploads\/2023\/07\/leon-kameleon-naslovka.jpg\" \/>\n\t<meta property=\"og:image:width\" content=\"640\" \/>\n\t<meta property=\"og:image:height\" content=\"480\" \/>\n\t<meta property=\"og:image:type\" content=\"image\/jpeg\" \/>\n<meta name=\"twitter:card\" content=\"summary_large_image\" \/>\n<meta name=\"twitter:label1\" content=\"Est. reading time\" \/>\n\t<meta name=\"twitter:data1\" content=\"5 minutes\" \/>\n<script type=\"application\/ld+json\" class=\"yoast-schema-graph\">{\"@context\":\"https:\/\/schema.org\",\"@graph\":[{\"@type\":\"WebPage\",\"@id\":\"https:\/\/www.mivam.com\/izdelek\/leon-kameleon-invalidski-vozicek-karma-europe\/\",\"url\":\"https:\/\/www.mivam.com\/izdelek\/leon-kameleon-invalidski-vozicek-karma-europe\/\",\"name\":\"Leon Kameleon otro\u0161ki invalidski vozi\u010dek - KARMA Europe - Mi Vam\",\"isPartOf\":{\"@id\":\"https:\/\/www.mivam.com\/#website\"},\"primaryImageOfPage\":{\"@id\":\"https:\/\/www.mivam.com\/izdelek\/leon-kameleon-invalidski-vozicek-karma-europe\/#primaryimage\"},\"image\":{\"@id\":\"https:\/\/www.mivam.com\/izdelek\/leon-kameleon-invalidski-vozicek-karma-europe\/#primaryimage\"},\"thumbnailUrl\":\"https:\/\/www.mivam.com\/wp-content\/uploads\/2023\/07\/leon-kameleon-naslovka.jpg\",\"datePublished\":\"2023-07-20T08:11:12+00:00\",\"dateModified\":\"2025-05-13T10:57:11+00:00\",\"description\":\"Odkrite skriti potencial otrok Samostojna mobilnost igra klju\u010dno vlogo v zgodnjih fazah du\u0161evne rasti. Kameleon je pediatri\u010dni elektromotorni invalidski vozi\u010dek, zasnovan za varno podporo otrokom pri tem prehodu. Prilagodljiv sede\u017eni sistem lahko podpira zapletene potrebe po pozicioniranju otrok, ko rastejo, s 85-odstotno dinamiko rasti v razpolo\u017eljivem razponu konfiguracij sede\u017eev, kar jim omogo\u010da, da postanejo eno s Kameleonom. Prilagojen je tako, da ustreza potrebam otrok, starih od 3 do 12 let.\",\"breadcrumb\":{\"@id\":\"https:\/\/www.mivam.com\/izdelek\/leon-kameleon-invalidski-vozicek-karma-europe\/#breadcrumb\"},\"inLanguage\":\"en-US\",\"potentialAction\":[{\"@type\":\"ReadAction\",\"target\":[\"https:\/\/www.mivam.com\/izdelek\/leon-kameleon-invalidski-vozicek-karma-europe\/\"]}]},{\"@type\":\"ImageObject\",\"inLanguage\":\"en-US\",\"@id\":\"https:\/\/www.mivam.com\/izdelek\/leon-kameleon-invalidski-vozicek-karma-europe\/#primaryimage\",\"url\":\"https:\/\/www.mivam.com\/wp-content\/uploads\/2023\/07\/leon-kameleon-naslovka.jpg\",\"contentUrl\":\"https:\/\/www.mivam.com\/wp-content\/uploads\/2023\/07\/leon-kameleon-naslovka.jpg\",\"width\":640,\"height\":480},{\"@type\":\"BreadcrumbList\",\"@id\":\"https:\/\/www.mivam.com\/izdelek\/leon-kameleon-invalidski-vozicek-karma-europe\/#breadcrumb\",\"itemListElement\":[{\"@type\":\"ListItem\",\"position\":1,\"name\":\"Domov\",\"item\":\"https:\/\/www.mivam.com\/\"},{\"@type\":\"ListItem\",\"position\":2,\"name\":\"Shop\",\"item\":\"https:\/\/www.mivam.com\/en\/shop\/\"},{\"@type\":\"ListItem\",\"position\":3,\"name\":\"Invalidski vozi\u010dki in skuterji\",\"item\":\"https:\/\/www.mivam.com\/kategorija-izdelka\/invalidski-vozicki-in-skuterji\/\"},{\"@type\":\"ListItem\",\"position\":4,\"name\":\"Invalidski vozi\u010dki na elektromotorni pogon\",\"item\":\"https:\/\/www.mivam.com\/kategorija-izdelka\/invalidski-vozicki-in-skuterji\/invalidski-vozicki-na-elektromotorni-pogon\/\"},{\"@type\":\"ListItem\",\"position\":5,\"name\":\"Leon Kameleon otro\u0161ki invalidski vozi\u010dek &#8211; KARMA Europe\"}]},{\"@type\":\"WebSite\",\"@id\":\"https:\/\/www.mivam.com\/#website\",\"url\":\"https:\/\/www.mivam.com\/\",\"name\":\"Mi Vam\",\"description\":\"Medicinski pripomo\u010dki in re\u0161itve za manj odvisno \u017eivljenje.\",\"potentialAction\":[{\"@type\":\"SearchAction\",\"target\":{\"@type\":\"EntryPoint\",\"urlTemplate\":\"https:\/\/www.mivam.com\/?s={search_term_string}\"},\"query-input\":{\"@type\":\"PropertyValueSpecification\",\"valueRequired\":true,\"valueName\":\"search_term_string\"}}],\"inLanguage\":\"en-US\"}]}<\/script>\n<!-- \/ Yoast SEO plugin. -->","yoast_head_json":{"title":"Leon Kameleon otro\u0161ki invalidski vozi\u010dek - KARMA Europe - Mi Vam","description":"Odkrite skriti potencial otrok  Samostojna mobilnost igra klju\u010dno vlogo v zgodnjih fazah du\u0161evne rasti. Kameleon je pediatri\u010dni elektromotorni invalidski vozi\u010dek, zasnovan za varno podporo otrokom pri tem prehodu. Prilagodljiv sede\u017eni sistem lahko podpira zapletene potrebe po pozicioniranju otrok, ko rastejo, s 85-odstotno dinamiko rasti v razpolo\u017eljivem razponu konfiguracij sede\u017eev, kar jim omogo\u010da, da postanejo eno s Kameleonom.  Prilagojen je tako, da ustreza potrebam otrok, starih od 3 do 12 let.","robots":{"index":"index","follow":"follow","max-snippet":"max-snippet:-1","max-image-preview":"max-image-preview:large","max-video-preview":"max-video-preview:-1"},"canonical":"https:\/\/www.mivam.com\/izdelek\/leon-kameleon-invalidski-vozicek-karma-europe\/","og_locale":"en_US","og_type":"article","og_title":"Leon Kameleon otro\u0161ki invalidski vozi\u010dek - KARMA Europe - Mi Vam","og_description":"Odkrite skriti potencial otrok  Samostojna mobilnost igra klju\u010dno vlogo v zgodnjih fazah du\u0161evne rasti. Kameleon je pediatri\u010dni elektromotorni invalidski vozi\u010dek, zasnovan za varno podporo otrokom pri tem prehodu. Prilagodljiv sede\u017eni sistem lahko podpira zapletene potrebe po pozicioniranju otrok, ko rastejo, s 85-odstotno dinamiko rasti v razpolo\u017eljivem razponu konfiguracij sede\u017eev, kar jim omogo\u010da, da postanejo eno s Kameleonom.  Prilagojen je tako, da ustreza potrebam otrok, starih od 3 do 12 let.","og_url":"https:\/\/www.mivam.com\/izdelek\/leon-kameleon-invalidski-vozicek-karma-europe\/","og_site_name":"Mi Vam","article_modified_time":"2025-05-13T10:57:11+00:00","og_image":[{"width":640,"height":480,"url":"https:\/\/www.mivam.com\/wp-content\/uploads\/2023\/07\/leon-kameleon-naslovka.jpg","type":"image\/jpeg"}],"twitter_card":"summary_large_image","twitter_misc":{"Est. reading time":"5 minutes"},"schema":{"@context":"https:\/\/schema.org","@graph":[{"@type":"WebPage","@id":"https:\/\/www.mivam.com\/izdelek\/leon-kameleon-invalidski-vozicek-karma-europe\/","url":"https:\/\/www.mivam.com\/izdelek\/leon-kameleon-invalidski-vozicek-karma-europe\/","name":"Leon Kameleon otro\u0161ki invalidski vozi\u010dek - KARMA Europe - Mi Vam","isPartOf":{"@id":"https:\/\/www.mivam.com\/#website"},"primaryImageOfPage":{"@id":"https:\/\/www.mivam.com\/izdelek\/leon-kameleon-invalidski-vozicek-karma-europe\/#primaryimage"},"image":{"@id":"https:\/\/www.mivam.com\/izdelek\/leon-kameleon-invalidski-vozicek-karma-europe\/#primaryimage"},"thumbnailUrl":"https:\/\/www.mivam.com\/wp-content\/uploads\/2023\/07\/leon-kameleon-naslovka.jpg","datePublished":"2023-07-20T08:11:12+00:00","dateModified":"2025-05-13T10:57:11+00:00","description":"Odkrite skriti potencial otrok Samostojna mobilnost igra klju\u010dno vlogo v zgodnjih fazah du\u0161evne rasti. Kameleon je pediatri\u010dni elektromotorni invalidski vozi\u010dek, zasnovan za varno podporo otrokom pri tem prehodu. Prilagodljiv sede\u017eni sistem lahko podpira zapletene potrebe po pozicioniranju otrok, ko rastejo, s 85-odstotno dinamiko rasti v razpolo\u017eljivem razponu konfiguracij sede\u017eev, kar jim omogo\u010da, da postanejo eno s Kameleonom. Prilagojen je tako, da ustreza potrebam otrok, starih od 3 do 12 let.","breadcrumb":{"@id":"https:\/\/www.mivam.com\/izdelek\/leon-kameleon-invalidski-vozicek-karma-europe\/#breadcrumb"},"inLanguage":"en-US","potentialAction":[{"@type":"ReadAction","target":["https:\/\/www.mivam.com\/izdelek\/leon-kameleon-invalidski-vozicek-karma-europe\/"]}]},{"@type":"ImageObject","inLanguage":"en-US","@id":"https:\/\/www.mivam.com\/izdelek\/leon-kameleon-invalidski-vozicek-karma-europe\/#primaryimage","url":"https:\/\/www.mivam.com\/wp-content\/uploads\/2023\/07\/leon-kameleon-naslovka.jpg","contentUrl":"https:\/\/www.mivam.com\/wp-content\/uploads\/2023\/07\/leon-kameleon-naslovka.jpg","width":640,"height":480},{"@type":"BreadcrumbList","@id":"https:\/\/www.mivam.com\/izdelek\/leon-kameleon-invalidski-vozicek-karma-europe\/#breadcrumb","itemListElement":[{"@type":"ListItem","position":1,"name":"Domov","item":"https:\/\/www.mivam.com\/"},{"@type":"ListItem","position":2,"name":"Shop","item":"https:\/\/www.mivam.com\/en\/shop\/"},{"@type":"ListItem","position":3,"name":"Invalidski vozi\u010dki in skuterji","item":"https:\/\/www.mivam.com\/kategorija-izdelka\/invalidski-vozicki-in-skuterji\/"},{"@type":"ListItem","position":4,"name":"Invalidski vozi\u010dki na elektromotorni pogon","item":"https:\/\/www.mivam.com\/kategorija-izdelka\/invalidski-vozicki-in-skuterji\/invalidski-vozicki-na-elektromotorni-pogon\/"},{"@type":"ListItem","position":5,"name":"Leon Kameleon otro\u0161ki invalidski vozi\u010dek &#8211; KARMA Europe"}]},{"@type":"WebSite","@id":"https:\/\/www.mivam.com\/#website","url":"https:\/\/www.mivam.com\/","name":"Mi Vam","description":"Medicinski pripomo\u010dki in re\u0161itve za manj odvisno \u017eivljenje.","potentialAction":[{"@type":"SearchAction","target":{"@type":"EntryPoint","urlTemplate":"https:\/\/www.mivam.com\/?s={search_term_string}"},"query-input":{"@type":"PropertyValueSpecification","valueRequired":true,"valueName":"search_term_string"}}],"inLanguage":"en-US"}]}},"_links":{"self":[{"href":"https:\/\/www.mivam.com\/en\/wp-json\/wp\/v2\/product\/3303","targetHints":{"allow":["GET"]}}],"collection":[{"href":"https:\/\/www.mivam.com\/en\/wp-json\/wp\/v2\/product"}],"about":[{"href":"https:\/\/www.mivam.com\/en\/wp-json\/wp\/v2\/types\/product"}],"replies":[{"embeddable":true,"href":"https:\/\/www.mivam.com\/en\/wp-json\/wp\/v2\/comments?post=3303"}],"wp:featuredmedia":[{"embeddable":true,"href":"https:\/\/www.mivam.com\/en\/wp-json\/wp\/v2\/media\/3304"}],"wp:attachment":[{"href":"https:\/\/www.mivam.com\/en\/wp-json\/wp\/v2\/media?parent=3303"}],"wp:term":[{"taxonomy":"product_brand","embeddable":true,"href":"https:\/\/www.mivam.com\/en\/wp-json\/wp\/v2\/product_brand?post=3303"},{"taxonomy":"product_cat","embeddable":true,"href":"https:\/\/www.mivam.com\/en\/wp-json\/wp\/v2\/product_cat?post=3303"},{"taxonomy":"product_tag","embeddable":true,"href":"https:\/\/www.mivam.com\/en\/wp-json\/wp\/v2\/product_tag?post=3303"}],"curies":[{"name":"wp","href":"https:\/\/api.w.org\/{rel}","templated":true}]}}