{"id":3285,"date":"2023-07-19T20:57:39","date_gmt":"2023-07-19T18:57:39","guid":{"rendered":"https:\/\/www.mivam.com\/?post_type=product&#038;p=3285"},"modified":"2025-05-13T12:58:53","modified_gmt":"2025-05-13T10:58:53","slug":"novi-blazer-sling-invalidski-vozicek-karma-europe","status":"publish","type":"product","link":"https:\/\/www.mivam.com\/en\/izdelek\/novi-blazer-sling-invalidski-vozicek-karma-europe\/","title":{"rendered":"Blazer Sling invalidski vozi\u010dek &#8211; KARMA Europe"},"content":{"rendered":"<div class=\"wpb-content-wrapper\"><p>[vc_row][vc_column][vc_empty_space height=&#8221;40px&#8221;][vc_row_inner][vc_column_inner width=&#8221;1\/2&#8243;][vc_column_text]<\/p>\n<h3>Odli\u010dna zmogljivost na prostem<\/h3>\n<p>Novi Blazer ni le prijazen v zaprtih prostorih, ampak tudi zelo uporaben na prostem. Novi model s svojim dvokolesnim vzmetenjem in 9-pal\u010dnim sprednjimi kolesi zagotavlja gladko vo\u017enjo na vsakodnevnih potovanjih.[\/vc_column_text][\/vc_column_inner][vc_column_inner width=&#8221;1\/2&#8243;][vc_single_image image=&#8221;3299&#8243; img_size=&#8221;large&#8221; alignment=&#8221;right&#8221;][\/vc_column_inner][\/vc_row_inner][vc_empty_space height=&#8221;60px&#8221;][\/vc_column][\/vc_row][vc_row full_width=&#8221;stretch_row&#8221; css=&#8221;.vc_custom_1689764110870{background-color: #f8f9fa !important;}&#8221;][vc_column][vc_empty_space height=&#8221;60px&#8221;][vc_row_inner][vc_column_inner width=&#8221;1\/2&#8243;][vc_single_image image=&#8221;3300&#8243; img_size=&#8221;large&#8221; alignment=&#8221;right&#8221;][\/vc_column_inner][vc_column_inner width=&#8221;1\/2&#8243;][vc_column_text]<\/p>\n<h3>Odli\u010dna okretnost v zaprtih prostorih<\/h3>\n<p>Skupna \u0161irina novega Blazerja je samo 580 mm, zaradi \u010desar je eden najbolj kompaktnih elektri\u010dnih vozi\u010dkov na trgu. Vozi\u010dek se gladko in enostavno navigira skozi vrata, v dvigala ali okoli zaprtih prostorov.[\/vc_column_text][\/vc_column_inner][\/vc_row_inner][vc_empty_space height=&#8221;60px&#8221;][\/vc_column][\/vc_row][vc_row full_width=&#8221;stretch_row&#8221;][vc_column][vc_empty_space height=&#8221;60px&#8221;][vc_row_inner][vc_column_inner width=&#8221;1\/2&#8243;][vc_column_text]<\/p>\n<h3>Modul za pozicioniranje<\/h3>\n<p><strong>Elektri\u010dni naklon sede\u017ea<\/strong><\/p>\n<p>Blazer Sling omogo\u010da mo\u010dan nagib od 8\u00b0 do 28\u00b0, kar uporabnikom omogo\u010da enostavno spreminjanje polo\u017eaja, s \u010dimer se pritisk preusmeri stran od kol\u010dnih kosti in ga prerazporedi na ve\u010djo povr\u0161ino. Ta funkcija pomaga zmanj\u0161ati tveganje za nastanek razjed zaradi pritiska in prepre\u010diti bole\u010dine v hrbtu.<\/p>\n<p><strong>[NOVO!] Ro\u010dni nagib \/ Elektri\u010dni nagib<\/strong><\/p>\n<p>Blazer Sling ponuja opcijsko funkcijo ro\u010dnega in elektri\u010dnega nagiba za prerazporeditev in razbremenitev pritiska za prepre\u010devanje prele\u017eanin.<br \/>\n&#8211; Ro\u010dni naklon: 0\u00b0-114\u00b0 (s funkcijo zlaganja)<br \/>\n&#8211; Elektri\u010dni naklon: 90\u00b0-122\u00b0[\/vc_column_text][\/vc_column_inner][vc_column_inner width=&#8221;1\/2&#8243;][vc_single_image image=&#8221;3301&#8243; img_size=&#8221;large&#8221; alignment=&#8221;right&#8221;][\/vc_column_inner][\/vc_row_inner][vc_empty_space height=&#8221;60px&#8221;][\/vc_column][\/vc_row][vc_row full_width=&#8221;stretch_row&#8221; css=&#8221;.vc_custom_1689764110870{background-color: #f8f9fa !important;}&#8221;][vc_column][vc_empty_space height=&#8221;60px&#8221;][vc_row_inner][vc_column_inner width=&#8221;1\/2&#8243;][vc_single_image image=&#8221;3296&#8243; img_size=&#8221;large&#8221; alignment=&#8221;right&#8221;][\/vc_column_inner][vc_column_inner width=&#8221;1\/2&#8243;][vc_column_text]<\/p>\n<h3>Kompakten<\/h3>\n<p>Z osnovnimi orodji lahko hitro in enostavno zlo\u017eite naslonjalo za zanko naprej za transport ali shranjevanje.[\/vc_column_text][\/vc_column_inner][\/vc_row_inner][vc_empty_space height=&#8221;60px&#8221;][\/vc_column][\/vc_row][vc_row full_width=&#8221;stretch_row&#8221;][vc_column][vc_empty_space height=&#8221;60px&#8221;][vc_row_inner][vc_column_inner width=&#8221;1\/2&#8243;][vc_column_text]<\/p>\n<h3>Nastavljivi<\/h3>\n<ul>\n<li>globina sede\u017ea<\/li>\n<li>naklon sede\u017ea<\/li>\n<li>vi\u0161ina naslona za glavo<\/li>\n<li>naslon za glavo<\/li>\n<li>vi\u0161ina naslona za roke<\/li>\n<li>polo\u017eaj blazinice za roke\u00a0so nastavljive glede na potrebe uporabnika<\/li>\n<li>globina podno\u017enika je nastavljiva glede na potrebe uporabnika<\/li>\n<\/ul>\n<p>[\/vc_column_text][\/vc_column_inner][vc_column_inner width=&#8221;1\/2&#8243;][vc_single_image image=&#8221;3302&#8243; img_size=&#8221;large&#8221; alignment=&#8221;right&#8221;][\/vc_column_inner][\/vc_row_inner][vc_empty_space height=&#8221;60px&#8221;][\/vc_column][\/vc_row][vc_row full_width=&#8221;stretch_row&#8221; css=&#8221;.vc_custom_1689764110870{background-color: #f8f9fa !important;}&#8221;][vc_column][vc_empty_space height=&#8221;60px&#8221;][vc_column_text]<\/p>\n<h3 style=\"text-align: left\">Video predstavitev invalidskega vozi\u010dka na elektromotorni pogon Blazer Sling:<\/h3>\n<p>[\/vc_column_text][vc_row_inner][vc_column_inner][vc_video link=&#8221;https:\/\/www.youtube.com\/watch?v=rN6W51kN2Fw&#8221; align=&#8221;center&#8221;][\/vc_column_inner][\/vc_row_inner][vc_empty_space height=&#8221;60px&#8221;][\/vc_column][\/vc_row][vc_row full_width=&#8221;stretch_row&#8221;][vc_column][vc_empty_space height=&#8221;60px&#8221;][vc_row_inner][vc_column_inner width=&#8221;1\/3&#8243;][vc_column_text]<\/p>\n<h3>Dodatki<\/h3>\n<ul>\n<li>2 v 1 lu\u010di<\/li>\n<li>Konturno nastavljivi naslon za glavo<\/li>\n<li>Odmi\u010dna komandna ro\u010dica<\/li>\n<li>Ro\u010daj za vpenjanje<\/li>\n<li>Dvi\u017ena opora za noge s podporo<\/li>\n<li>\u0160iroki nasloni za roke v obliki ladje<\/li>\n<li>Potisni ro\u010daj<\/li>\n<li>Potisna zavora<\/li>\n<li>Mizica<\/li>\n<li>Ro\u010dka za prosti tek<\/li>\n<\/ul>\n<p>[\/vc_column_text][\/vc_column_inner][vc_column_inner width=&#8221;2\/3&#8243;][vc_single_image image=&#8221;3329&#8243; img_size=&#8221;large&#8221; alignment=&#8221;right&#8221;][\/vc_column_inner][\/vc_row_inner][vc_empty_space height=&#8221;60px&#8221;][\/vc_column][\/vc_row][vc_row full_width=&#8221;stretch_row&#8221; css=&#8221;.vc_custom_1689764133023{background-color: #f8f9fa !important;}&#8221;][vc_column][vc_empty_space height=&#8221;60px&#8221;][vc_column_text]<\/p>\n<h4 style=\"text-align: center\">Barve ohi\u0161ja<\/h4>\n<p>[\/vc_column_text][vc_row_inner][vc_column_inner width=&#8221;1\/5&#8243;][\/vc_column_inner][vc_column_inner width=&#8221;1\/5&#8243;][vc_single_image image=&#8221;3287&#8243; img_size=&#8221;large&#8221; alignment=&#8221;center&#8221;][vc_single_image image=&#8221;3180&#8243; alignment=&#8221;center&#8221;][vc_column_text]<\/p>\n<p style=\"text-align: center\">Oran\u017ena<\/p>\n<p>[\/vc_column_text][\/vc_column_inner][vc_column_inner width=&#8221;1\/5&#8243;][vc_single_image image=&#8221;3288&#8243; img_size=&#8221;large&#8221; alignment=&#8221;center&#8221;][vc_single_image image=&#8221;3178&#8243; alignment=&#8221;center&#8221;][vc_column_text]<\/p>\n<p style=\"text-align: center\">Bela<\/p>\n<p>[\/vc_column_text][\/vc_column_inner][vc_column_inner width=&#8221;1\/5&#8243;][vc_single_image image=&#8221;3286&#8243; img_size=&#8221;large&#8221; alignment=&#8221;center&#8221;][vc_single_image image=&#8221;3289&#8243; alignment=&#8221;center&#8221;][vc_column_text]<\/p>\n<p style=\"text-align: center\">Modra<\/p>\n<p>[\/vc_column_text][\/vc_column_inner][vc_column_inner width=&#8221;1\/5&#8243;][\/vc_column_inner][\/vc_row_inner][vc_empty_space height=&#8221;60px&#8221;][\/vc_column][\/vc_row][vc_row][vc_column][vc_empty_space height=&#8221;60px&#8221;][vc_column_text]<\/p>\n<h4 style=\"text-align: center\">Bro\u0161ura dodatkov<\/h4>\n<p>[\/vc_column_text][vc_btn title=&#8221;Top Line Karma Medical Power dodatki za invalidske vozi\u010dke.pdf&#8221; shape=&#8221;round&#8221; color=&#8221;primary&#8221; align=&#8221;center&#8221; link=&#8221;url:https%3A%2F%2Fwww.mivam.com%2Fwp-content%2Fuploads%2F2023%2F07%2Ftop-line-karma-medical-power-wheelchair-accessories.pdf||target:%20_blank|&#8221;][vc_empty_space height=&#8221;60px&#8221;][\/vc_column][\/vc_row]<\/p>\n<\/div>","protected":false},"excerpt":{"rendered":"<p><strong>Kompaktna in prijaznej\u0161a re\u0161itev<\/strong><\/p>\n<p>S popolnoma novim videzom in premi\u0161ljenimi nadgradnjami novi Blazer zdaj ponuja izjemno ozko medosno razdaljo 580 mm in zlo\u017eljivo naslonjalo za hrbet. Je bolj kompakten in okreten kot prej\u0161nji model, hkrati pa ohranja svojo paleto konfiguracij z mo\u017enostma sede\u017ea Sling (osnovni) in Captain (anatomsko oblikovani). Mo\u017enost elektri\u010dnega nastavitev naklona sede\u017ea in hrbti\u0161\u010da.<\/p>\n","protected":false},"featured_media":3290,"comment_status":"closed","ping_status":"closed","template":"","meta":[],"product_brand":[],"product_cat":[222,35],"product_tag":[199,198,117,137,196,194],"class_list":{"0":"post-3285","1":"product","2":"type-product","3":"status-publish","4":"has-post-thumbnail","6":"product_cat-invalidski-vozicki-in-skuterji","7":"product_cat-invalidski-vozicki-na-elektromotorni-pogon","8":"product_tag-199","9":"product_tag-blazer","10":"product_tag-elektromotorni","11":"product_tag-elektromotorni-vozicek","12":"product_tag-karma","13":"product_tag-vozicek","15":"first","16":"instock","17":"taxable","18":"shipping-taxable","19":"product-type-simple"},"yoast_head":"<!-- This site is optimized with the Yoast SEO plugin v24.0 - https:\/\/yoast.com\/wordpress\/plugins\/seo\/ -->\n<title>Blazer Sling invalidski vozi\u010dek - KARMA Europe - Mi Vam<\/title>\n<meta name=\"description\" content=\"Kompaktna in prijaznej\u0161a re\u0161itev  S popolnoma novim videzom in premi\u0161ljenimi nadgradnjami novi Blazer zdaj ponuja izjemno ozko medosno razdaljo 580 mm in zlo\u017eljivo naslonjalo za hrbet. Je bolj kompakten in okreten kot prej\u0161nji model, hkrati pa ohranja svojo paleto konfiguracij z mo\u017enostma sede\u017ea Sling (osnovni) in Captain (anatomsko oblikovani). Mo\u017enost elektri\u010dnega nastavitev naklona sede\u017ea in hrbti\u0161\u010da.\" \/>\n<meta name=\"robots\" content=\"index, follow, max-snippet:-1, max-image-preview:large, max-video-preview:-1\" \/>\n<link rel=\"canonical\" href=\"https:\/\/www.mivam.com\/izdelek\/novi-blazer-sling-invalidski-vozicek-karma-europe\/\" \/>\n<meta property=\"og:locale\" content=\"en_US\" \/>\n<meta property=\"og:type\" content=\"article\" \/>\n<meta property=\"og:title\" content=\"Blazer Sling invalidski vozi\u010dek - KARMA Europe - Mi Vam\" \/>\n<meta property=\"og:description\" content=\"Kompaktna in prijaznej\u0161a re\u0161itev  S popolnoma novim videzom in premi\u0161ljenimi nadgradnjami novi Blazer zdaj ponuja izjemno ozko medosno razdaljo 580 mm in zlo\u017eljivo naslonjalo za hrbet. Je bolj kompakten in okreten kot prej\u0161nji model, hkrati pa ohranja svojo paleto konfiguracij z mo\u017enostma sede\u017ea Sling (osnovni) in Captain (anatomsko oblikovani). Mo\u017enost elektri\u010dnega nastavitev naklona sede\u017ea in hrbti\u0161\u010da.\" \/>\n<meta property=\"og:url\" content=\"https:\/\/www.mivam.com\/izdelek\/novi-blazer-sling-invalidski-vozicek-karma-europe\/\" \/>\n<meta property=\"og:site_name\" content=\"Mi Vam\" \/>\n<meta property=\"article:modified_time\" content=\"2025-05-13T10:58:53+00:00\" \/>\n<meta property=\"og:image\" content=\"https:\/\/www.mivam.com\/wp-content\/uploads\/2023\/07\/blazer-sling-naslovka.jpg\" \/>\n\t<meta property=\"og:image:width\" content=\"1200\" \/>\n\t<meta property=\"og:image:height\" content=\"900\" \/>\n\t<meta property=\"og:image:type\" content=\"image\/jpeg\" \/>\n<meta name=\"twitter:card\" content=\"summary_large_image\" \/>\n<meta name=\"twitter:label1\" content=\"Est. reading time\" \/>\n\t<meta name=\"twitter:data1\" content=\"5 minutes\" \/>\n<script type=\"application\/ld+json\" class=\"yoast-schema-graph\">{\"@context\":\"https:\/\/schema.org\",\"@graph\":[{\"@type\":\"WebPage\",\"@id\":\"https:\/\/www.mivam.com\/izdelek\/novi-blazer-sling-invalidski-vozicek-karma-europe\/\",\"url\":\"https:\/\/www.mivam.com\/izdelek\/novi-blazer-sling-invalidski-vozicek-karma-europe\/\",\"name\":\"Blazer Sling invalidski vozi\u010dek - KARMA Europe - Mi Vam\",\"isPartOf\":{\"@id\":\"https:\/\/www.mivam.com\/#website\"},\"primaryImageOfPage\":{\"@id\":\"https:\/\/www.mivam.com\/izdelek\/novi-blazer-sling-invalidski-vozicek-karma-europe\/#primaryimage\"},\"image\":{\"@id\":\"https:\/\/www.mivam.com\/izdelek\/novi-blazer-sling-invalidski-vozicek-karma-europe\/#primaryimage\"},\"thumbnailUrl\":\"https:\/\/www.mivam.com\/wp-content\/uploads\/2023\/07\/blazer-sling-naslovka.jpg\",\"datePublished\":\"2023-07-19T18:57:39+00:00\",\"dateModified\":\"2025-05-13T10:58:53+00:00\",\"description\":\"Kompaktna in prijaznej\u0161a re\u0161itev S popolnoma novim videzom in premi\u0161ljenimi nadgradnjami novi Blazer zdaj ponuja izjemno ozko medosno razdaljo 580 mm in zlo\u017eljivo naslonjalo za hrbet. Je bolj kompakten in okreten kot prej\u0161nji model, hkrati pa ohranja svojo paleto konfiguracij z mo\u017enostma sede\u017ea Sling (osnovni) in Captain (anatomsko oblikovani). Mo\u017enost elektri\u010dnega nastavitev naklona sede\u017ea in hrbti\u0161\u010da.\",\"breadcrumb\":{\"@id\":\"https:\/\/www.mivam.com\/izdelek\/novi-blazer-sling-invalidski-vozicek-karma-europe\/#breadcrumb\"},\"inLanguage\":\"en-US\",\"potentialAction\":[{\"@type\":\"ReadAction\",\"target\":[\"https:\/\/www.mivam.com\/izdelek\/novi-blazer-sling-invalidski-vozicek-karma-europe\/\"]}]},{\"@type\":\"ImageObject\",\"inLanguage\":\"en-US\",\"@id\":\"https:\/\/www.mivam.com\/izdelek\/novi-blazer-sling-invalidski-vozicek-karma-europe\/#primaryimage\",\"url\":\"https:\/\/www.mivam.com\/wp-content\/uploads\/2023\/07\/blazer-sling-naslovka.jpg\",\"contentUrl\":\"https:\/\/www.mivam.com\/wp-content\/uploads\/2023\/07\/blazer-sling-naslovka.jpg\",\"width\":1200,\"height\":900},{\"@type\":\"BreadcrumbList\",\"@id\":\"https:\/\/www.mivam.com\/izdelek\/novi-blazer-sling-invalidski-vozicek-karma-europe\/#breadcrumb\",\"itemListElement\":[{\"@type\":\"ListItem\",\"position\":1,\"name\":\"Domov\",\"item\":\"https:\/\/www.mivam.com\/\"},{\"@type\":\"ListItem\",\"position\":2,\"name\":\"Shop\",\"item\":\"https:\/\/www.mivam.com\/en\/shop\/\"},{\"@type\":\"ListItem\",\"position\":3,\"name\":\"Invalidski vozi\u010dki in skuterji\",\"item\":\"https:\/\/www.mivam.com\/kategorija-izdelka\/invalidski-vozicki-in-skuterji\/\"},{\"@type\":\"ListItem\",\"position\":4,\"name\":\"Invalidski vozi\u010dki na elektromotorni pogon\",\"item\":\"https:\/\/www.mivam.com\/kategorija-izdelka\/invalidski-vozicki-in-skuterji\/invalidski-vozicki-na-elektromotorni-pogon\/\"},{\"@type\":\"ListItem\",\"position\":5,\"name\":\"Blazer Sling invalidski vozi\u010dek &#8211; KARMA Europe\"}]},{\"@type\":\"WebSite\",\"@id\":\"https:\/\/www.mivam.com\/#website\",\"url\":\"https:\/\/www.mivam.com\/\",\"name\":\"Mi Vam\",\"description\":\"Medicinski pripomo\u010dki in re\u0161itve za manj odvisno \u017eivljenje.\",\"potentialAction\":[{\"@type\":\"SearchAction\",\"target\":{\"@type\":\"EntryPoint\",\"urlTemplate\":\"https:\/\/www.mivam.com\/?s={search_term_string}\"},\"query-input\":{\"@type\":\"PropertyValueSpecification\",\"valueRequired\":true,\"valueName\":\"search_term_string\"}}],\"inLanguage\":\"en-US\"}]}<\/script>\n<!-- \/ Yoast SEO plugin. -->","yoast_head_json":{"title":"Blazer Sling invalidski vozi\u010dek - KARMA Europe - Mi Vam","description":"Kompaktna in prijaznej\u0161a re\u0161itev  S popolnoma novim videzom in premi\u0161ljenimi nadgradnjami novi Blazer zdaj ponuja izjemno ozko medosno razdaljo 580 mm in zlo\u017eljivo naslonjalo za hrbet. Je bolj kompakten in okreten kot prej\u0161nji model, hkrati pa ohranja svojo paleto konfiguracij z mo\u017enostma sede\u017ea Sling (osnovni) in Captain (anatomsko oblikovani). Mo\u017enost elektri\u010dnega nastavitev naklona sede\u017ea in hrbti\u0161\u010da.","robots":{"index":"index","follow":"follow","max-snippet":"max-snippet:-1","max-image-preview":"max-image-preview:large","max-video-preview":"max-video-preview:-1"},"canonical":"https:\/\/www.mivam.com\/izdelek\/novi-blazer-sling-invalidski-vozicek-karma-europe\/","og_locale":"en_US","og_type":"article","og_title":"Blazer Sling invalidski vozi\u010dek - KARMA Europe - Mi Vam","og_description":"Kompaktna in prijaznej\u0161a re\u0161itev  S popolnoma novim videzom in premi\u0161ljenimi nadgradnjami novi Blazer zdaj ponuja izjemno ozko medosno razdaljo 580 mm in zlo\u017eljivo naslonjalo za hrbet. Je bolj kompakten in okreten kot prej\u0161nji model, hkrati pa ohranja svojo paleto konfiguracij z mo\u017enostma sede\u017ea Sling (osnovni) in Captain (anatomsko oblikovani). Mo\u017enost elektri\u010dnega nastavitev naklona sede\u017ea in hrbti\u0161\u010da.","og_url":"https:\/\/www.mivam.com\/izdelek\/novi-blazer-sling-invalidski-vozicek-karma-europe\/","og_site_name":"Mi Vam","article_modified_time":"2025-05-13T10:58:53+00:00","og_image":[{"width":1200,"height":900,"url":"https:\/\/www.mivam.com\/wp-content\/uploads\/2023\/07\/blazer-sling-naslovka.jpg","type":"image\/jpeg"}],"twitter_card":"summary_large_image","twitter_misc":{"Est. reading time":"5 minutes"},"schema":{"@context":"https:\/\/schema.org","@graph":[{"@type":"WebPage","@id":"https:\/\/www.mivam.com\/izdelek\/novi-blazer-sling-invalidski-vozicek-karma-europe\/","url":"https:\/\/www.mivam.com\/izdelek\/novi-blazer-sling-invalidski-vozicek-karma-europe\/","name":"Blazer Sling invalidski vozi\u010dek - KARMA Europe - Mi Vam","isPartOf":{"@id":"https:\/\/www.mivam.com\/#website"},"primaryImageOfPage":{"@id":"https:\/\/www.mivam.com\/izdelek\/novi-blazer-sling-invalidski-vozicek-karma-europe\/#primaryimage"},"image":{"@id":"https:\/\/www.mivam.com\/izdelek\/novi-blazer-sling-invalidski-vozicek-karma-europe\/#primaryimage"},"thumbnailUrl":"https:\/\/www.mivam.com\/wp-content\/uploads\/2023\/07\/blazer-sling-naslovka.jpg","datePublished":"2023-07-19T18:57:39+00:00","dateModified":"2025-05-13T10:58:53+00:00","description":"Kompaktna in prijaznej\u0161a re\u0161itev S popolnoma novim videzom in premi\u0161ljenimi nadgradnjami novi Blazer zdaj ponuja izjemno ozko medosno razdaljo 580 mm in zlo\u017eljivo naslonjalo za hrbet. Je bolj kompakten in okreten kot prej\u0161nji model, hkrati pa ohranja svojo paleto konfiguracij z mo\u017enostma sede\u017ea Sling (osnovni) in Captain (anatomsko oblikovani). Mo\u017enost elektri\u010dnega nastavitev naklona sede\u017ea in hrbti\u0161\u010da.","breadcrumb":{"@id":"https:\/\/www.mivam.com\/izdelek\/novi-blazer-sling-invalidski-vozicek-karma-europe\/#breadcrumb"},"inLanguage":"en-US","potentialAction":[{"@type":"ReadAction","target":["https:\/\/www.mivam.com\/izdelek\/novi-blazer-sling-invalidski-vozicek-karma-europe\/"]}]},{"@type":"ImageObject","inLanguage":"en-US","@id":"https:\/\/www.mivam.com\/izdelek\/novi-blazer-sling-invalidski-vozicek-karma-europe\/#primaryimage","url":"https:\/\/www.mivam.com\/wp-content\/uploads\/2023\/07\/blazer-sling-naslovka.jpg","contentUrl":"https:\/\/www.mivam.com\/wp-content\/uploads\/2023\/07\/blazer-sling-naslovka.jpg","width":1200,"height":900},{"@type":"BreadcrumbList","@id":"https:\/\/www.mivam.com\/izdelek\/novi-blazer-sling-invalidski-vozicek-karma-europe\/#breadcrumb","itemListElement":[{"@type":"ListItem","position":1,"name":"Domov","item":"https:\/\/www.mivam.com\/"},{"@type":"ListItem","position":2,"name":"Shop","item":"https:\/\/www.mivam.com\/en\/shop\/"},{"@type":"ListItem","position":3,"name":"Invalidski vozi\u010dki in skuterji","item":"https:\/\/www.mivam.com\/kategorija-izdelka\/invalidski-vozicki-in-skuterji\/"},{"@type":"ListItem","position":4,"name":"Invalidski vozi\u010dki na elektromotorni pogon","item":"https:\/\/www.mivam.com\/kategorija-izdelka\/invalidski-vozicki-in-skuterji\/invalidski-vozicki-na-elektromotorni-pogon\/"},{"@type":"ListItem","position":5,"name":"Blazer Sling invalidski vozi\u010dek &#8211; KARMA Europe"}]},{"@type":"WebSite","@id":"https:\/\/www.mivam.com\/#website","url":"https:\/\/www.mivam.com\/","name":"Mi Vam","description":"Medicinski pripomo\u010dki in re\u0161itve za manj odvisno \u017eivljenje.","potentialAction":[{"@type":"SearchAction","target":{"@type":"EntryPoint","urlTemplate":"https:\/\/www.mivam.com\/?s={search_term_string}"},"query-input":{"@type":"PropertyValueSpecification","valueRequired":true,"valueName":"search_term_string"}}],"inLanguage":"en-US"}]}},"_links":{"self":[{"href":"https:\/\/www.mivam.com\/en\/wp-json\/wp\/v2\/product\/3285","targetHints":{"allow":["GET"]}}],"collection":[{"href":"https:\/\/www.mivam.com\/en\/wp-json\/wp\/v2\/product"}],"about":[{"href":"https:\/\/www.mivam.com\/en\/wp-json\/wp\/v2\/types\/product"}],"replies":[{"embeddable":true,"href":"https:\/\/www.mivam.com\/en\/wp-json\/wp\/v2\/comments?post=3285"}],"wp:featuredmedia":[{"embeddable":true,"href":"https:\/\/www.mivam.com\/en\/wp-json\/wp\/v2\/media\/3290"}],"wp:attachment":[{"href":"https:\/\/www.mivam.com\/en\/wp-json\/wp\/v2\/media?parent=3285"}],"wp:term":[{"taxonomy":"product_brand","embeddable":true,"href":"https:\/\/www.mivam.com\/en\/wp-json\/wp\/v2\/product_brand?post=3285"},{"taxonomy":"product_cat","embeddable":true,"href":"https:\/\/www.mivam.com\/en\/wp-json\/wp\/v2\/product_cat?post=3285"},{"taxonomy":"product_tag","embeddable":true,"href":"https:\/\/www.mivam.com\/en\/wp-json\/wp\/v2\/product_tag?post=3285"}],"curies":[{"name":"wp","href":"https:\/\/api.w.org\/{rel}","templated":true}]}}