{"id":3255,"date":"2023-07-19T19:24:47","date_gmt":"2023-07-19T17:24:47","guid":{"rendered":"https:\/\/www.mivam.com\/?post_type=product&#038;p=3255"},"modified":"2025-05-14T11:02:09","modified_gmt":"2025-05-14T09:02:09","slug":"morgan-m-versus-invalidski-vozicek-karma-europe","status":"publish","type":"product","link":"https:\/\/www.mivam.com\/en\/izdelek\/morgan-m-versus-invalidski-vozicek-karma-europe\/","title":{"rendered":"Morgan M Versus invalidski vozi\u010dek &#8211; KARMA Europe"},"content":{"rendered":"<div class=\"wpb-content-wrapper\"><p>[vc_row][vc_column][vc_empty_space height=&#8221;40px&#8221;][vc_row_inner][vc_column_inner width=&#8221;1\/2&#8243;][vc_column_text]<strong>Primerno za:<\/strong><\/p>\n<ul>\n<li>Uporabniki s srednjimi do visokimi potrebami prilagoditve vozi\u010dka, s sede\u017enimi komponentami, ki ustrezajo njihovim spreminjajo\u010dim se pogojem.<\/li>\n<li>Enostaven za nadgradnjo, primeren za notranjo\/zunanjo uporabo.<\/li>\n<\/ul>\n<p><strong>Ogrodje<\/strong><\/p>\n<ul>\n<li>Ogrodje Morgan M<\/li>\n<li>Zmogljiv pogona na srednja kolesa<\/li>\n<\/ul>\n<p><strong>Najbolj\u0161a vozna zmogljivost v razredu<\/strong><\/p>\n<p>Tihi, a zmogljivi visokozmogljivi motorji zagotavljajo neverjetno zmogljivost na prostem z 51 km (nem\u0161ki motor AMT) dosegom in najve\u010djo hitrostjo 12 km\/h. Ko gre za uporabo v zaprtih prostorih, je zaradi ozke skupne \u0161irine 600 mm in radija obra\u010danja 700 mm Morgan M okreten navigator.<\/p>\n<p><strong>Prijazen za vzdr\u017eevanje<\/strong><\/p>\n<p>Morgan M smo zasnovali dolgoro\u010dno z mislijo na poprodajne storitve in prilagoditve. Na primer, tehniki lahko zamenjajo baterije, medtem ko uporabnik ostane udobno sede\u010d v invalidskem vozi\u010dku, ali naknadno namestijo sistem razsvetljave na predhodno o\u017ei\u010deno ohi\u0161je.\u200b<\/p>\n<p><strong>Sistem neodvisnega vzmetenja s \u0161estimi kolesi<\/strong><\/p>\n<p>Sistem vzmetenja enakomerno porazdeli in absorbira udarce pri vo\u017enji po neravnih povr\u0161inah in ovirah do 75 mm za gladko vo\u017enjo.[\/vc_column_text][\/vc_column_inner][vc_column_inner width=&#8221;1\/2&#8243;][vc_single_image image=&#8221;3268&#8243; img_size=&#8221;large&#8221;][\/vc_column_inner][\/vc_row_inner][vc_empty_space height=&#8221;60px&#8221;][\/vc_column][\/vc_row][vc_row full_width=&#8221;stretch_row&#8221; css=&#8221;.vc_custom_1689764110870{background-color: #f8f9fa !important;}&#8221;][vc_column][vc_empty_space height=&#8221;60px&#8221;][vc_row_inner][vc_column_inner][vc_video link=&#8221;https:\/\/www.youtube.com\/watch?v=H70VgJge5GE&#8221; align=&#8221;center&#8221;][\/vc_column_inner][\/vc_row_inner][vc_empty_space height=&#8221;60px&#8221;][\/vc_column][\/vc_row][vc_row full_width=&#8221;stretch_row&#8221;][vc_column][vc_empty_space height=&#8221;60px&#8221;][vc_column_text]<\/p>\n<h3>Najve\u010dja vsestranskost<\/h3>\n<p>Poleg nagrajenega sede\u017ea Lectus lahko Karmin okvir Versus sprejme hrbtne naslone drugih proizvajalcev, kot so NXT, Lewis in V-Trak, za ustvarjanje popolne uporabni\u0161ke izku\u0161nje.\u200b[\/vc_column_text][vc_empty_space height=&#8221;60px&#8221;][\/vc_column][\/vc_row][vc_row full_width=&#8221;stretch_row&#8221; css=&#8221;.vc_custom_1689790744934{background-color: #f8f9fa !important;}&#8221;][vc_column][vc_empty_space height=&#8221;60px&#8221;][vc_row_inner][vc_column_inner width=&#8221;1\/2&#8243;][vc_column_text]<\/p>\n<h3>Ve\u010d funkcij elektri\u010dnega pozicioniranja<\/h3>\n<ul>\n<li>300 mm Power dvig<\/li>\n<li>45\u00b0 Power nagib<\/li>\n<li>135\u00b0 Power naklonna<\/li>\n<li>Biomehanski elektri\u010dno nastavljivi nasloni za noge<\/li>\n<\/ul>\n<p>[\/vc_column_text][\/vc_column_inner][vc_column_inner width=&#8221;1\/2&#8243;][vc_column_text]<\/p>\n<div style=\"width: 640px;\" class=\"wp-video\"><!--[if lt IE 9]><script>document.createElement('video');<\/script><![endif]-->\n<video class=\"wp-video-shortcode\" id=\"video-3255-1\" width=\"640\" height=\"360\" poster=\"https:\/\/www.mivam.com\/wp-content\/uploads\/2023\/07\/morgan-m-bk-video.jpg\" preload=\"metadata\" controls=\"controls\"><source type=\"video\/mp4\" src=\"https:\/\/www.mivam.com\/wp-content\/uploads\/2023\/07\/morgan-m-4-power-positioning.mp4?_=1\" \/><a href=\"https:\/\/www.mivam.com\/wp-content\/uploads\/2023\/07\/morgan-m-4-power-positioning.mp4\">https:\/\/www.mivam.com\/wp-content\/uploads\/2023\/07\/morgan-m-4-power-positioning.mp4<\/a><\/video><\/div>\n<p>[\/vc_column_text][\/vc_column_inner][\/vc_row_inner][vc_empty_space height=&#8221;60px&#8221;][\/vc_column][\/vc_row][vc_row full_width=&#8221;stretch_row&#8221;][vc_column][vc_empty_space height=&#8221;60px&#8221;][vc_row_inner][vc_column_inner width=&#8221;1\/2&#8243;][vc_column_text]<\/p>\n<h3>\u0160irok nabor mo\u017enosti in dodatkov<\/h3>\n<p><strong>Nasloni za glavo<br \/>\n<\/strong>Naslon za glavo Lectus, Oblikovan naslon za glavo, Ve\u010dkrat nastavljiv naslon za glavo<\/p>\n<p><strong>Nasloni za roke<br \/>\n<\/strong>Naslon za roke v obliki ladje, Contour naslon za roke, Lectus naslon za roke<strong><br \/>\n<\/strong><\/p>\n<p><strong>Nasloni za roke &#8211; nosilci<br \/>\n<\/strong>T-bar naslon za roke, Preklopni naslon za roke &#8211; pritrditev na okvir sede\u017ea, Preklopni naslon za roke &#8211; pritrditev nosilca na hrbtni naslon<strong><br \/>\n<\/strong><\/p>\n<p><strong>Pasovi za pozicioniranje medenice<br \/>\n<\/strong>Medeni\u010dni pas &#8211; sponka, Medeni\u010dni pas &#8211; samodejni umik<strong><br \/>\n<\/strong><\/p>\n<p><strong>Nasloni za noge (podno\u017eniki)<br \/>\n<\/strong>Elektri\u010dno odmi\u010dni podno\u017eniki, Ro\u010dno odmi\u010dni podno\u017eniki<strong><br \/>\n<\/strong><\/p>\n<p><strong>Elektronika in krmilniki<br \/>\n<\/strong>R-net \/ CJSM, VR2, Upravljanje z mizo, Krmilna ro\u010dica Flip-Up<strong><br \/>\n<\/strong><\/p>\n<p><strong>Podpore<br \/>\n<\/strong>Kolenska podpora, Podpazdu\u0161ne opore, Bo\u010dna podpora, Ledvena opora, Stranske plo\u0161\u010de globoki Contour, Podpore za trup<strong><br \/>\n<\/strong><\/p>\n<p><strong>Drugi dodatki<br \/>\n<\/strong>Reflektor, Kljuke za nahrbtnike, Mizica, Nosilec komande vzporednega zasuka<strong><br \/>\n<\/strong>[\/vc_column_text][\/vc_column_inner][vc_column_inner width=&#8221;1\/2&#8243;][vc_empty_space height=&#8221;60px&#8221;][vc_single_image image=&#8221;3271&#8243; img_size=&#8221;large&#8221;][\/vc_column_inner][\/vc_row_inner][vc_empty_space height=&#8221;60px&#8221;][\/vc_column][\/vc_row][vc_row full_width=&#8221;stretch_row&#8221; css=&#8221;.vc_custom_1689764110870{background-color: #f8f9fa !important;}&#8221;][vc_column][vc_empty_space height=&#8221;60px&#8221;][vc_column_text]<\/p>\n<h3 style=\"text-align: center\">Video predstavitev invalidskega vozi\u010dka na elektromotorni pogon Morgan M Versus:<\/h3>\n<p>[\/vc_column_text][vc_row_inner][vc_column_inner][vc_video link=&#8221;https:\/\/www.youtube.com\/watch?v=_UGVX5pUkHc&#8221; align=&#8221;center&#8221;][\/vc_column_inner][\/vc_row_inner][vc_empty_space height=&#8221;60px&#8221;][\/vc_column][\/vc_row][vc_row full_width=&#8221;stretch_row&#8221; css=&#8221;.vc_custom_1689764133023{background-color: #f8f9fa !important;}&#8221;][vc_column][vc_empty_space height=&#8221;60px&#8221;][vc_column_text]<\/p>\n<h3 style=\"text-align: center\">Barve ohi\u0161ja<\/h3>\n<p>[\/vc_column_text][vc_row_inner][vc_column_inner width=&#8221;1\/5&#8243;][\/vc_column_inner][vc_column_inner width=&#8221;1\/5&#8243;][vc_single_image image=&#8221;3258&#8243; img_size=&#8221;large&#8221; alignment=&#8221;center&#8221;][vc_single_image image=&#8221;3180&#8243; alignment=&#8221;center&#8221;][vc_column_text]<\/p>\n<p style=\"text-align: center\">Oran\u017ena<\/p>\n<p>[\/vc_column_text][\/vc_column_inner][vc_column_inner width=&#8221;1\/5&#8243;][vc_single_image image=&#8221;3260&#8243; img_size=&#8221;large&#8221; alignment=&#8221;center&#8221;][vc_single_image image=&#8221;3178&#8243; alignment=&#8221;center&#8221;][vc_column_text]<\/p>\n<p style=\"text-align: center\">Bela<\/p>\n<p>[\/vc_column_text][\/vc_column_inner][vc_column_inner width=&#8221;1\/5&#8243;][vc_single_image image=&#8221;3259&#8243; img_size=&#8221;large&#8221; alignment=&#8221;center&#8221;][vc_single_image image=&#8221;3179&#8243; alignment=&#8221;center&#8221;][vc_column_text]<\/p>\n<p style=\"text-align: center\">Srebrno \u010drna<\/p>\n<p>[\/vc_column_text][\/vc_column_inner][vc_column_inner width=&#8221;1\/5&#8243;][\/vc_column_inner][\/vc_row_inner][vc_empty_space height=&#8221;60px&#8221;][\/vc_column][\/vc_row][vc_row][vc_column][vc_empty_space height=&#8221;60px&#8221;][vc_column_text]<\/p>\n<h3 style=\"text-align: center\">Bro\u0161ura dodatkov<\/h3>\n<p>[\/vc_column_text][vc_btn title=&#8221;Top Line Karma Medical Power dodatki za invalidske vozi\u010dke.pdf&#8221; shape=&#8221;round&#8221; color=&#8221;primary&#8221; align=&#8221;center&#8221; link=&#8221;url:https%3A%2F%2Fwww.mivam.com%2Fwp-content%2Fuploads%2F2023%2F07%2Ftop-line-karma-medical-power-wheelchair-accessories.pdf||target:%20_blank|&#8221;][vc_empty_space height=&#8221;60px&#8221;][\/vc_column][\/vc_row]<\/p>\n<\/div>","protected":false},"excerpt":{"rendered":"<p><strong>Najbolj\u0161a zmogljivost v notranjih prostorih in na prostem v svojem razredu.<\/strong><\/p>\n<p>Morgan M je elektri\u010dni invalidski vozi\u010dek s srednjim pogonom za notranjo in zunanjo uporabo, ki je zdru\u017eljiv z enim najbolj vsestranskih sistemov sede\u017eev na trgu: <strong>sistem sede\u017eev Versus<\/strong>.<\/p>\n<p>Sede\u017eni sistem Versus je bil zasnovan za uporabnike invalidskih vozi\u010dkov, pri katerih je bila napovedana napredujo\u010de ali izbolj\u0161anje zdravstvenega stanja, zaradi katere se lahko njihovo stanje s\u010dasoma spremeni. Morgan M je zdru\u017eljiv tudi s preprostej\u0161im sede\u017enim sistemom KARMA Sling za uporabnike, ki i\u0161\u010dejo enostavno udobje in podporo.<\/p>\n","protected":false},"featured_media":3261,"comment_status":"closed","ping_status":"closed","template":"","meta":[],"product_brand":[],"product_cat":[222,35],"product_tag":[202,203,204,116,205,117,137,201,45,194],"class_list":{"0":"post-3255","1":"product","2":"type-product","3":"status-publish","4":"has-post-thumbnail","6":"product_cat-invalidski-vozicki-in-skuterji","7":"product_cat-invalidski-vozicki-na-elektromotorni-pogon","8":"product_tag-202","9":"product_tag-203","10":"product_tag-204","11":"product_tag-elektricni","12":"product_tag-elektricni-vozicek","13":"product_tag-elektromotorni","14":"product_tag-elektromotorni-vozicek","15":"product_tag-invalidski","16":"product_tag-invalidski-vozicek","17":"product_tag-vozicek","19":"first","20":"onbackorder","21":"taxable","22":"shipping-taxable","23":"product-type-simple"},"yoast_head":"<!-- This site is optimized with the Yoast SEO plugin v24.0 - https:\/\/yoast.com\/wordpress\/plugins\/seo\/ -->\n<title>Morgan M Versus invalidski vozi\u010dek - KARMA Europe - Mi Vam<\/title>\n<meta name=\"description\" content=\"Najbolj\u0161a zmogljivost v notranjih prostorih in na prostem v svojem razredu.  Morgan M je elektri\u010dni invalidski vozi\u010dek s srednjim pogonom za notranjo in zunanjo uporabo, ki je zdru\u017eljiv z enim najbolj vsestranskih sistemov sede\u017eev na trgu: sistem sede\u017eev Versus.  Sede\u017eni sistem Versus je bil zasnovan za uporabnike invalidskih vozi\u010dkov, pri katerih je bila napovedana napredujo\u010de ali izbolj\u0161anje zdravstvenega stanja, zaradi katere se lahko njihovo stanje s\u010dasoma spremeni. Morgan M je zdru\u017eljiv tudi s preprostej\u0161im sede\u017enim sistemom KARMA Sling za uporabnike, ki i\u0161\u010dejo enostavno udobje in podporo.\" \/>\n<meta name=\"robots\" content=\"index, follow, max-snippet:-1, max-image-preview:large, max-video-preview:-1\" \/>\n<link rel=\"canonical\" href=\"https:\/\/www.mivam.com\/izdelek\/morgan-m-versus-invalidski-vozicek-karma-europe\/\" \/>\n<meta property=\"og:locale\" content=\"en_US\" \/>\n<meta property=\"og:type\" content=\"article\" \/>\n<meta property=\"og:title\" content=\"Morgan M Versus invalidski vozi\u010dek - KARMA Europe - Mi Vam\" \/>\n<meta property=\"og:description\" content=\"Najbolj\u0161a zmogljivost v notranjih prostorih in na prostem v svojem razredu.  Morgan M je elektri\u010dni invalidski vozi\u010dek s srednjim pogonom za notranjo in zunanjo uporabo, ki je zdru\u017eljiv z enim najbolj vsestranskih sistemov sede\u017eev na trgu: sistem sede\u017eev Versus.  Sede\u017eni sistem Versus je bil zasnovan za uporabnike invalidskih vozi\u010dkov, pri katerih je bila napovedana napredujo\u010de ali izbolj\u0161anje zdravstvenega stanja, zaradi katere se lahko njihovo stanje s\u010dasoma spremeni. Morgan M je zdru\u017eljiv tudi s preprostej\u0161im sede\u017enim sistemom KARMA Sling za uporabnike, ki i\u0161\u010dejo enostavno udobje in podporo.\" \/>\n<meta property=\"og:url\" content=\"https:\/\/www.mivam.com\/izdelek\/morgan-m-versus-invalidski-vozicek-karma-europe\/\" \/>\n<meta property=\"og:site_name\" content=\"Mi Vam\" \/>\n<meta property=\"article:modified_time\" content=\"2025-05-14T09:02:09+00:00\" \/>\n<meta property=\"og:image\" content=\"https:\/\/www.mivam.com\/wp-content\/uploads\/2023\/07\/morgan-m-versus-naslovka.jpg\" \/>\n\t<meta property=\"og:image:width\" content=\"1200\" \/>\n\t<meta property=\"og:image:height\" content=\"900\" \/>\n\t<meta property=\"og:image:type\" content=\"image\/jpeg\" \/>\n<meta name=\"twitter:card\" content=\"summary_large_image\" \/>\n<meta name=\"twitter:label1\" content=\"Est. reading time\" \/>\n\t<meta name=\"twitter:data1\" content=\"5 minutes\" \/>\n<script type=\"application\/ld+json\" class=\"yoast-schema-graph\">{\"@context\":\"https:\/\/schema.org\",\"@graph\":[{\"@type\":\"WebPage\",\"@id\":\"https:\/\/www.mivam.com\/izdelek\/morgan-m-versus-invalidski-vozicek-karma-europe\/\",\"url\":\"https:\/\/www.mivam.com\/izdelek\/morgan-m-versus-invalidski-vozicek-karma-europe\/\",\"name\":\"Morgan M Versus invalidski vozi\u010dek - KARMA Europe - Mi Vam\",\"isPartOf\":{\"@id\":\"https:\/\/www.mivam.com\/#website\"},\"primaryImageOfPage\":{\"@id\":\"https:\/\/www.mivam.com\/izdelek\/morgan-m-versus-invalidski-vozicek-karma-europe\/#primaryimage\"},\"image\":{\"@id\":\"https:\/\/www.mivam.com\/izdelek\/morgan-m-versus-invalidski-vozicek-karma-europe\/#primaryimage\"},\"thumbnailUrl\":\"https:\/\/www.mivam.com\/wp-content\/uploads\/2023\/07\/morgan-m-versus-naslovka.jpg\",\"datePublished\":\"2023-07-19T17:24:47+00:00\",\"dateModified\":\"2025-05-14T09:02:09+00:00\",\"description\":\"Najbolj\u0161a zmogljivost v notranjih prostorih in na prostem v svojem razredu. Morgan M je elektri\u010dni invalidski vozi\u010dek s srednjim pogonom za notranjo in zunanjo uporabo, ki je zdru\u017eljiv z enim najbolj vsestranskih sistemov sede\u017eev na trgu: sistem sede\u017eev Versus. Sede\u017eni sistem Versus je bil zasnovan za uporabnike invalidskih vozi\u010dkov, pri katerih je bila napovedana napredujo\u010de ali izbolj\u0161anje zdravstvenega stanja, zaradi katere se lahko njihovo stanje s\u010dasoma spremeni. Morgan M je zdru\u017eljiv tudi s preprostej\u0161im sede\u017enim sistemom KARMA Sling za uporabnike, ki i\u0161\u010dejo enostavno udobje in podporo.\",\"breadcrumb\":{\"@id\":\"https:\/\/www.mivam.com\/izdelek\/morgan-m-versus-invalidski-vozicek-karma-europe\/#breadcrumb\"},\"inLanguage\":\"en-US\",\"potentialAction\":[{\"@type\":\"ReadAction\",\"target\":[\"https:\/\/www.mivam.com\/izdelek\/morgan-m-versus-invalidski-vozicek-karma-europe\/\"]}]},{\"@type\":\"ImageObject\",\"inLanguage\":\"en-US\",\"@id\":\"https:\/\/www.mivam.com\/izdelek\/morgan-m-versus-invalidski-vozicek-karma-europe\/#primaryimage\",\"url\":\"https:\/\/www.mivam.com\/wp-content\/uploads\/2023\/07\/morgan-m-versus-naslovka.jpg\",\"contentUrl\":\"https:\/\/www.mivam.com\/wp-content\/uploads\/2023\/07\/morgan-m-versus-naslovka.jpg\",\"width\":1200,\"height\":900},{\"@type\":\"BreadcrumbList\",\"@id\":\"https:\/\/www.mivam.com\/izdelek\/morgan-m-versus-invalidski-vozicek-karma-europe\/#breadcrumb\",\"itemListElement\":[{\"@type\":\"ListItem\",\"position\":1,\"name\":\"Domov\",\"item\":\"https:\/\/www.mivam.com\/\"},{\"@type\":\"ListItem\",\"position\":2,\"name\":\"Shop\",\"item\":\"https:\/\/www.mivam.com\/en\/shop\/\"},{\"@type\":\"ListItem\",\"position\":3,\"name\":\"Invalidski vozi\u010dki in skuterji\",\"item\":\"https:\/\/www.mivam.com\/kategorija-izdelka\/invalidski-vozicki-in-skuterji\/\"},{\"@type\":\"ListItem\",\"position\":4,\"name\":\"Invalidski vozi\u010dki na elektromotorni pogon\",\"item\":\"https:\/\/www.mivam.com\/kategorija-izdelka\/invalidski-vozicki-in-skuterji\/invalidski-vozicki-na-elektromotorni-pogon\/\"},{\"@type\":\"ListItem\",\"position\":5,\"name\":\"Morgan M Versus invalidski vozi\u010dek &#8211; KARMA Europe\"}]},{\"@type\":\"WebSite\",\"@id\":\"https:\/\/www.mivam.com\/#website\",\"url\":\"https:\/\/www.mivam.com\/\",\"name\":\"Mi Vam\",\"description\":\"Medicinski pripomo\u010dki in re\u0161itve za manj odvisno \u017eivljenje.\",\"potentialAction\":[{\"@type\":\"SearchAction\",\"target\":{\"@type\":\"EntryPoint\",\"urlTemplate\":\"https:\/\/www.mivam.com\/?s={search_term_string}\"},\"query-input\":{\"@type\":\"PropertyValueSpecification\",\"valueRequired\":true,\"valueName\":\"search_term_string\"}}],\"inLanguage\":\"en-US\"}]}<\/script>\n<!-- \/ Yoast SEO plugin. -->","yoast_head_json":{"title":"Morgan M Versus invalidski vozi\u010dek - KARMA Europe - Mi Vam","description":"Najbolj\u0161a zmogljivost v notranjih prostorih in na prostem v svojem razredu.  Morgan M je elektri\u010dni invalidski vozi\u010dek s srednjim pogonom za notranjo in zunanjo uporabo, ki je zdru\u017eljiv z enim najbolj vsestranskih sistemov sede\u017eev na trgu: sistem sede\u017eev Versus.  Sede\u017eni sistem Versus je bil zasnovan za uporabnike invalidskih vozi\u010dkov, pri katerih je bila napovedana napredujo\u010de ali izbolj\u0161anje zdravstvenega stanja, zaradi katere se lahko njihovo stanje s\u010dasoma spremeni. Morgan M je zdru\u017eljiv tudi s preprostej\u0161im sede\u017enim sistemom KARMA Sling za uporabnike, ki i\u0161\u010dejo enostavno udobje in podporo.","robots":{"index":"index","follow":"follow","max-snippet":"max-snippet:-1","max-image-preview":"max-image-preview:large","max-video-preview":"max-video-preview:-1"},"canonical":"https:\/\/www.mivam.com\/izdelek\/morgan-m-versus-invalidski-vozicek-karma-europe\/","og_locale":"en_US","og_type":"article","og_title":"Morgan M Versus invalidski vozi\u010dek - KARMA Europe - Mi Vam","og_description":"Najbolj\u0161a zmogljivost v notranjih prostorih in na prostem v svojem razredu.  Morgan M je elektri\u010dni invalidski vozi\u010dek s srednjim pogonom za notranjo in zunanjo uporabo, ki je zdru\u017eljiv z enim najbolj vsestranskih sistemov sede\u017eev na trgu: sistem sede\u017eev Versus.  Sede\u017eni sistem Versus je bil zasnovan za uporabnike invalidskih vozi\u010dkov, pri katerih je bila napovedana napredujo\u010de ali izbolj\u0161anje zdravstvenega stanja, zaradi katere se lahko njihovo stanje s\u010dasoma spremeni. Morgan M je zdru\u017eljiv tudi s preprostej\u0161im sede\u017enim sistemom KARMA Sling za uporabnike, ki i\u0161\u010dejo enostavno udobje in podporo.","og_url":"https:\/\/www.mivam.com\/izdelek\/morgan-m-versus-invalidski-vozicek-karma-europe\/","og_site_name":"Mi Vam","article_modified_time":"2025-05-14T09:02:09+00:00","og_image":[{"width":1200,"height":900,"url":"https:\/\/www.mivam.com\/wp-content\/uploads\/2023\/07\/morgan-m-versus-naslovka.jpg","type":"image\/jpeg"}],"twitter_card":"summary_large_image","twitter_misc":{"Est. reading time":"5 minutes"},"schema":{"@context":"https:\/\/schema.org","@graph":[{"@type":"WebPage","@id":"https:\/\/www.mivam.com\/izdelek\/morgan-m-versus-invalidski-vozicek-karma-europe\/","url":"https:\/\/www.mivam.com\/izdelek\/morgan-m-versus-invalidski-vozicek-karma-europe\/","name":"Morgan M Versus invalidski vozi\u010dek - KARMA Europe - Mi Vam","isPartOf":{"@id":"https:\/\/www.mivam.com\/#website"},"primaryImageOfPage":{"@id":"https:\/\/www.mivam.com\/izdelek\/morgan-m-versus-invalidski-vozicek-karma-europe\/#primaryimage"},"image":{"@id":"https:\/\/www.mivam.com\/izdelek\/morgan-m-versus-invalidski-vozicek-karma-europe\/#primaryimage"},"thumbnailUrl":"https:\/\/www.mivam.com\/wp-content\/uploads\/2023\/07\/morgan-m-versus-naslovka.jpg","datePublished":"2023-07-19T17:24:47+00:00","dateModified":"2025-05-14T09:02:09+00:00","description":"Najbolj\u0161a zmogljivost v notranjih prostorih in na prostem v svojem razredu. Morgan M je elektri\u010dni invalidski vozi\u010dek s srednjim pogonom za notranjo in zunanjo uporabo, ki je zdru\u017eljiv z enim najbolj vsestranskih sistemov sede\u017eev na trgu: sistem sede\u017eev Versus. Sede\u017eni sistem Versus je bil zasnovan za uporabnike invalidskih vozi\u010dkov, pri katerih je bila napovedana napredujo\u010de ali izbolj\u0161anje zdravstvenega stanja, zaradi katere se lahko njihovo stanje s\u010dasoma spremeni. Morgan M je zdru\u017eljiv tudi s preprostej\u0161im sede\u017enim sistemom KARMA Sling za uporabnike, ki i\u0161\u010dejo enostavno udobje in podporo.","breadcrumb":{"@id":"https:\/\/www.mivam.com\/izdelek\/morgan-m-versus-invalidski-vozicek-karma-europe\/#breadcrumb"},"inLanguage":"en-US","potentialAction":[{"@type":"ReadAction","target":["https:\/\/www.mivam.com\/izdelek\/morgan-m-versus-invalidski-vozicek-karma-europe\/"]}]},{"@type":"ImageObject","inLanguage":"en-US","@id":"https:\/\/www.mivam.com\/izdelek\/morgan-m-versus-invalidski-vozicek-karma-europe\/#primaryimage","url":"https:\/\/www.mivam.com\/wp-content\/uploads\/2023\/07\/morgan-m-versus-naslovka.jpg","contentUrl":"https:\/\/www.mivam.com\/wp-content\/uploads\/2023\/07\/morgan-m-versus-naslovka.jpg","width":1200,"height":900},{"@type":"BreadcrumbList","@id":"https:\/\/www.mivam.com\/izdelek\/morgan-m-versus-invalidski-vozicek-karma-europe\/#breadcrumb","itemListElement":[{"@type":"ListItem","position":1,"name":"Domov","item":"https:\/\/www.mivam.com\/"},{"@type":"ListItem","position":2,"name":"Shop","item":"https:\/\/www.mivam.com\/en\/shop\/"},{"@type":"ListItem","position":3,"name":"Invalidski vozi\u010dki in skuterji","item":"https:\/\/www.mivam.com\/kategorija-izdelka\/invalidski-vozicki-in-skuterji\/"},{"@type":"ListItem","position":4,"name":"Invalidski vozi\u010dki na elektromotorni pogon","item":"https:\/\/www.mivam.com\/kategorija-izdelka\/invalidski-vozicki-in-skuterji\/invalidski-vozicki-na-elektromotorni-pogon\/"},{"@type":"ListItem","position":5,"name":"Morgan M Versus invalidski vozi\u010dek &#8211; KARMA Europe"}]},{"@type":"WebSite","@id":"https:\/\/www.mivam.com\/#website","url":"https:\/\/www.mivam.com\/","name":"Mi Vam","description":"Medicinski pripomo\u010dki in re\u0161itve za manj odvisno \u017eivljenje.","potentialAction":[{"@type":"SearchAction","target":{"@type":"EntryPoint","urlTemplate":"https:\/\/www.mivam.com\/?s={search_term_string}"},"query-input":{"@type":"PropertyValueSpecification","valueRequired":true,"valueName":"search_term_string"}}],"inLanguage":"en-US"}]}},"_links":{"self":[{"href":"https:\/\/www.mivam.com\/en\/wp-json\/wp\/v2\/product\/3255","targetHints":{"allow":["GET"]}}],"collection":[{"href":"https:\/\/www.mivam.com\/en\/wp-json\/wp\/v2\/product"}],"about":[{"href":"https:\/\/www.mivam.com\/en\/wp-json\/wp\/v2\/types\/product"}],"replies":[{"embeddable":true,"href":"https:\/\/www.mivam.com\/en\/wp-json\/wp\/v2\/comments?post=3255"}],"wp:featuredmedia":[{"embeddable":true,"href":"https:\/\/www.mivam.com\/en\/wp-json\/wp\/v2\/media\/3261"}],"wp:attachment":[{"href":"https:\/\/www.mivam.com\/en\/wp-json\/wp\/v2\/media?parent=3255"}],"wp:term":[{"taxonomy":"product_brand","embeddable":true,"href":"https:\/\/www.mivam.com\/en\/wp-json\/wp\/v2\/product_brand?post=3255"},{"taxonomy":"product_cat","embeddable":true,"href":"https:\/\/www.mivam.com\/en\/wp-json\/wp\/v2\/product_cat?post=3255"},{"taxonomy":"product_tag","embeddable":true,"href":"https:\/\/www.mivam.com\/en\/wp-json\/wp\/v2\/product_tag?post=3255"}],"curies":[{"name":"wp","href":"https:\/\/api.w.org\/{rel}","templated":true}]}}